{"id":146454,"date":"2023-05-14T14:11:00","date_gmt":"2023-05-14T14:11:00","guid":{"rendered":"http:\/\/talkpal.ai\/gramatica-cazaque\/"},"modified":"2025-12-17T17:18:13","modified_gmt":"2025-12-17T17:18:13","slug":"gramatica-cazaque","status":"publish","type":"page","link":"https:\/\/talkpal.ai\/pt-br\/gramatica-cazaque\/","title":{"rendered":"Gram\u00e1tica Cazaque"},"content":{"rendered":"\r\n\r\n\r\n<section class=\"languageChallengeSection\">\r\n    <div class=\"languageInfoWrapper\">\r\n        \r\n        <h1>Gram\u00e1tica Cazaque<\/h1>\r\n        <p>Aprender <a href=\"https:\/\/talkpal.ai\/learn-kazakh\/\">cazaque<\/a> abre as portas para um idioma rico em hist\u00f3ria e cultura, e em seu cerne est\u00e1 um sistema gramatical fascinante. Embora a gram\u00e1tica do Cazaquist\u00e3o possa parecer complexa no in\u00edcio, a compreens\u00e3o de suas principais caracter\u00edsticas &#8211; como harmonia de vogais, casos de substantivos e tempos verbais &#8211; torna o dom\u00ednio do idioma vi\u00e1vel e gratificante. Mergulhe de cabe\u00e7a e descubra o que torna o Cazaquist\u00e3o \u00fanico!<\/p>\r\n\r\n                            <a class=\"getStartedHidden\" href=\"https:\/\/app.talkpal.ai\/pt-br\/signup?lng=\">Come\u00e7a<\/a>\r\n        \r\n    <\/div>\r\n\r\n    <figure>\r\n    <img decoding=\"async\" width=\"768\" height=\"768\" src=\"https:\/\/talkpal.ai\/wp-content\/uploads\/2023\/06\/Khazak-768x768.png\" class=\"languageImage no-lazy\" alt=\"Language learning for increased negotiation skills\" fetchpriority=\"high\" sizes=\"(max-width: 768px) 150px, 768px\" srcset=\"https:\/\/talkpal.ai\/wp-content\/uploads\/2023\/06\/Khazak-768x768.png 768w, https:\/\/talkpal.ai\/wp-content\/uploads\/2023\/06\/Khazak-300x300.png 300w\" \/>\r\n    \r\n\r\n    <\/figure>\r\n\r\n            <a class=\"getStartedVisible\" href=\"https:\/\/app.talkpal.ai\/pt-br\/signup?lng=\">Come\u00e7a<\/a>\r\n    \r\n<\/section>\r\n<section class=\"promotionalBanner\">\r\n    <p class=\"promotionalText\">A maneira mais eficiente de aprender um idioma<\/p>\r\n    <a class=\"promotionalLink\" href=\"https:\/\/app.talkpal.ai\/pt-br\/signup?lng=\">Experimente o Talkpal gratuitamente<\/a>\r\n<\/section>\n<div class=\"wp-block-group pageContainerStyle\"><div class=\"wp-block-group__inner-container is-layout-constrained wp-block-group-is-layout-constrained\">\n<h2 class=\"wp-block-heading\" id=\"h-kazakh-grammar-unlocking-the-secrets-of-the-kazakh-language\">Gram\u00e1tica Cazaque: Desvendando os Segredos da L\u00edngua Cazaque<\/h2>\n\n\n\n<p>Quando se trata de aprender a <a href=\"https:\/\/talkpal.ai\/pt-pt\/quais-paises-falam-melhor-a-lingua-cazaque\/\">l\u00edngua cazaque<\/a>, entender o b\u00e1sico da <a href=\"https:\/\/talkpal.ai\/pt-pt\/o-que-ha-de-especial-na-gramatica-cazaque\/\">gram\u00e1tica cazaque<\/a> \u00e9 essencial para desvendar seus segredos. Embora possa parecer intimidante no in\u00edcio, o sistema gramatical possui caracter\u00edsticas \u00fanicas que tornam a l\u00edngua fascinante. Este artigo procura esclarecer os principais aspectos da gram\u00e1tica do cazaque, fornecendo uma introdu\u00e7\u00e3o informal e de conversa\u00e7\u00e3o \u00e0 rica estrutura do idioma.<\/p>\n\n\n\n<h3 class=\"wp-block-heading\" id=\"h-1-nouns-harmony-in-cases-and-declensions\">1. Substantivos \u2013 Harmonia em Casos e Declina\u00e7\u00f5es<\/h3>\n\n\n\n<p>Uma das primeiras <a href=\"https:\/\/talkpal.ai\/pt-pt\/5-coisas-a-considerar-antes-de-comecar-a-aprender-letao\/\">coisas a considerar<\/a> na gram\u00e1tica do Cazaquist\u00e3o \u00e9 a estrutura do substantivo. A l\u00edngua emprega um sistema de harmonia voc\u00e1lica, onde as vogais s\u00e3o frontais ou traseiras, e combina\u00e7\u00f5es harmoniosas s\u00e3o preferidas. Este sistema liga-se aos plurais nominais, que s\u00e3o formados atrav\u00e9s de v\u00e1rios sufixos que correspondem ao grupo harm\u00f4nico do substantivo inicial.<\/p>\n\n\n\n<p>Os substantivos cazaques obedecem a sete casos: nominativo, genitivo, dativo, acusativo, locativo, ablativo e instrumental. Embora assustador no in\u00edcio, o dom\u00ednio desses casos \u00e9 crucial na forma\u00e7\u00e3o de estruturas de senten\u00e7as precisas. Os casos determinam as rela\u00e7\u00f5es entre as palavras, permitindo flexibilidade na ordem das palavras sem perder o significado.<\/p>\n\n\n\n<h3 class=\"wp-block-heading\" id=\"h-2-adjectives-agreement-and-comparison\">2. Adjetivos \u2013 Concord\u00e2ncia e Compara\u00e7\u00e3o<\/h3>\n\n\n\n<p>Os adjetivos cazaques s\u00e3o usados para descrever e fornecer mais informa\u00e7\u00f5es sobre substantivos. Eles devem concordar com o substantivo que modificam em termos de caso e n\u00famero. Al\u00e9m disso, os adjetivos podem ser comparados usando graus comparativos e superlativos, obtidos pela adi\u00e7\u00e3o de sufixos correspondentes, para transmitir diferentes n\u00edveis de \u00eanfase.<\/p>\n\n\n\n<p>Por exemplo, a palavra para &#8220;belo&#8221; em cazaque \u00e9 &#8220;\u0441\u044b\u04a3\u0448\u044b&#8221;. Ao descrever um <a href=\"https:\/\/talkpal.ai\/locations\/learn-english-in-belo-jardim\/\">belo jardim<\/a> (\u0431\u0430\u049b), a frase seria &#8220;\u0441\u044b\u04a3\u0448\u044b \u0431\u0430\u049b&#8221;. Para dizer &#8220;mais bonito&#8221;, voc\u00ea usaria &#8220;\u0441\u044b\u04a3\u0448\u044b\u0440\u0430\u049b&#8221;, enquanto &#8220;o mais bonito&#8221; seria formado usando &#8220;\u0441\u044b\u04a3\u0448\u044b&#8221;. Para dizer &#8220;o jardim mais bonito&#8221;, voc\u00ea usaria &#8220;\u0441\u044b\u04a3\u0448\u044b \u0431\u0430\u049b&#8221;.<\/p>\n\n\n\n<h3 class=\"wp-block-heading\" id=\"h-3-verbs-tense-mood-and-aspect\">3. Verbos \u2013 Tempo, Humor e Aspecto<\/h3>\n\n\n\n<p>Os verbos em cazaque retratam o tempo, o humor e o aspecto. A linguagem cont\u00e9m tr\u00eas tempos principais: passado, presente e futuro. Cada tempo tem formas distintas com base no pronome do sujeito, humor (como imperativo ou condicional) e aspecto (se a a\u00e7\u00e3o \u00e9 perfectiva, refletindo uma a\u00e7\u00e3o completa, ou imperfectiva, indicando a\u00e7\u00e3o cont\u00ednua ou habitual).<\/p>\n\n\n\n<h3 class=\"wp-block-heading\" id=\"h-4-pronouns-personal-and-demonstrative\">4. Pronomes \u2013 Pessoais e Demonstrativos<\/h3>\n\n\n\n<p>Os pronomes na <a href=\"https:\/\/talkpal.ai\/pt-pt\/o-que-ha-de-especial-na-gramatica-cazaque\/\">gram\u00e1tica cazaque<\/a> incluem variedades pessoais, possessivas, demonstrativas, interrogativas e relativas. Devem concordar em mai\u00fasculas e min\u00fasculas com o substantivo a que se referem ou substituem. Os pronomes demonstrativos, por exemplo, t\u00eam tr\u00eas formas: proximal (\u0431\u04b1\u043b), medial (\u043e\u0441\u044b) e distal (\u0430\u043d\u0430\u0443), dependendo da dist\u00e2ncia do falante.<\/p>\n\n\n\n<h3 class=\"wp-block-heading\" id=\"h-5-embracing-the-uniqueness-of-kazakh-grammar\">5. Abra\u00e7ando a singularidade da gram\u00e1tica cazaque<\/h3>\n\n\n\n<p>Quando voc\u00ea embarcar em sua jornada no idioma cazaque, lembre-se de que n\u00e3o se trata de dominar as nuances de uma s\u00f3 vez. Delicie-se em descobrir o sistema gramatical \u00fanico que diferencia o cazaque e leva tempo para entend\u00ea-lo sem se sentir sobrecarregado.<\/p>\n\n\n\n<p>Ao apreciar e explorar as peculiaridades da gram\u00e1tica do Cazaquist\u00e3o, voc\u00ea pode realmente desvendar a beleza do idioma, obtendo maior acesso \u00e0 rica heran\u00e7a cultural que ele incorpora. \u0421\u04d9\u0442\u0442\u0456 \u043e\u049b\u0443 \u2013 Feliz aprendizado!<\/p>\n<\/div><\/div>\n\r\n<section class=\"learnNavigationSection\">\r\n            \r\n        <a href=\"https:\/\/talkpal.ai\/pt-br\/aprenda-cazaque\/\">\r\n            <div class=\"learnNavigationWrapper\">\r\n                <div class=\"learnNavigationContent\">\r\n                    <img decoding=\"async\" src=\"https:\/\/talkpal.ai\/wp-content\/uploads\/2024\/08\/Kazakh.jpg\" alt=\"Kazakh Flag\">\r\n                    <div>\r\n                        <h4>Sobre o aprendizado no Cazaquist\u00e3o<\/h4>\r\n                        <p>Saiba tudo sobre a gram\u00e1tica cazaque .<\/p>\r\n                    <\/div>\r\n                <\/div>\r\n            <\/div>\r\n        <\/a>\r\n\r\n        \r\n        <a href=\"https:\/\/talkpal.ai\/pt-br\/exercicios-de-gramatica-cazaque\/\">\r\n            <div class=\"learnNavigationWrapper\">\r\n                <div class=\"learnNavigationContent\">\r\n                    <img decoding=\"async\" src=\"https:\/\/talkpal.ai\/wp-content\/uploads\/2024\/08\/Kazakh.jpg\" alt=\"Kazakh Flag\">\r\n                    <div>\r\n                        <h4>Exerc\u00edcio de gram\u00e1tica do Cazaquist\u00e3o<\/h4>\r\n                        <p>Pratique a gram\u00e1tica cazaque .<\/p>\r\n                    <\/div>\r\n                <\/div>\r\n            <\/div>\r\n        <\/a>\r\n\r\n        \r\n        <a href=\"https:\/\/talkpal.ai\/vocabulary_language\/kazakh\/\">\r\n            <div class=\"learnNavigationWrapper\">\r\n                <div class=\"learnNavigationContent\">\r\n                    <img decoding=\"async\" src=\"https:\/\/talkpal.ai\/wp-content\/uploads\/2024\/08\/Kazakh.jpg\" alt=\"Kazakh Flag\">\r\n                    <div>\r\n                        <h4>Vocabul\u00e1rio do Cazaquist\u00e3o<\/h4>\r\n                        <p>Amplie seu vocabul\u00e1rio do Cazaquist\u00e3o.<\/p>\r\n                    <\/div>\r\n                <\/div>\r\n            <\/div>\r\n        <\/a>\r\n\r\n            <\/section>","protected":false},"excerpt":{"rendered":"<p>Gram\u00e1tica Cazaque: Desvendando os Segredos da L\u00edngua Cazaque Quando se trata de aprender a l\u00edngua cazaque, entender o b\u00e1sico da gram\u00e1tica cazaque \u00e9 essencial para desvendar seus segredos. Embora possa parecer intimidante no in\u00edcio, o sistema gramatical possui caracter\u00edsticas \u00fanicas que tornam a l\u00edngua fascinante. Este artigo procura esclarecer os principais aspectos da gram\u00e1tica do [&hellip;]<\/p>\n","protected":false},"author":1,"featured_media":114340,"parent":0,"menu_order":0,"comment_status":"closed","ping_status":"closed","template":"LearningContentPage.php","meta":{"_acf_changed":false,"footnotes":""},"class_list":["post-146454","page","type-page","status-publish","has-post-thumbnail","hentry"],"acf":[],"yoast_head":"<!-- This site is optimized with the Yoast SEO Premium plugin v27.2 (Yoast SEO v27.2) - https:\/\/yoast.com\/product\/yoast-seo-premium-wordpress\/ -->\n<title>Gram\u00e1tica Cazaque - Talkpal<\/title>\n<meta name=\"description\" content=\"Domine a gram\u00e1tica do Cazaquist\u00e3o sem esfor\u00e7o - aprenda as regras essenciais, pratique a estrutura das frases e aumente sua flu\u00eancia rapidamente\" \/>\n<meta name=\"robots\" content=\"index, follow, max-snippet:-1, max-image-preview:large, max-video-preview:-1\" \/>\n<link rel=\"canonical\" href=\"https:\/\/talkpal.ai\/pt-br\/gramatica-cazaque\/\" \/>\n<meta property=\"og:locale\" content=\"pt_BR\" \/>\n<meta property=\"og:type\" content=\"article\" \/>\n<meta property=\"og:title\" content=\"Gram\u00e1tica Cazaque\" \/>\n<meta property=\"og:description\" content=\"Gram\u00e1tica Cazaque: Desvendando os Segredos da L\u00edngua Cazaque Quando se trata de aprender a l\u00edngua cazaque, entender o b\u00e1sico da gram\u00e1tica cazaque \u00e9\" \/>\n<meta property=\"og:url\" content=\"https:\/\/talkpal.ai\/pt-br\/gramatica-cazaque\/\" \/>\n<meta property=\"og:site_name\" content=\"Talkpal\" \/>\n<meta property=\"article:publisher\" content=\"https:\/\/www.facebook.com\/profile.php?id=100090733639311\" \/>\n<meta property=\"article:modified_time\" content=\"2025-12-17T17:18:13+00:00\" \/>\n<meta property=\"og:image\" content=\"https:\/\/talkpal.ai\/wp-content\/uploads\/2023\/05\/kazakhstan.png\" \/>\n\t<meta property=\"og:image:width\" content=\"512\" \/>\n\t<meta property=\"og:image:height\" content=\"512\" \/>\n\t<meta property=\"og:image:type\" content=\"image\/png\" \/>\n<meta name=\"twitter:card\" content=\"summary_large_image\" \/>\n<meta name=\"twitter:site\" content=\"@talkpalai\" \/>\n<meta name=\"twitter:label1\" content=\"Est. tempo de leitura\" \/>\n\t<meta name=\"twitter:data1\" content=\"3 minutos\" \/>\n<script type=\"application\/ld+json\" class=\"yoast-schema-graph\">{\"@context\":\"https:\/\/schema.org\",\"@graph\":[{\"@type\":\"WebPage\",\"@id\":\"https:\/\/talkpal.ai\/pt-br\/gramatica-cazaque\/\",\"url\":\"https:\/\/talkpal.ai\/pt-br\/gramatica-cazaque\/\",\"name\":\"Gram\u00e1tica Cazaque - Talkpal\",\"isPartOf\":{\"@id\":\"https:\/\/talkpal.ai\/pt-br\/#website\"},\"primaryImageOfPage\":{\"@id\":\"https:\/\/talkpal.ai\/pt-br\/gramatica-cazaque\/#primaryimage\"},\"image\":{\"@id\":\"https:\/\/talkpal.ai\/pt-br\/gramatica-cazaque\/#primaryimage\"},\"thumbnailUrl\":\"https:\/\/talkpal.ai\/wp-content\/uploads\/2023\/05\/kazakhstan.png\",\"datePublished\":\"2023-05-14T14:11:00+00:00\",\"dateModified\":\"2025-12-17T17:18:13+00:00\",\"description\":\"Domine a gram\u00e1tica do Cazaquist\u00e3o sem esfor\u00e7o - aprenda as regras essenciais, pratique a estrutura das frases e aumente sua flu\u00eancia rapidamente\",\"breadcrumb\":{\"@id\":\"https:\/\/talkpal.ai\/pt-br\/gramatica-cazaque\/#breadcrumb\"},\"inLanguage\":\"pt-BR\",\"potentialAction\":[{\"@type\":\"ReadAction\",\"target\":[\"https:\/\/talkpal.ai\/pt-br\/gramatica-cazaque\/\"]}]},{\"@type\":\"ImageObject\",\"inLanguage\":\"pt-BR\",\"@id\":\"https:\/\/talkpal.ai\/pt-br\/gramatica-cazaque\/#primaryimage\",\"url\":\"https:\/\/talkpal.ai\/wp-content\/uploads\/2023\/05\/kazakhstan.png\",\"contentUrl\":\"https:\/\/talkpal.ai\/wp-content\/uploads\/2023\/05\/kazakhstan.png\",\"width\":512,\"height\":512},{\"@type\":\"BreadcrumbList\",\"@id\":\"https:\/\/talkpal.ai\/pt-br\/gramatica-cazaque\/#breadcrumb\",\"itemListElement\":[{\"@type\":\"ListItem\",\"position\":1,\"name\":\"Homepage\",\"item\":\"https:\/\/talkpal.ai\/pt-br\/\"},{\"@type\":\"ListItem\",\"position\":2,\"name\":\"Gram\u00e1tica Cazaque\"}]},{\"@type\":\"WebSite\",\"@id\":\"https:\/\/talkpal.ai\/pt-br\/#website\",\"url\":\"https:\/\/talkpal.ai\/pt-br\/\",\"name\":\"Talkpal\",\"description\":\"AI Language Learning\",\"publisher\":{\"@id\":\"https:\/\/talkpal.ai\/pt-br\/#organization\"},\"alternateName\":\"Talkpal AI\",\"potentialAction\":[{\"@type\":\"SearchAction\",\"target\":{\"@type\":\"EntryPoint\",\"urlTemplate\":\"https:\/\/talkpal.ai\/pt-br\/?s={search_term_string}\"},\"query-input\":{\"@type\":\"PropertyValueSpecification\",\"valueRequired\":true,\"valueName\":\"search_term_string\"}}],\"inLanguage\":\"pt-BR\"},{\"@type\":\"Organization\",\"@id\":\"https:\/\/talkpal.ai\/pt-br\/#organization\",\"name\":\"Talkpal, Inc.\",\"alternateName\":\"Talkpal AI\",\"url\":\"https:\/\/talkpal.ai\/pt-br\/\",\"logo\":{\"@type\":\"ImageObject\",\"inLanguage\":\"pt-BR\",\"@id\":\"https:\/\/talkpal.ai\/pt-br\/#\/schema\/logo\/image\/\",\"url\":\"https:\/\/talkpal.ai\/wp-content\/uploads\/2024\/03\/Talkpal-Logo-Icon.png\",\"contentUrl\":\"https:\/\/talkpal.ai\/wp-content\/uploads\/2024\/03\/Talkpal-Logo-Icon.png\",\"width\":2880,\"height\":2880,\"caption\":\"Talkpal, Inc.\"},\"image\":{\"@id\":\"https:\/\/talkpal.ai\/pt-br\/#\/schema\/logo\/image\/\"},\"sameAs\":[\"https:\/\/www.facebook.com\/profile.php?id=100090733639311\",\"https:\/\/x.com\/talkpalai\",\"https:\/\/www.linkedin.com\/company\/talkpal\/\",\"https:\/\/www.youtube.com\/@TalkPal\/\",\"https:\/\/www.tiktok.com\/@talkpal\",\"https:\/\/www.instagram.com\/talkpal_ai\/\",\"https:\/\/www.crunchbase.com\/organization\/talkpal-9cde\",\"https:\/\/www.g2.com\/products\/talkpal-for-business\/\",\"https:\/\/www.trustpilot.com\/review\/talkpal.ai\",\"https:\/\/www.capterra.com\/p\/10006800\/TalkPal\/\"],\"description\":\"Talkpal is a language learning web and mobile education app, powered by the latest AI technologies, that provides engaging experiences to its customers in many different languages to help them improve their language skills. Users can chat about unlimited amount of topics with the app and use other modes to practice their language learning.\",\"email\":\"support@talkpal.ai\",\"legalName\":\"Talkpal, Inc.\",\"foundingDate\":\"2023-04-03\",\"duns\":\"118989042\",\"numberOfEmployees\":{\"@type\":\"QuantitativeValue\",\"minValue\":\"11\",\"maxValue\":\"50\"},\"publishingPrinciples\":\"https:\/\/talkpal.ai\/publishing-principles\/\",\"actionableFeedbackPolicy\":\"https:\/\/talkpal.ai\/actionable-feedback-policy\/\",\"correctionsPolicy\":\"https:\/\/talkpal.ai\/corrections-policy\/\",\"ethicsPolicy\":\"https:\/\/talkpal.ai\/ethics-policy\/\",\"diversityPolicy\":\"https:\/\/talkpal.ai\/diversity-policy\/\",\"diversityStaffingReport\":\"https:\/\/talkpal.ai\/diversity-policy\/\"}]}<\/script>\n<!-- \/ Yoast SEO Premium plugin. -->","yoast_head_json":{"title":"Gram\u00e1tica Cazaque - Talkpal","description":"Domine a gram\u00e1tica do Cazaquist\u00e3o sem esfor\u00e7o - aprenda as regras essenciais, pratique a estrutura das frases e aumente sua flu\u00eancia rapidamente","robots":{"index":"index","follow":"follow","max-snippet":"max-snippet:-1","max-image-preview":"max-image-preview:large","max-video-preview":"max-video-preview:-1"},"canonical":"https:\/\/talkpal.ai\/pt-br\/gramatica-cazaque\/","og_locale":"pt_BR","og_type":"article","og_title":"Gram\u00e1tica Cazaque","og_description":"Gram\u00e1tica Cazaque: Desvendando os Segredos da L\u00edngua Cazaque Quando se trata de aprender a l\u00edngua cazaque, entender o b\u00e1sico da gram\u00e1tica cazaque \u00e9","og_url":"https:\/\/talkpal.ai\/pt-br\/gramatica-cazaque\/","og_site_name":"Talkpal","article_publisher":"https:\/\/www.facebook.com\/profile.php?id=100090733639311","article_modified_time":"2025-12-17T17:18:13+00:00","og_image":[{"width":512,"height":512,"url":"https:\/\/talkpal.ai\/wp-content\/uploads\/2023\/05\/kazakhstan.png","type":"image\/png"}],"twitter_card":"summary_large_image","twitter_site":"@talkpalai","twitter_misc":{"Est. tempo de leitura":"3 minutos"},"schema":{"@context":"https:\/\/schema.org","@graph":[{"@type":"WebPage","@id":"https:\/\/talkpal.ai\/pt-br\/gramatica-cazaque\/","url":"https:\/\/talkpal.ai\/pt-br\/gramatica-cazaque\/","name":"Gram\u00e1tica Cazaque - Talkpal","isPartOf":{"@id":"https:\/\/talkpal.ai\/pt-br\/#website"},"primaryImageOfPage":{"@id":"https:\/\/talkpal.ai\/pt-br\/gramatica-cazaque\/#primaryimage"},"image":{"@id":"https:\/\/talkpal.ai\/pt-br\/gramatica-cazaque\/#primaryimage"},"thumbnailUrl":"https:\/\/talkpal.ai\/wp-content\/uploads\/2023\/05\/kazakhstan.png","datePublished":"2023-05-14T14:11:00+00:00","dateModified":"2025-12-17T17:18:13+00:00","description":"Domine a gram\u00e1tica do Cazaquist\u00e3o sem esfor\u00e7o - aprenda as regras essenciais, pratique a estrutura das frases e aumente sua flu\u00eancia rapidamente","breadcrumb":{"@id":"https:\/\/talkpal.ai\/pt-br\/gramatica-cazaque\/#breadcrumb"},"inLanguage":"pt-BR","potentialAction":[{"@type":"ReadAction","target":["https:\/\/talkpal.ai\/pt-br\/gramatica-cazaque\/"]}]},{"@type":"ImageObject","inLanguage":"pt-BR","@id":"https:\/\/talkpal.ai\/pt-br\/gramatica-cazaque\/#primaryimage","url":"https:\/\/talkpal.ai\/wp-content\/uploads\/2023\/05\/kazakhstan.png","contentUrl":"https:\/\/talkpal.ai\/wp-content\/uploads\/2023\/05\/kazakhstan.png","width":512,"height":512},{"@type":"BreadcrumbList","@id":"https:\/\/talkpal.ai\/pt-br\/gramatica-cazaque\/#breadcrumb","itemListElement":[{"@type":"ListItem","position":1,"name":"Homepage","item":"https:\/\/talkpal.ai\/pt-br\/"},{"@type":"ListItem","position":2,"name":"Gram\u00e1tica Cazaque"}]},{"@type":"WebSite","@id":"https:\/\/talkpal.ai\/pt-br\/#website","url":"https:\/\/talkpal.ai\/pt-br\/","name":"Talkpal","description":"AI Language Learning","publisher":{"@id":"https:\/\/talkpal.ai\/pt-br\/#organization"},"alternateName":"Talkpal AI","potentialAction":[{"@type":"SearchAction","target":{"@type":"EntryPoint","urlTemplate":"https:\/\/talkpal.ai\/pt-br\/?s={search_term_string}"},"query-input":{"@type":"PropertyValueSpecification","valueRequired":true,"valueName":"search_term_string"}}],"inLanguage":"pt-BR"},{"@type":"Organization","@id":"https:\/\/talkpal.ai\/pt-br\/#organization","name":"Talkpal, Inc.","alternateName":"Talkpal AI","url":"https:\/\/talkpal.ai\/pt-br\/","logo":{"@type":"ImageObject","inLanguage":"pt-BR","@id":"https:\/\/talkpal.ai\/pt-br\/#\/schema\/logo\/image\/","url":"https:\/\/talkpal.ai\/wp-content\/uploads\/2024\/03\/Talkpal-Logo-Icon.png","contentUrl":"https:\/\/talkpal.ai\/wp-content\/uploads\/2024\/03\/Talkpal-Logo-Icon.png","width":2880,"height":2880,"caption":"Talkpal, Inc."},"image":{"@id":"https:\/\/talkpal.ai\/pt-br\/#\/schema\/logo\/image\/"},"sameAs":["https:\/\/www.facebook.com\/profile.php?id=100090733639311","https:\/\/x.com\/talkpalai","https:\/\/www.linkedin.com\/company\/talkpal\/","https:\/\/www.youtube.com\/@TalkPal\/","https:\/\/www.tiktok.com\/@talkpal","https:\/\/www.instagram.com\/talkpal_ai\/","https:\/\/www.crunchbase.com\/organization\/talkpal-9cde","https:\/\/www.g2.com\/products\/talkpal-for-business\/","https:\/\/www.trustpilot.com\/review\/talkpal.ai","https:\/\/www.capterra.com\/p\/10006800\/TalkPal\/"],"description":"Talkpal is a language learning web and mobile education app, powered by the latest AI technologies, that provides engaging experiences to its customers in many different languages to help them improve their language skills. Users can chat about unlimited amount of topics with the app and use other modes to practice their language learning.","email":"support@talkpal.ai","legalName":"Talkpal, Inc.","foundingDate":"2023-04-03","duns":"118989042","numberOfEmployees":{"@type":"QuantitativeValue","minValue":"11","maxValue":"50"},"publishingPrinciples":"https:\/\/talkpal.ai\/publishing-principles\/","actionableFeedbackPolicy":"https:\/\/talkpal.ai\/actionable-feedback-policy\/","correctionsPolicy":"https:\/\/talkpal.ai\/corrections-policy\/","ethicsPolicy":"https:\/\/talkpal.ai\/ethics-policy\/","diversityPolicy":"https:\/\/talkpal.ai\/diversity-policy\/","diversityStaffingReport":"https:\/\/talkpal.ai\/diversity-policy\/"}]}},"_links":{"self":[{"href":"https:\/\/talkpal.ai\/pt-br\/wp-json\/wp\/v2\/pages\/146454","targetHints":{"allow":["GET"]}}],"collection":[{"href":"https:\/\/talkpal.ai\/pt-br\/wp-json\/wp\/v2\/pages"}],"about":[{"href":"https:\/\/talkpal.ai\/pt-br\/wp-json\/wp\/v2\/types\/page"}],"author":[{"embeddable":true,"href":"https:\/\/talkpal.ai\/pt-br\/wp-json\/wp\/v2\/users\/1"}],"replies":[{"embeddable":true,"href":"https:\/\/talkpal.ai\/pt-br\/wp-json\/wp\/v2\/comments?post=146454"}],"version-history":[{"count":0,"href":"https:\/\/talkpal.ai\/pt-br\/wp-json\/wp\/v2\/pages\/146454\/revisions"}],"wp:featuredmedia":[{"embeddable":true,"href":"https:\/\/talkpal.ai\/pt-br\/wp-json\/wp\/v2\/media\/114340"}],"wp:attachment":[{"href":"https:\/\/talkpal.ai\/pt-br\/wp-json\/wp\/v2\/media?parent=146454"}],"curies":[{"name":"wp","href":"https:\/\/api.w.org\/{rel}","templated":true}]}}