{"id":1464518,"date":"2025-11-12T17:34:19","date_gmt":"2025-11-12T17:34:19","guid":{"rendered":"https:\/\/talkpal.ai\/gramatica-zulu\/"},"modified":"2025-12-30T13:36:01","modified_gmt":"2025-12-30T13:36:01","slug":"gramatica-zulu","status":"publish","type":"page","link":"https:\/\/talkpal.ai\/pt-br\/gramatica-zulu\/","title":{"rendered":"Gram\u00e1tica Zulu"},"content":{"rendered":"\r\n\r\n\r\n<section class=\"languageChallengeSection\">\r\n    <div class=\"languageInfoWrapper\">\r\n        \r\n        <h1>Gram\u00e1tica Zulu<\/h1>\r\n        <p>A <a href=\"https:\/\/talkpal.ai\/zulu-grammar\/\">gram\u00e1tica zulu<\/a> pode parecer desafiadora no in\u00edcio, mas suas caracter\u00edsticas \u00fanicas tornam o aprendizado do idioma uma experi\u00eancia gratificante. Ao explorar seu alfabeto, muta\u00e7\u00f5es e regras gramaticais, voc\u00ea ter\u00e1 uma vis\u00e3o de uma rica tradi\u00e7\u00e3o lingu\u00edstica. Comece sua jornada e descubra a beleza do <a href=\"https:\/\/talkpal.ai\/learn-zulu\/\">Zulu<\/a>!<\/p>\r\n\r\n                            <a class=\"getStartedHidden\" href=\"https:\/\/app.talkpal.ai\/pt-br\/signup?lng=\">Come\u00e7a<\/a>\r\n        \r\n    <\/div>\r\n\r\n    <figure>\r\n    <img decoding=\"async\" width=\"768\" height=\"768\" src=\"https:\/\/talkpal.ai\/wp-content\/uploads\/2023\/06\/welsh-768x768.png\" class=\"languageImage no-lazy\" alt=\"Language learning for better cognitive abilities\" fetchpriority=\"high\" sizes=\"(max-width: 768px) 150px, 768px\" srcset=\"https:\/\/talkpal.ai\/wp-content\/uploads\/2023\/06\/welsh-768x768.png 768w, https:\/\/talkpal.ai\/wp-content\/uploads\/2023\/06\/welsh-300x300.png 300w\" \/>\r\n    \r\n\r\n    <\/figure>\r\n\r\n            <a class=\"getStartedVisible\" href=\"https:\/\/app.talkpal.ai\/pt-br\/signup?lng=\">Come\u00e7a<\/a>\r\n    \r\n<\/section><section class=\"promotionalBanner\">\r\n    <p class=\"promotionalText\">A maneira mais eficiente de aprender um idioma<\/p>\r\n    <a class=\"promotionalLink\" href=\"https:\/\/app.talkpal.ai\/pt-br\/signup?lng=\">Experimente o Talkpal gratuitamente<\/a>\r\n<\/section>\n<div class=\"wp-block-group pageContainerStyle\"><div class=\"wp-block-group__inner-container is-layout-constrained wp-block-group-is-layout-constrained\">\n<h2 class=\"wp-block-heading\" id=\"h-navigating-the-intricacies-of-zulu-grammar\">Navegando pelos meandros da gram\u00e1tica zulu<\/h2>\n\n\n\n<p><a href=\"https:\/\/talkpal.ai\/pt-br\/aprenda-zulu\/\">O zulu<\/a>, uma l\u00edngua bantu meridional do grupo Nguni com uma rica hist\u00f3ria e significado cultural, oferece uma experi\u00eancia lingu\u00edstica emocionante para aqueles ansiosos para explorar seu sistema gramatical \u00fanico. Ao se aventurar no reino do zulu, voc\u00ea n\u00e3o apenas enriquecer\u00e1 seu repert\u00f3rio lingu\u00edstico, mas tamb\u00e9m abra\u00e7ar\u00e1 uma fascinante jornada cultural. Embora a gram\u00e1tica zulu possa parecer complicada no in\u00edcio, dividi-la em componentes principais torna o aprendizado do idioma mais acess\u00edvel. Neste artigo, exploraremos o cativante mundo da gram\u00e1tica zulu e forneceremos dicas sobre <a href=\"https:\/\/talkpal.ai\/locations\/language-courses-in-como\/\">como<\/a> dominar suas complexidades.<\/p>\n\n\n\n<h3 class=\"wp-block-heading\" id=\"h-1-zulu-alphabet-and-phonetics\">1. Alfabeto e fon\u00e9tica zulu<\/h3>\n\n\n\n<p>O sistema de escrita zulu <a href=\"https:\/\/talkpal.ai\/locations\/learn-english-in-usa\/\">usa<\/a> o alfabeto latino e representa sons distintos, incluindo consoantes de clique escritas como c, q e x, bem como consoantes aspiradas escritas com d\u00edgrafos como ph, th e kh. O zulu tem cinco vogais (a, e, i, o, u) e \u00e9 uma l\u00edngua tonal, onde o tom pode distinguir o significado, embora o tom n\u00e3o seja marcado na ortografia padr\u00e3o. Para aprender a gram\u00e1tica zulu, \u00e9 crucial se familiarizar com esse sistema de som praticando leitura, audi\u00e7\u00e3o e fala em zulu.<\/p>\n\n\n\n<h3 class=\"wp-block-heading\" id=\"h-2-noun-classes-and-concords-a-distinctive-zulu-feature\">2. Classes de substantivos e concord\u00e2ncias: uma caracter\u00edstica distintiva do zulu<\/h3>\n\n\n\n<p>Um dos aspectos mais marcantes da gram\u00e1tica zulu \u00e9 seu extenso sistema de classes de substantivos, cada uma marcada por um prefixo espec\u00edfico e emparelhada com uma rede de concord\u00e2ncias. As classes de substantivos conduzem a concord\u00e2ncia em <a href=\"https:\/\/talkpal.ai\/locations\/language-courses-in-toda\/\">toda<\/a> a frase, afetando marcadores de sujeito, marcadores de objeto, adjetivos, possessivos, demonstrativos e parentes. Entender quando e como essas concord\u00e2ncias aparecem \u00e9 vital para uma comunica\u00e7\u00e3o precisa em zulu.<\/p>\n\n\n\n<h3 class=\"wp-block-heading\" id=\"h-3-nouns-and-pronouns-noun-classes-and-agreement\">3. Substantivos e pronomes: classes de substantivos e concord\u00e2ncia<\/h3>\n\n\n\n<p>Os substantivos zulus pertencem a classes de substantivos em vez de <a href=\"https:\/\/talkpal.ai\/ar\/grammar_exercises\/genero-%d8%aa%d9%85%d8%a7%d8%b1%d9%8a%d9%86-%d9%84%d9%82%d9%88%d8%a7%d8%b9%d8%af-%d8%a7%d9%84%d9%84%d8%ba%d8%a9-%d8%a7%d9%84%d8%a5%d8%b3%d8%a8%d8%a7%d9%86%d9%8a%d8%a9\/\">g\u00eanero gramatical<\/a>, e suas formas plurais s\u00e3o determinadas por pares de classes (por exemplo, umuntu, abantu). Os pronomes em zulu incluem formas independentes (mina, wena, yena, thina, nina, bona), formas possessivas constru\u00eddas com radicais possessivos como -ami, -akho, -akhe que concordam com a classe de substantivos (incwadi yami, izincwadi zami), marca\u00e7\u00e3o reflexiva em verbos (zi-), demonstrativos que concordam com a classe de substantivos (lo, laba, le, lezi) e interrogativos (ubani, ini, kuphi, nini, kanjani). Familiarizar-se com essas formas e seus padr\u00f5es de concord\u00e2ncia aumentar\u00e1 significativamente sua compreens\u00e3o da gram\u00e1tica zulu.<\/p>\n\n\n\n<h3 class=\"wp-block-heading\" id=\"h-4-verbs-structure-and-conjugation\">4. Verbos: Estrutura e Conjuga\u00e7\u00e3o<\/h3>\n\n\n\n<p>Os verbos zulu seguem uma rica estrutura aglutinante que codifica sujeito, objeto, tempo, aspecto, modo e polaridade. Os tempos centrais incluem presente (ngiyabona ou ngibona), passado (perfeito -ile, ngibonile) e futuro com zo- (ngizobona), com modos adicionais, como o subjuntivo (final -e) e imperativo (hamba, hambani). A nega\u00e7\u00e3o \u00e9 tipicamente marcada com a- e -i final (angiboni, akaboni). Aprender o modelo de verbo e as extens\u00f5es comuns (causativa -isa, aplicativa -ela, rec\u00edproca -ana, passiva -wa) melhorar\u00e1 sua capacidade de se comunicar efetivamente em zulu.<\/p>\n\n\n\n<h3 class=\"wp-block-heading\" id=\"h-5-adjectives-agreement-and-placement\">5. Adjetivos: Concord\u00e2ncia e Coloca\u00e7\u00e3o<\/h3>\n\n\n\n<p>Na gram\u00e1tica zulu, os adjetivos normalmente seguem o substantivo que modificam e concordam com a classe do substantivo usando uma concord\u00e2ncia adjetival. O zulu tem um conjunto limitado de radicais adjetivos verdadeiros (como -khulu big, -ncane small, -mnyama dark, -de tall), e muitos significados descritivos s\u00e3o expressos com constru\u00e7\u00f5es relativas. Comparativos e superlativos s\u00e3o comumente formados perifrasticamente, por exemplo, usando kakhulu (muito) e compara\u00e7\u00e3o com ukwedlula ou ngaphezu kuka para &#8220;mais que&#8221;.<\/p>\n\n\n\n<p><strong>Exemplos:<\/strong><\/p>\n\n\n\n<p><strong>\u2013 Uthando Olukhulu (Grande Amor)<\/strong><\/p>\n\n\n\n<p><strong>\u2013 izingane ezincane (crian\u00e7as pequenas)<\/strong><\/p>\n\n\n\n<h3 class=\"wp-block-heading\" id=\"h-6-engaging-with-the-language\">6. Envolvendo-se com o idioma<\/h3>\n\n\n\n<p>A maneira mais eficaz de entender e internalizar completamente a gram\u00e1tica zulu \u00e9 se envolver consistentemente com o idioma. Ao ler literatura zulu, assistir a filmes ou s\u00e9ries de televis\u00e3o zulu, ouvir r\u00e1dio e m\u00fasica em zulu e se comunicar ativamente com falantes nativos, voc\u00ea refor\u00e7ar\u00e1 sua compreens\u00e3o da gram\u00e1tica enquanto expande seu vocabul\u00e1rio.<\/p>\n\n\n\n<h3 class=\"wp-block-heading\" id=\"h-conclusion\">Conclus\u00e3o<\/h3>\n\n\n\n<p>Embora a gram\u00e1tica zulu possa parecer complexa, voc\u00ea pode se tornar proficiente neste belo idioma com dedica\u00e7\u00e3o, pr\u00e1tica e entusiasmo. Ao se concentrar nas regras fundamentais e se envolver com o idioma em diferentes contextos, voc\u00ea aprimorar\u00e1 rapidamente suas <a href=\"https:\/\/talkpal.ai\/pt-br\/gramatica\/\">habilidades gramaticais<\/a> em zulu. Inhlanhla enhle (boa sorte) com sua jornada na l\u00edngua zulu e divirta-se desvendando o mundo enigm\u00e1tico e cativante da gram\u00e1tica zulu!<\/p>\n<\/div><\/div>\n\r\n<section class=\"learnNavigationSection\">\r\n            \r\n        <a href=\"https:\/\/talkpal.ai\/pt-br\/aprenda-zulu\/\">\r\n            <div class=\"learnNavigationWrapper\">\r\n                <div class=\"learnNavigationContent\">\r\n                    <img decoding=\"async\" src=\"https:\/\/talkpal.ai\/wp-content\/uploads\/2025\/11\/Zulu.png\" alt=\"South African Flag\">\r\n                    <div>\r\n                        <h4>Sobre o Zulu Learning<\/h4>\r\n                        <p>Descubra tudo sobre a Gram\u00e1tica Zulu.<\/p>\r\n                    <\/div>\r\n                <\/div>\r\n            <\/div>\r\n        <\/a>\r\n\r\n        \r\n        <a href=\"https:\/\/talkpal.ai\/pt-br\/exercicios-de-gramatica-zulu\/\">\r\n            <div class=\"learnNavigationWrapper\">\r\n                <div class=\"learnNavigationContent\">\r\n                    <img decoding=\"async\" src=\"https:\/\/talkpal.ai\/wp-content\/uploads\/2025\/11\/Zulu.png\" alt=\"South African Flag\">\r\n                    <div>\r\n                        <h4>Exerc\u00edcio de gram\u00e1tica zulu<\/h4>\r\n                        <p>Pratique a gram\u00e1tica zulu.<\/p>\r\n                    <\/div>\r\n                <\/div>\r\n            <\/div>\r\n        <\/a>\r\n\r\n            <\/section>","protected":false},"excerpt":{"rendered":"<p>Navegando pelos meandros da gram\u00e1tica zulu O zulu, uma l\u00edngua bantu meridional do grupo Nguni com uma rica hist\u00f3ria e significado cultural, oferece uma experi\u00eancia lingu\u00edstica emocionante para aqueles ansiosos para explorar seu sistema gramatical \u00fanico. Ao se aventurar no reino do zulu, voc\u00ea n\u00e3o apenas enriquecer\u00e1 seu repert\u00f3rio lingu\u00edstico, mas tamb\u00e9m abra\u00e7ar\u00e1 uma fascinante [&hellip;]<\/p>\n","protected":false},"author":20,"featured_media":0,"parent":0,"menu_order":0,"comment_status":"closed","ping_status":"closed","template":"LearningContentPage.php","meta":{"_acf_changed":false,"footnotes":""},"class_list":["post-1464518","page","type-page","status-publish","hentry"],"acf":[],"yoast_head":"<!-- This site is optimized with the Yoast SEO Premium plugin v27.2 (Yoast SEO v27.2) - https:\/\/yoast.com\/product\/yoast-seo-premium-wordpress\/ -->\n<title>Gram\u00e1tica Zulu - Talkpal<\/title>\n<meta name=\"description\" content=\"Domine as complexidades da gram\u00e1tica zulu com nosso guia abrangente com tecnologia de IA, projetado para um aprendizado r\u00e1pido e eficaz do idioma.\" \/>\n<meta name=\"robots\" content=\"index, follow, max-snippet:-1, max-image-preview:large, max-video-preview:-1\" \/>\n<link rel=\"canonical\" href=\"https:\/\/talkpal.ai\/pt-br\/gramatica-zulu\/\" \/>\n<meta property=\"og:locale\" content=\"pt_BR\" \/>\n<meta property=\"og:type\" content=\"article\" \/>\n<meta property=\"og:title\" content=\"Gram\u00e1tica Zulu\" \/>\n<meta property=\"og:description\" content=\"Navegando pelos meandros da gram\u00e1tica zulu O zulu, uma l\u00edngua bantu meridional do grupo Nguni com uma rica hist\u00f3ria e significado cultural, oferece uma\" \/>\n<meta property=\"og:url\" content=\"https:\/\/talkpal.ai\/pt-br\/gramatica-zulu\/\" \/>\n<meta property=\"og:site_name\" content=\"Talkpal\" \/>\n<meta property=\"article:publisher\" content=\"https:\/\/www.facebook.com\/profile.php?id=100090733639311\" \/>\n<meta property=\"article:modified_time\" content=\"2025-12-30T13:36:01+00:00\" \/>\n<meta property=\"og:image\" content=\"https:\/\/talkpal.ai\/wp-content\/uploads\/2025\/02\/Progress-tab-16_9.png\" \/>\n\t<meta property=\"og:image:width\" content=\"2880\" \/>\n\t<meta property=\"og:image:height\" content=\"1620\" \/>\n\t<meta property=\"og:image:type\" content=\"image\/png\" \/>\n<meta name=\"twitter:card\" content=\"summary_large_image\" \/>\n<meta name=\"twitter:site\" content=\"@talkpalai\" \/>\n<meta name=\"twitter:label1\" content=\"Est. tempo de leitura\" \/>\n\t<meta name=\"twitter:data1\" content=\"4 minutos\" \/>\n<script type=\"application\/ld+json\" class=\"yoast-schema-graph\">{\"@context\":\"https:\/\/schema.org\",\"@graph\":[{\"@type\":\"WebPage\",\"@id\":\"https:\/\/talkpal.ai\/pt-br\/gramatica-zulu\/\",\"url\":\"https:\/\/talkpal.ai\/pt-br\/gramatica-zulu\/\",\"name\":\"Gram\u00e1tica Zulu - Talkpal\",\"isPartOf\":{\"@id\":\"https:\/\/talkpal.ai\/pt-br\/#website\"},\"datePublished\":\"2025-11-12T17:34:19+00:00\",\"dateModified\":\"2025-12-30T13:36:01+00:00\",\"description\":\"Domine as complexidades da gram\u00e1tica zulu com nosso guia abrangente com tecnologia de IA, projetado para um aprendizado r\u00e1pido e eficaz do idioma.\",\"breadcrumb\":{\"@id\":\"https:\/\/talkpal.ai\/pt-br\/gramatica-zulu\/#breadcrumb\"},\"inLanguage\":\"pt-BR\",\"potentialAction\":[{\"@type\":\"ReadAction\",\"target\":[\"https:\/\/talkpal.ai\/pt-br\/gramatica-zulu\/\"]}]},{\"@type\":\"BreadcrumbList\",\"@id\":\"https:\/\/talkpal.ai\/pt-br\/gramatica-zulu\/#breadcrumb\",\"itemListElement\":[{\"@type\":\"ListItem\",\"position\":1,\"name\":\"Homepage\",\"item\":\"https:\/\/talkpal.ai\/pt-br\/\"},{\"@type\":\"ListItem\",\"position\":2,\"name\":\"Gram\u00e1tica Zulu\"}]},{\"@type\":\"WebSite\",\"@id\":\"https:\/\/talkpal.ai\/pt-br\/#website\",\"url\":\"https:\/\/talkpal.ai\/pt-br\/\",\"name\":\"Talkpal\",\"description\":\"AI Language Learning\",\"publisher\":{\"@id\":\"https:\/\/talkpal.ai\/pt-br\/#organization\"},\"alternateName\":\"Talkpal AI\",\"potentialAction\":[{\"@type\":\"SearchAction\",\"target\":{\"@type\":\"EntryPoint\",\"urlTemplate\":\"https:\/\/talkpal.ai\/pt-br\/?s={search_term_string}\"},\"query-input\":{\"@type\":\"PropertyValueSpecification\",\"valueRequired\":true,\"valueName\":\"search_term_string\"}}],\"inLanguage\":\"pt-BR\"},{\"@type\":\"Organization\",\"@id\":\"https:\/\/talkpal.ai\/pt-br\/#organization\",\"name\":\"Talkpal, Inc.\",\"alternateName\":\"Talkpal AI\",\"url\":\"https:\/\/talkpal.ai\/pt-br\/\",\"logo\":{\"@type\":\"ImageObject\",\"inLanguage\":\"pt-BR\",\"@id\":\"https:\/\/talkpal.ai\/pt-br\/#\/schema\/logo\/image\/\",\"url\":\"https:\/\/talkpal.ai\/wp-content\/uploads\/2024\/03\/Talkpal-Logo-Icon.png\",\"contentUrl\":\"https:\/\/talkpal.ai\/wp-content\/uploads\/2024\/03\/Talkpal-Logo-Icon.png\",\"width\":2880,\"height\":2880,\"caption\":\"Talkpal, Inc.\"},\"image\":{\"@id\":\"https:\/\/talkpal.ai\/pt-br\/#\/schema\/logo\/image\/\"},\"sameAs\":[\"https:\/\/www.facebook.com\/profile.php?id=100090733639311\",\"https:\/\/x.com\/talkpalai\",\"https:\/\/www.linkedin.com\/company\/talkpal\/\",\"https:\/\/www.youtube.com\/@TalkPal\/\",\"https:\/\/www.tiktok.com\/@talkpal\",\"https:\/\/www.instagram.com\/talkpal_ai\/\",\"https:\/\/www.crunchbase.com\/organization\/talkpal-9cde\",\"https:\/\/www.g2.com\/products\/talkpal-for-business\/\",\"https:\/\/www.trustpilot.com\/review\/talkpal.ai\",\"https:\/\/www.capterra.com\/p\/10006800\/TalkPal\/\"],\"description\":\"Talkpal is a language learning web and mobile education app, powered by the latest AI technologies, that provides engaging experiences to its customers in many different languages to help them improve their language skills. Users can chat about unlimited amount of topics with the app and use other modes to practice their language learning.\",\"email\":\"support@talkpal.ai\",\"legalName\":\"Talkpal, Inc.\",\"foundingDate\":\"2023-04-03\",\"duns\":\"118989042\",\"numberOfEmployees\":{\"@type\":\"QuantitativeValue\",\"minValue\":\"11\",\"maxValue\":\"50\"},\"publishingPrinciples\":\"https:\/\/talkpal.ai\/publishing-principles\/\",\"actionableFeedbackPolicy\":\"https:\/\/talkpal.ai\/actionable-feedback-policy\/\",\"correctionsPolicy\":\"https:\/\/talkpal.ai\/corrections-policy\/\",\"ethicsPolicy\":\"https:\/\/talkpal.ai\/ethics-policy\/\",\"diversityPolicy\":\"https:\/\/talkpal.ai\/diversity-policy\/\",\"diversityStaffingReport\":\"https:\/\/talkpal.ai\/diversity-policy\/\"}]}<\/script>\n<!-- \/ Yoast SEO Premium plugin. -->","yoast_head_json":{"title":"Gram\u00e1tica Zulu - Talkpal","description":"Domine as complexidades da gram\u00e1tica zulu com nosso guia abrangente com tecnologia de IA, projetado para um aprendizado r\u00e1pido e eficaz do idioma.","robots":{"index":"index","follow":"follow","max-snippet":"max-snippet:-1","max-image-preview":"max-image-preview:large","max-video-preview":"max-video-preview:-1"},"canonical":"https:\/\/talkpal.ai\/pt-br\/gramatica-zulu\/","og_locale":"pt_BR","og_type":"article","og_title":"Gram\u00e1tica Zulu","og_description":"Navegando pelos meandros da gram\u00e1tica zulu O zulu, uma l\u00edngua bantu meridional do grupo Nguni com uma rica hist\u00f3ria e significado cultural, oferece uma","og_url":"https:\/\/talkpal.ai\/pt-br\/gramatica-zulu\/","og_site_name":"Talkpal","article_publisher":"https:\/\/www.facebook.com\/profile.php?id=100090733639311","article_modified_time":"2025-12-30T13:36:01+00:00","og_image":[{"width":2880,"height":1620,"url":"https:\/\/talkpal.ai\/wp-content\/uploads\/2025\/02\/Progress-tab-16_9.png","type":"image\/png"}],"twitter_card":"summary_large_image","twitter_site":"@talkpalai","twitter_misc":{"Est. tempo de leitura":"4 minutos"},"schema":{"@context":"https:\/\/schema.org","@graph":[{"@type":"WebPage","@id":"https:\/\/talkpal.ai\/pt-br\/gramatica-zulu\/","url":"https:\/\/talkpal.ai\/pt-br\/gramatica-zulu\/","name":"Gram\u00e1tica Zulu - Talkpal","isPartOf":{"@id":"https:\/\/talkpal.ai\/pt-br\/#website"},"datePublished":"2025-11-12T17:34:19+00:00","dateModified":"2025-12-30T13:36:01+00:00","description":"Domine as complexidades da gram\u00e1tica zulu com nosso guia abrangente com tecnologia de IA, projetado para um aprendizado r\u00e1pido e eficaz do idioma.","breadcrumb":{"@id":"https:\/\/talkpal.ai\/pt-br\/gramatica-zulu\/#breadcrumb"},"inLanguage":"pt-BR","potentialAction":[{"@type":"ReadAction","target":["https:\/\/talkpal.ai\/pt-br\/gramatica-zulu\/"]}]},{"@type":"BreadcrumbList","@id":"https:\/\/talkpal.ai\/pt-br\/gramatica-zulu\/#breadcrumb","itemListElement":[{"@type":"ListItem","position":1,"name":"Homepage","item":"https:\/\/talkpal.ai\/pt-br\/"},{"@type":"ListItem","position":2,"name":"Gram\u00e1tica Zulu"}]},{"@type":"WebSite","@id":"https:\/\/talkpal.ai\/pt-br\/#website","url":"https:\/\/talkpal.ai\/pt-br\/","name":"Talkpal","description":"AI Language Learning","publisher":{"@id":"https:\/\/talkpal.ai\/pt-br\/#organization"},"alternateName":"Talkpal AI","potentialAction":[{"@type":"SearchAction","target":{"@type":"EntryPoint","urlTemplate":"https:\/\/talkpal.ai\/pt-br\/?s={search_term_string}"},"query-input":{"@type":"PropertyValueSpecification","valueRequired":true,"valueName":"search_term_string"}}],"inLanguage":"pt-BR"},{"@type":"Organization","@id":"https:\/\/talkpal.ai\/pt-br\/#organization","name":"Talkpal, Inc.","alternateName":"Talkpal AI","url":"https:\/\/talkpal.ai\/pt-br\/","logo":{"@type":"ImageObject","inLanguage":"pt-BR","@id":"https:\/\/talkpal.ai\/pt-br\/#\/schema\/logo\/image\/","url":"https:\/\/talkpal.ai\/wp-content\/uploads\/2024\/03\/Talkpal-Logo-Icon.png","contentUrl":"https:\/\/talkpal.ai\/wp-content\/uploads\/2024\/03\/Talkpal-Logo-Icon.png","width":2880,"height":2880,"caption":"Talkpal, Inc."},"image":{"@id":"https:\/\/talkpal.ai\/pt-br\/#\/schema\/logo\/image\/"},"sameAs":["https:\/\/www.facebook.com\/profile.php?id=100090733639311","https:\/\/x.com\/talkpalai","https:\/\/www.linkedin.com\/company\/talkpal\/","https:\/\/www.youtube.com\/@TalkPal\/","https:\/\/www.tiktok.com\/@talkpal","https:\/\/www.instagram.com\/talkpal_ai\/","https:\/\/www.crunchbase.com\/organization\/talkpal-9cde","https:\/\/www.g2.com\/products\/talkpal-for-business\/","https:\/\/www.trustpilot.com\/review\/talkpal.ai","https:\/\/www.capterra.com\/p\/10006800\/TalkPal\/"],"description":"Talkpal is a language learning web and mobile education app, powered by the latest AI technologies, that provides engaging experiences to its customers in many different languages to help them improve their language skills. Users can chat about unlimited amount of topics with the app and use other modes to practice their language learning.","email":"support@talkpal.ai","legalName":"Talkpal, Inc.","foundingDate":"2023-04-03","duns":"118989042","numberOfEmployees":{"@type":"QuantitativeValue","minValue":"11","maxValue":"50"},"publishingPrinciples":"https:\/\/talkpal.ai\/publishing-principles\/","actionableFeedbackPolicy":"https:\/\/talkpal.ai\/actionable-feedback-policy\/","correctionsPolicy":"https:\/\/talkpal.ai\/corrections-policy\/","ethicsPolicy":"https:\/\/talkpal.ai\/ethics-policy\/","diversityPolicy":"https:\/\/talkpal.ai\/diversity-policy\/","diversityStaffingReport":"https:\/\/talkpal.ai\/diversity-policy\/"}]}},"_links":{"self":[{"href":"https:\/\/talkpal.ai\/pt-br\/wp-json\/wp\/v2\/pages\/1464518","targetHints":{"allow":["GET"]}}],"collection":[{"href":"https:\/\/talkpal.ai\/pt-br\/wp-json\/wp\/v2\/pages"}],"about":[{"href":"https:\/\/talkpal.ai\/pt-br\/wp-json\/wp\/v2\/types\/page"}],"author":[{"embeddable":true,"href":"https:\/\/talkpal.ai\/pt-br\/wp-json\/wp\/v2\/users\/20"}],"replies":[{"embeddable":true,"href":"https:\/\/talkpal.ai\/pt-br\/wp-json\/wp\/v2\/comments?post=1464518"}],"version-history":[{"count":0,"href":"https:\/\/talkpal.ai\/pt-br\/wp-json\/wp\/v2\/pages\/1464518\/revisions"}],"wp:attachment":[{"href":"https:\/\/talkpal.ai\/pt-br\/wp-json\/wp\/v2\/media?parent=1464518"}],"curies":[{"name":"wp","href":"https:\/\/api.w.org\/{rel}","templated":true}]}}