{"id":1463608,"date":"2025-11-12T11:25:16","date_gmt":"2025-11-12T11:25:16","guid":{"rendered":"https:\/\/talkpal.ai\/gramatica-khmer\/"},"modified":"2025-12-30T14:40:54","modified_gmt":"2025-12-30T14:40:54","slug":"gramatica-khmer","status":"publish","type":"page","link":"https:\/\/talkpal.ai\/pt-br\/gramatica-khmer\/","title":{"rendered":"Gram\u00e1tica Khmer"},"content":{"rendered":"\r\n\r\n\r\n<section class=\"languageChallengeSection\">\r\n    <div class=\"languageInfoWrapper\">\r\n        \r\n        <h1>Gram\u00e1tica Khmer<\/h1>\r\n        <p>A <a href=\"https:\/\/talkpal.ai\/khmer-grammar\/\">gram\u00e1tica Khmer<\/a> pode parecer desafiadora no in\u00edcio, mas suas caracter\u00edsticas \u00fanicas tornam o aprendizado do idioma uma experi\u00eancia gratificante. Ao explorar seu alfabeto, muta\u00e7\u00f5es e regras gramaticais, voc\u00ea ter\u00e1 uma vis\u00e3o de uma rica tradi\u00e7\u00e3o lingu\u00edstica. Comece sua jornada e descubra a beleza do <a href=\"https:\/\/talkpal.ai\/learn-khmer\/\">Khmer<\/a>!<\/p>\r\n\r\n                            <a class=\"getStartedHidden\" href=\"https:\/\/app.talkpal.ai\/pt-br\/signup?lng=\">Come\u00e7a<\/a>\r\n        \r\n    <\/div>\r\n\r\n    <figure>\r\n    <img decoding=\"async\" width=\"768\" height=\"768\" src=\"https:\/\/talkpal.ai\/wp-content\/uploads\/2023\/06\/welsh-768x768.png\" class=\"languageImage no-lazy\" alt=\"Language learning for better cognitive abilities\" fetchpriority=\"high\" sizes=\"(max-width: 768px) 150px, 768px\" srcset=\"https:\/\/talkpal.ai\/wp-content\/uploads\/2023\/06\/welsh-768x768.png 768w, https:\/\/talkpal.ai\/wp-content\/uploads\/2023\/06\/welsh-300x300.png 300w\" \/>\r\n    \r\n\r\n    <\/figure>\r\n\r\n            <a class=\"getStartedVisible\" href=\"https:\/\/app.talkpal.ai\/pt-br\/signup?lng=\">Come\u00e7a<\/a>\r\n    \r\n<\/section><section class=\"promotionalBanner\">\r\n    <p class=\"promotionalText\">A maneira mais eficiente de aprender um idioma<\/p>\r\n    <a class=\"promotionalLink\" href=\"https:\/\/app.talkpal.ai\/pt-br\/signup?lng=\">Experimente o Talkpal gratuitamente<\/a>\r\n<\/section>\n<div class=\"wp-block-group pageContainerStyle\"><div class=\"wp-block-group__inner-container is-layout-constrained wp-block-group-is-layout-constrained\">\n<h2 class=\"wp-block-heading\" id=\"h-navigating-the-intricacies-of-khmer-grammar\">Navegando pelos meandros da gram\u00e1tica Khmer<\/h2>\n\n\n\n<p><a href=\"https:\/\/talkpal.ai\/pt-br\/aprenda-khmer\/\">O Khmer<\/a>, a l\u00edngua nacional do Camboja e uma importante l\u00edngua austro-asi\u00e1tica com uma profunda tradi\u00e7\u00e3o liter\u00e1ria, oferece uma experi\u00eancia lingu\u00edstica emocionante para aqueles ansiosos para explorar seu sistema gramatical \u00fanico. Ao se aventurar no reino do Khmer, voc\u00ea n\u00e3o apenas enriquecer\u00e1 seu repert\u00f3rio lingu\u00edstico, mas tamb\u00e9m abra\u00e7ar\u00e1 uma fascinante jornada cultural. Embora a gram\u00e1tica Khmer possa parecer desconhecida no in\u00edcio, dividi-la em componentes principais torna o aprendizado do idioma mais acess\u00edvel. Neste artigo, exploraremos o cativante mundo da gram\u00e1tica Khmer e forneceremos dicas sobre <a href=\"https:\/\/talkpal.ai\/locations\/language-courses-in-como\/\">como<\/a> dominar suas complexidades.<\/p>\n\n\n\n<h3 class=\"wp-block-heading\" id=\"h-1-khmer-alphabet-and-phonetics\">1. Alfabeto Khmer e Fon\u00e9tica<\/h3>\n\n\n\n<p>O sistema de escrita Khmer \u00e9 um abugida que compreende 33 consoantes, 23 vogais dependentes e 12 vogais independentes. As consoantes v\u00eam em duas s\u00e9ries que afetam a qualidade das vogais, e os s\u00edmbolos das vogais mudam sua pron\u00fancia dependendo da s\u00e9rie consonantal. Para aprender a gram\u00e1tica Khmer, \u00e9 crucial familiarizar-se com essa escrita distinta praticando a leitura e a escrita em Khmer.<\/p>\n\n\n\n<h3 class=\"wp-block-heading\" id=\"h-2-consonant-series-a-peculiar-khmer-feature\">2. S\u00e9rie Consonantal: Uma Caracter\u00edstica Khmer Peculiar<\/h3>\n\n\n\n<p>Um dos aspectos mais marcantes do Khmer s\u00e3o suas duas s\u00e9ries consonantais, muitas vezes chamadas de registros, que influenciam a forma como as vogais dependentes s\u00e3o pronunciadas. As consoantes da s\u00e9rie A e da s\u00e9rie O fazem com que o mesmo s\u00edmbolo de vogal seja lido de forma diferente. Entender como essas s\u00e9ries funcionam, juntamente com os diacr\u00edticos comuns, \u00e9 vital para uma pron\u00fancia e escrita precisas em Khmer.<\/p>\n\n\n\n<h3 class=\"wp-block-heading\" id=\"h-3-nouns-and-pronouns-gender-and-cases\">3. Substantivos e Pronomes: G\u00eanero e Casos<\/h3>\n\n\n\n<p>Os substantivos Khmer n\u00e3o t\u00eam <a href=\"https:\/\/talkpal.ai\/ar\/grammar_exercises\/genero-%d8%aa%d9%85%d8%a7%d8%b1%d9%8a%d9%86-%d9%84%d9%82%d9%88%d8%a7%d8%b9%d8%af-%d8%a7%d9%84%d9%84%d8%ba%d8%a9-%d8%a7%d9%84%d8%a5%d8%b3%d8%a8%d8%a7%d9%86%d9%8a%d8%a9\/\">g\u00eanero gramatical<\/a> e n\u00e3o flexionam para o caso. A pluralidade \u00e9 frequentemente indicada com contexto, reduplica\u00e7\u00e3o ou palavras como \u1785\u17d2\u179a\u17be\u1793. Os pronomes em Khmer incluem formas pessoais, possessivas, reflexivas, demonstrativas e interrogativas, e variam de acordo com a polidez e o contexto social. Familiarizar-se com esses pronomes e part\u00edculas, como \u179a\u1794\u179f\u17cb para possess\u00e3o, aumentar\u00e1 significativamente sua compreens\u00e3o da gram\u00e1tica Khmer.<\/p>\n\n\n\n<h3 class=\"wp-block-heading\" id=\"h-4-verbs-structure-and-conjugation\">4. Verbos: Estrutura e Conjuga\u00e7\u00e3o<\/h3>\n\n\n\n<p>Os verbos khmer n\u00e3o se conjugam para tempo, pessoa ou n\u00famero. Em vez disso, o tempo e o aspecto s\u00e3o expressos com part\u00edculas e adv\u00e9rbios, como \u1780\u17c6\u1796\u17bb\u1784 para progressivo, \u1794\u17b6\u1793 para passado completo e \u1793\u17b9\u1784 para <a href=\"https:\/\/talkpal.ai\/ja\/grammar_exercises\/futuro-%e3%82%b9%e3%83%9a%e3%82%a4%e3%83%b3%e8%aa%9e%e3%81%ae%e6%96%87%e6%b3%95%e3%81%ae%e6%bc%94%e7%bf%92\/\">futuro<\/a>. O humor pode ser indicado com palavras como \u179f\u17bc\u1798 ou \u1785\u17bc\u179a para imperativos educados e \u1780\u17bb\u17c6 para proibi\u00e7\u00f5es. Aprender essas part\u00edculas e constru\u00e7\u00f5es de verbos seriais comuns melhorar\u00e1 sua capacidade de se comunicar efetivamente em Khmer.<\/p>\n\n\n\n<h3 class=\"wp-block-heading\" id=\"h-5-adjectives-agreement-and-placement\">5. Adjetivos: Concord\u00e2ncia e Coloca\u00e7\u00e3o<\/h3>\n\n\n\n<p>Na gram\u00e1tica Khmer, os adjetivos normalmente seguem o substantivo que modificam e n\u00e3o concordam em n\u00famero ou g\u00eanero. Comparativos e superlativos s\u00e3o formados analiticamente, muitas vezes usando \u1787\u17b6\u1784 para compara\u00e7\u00e3o e \u1787\u17b6\u1784\u1782\u17c1 ou \u1794\u17c6\u1795\u17bb\u178f para superlativos.<\/p>\n\n\n\n<p><strong>Exemplos:<\/strong><\/p>\n\n\n\n<p><strong>\u2013 \u179f\u17c1\u1785\u1780\u17d2\u178f\u17b8\u179f\u17d2\u179a\u17a1\u17b6\u1789\u17cb \u1792\u17c6 (grande amor)<\/strong><\/p>\n\n\n\n<p><strong>\u2013 \u1780\u17bc\u1793\u1780\u17d2\u1798\u17c1\u1784 \u178f\u17bc\u1785 (crian\u00e7as pequenas)<\/strong><\/p>\n\n\n\n<h3 class=\"wp-block-heading\" id=\"h-6-engaging-with-the-language\">6. Envolvendo-se com o idioma<\/h3>\n\n\n\n<p>A maneira mais eficaz de entender e internalizar completamente a gram\u00e1tica Khmer \u00e9 se envolver consistentemente com o idioma. Ao ler literatura Khmer, assistir a filmes ou s\u00e9ries de televis\u00e3o Khmer, ouvir m\u00fasica Khmer e se comunicar ativamente com falantes nativos, voc\u00ea refor\u00e7ar\u00e1 sua compreens\u00e3o da gram\u00e1tica enquanto expande seu vocabul\u00e1rio.<\/p>\n\n\n\n<h3 class=\"wp-block-heading\" id=\"h-conclusion\">Conclus\u00e3o<\/h3>\n\n\n\n<p>Embora a gram\u00e1tica Khmer possa parecer complexa, voc\u00ea pode se tornar proficiente neste belo idioma com dedica\u00e7\u00e3o, pr\u00e1tica e entusiasmo. Ao se concentrar nas regras fundamentais e se envolver com o idioma em diferentes contextos, voc\u00ea aprimorar\u00e1 rapidamente suas <a href=\"https:\/\/talkpal.ai\/pt-br\/gramatica\/\">habilidades gramaticais<\/a> em Khmer. Somnang laor (<a href=\"https:\/\/talkpal.ai\/culture\/how-do-i-say-good-luck-in-portuguese\/\">boa sorte<\/a>) com sua jornada na l\u00edngua Khmer e divirta-se desvendando o mundo enigm\u00e1tico e cativante da gram\u00e1tica Khmer!<\/p>\n<\/div><\/div>\n\r\n<section class=\"learnNavigationSection\">\r\n            \r\n        <a href=\"https:\/\/talkpal.ai\/pt-br\/aprenda-khmer\/\">\r\n            <div class=\"learnNavigationWrapper\">\r\n                <div class=\"learnNavigationContent\">\r\n                    <img decoding=\"async\" src=\"https:\/\/talkpal.ai\/wp-content\/uploads\/2025\/11\/Khmer.png\" alt=\"Cambodian Flag\">\r\n                    <div>\r\n                        <h4>Sobre o Khmer Learning<\/h4>\r\n                        <p>Saiba tudo sobre a gram\u00e1tica Khmer.<\/p>\r\n                    <\/div>\r\n                <\/div>\r\n            <\/div>\r\n        <\/a>\r\n\r\n        \r\n        <a href=\"https:\/\/talkpal.ai\/pt-br\/exercicios-de-gramatica-khmer\/\">\r\n            <div class=\"learnNavigationWrapper\">\r\n                <div class=\"learnNavigationContent\">\r\n                    <img decoding=\"async\" src=\"https:\/\/talkpal.ai\/wp-content\/uploads\/2025\/11\/Khmer.png\" alt=\"Cambodian Flag\">\r\n                    <div>\r\n                        <h4>Exerc\u00edcio de gram\u00e1tica khmer<\/h4>\r\n                        <p>Pratique a gram\u00e1tica Khmer.<\/p>\r\n                    <\/div>\r\n                <\/div>\r\n            <\/div>\r\n        <\/a>\r\n\r\n            <\/section>","protected":false},"excerpt":{"rendered":"<p>Navegando pelos meandros da gram\u00e1tica Khmer O Khmer, a l\u00edngua nacional do Camboja e uma importante l\u00edngua austro-asi\u00e1tica com uma profunda tradi\u00e7\u00e3o liter\u00e1ria, oferece uma experi\u00eancia lingu\u00edstica emocionante para aqueles ansiosos para explorar seu sistema gramatical \u00fanico. Ao se aventurar no reino do Khmer, voc\u00ea n\u00e3o apenas enriquecer\u00e1 seu repert\u00f3rio lingu\u00edstico, mas tamb\u00e9m abra\u00e7ar\u00e1 uma [&hellip;]<\/p>\n","protected":false},"author":20,"featured_media":0,"parent":0,"menu_order":0,"comment_status":"closed","ping_status":"closed","template":"LearningContentPage.php","meta":{"_acf_changed":false,"footnotes":""},"class_list":["post-1463608","page","type-page","status-publish","hentry"],"acf":[],"yoast_head":"<!-- This site is optimized with the Yoast SEO Premium plugin v27.2 (Yoast SEO v27.2) - https:\/\/yoast.com\/product\/yoast-seo-premium-wordpress\/ -->\n<title>Gram\u00e1tica Khmer - Talkpal<\/title>\n<meta name=\"description\" content=\"Domine os fundamentos da gram\u00e1tica do Khmer, incluindo o alfabeto, a fon\u00e9tica e a estrutura das frases, com nosso guia abrangente de aprendizado do idioma.\" \/>\n<meta name=\"robots\" content=\"index, follow, max-snippet:-1, max-image-preview:large, max-video-preview:-1\" \/>\n<link rel=\"canonical\" href=\"https:\/\/talkpal.ai\/pt-br\/gramatica-khmer\/\" \/>\n<meta property=\"og:locale\" content=\"pt_BR\" \/>\n<meta property=\"og:type\" content=\"article\" \/>\n<meta property=\"og:title\" content=\"Gram\u00e1tica Khmer\" \/>\n<meta property=\"og:description\" content=\"Navegando pelos meandros da gram\u00e1tica Khmer O Khmer, a l\u00edngua nacional do Camboja e uma importante l\u00edngua austro-asi\u00e1tica com uma profunda tradi\u00e7\u00e3o\" \/>\n<meta property=\"og:url\" content=\"https:\/\/talkpal.ai\/pt-br\/gramatica-khmer\/\" \/>\n<meta property=\"og:site_name\" content=\"Talkpal\" \/>\n<meta property=\"article:publisher\" content=\"https:\/\/www.facebook.com\/profile.php?id=100090733639311\" \/>\n<meta property=\"article:modified_time\" content=\"2025-12-30T14:40:54+00:00\" \/>\n<meta property=\"og:image\" content=\"https:\/\/talkpal.ai\/wp-content\/uploads\/2025\/02\/Progress-tab-16_9.png\" \/>\n\t<meta property=\"og:image:width\" content=\"2880\" \/>\n\t<meta property=\"og:image:height\" content=\"1620\" \/>\n\t<meta property=\"og:image:type\" content=\"image\/png\" \/>\n<meta name=\"twitter:card\" content=\"summary_large_image\" \/>\n<meta name=\"twitter:site\" content=\"@talkpalai\" \/>\n<meta name=\"twitter:label1\" content=\"Est. tempo de leitura\" \/>\n\t<meta name=\"twitter:data1\" content=\"3 minutos\" \/>\n<script type=\"application\/ld+json\" class=\"yoast-schema-graph\">{\"@context\":\"https:\/\/schema.org\",\"@graph\":[{\"@type\":\"WebPage\",\"@id\":\"https:\/\/talkpal.ai\/pt-br\/gramatica-khmer\/\",\"url\":\"https:\/\/talkpal.ai\/pt-br\/gramatica-khmer\/\",\"name\":\"Gram\u00e1tica Khmer - Talkpal\",\"isPartOf\":{\"@id\":\"https:\/\/talkpal.ai\/pt-br\/#website\"},\"datePublished\":\"2025-11-12T11:25:16+00:00\",\"dateModified\":\"2025-12-30T14:40:54+00:00\",\"description\":\"Domine os fundamentos da gram\u00e1tica do Khmer, incluindo o alfabeto, a fon\u00e9tica e a estrutura das frases, com nosso guia abrangente de aprendizado do idioma.\",\"breadcrumb\":{\"@id\":\"https:\/\/talkpal.ai\/pt-br\/gramatica-khmer\/#breadcrumb\"},\"inLanguage\":\"pt-BR\",\"potentialAction\":[{\"@type\":\"ReadAction\",\"target\":[\"https:\/\/talkpal.ai\/pt-br\/gramatica-khmer\/\"]}]},{\"@type\":\"BreadcrumbList\",\"@id\":\"https:\/\/talkpal.ai\/pt-br\/gramatica-khmer\/#breadcrumb\",\"itemListElement\":[{\"@type\":\"ListItem\",\"position\":1,\"name\":\"Homepage\",\"item\":\"https:\/\/talkpal.ai\/pt-br\/\"},{\"@type\":\"ListItem\",\"position\":2,\"name\":\"Gram\u00e1tica Khmer\"}]},{\"@type\":\"WebSite\",\"@id\":\"https:\/\/talkpal.ai\/pt-br\/#website\",\"url\":\"https:\/\/talkpal.ai\/pt-br\/\",\"name\":\"Talkpal\",\"description\":\"AI Language Learning\",\"publisher\":{\"@id\":\"https:\/\/talkpal.ai\/pt-br\/#organization\"},\"alternateName\":\"Talkpal AI\",\"potentialAction\":[{\"@type\":\"SearchAction\",\"target\":{\"@type\":\"EntryPoint\",\"urlTemplate\":\"https:\/\/talkpal.ai\/pt-br\/?s={search_term_string}\"},\"query-input\":{\"@type\":\"PropertyValueSpecification\",\"valueRequired\":true,\"valueName\":\"search_term_string\"}}],\"inLanguage\":\"pt-BR\"},{\"@type\":\"Organization\",\"@id\":\"https:\/\/talkpal.ai\/pt-br\/#organization\",\"name\":\"Talkpal, Inc.\",\"alternateName\":\"Talkpal AI\",\"url\":\"https:\/\/talkpal.ai\/pt-br\/\",\"logo\":{\"@type\":\"ImageObject\",\"inLanguage\":\"pt-BR\",\"@id\":\"https:\/\/talkpal.ai\/pt-br\/#\/schema\/logo\/image\/\",\"url\":\"https:\/\/talkpal.ai\/wp-content\/uploads\/2024\/03\/Talkpal-Logo-Icon.png\",\"contentUrl\":\"https:\/\/talkpal.ai\/wp-content\/uploads\/2024\/03\/Talkpal-Logo-Icon.png\",\"width\":2880,\"height\":2880,\"caption\":\"Talkpal, Inc.\"},\"image\":{\"@id\":\"https:\/\/talkpal.ai\/pt-br\/#\/schema\/logo\/image\/\"},\"sameAs\":[\"https:\/\/www.facebook.com\/profile.php?id=100090733639311\",\"https:\/\/x.com\/talkpalai\",\"https:\/\/www.linkedin.com\/company\/talkpal\/\",\"https:\/\/www.youtube.com\/@TalkPal\/\",\"https:\/\/www.tiktok.com\/@talkpal\",\"https:\/\/www.instagram.com\/talkpal_ai\/\",\"https:\/\/www.crunchbase.com\/organization\/talkpal-9cde\",\"https:\/\/www.g2.com\/products\/talkpal-for-business\/\",\"https:\/\/www.trustpilot.com\/review\/talkpal.ai\",\"https:\/\/www.capterra.com\/p\/10006800\/TalkPal\/\"],\"description\":\"Talkpal is a language learning web and mobile education app, powered by the latest AI technologies, that provides engaging experiences to its customers in many different languages to help them improve their language skills. Users can chat about unlimited amount of topics with the app and use other modes to practice their language learning.\",\"email\":\"support@talkpal.ai\",\"legalName\":\"Talkpal, Inc.\",\"foundingDate\":\"2023-04-03\",\"duns\":\"118989042\",\"numberOfEmployees\":{\"@type\":\"QuantitativeValue\",\"minValue\":\"11\",\"maxValue\":\"50\"},\"publishingPrinciples\":\"https:\/\/talkpal.ai\/publishing-principles\/\",\"actionableFeedbackPolicy\":\"https:\/\/talkpal.ai\/actionable-feedback-policy\/\",\"correctionsPolicy\":\"https:\/\/talkpal.ai\/corrections-policy\/\",\"ethicsPolicy\":\"https:\/\/talkpal.ai\/ethics-policy\/\",\"diversityPolicy\":\"https:\/\/talkpal.ai\/diversity-policy\/\",\"diversityStaffingReport\":\"https:\/\/talkpal.ai\/diversity-policy\/\"}]}<\/script>\n<!-- \/ Yoast SEO Premium plugin. -->","yoast_head_json":{"title":"Gram\u00e1tica Khmer - Talkpal","description":"Domine os fundamentos da gram\u00e1tica do Khmer, incluindo o alfabeto, a fon\u00e9tica e a estrutura das frases, com nosso guia abrangente de aprendizado do idioma.","robots":{"index":"index","follow":"follow","max-snippet":"max-snippet:-1","max-image-preview":"max-image-preview:large","max-video-preview":"max-video-preview:-1"},"canonical":"https:\/\/talkpal.ai\/pt-br\/gramatica-khmer\/","og_locale":"pt_BR","og_type":"article","og_title":"Gram\u00e1tica Khmer","og_description":"Navegando pelos meandros da gram\u00e1tica Khmer O Khmer, a l\u00edngua nacional do Camboja e uma importante l\u00edngua austro-asi\u00e1tica com uma profunda tradi\u00e7\u00e3o","og_url":"https:\/\/talkpal.ai\/pt-br\/gramatica-khmer\/","og_site_name":"Talkpal","article_publisher":"https:\/\/www.facebook.com\/profile.php?id=100090733639311","article_modified_time":"2025-12-30T14:40:54+00:00","og_image":[{"width":2880,"height":1620,"url":"https:\/\/talkpal.ai\/wp-content\/uploads\/2025\/02\/Progress-tab-16_9.png","type":"image\/png"}],"twitter_card":"summary_large_image","twitter_site":"@talkpalai","twitter_misc":{"Est. tempo de leitura":"3 minutos"},"schema":{"@context":"https:\/\/schema.org","@graph":[{"@type":"WebPage","@id":"https:\/\/talkpal.ai\/pt-br\/gramatica-khmer\/","url":"https:\/\/talkpal.ai\/pt-br\/gramatica-khmer\/","name":"Gram\u00e1tica Khmer - Talkpal","isPartOf":{"@id":"https:\/\/talkpal.ai\/pt-br\/#website"},"datePublished":"2025-11-12T11:25:16+00:00","dateModified":"2025-12-30T14:40:54+00:00","description":"Domine os fundamentos da gram\u00e1tica do Khmer, incluindo o alfabeto, a fon\u00e9tica e a estrutura das frases, com nosso guia abrangente de aprendizado do idioma.","breadcrumb":{"@id":"https:\/\/talkpal.ai\/pt-br\/gramatica-khmer\/#breadcrumb"},"inLanguage":"pt-BR","potentialAction":[{"@type":"ReadAction","target":["https:\/\/talkpal.ai\/pt-br\/gramatica-khmer\/"]}]},{"@type":"BreadcrumbList","@id":"https:\/\/talkpal.ai\/pt-br\/gramatica-khmer\/#breadcrumb","itemListElement":[{"@type":"ListItem","position":1,"name":"Homepage","item":"https:\/\/talkpal.ai\/pt-br\/"},{"@type":"ListItem","position":2,"name":"Gram\u00e1tica Khmer"}]},{"@type":"WebSite","@id":"https:\/\/talkpal.ai\/pt-br\/#website","url":"https:\/\/talkpal.ai\/pt-br\/","name":"Talkpal","description":"AI Language Learning","publisher":{"@id":"https:\/\/talkpal.ai\/pt-br\/#organization"},"alternateName":"Talkpal AI","potentialAction":[{"@type":"SearchAction","target":{"@type":"EntryPoint","urlTemplate":"https:\/\/talkpal.ai\/pt-br\/?s={search_term_string}"},"query-input":{"@type":"PropertyValueSpecification","valueRequired":true,"valueName":"search_term_string"}}],"inLanguage":"pt-BR"},{"@type":"Organization","@id":"https:\/\/talkpal.ai\/pt-br\/#organization","name":"Talkpal, Inc.","alternateName":"Talkpal AI","url":"https:\/\/talkpal.ai\/pt-br\/","logo":{"@type":"ImageObject","inLanguage":"pt-BR","@id":"https:\/\/talkpal.ai\/pt-br\/#\/schema\/logo\/image\/","url":"https:\/\/talkpal.ai\/wp-content\/uploads\/2024\/03\/Talkpal-Logo-Icon.png","contentUrl":"https:\/\/talkpal.ai\/wp-content\/uploads\/2024\/03\/Talkpal-Logo-Icon.png","width":2880,"height":2880,"caption":"Talkpal, Inc."},"image":{"@id":"https:\/\/talkpal.ai\/pt-br\/#\/schema\/logo\/image\/"},"sameAs":["https:\/\/www.facebook.com\/profile.php?id=100090733639311","https:\/\/x.com\/talkpalai","https:\/\/www.linkedin.com\/company\/talkpal\/","https:\/\/www.youtube.com\/@TalkPal\/","https:\/\/www.tiktok.com\/@talkpal","https:\/\/www.instagram.com\/talkpal_ai\/","https:\/\/www.crunchbase.com\/organization\/talkpal-9cde","https:\/\/www.g2.com\/products\/talkpal-for-business\/","https:\/\/www.trustpilot.com\/review\/talkpal.ai","https:\/\/www.capterra.com\/p\/10006800\/TalkPal\/"],"description":"Talkpal is a language learning web and mobile education app, powered by the latest AI technologies, that provides engaging experiences to its customers in many different languages to help them improve their language skills. Users can chat about unlimited amount of topics with the app and use other modes to practice their language learning.","email":"support@talkpal.ai","legalName":"Talkpal, Inc.","foundingDate":"2023-04-03","duns":"118989042","numberOfEmployees":{"@type":"QuantitativeValue","minValue":"11","maxValue":"50"},"publishingPrinciples":"https:\/\/talkpal.ai\/publishing-principles\/","actionableFeedbackPolicy":"https:\/\/talkpal.ai\/actionable-feedback-policy\/","correctionsPolicy":"https:\/\/talkpal.ai\/corrections-policy\/","ethicsPolicy":"https:\/\/talkpal.ai\/ethics-policy\/","diversityPolicy":"https:\/\/talkpal.ai\/diversity-policy\/","diversityStaffingReport":"https:\/\/talkpal.ai\/diversity-policy\/"}]}},"_links":{"self":[{"href":"https:\/\/talkpal.ai\/pt-br\/wp-json\/wp\/v2\/pages\/1463608","targetHints":{"allow":["GET"]}}],"collection":[{"href":"https:\/\/talkpal.ai\/pt-br\/wp-json\/wp\/v2\/pages"}],"about":[{"href":"https:\/\/talkpal.ai\/pt-br\/wp-json\/wp\/v2\/types\/page"}],"author":[{"embeddable":true,"href":"https:\/\/talkpal.ai\/pt-br\/wp-json\/wp\/v2\/users\/20"}],"replies":[{"embeddable":true,"href":"https:\/\/talkpal.ai\/pt-br\/wp-json\/wp\/v2\/comments?post=1463608"}],"version-history":[{"count":0,"href":"https:\/\/talkpal.ai\/pt-br\/wp-json\/wp\/v2\/pages\/1463608\/revisions"}],"wp:attachment":[{"href":"https:\/\/talkpal.ai\/pt-br\/wp-json\/wp\/v2\/media?parent=1463608"}],"curies":[{"name":"wp","href":"https:\/\/api.w.org\/{rel}","templated":true}]}}