{"id":1463549,"date":"2025-11-11T15:54:57","date_gmt":"2025-11-11T15:54:57","guid":{"rendered":"https:\/\/talkpal.ai\/gramatica-bengali\/"},"modified":"2025-12-30T15:13:34","modified_gmt":"2025-12-30T15:13:34","slug":"gramatica-bengali","status":"publish","type":"page","link":"https:\/\/talkpal.ai\/pt-br\/gramatica-bengali\/","title":{"rendered":"Gram\u00e1tica bengali"},"content":{"rendered":"\r\n\r\n\r\n<section class=\"languageChallengeSection\">\r\n    <div class=\"languageInfoWrapper\">\r\n        \r\n        <h1>Gram\u00e1tica bengali<\/h1>\r\n        <p>A <a href=\"https:\/\/talkpal.ai\/bengali-grammar\/\">gram\u00e1tica bengali<\/a> pode parecer desafiadora no in\u00edcio, mas suas caracter\u00edsticas \u00fanicas tornam o aprendizado do idioma uma experi\u00eancia gratificante. Ao explorar seu alfabeto, muta\u00e7\u00f5es e regras gramaticais, voc\u00ea ter\u00e1 uma vis\u00e3o de uma rica tradi\u00e7\u00e3o lingu\u00edstica. Comece sua jornada e descubra a beleza do <a href=\"https:\/\/talkpal.ai\/learn-bengali\/\">bengali<\/a>!<\/p>\r\n\r\n                            <a class=\"getStartedHidden\" href=\"https:\/\/app.talkpal.ai\/pt-br\/signup?lng=\">Come\u00e7a<\/a>\r\n        \r\n    <\/div>\r\n\r\n    <figure>\r\n    <img decoding=\"async\" width=\"768\" height=\"768\" src=\"https:\/\/talkpal.ai\/wp-content\/uploads\/2023\/06\/welsh-768x768.png\" class=\"languageImage no-lazy\" alt=\"Language learning for better cognitive abilities\" fetchpriority=\"high\" sizes=\"(max-width: 768px) 150px, 768px\" srcset=\"https:\/\/talkpal.ai\/wp-content\/uploads\/2023\/06\/welsh-768x768.png 768w, https:\/\/talkpal.ai\/wp-content\/uploads\/2023\/06\/welsh-300x300.png 300w\" \/>\r\n    \r\n\r\n    <\/figure>\r\n\r\n            <a class=\"getStartedVisible\" href=\"https:\/\/app.talkpal.ai\/pt-br\/signup?lng=\">Come\u00e7a<\/a>\r\n    \r\n<\/section><section class=\"promotionalBanner\">\r\n    <p class=\"promotionalText\">A maneira mais eficiente de aprender um idioma<\/p>\r\n    <a class=\"promotionalLink\" href=\"https:\/\/app.talkpal.ai\/pt-br\/signup?lng=\">Experimente o Talkpal gratuitamente<\/a>\r\n<\/section>\n<div class=\"wp-block-group pageContainerStyle\"><div class=\"wp-block-group__inner-container is-layout-constrained wp-block-group-is-layout-constrained\">\n<h2 class=\"wp-block-heading\" id=\"h-navigating-the-intricacies-of-bengali-grammar\">Navegando pelos meandros da gram\u00e1tica bengali<\/h2>\n\n\n\n<p><a href=\"https:\/\/talkpal.ai\/pt-br\/aprenda-bengali\/\">O bengali<\/a>, uma l\u00edngua indo-ariana com uma rica hist\u00f3ria e significado cultural, oferece uma experi\u00eancia lingu\u00edstica emocionante para aqueles que desejam explorar seu sistema gramatical \u00fanico. Ao se aventurar no reino do bengali, voc\u00ea n\u00e3o apenas enriquecer\u00e1 seu repert\u00f3rio lingu\u00edstico, mas tamb\u00e9m abra\u00e7ar\u00e1 uma fascinante jornada cultural. Embora a gram\u00e1tica bengali possa parecer complicada no in\u00edcio, dividi-la em componentes principais torna o aprendizado do idioma mais acess\u00edvel. Neste artigo, exploraremos o cativante mundo da gram\u00e1tica bengali e forneceremos dicas sobre <a href=\"https:\/\/talkpal.ai\/locations\/language-courses-in-como\/\">como<\/a> dominar suas complexidades.<\/p>\n\n\n\n<h3 class=\"wp-block-heading\" id=\"h-1-bengali-alphabet-and-phonetics\">1. Alfabeto bengali e fon\u00e9tica<\/h3>\n\n\n\n<p>A escrita bengali <a href=\"https:\/\/talkpal.ai\/locations\/learn-english-in-usa\/\">usa<\/a> um abugida com 11 vogais e 39 consoantes, juntamente com sinais como chandrabindu, visarga e anusvara. Para aprender a gram\u00e1tica bengali, \u00e9 crucial familiarizar-se com esse sistema de escrita distinto praticando a leitura e a escrita em bengali. As principais caracter\u00edsticas fon\u00e9ticas incluem a vogal inerente, contrastes entre sons dent\u00e1rios e retroflexos e consoantes aspiradas versus n\u00e3o aspiradas.<\/p>\n\n\n\n<h3 class=\"wp-block-heading\" id=\"h-2-sandhi-and-conjuncts-a-distinctive-bengali-feature\">2. Sandhi e Conjuntos: Uma Caracter\u00edstica Distintiva do Bengali<\/h3>\n\n\n\n<p>Um dos aspectos mais marcantes do bengali \u00e9 a preval\u00eancia de conjuntos de sandhi e consoantes, que podem alterar a pron\u00fancia e a ortografia nos limites do morfema e das palavras. Os padr\u00f5es comuns incluem redu\u00e7\u00e3o ou elis\u00e3o de vogais, assimila\u00e7\u00e3o, nasaliza\u00e7\u00e3o e forma\u00e7\u00e3o de ligaduras na escrita. Entender quando e como essas altern\u00e2ncias ocorrem \u00e9 vital para uma comunica\u00e7\u00e3o precisa em bengali.<\/p>\n\n\n\n<h3 class=\"wp-block-heading\" id=\"h-3-nouns-and-pronouns-classifiers-and-cases\">3. Substantivos e pronomes: classificadores e casos<\/h3>\n\n\n\n<p>Os substantivos bengalis n\u00e3o t\u00eam <a href=\"https:\/\/talkpal.ai\/ar\/grammar_exercises\/genero-%d8%aa%d9%85%d8%a7%d8%b1%d9%8a%d9%86-%d9%84%d9%82%d9%88%d8%a7%d8%b9%d8%af-%d8%a7%d9%84%d9%84%d8%ba%d8%a9-%d8%a7%d9%84%d8%a5%d8%b3%d8%a8%d8%a7%d9%86%d9%8a%d8%a9\/\">g\u00eanero gramatical<\/a>, e a marca\u00e7\u00e3o no plural geralmente envolve classificadores. Os marcadores de caso s\u00e3o anexados como sufixos, por exemplo, genitivo -r ou -er, objetivo -ke e locativo -e. Classificadores como -ta ou -ti, -jon e -khana s\u00e3o usados ao contar ou especificar substantivos. Os pronomes em bengali incluem formas pessoais, possessivas, reflexivas, demonstrativas e interrogativas e refletem n\u00edveis de polidez, por exemplo, <a href=\"https:\/\/talkpal.ai\/locations\/language-courses-in-ami\/\">ami<\/a>, tumi, apni, tui, she, tara. Familiarizar-se com esses pronomes e suas formas aumentar\u00e1 significativamente sua compreens\u00e3o da gram\u00e1tica bengali.<\/p>\n\n\n\n<h3 class=\"wp-block-heading\" id=\"h-4-verbs-structure-and-conjugation\">4. Verbos: Estrutura e Conjuga\u00e7\u00e3o<\/h3>\n\n\n\n<p>Os verbos bengalis seguem uma estrutura distinta e um padr\u00e3o de conjuga\u00e7\u00e3o, dependendo do tempo, aspecto, humor e polidez. Os tempos essenciais s\u00e3o <a href=\"https:\/\/talkpal.ai\/zh-hans\/grammar_exercises\/presente-%e8%a5%bf%e7%8f%ad%e7%89%99%e8%af%ad%e6%b3%95%e7%bb%83%e4%b9%a0\/\">presente<\/a>, passado e futuro, com elementos adicionais, como aspectos progressivos e perfeitos e modos condicionais e imperativos. Aprender as regras de conjuga\u00e7\u00e3o de verbos, incluindo padr\u00f5es negativos comuns com na, melhorar\u00e1 sua capacidade de se comunicar efetivamente em bengali.<\/p>\n\n\n\n<h3 class=\"wp-block-heading\" id=\"h-5-adjectives-agreement-and-placement\">5. Adjetivos: Concord\u00e2ncia e Coloca\u00e7\u00e3o<\/h3>\n\n\n\n<p>Concord\u00e2ncia e coloca\u00e7\u00e3o Na gram\u00e1tica bengali, os adjetivos normalmente precedem o substantivo que modificam e n\u00e3o concordam em g\u00eanero ou n\u00famero com o substantivo. Significados comparativos e superlativos s\u00e3o frequentemente expressos analiticamente, por exemplo, com beshi para comparativo e shobcheye para superlativo, embora sufixos formais como -toro e -tomo tamb\u00e9m existam.<\/p>\n\n\n\n<p><strong>Exemplos:<\/strong><\/p>\n\n\n\n<p><strong>\u2013 Chhoto Bachchara (crian\u00e7as pequenas)<\/strong><\/p>\n\n\n\n<p><strong>\u2013 Boro Bhalobasha (Grande Amor)<\/strong><\/p>\n\n\n\n<h3 class=\"wp-block-heading\" id=\"h-6-engaging-with-the-language\">6. Envolvendo-se com o idioma<\/h3>\n\n\n\n<p>A maneira mais eficaz de entender e internalizar completamente a gram\u00e1tica bengali \u00e9 se envolver consistentemente com o idioma. Ao ler literatura bengali, assistir a filmes ou s\u00e9ries de televis\u00e3o bengalis e se comunicar ativamente com falantes nativos, voc\u00ea refor\u00e7ar\u00e1 sua compreens\u00e3o da gram\u00e1tica enquanto expande seu vocabul\u00e1rio.<\/p>\n\n\n\n<h3 class=\"wp-block-heading\" id=\"h-conclusion\">Conclus\u00e3o<\/h3>\n\n\n\n<p>Embora a gram\u00e1tica bengali possa parecer complexa, voc\u00ea pode se tornar proficiente neste belo idioma com dedica\u00e7\u00e3o, pr\u00e1tica e entusiasmo. Ao se concentrar nas regras fundamentais e se envolver com o idioma em diferentes contextos, voc\u00ea aprimorar\u00e1 rapidamente suas <a href=\"https:\/\/talkpal.ai\/pt-br\/gramatica\/\">habilidades gramaticais<\/a> bengalis. Shubho kamona (boa sorte) com sua jornada no idioma bengali e divirta-se desvendando o mundo enigm\u00e1tico e cativante da gram\u00e1tica bengali!<\/p>\n<\/div><\/div>\n\r\n<section class=\"learnNavigationSection\">\r\n            \r\n        <a href=\"https:\/\/talkpal.ai\/pt-br\/aprenda-bengali\/\">\r\n            <div class=\"learnNavigationWrapper\">\r\n                <div class=\"learnNavigationContent\">\r\n                    <img decoding=\"async\" src=\"https:\/\/talkpal.ai\/wp-content\/uploads\/2025\/11\/Bengali.png\" alt=\"Bengali Flag\">\r\n                    <div>\r\n                        <h4>Sobre o aprendizado de bengali<\/h4>\r\n                        <p>Descubra tudo sobre a gram\u00e1tica bengali.<\/p>\r\n                    <\/div>\r\n                <\/div>\r\n            <\/div>\r\n        <\/a>\r\n\r\n        \r\n        <a href=\"https:\/\/talkpal.ai\/pt-br\/exercicios-de-gramatica-bengali\/\">\r\n            <div class=\"learnNavigationWrapper\">\r\n                <div class=\"learnNavigationContent\">\r\n                    <img decoding=\"async\" src=\"https:\/\/talkpal.ai\/wp-content\/uploads\/2025\/11\/Bengali.png\" alt=\"Bengali Flag\">\r\n                    <div>\r\n                        <h4>Exerc\u00edcio de gram\u00e1tica bengali<\/h4>\r\n                        <p>Pratique a gram\u00e1tica bengali.<\/p>\r\n                    <\/div>\r\n                <\/div>\r\n            <\/div>\r\n        <\/a>\r\n\r\n            <\/section>","protected":false},"excerpt":{"rendered":"<p>Navegando pelos meandros da gram\u00e1tica bengali O bengali, uma l\u00edngua indo-ariana com uma rica hist\u00f3ria e significado cultural, oferece uma experi\u00eancia lingu\u00edstica emocionante para aqueles que desejam explorar seu sistema gramatical \u00fanico. Ao se aventurar no reino do bengali, voc\u00ea n\u00e3o apenas enriquecer\u00e1 seu repert\u00f3rio lingu\u00edstico, mas tamb\u00e9m abra\u00e7ar\u00e1 uma fascinante jornada cultural. Embora a [&hellip;]<\/p>\n","protected":false},"author":20,"featured_media":0,"parent":0,"menu_order":0,"comment_status":"closed","ping_status":"closed","template":"LearningContentPage.php","meta":{"_acf_changed":false,"footnotes":""},"class_list":["post-1463549","page","type-page","status-publish","hentry"],"acf":[],"yoast_head":"<!-- This site is optimized with the Yoast SEO Premium plugin v27.2 (Yoast SEO v27.2) - https:\/\/yoast.com\/product\/yoast-seo-premium-wordpress\/ -->\n<title>Gram\u00e1tica bengali - Talkpal<\/title>\n<meta name=\"description\" content=\"Desvende os segredos da gram\u00e1tica do bengali e acelere sua jornada de aprendizado com nosso avan\u00e7ado tutor de idiomas com IA.\" \/>\n<meta name=\"robots\" content=\"index, follow, max-snippet:-1, max-image-preview:large, max-video-preview:-1\" \/>\n<link rel=\"canonical\" href=\"https:\/\/talkpal.ai\/pt-br\/gramatica-bengali\/\" \/>\n<meta property=\"og:locale\" content=\"pt_BR\" \/>\n<meta property=\"og:type\" content=\"article\" \/>\n<meta property=\"og:title\" content=\"Gram\u00e1tica bengali\" \/>\n<meta property=\"og:description\" content=\"Navegando pelos meandros da gram\u00e1tica bengali O bengali, uma l\u00edngua indo-ariana com uma rica hist\u00f3ria e significado cultural, oferece uma experi\u00eancia\" \/>\n<meta property=\"og:url\" content=\"https:\/\/talkpal.ai\/pt-br\/gramatica-bengali\/\" \/>\n<meta property=\"og:site_name\" content=\"Talkpal\" \/>\n<meta property=\"article:publisher\" content=\"https:\/\/www.facebook.com\/profile.php?id=100090733639311\" \/>\n<meta property=\"article:modified_time\" content=\"2025-12-30T15:13:34+00:00\" \/>\n<meta property=\"og:image\" content=\"https:\/\/talkpal.ai\/wp-content\/uploads\/2025\/02\/Progress-tab-16_9.png\" \/>\n\t<meta property=\"og:image:width\" content=\"2880\" \/>\n\t<meta property=\"og:image:height\" content=\"1620\" \/>\n\t<meta property=\"og:image:type\" content=\"image\/png\" \/>\n<meta name=\"twitter:card\" content=\"summary_large_image\" \/>\n<meta name=\"twitter:site\" content=\"@talkpalai\" \/>\n<meta name=\"twitter:label1\" content=\"Est. tempo de leitura\" \/>\n\t<meta name=\"twitter:data1\" content=\"3 minutos\" \/>\n<script type=\"application\/ld+json\" class=\"yoast-schema-graph\">{\"@context\":\"https:\/\/schema.org\",\"@graph\":[{\"@type\":\"WebPage\",\"@id\":\"https:\/\/talkpal.ai\/pt-br\/gramatica-bengali\/\",\"url\":\"https:\/\/talkpal.ai\/pt-br\/gramatica-bengali\/\",\"name\":\"Gram\u00e1tica bengali - Talkpal\",\"isPartOf\":{\"@id\":\"https:\/\/talkpal.ai\/pt-br\/#website\"},\"datePublished\":\"2025-11-11T15:54:57+00:00\",\"dateModified\":\"2025-12-30T15:13:34+00:00\",\"description\":\"Desvende os segredos da gram\u00e1tica do bengali e acelere sua jornada de aprendizado com nosso avan\u00e7ado tutor de idiomas com IA.\",\"breadcrumb\":{\"@id\":\"https:\/\/talkpal.ai\/pt-br\/gramatica-bengali\/#breadcrumb\"},\"inLanguage\":\"pt-BR\",\"potentialAction\":[{\"@type\":\"ReadAction\",\"target\":[\"https:\/\/talkpal.ai\/pt-br\/gramatica-bengali\/\"]}]},{\"@type\":\"BreadcrumbList\",\"@id\":\"https:\/\/talkpal.ai\/pt-br\/gramatica-bengali\/#breadcrumb\",\"itemListElement\":[{\"@type\":\"ListItem\",\"position\":1,\"name\":\"Homepage\",\"item\":\"https:\/\/talkpal.ai\/pt-br\/\"},{\"@type\":\"ListItem\",\"position\":2,\"name\":\"Gram\u00e1tica bengali\"}]},{\"@type\":\"WebSite\",\"@id\":\"https:\/\/talkpal.ai\/pt-br\/#website\",\"url\":\"https:\/\/talkpal.ai\/pt-br\/\",\"name\":\"Talkpal\",\"description\":\"AI Language Learning\",\"publisher\":{\"@id\":\"https:\/\/talkpal.ai\/pt-br\/#organization\"},\"alternateName\":\"Talkpal AI\",\"potentialAction\":[{\"@type\":\"SearchAction\",\"target\":{\"@type\":\"EntryPoint\",\"urlTemplate\":\"https:\/\/talkpal.ai\/pt-br\/?s={search_term_string}\"},\"query-input\":{\"@type\":\"PropertyValueSpecification\",\"valueRequired\":true,\"valueName\":\"search_term_string\"}}],\"inLanguage\":\"pt-BR\"},{\"@type\":\"Organization\",\"@id\":\"https:\/\/talkpal.ai\/pt-br\/#organization\",\"name\":\"Talkpal, Inc.\",\"alternateName\":\"Talkpal AI\",\"url\":\"https:\/\/talkpal.ai\/pt-br\/\",\"logo\":{\"@type\":\"ImageObject\",\"inLanguage\":\"pt-BR\",\"@id\":\"https:\/\/talkpal.ai\/pt-br\/#\/schema\/logo\/image\/\",\"url\":\"https:\/\/talkpal.ai\/wp-content\/uploads\/2024\/03\/Talkpal-Logo-Icon.png\",\"contentUrl\":\"https:\/\/talkpal.ai\/wp-content\/uploads\/2024\/03\/Talkpal-Logo-Icon.png\",\"width\":2880,\"height\":2880,\"caption\":\"Talkpal, Inc.\"},\"image\":{\"@id\":\"https:\/\/talkpal.ai\/pt-br\/#\/schema\/logo\/image\/\"},\"sameAs\":[\"https:\/\/www.facebook.com\/profile.php?id=100090733639311\",\"https:\/\/x.com\/talkpalai\",\"https:\/\/www.linkedin.com\/company\/talkpal\/\",\"https:\/\/www.youtube.com\/@TalkPal\/\",\"https:\/\/www.tiktok.com\/@talkpal\",\"https:\/\/www.instagram.com\/talkpal_ai\/\",\"https:\/\/www.crunchbase.com\/organization\/talkpal-9cde\",\"https:\/\/www.g2.com\/products\/talkpal-for-business\/\",\"https:\/\/www.trustpilot.com\/review\/talkpal.ai\",\"https:\/\/www.capterra.com\/p\/10006800\/TalkPal\/\"],\"description\":\"Talkpal is a language learning web and mobile education app, powered by the latest AI technologies, that provides engaging experiences to its customers in many different languages to help them improve their language skills. Users can chat about unlimited amount of topics with the app and use other modes to practice their language learning.\",\"email\":\"support@talkpal.ai\",\"legalName\":\"Talkpal, Inc.\",\"foundingDate\":\"2023-04-03\",\"duns\":\"118989042\",\"numberOfEmployees\":{\"@type\":\"QuantitativeValue\",\"minValue\":\"11\",\"maxValue\":\"50\"},\"publishingPrinciples\":\"https:\/\/talkpal.ai\/publishing-principles\/\",\"actionableFeedbackPolicy\":\"https:\/\/talkpal.ai\/actionable-feedback-policy\/\",\"correctionsPolicy\":\"https:\/\/talkpal.ai\/corrections-policy\/\",\"ethicsPolicy\":\"https:\/\/talkpal.ai\/ethics-policy\/\",\"diversityPolicy\":\"https:\/\/talkpal.ai\/diversity-policy\/\",\"diversityStaffingReport\":\"https:\/\/talkpal.ai\/diversity-policy\/\"}]}<\/script>\n<!-- \/ Yoast SEO Premium plugin. -->","yoast_head_json":{"title":"Gram\u00e1tica bengali - Talkpal","description":"Desvende os segredos da gram\u00e1tica do bengali e acelere sua jornada de aprendizado com nosso avan\u00e7ado tutor de idiomas com IA.","robots":{"index":"index","follow":"follow","max-snippet":"max-snippet:-1","max-image-preview":"max-image-preview:large","max-video-preview":"max-video-preview:-1"},"canonical":"https:\/\/talkpal.ai\/pt-br\/gramatica-bengali\/","og_locale":"pt_BR","og_type":"article","og_title":"Gram\u00e1tica bengali","og_description":"Navegando pelos meandros da gram\u00e1tica bengali O bengali, uma l\u00edngua indo-ariana com uma rica hist\u00f3ria e significado cultural, oferece uma experi\u00eancia","og_url":"https:\/\/talkpal.ai\/pt-br\/gramatica-bengali\/","og_site_name":"Talkpal","article_publisher":"https:\/\/www.facebook.com\/profile.php?id=100090733639311","article_modified_time":"2025-12-30T15:13:34+00:00","og_image":[{"width":2880,"height":1620,"url":"https:\/\/talkpal.ai\/wp-content\/uploads\/2025\/02\/Progress-tab-16_9.png","type":"image\/png"}],"twitter_card":"summary_large_image","twitter_site":"@talkpalai","twitter_misc":{"Est. tempo de leitura":"3 minutos"},"schema":{"@context":"https:\/\/schema.org","@graph":[{"@type":"WebPage","@id":"https:\/\/talkpal.ai\/pt-br\/gramatica-bengali\/","url":"https:\/\/talkpal.ai\/pt-br\/gramatica-bengali\/","name":"Gram\u00e1tica bengali - Talkpal","isPartOf":{"@id":"https:\/\/talkpal.ai\/pt-br\/#website"},"datePublished":"2025-11-11T15:54:57+00:00","dateModified":"2025-12-30T15:13:34+00:00","description":"Desvende os segredos da gram\u00e1tica do bengali e acelere sua jornada de aprendizado com nosso avan\u00e7ado tutor de idiomas com IA.","breadcrumb":{"@id":"https:\/\/talkpal.ai\/pt-br\/gramatica-bengali\/#breadcrumb"},"inLanguage":"pt-BR","potentialAction":[{"@type":"ReadAction","target":["https:\/\/talkpal.ai\/pt-br\/gramatica-bengali\/"]}]},{"@type":"BreadcrumbList","@id":"https:\/\/talkpal.ai\/pt-br\/gramatica-bengali\/#breadcrumb","itemListElement":[{"@type":"ListItem","position":1,"name":"Homepage","item":"https:\/\/talkpal.ai\/pt-br\/"},{"@type":"ListItem","position":2,"name":"Gram\u00e1tica bengali"}]},{"@type":"WebSite","@id":"https:\/\/talkpal.ai\/pt-br\/#website","url":"https:\/\/talkpal.ai\/pt-br\/","name":"Talkpal","description":"AI Language Learning","publisher":{"@id":"https:\/\/talkpal.ai\/pt-br\/#organization"},"alternateName":"Talkpal AI","potentialAction":[{"@type":"SearchAction","target":{"@type":"EntryPoint","urlTemplate":"https:\/\/talkpal.ai\/pt-br\/?s={search_term_string}"},"query-input":{"@type":"PropertyValueSpecification","valueRequired":true,"valueName":"search_term_string"}}],"inLanguage":"pt-BR"},{"@type":"Organization","@id":"https:\/\/talkpal.ai\/pt-br\/#organization","name":"Talkpal, Inc.","alternateName":"Talkpal AI","url":"https:\/\/talkpal.ai\/pt-br\/","logo":{"@type":"ImageObject","inLanguage":"pt-BR","@id":"https:\/\/talkpal.ai\/pt-br\/#\/schema\/logo\/image\/","url":"https:\/\/talkpal.ai\/wp-content\/uploads\/2024\/03\/Talkpal-Logo-Icon.png","contentUrl":"https:\/\/talkpal.ai\/wp-content\/uploads\/2024\/03\/Talkpal-Logo-Icon.png","width":2880,"height":2880,"caption":"Talkpal, Inc."},"image":{"@id":"https:\/\/talkpal.ai\/pt-br\/#\/schema\/logo\/image\/"},"sameAs":["https:\/\/www.facebook.com\/profile.php?id=100090733639311","https:\/\/x.com\/talkpalai","https:\/\/www.linkedin.com\/company\/talkpal\/","https:\/\/www.youtube.com\/@TalkPal\/","https:\/\/www.tiktok.com\/@talkpal","https:\/\/www.instagram.com\/talkpal_ai\/","https:\/\/www.crunchbase.com\/organization\/talkpal-9cde","https:\/\/www.g2.com\/products\/talkpal-for-business\/","https:\/\/www.trustpilot.com\/review\/talkpal.ai","https:\/\/www.capterra.com\/p\/10006800\/TalkPal\/"],"description":"Talkpal is a language learning web and mobile education app, powered by the latest AI technologies, that provides engaging experiences to its customers in many different languages to help them improve their language skills. Users can chat about unlimited amount of topics with the app and use other modes to practice their language learning.","email":"support@talkpal.ai","legalName":"Talkpal, Inc.","foundingDate":"2023-04-03","duns":"118989042","numberOfEmployees":{"@type":"QuantitativeValue","minValue":"11","maxValue":"50"},"publishingPrinciples":"https:\/\/talkpal.ai\/publishing-principles\/","actionableFeedbackPolicy":"https:\/\/talkpal.ai\/actionable-feedback-policy\/","correctionsPolicy":"https:\/\/talkpal.ai\/corrections-policy\/","ethicsPolicy":"https:\/\/talkpal.ai\/ethics-policy\/","diversityPolicy":"https:\/\/talkpal.ai\/diversity-policy\/","diversityStaffingReport":"https:\/\/talkpal.ai\/diversity-policy\/"}]}},"_links":{"self":[{"href":"https:\/\/talkpal.ai\/pt-br\/wp-json\/wp\/v2\/pages\/1463549","targetHints":{"allow":["GET"]}}],"collection":[{"href":"https:\/\/talkpal.ai\/pt-br\/wp-json\/wp\/v2\/pages"}],"about":[{"href":"https:\/\/talkpal.ai\/pt-br\/wp-json\/wp\/v2\/types\/page"}],"author":[{"embeddable":true,"href":"https:\/\/talkpal.ai\/pt-br\/wp-json\/wp\/v2\/users\/20"}],"replies":[{"embeddable":true,"href":"https:\/\/talkpal.ai\/pt-br\/wp-json\/wp\/v2\/comments?post=1463549"}],"version-history":[{"count":0,"href":"https:\/\/talkpal.ai\/pt-br\/wp-json\/wp\/v2\/pages\/1463549\/revisions"}],"wp:attachment":[{"href":"https:\/\/talkpal.ai\/pt-br\/wp-json\/wp\/v2\/media?parent=1463549"}],"curies":[{"name":"wp","href":"https:\/\/api.w.org\/{rel}","templated":true}]}}