{"id":1461874,"date":"2025-10-22T20:24:34","date_gmt":"2025-10-22T20:24:34","guid":{"rendered":"https:\/\/talkpal.ai\/desconto-talkpal-para-membros-da-familia-militar\/"},"modified":"2026-01-22T14:37:00","modified_gmt":"2026-01-22T14:37:00","slug":"desconto-talkpal-para-membros-da-familia-militar","status":"publish","type":"page","link":"https:\/\/talkpal.ai\/pt-br\/desconto-talkpal-para-membros-da-familia-militar\/","title":{"rendered":"Desconto Talkpal para membros da fam\u00edlia militar"},"content":{"rendered":"<section class=\"languageChallengeSection\">\r\n    <div class=\"languageInfoWrapper\">\r\n        \r\n        <h1>Desconto Talkpal para membros da fam\u00edlia militar<\/h1>\r\n        <p>Voc\u00ea \u00e9 um membro da fam\u00edlia militar que deseja fortalecer suas habilidades no idioma? O Talkpal oferece um desconto exclusivo de 79% para fam\u00edlias militares, ajudando voc\u00ea a aprender mais r\u00e1pido e de forma mais inteligente. Desbloqueie todos os recursos premium, pratique conversas reais com IA e crie flu\u00eancia pela metade do custo.<\/p>\r\n\r\n                    <a class=\"getStartedHidden\" href=\"https:\/\/app.talkpal.ai\/signup?discount=50\">\r\n                Obter desconto            <\/a>\r\n            <\/div>\r\n\r\n            <figure>\r\n            <img decoding=\"async\" class=\"no-lazy\" src=\"https:\/\/talkpal.ai\/wp-content\/uploads\/2026\/01\/straight-hair-girl-with-phone-light-background.webp\" alt=\"\" fetchpriority=\"high\" \/>\r\n        <\/figure>\r\n        \r\n                    <a class=\"getStartedVisible\" href=\"https:\/\/app.talkpal.ai\/signup?discount=50\">\r\n                Obter desconto            <\/a>\r\n        <\/section><section class=\"featureSection\">\r\n    <div class=\"featureIntroduce\">\r\n        <a class=\"introduceLink\" href=\"https:\/\/app.talkpal.ai\/pt-br\/signup?lng=\">\r\n            <img decoding=\"async\" src=\"https:\/\/talkpal.ai\/wp-content\/themes\/talkpal\/assets\/img\/Sparkle.svg\" alt=\"\" \/>O mais avan\u00e7ado\n  IA<\/a>\r\n        <h3 class=\"featureTitle\">A diferen\u00e7a do talkpal<\/h3>\r\n    <\/div>\r\n            <div class=\"introduceWrapper\">\r\n                            <a class=\"introducCard\" href=\"https:\/\/app.talkpal.ai\/pt-br\/signup?lng=\">\r\n\r\n                    \r\n                                                <img decoding=\"async\" src=\"https:\/\/talkpal.ai\/wp-content\/uploads\/2025\/05\/Immersive_conversations.png\" alt=\"Immersive Conversation Screenshot\" \/>\r\n                        <h4 class=\"introduceTitle\">Educa\u00e7\u00e3o personalizada<\/h4>\r\n                        <p class=\"cardText\">O caminho de aprendizagem de cada fam\u00edlia militar \u00e9 diferente &#8211; mudan\u00e7as de PCS, implanta\u00e7\u00f5es e agendas lotadas inclu\u00eddas. A Talkpal usa IA avan\u00e7ada para entender como milh\u00f5es de alunos progridem todos os dias, criando experi\u00eancias personalizadas, eficientes e envolventes projetadas para c\u00f4njuges, parceiros e dependentes de militares como voc\u00ea.<\/p>\r\n                    \r\n                <\/a>\r\n                            <a class=\"introducCard\" href=\"https:\/\/app.talkpal.ai\/pt-br\/signup?lng=\">\r\n\r\n                    \r\n                                                <img decoding=\"async\" src=\"https:\/\/talkpal.ai\/wp-content\/uploads\/2025\/05\/Realtime_feedback.png\" alt=\"Feedback Screenshot\" \/>\r\n                        <h4 class=\"introduceTitle\">Tecnologia de ponta<\/h4>\r\n                        <p class=\"cardText\">Nossa miss\u00e3o \u00e9 tornar o aprendizado personalizado de idiomas acess\u00edvel a fam\u00edlias de militares, combinando IA de ponta com m\u00e9todos de ensino comprovados. Com o Talkpal, voc\u00ea n\u00e3o apenas faz aulas &#8211; voc\u00ea experimenta uma jornada personalizada que se adapta ao seu ritmo, estilo de vida e objetivos, onde quer que o dever o leve.<\/p>\r\n                    \r\n                <\/a>\r\n                            <a class=\"introducCard\" href=\"https:\/\/app.talkpal.ai\/pt-br\/signup?lng=\">\r\n\r\n                    \r\n                                                <img decoding=\"async\" src=\"https:\/\/talkpal.ai\/wp-content\/uploads\/2025\/05\/Personalization.png\" alt=\"Personalization Screenshot\" \/>\r\n                        <h4 class=\"introduceTitle\">Tornar a aprendizagem divertida<\/h4>\r\n                        <p class=\"cardText\">Acreditamos que o aprendizado de idiomas deve ser agrad\u00e1vel e motivador. \u00c9 por isso que o Talkpal mant\u00e9m os membros da fam\u00edlia militar engajados e inspirados &#8211; para que pare\u00e7a menos estudar e mais uma aventura. Junte-se a milhares de alunos em todo o mundo e comece a dominar seu pr\u00f3ximo idioma com o Talkpal.<\/p>\r\n                    \r\n                <\/a>\r\n                            <\/div>\r\n                     <a class=\"featureSectionLink\" href=\"https:\/\/app.talkpal.ai\/signup?discount=50\">\r\n                Obter desconto            <\/a>\r\n                \r\n<\/section>\r\n\r\n\r\n<section class=\"smartFunSection\">\r\n            \r\n            <div class=\"smartFunCard\">\r\n                <div class=\"smartFunWrapper\"><img decoding=\"async\" src=\"https:\/\/talkpal.ai\/wp-content\/uploads\/2025\/05\/1.png\" alt=\"Learning Stats Screenshot\"><\/div>\r\n                <h3>Feito sob medida para voc\u00ea<\/h3>\r\n                <p>A Talkpal usa tecnologia orientada por IA para oferecer sess\u00f5es personalizadas adaptadas ao n\u00edvel e ritmo de cada membro da fam\u00edlia militar. Cada li\u00e7\u00e3o atende \u00e0s suas necessidades individuais e ajuda voc\u00ea a fazer um progresso constante, esteja voc\u00ea nos Estados Unidos ou no exterior.<\/p>\r\n            <\/div>\r\n\r\n        \r\n            <div class=\"smartFunCard\">\r\n                <div class=\"smartFunWrapper\"><img decoding=\"async\" src=\"https:\/\/talkpal.ai\/wp-content\/uploads\/2025\/05\/2.png\" alt=\"Pronunciation Score Screenshot\"><\/div>\r\n                <h3>Eficaz e eficiente<\/h3>\r\n                <p>Fortale\u00e7a suas habilidades de leitura, audi\u00e7\u00e3o e fala de forma eficiente com o Talkpal. Nossas ferramentas inovadoras tornam o estudo do idioma eficaz e agrad\u00e1vel para fam\u00edlias de militares de todas as origens e hor\u00e1rios.<\/p>\r\n            <\/div>\r\n\r\n        \r\n            <div class=\"smartFunCard\">\r\n                <div class=\"smartFunWrapper\"><img decoding=\"async\" src=\"https:\/\/talkpal.ai\/wp-content\/uploads\/2025\/05\/3.png\" alt=\"Chat Topics Screenshot\"><\/div>\r\n                <h3>Manter-se empenhado<\/h3>\r\n                <p>A plataforma combina elementos gamificados, desafios envolventes e sugest\u00f5es instigantes para manter os familiares militares motivados e consistentes. Com o Talkpal, o aprendizado de idiomas se torna um h\u00e1bito di\u00e1rio divertido &#8211; n\u00e3o outra obriga\u00e7\u00e3o.<\/p>\r\n            <\/div>\r\n\r\n        \r\n            <div class=\"smartFunCard\">\r\n                <div class=\"smartFunWrapper\"><img decoding=\"async\" src=\"https:\/\/talkpal.ai\/wp-content\/uploads\/2025\/05\/4.png\" alt=\"Dashboard Screenshot\"><\/div>\r\n                <h3>Divirta-se aprendendo<\/h3>\r\n                <p>Dominar um novo idioma n\u00e3o precisa ser tedioso. O Talkpal oferece exerc\u00edcios interativos, personagens animados e conversas alegres de IA para tornar o aprendizado uma parte agrad\u00e1vel do dia de cada membro da fam\u00edlia militar.<\/p>\r\n            <\/div>\r\n\r\n            \r\n<\/section>\r\n\r\n<section class=\"promotionalBanner\">\r\n    <p class=\"promotionalText\">Talkpal para familiares de militares &#8211; Comece a aprender com um pre\u00e7o com desconto<\/p>\r\n                <a class=\"promotionalLink\" href=\"https:\/\/app.talkpal.ai\/signup?discount=50\">\r\n                Obter desconto            <\/a>\r\n            \r\n<\/section>","protected":false},"excerpt":{"rendered":"","protected":false},"author":20,"featured_media":0,"parent":0,"menu_order":0,"comment_status":"closed","ping_status":"closed","template":"LearningContentPage.php","meta":{"_acf_changed":false,"footnotes":""},"class_list":["post-1461874","page","type-page","status-publish","hentry"],"acf":[],"yoast_head":"<!-- This site is optimized with the Yoast SEO Premium plugin v27.2 (Yoast SEO v27.2) - https:\/\/yoast.com\/product\/yoast-seo-premium-wordpress\/ -->\n<title>Desconto Talkpal para membros da fam\u00edlia militar - Talkpal<\/title>\n<meta name=\"description\" content=\"Desbloqueie um desconto exclusivo de 79% para membros da fam\u00edlia militar no Talkpal e aprenda idiomas mais r\u00e1pido com IA personalizada.\" \/>\n<meta name=\"robots\" content=\"index, follow, max-snippet:-1, max-image-preview:large, max-video-preview:-1\" \/>\n<link rel=\"canonical\" href=\"https:\/\/talkpal.ai\/pt-br\/desconto-talkpal-para-membros-da-familia-militar\/\" \/>\n<meta property=\"og:locale\" content=\"pt_BR\" \/>\n<meta property=\"og:type\" content=\"article\" \/>\n<meta property=\"og:title\" content=\"Desconto Talkpal para membros da fam\u00edlia militar\" \/>\n<meta property=\"og:url\" content=\"https:\/\/talkpal.ai\/pt-br\/desconto-talkpal-para-membros-da-familia-militar\/\" \/>\n<meta property=\"og:site_name\" content=\"Talkpal\" \/>\n<meta property=\"article:publisher\" content=\"https:\/\/www.facebook.com\/profile.php?id=100090733639311\" \/>\n<meta property=\"article:modified_time\" content=\"2026-01-22T14:37:00+00:00\" \/>\n<meta property=\"og:image\" content=\"https:\/\/talkpal.ai\/wp-content\/uploads\/2025\/02\/Progress-tab-16_9.png\" \/>\n\t<meta property=\"og:image:width\" content=\"2880\" \/>\n\t<meta property=\"og:image:height\" content=\"1620\" \/>\n\t<meta property=\"og:image:type\" content=\"image\/png\" \/>\n<meta name=\"twitter:card\" content=\"summary_large_image\" \/>\n<meta name=\"twitter:site\" content=\"@talkpalai\" \/>\n<script type=\"application\/ld+json\" class=\"yoast-schema-graph\">{\"@context\":\"https:\/\/schema.org\",\"@graph\":[{\"@type\":\"WebPage\",\"@id\":\"https:\/\/talkpal.ai\/pt-br\/desconto-talkpal-para-membros-da-familia-militar\/\",\"url\":\"https:\/\/talkpal.ai\/pt-br\/desconto-talkpal-para-membros-da-familia-militar\/\",\"name\":\"Desconto Talkpal para membros da fam\u00edlia militar - Talkpal\",\"isPartOf\":{\"@id\":\"https:\/\/talkpal.ai\/pt-br\/#website\"},\"datePublished\":\"2025-10-22T20:24:34+00:00\",\"dateModified\":\"2026-01-22T14:37:00+00:00\",\"description\":\"Desbloqueie um desconto exclusivo de 79% para membros da fam\u00edlia militar no Talkpal e aprenda idiomas mais r\u00e1pido com IA personalizada.\",\"breadcrumb\":{\"@id\":\"https:\/\/talkpal.ai\/pt-br\/desconto-talkpal-para-membros-da-familia-militar\/#breadcrumb\"},\"inLanguage\":\"pt-BR\",\"potentialAction\":[{\"@type\":\"ReadAction\",\"target\":[\"https:\/\/talkpal.ai\/pt-br\/desconto-talkpal-para-membros-da-familia-militar\/\"]}]},{\"@type\":\"BreadcrumbList\",\"@id\":\"https:\/\/talkpal.ai\/pt-br\/desconto-talkpal-para-membros-da-familia-militar\/#breadcrumb\",\"itemListElement\":[{\"@type\":\"ListItem\",\"position\":1,\"name\":\"Homepage\",\"item\":\"https:\/\/talkpal.ai\/pt-br\/\"},{\"@type\":\"ListItem\",\"position\":2,\"name\":\"Desconto Talkpal para membros da fam\u00edlia militar\"}]},{\"@type\":\"WebSite\",\"@id\":\"https:\/\/talkpal.ai\/pt-br\/#website\",\"url\":\"https:\/\/talkpal.ai\/pt-br\/\",\"name\":\"Talkpal\",\"description\":\"AI Language Learning\",\"publisher\":{\"@id\":\"https:\/\/talkpal.ai\/pt-br\/#organization\"},\"alternateName\":\"Talkpal AI\",\"potentialAction\":[{\"@type\":\"SearchAction\",\"target\":{\"@type\":\"EntryPoint\",\"urlTemplate\":\"https:\/\/talkpal.ai\/pt-br\/?s={search_term_string}\"},\"query-input\":{\"@type\":\"PropertyValueSpecification\",\"valueRequired\":true,\"valueName\":\"search_term_string\"}}],\"inLanguage\":\"pt-BR\"},{\"@type\":\"Organization\",\"@id\":\"https:\/\/talkpal.ai\/pt-br\/#organization\",\"name\":\"Talkpal, Inc.\",\"alternateName\":\"Talkpal AI\",\"url\":\"https:\/\/talkpal.ai\/pt-br\/\",\"logo\":{\"@type\":\"ImageObject\",\"inLanguage\":\"pt-BR\",\"@id\":\"https:\/\/talkpal.ai\/pt-br\/#\/schema\/logo\/image\/\",\"url\":\"https:\/\/talkpal.ai\/wp-content\/uploads\/2024\/03\/Talkpal-Logo-Icon.png\",\"contentUrl\":\"https:\/\/talkpal.ai\/wp-content\/uploads\/2024\/03\/Talkpal-Logo-Icon.png\",\"width\":2880,\"height\":2880,\"caption\":\"Talkpal, Inc.\"},\"image\":{\"@id\":\"https:\/\/talkpal.ai\/pt-br\/#\/schema\/logo\/image\/\"},\"sameAs\":[\"https:\/\/www.facebook.com\/profile.php?id=100090733639311\",\"https:\/\/x.com\/talkpalai\",\"https:\/\/www.linkedin.com\/company\/talkpal\/\",\"https:\/\/www.youtube.com\/@TalkPal\/\",\"https:\/\/www.tiktok.com\/@talkpal\",\"https:\/\/www.instagram.com\/talkpal_ai\/\",\"https:\/\/www.crunchbase.com\/organization\/talkpal-9cde\",\"https:\/\/www.g2.com\/products\/talkpal-for-business\/\",\"https:\/\/www.trustpilot.com\/review\/talkpal.ai\",\"https:\/\/www.capterra.com\/p\/10006800\/TalkPal\/\"],\"description\":\"Talkpal is a language learning web and mobile education app, powered by the latest AI technologies, that provides engaging experiences to its customers in many different languages to help them improve their language skills. Users can chat about unlimited amount of topics with the app and use other modes to practice their language learning.\",\"email\":\"support@talkpal.ai\",\"legalName\":\"Talkpal, Inc.\",\"foundingDate\":\"2023-04-03\",\"duns\":\"118989042\",\"numberOfEmployees\":{\"@type\":\"QuantitativeValue\",\"minValue\":\"11\",\"maxValue\":\"50\"},\"publishingPrinciples\":\"https:\/\/talkpal.ai\/publishing-principles\/\",\"actionableFeedbackPolicy\":\"https:\/\/talkpal.ai\/actionable-feedback-policy\/\",\"correctionsPolicy\":\"https:\/\/talkpal.ai\/corrections-policy\/\",\"ethicsPolicy\":\"https:\/\/talkpal.ai\/ethics-policy\/\",\"diversityPolicy\":\"https:\/\/talkpal.ai\/diversity-policy\/\",\"diversityStaffingReport\":\"https:\/\/talkpal.ai\/diversity-policy\/\"}]}<\/script>\n<!-- \/ Yoast SEO Premium plugin. -->","yoast_head_json":{"title":"Desconto Talkpal para membros da fam\u00edlia militar - Talkpal","description":"Desbloqueie um desconto exclusivo de 79% para membros da fam\u00edlia militar no Talkpal e aprenda idiomas mais r\u00e1pido com IA personalizada.","robots":{"index":"index","follow":"follow","max-snippet":"max-snippet:-1","max-image-preview":"max-image-preview:large","max-video-preview":"max-video-preview:-1"},"canonical":"https:\/\/talkpal.ai\/pt-br\/desconto-talkpal-para-membros-da-familia-militar\/","og_locale":"pt_BR","og_type":"article","og_title":"Desconto Talkpal para membros da fam\u00edlia militar","og_url":"https:\/\/talkpal.ai\/pt-br\/desconto-talkpal-para-membros-da-familia-militar\/","og_site_name":"Talkpal","article_publisher":"https:\/\/www.facebook.com\/profile.php?id=100090733639311","article_modified_time":"2026-01-22T14:37:00+00:00","og_image":[{"width":2880,"height":1620,"url":"https:\/\/talkpal.ai\/wp-content\/uploads\/2025\/02\/Progress-tab-16_9.png","type":"image\/png"}],"twitter_card":"summary_large_image","twitter_site":"@talkpalai","schema":{"@context":"https:\/\/schema.org","@graph":[{"@type":"WebPage","@id":"https:\/\/talkpal.ai\/pt-br\/desconto-talkpal-para-membros-da-familia-militar\/","url":"https:\/\/talkpal.ai\/pt-br\/desconto-talkpal-para-membros-da-familia-militar\/","name":"Desconto Talkpal para membros da fam\u00edlia militar - Talkpal","isPartOf":{"@id":"https:\/\/talkpal.ai\/pt-br\/#website"},"datePublished":"2025-10-22T20:24:34+00:00","dateModified":"2026-01-22T14:37:00+00:00","description":"Desbloqueie um desconto exclusivo de 79% para membros da fam\u00edlia militar no Talkpal e aprenda idiomas mais r\u00e1pido com IA personalizada.","breadcrumb":{"@id":"https:\/\/talkpal.ai\/pt-br\/desconto-talkpal-para-membros-da-familia-militar\/#breadcrumb"},"inLanguage":"pt-BR","potentialAction":[{"@type":"ReadAction","target":["https:\/\/talkpal.ai\/pt-br\/desconto-talkpal-para-membros-da-familia-militar\/"]}]},{"@type":"BreadcrumbList","@id":"https:\/\/talkpal.ai\/pt-br\/desconto-talkpal-para-membros-da-familia-militar\/#breadcrumb","itemListElement":[{"@type":"ListItem","position":1,"name":"Homepage","item":"https:\/\/talkpal.ai\/pt-br\/"},{"@type":"ListItem","position":2,"name":"Desconto Talkpal para membros da fam\u00edlia militar"}]},{"@type":"WebSite","@id":"https:\/\/talkpal.ai\/pt-br\/#website","url":"https:\/\/talkpal.ai\/pt-br\/","name":"Talkpal","description":"AI Language Learning","publisher":{"@id":"https:\/\/talkpal.ai\/pt-br\/#organization"},"alternateName":"Talkpal AI","potentialAction":[{"@type":"SearchAction","target":{"@type":"EntryPoint","urlTemplate":"https:\/\/talkpal.ai\/pt-br\/?s={search_term_string}"},"query-input":{"@type":"PropertyValueSpecification","valueRequired":true,"valueName":"search_term_string"}}],"inLanguage":"pt-BR"},{"@type":"Organization","@id":"https:\/\/talkpal.ai\/pt-br\/#organization","name":"Talkpal, Inc.","alternateName":"Talkpal AI","url":"https:\/\/talkpal.ai\/pt-br\/","logo":{"@type":"ImageObject","inLanguage":"pt-BR","@id":"https:\/\/talkpal.ai\/pt-br\/#\/schema\/logo\/image\/","url":"https:\/\/talkpal.ai\/wp-content\/uploads\/2024\/03\/Talkpal-Logo-Icon.png","contentUrl":"https:\/\/talkpal.ai\/wp-content\/uploads\/2024\/03\/Talkpal-Logo-Icon.png","width":2880,"height":2880,"caption":"Talkpal, Inc."},"image":{"@id":"https:\/\/talkpal.ai\/pt-br\/#\/schema\/logo\/image\/"},"sameAs":["https:\/\/www.facebook.com\/profile.php?id=100090733639311","https:\/\/x.com\/talkpalai","https:\/\/www.linkedin.com\/company\/talkpal\/","https:\/\/www.youtube.com\/@TalkPal\/","https:\/\/www.tiktok.com\/@talkpal","https:\/\/www.instagram.com\/talkpal_ai\/","https:\/\/www.crunchbase.com\/organization\/talkpal-9cde","https:\/\/www.g2.com\/products\/talkpal-for-business\/","https:\/\/www.trustpilot.com\/review\/talkpal.ai","https:\/\/www.capterra.com\/p\/10006800\/TalkPal\/"],"description":"Talkpal is a language learning web and mobile education app, powered by the latest AI technologies, that provides engaging experiences to its customers in many different languages to help them improve their language skills. Users can chat about unlimited amount of topics with the app and use other modes to practice their language learning.","email":"support@talkpal.ai","legalName":"Talkpal, Inc.","foundingDate":"2023-04-03","duns":"118989042","numberOfEmployees":{"@type":"QuantitativeValue","minValue":"11","maxValue":"50"},"publishingPrinciples":"https:\/\/talkpal.ai\/publishing-principles\/","actionableFeedbackPolicy":"https:\/\/talkpal.ai\/actionable-feedback-policy\/","correctionsPolicy":"https:\/\/talkpal.ai\/corrections-policy\/","ethicsPolicy":"https:\/\/talkpal.ai\/ethics-policy\/","diversityPolicy":"https:\/\/talkpal.ai\/diversity-policy\/","diversityStaffingReport":"https:\/\/talkpal.ai\/diversity-policy\/"}]}},"_links":{"self":[{"href":"https:\/\/talkpal.ai\/pt-br\/wp-json\/wp\/v2\/pages\/1461874","targetHints":{"allow":["GET"]}}],"collection":[{"href":"https:\/\/talkpal.ai\/pt-br\/wp-json\/wp\/v2\/pages"}],"about":[{"href":"https:\/\/talkpal.ai\/pt-br\/wp-json\/wp\/v2\/types\/page"}],"author":[{"embeddable":true,"href":"https:\/\/talkpal.ai\/pt-br\/wp-json\/wp\/v2\/users\/20"}],"replies":[{"embeddable":true,"href":"https:\/\/talkpal.ai\/pt-br\/wp-json\/wp\/v2\/comments?post=1461874"}],"version-history":[{"count":0,"href":"https:\/\/talkpal.ai\/pt-br\/wp-json\/wp\/v2\/pages\/1461874\/revisions"}],"wp:attachment":[{"href":"https:\/\/talkpal.ai\/pt-br\/wp-json\/wp\/v2\/media?parent=1461874"}],"curies":[{"name":"wp","href":"https:\/\/api.w.org\/{rel}","templated":true}]}}