{"id":145803,"date":"2023-05-14T14:10:24","date_gmt":"2023-05-14T14:10:24","guid":{"rendered":"http:\/\/talkpal.ai\/gramatica-leta\/"},"modified":"2025-12-17T17:11:15","modified_gmt":"2025-12-17T17:11:15","slug":"gramatica-leta","status":"publish","type":"page","link":"https:\/\/talkpal.ai\/pt-br\/gramatica-leta\/","title":{"rendered":"Gram\u00e1tica let\u00e3"},"content":{"rendered":"\r\n\r\n\r\n<section class=\"languageChallengeSection\">\r\n    <div class=\"languageInfoWrapper\">\r\n        \r\n        <h1>Gram\u00e1tica let\u00e3<\/h1>\r\n        <p>Explore o mundo \u00fanico da <a href=\"https:\/\/talkpal.ai\/latvian-grammar\/\">gram\u00e1tica let\u00e3<\/a> e descubra a beleza de um dos idiomas mais vibrantes da regi\u00e3o do B\u00e1ltico. Ao entender sua estrutura e regras, voc\u00ea aumentar\u00e1 sua confian\u00e7a e suas habilidades de comunica\u00e7\u00e3o. Comece a aprender a <a href=\"https:\/\/talkpal.ai\/latvian-grammar\/\">gram\u00e1tica let\u00e3<\/a> hoje mesmo e d\u00ea o primeiro passo rumo \u00e0 flu\u00eancia!\n\n<\/p>\r\n\r\n                            <a class=\"getStartedHidden\" href=\"https:\/\/app.talkpal.ai\/pt-br\/signup?lng=\">Come\u00e7a<\/a>\r\n        \r\n    <\/div>\r\n\r\n    <figure>\r\n    <img decoding=\"async\" width=\"768\" height=\"768\" src=\"https:\/\/talkpal.ai\/wp-content\/uploads\/2023\/06\/latvian-768x768.png\" class=\"languageImage no-lazy\" alt=\"Language learning to access more cultures\" fetchpriority=\"high\" sizes=\"(max-width: 768px) 150px, 768px\" srcset=\"https:\/\/talkpal.ai\/wp-content\/uploads\/2023\/06\/latvian-768x768.png 768w, https:\/\/talkpal.ai\/wp-content\/uploads\/2023\/06\/latvian-300x300.png 300w\" \/>\r\n    \r\n\r\n    <\/figure>\r\n\r\n            <a class=\"getStartedVisible\" href=\"https:\/\/app.talkpal.ai\/pt-br\/signup?lng=\">Come\u00e7a<\/a>\r\n    \r\n<\/section>\r\n<section class=\"promotionalBanner\">\r\n    <p class=\"promotionalText\">A maneira mais eficiente de aprender um idioma<\/p>\r\n    <a class=\"promotionalLink\" href=\"https:\/\/app.talkpal.ai\/pt-br\/signup?lng=\">Experimente o Talkpal gratuitamente<\/a>\r\n<\/section>\n<div class=\"wp-block-group pageContainerStyle\"><div class=\"wp-block-group__inner-container is-layout-constrained wp-block-group-is-layout-constrained\">\n<h2 class=\"wp-block-heading\" id=\"h-the-ultimate-guide-to-latvian-grammar-navigating-the-intricacies-of-a-unique-language\">O Guia Definitivo da Gram\u00e1tica Let\u00e3: Navegando pelos meandros de uma L\u00edngua \u00danica<\/h2>\n\n\n\n<p>A gram\u00e1tica let\u00e3, <a href=\"https:\/\/talkpal.ai\/locations\/language-courses-in-como\/\">como<\/a> a pr\u00f3pria l\u00edngua, apresenta uma rica e fascinante tape\u00e7aria de elementos lingu\u00edsticos. <a href=\"https:\/\/talkpal.ai\/locations\/language-courses-in-como\/\">Como<\/a> l\u00edngua b\u00e1ltica, o <a href=\"https:\/\/talkpal.ai\/learn-latvian\/\">let\u00e3o<\/a> encanta os alunos com suas diversas caracter\u00edsticas e desafia at\u00e9 mesmo os falantes mais proficientes. Neste guia, exploraremos os princ\u00edpios fundamentais da gram\u00e1tica do let\u00e3o, desmistificaremos suas complexidades e ajudaremos voc\u00ea em sua jornada para se tornar fluente nesse idioma cativante. Vamos come\u00e7ar!<\/p>\n\n\n\n<h3 class=\"wp-block-heading\" id=\"h-the-nuts-and-bolts-latvian-sentence-structure\">As porcas e parafusos: estrutura da senten\u00e7a let\u00e3<\/h3>\n\n\n\n<p>Em sua ess\u00eancia, a gram\u00e1tica let\u00e3 \u00e9 bastante direta. A l\u00edngua geralmente segue a estrutura frasal Sujeito-Verbo-Objeto (SVO), semelhante ao <a href=\"https:\/\/talkpal.ai\/pt-pt\/locations\/aprenda-ingles-em-passos\/\">ingl\u00eas<\/a> e a muitos outros idiomas. Por exemplo, a frase &#8220;I eat an apple&#8221; (Eu como uma ma\u00e7\u00e3) \u00e9 traduzida como &#8220;Es \u0113du \u0101bolu&#8221; (Es \u0113du \u0101bolu). Simples, n\u00e3o? No entanto, ao nos aprofundarmos, voc\u00ea encontrar\u00e1 algumas caracter\u00edsticas intrigantes e distintas da gram\u00e1tica let\u00e3.<\/p>\n\n\n\n<h3 class=\"wp-block-heading\" id=\"h-meet-the-family-latvian-nouns-and-their-cases\">Conhe\u00e7a a fam\u00edlia: substantivos let\u00f5es e seus casos<\/h3>\n\n\n\n<p>Uma das caracter\u00edsticas mais desconcertantes da gram\u00e1tica let\u00e3 para falantes de ingl\u00eas \u00e9 a no\u00e7\u00e3o de casos gramaticais. Em let\u00e3o, h\u00e1 sete casos: nominativo, genitivo, dativo, acusativo, locativo, instrumental e vocativo. Cada caso tem sua pr\u00f3pria fun\u00e7\u00e3o e impacta a forma de substantivos, adjetivos, pronomes e, \u00e0s vezes, at\u00e9 verbos.<\/p>\n\n\n\n<p>Por exemplo, vamos usar a palavra &#8220;\u0101bols&#8221; (\u0101bols), que significa &#8220;ma\u00e7\u00e3&#8221;:<\/p>\n\n\n\n<p><strong>&#8211; Caso nominativo (usado para sujeitos): \u0101bols<\/strong><\/p>\n\n\n\n<p><strong>&#8211; Caso genitivo (usado para posse): \u0101bola<\/strong><\/p>\n\n\n\n<p><strong>&#8211; Caso dativo (usado para objetos indiretos): \u0101bolam<\/strong><\/p>\n\n\n\n<p><strong>&#8211; Caso acusativo (usado para objetos diretos): \u0101bolu<\/strong><\/p>\n\n\n\n<p><strong>&#8211; Caso locativo (usado para localiza\u00e7\u00e3o): \u0101bol\u0101<\/strong><\/p>\n\n\n\n<p><strong>&#8211; Caso instrumental (usado para os meios pelos quais uma a\u00e7\u00e3o \u00e9 executada): \u0101bolu\/-iem<\/strong><\/p>\n\n\n\n<p><strong>&#8211; Caso vocativo (usado para se dirigir a algu\u00e9m ou algo): \u0101bol<\/strong><\/p>\n\n\n\n<p>\u00c9 importante que voc\u00ea se familiarize com esses casos, pois eles podem mudar drasticamente o significado de suas frases.<\/p>\n\n\n\n<h3 class=\"wp-block-heading\" id=\"h-playing-with-numbers-latvian-plurals-and-genders\">Brincando com n\u00fameros: plurais e g\u00eaneros let\u00f5es<\/h3>\n\n\n\n<p>Ao formar plurais em let\u00e3o, \u00e9 essencial ter em mente o g\u00eanero do substantivo. Em let\u00e3o, os substantivos t\u00eam dois g\u00eaneros \u2013 masculino e feminino. O g\u00eanero afeta as termina\u00e7\u00f5es de substantivos, adjetivos, numerais e certas formas verbais.<\/p>\n\n\n\n<p>Em geral, substantivos masculinos no caso nominativo plural terminam em -i, enquanto substantivos femininos terminam em -as. Por exemplo, &#8220;zirgs&#8221; (zirgs, um substantivo masculino que significa &#8220;cavalo&#8221;) torna-se &#8220;zirgi&#8221; (zirgi, cavalos) e &#8220;sieviete&#8221; (sieviete, um substantivo feminino que significa &#8220;mulher&#8221;) torna-se &#8220;sievietes&#8221; (sievietes, mulheres).<\/p>\n\n\n\n<p>\u00c9 claro que existem algumas exce\u00e7\u00f5es, e \u00e9 por isso que \u00e9 essencial aprender os substantivos junto com seus g\u00eaneros e estar ciente de quaisquer plurais irregulares.<\/p>\n\n\n\n<h3 class=\"wp-block-heading\" id=\"h-the-art-of-conjugation-latvian-verbs\">A Arte da Conjuga\u00e7\u00e3o: Verbos Let\u00f5es<\/h3>\n\n\n\n<p>Os verbos let\u00f5es podem inicialmente parecer assustadores devido aos seus numerosos tempos, humores e conjuga\u00e7\u00f5es. No entanto, a chave para entend\u00ea-los \u00e9 reconhecer padr\u00f5es comuns e praticar regularmente.<\/p>\n\n\n\n<p>Em let\u00e3o, os verbos s\u00e3o divididos em tr\u00eas grupos com base em suas termina\u00e7\u00f5es infinitivas, -t, -ties e -ties\/-t. Cada grupo tem regras de conjuga\u00e7\u00e3o espec\u00edficas. Vamos usar o verbo &#8220;las\u012bt&#8221; (las\u012bt, &#8220;ler&#8221;) como exemplo:<\/p>\n\n\n\n<p><strong>Tempo presente: Es lasu (Es lasu, &#8220;eu li&#8221;)<\/strong><\/p>\n\n\n\n<p><strong>Tempo passado: Es las\u012bju (Es las\u012bju, &#8220;eu li&#8221;)<\/strong><\/p>\n\n\n\n<p><strong>Tempo futuro: Es las\u012b\u0161u (Es las\u012b\u0161u, &#8220;Eu lerei&#8221;)<\/strong><\/p>\n\n\n\n<p>Como voc\u00ea pode ver, os finais mudam de acordo com o tempo. E isso n\u00e3o \u00e9 nem o come\u00e7o da conjuga\u00e7\u00e3o de verbos em let\u00e3o! No entanto, n\u00e3o deixe que isso desanime voc\u00ea. Com pr\u00e1tica e paci\u00eancia, voc\u00ea come\u00e7ar\u00e1 a reconhecer os padr\u00f5es e vencer\u00e1 esse desafio.<\/p>\n\n\n\n<h3 class=\"wp-block-heading\" id=\"h-the-finishing-touches-latvian-adjectives-adverbs-and-more\">Os retoques finais: adjetivos, adv\u00e9rbios e muito mais<\/h3>\n\n\n\n<p>Quando se trata de adjetivos e adv\u00e9rbios let\u00f5es, eles desempenham um papel cr\u00edtico em adicionar profundidade e complexidade ao seu discurso. Os adjetivos devem concordar com os substantivos que modificam em termos de g\u00eanero e caso, com termina\u00e7\u00f5es que variam de acordo.<\/p>\n\n\n\n<p>Por exemplo, &#8220;gar\u0161\u012bgs&#8221; (gar\u0161\u012bgs) significa &#8220;delicioso&#8221;, e voc\u00ea pode v\u00ea-lo como &#8220;gar\u0161\u012bgs \u0101bols&#8221; (gar\u0161\u012bgs \u0101bols, &#8220;ma\u00e7\u00e3 deliciosa&#8221;) ou &#8220;gar\u0161\u012bga zupa&#8221; (gar\u0161\u012bga zupa, &#8220;sopa deliciosa&#8221;), com termina\u00e7\u00f5es diferentes para substantivos masculinos e femininos.<\/p>\n\n\n\n<p>Os adv\u00e9rbios geralmente seguem padr\u00f5es semelhantes, muitas vezes derivados de adjetivos. Em let\u00e3o, a maioria dos adv\u00e9rbios termina em -i, que \u00e9 a mesma forma do singular masculino acusativo para adjetivos.<\/p>\n\n\n\n<p>Concluindo, as complexidades e peculiaridades da gram\u00e1tica let\u00e3, embora desafiadoras, conferem \u00e0 l\u00edngua sua beleza e car\u00e1ter cativantes. Com uma combina\u00e7\u00e3o de persist\u00eancia, curiosidade e aplica\u00e7\u00e3o pr\u00e1tica, voc\u00ea logo navegar\u00e1 pela gram\u00e1tica do let\u00e3o com facilidade e confian\u00e7a. Feliz aprendizado!<\/p>\n<\/div><\/div>\n\r\n<section class=\"learnNavigationSection\">\r\n            \r\n        <a href=\"https:\/\/talkpal.ai\/pt-br\/aprenda-letao\/\">\r\n            <div class=\"learnNavigationWrapper\">\r\n                <div class=\"learnNavigationContent\">\r\n                    <img decoding=\"async\" src=\"https:\/\/talkpal.ai\/wp-content\/uploads\/2024\/08\/Latvian.jpg\" alt=\"Latvian Flag\">\r\n                    <div>\r\n                        <h4>Sobre o aprendizado de let\u00e3o<\/h4>\r\n                        <p>Saiba tudo sobre a gram\u00e1tica let\u00e3 .<\/p>\r\n                    <\/div>\r\n                <\/div>\r\n            <\/div>\r\n        <\/a>\r\n\r\n        \r\n        <a href=\"https:\/\/talkpal.ai\/pt-br\/exercicios-de-gramatica-leta\/\">\r\n            <div class=\"learnNavigationWrapper\">\r\n                <div class=\"learnNavigationContent\">\r\n                    <img decoding=\"async\" src=\"https:\/\/talkpal.ai\/wp-content\/uploads\/2024\/08\/Latvian.jpg\" alt=\"Latvian Flag\">\r\n                    <div>\r\n                        <h4>Exerc\u00edcio de gram\u00e1tica do let\u00e3o<\/h4>\r\n                        <p>Pratique a gram\u00e1tica let\u00e3.<\/p>\r\n                    <\/div>\r\n                <\/div>\r\n            <\/div>\r\n        <\/a>\r\n\r\n        \r\n        <a href=\"https:\/\/talkpal.ai\/vocabulary_language\/latvian\/\">\r\n            <div class=\"learnNavigationWrapper\">\r\n                <div class=\"learnNavigationContent\">\r\n                    <img decoding=\"async\" src=\"https:\/\/talkpal.ai\/wp-content\/uploads\/2024\/08\/Latvian.jpg\" alt=\"Latvian Flag\">\r\n                    <div>\r\n                        <h4>Vocabul\u00e1rio de let\u00e3o<\/h4>\r\n                        <p>Amplie seu vocabul\u00e1rio de let\u00e3o.<\/p>\r\n                    <\/div>\r\n                <\/div>\r\n            <\/div>\r\n        <\/a>\r\n\r\n            <\/section>","protected":false},"excerpt":{"rendered":"<p>O Guia Definitivo da Gram\u00e1tica Let\u00e3: Navegando pelos meandros de uma L\u00edngua \u00danica A gram\u00e1tica let\u00e3, como a pr\u00f3pria l\u00edngua, apresenta uma rica e fascinante tape\u00e7aria de elementos lingu\u00edsticos. Como l\u00edngua b\u00e1ltica, o let\u00e3o encanta os alunos com suas diversas caracter\u00edsticas e desafia at\u00e9 mesmo os falantes mais proficientes. Neste guia, exploraremos os princ\u00edpios fundamentais [&hellip;]<\/p>\n","protected":false},"author":1,"featured_media":114883,"parent":0,"menu_order":0,"comment_status":"closed","ping_status":"closed","template":"LearningContentPage.php","meta":{"_acf_changed":false,"footnotes":""},"class_list":["post-145803","page","type-page","status-publish","has-post-thumbnail","hentry"],"acf":[],"yoast_head":"<!-- This site is optimized with the Yoast SEO Premium plugin v27.2 (Yoast SEO v27.2) - https:\/\/yoast.com\/product\/yoast-seo-premium-wordpress\/ -->\n<title>Gram\u00e1tica let\u00e3 - Talkpal<\/title>\n<meta name=\"description\" content=\"Domine a gram\u00e1tica do let\u00e3o com confian\u00e7a - aprenda regras, pratique o uso e aumente a precis\u00e3o do idioma facilmente com a orienta\u00e7\u00e3o personalizada da IA do Talkpalvoc\u00ea ter\u00e1 orienta\u00e7\u00e3o personalizada de IA.\" \/>\n<meta name=\"robots\" content=\"index, follow, max-snippet:-1, max-image-preview:large, max-video-preview:-1\" \/>\n<link rel=\"canonical\" href=\"https:\/\/talkpal.ai\/pt-br\/gramatica-leta\/\" \/>\n<meta property=\"og:locale\" content=\"pt_BR\" \/>\n<meta property=\"og:type\" content=\"article\" \/>\n<meta property=\"og:title\" content=\"Gram\u00e1tica let\u00e3\" \/>\n<meta property=\"og:description\" content=\"O Guia Definitivo da Gram\u00e1tica Let\u00e3: Navegando pelos meandros de uma L\u00edngua \u00danica A gram\u00e1tica let\u00e3, como a pr\u00f3pria l\u00edngua, apresenta uma rica e fascinante\" \/>\n<meta property=\"og:url\" content=\"https:\/\/talkpal.ai\/pt-br\/gramatica-leta\/\" \/>\n<meta property=\"og:site_name\" content=\"Talkpal\" \/>\n<meta property=\"article:publisher\" content=\"https:\/\/www.facebook.com\/profile.php?id=100090733639311\" \/>\n<meta property=\"article:modified_time\" content=\"2025-12-17T17:11:15+00:00\" \/>\n<meta property=\"og:image\" content=\"https:\/\/talkpal.ai\/wp-content\/uploads\/2023\/05\/latvia.png\" \/>\n\t<meta property=\"og:image:width\" content=\"512\" \/>\n\t<meta property=\"og:image:height\" content=\"512\" \/>\n\t<meta property=\"og:image:type\" content=\"image\/png\" \/>\n<meta name=\"twitter:card\" content=\"summary_large_image\" \/>\n<meta name=\"twitter:site\" content=\"@talkpalai\" \/>\n<meta name=\"twitter:label1\" content=\"Est. tempo de leitura\" \/>\n\t<meta name=\"twitter:data1\" content=\"4 minutos\" \/>\n<script type=\"application\/ld+json\" class=\"yoast-schema-graph\">{\"@context\":\"https:\/\/schema.org\",\"@graph\":[{\"@type\":\"WebPage\",\"@id\":\"https:\/\/talkpal.ai\/pt-br\/gramatica-leta\/\",\"url\":\"https:\/\/talkpal.ai\/pt-br\/gramatica-leta\/\",\"name\":\"Gram\u00e1tica let\u00e3 - Talkpal\",\"isPartOf\":{\"@id\":\"https:\/\/talkpal.ai\/pt-br\/#website\"},\"primaryImageOfPage\":{\"@id\":\"https:\/\/talkpal.ai\/pt-br\/gramatica-leta\/#primaryimage\"},\"image\":{\"@id\":\"https:\/\/talkpal.ai\/pt-br\/gramatica-leta\/#primaryimage\"},\"thumbnailUrl\":\"https:\/\/talkpal.ai\/wp-content\/uploads\/2023\/05\/latvia.png\",\"datePublished\":\"2023-05-14T14:10:24+00:00\",\"dateModified\":\"2025-12-17T17:11:15+00:00\",\"description\":\"Domine a gram\u00e1tica do let\u00e3o com confian\u00e7a - aprenda regras, pratique o uso e aumente a precis\u00e3o do idioma facilmente com a orienta\u00e7\u00e3o personalizada da IA do Talkpalvoc\u00ea ter\u00e1 orienta\u00e7\u00e3o personalizada de IA.\",\"breadcrumb\":{\"@id\":\"https:\/\/talkpal.ai\/pt-br\/gramatica-leta\/#breadcrumb\"},\"inLanguage\":\"pt-BR\",\"potentialAction\":[{\"@type\":\"ReadAction\",\"target\":[\"https:\/\/talkpal.ai\/pt-br\/gramatica-leta\/\"]}]},{\"@type\":\"ImageObject\",\"inLanguage\":\"pt-BR\",\"@id\":\"https:\/\/talkpal.ai\/pt-br\/gramatica-leta\/#primaryimage\",\"url\":\"https:\/\/talkpal.ai\/wp-content\/uploads\/2023\/05\/latvia.png\",\"contentUrl\":\"https:\/\/talkpal.ai\/wp-content\/uploads\/2023\/05\/latvia.png\",\"width\":512,\"height\":512},{\"@type\":\"BreadcrumbList\",\"@id\":\"https:\/\/talkpal.ai\/pt-br\/gramatica-leta\/#breadcrumb\",\"itemListElement\":[{\"@type\":\"ListItem\",\"position\":1,\"name\":\"Homepage\",\"item\":\"https:\/\/talkpal.ai\/pt-br\/\"},{\"@type\":\"ListItem\",\"position\":2,\"name\":\"Gram\u00e1tica let\u00e3\"}]},{\"@type\":\"WebSite\",\"@id\":\"https:\/\/talkpal.ai\/pt-br\/#website\",\"url\":\"https:\/\/talkpal.ai\/pt-br\/\",\"name\":\"Talkpal\",\"description\":\"AI Language Learning\",\"publisher\":{\"@id\":\"https:\/\/talkpal.ai\/pt-br\/#organization\"},\"alternateName\":\"Talkpal AI\",\"potentialAction\":[{\"@type\":\"SearchAction\",\"target\":{\"@type\":\"EntryPoint\",\"urlTemplate\":\"https:\/\/talkpal.ai\/pt-br\/?s={search_term_string}\"},\"query-input\":{\"@type\":\"PropertyValueSpecification\",\"valueRequired\":true,\"valueName\":\"search_term_string\"}}],\"inLanguage\":\"pt-BR\"},{\"@type\":\"Organization\",\"@id\":\"https:\/\/talkpal.ai\/pt-br\/#organization\",\"name\":\"Talkpal, Inc.\",\"alternateName\":\"Talkpal AI\",\"url\":\"https:\/\/talkpal.ai\/pt-br\/\",\"logo\":{\"@type\":\"ImageObject\",\"inLanguage\":\"pt-BR\",\"@id\":\"https:\/\/talkpal.ai\/pt-br\/#\/schema\/logo\/image\/\",\"url\":\"https:\/\/talkpal.ai\/wp-content\/uploads\/2024\/03\/Talkpal-Logo-Icon.png\",\"contentUrl\":\"https:\/\/talkpal.ai\/wp-content\/uploads\/2024\/03\/Talkpal-Logo-Icon.png\",\"width\":2880,\"height\":2880,\"caption\":\"Talkpal, Inc.\"},\"image\":{\"@id\":\"https:\/\/talkpal.ai\/pt-br\/#\/schema\/logo\/image\/\"},\"sameAs\":[\"https:\/\/www.facebook.com\/profile.php?id=100090733639311\",\"https:\/\/x.com\/talkpalai\",\"https:\/\/www.linkedin.com\/company\/talkpal\/\",\"https:\/\/www.youtube.com\/@TalkPal\/\",\"https:\/\/www.tiktok.com\/@talkpal\",\"https:\/\/www.instagram.com\/talkpal_ai\/\",\"https:\/\/www.crunchbase.com\/organization\/talkpal-9cde\",\"https:\/\/www.g2.com\/products\/talkpal-for-business\/\",\"https:\/\/www.trustpilot.com\/review\/talkpal.ai\",\"https:\/\/www.capterra.com\/p\/10006800\/TalkPal\/\"],\"description\":\"Talkpal is a language learning web and mobile education app, powered by the latest AI technologies, that provides engaging experiences to its customers in many different languages to help them improve their language skills. Users can chat about unlimited amount of topics with the app and use other modes to practice their language learning.\",\"email\":\"support@talkpal.ai\",\"legalName\":\"Talkpal, Inc.\",\"foundingDate\":\"2023-04-03\",\"duns\":\"118989042\",\"numberOfEmployees\":{\"@type\":\"QuantitativeValue\",\"minValue\":\"11\",\"maxValue\":\"50\"},\"publishingPrinciples\":\"https:\/\/talkpal.ai\/publishing-principles\/\",\"actionableFeedbackPolicy\":\"https:\/\/talkpal.ai\/actionable-feedback-policy\/\",\"correctionsPolicy\":\"https:\/\/talkpal.ai\/corrections-policy\/\",\"ethicsPolicy\":\"https:\/\/talkpal.ai\/ethics-policy\/\",\"diversityPolicy\":\"https:\/\/talkpal.ai\/diversity-policy\/\",\"diversityStaffingReport\":\"https:\/\/talkpal.ai\/diversity-policy\/\"}]}<\/script>\n<!-- \/ Yoast SEO Premium plugin. -->","yoast_head_json":{"title":"Gram\u00e1tica let\u00e3 - Talkpal","description":"Domine a gram\u00e1tica do let\u00e3o com confian\u00e7a - aprenda regras, pratique o uso e aumente a precis\u00e3o do idioma facilmente com a orienta\u00e7\u00e3o personalizada da IA do Talkpalvoc\u00ea ter\u00e1 orienta\u00e7\u00e3o personalizada de IA.","robots":{"index":"index","follow":"follow","max-snippet":"max-snippet:-1","max-image-preview":"max-image-preview:large","max-video-preview":"max-video-preview:-1"},"canonical":"https:\/\/talkpal.ai\/pt-br\/gramatica-leta\/","og_locale":"pt_BR","og_type":"article","og_title":"Gram\u00e1tica let\u00e3","og_description":"O Guia Definitivo da Gram\u00e1tica Let\u00e3: Navegando pelos meandros de uma L\u00edngua \u00danica A gram\u00e1tica let\u00e3, como a pr\u00f3pria l\u00edngua, apresenta uma rica e fascinante","og_url":"https:\/\/talkpal.ai\/pt-br\/gramatica-leta\/","og_site_name":"Talkpal","article_publisher":"https:\/\/www.facebook.com\/profile.php?id=100090733639311","article_modified_time":"2025-12-17T17:11:15+00:00","og_image":[{"width":512,"height":512,"url":"https:\/\/talkpal.ai\/wp-content\/uploads\/2023\/05\/latvia.png","type":"image\/png"}],"twitter_card":"summary_large_image","twitter_site":"@talkpalai","twitter_misc":{"Est. tempo de leitura":"4 minutos"},"schema":{"@context":"https:\/\/schema.org","@graph":[{"@type":"WebPage","@id":"https:\/\/talkpal.ai\/pt-br\/gramatica-leta\/","url":"https:\/\/talkpal.ai\/pt-br\/gramatica-leta\/","name":"Gram\u00e1tica let\u00e3 - Talkpal","isPartOf":{"@id":"https:\/\/talkpal.ai\/pt-br\/#website"},"primaryImageOfPage":{"@id":"https:\/\/talkpal.ai\/pt-br\/gramatica-leta\/#primaryimage"},"image":{"@id":"https:\/\/talkpal.ai\/pt-br\/gramatica-leta\/#primaryimage"},"thumbnailUrl":"https:\/\/talkpal.ai\/wp-content\/uploads\/2023\/05\/latvia.png","datePublished":"2023-05-14T14:10:24+00:00","dateModified":"2025-12-17T17:11:15+00:00","description":"Domine a gram\u00e1tica do let\u00e3o com confian\u00e7a - aprenda regras, pratique o uso e aumente a precis\u00e3o do idioma facilmente com a orienta\u00e7\u00e3o personalizada da IA do Talkpalvoc\u00ea ter\u00e1 orienta\u00e7\u00e3o personalizada de IA.","breadcrumb":{"@id":"https:\/\/talkpal.ai\/pt-br\/gramatica-leta\/#breadcrumb"},"inLanguage":"pt-BR","potentialAction":[{"@type":"ReadAction","target":["https:\/\/talkpal.ai\/pt-br\/gramatica-leta\/"]}]},{"@type":"ImageObject","inLanguage":"pt-BR","@id":"https:\/\/talkpal.ai\/pt-br\/gramatica-leta\/#primaryimage","url":"https:\/\/talkpal.ai\/wp-content\/uploads\/2023\/05\/latvia.png","contentUrl":"https:\/\/talkpal.ai\/wp-content\/uploads\/2023\/05\/latvia.png","width":512,"height":512},{"@type":"BreadcrumbList","@id":"https:\/\/talkpal.ai\/pt-br\/gramatica-leta\/#breadcrumb","itemListElement":[{"@type":"ListItem","position":1,"name":"Homepage","item":"https:\/\/talkpal.ai\/pt-br\/"},{"@type":"ListItem","position":2,"name":"Gram\u00e1tica let\u00e3"}]},{"@type":"WebSite","@id":"https:\/\/talkpal.ai\/pt-br\/#website","url":"https:\/\/talkpal.ai\/pt-br\/","name":"Talkpal","description":"AI Language Learning","publisher":{"@id":"https:\/\/talkpal.ai\/pt-br\/#organization"},"alternateName":"Talkpal AI","potentialAction":[{"@type":"SearchAction","target":{"@type":"EntryPoint","urlTemplate":"https:\/\/talkpal.ai\/pt-br\/?s={search_term_string}"},"query-input":{"@type":"PropertyValueSpecification","valueRequired":true,"valueName":"search_term_string"}}],"inLanguage":"pt-BR"},{"@type":"Organization","@id":"https:\/\/talkpal.ai\/pt-br\/#organization","name":"Talkpal, Inc.","alternateName":"Talkpal AI","url":"https:\/\/talkpal.ai\/pt-br\/","logo":{"@type":"ImageObject","inLanguage":"pt-BR","@id":"https:\/\/talkpal.ai\/pt-br\/#\/schema\/logo\/image\/","url":"https:\/\/talkpal.ai\/wp-content\/uploads\/2024\/03\/Talkpal-Logo-Icon.png","contentUrl":"https:\/\/talkpal.ai\/wp-content\/uploads\/2024\/03\/Talkpal-Logo-Icon.png","width":2880,"height":2880,"caption":"Talkpal, Inc."},"image":{"@id":"https:\/\/talkpal.ai\/pt-br\/#\/schema\/logo\/image\/"},"sameAs":["https:\/\/www.facebook.com\/profile.php?id=100090733639311","https:\/\/x.com\/talkpalai","https:\/\/www.linkedin.com\/company\/talkpal\/","https:\/\/www.youtube.com\/@TalkPal\/","https:\/\/www.tiktok.com\/@talkpal","https:\/\/www.instagram.com\/talkpal_ai\/","https:\/\/www.crunchbase.com\/organization\/talkpal-9cde","https:\/\/www.g2.com\/products\/talkpal-for-business\/","https:\/\/www.trustpilot.com\/review\/talkpal.ai","https:\/\/www.capterra.com\/p\/10006800\/TalkPal\/"],"description":"Talkpal is a language learning web and mobile education app, powered by the latest AI technologies, that provides engaging experiences to its customers in many different languages to help them improve their language skills. Users can chat about unlimited amount of topics with the app and use other modes to practice their language learning.","email":"support@talkpal.ai","legalName":"Talkpal, Inc.","foundingDate":"2023-04-03","duns":"118989042","numberOfEmployees":{"@type":"QuantitativeValue","minValue":"11","maxValue":"50"},"publishingPrinciples":"https:\/\/talkpal.ai\/publishing-principles\/","actionableFeedbackPolicy":"https:\/\/talkpal.ai\/actionable-feedback-policy\/","correctionsPolicy":"https:\/\/talkpal.ai\/corrections-policy\/","ethicsPolicy":"https:\/\/talkpal.ai\/ethics-policy\/","diversityPolicy":"https:\/\/talkpal.ai\/diversity-policy\/","diversityStaffingReport":"https:\/\/talkpal.ai\/diversity-policy\/"}]}},"_links":{"self":[{"href":"https:\/\/talkpal.ai\/pt-br\/wp-json\/wp\/v2\/pages\/145803","targetHints":{"allow":["GET"]}}],"collection":[{"href":"https:\/\/talkpal.ai\/pt-br\/wp-json\/wp\/v2\/pages"}],"about":[{"href":"https:\/\/talkpal.ai\/pt-br\/wp-json\/wp\/v2\/types\/page"}],"author":[{"embeddable":true,"href":"https:\/\/talkpal.ai\/pt-br\/wp-json\/wp\/v2\/users\/1"}],"replies":[{"embeddable":true,"href":"https:\/\/talkpal.ai\/pt-br\/wp-json\/wp\/v2\/comments?post=145803"}],"version-history":[{"count":0,"href":"https:\/\/talkpal.ai\/pt-br\/wp-json\/wp\/v2\/pages\/145803\/revisions"}],"wp:featuredmedia":[{"embeddable":true,"href":"https:\/\/talkpal.ai\/pt-br\/wp-json\/wp\/v2\/media\/114883"}],"wp:attachment":[{"href":"https:\/\/talkpal.ai\/pt-br\/wp-json\/wp\/v2\/media?parent=145803"}],"curies":[{"name":"wp","href":"https:\/\/api.w.org\/{rel}","templated":true}]}}