{"id":144191,"date":"2023-05-14T14:04:48","date_gmt":"2023-05-14T14:04:48","guid":{"rendered":"http:\/\/talkpal.ai\/gramatica-hebraica\/"},"modified":"2025-12-13T15:38:31","modified_gmt":"2025-12-13T15:38:31","slug":"gramatica-hebraica","status":"publish","type":"page","link":"https:\/\/talkpal.ai\/pt-br\/gramatica-hebraica\/","title":{"rendered":"Gram\u00e1tica Hebraica"},"content":{"rendered":"\r\n\r\n\r\n<section class=\"languageChallengeSection\">\r\n    <div class=\"languageInfoWrapper\">\r\n        \r\n        <h1>Gram\u00e1tica Hebraica<\/h1>\r\n        <p>Aprenda a <a href=\"https:\/\/talkpal.ai\/hebrew-grammar\/\">gram\u00e1tica hebraica<\/a> e desvende os segredos de um idioma com ra\u00edzes hist\u00f3ricas profundas e relev\u00e2ncia moderna. Aceite o desafio e conecte-se com uma cultura vibrante por meio da beleza da gram\u00e1tica hebraica!<\/p>\r\n\r\n                            <a class=\"getStartedHidden\" href=\"https:\/\/app.talkpal.ai\/pt-br\/signup?lng=\">Come\u00e7a<\/a>\r\n        \r\n    <\/div>\r\n\r\n    <figure>\r\n    <img decoding=\"async\" width=\"768\" height=\"768\" src=\"https:\/\/talkpal.ai\/wp-content\/uploads\/2023\/06\/hebrew-768x768.png\" class=\"languageImage no-lazy\" alt=\"Language learning for proficient communication\" fetchpriority=\"high\" sizes=\"(max-width: 768px) 150px, 768px\" srcset=\"https:\/\/talkpal.ai\/wp-content\/uploads\/2023\/06\/hebrew-768x768.png 768w, https:\/\/talkpal.ai\/wp-content\/uploads\/2023\/06\/hebrew-300x300.png 300w\" \/>\r\n    \r\n\r\n    <\/figure>\r\n\r\n            <a class=\"getStartedVisible\" href=\"https:\/\/app.talkpal.ai\/pt-br\/signup?lng=\">Come\u00e7a<\/a>\r\n    \r\n<\/section>\r\n<section class=\"promotionalBanner\">\r\n    <p class=\"promotionalText\">A maneira mais eficiente de aprender um idioma<\/p>\r\n    <a class=\"promotionalLink\" href=\"https:\/\/app.talkpal.ai\/pt-br\/signup?lng=\">Experimente o Talkpal gratuitamente<\/a>\r\n<\/section>\n<div class=\"wp-block-group pageContainerStyle\"><div class=\"wp-block-group__inner-container is-layout-constrained wp-block-group-is-layout-constrained\">\n<h2 class=\"wp-block-heading\" id=\"h-mastering-hebrew-grammar-your-ultimate-guide\">Dominando a gram\u00e1tica hebraica: seu guia definitivo<\/h2>\n\n\n\n<p>Shalom, entusiastas da l\u00edngua! Voc\u00ea est\u00e1 pronto para mergulhar no fascinante mundo da gram\u00e1tica hebraica? Voc\u00ea veio ao lugar certo. Repleto de informa\u00e7\u00f5es f\u00e1ceis de entender e um tom de conversa, este artigo ir\u00e1 gui\u00e1-lo pelo reino hipnotizante da gram\u00e1tica hebraica. Em breve, voc\u00ea ser\u00e1 capaz de construir frases e participar de conversas significativas com falantes nativos. Ent\u00e3o, vamos come\u00e7ar sua jornada para dominar a gram\u00e1tica hebraica!<\/p>\n\n\n\n<p><strong>Mas primeiro, por que a gram\u00e1tica hebraica?<\/strong><\/p>\n\n\n\n<p>Se voc\u00ea est\u00e1 <a href=\"https:\/\/talkpal.ai\/pt-pt\/aprendendo-hebraico-guia-pratico-para-iniciantes-rapido-e-facil\/\">aprendendo hebraico<\/a>, uma base s\u00f3lida de gram\u00e1tica \u00e9 essencial para falar, ler e escrever fluentemente. Embora a gram\u00e1tica hebraica possa inicialmente parecer complexa, ela se torna mais acess\u00edvel uma vez dividida em partes menores e mais gerenci\u00e1veis. Ent\u00e3o, vamos embarcar nessa jornada emocionante!<\/p>\n\n\n\n<h3 class=\"wp-block-heading\" id=\"h-1-nouns-gender-and-number\">1. Substantivos, g\u00eanero e n\u00famero<\/h3>\n\n\n\n<p>Os substantivos hebraicos t\u00eam dois g\u00eaneros \u2013 masculino e feminino \u2013 e podem ser singulares ou plurais. A identifica\u00e7\u00e3o do g\u00eanero de um substantivo forma uma base para a constru\u00e7\u00e3o adequada da frase, pois afeta outras partes do discurso, <a href=\"https:\/\/talkpal.ai\/locations\/language-courses-in-como\/\">como<\/a> verbos e adjetivos.  <\/p>\n\n\n\n<p>Uma regra geral: se um substantivo termina em &#8220;\u05d4&#8221; (hey) ou &#8220;\u05ea&#8221; (tav), geralmente \u00e9 feminino. No entanto, existem exce\u00e7\u00f5es, ent\u00e3o memorizar g\u00eaneros substantivos enquanto aprende vocabul\u00e1rio \u00e9 fundamental.<\/p>\n\n\n\n<p>Al\u00e9m disso, os substantivos hebraicos assumem formas diferentes dependendo do n\u00famero. Os substantivos plurais masculinos geralmente terminam em &#8220;\u05d9\u05dd&#8221; (yim), enquanto os substantivos plurais femininos terminam em &#8220;\u05d5\u05ea&#8221; (ot).<\/p>\n\n\n\n<h3 class=\"wp-block-heading\" id=\"h-2-adjectives-agreement-and-definite-articles\">2. Adjetivos, concord\u00e2ncia e artigos definidos<\/h3>\n\n\n\n<p>Os adjetivos em hebraico devem concordar em g\u00eanero e n\u00famero com o substantivo que modificam. Para tornar um adjetivo feminino, adicione um &#8220;\u05d4&#8221; (hey) no final, se ele ainda n\u00e3o tiver um. Para transformar um adjetivo em plural, siga o mesmo princ\u00edpio dos substantivos: adicione &#8220;\u05d9\u05dd&#8221; para o masculino e &#8220;\u05d5\u05ea&#8221; para o feminino.<\/p>\n\n\n\n<p>O artigo definido &#8220;the&#8221; em hebraico \u00e9 &#8220;\u05d4&#8221; (hey) e \u00e9 adicionado como um prefixo ao substantivo ou adjetivo. Por exemplo, &#8220;\u05d4\u05e1\u05e4\u05e8&#8221; (haSefer &#8211; o livro) ou &#8220;\u05d4\u05db\u05d3\u05d5\u05e8 \u05d4\u05d2\u05d3\u05d5\u05dc&#8221; (hakadur hagadol &#8211; a bola grande).<\/p>\n\n\n\n<h3 class=\"wp-block-heading\" id=\"h-3-verbs-tense-and-conjugation\">3. Verbos, tempo verbal e conjuga\u00e7\u00e3o<\/h3>\n\n\n\n<p>Os verbos hebraicos desempenham um papel crucial na gram\u00e1tica e s\u00e3o divididos em sete grupos de conjuga\u00e7\u00e3o chamados &#8220;binyanim&#8221;. Cada binyan afeta o significado e a fun\u00e7\u00e3o do verbo em uma frase.<\/p>\n\n\n\n<p>Para dar a voc\u00ea uma vis\u00e3o geral r\u00e1pida, vamos discutir o tempo <a href=\"https:\/\/talkpal.ai\/zh-hans\/grammar_exercises\/presente-%e8%a5%bf%e7%8f%ad%e7%89%99%e8%af%ad%e6%b3%95%e7%bb%83%e4%b9%a0\/\">presente<\/a> dos verbos regulares:<\/p>\n\n\n\n<p><strong>&#8211; \u05d0\u05e0\u05d9 \u05e7\u05d5\u05e8\u05d0\/\u05ea (ani kore\/et &#8211; eu leio, masc.\/fem.)<\/strong><\/p>\n\n\n\n<p><strong>&#8211; \u05d0\u05ea\/\u05d4 \u05e7\u05d5\u05e8\u05d0\/\u05ea (ata\/at kore\/et &#8211; voc\u00ea l\u00ea, masc.\/fem.)<\/strong><\/p>\n\n\n\n<p><strong>&#8211; \u05d4\u05d5\u05d0\/\u05d4\u05d9\u05d0 \u05e7\u05d5\u05e8\u05d0\/\u05ea (hu\/hi kore\/et &#8211; ele\/ela l\u00ea)<\/strong><\/p>\n\n\n\n<p>Lembre-se, este \u00e9 apenas o come\u00e7o! Muitos outros tempos, <a href=\"https:\/\/talkpal.ai\/culture\/what-are-the-most-irregular-verbs-in-galician\/\">verbos irregulares<\/a> e complexidades binyan surgir\u00e3o \u00e0 medida que voc\u00ea progride.<\/p>\n\n\n\n<h3 class=\"wp-block-heading\" id=\"h-4-pronouns-prepositions-and-more\">4. Pronomes, preposi\u00e7\u00f5es e muito mais!<\/h3>\n\n\n\n<p>A gram\u00e1tica hebraica envolve outros componentes, como pronomes (\u05d0\u05e0\u05d9, \u05d0\u05ea\u05d4, \u05d4\u05d5\u05d0, \u05d4\u05d9\u05d0 e assim por diante), preposi\u00e7\u00f5es (\u05d1, \u05dc, \u05de, \u05e2\u05dc etc.) e express\u00f5es idiom\u00e1ticas. Abordar cada elemento \u00e9 vital <a href=\"https:\/\/talkpal.ai\/culture\/how-do-i-use-para-que-correctly\/\">para que<\/a> voc\u00ea alcance uma flu\u00eancia abrangente em hebraico, portanto, d\u00ea um passo de cada vez.<\/p>\n\n\n\n<p>Em conclus\u00e3o, n\u00e3o h\u00e1 atalho para voc\u00ea dominar a gram\u00e1tica hebraica. Exige persist\u00eancia, pr\u00e1tica e paci\u00eancia. No entanto, depois de entender seus meandros, voc\u00ea vai saborear as nuances da conversa\u00e7\u00e3o em hebraico, explorar a rica cultura e hist\u00f3ria e aprofundar seu apre\u00e7o pelo idioma. \u05d1\u05d4\u05e6\u05dc\u05d7\u05d4 (behatzlacha &#8211; <a href=\"https:\/\/talkpal.ai\/culture\/how-do-i-say-good-luck-in-portuguese\/\">boa sorte<\/a>)!<\/p>\n<\/div><\/div>\n\r\n<section class=\"learnNavigationSection\">\r\n            \r\n        <a href=\"https:\/\/talkpal.ai\/pt-br\/aprenda-hebraico\/\">\r\n            <div class=\"learnNavigationWrapper\">\r\n                <div class=\"learnNavigationContent\">\r\n                    <img decoding=\"async\" src=\"https:\/\/talkpal.ai\/wp-content\/uploads\/2024\/08\/Hebrew.jpg\" alt=\"Israel Flag\">\r\n                    <div>\r\n                        <h4>Sobre o Ensino de Hebraico<\/h4>\r\n                        <p>Saiba tudo sobre a gram\u00e1tica hebraica .<\/p>\r\n                    <\/div>\r\n                <\/div>\r\n            <\/div>\r\n        <\/a>\r\n\r\n        \r\n        <a href=\"https:\/\/talkpal.ai\/pt-br\/exercicios-de-gramatica-hebraica\/\">\r\n            <div class=\"learnNavigationWrapper\">\r\n                <div class=\"learnNavigationContent\">\r\n                    <img decoding=\"async\" src=\"https:\/\/talkpal.ai\/wp-content\/uploads\/2024\/08\/Hebrew.jpg\" alt=\"Israel Flag\">\r\n                    <div>\r\n                        <h4>Exerc\u00edcio de gram\u00e1tica hebraica<\/h4>\r\n                        <p>Pratique a gram\u00e1tica hebraica .<\/p>\r\n                    <\/div>\r\n                <\/div>\r\n            <\/div>\r\n        <\/a>\r\n\r\n        \r\n        <a href=\"https:\/\/talkpal.ai\/vocabulary_language\/hebrew\/\">\r\n            <div class=\"learnNavigationWrapper\">\r\n                <div class=\"learnNavigationContent\">\r\n                    <img decoding=\"async\" src=\"https:\/\/talkpal.ai\/wp-content\/uploads\/2024\/08\/Hebrew.jpg\" alt=\"Israel Flag\">\r\n                    <div>\r\n                        <h4>Vocabul\u00e1rio hebraico<\/h4>\r\n                        <p>Amplie seu vocabul\u00e1rio de hebraico.<\/p>\r\n                    <\/div>\r\n                <\/div>\r\n            <\/div>\r\n        <\/a>\r\n\r\n            <\/section>","protected":false},"excerpt":{"rendered":"<p>Dominando a gram\u00e1tica hebraica: seu guia definitivo Shalom, entusiastas da l\u00edngua! Voc\u00ea est\u00e1 pronto para mergulhar no fascinante mundo da gram\u00e1tica hebraica? Voc\u00ea veio ao lugar certo. Repleto de informa\u00e7\u00f5es f\u00e1ceis de entender e um tom de conversa, este artigo ir\u00e1 gui\u00e1-lo pelo reino hipnotizante da gram\u00e1tica hebraica. Em breve, voc\u00ea ser\u00e1 capaz de construir [&hellip;]<\/p>\n","protected":false},"author":1,"featured_media":112956,"parent":0,"menu_order":0,"comment_status":"closed","ping_status":"closed","template":"LearningContentPage.php","meta":{"_acf_changed":false,"footnotes":""},"class_list":["post-144191","page","type-page","status-publish","has-post-thumbnail","hentry"],"acf":[],"yoast_head":"<!-- This site is optimized with the Yoast SEO Premium plugin v27.2 (Yoast SEO v27.2) - https:\/\/yoast.com\/product\/yoast-seo-premium-wordpress\/ -->\n<title>Gram\u00e1tica Hebraica - Talkpal<\/title>\n<meta name=\"description\" content=\"Melhore sua gram\u00e1tica hebraica com confian\u00e7a - aprenda as principais regras, forme frases corretas e comunique-se claramente com as li\u00e7\u00f5es f\u00e1ceis de IA do Talkpalcom as li\u00e7\u00f5es f\u00e1ceis de IA do\" \/>\n<meta name=\"robots\" content=\"index, follow, max-snippet:-1, max-image-preview:large, max-video-preview:-1\" \/>\n<link rel=\"canonical\" href=\"https:\/\/talkpal.ai\/pt-br\/gramatica-hebraica\/\" \/>\n<meta property=\"og:locale\" content=\"pt_BR\" \/>\n<meta property=\"og:type\" content=\"article\" \/>\n<meta property=\"og:title\" content=\"Gram\u00e1tica Hebraica\" \/>\n<meta property=\"og:description\" content=\"Dominando a gram\u00e1tica hebraica: seu guia definitivo Shalom, entusiastas da l\u00edngua! Voc\u00ea est\u00e1 pronto para mergulhar no fascinante mundo da gram\u00e1tica\" \/>\n<meta property=\"og:url\" content=\"https:\/\/talkpal.ai\/pt-br\/gramatica-hebraica\/\" \/>\n<meta property=\"og:site_name\" content=\"Talkpal\" \/>\n<meta property=\"article:publisher\" content=\"https:\/\/www.facebook.com\/profile.php?id=100090733639311\" \/>\n<meta property=\"article:modified_time\" content=\"2025-12-13T15:38:31+00:00\" \/>\n<meta property=\"og:image\" content=\"https:\/\/talkpal.ai\/wp-content\/uploads\/2023\/05\/israel.png\" \/>\n\t<meta property=\"og:image:width\" content=\"512\" \/>\n\t<meta property=\"og:image:height\" content=\"512\" \/>\n\t<meta property=\"og:image:type\" content=\"image\/png\" \/>\n<meta name=\"twitter:card\" content=\"summary_large_image\" \/>\n<meta name=\"twitter:site\" content=\"@talkpalai\" \/>\n<meta name=\"twitter:label1\" content=\"Est. tempo de leitura\" \/>\n\t<meta name=\"twitter:data1\" content=\"3 minutos\" \/>\n<script type=\"application\/ld+json\" class=\"yoast-schema-graph\">{\"@context\":\"https:\/\/schema.org\",\"@graph\":[{\"@type\":\"WebPage\",\"@id\":\"https:\/\/talkpal.ai\/pt-br\/gramatica-hebraica\/\",\"url\":\"https:\/\/talkpal.ai\/pt-br\/gramatica-hebraica\/\",\"name\":\"Gram\u00e1tica Hebraica - Talkpal\",\"isPartOf\":{\"@id\":\"https:\/\/talkpal.ai\/pt-br\/#website\"},\"primaryImageOfPage\":{\"@id\":\"https:\/\/talkpal.ai\/pt-br\/gramatica-hebraica\/#primaryimage\"},\"image\":{\"@id\":\"https:\/\/talkpal.ai\/pt-br\/gramatica-hebraica\/#primaryimage\"},\"thumbnailUrl\":\"https:\/\/talkpal.ai\/wp-content\/uploads\/2023\/05\/israel.png\",\"datePublished\":\"2023-05-14T14:04:48+00:00\",\"dateModified\":\"2025-12-13T15:38:31+00:00\",\"description\":\"Melhore sua gram\u00e1tica hebraica com confian\u00e7a - aprenda as principais regras, forme frases corretas e comunique-se claramente com as li\u00e7\u00f5es f\u00e1ceis de IA do Talkpalcom as li\u00e7\u00f5es f\u00e1ceis de IA do\",\"breadcrumb\":{\"@id\":\"https:\/\/talkpal.ai\/pt-br\/gramatica-hebraica\/#breadcrumb\"},\"inLanguage\":\"pt-BR\",\"potentialAction\":[{\"@type\":\"ReadAction\",\"target\":[\"https:\/\/talkpal.ai\/pt-br\/gramatica-hebraica\/\"]}]},{\"@type\":\"ImageObject\",\"inLanguage\":\"pt-BR\",\"@id\":\"https:\/\/talkpal.ai\/pt-br\/gramatica-hebraica\/#primaryimage\",\"url\":\"https:\/\/talkpal.ai\/wp-content\/uploads\/2023\/05\/israel.png\",\"contentUrl\":\"https:\/\/talkpal.ai\/wp-content\/uploads\/2023\/05\/israel.png\",\"width\":512,\"height\":512},{\"@type\":\"BreadcrumbList\",\"@id\":\"https:\/\/talkpal.ai\/pt-br\/gramatica-hebraica\/#breadcrumb\",\"itemListElement\":[{\"@type\":\"ListItem\",\"position\":1,\"name\":\"Homepage\",\"item\":\"https:\/\/talkpal.ai\/pt-br\/\"},{\"@type\":\"ListItem\",\"position\":2,\"name\":\"Gram\u00e1tica Hebraica\"}]},{\"@type\":\"WebSite\",\"@id\":\"https:\/\/talkpal.ai\/pt-br\/#website\",\"url\":\"https:\/\/talkpal.ai\/pt-br\/\",\"name\":\"Talkpal\",\"description\":\"AI Language Learning\",\"publisher\":{\"@id\":\"https:\/\/talkpal.ai\/pt-br\/#organization\"},\"alternateName\":\"Talkpal AI\",\"potentialAction\":[{\"@type\":\"SearchAction\",\"target\":{\"@type\":\"EntryPoint\",\"urlTemplate\":\"https:\/\/talkpal.ai\/pt-br\/?s={search_term_string}\"},\"query-input\":{\"@type\":\"PropertyValueSpecification\",\"valueRequired\":true,\"valueName\":\"search_term_string\"}}],\"inLanguage\":\"pt-BR\"},{\"@type\":\"Organization\",\"@id\":\"https:\/\/talkpal.ai\/pt-br\/#organization\",\"name\":\"Talkpal, Inc.\",\"alternateName\":\"Talkpal AI\",\"url\":\"https:\/\/talkpal.ai\/pt-br\/\",\"logo\":{\"@type\":\"ImageObject\",\"inLanguage\":\"pt-BR\",\"@id\":\"https:\/\/talkpal.ai\/pt-br\/#\/schema\/logo\/image\/\",\"url\":\"https:\/\/talkpal.ai\/wp-content\/uploads\/2024\/03\/Talkpal-Logo-Icon.png\",\"contentUrl\":\"https:\/\/talkpal.ai\/wp-content\/uploads\/2024\/03\/Talkpal-Logo-Icon.png\",\"width\":2880,\"height\":2880,\"caption\":\"Talkpal, Inc.\"},\"image\":{\"@id\":\"https:\/\/talkpal.ai\/pt-br\/#\/schema\/logo\/image\/\"},\"sameAs\":[\"https:\/\/www.facebook.com\/profile.php?id=100090733639311\",\"https:\/\/x.com\/talkpalai\",\"https:\/\/www.linkedin.com\/company\/talkpal\/\",\"https:\/\/www.youtube.com\/@TalkPal\/\",\"https:\/\/www.tiktok.com\/@talkpal\",\"https:\/\/www.instagram.com\/talkpal_ai\/\",\"https:\/\/www.crunchbase.com\/organization\/talkpal-9cde\",\"https:\/\/www.g2.com\/products\/talkpal-for-business\/\",\"https:\/\/www.trustpilot.com\/review\/talkpal.ai\",\"https:\/\/www.capterra.com\/p\/10006800\/TalkPal\/\"],\"description\":\"Talkpal is a language learning web and mobile education app, powered by the latest AI technologies, that provides engaging experiences to its customers in many different languages to help them improve their language skills. Users can chat about unlimited amount of topics with the app and use other modes to practice their language learning.\",\"email\":\"support@talkpal.ai\",\"legalName\":\"Talkpal, Inc.\",\"foundingDate\":\"2023-04-03\",\"duns\":\"118989042\",\"numberOfEmployees\":{\"@type\":\"QuantitativeValue\",\"minValue\":\"11\",\"maxValue\":\"50\"},\"publishingPrinciples\":\"https:\/\/talkpal.ai\/publishing-principles\/\",\"actionableFeedbackPolicy\":\"https:\/\/talkpal.ai\/actionable-feedback-policy\/\",\"correctionsPolicy\":\"https:\/\/talkpal.ai\/corrections-policy\/\",\"ethicsPolicy\":\"https:\/\/talkpal.ai\/ethics-policy\/\",\"diversityPolicy\":\"https:\/\/talkpal.ai\/diversity-policy\/\",\"diversityStaffingReport\":\"https:\/\/talkpal.ai\/diversity-policy\/\"}]}<\/script>\n<!-- \/ Yoast SEO Premium plugin. -->","yoast_head_json":{"title":"Gram\u00e1tica Hebraica - Talkpal","description":"Melhore sua gram\u00e1tica hebraica com confian\u00e7a - aprenda as principais regras, forme frases corretas e comunique-se claramente com as li\u00e7\u00f5es f\u00e1ceis de IA do Talkpalcom as li\u00e7\u00f5es f\u00e1ceis de IA do","robots":{"index":"index","follow":"follow","max-snippet":"max-snippet:-1","max-image-preview":"max-image-preview:large","max-video-preview":"max-video-preview:-1"},"canonical":"https:\/\/talkpal.ai\/pt-br\/gramatica-hebraica\/","og_locale":"pt_BR","og_type":"article","og_title":"Gram\u00e1tica Hebraica","og_description":"Dominando a gram\u00e1tica hebraica: seu guia definitivo Shalom, entusiastas da l\u00edngua! Voc\u00ea est\u00e1 pronto para mergulhar no fascinante mundo da gram\u00e1tica","og_url":"https:\/\/talkpal.ai\/pt-br\/gramatica-hebraica\/","og_site_name":"Talkpal","article_publisher":"https:\/\/www.facebook.com\/profile.php?id=100090733639311","article_modified_time":"2025-12-13T15:38:31+00:00","og_image":[{"width":512,"height":512,"url":"https:\/\/talkpal.ai\/wp-content\/uploads\/2023\/05\/israel.png","type":"image\/png"}],"twitter_card":"summary_large_image","twitter_site":"@talkpalai","twitter_misc":{"Est. tempo de leitura":"3 minutos"},"schema":{"@context":"https:\/\/schema.org","@graph":[{"@type":"WebPage","@id":"https:\/\/talkpal.ai\/pt-br\/gramatica-hebraica\/","url":"https:\/\/talkpal.ai\/pt-br\/gramatica-hebraica\/","name":"Gram\u00e1tica Hebraica - Talkpal","isPartOf":{"@id":"https:\/\/talkpal.ai\/pt-br\/#website"},"primaryImageOfPage":{"@id":"https:\/\/talkpal.ai\/pt-br\/gramatica-hebraica\/#primaryimage"},"image":{"@id":"https:\/\/talkpal.ai\/pt-br\/gramatica-hebraica\/#primaryimage"},"thumbnailUrl":"https:\/\/talkpal.ai\/wp-content\/uploads\/2023\/05\/israel.png","datePublished":"2023-05-14T14:04:48+00:00","dateModified":"2025-12-13T15:38:31+00:00","description":"Melhore sua gram\u00e1tica hebraica com confian\u00e7a - aprenda as principais regras, forme frases corretas e comunique-se claramente com as li\u00e7\u00f5es f\u00e1ceis de IA do Talkpalcom as li\u00e7\u00f5es f\u00e1ceis de IA do","breadcrumb":{"@id":"https:\/\/talkpal.ai\/pt-br\/gramatica-hebraica\/#breadcrumb"},"inLanguage":"pt-BR","potentialAction":[{"@type":"ReadAction","target":["https:\/\/talkpal.ai\/pt-br\/gramatica-hebraica\/"]}]},{"@type":"ImageObject","inLanguage":"pt-BR","@id":"https:\/\/talkpal.ai\/pt-br\/gramatica-hebraica\/#primaryimage","url":"https:\/\/talkpal.ai\/wp-content\/uploads\/2023\/05\/israel.png","contentUrl":"https:\/\/talkpal.ai\/wp-content\/uploads\/2023\/05\/israel.png","width":512,"height":512},{"@type":"BreadcrumbList","@id":"https:\/\/talkpal.ai\/pt-br\/gramatica-hebraica\/#breadcrumb","itemListElement":[{"@type":"ListItem","position":1,"name":"Homepage","item":"https:\/\/talkpal.ai\/pt-br\/"},{"@type":"ListItem","position":2,"name":"Gram\u00e1tica Hebraica"}]},{"@type":"WebSite","@id":"https:\/\/talkpal.ai\/pt-br\/#website","url":"https:\/\/talkpal.ai\/pt-br\/","name":"Talkpal","description":"AI Language Learning","publisher":{"@id":"https:\/\/talkpal.ai\/pt-br\/#organization"},"alternateName":"Talkpal AI","potentialAction":[{"@type":"SearchAction","target":{"@type":"EntryPoint","urlTemplate":"https:\/\/talkpal.ai\/pt-br\/?s={search_term_string}"},"query-input":{"@type":"PropertyValueSpecification","valueRequired":true,"valueName":"search_term_string"}}],"inLanguage":"pt-BR"},{"@type":"Organization","@id":"https:\/\/talkpal.ai\/pt-br\/#organization","name":"Talkpal, Inc.","alternateName":"Talkpal AI","url":"https:\/\/talkpal.ai\/pt-br\/","logo":{"@type":"ImageObject","inLanguage":"pt-BR","@id":"https:\/\/talkpal.ai\/pt-br\/#\/schema\/logo\/image\/","url":"https:\/\/talkpal.ai\/wp-content\/uploads\/2024\/03\/Talkpal-Logo-Icon.png","contentUrl":"https:\/\/talkpal.ai\/wp-content\/uploads\/2024\/03\/Talkpal-Logo-Icon.png","width":2880,"height":2880,"caption":"Talkpal, Inc."},"image":{"@id":"https:\/\/talkpal.ai\/pt-br\/#\/schema\/logo\/image\/"},"sameAs":["https:\/\/www.facebook.com\/profile.php?id=100090733639311","https:\/\/x.com\/talkpalai","https:\/\/www.linkedin.com\/company\/talkpal\/","https:\/\/www.youtube.com\/@TalkPal\/","https:\/\/www.tiktok.com\/@talkpal","https:\/\/www.instagram.com\/talkpal_ai\/","https:\/\/www.crunchbase.com\/organization\/talkpal-9cde","https:\/\/www.g2.com\/products\/talkpal-for-business\/","https:\/\/www.trustpilot.com\/review\/talkpal.ai","https:\/\/www.capterra.com\/p\/10006800\/TalkPal\/"],"description":"Talkpal is a language learning web and mobile education app, powered by the latest AI technologies, that provides engaging experiences to its customers in many different languages to help them improve their language skills. Users can chat about unlimited amount of topics with the app and use other modes to practice their language learning.","email":"support@talkpal.ai","legalName":"Talkpal, Inc.","foundingDate":"2023-04-03","duns":"118989042","numberOfEmployees":{"@type":"QuantitativeValue","minValue":"11","maxValue":"50"},"publishingPrinciples":"https:\/\/talkpal.ai\/publishing-principles\/","actionableFeedbackPolicy":"https:\/\/talkpal.ai\/actionable-feedback-policy\/","correctionsPolicy":"https:\/\/talkpal.ai\/corrections-policy\/","ethicsPolicy":"https:\/\/talkpal.ai\/ethics-policy\/","diversityPolicy":"https:\/\/talkpal.ai\/diversity-policy\/","diversityStaffingReport":"https:\/\/talkpal.ai\/diversity-policy\/"}]}},"_links":{"self":[{"href":"https:\/\/talkpal.ai\/pt-br\/wp-json\/wp\/v2\/pages\/144191","targetHints":{"allow":["GET"]}}],"collection":[{"href":"https:\/\/talkpal.ai\/pt-br\/wp-json\/wp\/v2\/pages"}],"about":[{"href":"https:\/\/talkpal.ai\/pt-br\/wp-json\/wp\/v2\/types\/page"}],"author":[{"embeddable":true,"href":"https:\/\/talkpal.ai\/pt-br\/wp-json\/wp\/v2\/users\/1"}],"replies":[{"embeddable":true,"href":"https:\/\/talkpal.ai\/pt-br\/wp-json\/wp\/v2\/comments?post=144191"}],"version-history":[{"count":0,"href":"https:\/\/talkpal.ai\/pt-br\/wp-json\/wp\/v2\/pages\/144191\/revisions"}],"wp:featuredmedia":[{"embeddable":true,"href":"https:\/\/talkpal.ai\/pt-br\/wp-json\/wp\/v2\/media\/112956"}],"wp:attachment":[{"href":"https:\/\/talkpal.ai\/pt-br\/wp-json\/wp\/v2\/media?parent=144191"}],"curies":[{"name":"wp","href":"https:\/\/api.w.org\/{rel}","templated":true}]}}