{"id":142933,"date":"2023-05-14T14:02:30","date_gmt":"2023-05-14T14:02:30","guid":{"rendered":"http:\/\/talkpal.ai\/gramatica-grega\/"},"modified":"2025-12-13T15:33:53","modified_gmt":"2025-12-13T15:33:53","slug":"gramatica-grega","status":"publish","type":"page","link":"https:\/\/talkpal.ai\/pt-br\/gramatica-grega\/","title":{"rendered":"Gram\u00e1tica grega"},"content":{"rendered":"\r\n\r\n\r\n<section class=\"languageChallengeSection\">\r\n    <div class=\"languageInfoWrapper\">\r\n        \r\n        <h1>Gram\u00e1tica grega<\/h1>\r\n        <p>Aprenda a <a href=\"https:\/\/talkpal.ai\/greek-grammar\/\">gram\u00e1tica grega<\/a> e entre no mundo de um dos idiomas mais antigos e influentes da humanidade. O <a href=\"https:\/\/talkpal.ai\/learn-greek\/\">grego<\/a> apresenta a voc\u00ea seu alfabeto \u00fanico, conjuga\u00e7\u00f5es verbais expressivas e um sistema de casos de substantivos que moldam o significado. Ao explorar, voc\u00ea descobrir\u00e1 as ra\u00edzes de muitas palavras em <a href=\"https:\/\/talkpal.ai\/pt-pt\/locations\/aprenda-ingles-em-passos\/\">ingl\u00eas<\/a> e se conectar\u00e1 com uma rica heran\u00e7a cultural. Mergulhe de cabe\u00e7a e aproveite o desafio gratificante de aprender a gram\u00e1tica grega!<\/p>\r\n\r\n                            <a class=\"getStartedHidden\" href=\"https:\/\/app.talkpal.ai\/pt-br\/signup?lng=\">Come\u00e7a<\/a>\r\n        \r\n    <\/div>\r\n\r\n    <figure>\r\n    <img decoding=\"async\" width=\"768\" height=\"768\" src=\"https:\/\/talkpal.ai\/wp-content\/uploads\/2023\/06\/greek-768x768.png\" class=\"languageImage no-lazy\" alt=\"Language learning to boost personal capability\" fetchpriority=\"high\" sizes=\"(max-width: 768px) 150px, 768px\" srcset=\"https:\/\/talkpal.ai\/wp-content\/uploads\/2023\/06\/greek-768x768.png 768w, https:\/\/talkpal.ai\/wp-content\/uploads\/2023\/06\/greek-300x300.png 300w\" \/>\r\n    \r\n\r\n    <\/figure>\r\n\r\n            <a class=\"getStartedVisible\" href=\"https:\/\/app.talkpal.ai\/pt-br\/signup?lng=\">Come\u00e7a<\/a>\r\n    \r\n<\/section>\r\n<section class=\"promotionalBanner\">\r\n    <p class=\"promotionalText\">A maneira mais eficiente de aprender um idioma<\/p>\r\n    <a class=\"promotionalLink\" href=\"https:\/\/app.talkpal.ai\/pt-br\/signup?lng=\">Experimente o Talkpal gratuitamente<\/a>\r\n<\/section>\n<div class=\"wp-block-group pageContainerStyle\"><div class=\"wp-block-group__inner-container is-layout-constrained wp-block-group-is-layout-constrained\">\n<h2 class=\"wp-block-heading\" id=\"h-demystifying-greek-grammar-a-comprehensive-guide\">Desmistificando a gram\u00e1tica grega: um guia abrangente<\/h2>\n\n\n\n<p>O grego, uma l\u00edngua elegante e antiga, ocupa um lugar especial na hist\u00f3ria lingu\u00edstica e permanece influente at\u00e9 hoje. Com uma base s\u00f3lida na gram\u00e1tica grega, voc\u00ea ter\u00e1 acesso a uma riqueza de recursos culturais e hist\u00f3ricos enquanto desbloqueia outra camada de significado no <a href=\"https:\/\/talkpal.ai\/english-vocabulary\/\">vocabul\u00e1rio ingl\u00eas<\/a>. <a href=\"https:\/\/talkpal.ai\/culture\/how-do-you-use-the-phrase-ao-contrario-de\/\">Ao contr\u00e1rio<\/a> da cren\u00e7a popular, a gram\u00e1tica grega n\u00e3o \u00e9 t\u00e3o intimidante quanto pode parecer inicialmente. Neste artigo, ajudaremos voc\u00ea a navegar pelos componentes essenciais da gram\u00e1tica grega <a href=\"https:\/\/talkpal.ai\/culture\/how-do-i-use-para-que-correctly\/\">para que<\/a> voc\u00ea possa abordar esse idioma com confian\u00e7a e entusiasmo.<\/p>\n\n\n\n<h3 class=\"wp-block-heading\" id=\"h-1-understanding-greek-nouns-cases-and-articles\">1. Entendendo substantivos, casos e artigos gregos<\/h3>\n\n\n\n<p>Os substantivos gregos s\u00e3o classificados em tr\u00eas g\u00eaneros: masculino, feminino e neutro. Cada substantivo pertence a uma das tr\u00eas declina\u00e7\u00f5es, que determinam as termina\u00e7\u00f5es do substantivo com base em seu g\u00eanero, n\u00famero (singular ou plural) e caso. Na l\u00edngua grega, h\u00e1 cinco casos: nominativo, genitivo, dativo, acusativo e vocativo.<\/p>\n\n\n\n<p>Um aspecto essencial da gram\u00e1tica grega gira em torno do artigo. Assim <a href=\"https:\/\/talkpal.ai\/locations\/language-courses-in-como\/\">como<\/a> o &#8220;the&#8221; em ingl\u00eas, o artigo definido grego \u00e9 fundamental para que voc\u00ea entenda os textos gregos. O artigo grego deve concordar com o substantivo em g\u00eanero, n\u00famero e caso. O grego tamb\u00e9m tem um artigo indefinido que funciona como &#8220;a&#8221; ou &#8220;an&#8221; em ingl\u00eas.<\/p>\n\n\n\n<h3 class=\"wp-block-heading\" id=\"h-2-tackling-greek-verbs-conjugation-and-moods\">2. Abordando verbos gregos: conjuga\u00e7\u00e3o e humores<\/h3>\n\n\n\n<p>Os verbos gregos s\u00e3o caracterizados por seu tempo, voz, humor, pessoa e n\u00famero. Os verbos na l\u00edngua grega s\u00e3o conjugados de acordo com seu tempo, que indica quando uma a\u00e7\u00e3o ocorre. Existem sete partes principais de um verbo grego, cada uma correspondendo a um tempo:<\/p>\n\n\n\n<p><strong>&#8211; Presente<\/strong><\/p>\n\n\n\n<p><strong>&#8211; Futuro<\/strong><\/p>\n\n\n\n<p><strong>&#8211; Aoristo (passado simples)<\/strong><\/p>\n\n\n\n<p><strong>&#8211; Perfeito<\/strong><\/p>\n\n\n\n<p><strong>&#8211; Futuro perfeito<\/strong><\/p>\n\n\n\n<p><strong>&#8211; Pluperfect<\/strong><\/p>\n\n\n\n<p><strong>&#8211; Aoristo passivo<\/strong><\/p>\n\n\n\n<p>Al\u00e9m disso, os verbos gregos t\u00eam v\u00e1rios estados de esp\u00edrito que expressam a atitude do falante em rela\u00e7\u00e3o \u00e0 a\u00e7\u00e3o. Esses humores s\u00e3o imperativos, indicativos e subjuntivos.<\/p>\n\n\n\n<h3 class=\"wp-block-heading\" id=\"h-3-crafting-expressive-sentences-with-greek-adjectives-and-adverbs\">3. Elabora\u00e7\u00e3o de frases expressivas com adjetivos e adv\u00e9rbios gregos<\/h3>\n\n\n\n<p>Os adjetivos gregos adicionam cor e descri\u00e7\u00e3o \u00e0s suas frases. Semelhante aos substantivos, os adjetivos em grego devem concordar em g\u00eanero, n\u00famero e caso com o substantivo que descrevem. Al\u00e9m disso, os adjetivos pertencem a uma das tr\u00eas declina\u00e7\u00f5es, que determina seus finais.<\/p>\n\n\n\n<p>Os adv\u00e9rbios gregos modificam verbos, adjetivos ou outros adv\u00e9rbios. Eles expressam como, quando, onde ou em que medida uma a\u00e7\u00e3o est\u00e1 sendo executada. Ao contr\u00e1rio dos adjetivos, os adv\u00e9rbios n\u00e3o precisam concordar com substantivos em g\u00eanero, n\u00famero ou caso. Em muitos casos, os adv\u00e9rbios s\u00e3o formados pela adi\u00e7\u00e3o de termina\u00e7\u00f5es espec\u00edficas \u00e0s ra\u00edzes adjetivas.<\/p>\n\n\n\n<h3 class=\"wp-block-heading\" id=\"h-4-exploring-greek-pronouns-and-greek-sentence-structure\">4. Explorando os Pronomes Gregos e a Estrutura da Senten\u00e7a Grega<\/h3>\n\n\n\n<p>Os pronomes desempenham um papel significativo na gram\u00e1tica grega, pois substituem os substantivos e devem concordar com o substantivo que representam em g\u00eanero, n\u00famero e caso. H\u00e1 pronomes pessoais, reflexivos, demonstrativos, relativos, interrogativos e indefinidos em grego.<\/p>\n\n\n\n<p>A estrutura da ora\u00e7\u00e3o grega segue principalmente a ordem sujeito-verbo-objeto (SVO). No entanto, devido \u00e0 sua natureza altamente flexionada, o grego oferece mais flexibilidade na ordem das palavras, o que permite \u00eanfase e express\u00e3o po\u00e9tica. Essa flexibilidade pode parecer desafiadora no in\u00edcio, mas se torna mais acess\u00edvel \u00e0 medida que voc\u00ea se familiariza com as nuances do idioma.<\/p>\n\n\n\n<h3 class=\"wp-block-heading\" id=\"h-conclusion\">Conclus\u00e3o<\/h3>\n\n\n\n<p>Ao embarcar em sua jornada para dominar a gram\u00e1tica grega, lembre-se de que a pr\u00e1tica e a perseveran\u00e7a s\u00e3o cruciais para o sucesso. Tome seu tempo desvendando as complexidades dos substantivos, verbos, adjetivos, adv\u00e9rbios e estrutura de ora\u00e7\u00f5es gregas. \u00c0 medida que voc\u00ea se aprofunda nesta l\u00edngua fascinante, voc\u00ea descobrir\u00e1 que a gram\u00e1tica grega se torna mais familiar e menos intimidante. Boa sorte, e \u03ba\u03b1\u03bb\u03ae \u03b5\u03c0\u03b9\u03c4\u03c5\u03c7\u03af\u03b1!<\/p>\n<\/div><\/div>\n\r\n<section class=\"learnNavigationSection\">\r\n            \r\n        <a href=\"https:\/\/talkpal.ai\/pt-br\/aprenda-grego\/\">\r\n            <div class=\"learnNavigationWrapper\">\r\n                <div class=\"learnNavigationContent\">\r\n                    <img decoding=\"async\" src=\"https:\/\/talkpal.ai\/wp-content\/uploads\/2024\/08\/Greek.jpg\" alt=\"Greek Flag\">\r\n                    <div>\r\n                        <h4>Sobre o Greek Learning<\/h4>\r\n                        <p>Descubra tudo sobre a gram\u00e1tica grega.<\/p>\r\n                    <\/div>\r\n                <\/div>\r\n            <\/div>\r\n        <\/a>\r\n\r\n        \r\n        <a href=\"https:\/\/talkpal.ai\/pt-br\/exercicios-de-gramatica-grega\/\">\r\n            <div class=\"learnNavigationWrapper\">\r\n                <div class=\"learnNavigationContent\">\r\n                    <img decoding=\"async\" src=\"https:\/\/talkpal.ai\/wp-content\/uploads\/2024\/08\/Greek.jpg\" alt=\"Greek Flag\">\r\n                    <div>\r\n                        <h4>Exerc\u00edcio de gram\u00e1tica grega<\/h4>\r\n                        <p>Pratique a gram\u00e1tica grega.<\/p>\r\n                    <\/div>\r\n                <\/div>\r\n            <\/div>\r\n        <\/a>\r\n\r\n        \r\n        <a href=\"https:\/\/talkpal.ai\/vocabulary_language\/greek\/\">\r\n            <div class=\"learnNavigationWrapper\">\r\n                <div class=\"learnNavigationContent\">\r\n                    <img decoding=\"async\" src=\"https:\/\/talkpal.ai\/wp-content\/uploads\/2024\/08\/Greek.jpg\" alt=\"Greek Flag\">\r\n                    <div>\r\n                        <h4>Vocabul\u00e1rio grego<\/h4>\r\n                        <p>Amplie seu vocabul\u00e1rio de grego.<\/p>\r\n                    <\/div>\r\n                <\/div>\r\n            <\/div>\r\n        <\/a>\r\n\r\n            <\/section>","protected":false},"excerpt":{"rendered":"<p>Desmistificando a gram\u00e1tica grega: um guia abrangente O grego, uma l\u00edngua elegante e antiga, ocupa um lugar especial na hist\u00f3ria lingu\u00edstica e permanece influente at\u00e9 hoje. Com uma base s\u00f3lida na gram\u00e1tica grega, voc\u00ea ter\u00e1 acesso a uma riqueza de recursos culturais e hist\u00f3ricos enquanto desbloqueia outra camada de significado no vocabul\u00e1rio ingl\u00eas. Ao contr\u00e1rio [&hellip;]<\/p>\n","protected":false},"author":1,"featured_media":112715,"parent":0,"menu_order":0,"comment_status":"closed","ping_status":"closed","template":"LearningContentPage.php","meta":{"_acf_changed":false,"footnotes":""},"class_list":["post-142933","page","type-page","status-publish","has-post-thumbnail","hentry"],"acf":[],"yoast_head":"<!-- This site is optimized with the Yoast SEO Premium plugin v27.2 (Yoast SEO v27.2) - https:\/\/yoast.com\/product\/yoast-seo-premium-wordpress\/ -->\n<title>Gram\u00e1tica grega - Talkpal<\/title>\n<meta name=\"description\" content=\"Domine a gram\u00e1tica grega com confian\u00e7a - aprenda regras importantes, pratique a forma\u00e7\u00e3o de frases e fortale\u00e7a suas habilidades rapidamente com a Talkpal IA.\" \/>\n<meta name=\"robots\" content=\"index, follow, max-snippet:-1, max-image-preview:large, max-video-preview:-1\" \/>\n<link rel=\"canonical\" href=\"https:\/\/talkpal.ai\/pt-br\/gramatica-grega\/\" \/>\n<meta property=\"og:locale\" content=\"pt_BR\" \/>\n<meta property=\"og:type\" content=\"article\" \/>\n<meta property=\"og:title\" content=\"Gram\u00e1tica grega\" \/>\n<meta property=\"og:description\" content=\"Desmistificando a gram\u00e1tica grega: um guia abrangente O grego, uma l\u00edngua elegante e antiga, ocupa um lugar especial na hist\u00f3ria lingu\u00edstica e permanece\" \/>\n<meta property=\"og:url\" content=\"https:\/\/talkpal.ai\/pt-br\/gramatica-grega\/\" \/>\n<meta property=\"og:site_name\" content=\"Talkpal\" \/>\n<meta property=\"article:publisher\" content=\"https:\/\/www.facebook.com\/profile.php?id=100090733639311\" \/>\n<meta property=\"article:modified_time\" content=\"2025-12-13T15:33:53+00:00\" \/>\n<meta property=\"og:image\" content=\"https:\/\/talkpal.ai\/wp-content\/uploads\/2023\/05\/greece.png\" \/>\n\t<meta property=\"og:image:width\" content=\"512\" \/>\n\t<meta property=\"og:image:height\" content=\"512\" \/>\n\t<meta property=\"og:image:type\" content=\"image\/png\" \/>\n<meta name=\"twitter:card\" content=\"summary_large_image\" \/>\n<meta name=\"twitter:site\" content=\"@talkpalai\" \/>\n<meta name=\"twitter:label1\" content=\"Est. tempo de leitura\" \/>\n\t<meta name=\"twitter:data1\" content=\"3 minutos\" \/>\n<script type=\"application\/ld+json\" class=\"yoast-schema-graph\">{\"@context\":\"https:\/\/schema.org\",\"@graph\":[{\"@type\":\"WebPage\",\"@id\":\"https:\/\/talkpal.ai\/pt-br\/gramatica-grega\/\",\"url\":\"https:\/\/talkpal.ai\/pt-br\/gramatica-grega\/\",\"name\":\"Gram\u00e1tica grega - Talkpal\",\"isPartOf\":{\"@id\":\"https:\/\/talkpal.ai\/pt-br\/#website\"},\"primaryImageOfPage\":{\"@id\":\"https:\/\/talkpal.ai\/pt-br\/gramatica-grega\/#primaryimage\"},\"image\":{\"@id\":\"https:\/\/talkpal.ai\/pt-br\/gramatica-grega\/#primaryimage\"},\"thumbnailUrl\":\"https:\/\/talkpal.ai\/wp-content\/uploads\/2023\/05\/greece.png\",\"datePublished\":\"2023-05-14T14:02:30+00:00\",\"dateModified\":\"2025-12-13T15:33:53+00:00\",\"description\":\"Domine a gram\u00e1tica grega com confian\u00e7a - aprenda regras importantes, pratique a forma\u00e7\u00e3o de frases e fortale\u00e7a suas habilidades rapidamente com a Talkpal IA.\",\"breadcrumb\":{\"@id\":\"https:\/\/talkpal.ai\/pt-br\/gramatica-grega\/#breadcrumb\"},\"inLanguage\":\"pt-BR\",\"potentialAction\":[{\"@type\":\"ReadAction\",\"target\":[\"https:\/\/talkpal.ai\/pt-br\/gramatica-grega\/\"]}]},{\"@type\":\"ImageObject\",\"inLanguage\":\"pt-BR\",\"@id\":\"https:\/\/talkpal.ai\/pt-br\/gramatica-grega\/#primaryimage\",\"url\":\"https:\/\/talkpal.ai\/wp-content\/uploads\/2023\/05\/greece.png\",\"contentUrl\":\"https:\/\/talkpal.ai\/wp-content\/uploads\/2023\/05\/greece.png\",\"width\":512,\"height\":512},{\"@type\":\"BreadcrumbList\",\"@id\":\"https:\/\/talkpal.ai\/pt-br\/gramatica-grega\/#breadcrumb\",\"itemListElement\":[{\"@type\":\"ListItem\",\"position\":1,\"name\":\"Homepage\",\"item\":\"https:\/\/talkpal.ai\/pt-br\/\"},{\"@type\":\"ListItem\",\"position\":2,\"name\":\"Gram\u00e1tica grega\"}]},{\"@type\":\"WebSite\",\"@id\":\"https:\/\/talkpal.ai\/pt-br\/#website\",\"url\":\"https:\/\/talkpal.ai\/pt-br\/\",\"name\":\"Talkpal\",\"description\":\"AI Language Learning\",\"publisher\":{\"@id\":\"https:\/\/talkpal.ai\/pt-br\/#organization\"},\"alternateName\":\"Talkpal AI\",\"potentialAction\":[{\"@type\":\"SearchAction\",\"target\":{\"@type\":\"EntryPoint\",\"urlTemplate\":\"https:\/\/talkpal.ai\/pt-br\/?s={search_term_string}\"},\"query-input\":{\"@type\":\"PropertyValueSpecification\",\"valueRequired\":true,\"valueName\":\"search_term_string\"}}],\"inLanguage\":\"pt-BR\"},{\"@type\":\"Organization\",\"@id\":\"https:\/\/talkpal.ai\/pt-br\/#organization\",\"name\":\"Talkpal, Inc.\",\"alternateName\":\"Talkpal AI\",\"url\":\"https:\/\/talkpal.ai\/pt-br\/\",\"logo\":{\"@type\":\"ImageObject\",\"inLanguage\":\"pt-BR\",\"@id\":\"https:\/\/talkpal.ai\/pt-br\/#\/schema\/logo\/image\/\",\"url\":\"https:\/\/talkpal.ai\/wp-content\/uploads\/2024\/03\/Talkpal-Logo-Icon.png\",\"contentUrl\":\"https:\/\/talkpal.ai\/wp-content\/uploads\/2024\/03\/Talkpal-Logo-Icon.png\",\"width\":2880,\"height\":2880,\"caption\":\"Talkpal, Inc.\"},\"image\":{\"@id\":\"https:\/\/talkpal.ai\/pt-br\/#\/schema\/logo\/image\/\"},\"sameAs\":[\"https:\/\/www.facebook.com\/profile.php?id=100090733639311\",\"https:\/\/x.com\/talkpalai\",\"https:\/\/www.linkedin.com\/company\/talkpal\/\",\"https:\/\/www.youtube.com\/@TalkPal\/\",\"https:\/\/www.tiktok.com\/@talkpal\",\"https:\/\/www.instagram.com\/talkpal_ai\/\",\"https:\/\/www.crunchbase.com\/organization\/talkpal-9cde\",\"https:\/\/www.g2.com\/products\/talkpal-for-business\/\",\"https:\/\/www.trustpilot.com\/review\/talkpal.ai\",\"https:\/\/www.capterra.com\/p\/10006800\/TalkPal\/\"],\"description\":\"Talkpal is a language learning web and mobile education app, powered by the latest AI technologies, that provides engaging experiences to its customers in many different languages to help them improve their language skills. Users can chat about unlimited amount of topics with the app and use other modes to practice their language learning.\",\"email\":\"support@talkpal.ai\",\"legalName\":\"Talkpal, Inc.\",\"foundingDate\":\"2023-04-03\",\"duns\":\"118989042\",\"numberOfEmployees\":{\"@type\":\"QuantitativeValue\",\"minValue\":\"11\",\"maxValue\":\"50\"},\"publishingPrinciples\":\"https:\/\/talkpal.ai\/publishing-principles\/\",\"actionableFeedbackPolicy\":\"https:\/\/talkpal.ai\/actionable-feedback-policy\/\",\"correctionsPolicy\":\"https:\/\/talkpal.ai\/corrections-policy\/\",\"ethicsPolicy\":\"https:\/\/talkpal.ai\/ethics-policy\/\",\"diversityPolicy\":\"https:\/\/talkpal.ai\/diversity-policy\/\",\"diversityStaffingReport\":\"https:\/\/talkpal.ai\/diversity-policy\/\"}]}<\/script>\n<!-- \/ Yoast SEO Premium plugin. -->","yoast_head_json":{"title":"Gram\u00e1tica grega - Talkpal","description":"Domine a gram\u00e1tica grega com confian\u00e7a - aprenda regras importantes, pratique a forma\u00e7\u00e3o de frases e fortale\u00e7a suas habilidades rapidamente com a Talkpal IA.","robots":{"index":"index","follow":"follow","max-snippet":"max-snippet:-1","max-image-preview":"max-image-preview:large","max-video-preview":"max-video-preview:-1"},"canonical":"https:\/\/talkpal.ai\/pt-br\/gramatica-grega\/","og_locale":"pt_BR","og_type":"article","og_title":"Gram\u00e1tica grega","og_description":"Desmistificando a gram\u00e1tica grega: um guia abrangente O grego, uma l\u00edngua elegante e antiga, ocupa um lugar especial na hist\u00f3ria lingu\u00edstica e permanece","og_url":"https:\/\/talkpal.ai\/pt-br\/gramatica-grega\/","og_site_name":"Talkpal","article_publisher":"https:\/\/www.facebook.com\/profile.php?id=100090733639311","article_modified_time":"2025-12-13T15:33:53+00:00","og_image":[{"width":512,"height":512,"url":"https:\/\/talkpal.ai\/wp-content\/uploads\/2023\/05\/greece.png","type":"image\/png"}],"twitter_card":"summary_large_image","twitter_site":"@talkpalai","twitter_misc":{"Est. tempo de leitura":"3 minutos"},"schema":{"@context":"https:\/\/schema.org","@graph":[{"@type":"WebPage","@id":"https:\/\/talkpal.ai\/pt-br\/gramatica-grega\/","url":"https:\/\/talkpal.ai\/pt-br\/gramatica-grega\/","name":"Gram\u00e1tica grega - Talkpal","isPartOf":{"@id":"https:\/\/talkpal.ai\/pt-br\/#website"},"primaryImageOfPage":{"@id":"https:\/\/talkpal.ai\/pt-br\/gramatica-grega\/#primaryimage"},"image":{"@id":"https:\/\/talkpal.ai\/pt-br\/gramatica-grega\/#primaryimage"},"thumbnailUrl":"https:\/\/talkpal.ai\/wp-content\/uploads\/2023\/05\/greece.png","datePublished":"2023-05-14T14:02:30+00:00","dateModified":"2025-12-13T15:33:53+00:00","description":"Domine a gram\u00e1tica grega com confian\u00e7a - aprenda regras importantes, pratique a forma\u00e7\u00e3o de frases e fortale\u00e7a suas habilidades rapidamente com a Talkpal IA.","breadcrumb":{"@id":"https:\/\/talkpal.ai\/pt-br\/gramatica-grega\/#breadcrumb"},"inLanguage":"pt-BR","potentialAction":[{"@type":"ReadAction","target":["https:\/\/talkpal.ai\/pt-br\/gramatica-grega\/"]}]},{"@type":"ImageObject","inLanguage":"pt-BR","@id":"https:\/\/talkpal.ai\/pt-br\/gramatica-grega\/#primaryimage","url":"https:\/\/talkpal.ai\/wp-content\/uploads\/2023\/05\/greece.png","contentUrl":"https:\/\/talkpal.ai\/wp-content\/uploads\/2023\/05\/greece.png","width":512,"height":512},{"@type":"BreadcrumbList","@id":"https:\/\/talkpal.ai\/pt-br\/gramatica-grega\/#breadcrumb","itemListElement":[{"@type":"ListItem","position":1,"name":"Homepage","item":"https:\/\/talkpal.ai\/pt-br\/"},{"@type":"ListItem","position":2,"name":"Gram\u00e1tica grega"}]},{"@type":"WebSite","@id":"https:\/\/talkpal.ai\/pt-br\/#website","url":"https:\/\/talkpal.ai\/pt-br\/","name":"Talkpal","description":"AI Language Learning","publisher":{"@id":"https:\/\/talkpal.ai\/pt-br\/#organization"},"alternateName":"Talkpal AI","potentialAction":[{"@type":"SearchAction","target":{"@type":"EntryPoint","urlTemplate":"https:\/\/talkpal.ai\/pt-br\/?s={search_term_string}"},"query-input":{"@type":"PropertyValueSpecification","valueRequired":true,"valueName":"search_term_string"}}],"inLanguage":"pt-BR"},{"@type":"Organization","@id":"https:\/\/talkpal.ai\/pt-br\/#organization","name":"Talkpal, Inc.","alternateName":"Talkpal AI","url":"https:\/\/talkpal.ai\/pt-br\/","logo":{"@type":"ImageObject","inLanguage":"pt-BR","@id":"https:\/\/talkpal.ai\/pt-br\/#\/schema\/logo\/image\/","url":"https:\/\/talkpal.ai\/wp-content\/uploads\/2024\/03\/Talkpal-Logo-Icon.png","contentUrl":"https:\/\/talkpal.ai\/wp-content\/uploads\/2024\/03\/Talkpal-Logo-Icon.png","width":2880,"height":2880,"caption":"Talkpal, Inc."},"image":{"@id":"https:\/\/talkpal.ai\/pt-br\/#\/schema\/logo\/image\/"},"sameAs":["https:\/\/www.facebook.com\/profile.php?id=100090733639311","https:\/\/x.com\/talkpalai","https:\/\/www.linkedin.com\/company\/talkpal\/","https:\/\/www.youtube.com\/@TalkPal\/","https:\/\/www.tiktok.com\/@talkpal","https:\/\/www.instagram.com\/talkpal_ai\/","https:\/\/www.crunchbase.com\/organization\/talkpal-9cde","https:\/\/www.g2.com\/products\/talkpal-for-business\/","https:\/\/www.trustpilot.com\/review\/talkpal.ai","https:\/\/www.capterra.com\/p\/10006800\/TalkPal\/"],"description":"Talkpal is a language learning web and mobile education app, powered by the latest AI technologies, that provides engaging experiences to its customers in many different languages to help them improve their language skills. Users can chat about unlimited amount of topics with the app and use other modes to practice their language learning.","email":"support@talkpal.ai","legalName":"Talkpal, Inc.","foundingDate":"2023-04-03","duns":"118989042","numberOfEmployees":{"@type":"QuantitativeValue","minValue":"11","maxValue":"50"},"publishingPrinciples":"https:\/\/talkpal.ai\/publishing-principles\/","actionableFeedbackPolicy":"https:\/\/talkpal.ai\/actionable-feedback-policy\/","correctionsPolicy":"https:\/\/talkpal.ai\/corrections-policy\/","ethicsPolicy":"https:\/\/talkpal.ai\/ethics-policy\/","diversityPolicy":"https:\/\/talkpal.ai\/diversity-policy\/","diversityStaffingReport":"https:\/\/talkpal.ai\/diversity-policy\/"}]}},"_links":{"self":[{"href":"https:\/\/talkpal.ai\/pt-br\/wp-json\/wp\/v2\/pages\/142933","targetHints":{"allow":["GET"]}}],"collection":[{"href":"https:\/\/talkpal.ai\/pt-br\/wp-json\/wp\/v2\/pages"}],"about":[{"href":"https:\/\/talkpal.ai\/pt-br\/wp-json\/wp\/v2\/types\/page"}],"author":[{"embeddable":true,"href":"https:\/\/talkpal.ai\/pt-br\/wp-json\/wp\/v2\/users\/1"}],"replies":[{"embeddable":true,"href":"https:\/\/talkpal.ai\/pt-br\/wp-json\/wp\/v2\/comments?post=142933"}],"version-history":[{"count":0,"href":"https:\/\/talkpal.ai\/pt-br\/wp-json\/wp\/v2\/pages\/142933\/revisions"}],"wp:featuredmedia":[{"embeddable":true,"href":"https:\/\/talkpal.ai\/pt-br\/wp-json\/wp\/v2\/media\/112715"}],"wp:attachment":[{"href":"https:\/\/talkpal.ai\/pt-br\/wp-json\/wp\/v2\/media?parent=142933"}],"curies":[{"name":"wp","href":"https:\/\/api.w.org\/{rel}","templated":true}]}}