{"id":141988,"date":"2023-05-14T14:00:56","date_gmt":"2023-05-14T14:00:56","guid":{"rendered":"http:\/\/talkpal.ai\/gramatica-catala\/"},"modified":"2025-05-22T18:35:18","modified_gmt":"2025-05-22T18:35:18","slug":"gramatica-catala","status":"publish","type":"page","link":"https:\/\/talkpal.ai\/pt-br\/gramatica-catala\/","title":{"rendered":"Gram\u00e1tica catal\u00e3"},"content":{"rendered":"\r\n\r\n\r\n<section class=\"languageChallengeSection\">\r\n    <div class=\"languageInfoWrapper\">\r\n        \r\n        <h1>Gram\u00e1tica catal\u00e3<\/h1>\r\n        <p>Mergulhe no mundo da <a href=\"https:\/\/talkpal.ai\/catalan-grammar\/\">gram\u00e1tica catal\u00e3<\/a> e descubra a estrutura \u00fanica dessa vibrante l\u00edngua rom\u00e2nica. Dominar o b\u00e1sico ajudar\u00e1 voc\u00ea a se comunicar com mais efici\u00eancia e a se conectar com a cultura catal\u00e3 <a href=\"https:\/\/talkpal.ai\/culture\/how-do-i-combine-em-and-um-to-form-num\/\">em um<\/a> n\u00edvel mais profundo. Comece a aprender a <a href=\"https:\/\/talkpal.ai\/catalan-grammar\/\">gram\u00e1tica catal\u00e3<\/a> hoje mesmo e d\u00ea o primeiro passo rumo \u00e0 flu\u00eancia!\n\n<\/p>\r\n\r\n                            <a class=\"getStartedHidden\" href=\"https:\/\/app.talkpal.ai\/pt-br\/signup?lng=\">Come\u00e7a<\/a>\r\n        \r\n    <\/div>\r\n\r\n    <figure>\r\n    <img decoding=\"async\" width=\"768\" height=\"768\" src=\"https:\/\/talkpal.ai\/wp-content\/uploads\/2023\/06\/catalan-768x768.png\" class=\"languageImage no-lazy\" alt=\"Language learning techniques for fast learning\" fetchpriority=\"high\" sizes=\"(max-width: 768px) 150px, 768px\" srcset=\"https:\/\/talkpal.ai\/wp-content\/uploads\/2023\/06\/catalan-768x768.png 768w, https:\/\/talkpal.ai\/wp-content\/uploads\/2023\/06\/catalan-300x300.png 300w\" \/>\r\n    \r\n\r\n    <\/figure>\r\n\r\n            <a class=\"getStartedVisible\" href=\"https:\/\/app.talkpal.ai\/pt-br\/signup?lng=\">Come\u00e7a<\/a>\r\n    \r\n<\/section>\r\n<section class=\"promotionalBanner\">\r\n    <p class=\"promotionalText\">A maneira mais eficiente de aprender um idioma<\/p>\r\n    <a class=\"promotionalLink\" href=\"https:\/\/app.talkpal.ai\/pt-br\/signup?lng=\">Experimente o Talkpal gratuitamente<\/a>\r\n<\/section>\n<div class=\"wp-block-group pageContainerStyle\"><div class=\"wp-block-group__inner-container is-layout-constrained wp-block-group-is-layout-constrained\">\n<h2 class=\"wp-block-heading\" id=\"h-catalan-grammar-a-quick-guide-for-language-enthusiasts\">Gram\u00e1tica catal\u00e3: um guia r\u00e1pido para entusiastas da l\u00edngua<\/h2>\n\n\n\n<p>Voc\u00ea est\u00e1 planejando <a href=\"https:\/\/talkpal.ai\/pt-pt\/aprender-catalao\/\">aprender catal\u00e3o<\/a> ou apenas curioso sobre esta bela l\u00edngua rom\u00e2nica? N\u00e3o procure mais! Estamos aqui para lev\u00e1-lo a um r\u00e1pido passeio pela gram\u00e1tica catal\u00e3 e equip\u00e1-lo com o b\u00e1sico. Vamos mergulhar nesse idioma encantador e explorar <a href=\"https:\/\/talkpal.ai\/locations\/language-courses-in-como\/\">como<\/a> ele funciona em um n\u00edvel gramatical.<\/p>\n\n\n\n<p>O <a href=\"https:\/\/talkpal.ai\/pt-pt\/locations\/aprenda-ingles-em-catalao\/\">catal\u00e3o<\/a>, falado por cerca de 10 milh\u00f5es de pessoas predominantemente na Catalunha, Val\u00eancia e Ilhas Baleares, tem uma mistura \u00fanica de influ\u00eancias do latim, <a href=\"https:\/\/talkpal.ai\/pt-pt\/locations\/aprenda-espanhol-em-breves\/\">espanhol<\/a> e <a href=\"https:\/\/talkpal.ai\/learn-french\/\">franc\u00eas<\/a>. Assim como voc\u00ea e eu, as l\u00ednguas enriquecem ainda mais ao tomar emprestadas diferentes nuances umas das outras ao longo do tempo. Que emocionante!<\/p>\n\n\n\n<p><strong>Agora, vamos aprender alguns aspectos b\u00e1sicos da gram\u00e1tica catal\u00e3:<\/strong><\/p>\n\n\n\n<h3 class=\"wp-block-heading\" id=\"h-1-nouns-and-gender\">1. Substantivos e G\u00eanero:<\/h3>\n\n\n\n<p>Cante comigo &#8211; &#8220;Todo substantivo tem o poder! Assim como em outras l\u00ednguas rom\u00e2nicas, os substantivos catal\u00e3es s\u00e3o masculinos ou femininos, e esse &#8220;g\u00eanero&#8221; afeta a forma como s\u00e3o usados com artigos e adjetivos. Mas n\u00e3o se preocupe! Na maioria das vezes, os substantivos que terminam com &#8220;-a&#8221; s\u00e3o femininos, enquanto os que terminam em &#8220;-o&#8221; (ou outras consoantes) s\u00e3o masculinos. No entanto, esteja atento \u00e0s exce\u00e7\u00f5es \u2013 eles adoram se esgueirar para cima de voc\u00ea!<\/p>\n\n\n\n<h3 class=\"wp-block-heading\" id=\"h-2-articles\">2. Artigos:<\/h3>\n\n\n\n<p>A vida seria mon\u00f3tona sem artigos, n\u00e3o \u00e9 mesmo? Quando se trata de catal\u00e3o, temos artigos definidos para indicar coisas ou pessoas espec\u00edficas (como \u201co cachorro\u201d ou \u201co livro\u201d) e artigos indefinidos para refer\u00eancias gerais (como \u201cum cachorro\u201d ou \u201cum livro\u201d).  <\/p>\n\n\n\n<p>Os artigos definidos em catal\u00e3o s\u00e3o &#8220;el&#8221; para substantivos masculinos no singular, &#8220;la&#8221; para substantivos femininos no singular, &#8220;els&#8221; para substantivos masculinos no plural e &#8220;les&#8221; para substantivos femininos no plural. Os artigos indefinidos, por outro lado, s\u00e3o &#8220;un&#8221; para substantivos masculinos no singular e &#8220;una&#8221; para substantivos femininos no singular. No plural, n\u00e3o h\u00e1 artigos espec\u00edficos indefinidos. F\u00e1cil, n\u00e9?<\/p>\n\n\n\n<h3 class=\"wp-block-heading\" id=\"h-3-adjectives\">3. Adjetivos:<\/h3>\n\n\n\n<p>Os adjetivos adicionam sabor \u00e0s suas frases, descrevendo substantivos e, em catal\u00e3o, eles concordam em g\u00eanero e n\u00famero com os substantivos que modificam. Na maioria dos casos, os adjetivos terminados em &#8220;-o&#8221; s\u00e3o masculinos, e os terminados em &#8220;-a&#8221; s\u00e3o femininos. Para formar o plural, troque &#8220;-o&#8221; por &#8220;-os&#8221; (masculino) e &#8220;-a&#8221; por &#8220;-es&#8221; (feminino). Tenha em mente que alguns adjetivos t\u00eam uma forma \u00fanica para ambos os g\u00eaneros e apenas o marcador plural muda. Parece divertido, certo?<\/p>\n\n\n\n<h3 class=\"wp-block-heading\" id=\"h-4-verbs-and-conjugation\">4. Verbos e Conjuga\u00e7\u00e3o:<\/h3>\n\n\n\n<p>O cora\u00e7\u00e3o de cada l\u00edngua! Os verbos em catal\u00e3o s\u00e3o classificados em tr\u00eas grupos com base em suas termina\u00e7\u00f5es de infinitivo: &#8220;-ar&#8221;, &#8220;-er&#8221; e &#8220;-ir&#8221;. Cada grupo tem seu padr\u00e3o de conjuga\u00e7\u00e3o distinto para diferentes tempos, humores e pronomes \u2013 assim como dan\u00e7ar em ritmos diferentes. O catal\u00e3o tamb\u00e9m tem verbos auxiliares (como &#8220;to have&#8221; e &#8220;to be&#8221;) que se combinam com outros verbos para criar tempos compostos e voz passiva. Ent\u00e3o, coloque seus sapatos de dan\u00e7a e comece a explorar o mundo animado dos verbos catal\u00e3es.<\/p>\n\n\n\n<h3 class=\"wp-block-heading\" id=\"h-5-word-order\">5. Ordem das palavras:<\/h3>\n\n\n\n<p>Vamos colocar essas palavras na sequ\u00eancia correta! O catal\u00e3o normalmente segue uma ordem de palavras sujeito-verbo-objeto (SVO), assim como o ingl\u00eas. No entanto, a flexibilidade na ordem das palavras \u00e9 permitida para fins de \u00eanfase ou estil\u00edstica. Os adjetivos geralmente v\u00eam depois do substantivo que descrevem, mas voc\u00ea pode v\u00ea-los antes do substantivo para enfatizar sua import\u00e2ncia. Lembre-se, a pr\u00e1tica \u00e9 perfeita quando se trata de dominar a ordem das palavras em catal\u00e3o.<\/p>\n\n\n\n<h3 class=\"wp-block-heading\" id=\"h-6-pronouns-and-prepositions\">6. Pronomes e Preposi\u00e7\u00f5es:<\/h3>\n\n\n\n<p>Por \u00faltimo, mas n\u00e3o menos importante! Catal\u00e3o tem pronomes de sujeito (eu, voc\u00ea, ele, ela, etc.) e pronomes de objeto (eu, voc\u00ea, ele, ela, etc.), que podem sofrer diferentes mudan\u00e7as dependendo de sua fun\u00e7\u00e3o dentro de uma frase. Al\u00e9m disso, as preposi\u00e7\u00f5es em catal\u00e3o (como &#8220;a&#8221;, &#8220;de&#8221;, &#8220;en&#8221;, &#8220;amb&#8221;) ajudam voc\u00ea a conectar palavras e frases e mostrar as rela\u00e7\u00f5es entre elas.<\/p>\n\n\n\n<p>Ufa! Agora voc\u00ea j\u00e1 sabe o b\u00e1sico da gram\u00e1tica catal\u00e3. Continue explorando, fazendo perguntas e praticando essa linguagem encantadora. Lembre-se, aprender um novo idioma \u00e9 como embarcar em uma jornada emocionante. Voc\u00ea ter\u00e1 seus altos e baixos, mas as recompensas valem o esfor\u00e7o. Bom viatge!<\/p>\n<\/div><\/div>\n\r\n<section class=\"learnNavigationSection\">\r\n            \r\n        <a href=\"https:\/\/talkpal.ai\/pt-br\/aprenda-catalao\/\">\r\n            <div class=\"learnNavigationWrapper\">\r\n                <div class=\"learnNavigationContent\">\r\n                    <img decoding=\"async\" src=\"https:\/\/talkpal.ai\/wp-content\/uploads\/2024\/08\/Catalan.jpg\" alt=\"Catalan Flag\">\r\n                    <div>\r\n                        <h4>Sobre o Catalan Learning<\/h4>\r\n                        <p>Saiba tudo sobre a gram\u00e1tica catal\u00e3 .<\/p>\r\n                    <\/div>\r\n                <\/div>\r\n            <\/div>\r\n        <\/a>\r\n\r\n        \r\n        <a href=\"https:\/\/talkpal.ai\/pt-br\/exercicios-de-gramatica-catala\/\">\r\n            <div class=\"learnNavigationWrapper\">\r\n                <div class=\"learnNavigationContent\">\r\n                    <img decoding=\"async\" src=\"https:\/\/talkpal.ai\/wp-content\/uploads\/2024\/08\/Catalan.jpg\" alt=\"Catalan Flag\">\r\n                    <div>\r\n                        <h4>Exerc\u00edcio de gram\u00e1tica catal\u00e3<\/h4>\r\n                        <p>Pratique a gram\u00e1tica catal\u00e3.<\/p>\r\n                    <\/div>\r\n                <\/div>\r\n            <\/div>\r\n        <\/a>\r\n\r\n        \r\n        <a href=\"https:\/\/talkpal.ai\/vocabulary_language\/catalan\/\">\r\n            <div class=\"learnNavigationWrapper\">\r\n                <div class=\"learnNavigationContent\">\r\n                    <img decoding=\"async\" src=\"https:\/\/talkpal.ai\/wp-content\/uploads\/2024\/08\/Catalan.jpg\" alt=\"Catalan Flag\">\r\n                    <div>\r\n                        <h4>Vocabul\u00e1rio catal\u00e3o<\/h4>\r\n                        <p>Amplie seu vocabul\u00e1rio em catal\u00e3o.<\/p>\r\n                    <\/div>\r\n                <\/div>\r\n            <\/div>\r\n        <\/a>\r\n\r\n            <\/section>","protected":false},"excerpt":{"rendered":"<p>Gram\u00e1tica catal\u00e3: um guia r\u00e1pido para entusiastas da l\u00edngua Voc\u00ea est\u00e1 planejando aprender catal\u00e3o ou apenas curioso sobre esta bela l\u00edngua rom\u00e2nica? N\u00e3o procure mais! Estamos aqui para lev\u00e1-lo a um r\u00e1pido passeio pela gram\u00e1tica catal\u00e3 e equip\u00e1-lo com o b\u00e1sico. Vamos mergulhar nesse idioma encantador e explorar como ele funciona em um n\u00edvel gramatical. [&hellip;]<\/p>\n","protected":false},"author":1,"featured_media":141996,"parent":0,"menu_order":0,"comment_status":"closed","ping_status":"closed","template":"LearningContentPage.php","meta":{"_acf_changed":false,"footnotes":""},"class_list":["post-141988","page","type-page","status-publish","has-post-thumbnail","hentry"],"acf":[],"yoast_head":"<!-- This site is optimized with the Yoast SEO Premium plugin v27.2 (Yoast SEO v27.2) - https:\/\/yoast.com\/product\/yoast-seo-premium-wordpress\/ -->\n<title>Gram\u00e1tica catal\u00e3 - Talkpal<\/title>\n<meta name=\"description\" content=\"Descubra os fundamentos da gram\u00e1tica catal\u00e3 e comece hoje mesmo sua jornada nessa bela l\u00edngua rom\u00e2nica!\" \/>\n<meta name=\"robots\" content=\"index, follow, max-snippet:-1, max-image-preview:large, max-video-preview:-1\" \/>\n<link rel=\"canonical\" href=\"https:\/\/talkpal.ai\/pt-br\/gramatica-catala\/\" \/>\n<meta property=\"og:locale\" content=\"pt_BR\" \/>\n<meta property=\"og:type\" content=\"article\" \/>\n<meta property=\"og:title\" content=\"Gram\u00e1tica catal\u00e3\" \/>\n<meta property=\"og:description\" content=\"Gram\u00e1tica catal\u00e3: um guia r\u00e1pido para entusiastas da l\u00edngua Voc\u00ea est\u00e1 planejando aprender catal\u00e3o ou apenas curioso sobre esta bela l\u00edngua rom\u00e2nica? N\u00e3o\" \/>\n<meta property=\"og:url\" content=\"https:\/\/talkpal.ai\/pt-br\/gramatica-catala\/\" \/>\n<meta property=\"og:site_name\" content=\"Talkpal\" \/>\n<meta property=\"article:publisher\" content=\"https:\/\/www.facebook.com\/profile.php?id=100090733639311\" \/>\n<meta property=\"article:modified_time\" content=\"2025-05-22T18:35:18+00:00\" \/>\n<meta property=\"og:image\" content=\"https:\/\/talkpal.ai\/wp-content\/uploads\/2023\/08\/Catalan.png\" \/>\n\t<meta property=\"og:image:width\" content=\"479\" \/>\n\t<meta property=\"og:image:height\" content=\"479\" \/>\n\t<meta property=\"og:image:type\" content=\"image\/png\" \/>\n<meta name=\"twitter:card\" content=\"summary_large_image\" \/>\n<meta name=\"twitter:site\" content=\"@talkpalai\" \/>\n<meta name=\"twitter:label1\" content=\"Est. tempo de leitura\" \/>\n\t<meta name=\"twitter:data1\" content=\"4 minutos\" \/>\n<script type=\"application\/ld+json\" class=\"yoast-schema-graph\">{\"@context\":\"https:\/\/schema.org\",\"@graph\":[{\"@type\":\"WebPage\",\"@id\":\"https:\/\/talkpal.ai\/pt-br\/gramatica-catala\/\",\"url\":\"https:\/\/talkpal.ai\/pt-br\/gramatica-catala\/\",\"name\":\"Gram\u00e1tica catal\u00e3 - Talkpal\",\"isPartOf\":{\"@id\":\"https:\/\/talkpal.ai\/pt-br\/#website\"},\"primaryImageOfPage\":{\"@id\":\"https:\/\/talkpal.ai\/pt-br\/gramatica-catala\/#primaryimage\"},\"image\":{\"@id\":\"https:\/\/talkpal.ai\/pt-br\/gramatica-catala\/#primaryimage\"},\"thumbnailUrl\":\"https:\/\/talkpal.ai\/wp-content\/uploads\/2023\/08\/Catalan.png\",\"datePublished\":\"2023-05-14T14:00:56+00:00\",\"dateModified\":\"2025-05-22T18:35:18+00:00\",\"description\":\"Descubra os fundamentos da gram\u00e1tica catal\u00e3 e comece hoje mesmo sua jornada nessa bela l\u00edngua rom\u00e2nica!\",\"breadcrumb\":{\"@id\":\"https:\/\/talkpal.ai\/pt-br\/gramatica-catala\/#breadcrumb\"},\"inLanguage\":\"pt-BR\",\"potentialAction\":[{\"@type\":\"ReadAction\",\"target\":[\"https:\/\/talkpal.ai\/pt-br\/gramatica-catala\/\"]}]},{\"@type\":\"ImageObject\",\"inLanguage\":\"pt-BR\",\"@id\":\"https:\/\/talkpal.ai\/pt-br\/gramatica-catala\/#primaryimage\",\"url\":\"https:\/\/talkpal.ai\/wp-content\/uploads\/2023\/08\/Catalan.png\",\"contentUrl\":\"https:\/\/talkpal.ai\/wp-content\/uploads\/2023\/08\/Catalan.png\",\"width\":479,\"height\":479},{\"@type\":\"BreadcrumbList\",\"@id\":\"https:\/\/talkpal.ai\/pt-br\/gramatica-catala\/#breadcrumb\",\"itemListElement\":[{\"@type\":\"ListItem\",\"position\":1,\"name\":\"Homepage\",\"item\":\"https:\/\/talkpal.ai\/pt-br\/\"},{\"@type\":\"ListItem\",\"position\":2,\"name\":\"Gram\u00e1tica catal\u00e3\"}]},{\"@type\":\"WebSite\",\"@id\":\"https:\/\/talkpal.ai\/pt-br\/#website\",\"url\":\"https:\/\/talkpal.ai\/pt-br\/\",\"name\":\"Talkpal\",\"description\":\"AI Language Learning\",\"publisher\":{\"@id\":\"https:\/\/talkpal.ai\/pt-br\/#organization\"},\"alternateName\":\"Talkpal AI\",\"potentialAction\":[{\"@type\":\"SearchAction\",\"target\":{\"@type\":\"EntryPoint\",\"urlTemplate\":\"https:\/\/talkpal.ai\/pt-br\/?s={search_term_string}\"},\"query-input\":{\"@type\":\"PropertyValueSpecification\",\"valueRequired\":true,\"valueName\":\"search_term_string\"}}],\"inLanguage\":\"pt-BR\"},{\"@type\":\"Organization\",\"@id\":\"https:\/\/talkpal.ai\/pt-br\/#organization\",\"name\":\"Talkpal, Inc.\",\"alternateName\":\"Talkpal AI\",\"url\":\"https:\/\/talkpal.ai\/pt-br\/\",\"logo\":{\"@type\":\"ImageObject\",\"inLanguage\":\"pt-BR\",\"@id\":\"https:\/\/talkpal.ai\/pt-br\/#\/schema\/logo\/image\/\",\"url\":\"https:\/\/talkpal.ai\/wp-content\/uploads\/2024\/03\/Talkpal-Logo-Icon.png\",\"contentUrl\":\"https:\/\/talkpal.ai\/wp-content\/uploads\/2024\/03\/Talkpal-Logo-Icon.png\",\"width\":2880,\"height\":2880,\"caption\":\"Talkpal, Inc.\"},\"image\":{\"@id\":\"https:\/\/talkpal.ai\/pt-br\/#\/schema\/logo\/image\/\"},\"sameAs\":[\"https:\/\/www.facebook.com\/profile.php?id=100090733639311\",\"https:\/\/x.com\/talkpalai\",\"https:\/\/www.linkedin.com\/company\/talkpal\/\",\"https:\/\/www.youtube.com\/@TalkPal\/\",\"https:\/\/www.tiktok.com\/@talkpal\",\"https:\/\/www.instagram.com\/talkpal_ai\/\",\"https:\/\/www.crunchbase.com\/organization\/talkpal-9cde\",\"https:\/\/www.g2.com\/products\/talkpal-for-business\/\",\"https:\/\/www.trustpilot.com\/review\/talkpal.ai\",\"https:\/\/www.capterra.com\/p\/10006800\/TalkPal\/\"],\"description\":\"Talkpal is a language learning web and mobile education app, powered by the latest AI technologies, that provides engaging experiences to its customers in many different languages to help them improve their language skills. Users can chat about unlimited amount of topics with the app and use other modes to practice their language learning.\",\"email\":\"support@talkpal.ai\",\"legalName\":\"Talkpal, Inc.\",\"foundingDate\":\"2023-04-03\",\"duns\":\"118989042\",\"numberOfEmployees\":{\"@type\":\"QuantitativeValue\",\"minValue\":\"11\",\"maxValue\":\"50\"},\"publishingPrinciples\":\"https:\/\/talkpal.ai\/publishing-principles\/\",\"actionableFeedbackPolicy\":\"https:\/\/talkpal.ai\/actionable-feedback-policy\/\",\"correctionsPolicy\":\"https:\/\/talkpal.ai\/corrections-policy\/\",\"ethicsPolicy\":\"https:\/\/talkpal.ai\/ethics-policy\/\",\"diversityPolicy\":\"https:\/\/talkpal.ai\/diversity-policy\/\",\"diversityStaffingReport\":\"https:\/\/talkpal.ai\/diversity-policy\/\"}]}<\/script>\n<!-- \/ Yoast SEO Premium plugin. -->","yoast_head_json":{"title":"Gram\u00e1tica catal\u00e3 - Talkpal","description":"Descubra os fundamentos da gram\u00e1tica catal\u00e3 e comece hoje mesmo sua jornada nessa bela l\u00edngua rom\u00e2nica!","robots":{"index":"index","follow":"follow","max-snippet":"max-snippet:-1","max-image-preview":"max-image-preview:large","max-video-preview":"max-video-preview:-1"},"canonical":"https:\/\/talkpal.ai\/pt-br\/gramatica-catala\/","og_locale":"pt_BR","og_type":"article","og_title":"Gram\u00e1tica catal\u00e3","og_description":"Gram\u00e1tica catal\u00e3: um guia r\u00e1pido para entusiastas da l\u00edngua Voc\u00ea est\u00e1 planejando aprender catal\u00e3o ou apenas curioso sobre esta bela l\u00edngua rom\u00e2nica? N\u00e3o","og_url":"https:\/\/talkpal.ai\/pt-br\/gramatica-catala\/","og_site_name":"Talkpal","article_publisher":"https:\/\/www.facebook.com\/profile.php?id=100090733639311","article_modified_time":"2025-05-22T18:35:18+00:00","og_image":[{"width":479,"height":479,"url":"https:\/\/talkpal.ai\/wp-content\/uploads\/2023\/08\/Catalan.png","type":"image\/png"}],"twitter_card":"summary_large_image","twitter_site":"@talkpalai","twitter_misc":{"Est. tempo de leitura":"4 minutos"},"schema":{"@context":"https:\/\/schema.org","@graph":[{"@type":"WebPage","@id":"https:\/\/talkpal.ai\/pt-br\/gramatica-catala\/","url":"https:\/\/talkpal.ai\/pt-br\/gramatica-catala\/","name":"Gram\u00e1tica catal\u00e3 - Talkpal","isPartOf":{"@id":"https:\/\/talkpal.ai\/pt-br\/#website"},"primaryImageOfPage":{"@id":"https:\/\/talkpal.ai\/pt-br\/gramatica-catala\/#primaryimage"},"image":{"@id":"https:\/\/talkpal.ai\/pt-br\/gramatica-catala\/#primaryimage"},"thumbnailUrl":"https:\/\/talkpal.ai\/wp-content\/uploads\/2023\/08\/Catalan.png","datePublished":"2023-05-14T14:00:56+00:00","dateModified":"2025-05-22T18:35:18+00:00","description":"Descubra os fundamentos da gram\u00e1tica catal\u00e3 e comece hoje mesmo sua jornada nessa bela l\u00edngua rom\u00e2nica!","breadcrumb":{"@id":"https:\/\/talkpal.ai\/pt-br\/gramatica-catala\/#breadcrumb"},"inLanguage":"pt-BR","potentialAction":[{"@type":"ReadAction","target":["https:\/\/talkpal.ai\/pt-br\/gramatica-catala\/"]}]},{"@type":"ImageObject","inLanguage":"pt-BR","@id":"https:\/\/talkpal.ai\/pt-br\/gramatica-catala\/#primaryimage","url":"https:\/\/talkpal.ai\/wp-content\/uploads\/2023\/08\/Catalan.png","contentUrl":"https:\/\/talkpal.ai\/wp-content\/uploads\/2023\/08\/Catalan.png","width":479,"height":479},{"@type":"BreadcrumbList","@id":"https:\/\/talkpal.ai\/pt-br\/gramatica-catala\/#breadcrumb","itemListElement":[{"@type":"ListItem","position":1,"name":"Homepage","item":"https:\/\/talkpal.ai\/pt-br\/"},{"@type":"ListItem","position":2,"name":"Gram\u00e1tica catal\u00e3"}]},{"@type":"WebSite","@id":"https:\/\/talkpal.ai\/pt-br\/#website","url":"https:\/\/talkpal.ai\/pt-br\/","name":"Talkpal","description":"AI Language Learning","publisher":{"@id":"https:\/\/talkpal.ai\/pt-br\/#organization"},"alternateName":"Talkpal AI","potentialAction":[{"@type":"SearchAction","target":{"@type":"EntryPoint","urlTemplate":"https:\/\/talkpal.ai\/pt-br\/?s={search_term_string}"},"query-input":{"@type":"PropertyValueSpecification","valueRequired":true,"valueName":"search_term_string"}}],"inLanguage":"pt-BR"},{"@type":"Organization","@id":"https:\/\/talkpal.ai\/pt-br\/#organization","name":"Talkpal, Inc.","alternateName":"Talkpal AI","url":"https:\/\/talkpal.ai\/pt-br\/","logo":{"@type":"ImageObject","inLanguage":"pt-BR","@id":"https:\/\/talkpal.ai\/pt-br\/#\/schema\/logo\/image\/","url":"https:\/\/talkpal.ai\/wp-content\/uploads\/2024\/03\/Talkpal-Logo-Icon.png","contentUrl":"https:\/\/talkpal.ai\/wp-content\/uploads\/2024\/03\/Talkpal-Logo-Icon.png","width":2880,"height":2880,"caption":"Talkpal, Inc."},"image":{"@id":"https:\/\/talkpal.ai\/pt-br\/#\/schema\/logo\/image\/"},"sameAs":["https:\/\/www.facebook.com\/profile.php?id=100090733639311","https:\/\/x.com\/talkpalai","https:\/\/www.linkedin.com\/company\/talkpal\/","https:\/\/www.youtube.com\/@TalkPal\/","https:\/\/www.tiktok.com\/@talkpal","https:\/\/www.instagram.com\/talkpal_ai\/","https:\/\/www.crunchbase.com\/organization\/talkpal-9cde","https:\/\/www.g2.com\/products\/talkpal-for-business\/","https:\/\/www.trustpilot.com\/review\/talkpal.ai","https:\/\/www.capterra.com\/p\/10006800\/TalkPal\/"],"description":"Talkpal is a language learning web and mobile education app, powered by the latest AI technologies, that provides engaging experiences to its customers in many different languages to help them improve their language skills. Users can chat about unlimited amount of topics with the app and use other modes to practice their language learning.","email":"support@talkpal.ai","legalName":"Talkpal, Inc.","foundingDate":"2023-04-03","duns":"118989042","numberOfEmployees":{"@type":"QuantitativeValue","minValue":"11","maxValue":"50"},"publishingPrinciples":"https:\/\/talkpal.ai\/publishing-principles\/","actionableFeedbackPolicy":"https:\/\/talkpal.ai\/actionable-feedback-policy\/","correctionsPolicy":"https:\/\/talkpal.ai\/corrections-policy\/","ethicsPolicy":"https:\/\/talkpal.ai\/ethics-policy\/","diversityPolicy":"https:\/\/talkpal.ai\/diversity-policy\/","diversityStaffingReport":"https:\/\/talkpal.ai\/diversity-policy\/"}]}},"_links":{"self":[{"href":"https:\/\/talkpal.ai\/pt-br\/wp-json\/wp\/v2\/pages\/141988","targetHints":{"allow":["GET"]}}],"collection":[{"href":"https:\/\/talkpal.ai\/pt-br\/wp-json\/wp\/v2\/pages"}],"about":[{"href":"https:\/\/talkpal.ai\/pt-br\/wp-json\/wp\/v2\/types\/page"}],"author":[{"embeddable":true,"href":"https:\/\/talkpal.ai\/pt-br\/wp-json\/wp\/v2\/users\/1"}],"replies":[{"embeddable":true,"href":"https:\/\/talkpal.ai\/pt-br\/wp-json\/wp\/v2\/comments?post=141988"}],"version-history":[{"count":0,"href":"https:\/\/talkpal.ai\/pt-br\/wp-json\/wp\/v2\/pages\/141988\/revisions"}],"wp:featuredmedia":[{"embeddable":true,"href":"https:\/\/talkpal.ai\/pt-br\/wp-json\/wp\/v2\/media\/141996"}],"wp:attachment":[{"href":"https:\/\/talkpal.ai\/pt-br\/wp-json\/wp\/v2\/media?parent=141988"}],"curies":[{"name":"wp","href":"https:\/\/api.w.org\/{rel}","templated":true}]}}