{"id":141607,"date":"2023-05-14T14:00:39","date_gmt":"2023-05-14T14:00:39","guid":{"rendered":"http:\/\/talkpal.ai\/gramatica-bulgara\/"},"modified":"2025-05-22T14:37:38","modified_gmt":"2025-05-22T14:37:38","slug":"gramatica-bulgara","status":"publish","type":"page","link":"https:\/\/talkpal.ai\/pt-br\/gramatica-bulgara\/","title":{"rendered":"Gram\u00e1tica b\u00falgara"},"content":{"rendered":"\r\n\r\n\r\n<section class=\"languageChallengeSection\">\r\n    <div class=\"languageInfoWrapper\">\r\n        \r\n        <h1>Gram\u00e1tica b\u00falgara<\/h1>\r\n        <p>Explore os recursos exclusivos da <a href=\"https:\/\/talkpal.ai\/bulgarian-grammar\/\">gram\u00e1tica b\u00falgara<\/a> e obtenha as ferramentas para se comunicar com confian\u00e7a nesse vibrante idioma eslavo. Ao entender suas regras b\u00e1sicas, voc\u00ea aumentar\u00e1 sua capacidade de se conectar com falantes nativos e se aprofundar\u00e1 na rica heran\u00e7a da Bulg\u00e1ria. Comece sua jornada gramatical b\u00falgara hoje mesmo e d\u00ea o primeiro passo para dominar o idioma!<\/p>\r\n\r\n                            <a class=\"getStartedHidden\" href=\"https:\/\/app.talkpal.ai\/pt-br\/signup?lng=\">Come\u00e7a<\/a>\r\n        \r\n    <\/div>\r\n\r\n    <figure>\r\n    <img decoding=\"async\" width=\"768\" height=\"768\" src=\"https:\/\/talkpal.ai\/wp-content\/uploads\/2023\/06\/bulgarian-768x768.png\" class=\"languageImage no-lazy\" alt=\"Language learning for deeper cultural understanding\" fetchpriority=\"high\" sizes=\"(max-width: 768px) 150px, 768px\" srcset=\"https:\/\/talkpal.ai\/wp-content\/uploads\/2023\/06\/bulgarian-768x768.png 768w, https:\/\/talkpal.ai\/wp-content\/uploads\/2023\/06\/bulgarian-300x300.png 300w\" \/>\r\n    \r\n\r\n    <\/figure>\r\n\r\n            <a class=\"getStartedVisible\" href=\"https:\/\/app.talkpal.ai\/pt-br\/signup?lng=\">Come\u00e7a<\/a>\r\n    \r\n<\/section>\r\n<section class=\"promotionalBanner\">\r\n    <p class=\"promotionalText\">A maneira mais eficiente de aprender um idioma<\/p>\r\n    <a class=\"promotionalLink\" href=\"https:\/\/app.talkpal.ai\/pt-br\/signup?lng=\">Experimente o Talkpal gratuitamente<\/a>\r\n<\/section>\n<div class=\"wp-block-group pageContainerStyle\"><div class=\"wp-block-group__inner-container is-layout-constrained wp-block-group-is-layout-constrained\">\n<h2 class=\"wp-block-heading\" id=\"h-the-ultimate-guide-to-bulgarian-grammar-navigating-the-intricacies-of-a-rich-language\">O Guia Definitivo da Gram\u00e1tica B\u00falgara: Navegando pelos Meandros de uma L\u00edngua Rica<\/h2>\n\n\n\n<p>A <a href=\"https:\/\/talkpal.ai\/bulgarian-grammar\/\">gram\u00e1tica b\u00falgara<\/a>, <a href=\"https:\/\/talkpal.ai\/locations\/language-courses-in-como\/\">como<\/a> a pr\u00f3pria l\u00edngua, \u00e9 uma mistura fascinante de simplicidade, complexidade e rica hist\u00f3ria cultural. <a href=\"https:\/\/talkpal.ai\/locations\/language-courses-in-como\/\">Como<\/a> uma das l\u00ednguas eslavas mais antigas, o b\u00falgaro oferece emo\u00e7\u00f5es lingu\u00edsticas aos alunos e desafia at\u00e9 mesmo os falantes mais proficientes. Neste guia, exploraremos os princ\u00edpios fundamentais da gram\u00e1tica b\u00falgara, desmistificaremos suas complexidades e ajudaremos voc\u00ea em sua jornada para dominar esse belo idioma. Vamos mergulhar de cabe\u00e7a!<\/p>\n\n\n\n<h2 class=\"wp-block-heading\" id=\"h-the-nuts-and-bolts-bulgarian-sentence-structure\">As porcas e parafusos: estrutura da senten\u00e7a b\u00falgara<\/h2>\n\n\n\n<p>Em sua ess\u00eancia, a gram\u00e1tica b\u00falgara \u00e9 bastante direta. A l\u00edngua segue a estrutura frasal Sujeito-Verbo-Objeto (SVO), semelhante ao <a href=\"https:\/\/talkpal.ai\/pt-pt\/locations\/aprenda-ingles-em-passos\/\">ingl\u00eas<\/a> e a muitos outros idiomas. Por exemplo, a frase &#8220;I eat an apple&#8221; (Eu como uma ma\u00e7\u00e3) \u00e9 traduzida como &#8220;\u0410\u0437 \u044f\u043c \u044f\u0431\u044a\u043b\u043a\u0430&#8221; (Az yam yabalka). Simples, n\u00e3o? No entanto, ao nos aprofundarmos, voc\u00ea descobrir\u00e1 que a gram\u00e1tica b\u00falgara \u00e9 cheia de surpresas e caracter\u00edsticas \u00fanicas.<\/p>\n\n\n\n<h3 class=\"wp-block-heading\" id=\"h-meet-the-family-bulgarian-nouns-and-their-genders\">Conhe\u00e7a a fam\u00edlia: substantivos b\u00falgaros e seus g\u00eaneros<\/h3>\n\n\n\n<p>Um dos aspectos mais desconcertantes da gram\u00e1tica b\u00falgara para falantes de ingl\u00eas \u00e9 a no\u00e7\u00e3o de <a href=\"https:\/\/talkpal.ai\/ar\/grammar_exercises\/genero-%d8%aa%d9%85%d8%a7%d8%b1%d9%8a%d9%86-%d9%84%d9%82%d9%88%d8%a7%d8%b9%d8%af-%d8%a7%d9%84%d9%84%d8%ba%d8%a9-%d8%a7%d9%84%d8%a5%d8%b3%d8%a8%d8%a7%d9%86%d9%8a%d8%a9\/\">g\u00eanero gramatical<\/a>. Em b\u00falgaro, cada substantivo \u00e9 atribu\u00eddo a um dos tr\u00eas g\u00eaneros: masculino, feminino e neutro. \u00c9 essencial reconhecer o g\u00eanero de um substantivo, pois isso afeta a forma dos adjetivos e pronomes e a conjuga\u00e7\u00e3o dos verbos que se seguem.<\/p>\n\n\n\n<p>Ent\u00e3o, como determinar o g\u00eanero de um substantivo? Em geral, o que importa \u00e9 o final:<\/p>\n\n\n\n<p><strong>&#8211; Os substantivos masculinos geralmente terminam em uma consoante.<\/strong><\/p>\n\n\n\n<p><strong>&#8211; Os substantivos femininos geralmente terminam em -\u0430 (-a) ou -\u044f (-ya).<\/strong><\/p>\n\n\n\n<p><strong>&#8211; Os substantivos neutros geralmente terminam em -\u043e (-o) ou -\u0435 (-\u0435).<\/strong><\/p>\n\n\n\n<p>Por exemplo, &#8220;\u043c\u044a\u0436&#8221; (mazh) significa &#8220;homem&#8221; e \u00e9 masculino, &#8220;\u0436\u0435\u043d\u0430&#8221; (zhena) significa &#8220;mulher&#8221; e \u00e9 feminino, e &#8220;\u0434\u0435\u0442\u0435&#8221; (dete) significa &#8220;crian\u00e7a&#8221; e \u00e9 neutro.<\/p>\n\n\n\n<p>\u00c9 claro que h\u00e1 exce\u00e7\u00f5es, e \u00e9 por isso que \u00e9 essencial aprender os substantivos junto com seus g\u00eaneros.<\/p>\n\n\n\n<h3 class=\"wp-block-heading\" id=\"h-playing-with-numbers-bulgarian-plurals\">Brincando com n\u00fameros: plurais b\u00falgaros<\/h3>\n\n\n\n<p>Depois que voc\u00ea dominar o g\u00eanero dos substantivos b\u00falgaros, \u00e9 hora de lidar com seus plurais. Em geral, voc\u00ea forma plurais adicionando termina\u00e7\u00f5es espec\u00edficas que correspondem ao g\u00eanero do substantivo:<\/p>\n\n\n\n<p><strong>&#8211; Os substantivos masculinos mudam a \u00faltima consoante para -\u0438 (-i) ou acrescentam -\u043e\u0432\u0435 (-ove).<\/strong><\/p>\n\n\n\n<p><strong>&#8211; Os substantivos femininos substituem -\u0430 ou -\u044f por -\u0438 ou -\u0435.<\/strong><\/p>\n\n\n\n<p><strong>&#8211; Os substantivos neutros substituem -\u043e ou -\u0435 por -\u0430.<\/strong><\/p>\n\n\n\n<p>Por exemplo, &#8220;\u0443\u0447\u0435\u043d\u0438\u043a&#8221; (uchenik, masculino) se torna &#8220;\u0443\u0447\u0435\u043d\u0438\u0446\u0438&#8221; (uchenici, <a href=\"https:\/\/talkpal.ai\/talkpal-discount-for-students\/\">estudantes<\/a>) e &#8220;\u043a\u043d\u0438\u0433\u0430&#8221; (kniga, feminino) se torna &#8220;\u043a\u043d\u0438\u0433\u0438&#8221; (knigi, livros).<\/p>\n\n\n\n<p>Essa regra tem exce\u00e7\u00f5es, ent\u00e3o fique de olho nos plurais irregulares e expanda seu vocabul\u00e1rio de acordo.<\/p>\n\n\n\n<h3 class=\"wp-block-heading\" id=\"h-the-art-of-conjugation-bulgarian-verbs\">A Arte da Conjuga\u00e7\u00e3o: Verbos B\u00falgaros<\/h3>\n\n\n\n<p>Os verbos b\u00falgaros podem ser intimidantes devido ao seu grande n\u00famero de tempos, humores e conjuga\u00e7\u00f5es. No entanto, a chave para quebr\u00e1-los \u00e9 reconhecer padr\u00f5es e praticar regularmente.<\/p>\n\n\n\n<p>Em b\u00falgaro, os verbos s\u00e3o divididos em tr\u00eas grupos com base em sua termina\u00e7\u00e3o infinitiva, -\u0430 (-a), -\u0435 (-\u0435) ou -\u0438 (-i). Cada grupo tem suas regras espec\u00edficas de conjuga\u00e7\u00e3o. Por exemplo, vamos usar o verbo &#8220;\u043f\u0438\u0448\u0430&#8221; (pisha, &#8220;escrever&#8221;):<\/p>\n\n\n\n<p><strong>Tempo presente: \u0410\u0437 \u043f\u0438\u0448\u0430 (Az pisha, &#8220;eu escrevo&#8221;)<\/strong><\/p>\n\n\n\n<p><strong>Tempo verbal passado: \u0410\u0437 \u043f\u0438\u0441\u0430\u0445 (Az pisah, &#8220;eu escrevi&#8221;)<\/strong><\/p>\n\n\n\n<p><strong>Tempo futuro: \u0410\u0437 \u0449\u0435 \u043f\u0438\u0448\u0430 (Az shte pisha, &#8220;eu escreverei&#8221;)<\/strong><\/p>\n\n\n\n<p>Como voc\u00ea pode ver, os finais mudam de acordo com o tempo. E isso n\u00e3o \u00e9 nem o come\u00e7o da conjuga\u00e7\u00e3o de verbos em b\u00falgaro! No entanto, n\u00e3o deixe que isso sobrecarregue voc\u00ea. Com pr\u00e1tica e paci\u00eancia, voc\u00ea come\u00e7ar\u00e1 a reconhecer os padr\u00f5es e vencer\u00e1 esse desafio.<\/p>\n\n\n\n<h3 class=\"wp-block-heading\" id=\"h-the-finishing-touches-bulgarian-adjectives-adverbs-and-more\">Os retoques finais: adjetivos, adv\u00e9rbios e muito mais b\u00falgaros<\/h3>\n\n\n\n<p>Quando se trata de adjetivos e adv\u00e9rbios b\u00falgaros, eles desempenham pap\u00e9is cruciais para adicionar profundidade e complexidade ao seu discurso. Os adjetivos devem concordar com os substantivos que modificam em termos de g\u00eanero, e voc\u00ea geralmente encontrar\u00e1 tr\u00eas formas: masculina, feminina e neutra.<\/p>\n\n\n\n<p>Por exemplo, &#8220;\u0434\u043e\u0431\u044a\u0440&#8221; (dobur) significa &#8220;bom&#8221; e aparece como &#8220;\u0434\u043e\u0431\u044a\u0440 \u043c\u044a\u0436&#8221; (dobur mazh, &#8220;bom homem&#8221;), &#8220;\u0434\u043e\u0431\u0440\u0430 \u0436\u0435\u043d\u0430&#8221; (dobra zhena, &#8220;boa mulher&#8221;) e &#8220;\u0434\u043e\u0431\u0440\u043e \u0434\u0435\u0442\u0435&#8221; (dobro dete, &#8220;boa crian\u00e7a&#8221;). Os adv\u00e9rbios seguem padr\u00f5es semelhantes, muitas vezes derivados de adjetivos.<\/p>\n\n\n\n<p>Concluindo, as complexidades e peculiaridades da gram\u00e1tica b\u00falgara, embora complexas, d\u00e3o ao idioma sua beleza e car\u00e1ter cativantes. Com uma combina\u00e7\u00e3o de persist\u00eancia, curiosidade e aplica\u00e7\u00e3o pr\u00e1tica, voc\u00ea logo navegar\u00e1 pela gram\u00e1tica b\u00falgara com facilidade e confian\u00e7a. Feliz aprendizado!<\/p>\n<\/div><\/div>\n\r\n<section class=\"learnNavigationSection\">\r\n            \r\n        <a href=\"https:\/\/talkpal.ai\/pt-br\/aprenda-bulgaro\/\">\r\n            <div class=\"learnNavigationWrapper\">\r\n                <div class=\"learnNavigationContent\">\r\n                    <img decoding=\"async\" src=\"https:\/\/talkpal.ai\/wp-content\/uploads\/2024\/08\/Bulgarian.jpg\" alt=\"Bulgarian Flag\">\r\n                    <div>\r\n                        <h4>Sobre o aprendizado do b\u00falgaro<\/h4>\r\n                        <p>Saiba tudo sobre a gram\u00e1tica b\u00falgara .<\/p>\r\n                    <\/div>\r\n                <\/div>\r\n            <\/div>\r\n        <\/a>\r\n\r\n        \r\n        <a href=\"https:\/\/talkpal.ai\/pt-br\/exercicios-de-gramatica-bulgara\/\">\r\n            <div class=\"learnNavigationWrapper\">\r\n                <div class=\"learnNavigationContent\">\r\n                    <img decoding=\"async\" src=\"https:\/\/talkpal.ai\/wp-content\/uploads\/2024\/08\/Bulgarian.jpg\" alt=\"Bulgarian Flag\">\r\n                    <div>\r\n                        <h4>Exerc\u00edcio de gram\u00e1tica b\u00falgara<\/h4>\r\n                        <p>Pratique a gram\u00e1tica b\u00falgara .<\/p>\r\n                    <\/div>\r\n                <\/div>\r\n            <\/div>\r\n        <\/a>\r\n\r\n        \r\n        <a href=\"https:\/\/talkpal.ai\/vocabulary_language\/bulgarian\/\">\r\n            <div class=\"learnNavigationWrapper\">\r\n                <div class=\"learnNavigationContent\">\r\n                    <img decoding=\"async\" src=\"https:\/\/talkpal.ai\/wp-content\/uploads\/2024\/08\/Bulgarian.jpg\" alt=\"Bulgarian Flag\">\r\n                    <div>\r\n                        <h4>Vocabul\u00e1rio b\u00falgaro<\/h4>\r\n                        <p>Amplie seu vocabul\u00e1rio b\u00falgaro.<\/p>\r\n                    <\/div>\r\n                <\/div>\r\n            <\/div>\r\n        <\/a>\r\n\r\n            <\/section>","protected":false},"excerpt":{"rendered":"<p>O Guia Definitivo da Gram\u00e1tica B\u00falgara: Navegando pelos Meandros de uma L\u00edngua Rica A gram\u00e1tica b\u00falgara, como a pr\u00f3pria l\u00edngua, \u00e9 uma mistura fascinante de simplicidade, complexidade e rica hist\u00f3ria cultural. Como uma das l\u00ednguas eslavas mais antigas, o b\u00falgaro oferece emo\u00e7\u00f5es lingu\u00edsticas aos alunos e desafia at\u00e9 mesmo os falantes mais proficientes. Neste guia, [&hellip;]<\/p>\n","protected":false},"author":1,"featured_media":111237,"parent":0,"menu_order":0,"comment_status":"closed","ping_status":"closed","template":"LearningContentPage.php","meta":{"_acf_changed":false,"footnotes":""},"class_list":["post-141607","page","type-page","status-publish","has-post-thumbnail","hentry"],"acf":[],"yoast_head":"<!-- This site is optimized with the Yoast SEO Premium plugin v27.2 (Yoast SEO v27.2) - https:\/\/yoast.com\/product\/yoast-seo-premium-wordpress\/ -->\n<title>Gram\u00e1tica b\u00falgara - Talkpal<\/title>\n<meta name=\"description\" content=\"Explore os fundamentos da gram\u00e1tica b\u00falgara para melhorar a compreens\u00e3o do idioma e as habilidades de comunica\u00e7\u00e3o.\" \/>\n<meta name=\"robots\" content=\"index, follow, max-snippet:-1, max-image-preview:large, max-video-preview:-1\" \/>\n<link rel=\"canonical\" href=\"https:\/\/talkpal.ai\/pt-br\/gramatica-bulgara\/\" \/>\n<meta property=\"og:locale\" content=\"pt_BR\" \/>\n<meta property=\"og:type\" content=\"article\" \/>\n<meta property=\"og:title\" content=\"Gram\u00e1tica b\u00falgara\" \/>\n<meta property=\"og:description\" content=\"O Guia Definitivo da Gram\u00e1tica B\u00falgara: Navegando pelos Meandros de uma L\u00edngua Rica A gram\u00e1tica b\u00falgara, como a pr\u00f3pria l\u00edngua, \u00e9 uma mistura fascinante\" \/>\n<meta property=\"og:url\" content=\"https:\/\/talkpal.ai\/pt-br\/gramatica-bulgara\/\" \/>\n<meta property=\"og:site_name\" content=\"Talkpal\" \/>\n<meta property=\"article:publisher\" content=\"https:\/\/www.facebook.com\/profile.php?id=100090733639311\" \/>\n<meta property=\"article:modified_time\" content=\"2025-05-22T14:37:38+00:00\" \/>\n<meta property=\"og:image\" content=\"https:\/\/talkpal.ai\/wp-content\/uploads\/2023\/05\/bulgaria.png\" \/>\n\t<meta property=\"og:image:width\" content=\"512\" \/>\n\t<meta property=\"og:image:height\" content=\"512\" \/>\n\t<meta property=\"og:image:type\" content=\"image\/png\" \/>\n<meta name=\"twitter:card\" content=\"summary_large_image\" \/>\n<meta name=\"twitter:site\" content=\"@talkpalai\" \/>\n<meta name=\"twitter:label1\" content=\"Est. tempo de leitura\" \/>\n\t<meta name=\"twitter:data1\" content=\"4 minutos\" \/>\n<script type=\"application\/ld+json\" class=\"yoast-schema-graph\">{\"@context\":\"https:\/\/schema.org\",\"@graph\":[{\"@type\":\"WebPage\",\"@id\":\"https:\/\/talkpal.ai\/pt-br\/gramatica-bulgara\/\",\"url\":\"https:\/\/talkpal.ai\/pt-br\/gramatica-bulgara\/\",\"name\":\"Gram\u00e1tica b\u00falgara - Talkpal\",\"isPartOf\":{\"@id\":\"https:\/\/talkpal.ai\/pt-br\/#website\"},\"primaryImageOfPage\":{\"@id\":\"https:\/\/talkpal.ai\/pt-br\/gramatica-bulgara\/#primaryimage\"},\"image\":{\"@id\":\"https:\/\/talkpal.ai\/pt-br\/gramatica-bulgara\/#primaryimage\"},\"thumbnailUrl\":\"https:\/\/talkpal.ai\/wp-content\/uploads\/2023\/05\/bulgaria.png\",\"datePublished\":\"2023-05-14T14:00:39+00:00\",\"dateModified\":\"2025-05-22T14:37:38+00:00\",\"description\":\"Explore os fundamentos da gram\u00e1tica b\u00falgara para melhorar a compreens\u00e3o do idioma e as habilidades de comunica\u00e7\u00e3o.\",\"breadcrumb\":{\"@id\":\"https:\/\/talkpal.ai\/pt-br\/gramatica-bulgara\/#breadcrumb\"},\"inLanguage\":\"pt-BR\",\"potentialAction\":[{\"@type\":\"ReadAction\",\"target\":[\"https:\/\/talkpal.ai\/pt-br\/gramatica-bulgara\/\"]}]},{\"@type\":\"ImageObject\",\"inLanguage\":\"pt-BR\",\"@id\":\"https:\/\/talkpal.ai\/pt-br\/gramatica-bulgara\/#primaryimage\",\"url\":\"https:\/\/talkpal.ai\/wp-content\/uploads\/2023\/05\/bulgaria.png\",\"contentUrl\":\"https:\/\/talkpal.ai\/wp-content\/uploads\/2023\/05\/bulgaria.png\",\"width\":512,\"height\":512},{\"@type\":\"BreadcrumbList\",\"@id\":\"https:\/\/talkpal.ai\/pt-br\/gramatica-bulgara\/#breadcrumb\",\"itemListElement\":[{\"@type\":\"ListItem\",\"position\":1,\"name\":\"Homepage\",\"item\":\"https:\/\/talkpal.ai\/pt-br\/\"},{\"@type\":\"ListItem\",\"position\":2,\"name\":\"Gram\u00e1tica b\u00falgara\"}]},{\"@type\":\"WebSite\",\"@id\":\"https:\/\/talkpal.ai\/pt-br\/#website\",\"url\":\"https:\/\/talkpal.ai\/pt-br\/\",\"name\":\"Talkpal\",\"description\":\"AI Language Learning\",\"publisher\":{\"@id\":\"https:\/\/talkpal.ai\/pt-br\/#organization\"},\"alternateName\":\"Talkpal AI\",\"potentialAction\":[{\"@type\":\"SearchAction\",\"target\":{\"@type\":\"EntryPoint\",\"urlTemplate\":\"https:\/\/talkpal.ai\/pt-br\/?s={search_term_string}\"},\"query-input\":{\"@type\":\"PropertyValueSpecification\",\"valueRequired\":true,\"valueName\":\"search_term_string\"}}],\"inLanguage\":\"pt-BR\"},{\"@type\":\"Organization\",\"@id\":\"https:\/\/talkpal.ai\/pt-br\/#organization\",\"name\":\"Talkpal, Inc.\",\"alternateName\":\"Talkpal AI\",\"url\":\"https:\/\/talkpal.ai\/pt-br\/\",\"logo\":{\"@type\":\"ImageObject\",\"inLanguage\":\"pt-BR\",\"@id\":\"https:\/\/talkpal.ai\/pt-br\/#\/schema\/logo\/image\/\",\"url\":\"https:\/\/talkpal.ai\/wp-content\/uploads\/2024\/03\/Talkpal-Logo-Icon.png\",\"contentUrl\":\"https:\/\/talkpal.ai\/wp-content\/uploads\/2024\/03\/Talkpal-Logo-Icon.png\",\"width\":2880,\"height\":2880,\"caption\":\"Talkpal, Inc.\"},\"image\":{\"@id\":\"https:\/\/talkpal.ai\/pt-br\/#\/schema\/logo\/image\/\"},\"sameAs\":[\"https:\/\/www.facebook.com\/profile.php?id=100090733639311\",\"https:\/\/x.com\/talkpalai\",\"https:\/\/www.linkedin.com\/company\/talkpal\/\",\"https:\/\/www.youtube.com\/@TalkPal\/\",\"https:\/\/www.tiktok.com\/@talkpal\",\"https:\/\/www.instagram.com\/talkpal_ai\/\",\"https:\/\/www.crunchbase.com\/organization\/talkpal-9cde\",\"https:\/\/www.g2.com\/products\/talkpal-for-business\/\",\"https:\/\/www.trustpilot.com\/review\/talkpal.ai\",\"https:\/\/www.capterra.com\/p\/10006800\/TalkPal\/\"],\"description\":\"Talkpal is a language learning web and mobile education app, powered by the latest AI technologies, that provides engaging experiences to its customers in many different languages to help them improve their language skills. Users can chat about unlimited amount of topics with the app and use other modes to practice their language learning.\",\"email\":\"support@talkpal.ai\",\"legalName\":\"Talkpal, Inc.\",\"foundingDate\":\"2023-04-03\",\"duns\":\"118989042\",\"numberOfEmployees\":{\"@type\":\"QuantitativeValue\",\"minValue\":\"11\",\"maxValue\":\"50\"},\"publishingPrinciples\":\"https:\/\/talkpal.ai\/publishing-principles\/\",\"actionableFeedbackPolicy\":\"https:\/\/talkpal.ai\/actionable-feedback-policy\/\",\"correctionsPolicy\":\"https:\/\/talkpal.ai\/corrections-policy\/\",\"ethicsPolicy\":\"https:\/\/talkpal.ai\/ethics-policy\/\",\"diversityPolicy\":\"https:\/\/talkpal.ai\/diversity-policy\/\",\"diversityStaffingReport\":\"https:\/\/talkpal.ai\/diversity-policy\/\"}]}<\/script>\n<!-- \/ Yoast SEO Premium plugin. -->","yoast_head_json":{"title":"Gram\u00e1tica b\u00falgara - Talkpal","description":"Explore os fundamentos da gram\u00e1tica b\u00falgara para melhorar a compreens\u00e3o do idioma e as habilidades de comunica\u00e7\u00e3o.","robots":{"index":"index","follow":"follow","max-snippet":"max-snippet:-1","max-image-preview":"max-image-preview:large","max-video-preview":"max-video-preview:-1"},"canonical":"https:\/\/talkpal.ai\/pt-br\/gramatica-bulgara\/","og_locale":"pt_BR","og_type":"article","og_title":"Gram\u00e1tica b\u00falgara","og_description":"O Guia Definitivo da Gram\u00e1tica B\u00falgara: Navegando pelos Meandros de uma L\u00edngua Rica A gram\u00e1tica b\u00falgara, como a pr\u00f3pria l\u00edngua, \u00e9 uma mistura fascinante","og_url":"https:\/\/talkpal.ai\/pt-br\/gramatica-bulgara\/","og_site_name":"Talkpal","article_publisher":"https:\/\/www.facebook.com\/profile.php?id=100090733639311","article_modified_time":"2025-05-22T14:37:38+00:00","og_image":[{"width":512,"height":512,"url":"https:\/\/talkpal.ai\/wp-content\/uploads\/2023\/05\/bulgaria.png","type":"image\/png"}],"twitter_card":"summary_large_image","twitter_site":"@talkpalai","twitter_misc":{"Est. tempo de leitura":"4 minutos"},"schema":{"@context":"https:\/\/schema.org","@graph":[{"@type":"WebPage","@id":"https:\/\/talkpal.ai\/pt-br\/gramatica-bulgara\/","url":"https:\/\/talkpal.ai\/pt-br\/gramatica-bulgara\/","name":"Gram\u00e1tica b\u00falgara - Talkpal","isPartOf":{"@id":"https:\/\/talkpal.ai\/pt-br\/#website"},"primaryImageOfPage":{"@id":"https:\/\/talkpal.ai\/pt-br\/gramatica-bulgara\/#primaryimage"},"image":{"@id":"https:\/\/talkpal.ai\/pt-br\/gramatica-bulgara\/#primaryimage"},"thumbnailUrl":"https:\/\/talkpal.ai\/wp-content\/uploads\/2023\/05\/bulgaria.png","datePublished":"2023-05-14T14:00:39+00:00","dateModified":"2025-05-22T14:37:38+00:00","description":"Explore os fundamentos da gram\u00e1tica b\u00falgara para melhorar a compreens\u00e3o do idioma e as habilidades de comunica\u00e7\u00e3o.","breadcrumb":{"@id":"https:\/\/talkpal.ai\/pt-br\/gramatica-bulgara\/#breadcrumb"},"inLanguage":"pt-BR","potentialAction":[{"@type":"ReadAction","target":["https:\/\/talkpal.ai\/pt-br\/gramatica-bulgara\/"]}]},{"@type":"ImageObject","inLanguage":"pt-BR","@id":"https:\/\/talkpal.ai\/pt-br\/gramatica-bulgara\/#primaryimage","url":"https:\/\/talkpal.ai\/wp-content\/uploads\/2023\/05\/bulgaria.png","contentUrl":"https:\/\/talkpal.ai\/wp-content\/uploads\/2023\/05\/bulgaria.png","width":512,"height":512},{"@type":"BreadcrumbList","@id":"https:\/\/talkpal.ai\/pt-br\/gramatica-bulgara\/#breadcrumb","itemListElement":[{"@type":"ListItem","position":1,"name":"Homepage","item":"https:\/\/talkpal.ai\/pt-br\/"},{"@type":"ListItem","position":2,"name":"Gram\u00e1tica b\u00falgara"}]},{"@type":"WebSite","@id":"https:\/\/talkpal.ai\/pt-br\/#website","url":"https:\/\/talkpal.ai\/pt-br\/","name":"Talkpal","description":"AI Language Learning","publisher":{"@id":"https:\/\/talkpal.ai\/pt-br\/#organization"},"alternateName":"Talkpal AI","potentialAction":[{"@type":"SearchAction","target":{"@type":"EntryPoint","urlTemplate":"https:\/\/talkpal.ai\/pt-br\/?s={search_term_string}"},"query-input":{"@type":"PropertyValueSpecification","valueRequired":true,"valueName":"search_term_string"}}],"inLanguage":"pt-BR"},{"@type":"Organization","@id":"https:\/\/talkpal.ai\/pt-br\/#organization","name":"Talkpal, Inc.","alternateName":"Talkpal AI","url":"https:\/\/talkpal.ai\/pt-br\/","logo":{"@type":"ImageObject","inLanguage":"pt-BR","@id":"https:\/\/talkpal.ai\/pt-br\/#\/schema\/logo\/image\/","url":"https:\/\/talkpal.ai\/wp-content\/uploads\/2024\/03\/Talkpal-Logo-Icon.png","contentUrl":"https:\/\/talkpal.ai\/wp-content\/uploads\/2024\/03\/Talkpal-Logo-Icon.png","width":2880,"height":2880,"caption":"Talkpal, Inc."},"image":{"@id":"https:\/\/talkpal.ai\/pt-br\/#\/schema\/logo\/image\/"},"sameAs":["https:\/\/www.facebook.com\/profile.php?id=100090733639311","https:\/\/x.com\/talkpalai","https:\/\/www.linkedin.com\/company\/talkpal\/","https:\/\/www.youtube.com\/@TalkPal\/","https:\/\/www.tiktok.com\/@talkpal","https:\/\/www.instagram.com\/talkpal_ai\/","https:\/\/www.crunchbase.com\/organization\/talkpal-9cde","https:\/\/www.g2.com\/products\/talkpal-for-business\/","https:\/\/www.trustpilot.com\/review\/talkpal.ai","https:\/\/www.capterra.com\/p\/10006800\/TalkPal\/"],"description":"Talkpal is a language learning web and mobile education app, powered by the latest AI technologies, that provides engaging experiences to its customers in many different languages to help them improve their language skills. Users can chat about unlimited amount of topics with the app and use other modes to practice their language learning.","email":"support@talkpal.ai","legalName":"Talkpal, Inc.","foundingDate":"2023-04-03","duns":"118989042","numberOfEmployees":{"@type":"QuantitativeValue","minValue":"11","maxValue":"50"},"publishingPrinciples":"https:\/\/talkpal.ai\/publishing-principles\/","actionableFeedbackPolicy":"https:\/\/talkpal.ai\/actionable-feedback-policy\/","correctionsPolicy":"https:\/\/talkpal.ai\/corrections-policy\/","ethicsPolicy":"https:\/\/talkpal.ai\/ethics-policy\/","diversityPolicy":"https:\/\/talkpal.ai\/diversity-policy\/","diversityStaffingReport":"https:\/\/talkpal.ai\/diversity-policy\/"}]}},"_links":{"self":[{"href":"https:\/\/talkpal.ai\/pt-br\/wp-json\/wp\/v2\/pages\/141607","targetHints":{"allow":["GET"]}}],"collection":[{"href":"https:\/\/talkpal.ai\/pt-br\/wp-json\/wp\/v2\/pages"}],"about":[{"href":"https:\/\/talkpal.ai\/pt-br\/wp-json\/wp\/v2\/types\/page"}],"author":[{"embeddable":true,"href":"https:\/\/talkpal.ai\/pt-br\/wp-json\/wp\/v2\/users\/1"}],"replies":[{"embeddable":true,"href":"https:\/\/talkpal.ai\/pt-br\/wp-json\/wp\/v2\/comments?post=141607"}],"version-history":[{"count":0,"href":"https:\/\/talkpal.ai\/pt-br\/wp-json\/wp\/v2\/pages\/141607\/revisions"}],"wp:featuredmedia":[{"embeddable":true,"href":"https:\/\/talkpal.ai\/pt-br\/wp-json\/wp\/v2\/media\/111237"}],"wp:attachment":[{"href":"https:\/\/talkpal.ai\/pt-br\/wp-json\/wp\/v2\/media?parent=141607"}],"curies":[{"name":"wp","href":"https:\/\/api.w.org\/{rel}","templated":true}]}}