{"id":140997,"date":"2023-05-14T13:59:42","date_gmt":"2023-05-14T13:59:42","guid":{"rendered":"http:\/\/talkpal.ai\/gramatica-bielorrussa\/"},"modified":"2025-05-22T13:49:15","modified_gmt":"2025-05-22T13:49:15","slug":"gramatica-bielorrussa","status":"publish","type":"page","link":"https:\/\/talkpal.ai\/pt-br\/gramatica-bielorrussa\/","title":{"rendered":"Gram\u00e1tica bielorrussa"},"content":{"rendered":"\r\n\r\n\r\n<section class=\"languageChallengeSection\">\r\n    <div class=\"languageInfoWrapper\">\r\n        \r\n        <h1>Gram\u00e1tica bielorrussa<\/h1>\r\n        <p>Descubra a beleza e a riqueza do idioma bielorrusso aprendendo suas regras gramaticais fundamentais. Desenvolver uma s\u00f3lida compreens\u00e3o da <a href=\"https:\/\/talkpal.ai\/pt-pt\/o-que-ha-de-especial-na-gramatica-bielorrussa\/\">gram\u00e1tica bielorrussa<\/a> ajudar\u00e1 voc\u00ea a se comunicar com confian\u00e7a e a se conectar com a cultura bielorrussa. Mergulhe de cabe\u00e7a agora e comece sua jornada para dominar o bielorrusso hoje mesmo!<\/p>\r\n\r\n                            <a class=\"getStartedHidden\" href=\"https:\/\/app.talkpal.ai\/pt-br\/signup?lng=\">Come\u00e7a<\/a>\r\n        \r\n    <\/div>\r\n\r\n    <figure>\r\n    <img decoding=\"async\" width=\"768\" height=\"768\" src=\"https:\/\/talkpal.ai\/wp-content\/uploads\/2023\/06\/belarusian-768x768.png\" class=\"languageImage no-lazy\" alt=\"Language learning for academic excellence\" fetchpriority=\"high\" sizes=\"(max-width: 768px) 150px, 768px\" srcset=\"https:\/\/talkpal.ai\/wp-content\/uploads\/2023\/06\/belarusian-768x768.png 768w, https:\/\/talkpal.ai\/wp-content\/uploads\/2023\/06\/belarusian-300x300.png 300w\" \/>\r\n    \r\n\r\n    <\/figure>\r\n\r\n            <a class=\"getStartedVisible\" href=\"https:\/\/app.talkpal.ai\/pt-br\/signup?lng=\">Come\u00e7a<\/a>\r\n    \r\n<\/section>\r\n<section class=\"promotionalBanner\">\r\n    <p class=\"promotionalText\">A maneira mais eficiente de aprender um idioma<\/p>\r\n    <a class=\"promotionalLink\" href=\"https:\/\/app.talkpal.ai\/pt-br\/signup?lng=\">Experimente o Talkpal gratuitamente<\/a>\r\n<\/section>\n<div class=\"wp-block-group pageContainerStyle\"><div class=\"wp-block-group__inner-container is-layout-constrained wp-block-group-is-layout-constrained\">\n<h2 class=\"wp-block-heading\" id=\"h-belarusian-grammar-a-closer-look-at-the-slavic-language-s-intricacies\">Gram\u00e1tica bielorrussa: um olhar mais atento \u00e0s complexidades da l\u00edngua eslava<\/h2>\n\n\n\n<p>Voc\u00ea \u00e9 um aspirante a poliglota com fasc\u00ednio por l\u00ednguas eslavas? Ou talvez voc\u00ea esteja apenas curioso sobre as complexidades gramaticais dos idiomas dessa interessante regi\u00e3o? Se sim, aperte o cinto! Neste artigo, vamos explorar o maravilhoso mundo da <a href=\"https:\/\/talkpal.ai\/pt-pt\/o-que-ha-de-especial-na-gramatica-bielorrussa\/\">gram\u00e1tica bielorrussa<\/a>, um membro menos conhecido, por\u00e9m fascinante, da fam\u00edlia de idiomas eslavos.<\/p>\n\n\n\n<p>Vamos mergulhar de cabe\u00e7a, certo?<\/p>\n\n\n\n<h3 class=\"wp-block-heading\" id=\"h-first-things-first-what-is-belarusian\">Primeiramente: o que \u00e9 bielorrusso?<\/h3>\n\n\n\n<p>O bielorrusso \u00e9 a l\u00edngua oficial da Bielorr\u00fassia, um pa\u00eds sem litoral situado na Europa Oriental entre R\u00fassia, Ucr\u00e2nia, Pol\u00f4nia, Litu\u00e2nia e Let\u00f4nia. Com aproximadamente 7,9 milh\u00f5es de falantes, o bielorrusso tem um charme cativante para linguistas e entusiastas da l\u00edngua. <a href=\"https:\/\/talkpal.ai\/locations\/language-courses-in-como\/\">Como<\/a> l\u00edngua eslava, o bielorrusso possui muitas semelhan\u00e7as com o <a href=\"https:\/\/talkpal.ai\/learn-russian\/\">russo<\/a>, <a href=\"https:\/\/talkpal.ai\/learn-ukrainian\/\">ucraniano<\/a> e <a href=\"https:\/\/talkpal.ai\/learn-polish\/\">polon\u00eas<\/a>; no entanto, ele tamb\u00e9m abra\u00e7a suas pr\u00f3prias caracter\u00edsticas \u00fanicas que o diferenciam de seus irm\u00e3os.<\/p>\n\n\n\n<h3 class=\"wp-block-heading\" id=\"h-the-building-blocks-nouns-pronouns-and-cases\">Os blocos de constru\u00e7\u00e3o: substantivos, pronomes e casos<\/h3>\n\n\n\n<p>Como outras l\u00ednguas eslavas, a gram\u00e1tica bielorrussa gira em torno da inflex\u00e3o das palavras. Isso significa que as termina\u00e7\u00f5es das palavras mudam de acordo com sua fun\u00e7\u00e3o gramatical em uma frase. Isso fica mais evidente em substantivos, pronomes e adjetivos quando eles s\u00e3o usados em casos diferentes. Bielorrusso tem seis casos, que s\u00e3o os seguintes:<\/p>\n\n\n\n<p><strong>1. Nominativo &#8211; indica o sujeito de uma frase<\/strong><\/p>\n\n\n\n<p><strong>2. Genitivo &#8211; mostra posse ou o objeto de nega\u00e7\u00e3o<\/strong><\/p>\n\n\n\n<p><strong>3. Dativo &#8211; marca o objeto indireto de uma frase<\/strong><\/p>\n\n\n\n<p><strong>4. Acusativo &#8211; significa o objeto direto de uma frase<\/strong><\/p>\n\n\n\n<p><strong>5. Instrumental &#8211; expressa o meio ou o m\u00e9todo pelo qual uma a\u00e7\u00e3o \u00e9 realizada<\/strong><\/p>\n\n\n\n<p><strong>6. Preposicional ou locativo &#8211; especifica a localiza\u00e7\u00e3o ou o objeto das preposi\u00e7\u00f5es<\/strong><\/p>\n\n\n\n<p>Al\u00e9m dos casos, os substantivos bielorrussos tamb\u00e9m t\u00eam tr\u00eas g\u00eaneros (masculino, feminino e neutro) e dois n\u00fameros (singular e plural). Cada combina\u00e7\u00e3o de g\u00eanero e n\u00famero tem termina\u00e7\u00f5es espec\u00edficas em cada caso, tornando-se crucial memoriz\u00e1-las para construir senten\u00e7as gramaticalmente corretas.<\/p>\n\n\n\n<h3 class=\"wp-block-heading\" id=\"h-let-s-talk-verbs-tenses-aspects-and-moods\">Vamos falar sobre verbos: Tempos, aspectos e modos<\/h3>\n\n\n\n<p>Os verbos bielorrussos s\u00e3o maravilhosamente complexos, cheios de nuances e complexidade. Eles t\u00eam tr\u00eas tempos (passado, <a href=\"https:\/\/talkpal.ai\/zh-hans\/grammar_exercises\/presente-%e8%a5%bf%e7%8f%ad%e7%89%99%e8%af%ad%e6%b3%95%e7%bb%83%e4%b9%a0\/\">presente<\/a> e <a href=\"https:\/\/talkpal.ai\/ja\/grammar_exercises\/futuro-%e3%82%b9%e3%83%9a%e3%82%a4%e3%83%b3%e8%aa%9e%e3%81%ae%e6%96%87%e6%b3%95%e3%81%ae%e6%bc%94%e7%bf%92\/\">futuro<\/a>), dois aspectos (perfectivo e imperfectivo), bem como tr\u00eas humores (indicativo, <a href=\"https:\/\/talkpal.ai\/ar\/grammar_exercises\/imperativo-%d8%aa%d9%85%d8%a7%d8%b1%d9%8a%d9%86-%d9%84%d9%82%d9%88%d8%a7%d8%b9%d8%af-%d8%a7%d9%84%d9%84%d8%ba%d8%a9-%d8%a7%d9%84%d8%a5%d8%b3%d8%a8%d8%a7%d9%86%d9%8a%d8%a9\/\">imperativo<\/a> e condicional). O que faz com que os verbos bielorrussos se destaquem de outras l\u00ednguas eslavas \u00e9 seu uso extensivo de aspecto.<\/p>\n\n\n\n<p>Aspecto refere-se a se uma a\u00e7\u00e3o \u00e9 vista como conclu\u00edda (perfectiva) ou cont\u00ednua (imperfectiva). Muitos verbos v\u00eam em pares que indicam os diferentes aspectos, muitas vezes usando um prefixo ou sufixo \u00fanico. O dom\u00ednio do aspecto \u00e9 essencial para compreender as sutilezas da l\u00edngua bielorrussa.<\/p>\n\n\n\n<h3 class=\"wp-block-heading\" id=\"h-adjectives-adverbs-and-other-delights\">Adjetivos, Adv\u00e9rbios e Outras Del\u00edcias<\/h3>\n\n\n\n<p>Os adjetivos bielorrussos concordam com os substantivos que modificam em termos de g\u00eanero, n\u00famero e caso. Eles tamb\u00e9m t\u00eam formas comparativas e superlativas para expressar diferentes graus de qualidades. Al\u00e9m disso, muitos adv\u00e9rbios s\u00e3o derivados de adjetivos, bastando adicionar o sufixo &#8220;-\u0430&#8221; para o masculino e &#8220;-\u044b&#8221; para o feminino.<\/p>\n\n\n\n<p>A l\u00edngua bielorrussa tamb\u00e9m apresenta uma fascinante variedade de conjun\u00e7\u00f5es, preposi\u00e7\u00f5es, numerais e part\u00edculas para ajud\u00e1-lo a criar frases elaboradas e expressivas. Com bastante pr\u00e1tica, voc\u00ea logo ser\u00e1 capaz de tecer suas palavras como um verdadeiro ferreiro bielorrusso.<\/p>\n\n\n\n<h3 class=\"wp-block-heading\" id=\"h-in-closing-the-magic-of-belarusian-grammar\">Para encerrar: A magia da gram\u00e1tica bielorrussa<\/h3>\n\n\n\n<p>\u00c0 primeira vista, a gram\u00e1tica bielorrussa pode parecer assustadora. No entanto, \u00e0 medida que voc\u00ea se aprofundar em sua rica tape\u00e7aria de casos, aspectos e outras peculiaridades lingu\u00edsticas, descobrir\u00e1 uma linguagem cheia de profundidade, nuances e expressividade. Abra\u00e7ar o desafio da gram\u00e1tica bielorrussa n\u00e3o s\u00f3 lhe proporcionar\u00e1 uma maior compreens\u00e3o da fam\u00edlia eslava em geral, mas tamb\u00e9m lhe dar\u00e1 acesso a uma cultura bonita e vibrante que aguarda sua explora\u00e7\u00e3o.<\/p>\n\n\n\n<p>Agora, munido de uma nova compreens\u00e3o da gram\u00e1tica bielorrussa, por que n\u00e3o mergulhar mais fundo nesta fascinante l\u00edngua? Quem sabe, talvez um dia voc\u00ea se encontre passeando pelas ruas de Minsk, conversando sem esfor\u00e7o com os habitantes locais em sua l\u00edngua nativa. Feliz aprendizado!<\/p>\n<\/div><\/div>\n\r\n<section class=\"learnNavigationSection\">\r\n            \r\n        <a href=\"https:\/\/talkpal.ai\/pt-br\/aprenda-bielorrusso\/\">\r\n            <div class=\"learnNavigationWrapper\">\r\n                <div class=\"learnNavigationContent\">\r\n                    <img decoding=\"async\" src=\"https:\/\/talkpal.ai\/wp-content\/uploads\/2024\/08\/Belarusian.jpg\" alt=\"Belarusian Flag\">\r\n                    <div>\r\n                        <h4>Sobre o aprendizado da Bielorr\u00fassia<\/h4>\r\n                        <p>Saiba tudo sobre a gram\u00e1tica bielorrussa .<\/p>\r\n                    <\/div>\r\n                <\/div>\r\n            <\/div>\r\n        <\/a>\r\n\r\n        \r\n        <a href=\"https:\/\/talkpal.ai\/pt-br\/exercicios-de-gramatica-bielorrussa\/\">\r\n            <div class=\"learnNavigationWrapper\">\r\n                <div class=\"learnNavigationContent\">\r\n                    <img decoding=\"async\" src=\"https:\/\/talkpal.ai\/wp-content\/uploads\/2024\/08\/Belarusian.jpg\" alt=\"Belarusian Flag\">\r\n                    <div>\r\n                        <h4>Exerc\u00edcio de gram\u00e1tica bielorrussa<\/h4>\r\n                        <p>Pratique a gram\u00e1tica bielorrussa .<\/p>\r\n                    <\/div>\r\n                <\/div>\r\n            <\/div>\r\n        <\/a>\r\n\r\n        \r\n        <a href=\"https:\/\/talkpal.ai\/vocabulary_language\/belarusian\/\">\r\n            <div class=\"learnNavigationWrapper\">\r\n                <div class=\"learnNavigationContent\">\r\n                    <img decoding=\"async\" src=\"https:\/\/talkpal.ai\/wp-content\/uploads\/2024\/08\/Belarusian.jpg\" alt=\"Belarusian Flag\">\r\n                    <div>\r\n                        <h4>Vocabul\u00e1rio bielorrusso<\/h4>\r\n                        <p>Amplie seu vocabul\u00e1rio bielorrusso.<\/p>\r\n                    <\/div>\r\n                <\/div>\r\n            <\/div>\r\n        <\/a>\r\n\r\n            <\/section>","protected":false},"excerpt":{"rendered":"<p>Gram\u00e1tica bielorrussa: um olhar mais atento \u00e0s complexidades da l\u00edngua eslava Voc\u00ea \u00e9 um aspirante a poliglota com fasc\u00ednio por l\u00ednguas eslavas? Ou talvez voc\u00ea esteja apenas curioso sobre as complexidades gramaticais dos idiomas dessa interessante regi\u00e3o? Se sim, aperte o cinto! Neste artigo, vamos explorar o maravilhoso mundo da gram\u00e1tica bielorrussa, um membro menos [&hellip;]<\/p>\n","protected":false},"author":1,"featured_media":110765,"parent":0,"menu_order":0,"comment_status":"closed","ping_status":"closed","template":"LearningContentPage.php","meta":{"_acf_changed":false,"footnotes":""},"class_list":["post-140997","page","type-page","status-publish","has-post-thumbnail","hentry"],"acf":[],"yoast_head":"<!-- This site is optimized with the Yoast SEO Premium plugin v27.2 (Yoast SEO v27.2) - https:\/\/yoast.com\/product\/yoast-seo-premium-wordpress\/ -->\n<title>Gram\u00e1tica bielorrussa - Talkpal<\/title>\n<meta name=\"description\" content=\"Domine a gram\u00e1tica bielorrussa sem esfor\u00e7o com o Talkpal, seu tutor de idiomas com intelig\u00eancia artificial. Obtenha explica\u00e7\u00f5es claras, dicas \u00fateis e exerc\u00edcios interativos!\" \/>\n<meta name=\"robots\" content=\"index, follow, max-snippet:-1, max-image-preview:large, max-video-preview:-1\" \/>\n<link rel=\"canonical\" href=\"https:\/\/talkpal.ai\/pt-br\/gramatica-bielorrussa\/\" \/>\n<meta property=\"og:locale\" content=\"pt_BR\" \/>\n<meta property=\"og:type\" content=\"article\" \/>\n<meta property=\"og:title\" content=\"Gram\u00e1tica bielorrussa\" \/>\n<meta property=\"og:description\" content=\"Gram\u00e1tica bielorrussa: um olhar mais atento \u00e0s complexidades da l\u00edngua eslava Voc\u00ea \u00e9 um aspirante a poliglota com fasc\u00ednio por l\u00ednguas eslavas? Ou talvez\" \/>\n<meta property=\"og:url\" content=\"https:\/\/talkpal.ai\/pt-br\/gramatica-bielorrussa\/\" \/>\n<meta property=\"og:site_name\" content=\"Talkpal\" \/>\n<meta property=\"article:publisher\" content=\"https:\/\/www.facebook.com\/profile.php?id=100090733639311\" \/>\n<meta property=\"article:modified_time\" content=\"2025-05-22T13:49:15+00:00\" \/>\n<meta property=\"og:image\" content=\"https:\/\/talkpal.ai\/wp-content\/uploads\/2023\/05\/belarus.png\" \/>\n\t<meta property=\"og:image:width\" content=\"512\" \/>\n\t<meta property=\"og:image:height\" content=\"512\" \/>\n\t<meta property=\"og:image:type\" content=\"image\/png\" \/>\n<meta name=\"twitter:card\" content=\"summary_large_image\" \/>\n<meta name=\"twitter:site\" content=\"@talkpalai\" \/>\n<meta name=\"twitter:label1\" content=\"Est. tempo de leitura\" \/>\n\t<meta name=\"twitter:data1\" content=\"4 minutos\" \/>\n<script type=\"application\/ld+json\" class=\"yoast-schema-graph\">{\"@context\":\"https:\/\/schema.org\",\"@graph\":[{\"@type\":\"WebPage\",\"@id\":\"https:\/\/talkpal.ai\/pt-br\/gramatica-bielorrussa\/\",\"url\":\"https:\/\/talkpal.ai\/pt-br\/gramatica-bielorrussa\/\",\"name\":\"Gram\u00e1tica bielorrussa - Talkpal\",\"isPartOf\":{\"@id\":\"https:\/\/talkpal.ai\/pt-br\/#website\"},\"primaryImageOfPage\":{\"@id\":\"https:\/\/talkpal.ai\/pt-br\/gramatica-bielorrussa\/#primaryimage\"},\"image\":{\"@id\":\"https:\/\/talkpal.ai\/pt-br\/gramatica-bielorrussa\/#primaryimage\"},\"thumbnailUrl\":\"https:\/\/talkpal.ai\/wp-content\/uploads\/2023\/05\/belarus.png\",\"datePublished\":\"2023-05-14T13:59:42+00:00\",\"dateModified\":\"2025-05-22T13:49:15+00:00\",\"description\":\"Domine a gram\u00e1tica bielorrussa sem esfor\u00e7o com o Talkpal, seu tutor de idiomas com intelig\u00eancia artificial. Obtenha explica\u00e7\u00f5es claras, dicas \u00fateis e exerc\u00edcios interativos!\",\"breadcrumb\":{\"@id\":\"https:\/\/talkpal.ai\/pt-br\/gramatica-bielorrussa\/#breadcrumb\"},\"inLanguage\":\"pt-BR\",\"potentialAction\":[{\"@type\":\"ReadAction\",\"target\":[\"https:\/\/talkpal.ai\/pt-br\/gramatica-bielorrussa\/\"]}]},{\"@type\":\"ImageObject\",\"inLanguage\":\"pt-BR\",\"@id\":\"https:\/\/talkpal.ai\/pt-br\/gramatica-bielorrussa\/#primaryimage\",\"url\":\"https:\/\/talkpal.ai\/wp-content\/uploads\/2023\/05\/belarus.png\",\"contentUrl\":\"https:\/\/talkpal.ai\/wp-content\/uploads\/2023\/05\/belarus.png\",\"width\":512,\"height\":512},{\"@type\":\"BreadcrumbList\",\"@id\":\"https:\/\/talkpal.ai\/pt-br\/gramatica-bielorrussa\/#breadcrumb\",\"itemListElement\":[{\"@type\":\"ListItem\",\"position\":1,\"name\":\"Homepage\",\"item\":\"https:\/\/talkpal.ai\/pt-br\/\"},{\"@type\":\"ListItem\",\"position\":2,\"name\":\"Gram\u00e1tica bielorrussa\"}]},{\"@type\":\"WebSite\",\"@id\":\"https:\/\/talkpal.ai\/pt-br\/#website\",\"url\":\"https:\/\/talkpal.ai\/pt-br\/\",\"name\":\"Talkpal\",\"description\":\"AI Language Learning\",\"publisher\":{\"@id\":\"https:\/\/talkpal.ai\/pt-br\/#organization\"},\"alternateName\":\"Talkpal AI\",\"potentialAction\":[{\"@type\":\"SearchAction\",\"target\":{\"@type\":\"EntryPoint\",\"urlTemplate\":\"https:\/\/talkpal.ai\/pt-br\/?s={search_term_string}\"},\"query-input\":{\"@type\":\"PropertyValueSpecification\",\"valueRequired\":true,\"valueName\":\"search_term_string\"}}],\"inLanguage\":\"pt-BR\"},{\"@type\":\"Organization\",\"@id\":\"https:\/\/talkpal.ai\/pt-br\/#organization\",\"name\":\"Talkpal, Inc.\",\"alternateName\":\"Talkpal AI\",\"url\":\"https:\/\/talkpal.ai\/pt-br\/\",\"logo\":{\"@type\":\"ImageObject\",\"inLanguage\":\"pt-BR\",\"@id\":\"https:\/\/talkpal.ai\/pt-br\/#\/schema\/logo\/image\/\",\"url\":\"https:\/\/talkpal.ai\/wp-content\/uploads\/2024\/03\/Talkpal-Logo-Icon.png\",\"contentUrl\":\"https:\/\/talkpal.ai\/wp-content\/uploads\/2024\/03\/Talkpal-Logo-Icon.png\",\"width\":2880,\"height\":2880,\"caption\":\"Talkpal, Inc.\"},\"image\":{\"@id\":\"https:\/\/talkpal.ai\/pt-br\/#\/schema\/logo\/image\/\"},\"sameAs\":[\"https:\/\/www.facebook.com\/profile.php?id=100090733639311\",\"https:\/\/x.com\/talkpalai\",\"https:\/\/www.linkedin.com\/company\/talkpal\/\",\"https:\/\/www.youtube.com\/@TalkPal\/\",\"https:\/\/www.tiktok.com\/@talkpal\",\"https:\/\/www.instagram.com\/talkpal_ai\/\",\"https:\/\/www.crunchbase.com\/organization\/talkpal-9cde\",\"https:\/\/www.g2.com\/products\/talkpal-for-business\/\",\"https:\/\/www.trustpilot.com\/review\/talkpal.ai\",\"https:\/\/www.capterra.com\/p\/10006800\/TalkPal\/\"],\"description\":\"Talkpal is a language learning web and mobile education app, powered by the latest AI technologies, that provides engaging experiences to its customers in many different languages to help them improve their language skills. Users can chat about unlimited amount of topics with the app and use other modes to practice their language learning.\",\"email\":\"support@talkpal.ai\",\"legalName\":\"Talkpal, Inc.\",\"foundingDate\":\"2023-04-03\",\"duns\":\"118989042\",\"numberOfEmployees\":{\"@type\":\"QuantitativeValue\",\"minValue\":\"11\",\"maxValue\":\"50\"},\"publishingPrinciples\":\"https:\/\/talkpal.ai\/publishing-principles\/\",\"actionableFeedbackPolicy\":\"https:\/\/talkpal.ai\/actionable-feedback-policy\/\",\"correctionsPolicy\":\"https:\/\/talkpal.ai\/corrections-policy\/\",\"ethicsPolicy\":\"https:\/\/talkpal.ai\/ethics-policy\/\",\"diversityPolicy\":\"https:\/\/talkpal.ai\/diversity-policy\/\",\"diversityStaffingReport\":\"https:\/\/talkpal.ai\/diversity-policy\/\"}]}<\/script>\n<!-- \/ Yoast SEO Premium plugin. -->","yoast_head_json":{"title":"Gram\u00e1tica bielorrussa - Talkpal","description":"Domine a gram\u00e1tica bielorrussa sem esfor\u00e7o com o Talkpal, seu tutor de idiomas com intelig\u00eancia artificial. Obtenha explica\u00e7\u00f5es claras, dicas \u00fateis e exerc\u00edcios interativos!","robots":{"index":"index","follow":"follow","max-snippet":"max-snippet:-1","max-image-preview":"max-image-preview:large","max-video-preview":"max-video-preview:-1"},"canonical":"https:\/\/talkpal.ai\/pt-br\/gramatica-bielorrussa\/","og_locale":"pt_BR","og_type":"article","og_title":"Gram\u00e1tica bielorrussa","og_description":"Gram\u00e1tica bielorrussa: um olhar mais atento \u00e0s complexidades da l\u00edngua eslava Voc\u00ea \u00e9 um aspirante a poliglota com fasc\u00ednio por l\u00ednguas eslavas? Ou talvez","og_url":"https:\/\/talkpal.ai\/pt-br\/gramatica-bielorrussa\/","og_site_name":"Talkpal","article_publisher":"https:\/\/www.facebook.com\/profile.php?id=100090733639311","article_modified_time":"2025-05-22T13:49:15+00:00","og_image":[{"width":512,"height":512,"url":"https:\/\/talkpal.ai\/wp-content\/uploads\/2023\/05\/belarus.png","type":"image\/png"}],"twitter_card":"summary_large_image","twitter_site":"@talkpalai","twitter_misc":{"Est. tempo de leitura":"4 minutos"},"schema":{"@context":"https:\/\/schema.org","@graph":[{"@type":"WebPage","@id":"https:\/\/talkpal.ai\/pt-br\/gramatica-bielorrussa\/","url":"https:\/\/talkpal.ai\/pt-br\/gramatica-bielorrussa\/","name":"Gram\u00e1tica bielorrussa - Talkpal","isPartOf":{"@id":"https:\/\/talkpal.ai\/pt-br\/#website"},"primaryImageOfPage":{"@id":"https:\/\/talkpal.ai\/pt-br\/gramatica-bielorrussa\/#primaryimage"},"image":{"@id":"https:\/\/talkpal.ai\/pt-br\/gramatica-bielorrussa\/#primaryimage"},"thumbnailUrl":"https:\/\/talkpal.ai\/wp-content\/uploads\/2023\/05\/belarus.png","datePublished":"2023-05-14T13:59:42+00:00","dateModified":"2025-05-22T13:49:15+00:00","description":"Domine a gram\u00e1tica bielorrussa sem esfor\u00e7o com o Talkpal, seu tutor de idiomas com intelig\u00eancia artificial. Obtenha explica\u00e7\u00f5es claras, dicas \u00fateis e exerc\u00edcios interativos!","breadcrumb":{"@id":"https:\/\/talkpal.ai\/pt-br\/gramatica-bielorrussa\/#breadcrumb"},"inLanguage":"pt-BR","potentialAction":[{"@type":"ReadAction","target":["https:\/\/talkpal.ai\/pt-br\/gramatica-bielorrussa\/"]}]},{"@type":"ImageObject","inLanguage":"pt-BR","@id":"https:\/\/talkpal.ai\/pt-br\/gramatica-bielorrussa\/#primaryimage","url":"https:\/\/talkpal.ai\/wp-content\/uploads\/2023\/05\/belarus.png","contentUrl":"https:\/\/talkpal.ai\/wp-content\/uploads\/2023\/05\/belarus.png","width":512,"height":512},{"@type":"BreadcrumbList","@id":"https:\/\/talkpal.ai\/pt-br\/gramatica-bielorrussa\/#breadcrumb","itemListElement":[{"@type":"ListItem","position":1,"name":"Homepage","item":"https:\/\/talkpal.ai\/pt-br\/"},{"@type":"ListItem","position":2,"name":"Gram\u00e1tica bielorrussa"}]},{"@type":"WebSite","@id":"https:\/\/talkpal.ai\/pt-br\/#website","url":"https:\/\/talkpal.ai\/pt-br\/","name":"Talkpal","description":"AI Language Learning","publisher":{"@id":"https:\/\/talkpal.ai\/pt-br\/#organization"},"alternateName":"Talkpal AI","potentialAction":[{"@type":"SearchAction","target":{"@type":"EntryPoint","urlTemplate":"https:\/\/talkpal.ai\/pt-br\/?s={search_term_string}"},"query-input":{"@type":"PropertyValueSpecification","valueRequired":true,"valueName":"search_term_string"}}],"inLanguage":"pt-BR"},{"@type":"Organization","@id":"https:\/\/talkpal.ai\/pt-br\/#organization","name":"Talkpal, Inc.","alternateName":"Talkpal AI","url":"https:\/\/talkpal.ai\/pt-br\/","logo":{"@type":"ImageObject","inLanguage":"pt-BR","@id":"https:\/\/talkpal.ai\/pt-br\/#\/schema\/logo\/image\/","url":"https:\/\/talkpal.ai\/wp-content\/uploads\/2024\/03\/Talkpal-Logo-Icon.png","contentUrl":"https:\/\/talkpal.ai\/wp-content\/uploads\/2024\/03\/Talkpal-Logo-Icon.png","width":2880,"height":2880,"caption":"Talkpal, Inc."},"image":{"@id":"https:\/\/talkpal.ai\/pt-br\/#\/schema\/logo\/image\/"},"sameAs":["https:\/\/www.facebook.com\/profile.php?id=100090733639311","https:\/\/x.com\/talkpalai","https:\/\/www.linkedin.com\/company\/talkpal\/","https:\/\/www.youtube.com\/@TalkPal\/","https:\/\/www.tiktok.com\/@talkpal","https:\/\/www.instagram.com\/talkpal_ai\/","https:\/\/www.crunchbase.com\/organization\/talkpal-9cde","https:\/\/www.g2.com\/products\/talkpal-for-business\/","https:\/\/www.trustpilot.com\/review\/talkpal.ai","https:\/\/www.capterra.com\/p\/10006800\/TalkPal\/"],"description":"Talkpal is a language learning web and mobile education app, powered by the latest AI technologies, that provides engaging experiences to its customers in many different languages to help them improve their language skills. Users can chat about unlimited amount of topics with the app and use other modes to practice their language learning.","email":"support@talkpal.ai","legalName":"Talkpal, Inc.","foundingDate":"2023-04-03","duns":"118989042","numberOfEmployees":{"@type":"QuantitativeValue","minValue":"11","maxValue":"50"},"publishingPrinciples":"https:\/\/talkpal.ai\/publishing-principles\/","actionableFeedbackPolicy":"https:\/\/talkpal.ai\/actionable-feedback-policy\/","correctionsPolicy":"https:\/\/talkpal.ai\/corrections-policy\/","ethicsPolicy":"https:\/\/talkpal.ai\/ethics-policy\/","diversityPolicy":"https:\/\/talkpal.ai\/diversity-policy\/","diversityStaffingReport":"https:\/\/talkpal.ai\/diversity-policy\/"}]}},"_links":{"self":[{"href":"https:\/\/talkpal.ai\/pt-br\/wp-json\/wp\/v2\/pages\/140997","targetHints":{"allow":["GET"]}}],"collection":[{"href":"https:\/\/talkpal.ai\/pt-br\/wp-json\/wp\/v2\/pages"}],"about":[{"href":"https:\/\/talkpal.ai\/pt-br\/wp-json\/wp\/v2\/types\/page"}],"author":[{"embeddable":true,"href":"https:\/\/talkpal.ai\/pt-br\/wp-json\/wp\/v2\/users\/1"}],"replies":[{"embeddable":true,"href":"https:\/\/talkpal.ai\/pt-br\/wp-json\/wp\/v2\/comments?post=140997"}],"version-history":[{"count":0,"href":"https:\/\/talkpal.ai\/pt-br\/wp-json\/wp\/v2\/pages\/140997\/revisions"}],"wp:featuredmedia":[{"embeddable":true,"href":"https:\/\/talkpal.ai\/pt-br\/wp-json\/wp\/v2\/media\/110765"}],"wp:attachment":[{"href":"https:\/\/talkpal.ai\/pt-br\/wp-json\/wp\/v2\/media?parent=140997"}],"curies":[{"name":"wp","href":"https:\/\/api.w.org\/{rel}","templated":true}]}}