{"id":140688,"date":"2023-05-14T13:59:24","date_gmt":"2023-05-14T13:59:24","guid":{"rendered":"http:\/\/talkpal.ai\/gramatica-africaner\/"},"modified":"2025-05-22T19:04:15","modified_gmt":"2025-05-22T19:04:15","slug":"gramatica-africaner","status":"publish","type":"page","link":"https:\/\/talkpal.ai\/pt-br\/gramatica-africaner\/","title":{"rendered":"Gram\u00e1tica Afric\u00e2ner"},"content":{"rendered":"\r\n\r\n\r\n<section class=\"languageChallengeSection\">\r\n    <div class=\"languageInfoWrapper\">\r\n        \r\n        <h1>Gram\u00e1tica Afric\u00e2ner<\/h1>\r\n        <p>Descubra a beleza direta do <a href=\"https:\/\/talkpal.ai\/learn-afrikaans\/\">afric\u00e2ner<\/a> aprendendo suas regras gramaticais essenciais. Dominar a gram\u00e1tica do afric\u00e2ner permitir\u00e1 que voc\u00ea se comunique com efici\u00eancia e desfrute da rica cultura de seus falantes. Comece sua jornada gramatical em afric\u00e2ner hoje mesmo e d\u00ea o primeiro passo rumo \u00e0 flu\u00eancia!<\/p>\r\n\r\n                            <a class=\"getStartedHidden\" href=\"https:\/\/app.talkpal.ai\/pt-br\/signup?lng=\">Come\u00e7a<\/a>\r\n        \r\n    <\/div>\r\n\r\n    <figure>\r\n    <img decoding=\"async\" width=\"768\" height=\"768\" src=\"https:\/\/talkpal.ai\/wp-content\/uploads\/2023\/06\/TalkPal-Afrikaans-768x768.png\" class=\"languageImage no-lazy\" alt=\"Language learning for global awareness\" fetchpriority=\"high\" sizes=\"(max-width: 768px) 150px, 768px\" srcset=\"https:\/\/talkpal.ai\/wp-content\/uploads\/2023\/06\/TalkPal-Afrikaans-768x768.png 768w, https:\/\/talkpal.ai\/wp-content\/uploads\/2023\/06\/TalkPal-Afrikaans-300x300.png 300w\" \/>\r\n    \r\n\r\n    <\/figure>\r\n\r\n            <a class=\"getStartedVisible\" href=\"https:\/\/app.talkpal.ai\/pt-br\/signup?lng=\">Come\u00e7a<\/a>\r\n    \r\n<\/section>\r\n<section class=\"promotionalBanner\">\r\n    <p class=\"promotionalText\">A maneira mais eficiente de aprender um idioma<\/p>\r\n    <a class=\"promotionalLink\" href=\"https:\/\/app.talkpal.ai\/pt-br\/signup?lng=\">Experimente o Talkpal gratuitamente<\/a>\r\n<\/section>\n<div class=\"wp-block-group pageContainerStyle\"><div class=\"wp-block-group__inner-container is-layout-constrained wp-block-group-is-layout-constrained\">\n<h2 class=\"wp-block-heading\" id=\"h-mastering-afrikaans-grammar-your-ultimate-guide\">Dominando a gram\u00e1tica afric\u00e2ner: seu guia definitivo<\/h2>\n\n\n\n<p><strong>Goeie dag<\/strong>, entusiastas da l\u00edngua! Voc\u00ea est\u00e1 pronto para embarcar em uma jornada no mundo da <a href=\"https:\/\/talkpal.ai\/es\/gramatica-afrikaans\/\">gram\u00e1tica afric\u00e2ner<\/a>? Voc\u00ea veio ao lugar certo. Repleto de informa\u00e7\u00f5es f\u00e1ceis de entender e um tom de conversa, este artigo ir\u00e1 gui\u00e1-lo pelo fascinante reino da gram\u00e1tica afric\u00e2ner. Em breve, voc\u00ea ser\u00e1 capaz de construir frases e ter conversas significativas com falantes nativos. Ent\u00e3o, vamos come\u00e7ar!<\/p>\n\n\n\n<p><strong>Mas primeiro, por que a gram\u00e1tica afric\u00e2ner?<\/strong><\/p>\n\n\n\n<p>Se voc\u00ea estiver aprendendo afrikaans, uma base s\u00f3lida de gram\u00e1tica \u00e9 fundamental para falar, ler e escrever fluentemente. Embora a gram\u00e1tica do afric\u00e2ner possa parecer complexa no in\u00edcio, ela \u00e9 relativamente simples quando voc\u00ea a divide em partes menores e mais f\u00e1ceis de gerenciar. Ent\u00e3o, vamos come\u00e7ar sua jornada para dominar a gram\u00e1tica do afric\u00e2ner!<\/p>\n\n\n\n<h3 class=\"wp-block-heading\" id=\"h-1-nouns-gender-and-articles\">1. Substantivos, g\u00eanero e artigos<\/h3>\n\n\n\n<p><a href=\"https:\/\/talkpal.ai\/culture\/how-do-you-use-the-phrase-ao-contrario-de\/\">Ao contr\u00e1rio<\/a> de muitas outras l\u00ednguas, os substantivos afric\u00e2neres n\u00e3o t\u00eam g\u00eanero, tornando-os mais simples de aprender. O artigo definido &#8220;die&#8221; (o) \u00e9 usado para todos os substantivos, enquanto os artigos indefinidos &#8221; &#8216;n&#8221; ou &#8220;een&#8221; (a\/an) tamb\u00e9m s\u00e3o neutros em termos de g\u00eanero.  <\/p>\n\n\n\n<p>Por exemplo:<\/p>\n\n\n\n<p>&#8211; die hond (o cachorro)<\/p>\n\n\n\n<p>&#8211; &#8216;n hond (um cachorro)<\/p>\n\n\n\n<h3 class=\"wp-block-heading\" id=\"h-2-adjectives\">2. Adjetivos<\/h3>\n\n\n\n<p>Em afric\u00e2ner, os adjetivos normalmente precedem o substantivo que modificam e concordam com o substantivo em n\u00famero. Os adjetivos n\u00e3o t\u00eam concord\u00e2ncia de g\u00eanero. Por exemplo:<\/p>\n\n\n\n<p>&#8211; &#8216;n groot huis (uma <a href=\"https:\/\/talkpal.ai\/locations\/language-courses-in-casa-grande\/\">casa grande<\/a>)<\/p>\n\n\n\n<p>&#8211; twee groot huise (duas casas grandes)<\/p>\n\n\n\n<p>Alguns adjetivos exigem um &#8220;-e&#8221; adicional ao descrever um substantivo no plural:<\/p>\n\n\n\n<p>&#8211; &#8216;n ou man (um homem velho)<\/p>\n\n\n\n<p>&#8211; twee ou manne (dois homens velhos)<\/p>\n\n\n\n<h3 class=\"wp-block-heading\" id=\"h-3-verbs-and-tense\">3. Verbos e tempo<\/h3>\n\n\n\n<p>Os verbos afric\u00e2neres s\u00e3o relativamente f\u00e1ceis de aprender, <a href=\"https:\/\/talkpal.ai\/culture\/how-do-i-use-the-phrase-pois-nao-correctly\/\">pois n\u00e3o<\/a> s\u00e3o conjugados com base no sujeito da frase. Al\u00e9m disso, o afric\u00e2ner tem menos tempos do que muitas outras l\u00ednguas. <a href=\"https:\/\/talkpal.ai\/culture\/how-do-i-use-para-que-correctly\/\">Para que<\/a> voc\u00ea tenha uma ideia dos verbos em afric\u00e2ner, vamos discutir os verbos regulares no tempo <a href=\"https:\/\/talkpal.ai\/zh-hans\/grammar_exercises\/presente-%e8%a5%bf%e7%8f%ad%e7%89%99%e8%af%ad%e6%b3%95%e7%bb%83%e4%b9%a0\/\">presente<\/a>:<\/p>\n\n\n\n<p>&#8211; Ek <a href=\"https:\/\/talkpal.ai\/locations\/language-courses-in-leer\/\">leer<\/a> (Eu aprendo)<\/p>\n\n\n\n<p>&#8211; Jy\/u leer (voc\u00ea aprende, informal\/formal)<\/p>\n\n\n\n<p>&#8211; Hy\/sy\/dit leer (ele\/ela aprende)<\/p>\n\n\n\n<p>&#8211; Ons\/julle leer (n\u00f3s\/voc\u00eas todos aprendem)<\/p>\n\n\n\n<p>&#8211; Hulle leer (eles aprendem)<\/p>\n\n\n\n<p>Lembre-se, esta \u00e9 apenas a ponta do iceberg! \u00c0 medida que voc\u00ea progride em seus estudos, voc\u00ea encontrar\u00e1 v\u00e1rios outros tempos e alguns verbos irregulares.<\/p>\n\n\n\n<h3 class=\"wp-block-heading\" id=\"h-4-pronouns-prepositions-and-more\">4. Pronomes, preposi\u00e7\u00f5es e muito mais!<\/h3>\n\n\n\n<p>A gram\u00e1tica afric\u00e2ner engloba outros componentes, como pronomes (ek, jy, hy, sy, etc.), preposi\u00e7\u00f5es (in, op, met, etc.) e express\u00f5es idiom\u00e1ticas. Ao aprender o idioma, voc\u00ea precisar\u00e1 dominar cada um desses elementos para obter uma flu\u00eancia completa.<\/p>\n\n\n\n<p>Em conclus\u00e3o, dominar a gram\u00e1tica afric\u00e2ner requer persist\u00eancia, pr\u00e1tica e paci\u00eancia. Mas, depois de compreender as complexidades do idioma, voc\u00ea estar\u00e1 no caminho certo para conversar com falantes nativos, conhecer a rica cultura e hist\u00f3ria do mundo de l\u00edngua afric\u00e2ner e aprofundar seu amor pelo idioma. Sterkte (boa sorte)!<\/p>\n<\/div><\/div>\n\r\n<section class=\"learnNavigationSection\">\r\n            \r\n        <a href=\"https:\/\/talkpal.ai\/pt-br\/aprenda-africaner\/\">\r\n            <div class=\"learnNavigationWrapper\">\r\n                <div class=\"learnNavigationContent\">\r\n                    <img decoding=\"async\" src=\"https:\/\/talkpal.ai\/wp-content\/uploads\/2024\/08\/Afrikaans.jpg\" alt=\"South Africa Flag\">\r\n                    <div>\r\n                        <h4>Sobre o Afrikaans Learning<\/h4>\r\n                        <p>Saiba tudo sobre a gram\u00e1tica afric\u00e2ner .<\/p>\r\n                    <\/div>\r\n                <\/div>\r\n            <\/div>\r\n        <\/a>\r\n\r\n        \r\n        <a href=\"https:\/\/talkpal.ai\/pt-br\/exercicios-de-gramatica-africaner\/\">\r\n            <div class=\"learnNavigationWrapper\">\r\n                <div class=\"learnNavigationContent\">\r\n                    <img decoding=\"async\" src=\"https:\/\/talkpal.ai\/wp-content\/uploads\/2024\/08\/Afrikaans.jpg\" alt=\"South Africa Flag\">\r\n                    <div>\r\n                        <h4>Exerc\u00edcio de gram\u00e1tica afric\u00e2ner<\/h4>\r\n                        <p>Pratique a gram\u00e1tica afric\u00e2ner .<\/p>\r\n                    <\/div>\r\n                <\/div>\r\n            <\/div>\r\n        <\/a>\r\n\r\n        \r\n        <a href=\"https:\/\/talkpal.ai\/vocabulary_language\/afrikaans\/\">\r\n            <div class=\"learnNavigationWrapper\">\r\n                <div class=\"learnNavigationContent\">\r\n                    <img decoding=\"async\" src=\"https:\/\/talkpal.ai\/wp-content\/uploads\/2024\/08\/Afrikaans.jpg\" alt=\"South Africa Flag\">\r\n                    <div>\r\n                        <h4>Vocabul\u00e1rio em afric\u00e2ner<\/h4>\r\n                        <p>Amplie seu vocabul\u00e1rio de afric\u00e2ner.<\/p>\r\n                    <\/div>\r\n                <\/div>\r\n            <\/div>\r\n        <\/a>\r\n\r\n            <\/section>","protected":false},"excerpt":{"rendered":"<p>Dominando a gram\u00e1tica afric\u00e2ner: seu guia definitivo Goeie dag, entusiastas da l\u00edngua! Voc\u00ea est\u00e1 pronto para embarcar em uma jornada no mundo da gram\u00e1tica afric\u00e2ner? Voc\u00ea veio ao lugar certo. Repleto de informa\u00e7\u00f5es f\u00e1ceis de entender e um tom de conversa, este artigo ir\u00e1 gui\u00e1-lo pelo fascinante reino da gram\u00e1tica afric\u00e2ner. Em breve, voc\u00ea ser\u00e1 [&hellip;]<\/p>\n","protected":false},"author":1,"featured_media":108960,"parent":0,"menu_order":0,"comment_status":"closed","ping_status":"closed","template":"LearningContentPage.php","meta":{"_acf_changed":false,"footnotes":""},"class_list":["post-140688","page","type-page","status-publish","has-post-thumbnail","hentry"],"acf":[],"yoast_head":"<!-- This site is optimized with the Yoast SEO Premium plugin v27.2 (Yoast SEO v27.2) - https:\/\/yoast.com\/product\/yoast-seo-premium-wordpress\/ -->\n<title>Gram\u00e1tica Afric\u00e2ner - Talkpal<\/title>\n<meta name=\"description\" content=\"Explore a gram\u00e1tica do afric\u00e2ner com nosso guia para iniciantes. Domine a constru\u00e7\u00e3o de frases e aprimore suas habilidades de conversa\u00e7\u00e3o.\" \/>\n<meta name=\"robots\" content=\"index, follow, max-snippet:-1, max-image-preview:large, max-video-preview:-1\" \/>\n<link rel=\"canonical\" href=\"https:\/\/talkpal.ai\/pt-br\/gramatica-africaner\/\" \/>\n<meta property=\"og:locale\" content=\"pt_BR\" \/>\n<meta property=\"og:type\" content=\"article\" \/>\n<meta property=\"og:title\" content=\"Gram\u00e1tica Afric\u00e2ner\" \/>\n<meta property=\"og:description\" content=\"Dominando a gram\u00e1tica afric\u00e2ner: seu guia definitivo Goeie dag, entusiastas da l\u00edngua! Voc\u00ea est\u00e1 pronto para embarcar em uma jornada no mundo da gram\u00e1tica\" \/>\n<meta property=\"og:url\" content=\"https:\/\/talkpal.ai\/pt-br\/gramatica-africaner\/\" \/>\n<meta property=\"og:site_name\" content=\"Talkpal\" \/>\n<meta property=\"article:publisher\" content=\"https:\/\/www.facebook.com\/profile.php?id=100090733639311\" \/>\n<meta property=\"article:modified_time\" content=\"2025-05-22T19:04:15+00:00\" \/>\n<meta property=\"og:image\" content=\"https:\/\/talkpal.ai\/wp-content\/uploads\/2023\/05\/south-africa.png\" \/>\n\t<meta property=\"og:image:width\" content=\"512\" \/>\n\t<meta property=\"og:image:height\" content=\"512\" \/>\n\t<meta property=\"og:image:type\" content=\"image\/png\" \/>\n<meta name=\"twitter:card\" content=\"summary_large_image\" \/>\n<meta name=\"twitter:site\" content=\"@talkpalai\" \/>\n<meta name=\"twitter:label1\" content=\"Est. tempo de leitura\" \/>\n\t<meta name=\"twitter:data1\" content=\"3 minutos\" \/>\n<script type=\"application\/ld+json\" class=\"yoast-schema-graph\">{\"@context\":\"https:\/\/schema.org\",\"@graph\":[{\"@type\":\"WebPage\",\"@id\":\"https:\/\/talkpal.ai\/pt-br\/gramatica-africaner\/\",\"url\":\"https:\/\/talkpal.ai\/pt-br\/gramatica-africaner\/\",\"name\":\"Gram\u00e1tica Afric\u00e2ner - Talkpal\",\"isPartOf\":{\"@id\":\"https:\/\/talkpal.ai\/pt-br\/#website\"},\"primaryImageOfPage\":{\"@id\":\"https:\/\/talkpal.ai\/pt-br\/gramatica-africaner\/#primaryimage\"},\"image\":{\"@id\":\"https:\/\/talkpal.ai\/pt-br\/gramatica-africaner\/#primaryimage\"},\"thumbnailUrl\":\"https:\/\/talkpal.ai\/wp-content\/uploads\/2023\/05\/south-africa.png\",\"datePublished\":\"2023-05-14T13:59:24+00:00\",\"dateModified\":\"2025-05-22T19:04:15+00:00\",\"description\":\"Explore a gram\u00e1tica do afric\u00e2ner com nosso guia para iniciantes. Domine a constru\u00e7\u00e3o de frases e aprimore suas habilidades de conversa\u00e7\u00e3o.\",\"breadcrumb\":{\"@id\":\"https:\/\/talkpal.ai\/pt-br\/gramatica-africaner\/#breadcrumb\"},\"inLanguage\":\"pt-BR\",\"potentialAction\":[{\"@type\":\"ReadAction\",\"target\":[\"https:\/\/talkpal.ai\/pt-br\/gramatica-africaner\/\"]}]},{\"@type\":\"ImageObject\",\"inLanguage\":\"pt-BR\",\"@id\":\"https:\/\/talkpal.ai\/pt-br\/gramatica-africaner\/#primaryimage\",\"url\":\"https:\/\/talkpal.ai\/wp-content\/uploads\/2023\/05\/south-africa.png\",\"contentUrl\":\"https:\/\/talkpal.ai\/wp-content\/uploads\/2023\/05\/south-africa.png\",\"width\":512,\"height\":512},{\"@type\":\"BreadcrumbList\",\"@id\":\"https:\/\/talkpal.ai\/pt-br\/gramatica-africaner\/#breadcrumb\",\"itemListElement\":[{\"@type\":\"ListItem\",\"position\":1,\"name\":\"Homepage\",\"item\":\"https:\/\/talkpal.ai\/pt-br\/\"},{\"@type\":\"ListItem\",\"position\":2,\"name\":\"Gram\u00e1tica Afric\u00e2ner\"}]},{\"@type\":\"WebSite\",\"@id\":\"https:\/\/talkpal.ai\/pt-br\/#website\",\"url\":\"https:\/\/talkpal.ai\/pt-br\/\",\"name\":\"Talkpal\",\"description\":\"AI Language Learning\",\"publisher\":{\"@id\":\"https:\/\/talkpal.ai\/pt-br\/#organization\"},\"alternateName\":\"Talkpal AI\",\"potentialAction\":[{\"@type\":\"SearchAction\",\"target\":{\"@type\":\"EntryPoint\",\"urlTemplate\":\"https:\/\/talkpal.ai\/pt-br\/?s={search_term_string}\"},\"query-input\":{\"@type\":\"PropertyValueSpecification\",\"valueRequired\":true,\"valueName\":\"search_term_string\"}}],\"inLanguage\":\"pt-BR\"},{\"@type\":\"Organization\",\"@id\":\"https:\/\/talkpal.ai\/pt-br\/#organization\",\"name\":\"Talkpal, Inc.\",\"alternateName\":\"Talkpal AI\",\"url\":\"https:\/\/talkpal.ai\/pt-br\/\",\"logo\":{\"@type\":\"ImageObject\",\"inLanguage\":\"pt-BR\",\"@id\":\"https:\/\/talkpal.ai\/pt-br\/#\/schema\/logo\/image\/\",\"url\":\"https:\/\/talkpal.ai\/wp-content\/uploads\/2024\/03\/Talkpal-Logo-Icon.png\",\"contentUrl\":\"https:\/\/talkpal.ai\/wp-content\/uploads\/2024\/03\/Talkpal-Logo-Icon.png\",\"width\":2880,\"height\":2880,\"caption\":\"Talkpal, Inc.\"},\"image\":{\"@id\":\"https:\/\/talkpal.ai\/pt-br\/#\/schema\/logo\/image\/\"},\"sameAs\":[\"https:\/\/www.facebook.com\/profile.php?id=100090733639311\",\"https:\/\/x.com\/talkpalai\",\"https:\/\/www.linkedin.com\/company\/talkpal\/\",\"https:\/\/www.youtube.com\/@TalkPal\/\",\"https:\/\/www.tiktok.com\/@talkpal\",\"https:\/\/www.instagram.com\/talkpal_ai\/\",\"https:\/\/www.crunchbase.com\/organization\/talkpal-9cde\",\"https:\/\/www.g2.com\/products\/talkpal-for-business\/\",\"https:\/\/www.trustpilot.com\/review\/talkpal.ai\",\"https:\/\/www.capterra.com\/p\/10006800\/TalkPal\/\"],\"description\":\"Talkpal is a language learning web and mobile education app, powered by the latest AI technologies, that provides engaging experiences to its customers in many different languages to help them improve their language skills. Users can chat about unlimited amount of topics with the app and use other modes to practice their language learning.\",\"email\":\"support@talkpal.ai\",\"legalName\":\"Talkpal, Inc.\",\"foundingDate\":\"2023-04-03\",\"duns\":\"118989042\",\"numberOfEmployees\":{\"@type\":\"QuantitativeValue\",\"minValue\":\"11\",\"maxValue\":\"50\"},\"publishingPrinciples\":\"https:\/\/talkpal.ai\/publishing-principles\/\",\"actionableFeedbackPolicy\":\"https:\/\/talkpal.ai\/actionable-feedback-policy\/\",\"correctionsPolicy\":\"https:\/\/talkpal.ai\/corrections-policy\/\",\"ethicsPolicy\":\"https:\/\/talkpal.ai\/ethics-policy\/\",\"diversityPolicy\":\"https:\/\/talkpal.ai\/diversity-policy\/\",\"diversityStaffingReport\":\"https:\/\/talkpal.ai\/diversity-policy\/\"}]}<\/script>\n<!-- \/ Yoast SEO Premium plugin. -->","yoast_head_json":{"title":"Gram\u00e1tica Afric\u00e2ner - Talkpal","description":"Explore a gram\u00e1tica do afric\u00e2ner com nosso guia para iniciantes. Domine a constru\u00e7\u00e3o de frases e aprimore suas habilidades de conversa\u00e7\u00e3o.","robots":{"index":"index","follow":"follow","max-snippet":"max-snippet:-1","max-image-preview":"max-image-preview:large","max-video-preview":"max-video-preview:-1"},"canonical":"https:\/\/talkpal.ai\/pt-br\/gramatica-africaner\/","og_locale":"pt_BR","og_type":"article","og_title":"Gram\u00e1tica Afric\u00e2ner","og_description":"Dominando a gram\u00e1tica afric\u00e2ner: seu guia definitivo Goeie dag, entusiastas da l\u00edngua! Voc\u00ea est\u00e1 pronto para embarcar em uma jornada no mundo da gram\u00e1tica","og_url":"https:\/\/talkpal.ai\/pt-br\/gramatica-africaner\/","og_site_name":"Talkpal","article_publisher":"https:\/\/www.facebook.com\/profile.php?id=100090733639311","article_modified_time":"2025-05-22T19:04:15+00:00","og_image":[{"width":512,"height":512,"url":"https:\/\/talkpal.ai\/wp-content\/uploads\/2023\/05\/south-africa.png","type":"image\/png"}],"twitter_card":"summary_large_image","twitter_site":"@talkpalai","twitter_misc":{"Est. tempo de leitura":"3 minutos"},"schema":{"@context":"https:\/\/schema.org","@graph":[{"@type":"WebPage","@id":"https:\/\/talkpal.ai\/pt-br\/gramatica-africaner\/","url":"https:\/\/talkpal.ai\/pt-br\/gramatica-africaner\/","name":"Gram\u00e1tica Afric\u00e2ner - Talkpal","isPartOf":{"@id":"https:\/\/talkpal.ai\/pt-br\/#website"},"primaryImageOfPage":{"@id":"https:\/\/talkpal.ai\/pt-br\/gramatica-africaner\/#primaryimage"},"image":{"@id":"https:\/\/talkpal.ai\/pt-br\/gramatica-africaner\/#primaryimage"},"thumbnailUrl":"https:\/\/talkpal.ai\/wp-content\/uploads\/2023\/05\/south-africa.png","datePublished":"2023-05-14T13:59:24+00:00","dateModified":"2025-05-22T19:04:15+00:00","description":"Explore a gram\u00e1tica do afric\u00e2ner com nosso guia para iniciantes. Domine a constru\u00e7\u00e3o de frases e aprimore suas habilidades de conversa\u00e7\u00e3o.","breadcrumb":{"@id":"https:\/\/talkpal.ai\/pt-br\/gramatica-africaner\/#breadcrumb"},"inLanguage":"pt-BR","potentialAction":[{"@type":"ReadAction","target":["https:\/\/talkpal.ai\/pt-br\/gramatica-africaner\/"]}]},{"@type":"ImageObject","inLanguage":"pt-BR","@id":"https:\/\/talkpal.ai\/pt-br\/gramatica-africaner\/#primaryimage","url":"https:\/\/talkpal.ai\/wp-content\/uploads\/2023\/05\/south-africa.png","contentUrl":"https:\/\/talkpal.ai\/wp-content\/uploads\/2023\/05\/south-africa.png","width":512,"height":512},{"@type":"BreadcrumbList","@id":"https:\/\/talkpal.ai\/pt-br\/gramatica-africaner\/#breadcrumb","itemListElement":[{"@type":"ListItem","position":1,"name":"Homepage","item":"https:\/\/talkpal.ai\/pt-br\/"},{"@type":"ListItem","position":2,"name":"Gram\u00e1tica Afric\u00e2ner"}]},{"@type":"WebSite","@id":"https:\/\/talkpal.ai\/pt-br\/#website","url":"https:\/\/talkpal.ai\/pt-br\/","name":"Talkpal","description":"AI Language Learning","publisher":{"@id":"https:\/\/talkpal.ai\/pt-br\/#organization"},"alternateName":"Talkpal AI","potentialAction":[{"@type":"SearchAction","target":{"@type":"EntryPoint","urlTemplate":"https:\/\/talkpal.ai\/pt-br\/?s={search_term_string}"},"query-input":{"@type":"PropertyValueSpecification","valueRequired":true,"valueName":"search_term_string"}}],"inLanguage":"pt-BR"},{"@type":"Organization","@id":"https:\/\/talkpal.ai\/pt-br\/#organization","name":"Talkpal, Inc.","alternateName":"Talkpal AI","url":"https:\/\/talkpal.ai\/pt-br\/","logo":{"@type":"ImageObject","inLanguage":"pt-BR","@id":"https:\/\/talkpal.ai\/pt-br\/#\/schema\/logo\/image\/","url":"https:\/\/talkpal.ai\/wp-content\/uploads\/2024\/03\/Talkpal-Logo-Icon.png","contentUrl":"https:\/\/talkpal.ai\/wp-content\/uploads\/2024\/03\/Talkpal-Logo-Icon.png","width":2880,"height":2880,"caption":"Talkpal, Inc."},"image":{"@id":"https:\/\/talkpal.ai\/pt-br\/#\/schema\/logo\/image\/"},"sameAs":["https:\/\/www.facebook.com\/profile.php?id=100090733639311","https:\/\/x.com\/talkpalai","https:\/\/www.linkedin.com\/company\/talkpal\/","https:\/\/www.youtube.com\/@TalkPal\/","https:\/\/www.tiktok.com\/@talkpal","https:\/\/www.instagram.com\/talkpal_ai\/","https:\/\/www.crunchbase.com\/organization\/talkpal-9cde","https:\/\/www.g2.com\/products\/talkpal-for-business\/","https:\/\/www.trustpilot.com\/review\/talkpal.ai","https:\/\/www.capterra.com\/p\/10006800\/TalkPal\/"],"description":"Talkpal is a language learning web and mobile education app, powered by the latest AI technologies, that provides engaging experiences to its customers in many different languages to help them improve their language skills. Users can chat about unlimited amount of topics with the app and use other modes to practice their language learning.","email":"support@talkpal.ai","legalName":"Talkpal, Inc.","foundingDate":"2023-04-03","duns":"118989042","numberOfEmployees":{"@type":"QuantitativeValue","minValue":"11","maxValue":"50"},"publishingPrinciples":"https:\/\/talkpal.ai\/publishing-principles\/","actionableFeedbackPolicy":"https:\/\/talkpal.ai\/actionable-feedback-policy\/","correctionsPolicy":"https:\/\/talkpal.ai\/corrections-policy\/","ethicsPolicy":"https:\/\/talkpal.ai\/ethics-policy\/","diversityPolicy":"https:\/\/talkpal.ai\/diversity-policy\/","diversityStaffingReport":"https:\/\/talkpal.ai\/diversity-policy\/"}]}},"_links":{"self":[{"href":"https:\/\/talkpal.ai\/pt-br\/wp-json\/wp\/v2\/pages\/140688","targetHints":{"allow":["GET"]}}],"collection":[{"href":"https:\/\/talkpal.ai\/pt-br\/wp-json\/wp\/v2\/pages"}],"about":[{"href":"https:\/\/talkpal.ai\/pt-br\/wp-json\/wp\/v2\/types\/page"}],"author":[{"embeddable":true,"href":"https:\/\/talkpal.ai\/pt-br\/wp-json\/wp\/v2\/users\/1"}],"replies":[{"embeddable":true,"href":"https:\/\/talkpal.ai\/pt-br\/wp-json\/wp\/v2\/comments?post=140688"}],"version-history":[{"count":0,"href":"https:\/\/talkpal.ai\/pt-br\/wp-json\/wp\/v2\/pages\/140688\/revisions"}],"wp:featuredmedia":[{"embeddable":true,"href":"https:\/\/talkpal.ai\/pt-br\/wp-json\/wp\/v2\/media\/108960"}],"wp:attachment":[{"href":"https:\/\/talkpal.ai\/pt-br\/wp-json\/wp\/v2\/media?parent=140688"}],"curies":[{"name":"wp","href":"https:\/\/api.w.org\/{rel}","templated":true}]}}