{"id":140366,"date":"2023-05-14T13:54:14","date_gmt":"2023-05-14T13:54:14","guid":{"rendered":"http:\/\/talkpal.ai\/gramatica-armenia\/"},"modified":"2025-05-21T10:54:13","modified_gmt":"2025-05-21T10:54:13","slug":"gramatica-armenia","status":"publish","type":"page","link":"https:\/\/talkpal.ai\/pt-br\/gramatica-armenia\/","title":{"rendered":"Gram\u00e1tica Arm\u00eania"},"content":{"rendered":"\r\n\r\n\r\n<section class=\"languageChallengeSection\">\r\n    <div class=\"languageInfoWrapper\">\r\n        \r\n        <h1>Gram\u00e1tica Arm\u00eania<\/h1>\r\n        <p>Voc\u00ea est\u00e1 pronto para explorar um novo idioma? A <a href=\"https:\/\/talkpal.ai\/armenian-grammar\/\">gram\u00e1tica arm\u00eania<\/a> \u00e9 a sua porta de entrada para um mundo de padr\u00f5es fascinantes e tradi\u00e7\u00f5es \u00fanicas! Ao aprender a gram\u00e1tica arm\u00eania, voc\u00ea n\u00e3o apenas dominar\u00e1 um idioma, mas tamb\u00e9m se conectar\u00e1 com a profunda heran\u00e7a cultural da Arm\u00eania. Vamos mergulhar juntos e aproveitar a jornada em <a href=\"https:\/\/talkpal.ai\/learn-armenian\/\">arm\u00eanio<\/a>!<\/p>\r\n\r\n                            <a class=\"getStartedHidden\" href=\"https:\/\/app.talkpal.ai\/pt-br\/signup?lng=\">Come\u00e7a<\/a>\r\n        \r\n    <\/div>\r\n\r\n    <figure>\r\n    <img decoding=\"async\" width=\"768\" height=\"768\" src=\"https:\/\/talkpal.ai\/wp-content\/uploads\/2023\/06\/armenian-768x768.png\" class=\"languageImage no-lazy\" alt=\"Language learning for higher cognition\" fetchpriority=\"high\" sizes=\"(max-width: 768px) 150px, 768px\" srcset=\"https:\/\/talkpal.ai\/wp-content\/uploads\/2023\/06\/armenian-768x768.png 768w, https:\/\/talkpal.ai\/wp-content\/uploads\/2023\/06\/armenian-300x300.png 300w\" \/>\r\n    \r\n\r\n    <\/figure>\r\n\r\n            <a class=\"getStartedVisible\" href=\"https:\/\/app.talkpal.ai\/pt-br\/signup?lng=\">Come\u00e7a<\/a>\r\n    \r\n<\/section>\r\n<section class=\"promotionalBanner\">\r\n    <p class=\"promotionalText\">A maneira mais eficiente de aprender um idioma<\/p>\r\n    <a class=\"promotionalLink\" href=\"https:\/\/app.talkpal.ai\/pt-br\/signup?lng=\">Experimente o Talkpal gratuitamente<\/a>\r\n<\/section>\n<div class=\"wp-block-group pageContainerStyle\"><div class=\"wp-block-group__inner-container is-layout-constrained wp-block-group-is-layout-constrained\">\n<h2 class=\"wp-block-heading\" id=\"h-discovering-the-richness-of-armenian-grammar\">Descobrindo a riqueza da gram\u00e1tica arm\u00eania<\/h2>\n\n\n\n<p>O arm\u00eanio, uma l\u00edngua \u00fanica e fascinante, ocupa um lugar distinto na fam\u00edlia indo-europeia. <a href=\"https:\/\/talkpal.ai\/pt-pt\/como-aprender-armenio-em-6-meses\/\">Aprender arm\u00eanio<\/a> n\u00e3o s\u00f3 enriquece seu repert\u00f3rio lingu\u00edstico, mas tamb\u00e9m permite que voc\u00ea mergulhe na rica hist\u00f3ria e cultura da Arm\u00eania. Embora a gram\u00e1tica arm\u00eania possa parecer assustadora \u00e0 primeira <a href=\"https:\/\/talkpal.ai\/locations\/language-courses-in-vista\/\">vista<\/a>, dividi-la em seus componentes essenciais simplifica o processo. Neste artigo, apresentaremos a voc\u00ea o mundo cativante da gram\u00e1tica arm\u00eania e daremos dicas sobre <a href=\"https:\/\/talkpal.ai\/locations\/language-courses-in-como\/\">como<\/a> dominar suas complexidades.<\/p>\n\n\n\n<h3 class=\"wp-block-heading\" id=\"h-1-the-armenian-alphabet\">1. O alfabeto arm\u00eanio<\/h3>\n\n\n\n<p>O arm\u00eanio tem seu alfabeto distinto, composto por 39 letras, cada uma representando um fonema espec\u00edfico ou combina\u00e7\u00e3o de fonemas. Para aprender a gram\u00e1tica arm\u00eania, \u00e9 fundamental que voc\u00ea se familiarize com esse sistema de escrita \u00fanico, praticando a leitura e a escrita de textos em arm\u00eanio.<\/p>\n\n\n\n<h3 class=\"wp-block-heading\" id=\"h-2-nouns-gender-and-cases\">2. Substantivos: G\u00eanero e Casos<\/h3>\n\n\n\n<p>Os substantivos arm\u00eanios n\u00e3o t\u00eam <a href=\"https:\/\/talkpal.ai\/ar\/grammar_exercises\/genero-%d8%aa%d9%85%d8%a7%d8%b1%d9%8a%d9%86-%d9%84%d9%82%d9%88%d8%a7%d8%b9%d8%af-%d8%a7%d9%84%d9%84%d8%ba%d8%a9-%d8%a7%d9%84%d8%a5%d8%b3%d8%a8%d8%a7%d9%86%d9%8a%d8%a9\/\">g\u00eanero gramatical<\/a> como muitas outras l\u00ednguas. No entanto, eles t\u00eam v\u00e1rios casos, incluindo nominativo, acusativo, dativo, genitivo, instrumental, ablativo e locativo. Aprender as regras para formar esses casos permitir\u00e1 que voc\u00ea entenda e estruture <a href=\"https:\/\/talkpal.ai\/es\/la-mejor-aplicacion-de-conversacion-con-ia\/\">melhor<\/a> as senten\u00e7as arm\u00eanias.<\/p>\n\n\n\n<h3 class=\"wp-block-heading\" id=\"h-3-verbs-conjugation-and-tense\">3. Verbos: Conjuga\u00e7\u00e3o e Tempo<\/h3>\n\n\n\n<p>Os verbos arm\u00eanios s\u00e3o conjugados de acordo com seu tempo, humor e aspecto. H\u00e1 sete tempos b\u00e1sicos em arm\u00eanio, incluindo presente, imperfeito, perfeito, aorista, futuro, pluperfeito e futuro perfeito. Os verbos regulares seguem padr\u00f5es de conjuga\u00e7\u00e3o espec\u00edficos, tornando-os relativamente f\u00e1ceis de aprender depois de compreender as regras.<\/p>\n\n\n\n<h3 class=\"wp-block-heading\" id=\"h-4-adjectives-agreement-and-placement\">4. Adjetivos: Concord\u00e2ncia e Coloca\u00e7\u00e3o<\/h3>\n\n\n\n<p>Na gram\u00e1tica arm\u00eania, os adjetivos geralmente v\u00eam antes do substantivo que modificam, e eles n\u00e3o precisam concordar no caso com o substantivo. No entanto, os adjetivos podem ser recusados se forem usados substantivamente (como substantivo) ou forem precedidos por certos pronomes demonstrativos e possessivos.<\/p>\n\n\n\n<p><strong>Exemplos:<\/strong><\/p>\n\n\n\n<p>&#8211; \u057d\u0578\u0582\u0580\u0562 \u057f\u0561\u0573\u0561\u0580 (surb tachar) &#8211; templo sagrado<\/p>\n\n\n\n<p>&#8211; \u0561\u0575\u057d \u0574\u0565\u056e \u057f\u0578\u0582\u0576 (ays metz tun) &#8211; esta casa grande<\/p>\n\n\n\n<h3 class=\"wp-block-heading\" id=\"h-5-evidentiality-in-verbs\">5. Evidencialidade nos verbos<\/h3>\n\n\n\n<p>Um aspecto \u00fanico da gram\u00e1tica arm\u00eania \u00e9 o uso de verbos probat\u00f3rios. Esse recurso mostra a fonte de conhecimento de um falante (experi\u00eancia pessoal, boato ou infer\u00eancia) em rela\u00e7\u00e3o \u00e0 a\u00e7\u00e3o em uma frase. Prestar aten\u00e7\u00e3o a essas nuances pode ajud\u00e1-lo a fornecer contexto e clareza em sua conversa.<\/p>\n\n\n\n<h3 class=\"wp-block-heading\" id=\"h-6-engaging-with-the-language\">6. Envolvendo-se com o idioma<\/h3>\n\n\n\n<p>A maneira mais eficaz de entender e internalizar a gram\u00e1tica arm\u00eania \u00e9 interagir regularmente com a l\u00edngua. Ao ler a literatura arm\u00eania, assistir a filmes ou s\u00e9ries de televis\u00e3o e se comunicar ativamente com falantes nativos, voc\u00ea refor\u00e7ar\u00e1 sua compreens\u00e3o da gram\u00e1tica e expandir\u00e1 seu vocabul\u00e1rio simultaneamente.<\/p>\n\n\n\n<h3 class=\"wp-block-heading\" id=\"h-conclusion\">Conclus\u00e3o<\/h3>\n\n\n\n<p>Embora a gram\u00e1tica arm\u00eania possa parecer complicada, abord\u00e1-la passo a passo e praticar consistentemente ajudar\u00e1 voc\u00ea a se tornar proficiente nesta bela l\u00edngua. Aceite o desafio ao embarcar em sua aventura no idioma arm\u00eanio, e voc\u00ea logo se ver\u00e1 navegando pelas nuances da gram\u00e1tica com cada vez mais confian\u00e7a. Feliz estudo e aproveite para explorar a riqueza da gram\u00e1tica arm\u00eania!<\/p>\n<\/div><\/div>\n\r\n<section class=\"learnNavigationSection\">\r\n            \r\n        <a href=\"https:\/\/talkpal.ai\/pt-br\/aprenda-armenio\/\">\r\n            <div class=\"learnNavigationWrapper\">\r\n                <div class=\"learnNavigationContent\">\r\n                    <img decoding=\"async\" src=\"https:\/\/talkpal.ai\/wp-content\/uploads\/2024\/08\/Armenian.jpg\" alt=\"Armenian Flag\">\r\n                    <div>\r\n                        <h4>Sobre o Armenian Learning<\/h4>\r\n                        <p>Saiba tudo sobre a gram\u00e1tica arm\u00eania .<\/p>\r\n                    <\/div>\r\n                <\/div>\r\n            <\/div>\r\n        <\/a>\r\n\r\n        \r\n        <a href=\"https:\/\/talkpal.ai\/pt-br\/exercicios-de-gramatica-armenia\/\">\r\n            <div class=\"learnNavigationWrapper\">\r\n                <div class=\"learnNavigationContent\">\r\n                    <img decoding=\"async\" src=\"https:\/\/talkpal.ai\/wp-content\/uploads\/2024\/08\/Armenian.jpg\" alt=\"Armenian Flag\">\r\n                    <div>\r\n                        <h4>Exerc\u00edcio de gram\u00e1tica arm\u00eania<\/h4>\r\n                        <p>Pratique a gram\u00e1tica arm\u00eania .<\/p>\r\n                    <\/div>\r\n                <\/div>\r\n            <\/div>\r\n        <\/a>\r\n\r\n        \r\n        <a href=\"https:\/\/talkpal.ai\/vocabulary_language\/armenian\/\">\r\n            <div class=\"learnNavigationWrapper\">\r\n                <div class=\"learnNavigationContent\">\r\n                    <img decoding=\"async\" src=\"https:\/\/talkpal.ai\/wp-content\/uploads\/2024\/08\/Armenian.jpg\" alt=\"Armenian Flag\">\r\n                    <div>\r\n                        <h4>Vocabul\u00e1rio arm\u00eanio<\/h4>\r\n                        <p>Amplie seu vocabul\u00e1rio de arm\u00eanio.<\/p>\r\n                    <\/div>\r\n                <\/div>\r\n            <\/div>\r\n        <\/a>\r\n\r\n            <\/section>","protected":false},"excerpt":{"rendered":"<p>Descobrindo a riqueza da gram\u00e1tica arm\u00eania O arm\u00eanio, uma l\u00edngua \u00fanica e fascinante, ocupa um lugar distinto na fam\u00edlia indo-europeia. Aprender arm\u00eanio n\u00e3o s\u00f3 enriquece seu repert\u00f3rio lingu\u00edstico, mas tamb\u00e9m permite que voc\u00ea mergulhe na rica hist\u00f3ria e cultura da Arm\u00eania. Embora a gram\u00e1tica arm\u00eania possa parecer assustadora \u00e0 primeira vista, dividi-la em seus componentes [&hellip;]<\/p>\n","protected":false},"author":1,"featured_media":109114,"parent":0,"menu_order":0,"comment_status":"closed","ping_status":"closed","template":"LearningContentPage.php","meta":{"_acf_changed":false,"footnotes":""},"class_list":["post-140366","page","type-page","status-publish","has-post-thumbnail","hentry"],"acf":[],"yoast_head":"<!-- This site is optimized with the Yoast SEO Premium plugin v27.2 (Yoast SEO v27.2) - https:\/\/yoast.com\/product\/yoast-seo-premium-wordpress\/ -->\n<title>Gram\u00e1tica Arm\u00eania - Talkpal<\/title>\n<meta name=\"description\" content=\"Desvende os segredos da gram\u00e1tica arm\u00eania e explore a rica cultura da Arm\u00eania enquanto domina esse idioma fascinante.\" \/>\n<meta name=\"robots\" content=\"index, follow, max-snippet:-1, max-image-preview:large, max-video-preview:-1\" \/>\n<link rel=\"canonical\" href=\"https:\/\/talkpal.ai\/pt-br\/gramatica-armenia\/\" \/>\n<meta property=\"og:locale\" content=\"pt_BR\" \/>\n<meta property=\"og:type\" content=\"article\" \/>\n<meta property=\"og:title\" content=\"Gram\u00e1tica Arm\u00eania\" \/>\n<meta property=\"og:description\" content=\"Descobrindo a riqueza da gram\u00e1tica arm\u00eania O arm\u00eanio, uma l\u00edngua \u00fanica e fascinante, ocupa um lugar distinto na fam\u00edlia indo-europeia. Aprender arm\u00eanio\" \/>\n<meta property=\"og:url\" content=\"https:\/\/talkpal.ai\/pt-br\/gramatica-armenia\/\" \/>\n<meta property=\"og:site_name\" content=\"Talkpal\" \/>\n<meta property=\"article:publisher\" content=\"https:\/\/www.facebook.com\/profile.php?id=100090733639311\" \/>\n<meta property=\"article:modified_time\" content=\"2025-05-21T10:54:13+00:00\" \/>\n<meta property=\"og:image\" content=\"https:\/\/talkpal.ai\/wp-content\/uploads\/2023\/05\/armenia.png\" \/>\n\t<meta property=\"og:image:width\" content=\"512\" \/>\n\t<meta property=\"og:image:height\" content=\"512\" \/>\n\t<meta property=\"og:image:type\" content=\"image\/png\" \/>\n<meta name=\"twitter:card\" content=\"summary_large_image\" \/>\n<meta name=\"twitter:site\" content=\"@talkpalai\" \/>\n<meta name=\"twitter:label1\" content=\"Est. tempo de leitura\" \/>\n\t<meta name=\"twitter:data1\" content=\"3 minutos\" \/>\n<script type=\"application\/ld+json\" class=\"yoast-schema-graph\">{\"@context\":\"https:\/\/schema.org\",\"@graph\":[{\"@type\":\"WebPage\",\"@id\":\"https:\/\/talkpal.ai\/pt-br\/gramatica-armenia\/\",\"url\":\"https:\/\/talkpal.ai\/pt-br\/gramatica-armenia\/\",\"name\":\"Gram\u00e1tica Arm\u00eania - Talkpal\",\"isPartOf\":{\"@id\":\"https:\/\/talkpal.ai\/pt-br\/#website\"},\"primaryImageOfPage\":{\"@id\":\"https:\/\/talkpal.ai\/pt-br\/gramatica-armenia\/#primaryimage\"},\"image\":{\"@id\":\"https:\/\/talkpal.ai\/pt-br\/gramatica-armenia\/#primaryimage\"},\"thumbnailUrl\":\"https:\/\/talkpal.ai\/wp-content\/uploads\/2023\/05\/armenia.png\",\"datePublished\":\"2023-05-14T13:54:14+00:00\",\"dateModified\":\"2025-05-21T10:54:13+00:00\",\"description\":\"Desvende os segredos da gram\u00e1tica arm\u00eania e explore a rica cultura da Arm\u00eania enquanto domina esse idioma fascinante.\",\"breadcrumb\":{\"@id\":\"https:\/\/talkpal.ai\/pt-br\/gramatica-armenia\/#breadcrumb\"},\"inLanguage\":\"pt-BR\",\"potentialAction\":[{\"@type\":\"ReadAction\",\"target\":[\"https:\/\/talkpal.ai\/pt-br\/gramatica-armenia\/\"]}]},{\"@type\":\"ImageObject\",\"inLanguage\":\"pt-BR\",\"@id\":\"https:\/\/talkpal.ai\/pt-br\/gramatica-armenia\/#primaryimage\",\"url\":\"https:\/\/talkpal.ai\/wp-content\/uploads\/2023\/05\/armenia.png\",\"contentUrl\":\"https:\/\/talkpal.ai\/wp-content\/uploads\/2023\/05\/armenia.png\",\"width\":512,\"height\":512},{\"@type\":\"BreadcrumbList\",\"@id\":\"https:\/\/talkpal.ai\/pt-br\/gramatica-armenia\/#breadcrumb\",\"itemListElement\":[{\"@type\":\"ListItem\",\"position\":1,\"name\":\"Homepage\",\"item\":\"https:\/\/talkpal.ai\/pt-br\/\"},{\"@type\":\"ListItem\",\"position\":2,\"name\":\"Gram\u00e1tica Arm\u00eania\"}]},{\"@type\":\"WebSite\",\"@id\":\"https:\/\/talkpal.ai\/pt-br\/#website\",\"url\":\"https:\/\/talkpal.ai\/pt-br\/\",\"name\":\"Talkpal\",\"description\":\"AI Language Learning\",\"publisher\":{\"@id\":\"https:\/\/talkpal.ai\/pt-br\/#organization\"},\"alternateName\":\"Talkpal AI\",\"potentialAction\":[{\"@type\":\"SearchAction\",\"target\":{\"@type\":\"EntryPoint\",\"urlTemplate\":\"https:\/\/talkpal.ai\/pt-br\/?s={search_term_string}\"},\"query-input\":{\"@type\":\"PropertyValueSpecification\",\"valueRequired\":true,\"valueName\":\"search_term_string\"}}],\"inLanguage\":\"pt-BR\"},{\"@type\":\"Organization\",\"@id\":\"https:\/\/talkpal.ai\/pt-br\/#organization\",\"name\":\"Talkpal, Inc.\",\"alternateName\":\"Talkpal AI\",\"url\":\"https:\/\/talkpal.ai\/pt-br\/\",\"logo\":{\"@type\":\"ImageObject\",\"inLanguage\":\"pt-BR\",\"@id\":\"https:\/\/talkpal.ai\/pt-br\/#\/schema\/logo\/image\/\",\"url\":\"https:\/\/talkpal.ai\/wp-content\/uploads\/2024\/03\/Talkpal-Logo-Icon.png\",\"contentUrl\":\"https:\/\/talkpal.ai\/wp-content\/uploads\/2024\/03\/Talkpal-Logo-Icon.png\",\"width\":2880,\"height\":2880,\"caption\":\"Talkpal, Inc.\"},\"image\":{\"@id\":\"https:\/\/talkpal.ai\/pt-br\/#\/schema\/logo\/image\/\"},\"sameAs\":[\"https:\/\/www.facebook.com\/profile.php?id=100090733639311\",\"https:\/\/x.com\/talkpalai\",\"https:\/\/www.linkedin.com\/company\/talkpal\/\",\"https:\/\/www.youtube.com\/@TalkPal\/\",\"https:\/\/www.tiktok.com\/@talkpal\",\"https:\/\/www.instagram.com\/talkpal_ai\/\",\"https:\/\/www.crunchbase.com\/organization\/talkpal-9cde\",\"https:\/\/www.g2.com\/products\/talkpal-for-business\/\",\"https:\/\/www.trustpilot.com\/review\/talkpal.ai\",\"https:\/\/www.capterra.com\/p\/10006800\/TalkPal\/\"],\"description\":\"Talkpal is a language learning web and mobile education app, powered by the latest AI technologies, that provides engaging experiences to its customers in many different languages to help them improve their language skills. Users can chat about unlimited amount of topics with the app and use other modes to practice their language learning.\",\"email\":\"support@talkpal.ai\",\"legalName\":\"Talkpal, Inc.\",\"foundingDate\":\"2023-04-03\",\"duns\":\"118989042\",\"numberOfEmployees\":{\"@type\":\"QuantitativeValue\",\"minValue\":\"11\",\"maxValue\":\"50\"},\"publishingPrinciples\":\"https:\/\/talkpal.ai\/publishing-principles\/\",\"actionableFeedbackPolicy\":\"https:\/\/talkpal.ai\/actionable-feedback-policy\/\",\"correctionsPolicy\":\"https:\/\/talkpal.ai\/corrections-policy\/\",\"ethicsPolicy\":\"https:\/\/talkpal.ai\/ethics-policy\/\",\"diversityPolicy\":\"https:\/\/talkpal.ai\/diversity-policy\/\",\"diversityStaffingReport\":\"https:\/\/talkpal.ai\/diversity-policy\/\"}]}<\/script>\n<!-- \/ Yoast SEO Premium plugin. -->","yoast_head_json":{"title":"Gram\u00e1tica Arm\u00eania - Talkpal","description":"Desvende os segredos da gram\u00e1tica arm\u00eania e explore a rica cultura da Arm\u00eania enquanto domina esse idioma fascinante.","robots":{"index":"index","follow":"follow","max-snippet":"max-snippet:-1","max-image-preview":"max-image-preview:large","max-video-preview":"max-video-preview:-1"},"canonical":"https:\/\/talkpal.ai\/pt-br\/gramatica-armenia\/","og_locale":"pt_BR","og_type":"article","og_title":"Gram\u00e1tica Arm\u00eania","og_description":"Descobrindo a riqueza da gram\u00e1tica arm\u00eania O arm\u00eanio, uma l\u00edngua \u00fanica e fascinante, ocupa um lugar distinto na fam\u00edlia indo-europeia. Aprender arm\u00eanio","og_url":"https:\/\/talkpal.ai\/pt-br\/gramatica-armenia\/","og_site_name":"Talkpal","article_publisher":"https:\/\/www.facebook.com\/profile.php?id=100090733639311","article_modified_time":"2025-05-21T10:54:13+00:00","og_image":[{"width":512,"height":512,"url":"https:\/\/talkpal.ai\/wp-content\/uploads\/2023\/05\/armenia.png","type":"image\/png"}],"twitter_card":"summary_large_image","twitter_site":"@talkpalai","twitter_misc":{"Est. tempo de leitura":"3 minutos"},"schema":{"@context":"https:\/\/schema.org","@graph":[{"@type":"WebPage","@id":"https:\/\/talkpal.ai\/pt-br\/gramatica-armenia\/","url":"https:\/\/talkpal.ai\/pt-br\/gramatica-armenia\/","name":"Gram\u00e1tica Arm\u00eania - Talkpal","isPartOf":{"@id":"https:\/\/talkpal.ai\/pt-br\/#website"},"primaryImageOfPage":{"@id":"https:\/\/talkpal.ai\/pt-br\/gramatica-armenia\/#primaryimage"},"image":{"@id":"https:\/\/talkpal.ai\/pt-br\/gramatica-armenia\/#primaryimage"},"thumbnailUrl":"https:\/\/talkpal.ai\/wp-content\/uploads\/2023\/05\/armenia.png","datePublished":"2023-05-14T13:54:14+00:00","dateModified":"2025-05-21T10:54:13+00:00","description":"Desvende os segredos da gram\u00e1tica arm\u00eania e explore a rica cultura da Arm\u00eania enquanto domina esse idioma fascinante.","breadcrumb":{"@id":"https:\/\/talkpal.ai\/pt-br\/gramatica-armenia\/#breadcrumb"},"inLanguage":"pt-BR","potentialAction":[{"@type":"ReadAction","target":["https:\/\/talkpal.ai\/pt-br\/gramatica-armenia\/"]}]},{"@type":"ImageObject","inLanguage":"pt-BR","@id":"https:\/\/talkpal.ai\/pt-br\/gramatica-armenia\/#primaryimage","url":"https:\/\/talkpal.ai\/wp-content\/uploads\/2023\/05\/armenia.png","contentUrl":"https:\/\/talkpal.ai\/wp-content\/uploads\/2023\/05\/armenia.png","width":512,"height":512},{"@type":"BreadcrumbList","@id":"https:\/\/talkpal.ai\/pt-br\/gramatica-armenia\/#breadcrumb","itemListElement":[{"@type":"ListItem","position":1,"name":"Homepage","item":"https:\/\/talkpal.ai\/pt-br\/"},{"@type":"ListItem","position":2,"name":"Gram\u00e1tica Arm\u00eania"}]},{"@type":"WebSite","@id":"https:\/\/talkpal.ai\/pt-br\/#website","url":"https:\/\/talkpal.ai\/pt-br\/","name":"Talkpal","description":"AI Language Learning","publisher":{"@id":"https:\/\/talkpal.ai\/pt-br\/#organization"},"alternateName":"Talkpal AI","potentialAction":[{"@type":"SearchAction","target":{"@type":"EntryPoint","urlTemplate":"https:\/\/talkpal.ai\/pt-br\/?s={search_term_string}"},"query-input":{"@type":"PropertyValueSpecification","valueRequired":true,"valueName":"search_term_string"}}],"inLanguage":"pt-BR"},{"@type":"Organization","@id":"https:\/\/talkpal.ai\/pt-br\/#organization","name":"Talkpal, Inc.","alternateName":"Talkpal AI","url":"https:\/\/talkpal.ai\/pt-br\/","logo":{"@type":"ImageObject","inLanguage":"pt-BR","@id":"https:\/\/talkpal.ai\/pt-br\/#\/schema\/logo\/image\/","url":"https:\/\/talkpal.ai\/wp-content\/uploads\/2024\/03\/Talkpal-Logo-Icon.png","contentUrl":"https:\/\/talkpal.ai\/wp-content\/uploads\/2024\/03\/Talkpal-Logo-Icon.png","width":2880,"height":2880,"caption":"Talkpal, Inc."},"image":{"@id":"https:\/\/talkpal.ai\/pt-br\/#\/schema\/logo\/image\/"},"sameAs":["https:\/\/www.facebook.com\/profile.php?id=100090733639311","https:\/\/x.com\/talkpalai","https:\/\/www.linkedin.com\/company\/talkpal\/","https:\/\/www.youtube.com\/@TalkPal\/","https:\/\/www.tiktok.com\/@talkpal","https:\/\/www.instagram.com\/talkpal_ai\/","https:\/\/www.crunchbase.com\/organization\/talkpal-9cde","https:\/\/www.g2.com\/products\/talkpal-for-business\/","https:\/\/www.trustpilot.com\/review\/talkpal.ai","https:\/\/www.capterra.com\/p\/10006800\/TalkPal\/"],"description":"Talkpal is a language learning web and mobile education app, powered by the latest AI technologies, that provides engaging experiences to its customers in many different languages to help them improve their language skills. Users can chat about unlimited amount of topics with the app and use other modes to practice their language learning.","email":"support@talkpal.ai","legalName":"Talkpal, Inc.","foundingDate":"2023-04-03","duns":"118989042","numberOfEmployees":{"@type":"QuantitativeValue","minValue":"11","maxValue":"50"},"publishingPrinciples":"https:\/\/talkpal.ai\/publishing-principles\/","actionableFeedbackPolicy":"https:\/\/talkpal.ai\/actionable-feedback-policy\/","correctionsPolicy":"https:\/\/talkpal.ai\/corrections-policy\/","ethicsPolicy":"https:\/\/talkpal.ai\/ethics-policy\/","diversityPolicy":"https:\/\/talkpal.ai\/diversity-policy\/","diversityStaffingReport":"https:\/\/talkpal.ai\/diversity-policy\/"}]}},"_links":{"self":[{"href":"https:\/\/talkpal.ai\/pt-br\/wp-json\/wp\/v2\/pages\/140366","targetHints":{"allow":["GET"]}}],"collection":[{"href":"https:\/\/talkpal.ai\/pt-br\/wp-json\/wp\/v2\/pages"}],"about":[{"href":"https:\/\/talkpal.ai\/pt-br\/wp-json\/wp\/v2\/types\/page"}],"author":[{"embeddable":true,"href":"https:\/\/talkpal.ai\/pt-br\/wp-json\/wp\/v2\/users\/1"}],"replies":[{"embeddable":true,"href":"https:\/\/talkpal.ai\/pt-br\/wp-json\/wp\/v2\/comments?post=140366"}],"version-history":[{"count":0,"href":"https:\/\/talkpal.ai\/pt-br\/wp-json\/wp\/v2\/pages\/140366\/revisions"}],"wp:featuredmedia":[{"embeddable":true,"href":"https:\/\/talkpal.ai\/pt-br\/wp-json\/wp\/v2\/media\/109114"}],"wp:attachment":[{"href":"https:\/\/talkpal.ai\/pt-br\/wp-json\/wp\/v2\/media?parent=140366"}],"curies":[{"name":"wp","href":"https:\/\/api.w.org\/{rel}","templated":true}]}}