{"id":134649,"date":"2023-06-16T10:21:59","date_gmt":"2023-06-16T10:21:59","guid":{"rendered":"http:\/\/talkpal.ai\/exercicios-de-gramatica-japonesa\/"},"modified":"2025-12-17T16:55:56","modified_gmt":"2025-12-17T16:55:56","slug":"exercicios-de-gramatica-japonesa","status":"publish","type":"page","link":"https:\/\/talkpal.ai\/pt-br\/exercicios-de-gramatica-japonesa\/","title":{"rendered":"Exerc\u00edcios de Gram\u00e1tica Japonesa"},"content":{"rendered":"\r\n\r\n\r\n<section class=\"languageChallengeSection\">\r\n    <div class=\"languageInfoWrapper\">\r\n        \r\n        <h1>Exerc\u00edcios de Gram\u00e1tica Japonesa<\/h1>\r\n        <p>Voc\u00ea est\u00e1 pronto para levar o seu japon\u00eas para o pr\u00f3ximo n\u00edvel? Praticar exerc\u00edcios de gram\u00e1tica \u00e9 uma maneira fant\u00e1stica de entender os padr\u00f5es das frases, usar part\u00edculas corretamente e se sentir mais \u00e0 vontade com o idioma. Comece a praticar a <a href=\"https:\/\/talkpal.ai\/es\/gramatica-japonesa\/\">gram\u00e1tica japonesa<\/a> hoje mesmo, experimente novos pontos gramaticais e veja <a href=\"https:\/\/talkpal.ai\/locations\/language-courses-in-como\/\">como<\/a> cada exerc\u00edcio aproxima voc\u00ea da flu\u00eancia!<\/p>\r\n\r\n                            <a class=\"getStartedHidden\" href=\"https:\/\/app.talkpal.ai\/pt-br\/signup?lng=\">Come\u00e7a<\/a>\r\n        \r\n    <\/div>\r\n\r\n    <figure>\r\n    <img decoding=\"async\" width=\"768\" height=\"768\" src=\"https:\/\/talkpal.ai\/wp-content\/uploads\/2023\/06\/japanese-768x768.png\" class=\"languageImage no-lazy\" alt=\"Language learning for world travelers\" fetchpriority=\"high\" sizes=\"(max-width: 768px) 150px, 768px\" srcset=\"https:\/\/talkpal.ai\/wp-content\/uploads\/2023\/06\/japanese-768x768.png 768w, https:\/\/talkpal.ai\/wp-content\/uploads\/2023\/06\/japanese-300x300.png 300w\" \/>\r\n    \r\n\r\n    <\/figure>\r\n\r\n            <a class=\"getStartedVisible\" href=\"https:\/\/app.talkpal.ai\/pt-br\/signup?lng=\">Come\u00e7a<\/a>\r\n    \r\n<\/section>\r\n\r\n\r\n<!-- <section class=\"grammarSection\">\r\n    <div class=\"grammarLinks\">\r\n            <\/div>\r\n<\/section> -->\r\n\r\n\r\n\r\n\r\n<section class=\"promotionalBanner\">\r\n    <p class=\"promotionalText\">A maneira mais eficiente de aprender um idioma<\/p>\r\n    <a class=\"promotionalLink\" href=\"https:\/\/app.talkpal.ai\/pt-br\/signup?lng=\">Experimente o Talkpal gratuitamente<\/a>\r\n<\/section>\n<div class=\"wp-block-group pageContainerStyle\"><div class=\"wp-block-group__inner-container is-layout-constrained wp-block-group-is-layout-constrained\">\n<h2 class=\"wp-block-heading\" id=\"h-japanese-grammar-topics\">T\u00f3picos de Gram\u00e1tica Japonesa<\/h2>\n\n\n\n<p><a href=\"https:\/\/talkpal.ai\/pt-pt\/a-melhor-maneira-de-aprender-japones\/\">Aprender japon\u00eas<\/a> pode ser uma experi\u00eancia emocionante e gratificante, pois abre um <a href=\"https:\/\/talkpal.ai\/talkpal-new-years-discount\/\">novo<\/a> mundo de cultura, comunica\u00e7\u00e3o e crescimento pessoal. A l\u00edngua japonesa tem uma estrutura e um sistema gramatical \u00fanicos, que podem parecer assustadores no in\u00edcio, mas podem ser dominados por meio de uma pr\u00e1tica consistente e um <a href=\"https:\/\/talkpal.ai\/locations\/language-courses-in-plano\/\">plano<\/a> de aprendizagem bem organizado. A fim de facilitar sua jornada no mundo do japon\u00eas, agrupamos os t\u00f3picos gramaticais essenciais em uma sequ\u00eancia que o ajudar\u00e1 a construir uma base s\u00f3lida e progredir sem problemas. Ao se concentrar nesses elementos gramaticais, voc\u00ea estar\u00e1 no caminho certo para alcan\u00e7ar a profici\u00eancia em japon\u00eas.<\/p>\n\n\n\n<h3 class=\"wp-block-heading\" id=\"h-1-particles\">1. Part\u00edculas:<\/h3>\n\n\n\n<p>As part\u00edculas s\u00e3o essenciais em japon\u00eas, pois indicam a rela\u00e7\u00e3o entre as palavras de uma frase. Funcionam como preposi\u00e7\u00f5es e posposi\u00e7\u00f5es em outros idiomas. Aprender part\u00edculas como \u306f (wa), \u304c (ga), \u3092 (wo), \u306b (ni), \u3067 (de) e \u3068 (to) ajudar\u00e1 voc\u00ea a formar frases b\u00e1sicas e entender a fun\u00e7\u00e3o de cada palavra.<\/p>\n\n\n\n<h3 class=\"wp-block-heading\" id=\"h-2-nouns\">2. Substantivos:<\/h3>\n\n\n\n<p>Familiarizar-se com substantivos comuns permitir\u00e1 que voc\u00ea comece a construir seu vocabul\u00e1rio. Os substantivos japoneses n\u00e3o t\u00eam g\u00eanero, n\u00famero ou artigos, o que simplifica o processo de aprendizagem.<\/p>\n\n\n\n<h3 class=\"wp-block-heading\" id=\"h-3-pronouns\">3. Pronomes:<\/h3>\n\n\n\n<p>Pronomes japoneses s\u00e3o usados para se referir a pessoas e coisas. Alguns pronomes comuns incluem \u79c1 (watashi &#8211; eu), \u3042\u306a\u305f (anata &#8211; voc\u00ea), \u5f7c (kare &#8211; ele), \u5f7c\u5973 (kanojo &#8211; ela) e \u305d\u308c (sore &#8211; isso).<\/p>\n\n\n\n<h3 class=\"wp-block-heading\" id=\"h-4-verb-conjugation\">4. Conjuga\u00e7\u00e3o de verbos:<\/h3>\n\n\n\n<p>Os verbos japoneses t\u00eam diferentes conjuga\u00e7\u00f5es baseadas no tempo, polidez e outros fatores. Aprender as formas verbais b\u00e1sicas, como a forma do dicion\u00e1rio, a forma -masu e a forma -te, ajudar\u00e1 voc\u00ea a expressar v\u00e1rias a\u00e7\u00f5es e estados.<\/p>\n\n\n\n<h3 class=\"wp-block-heading\" id=\"h-5-tenses\">5. Tempos:<\/h3>\n\n\n\n<p>O japon\u00eas tem tempos passados e n\u00e3o passados, com o \u00faltimo sendo usado para a\u00e7\u00f5es presentes e futuras. Entender como conjugar verbos nesses tempos ajudar\u00e1 voc\u00ea a expressar o tempo com precis\u00e3o.<\/p>\n\n\n\n<h3 class=\"wp-block-heading\" id=\"h-6-adjectives\">6. Adjetivos:<\/h3>\n\n\n\n<p>Os adjetivos japoneses s\u00e3o divididos em dois grupos: i-adjetivos e na-adjetivos. Aprender suas regras de conjuga\u00e7\u00e3o e como us\u00e1-las em frases ajudar\u00e1 voc\u00ea a descrever objetos, pessoas e situa\u00e7\u00f5es.<\/p>\n\n\n\n<h3 class=\"wp-block-heading\" id=\"h-7-adverbs\">7. Adv\u00e9rbios:<\/h3>\n\n\n\n<p>Os adv\u00e9rbios modificam verbos, adjetivos e outros adv\u00e9rbios, adicionando nuances \u00e0s suas frases. Os adv\u00e9rbios japoneses comuns incluem \u901f\u304f (hayaku &#8211; rapidamente), \u3086\u3063\u304f\u308a (yukkuri &#8211; lentamente) e \u3068\u3066\u3082 (totemo &#8211; muito).<\/p>\n\n\n\n<h3 class=\"wp-block-heading\" id=\"h-8-prepositions\">8. Preposi\u00e7\u00f5es:<\/h3>\n\n\n\n<p>Embora o japon\u00eas n\u00e3o tenha preposi\u00e7\u00f5es da mesma forma que o <a href=\"https:\/\/talkpal.ai\/pt-pt\/locations\/aprenda-ingles-em-passos\/\">ingl\u00eas<\/a>, algumas part\u00edculas funcionam de forma semelhante. Aprender essas part\u00edculas e seus usos ajudar\u00e1 voc\u00ea a expressar rela\u00e7\u00f5es espaciais e temporais.<\/p>\n\n\n\n<h3 class=\"wp-block-heading\" id=\"h-9-conjunctions\">9. Conjun\u00e7\u00f5es:<\/h3>\n\n\n\n<p>Conjun\u00e7\u00f5es s\u00e3o usadas para conectar palavras, frases e cl\u00e1usulas. As conjun\u00e7\u00f5es japonesas comuns incluem \u305d\u3057\u3066 (soshite &#8211; e), \u3057\u304b\u3057 (shikashi &#8211; contudo) e \u3060\u304b\u3089 (dakara &#8211; portanto).<\/p>\n\n\n\n<h3 class=\"wp-block-heading\" id=\"h-10-sentence-structure\">10. Estrutura da frase:<\/h3>\n\n\n\n<p>O japon\u00eas segue uma estrutura frasal sujeito-objeto-verbo (SOV). Compreender essa estrutura e outros padr\u00f5es de senten\u00e7as ajudar\u00e1 voc\u00ea a criar frases precisas e complexas.<\/p>\n\n\n\n<h3 class=\"wp-block-heading\" id=\"h-11-honorifics\">11. Honor\u00edficos:<\/h3>\n\n\n\n<p>O japon\u00eas tem um complexo sistema de honor\u00edficos que expressam polidez e respeito. Aprender os fundamentos do discurso honor\u00edfico, como o uso de \u3067\u3059 (desu) e \u307e\u3059 (masu), ir\u00e1 ajud\u00e1-lo a navegar em situa\u00e7\u00f5es sociais.<\/p>\n\n\n\n<h3 class=\"wp-block-heading\" id=\"h-12-expressions\">12. Express\u00f5es:<\/h3>\n\n\n\n<p>Familiarizar-se com express\u00f5es e <a href=\"https:\/\/talkpal.ai\/pt-pt\/grammar\/expressoes-idiomaticas-na-gramatica-japonesa\/\">express\u00f5es idiom\u00e1ticas japonesas<\/a> comuns ajudar\u00e1 voc\u00ea a soar mais natural e fluente na conversa.<\/p>\n\n\n\n<h3 class=\"wp-block-heading\" id=\"h-13-numbers\">13. N\u00fameros:<\/h3>\n\n\n\n<p>O japon\u00eas tem um sistema de n\u00fameros \u00fanico, com contadores diferentes para v\u00e1rios objetos. Aprender a contar e usar n\u00fameros em contexto \u00e9 essencial para a comunica\u00e7\u00e3o di\u00e1ria.<\/p>\n\n\n\n<h3 class=\"wp-block-heading\" id=\"h-14-verbs\">14. Verbos:<\/h3>\n\n\n\n<p>Finalmente, expandir seu vocabul\u00e1rio verbal permitir\u00e1 que voc\u00ea expresse uma ampla gama de a\u00e7\u00f5es e estados, permitindo que voc\u00ea se comunique de forma mais eficaz em japon\u00eas.<\/p>\n<\/div><\/div>\n\r\n<section class=\"learnNavigationSection\">\r\n            \r\n        <a href=\"https:\/\/talkpal.ai\/pt-br\/aprenda-japones\/\">\r\n            <div class=\"learnNavigationWrapper\">\r\n                <div class=\"learnNavigationContent\">\r\n                    <img decoding=\"async\" src=\"https:\/\/talkpal.ai\/wp-content\/uploads\/2024\/08\/Japanese.jpg\" alt=\"Japanese Flag\">\r\n                    <div>\r\n                        <h4>Sobre o aprendizado de japon\u00eas<\/h4>\r\n                        <p>Saiba tudo sobre a gram\u00e1tica japonesa.<\/p>\r\n                    <\/div>\r\n                <\/div>\r\n            <\/div>\r\n        <\/a>\r\n\r\n        \r\n        <a href=\"https:\/\/talkpal.ai\/pt-br\/gramatica-japonesa\/\">\r\n            <div class=\"learnNavigationWrapper\">\r\n                <div class=\"learnNavigationContent\">\r\n                    <img decoding=\"async\" src=\"https:\/\/talkpal.ai\/wp-content\/uploads\/2024\/08\/Japanese.jpg\" alt=\"Japanese Flag\">\r\n                    <div>\r\n                        <h4>Aulas de gram\u00e1tica japonesa<\/h4>\r\n                        <p>Pratique a gram\u00e1tica japonesa.<\/p>\r\n                    <\/div>\r\n                <\/div>\r\n            <\/div>\r\n        <\/a>\r\n\r\n        \r\n        <a href=\"https:\/\/talkpal.ai\/vocabulary_language\/japanese\/\">\r\n            <div class=\"learnNavigationWrapper\">\r\n                <div class=\"learnNavigationContent\">\r\n                    <img decoding=\"async\" src=\"https:\/\/talkpal.ai\/wp-content\/uploads\/2024\/08\/Japanese.jpg\" alt=\"Japanese Flag\">\r\n                    <div>\r\n                        <h4>Vocabul\u00e1rio japon\u00eas<\/h4>\r\n                        <p>Amplie seu vocabul\u00e1rio de japon\u00eas.<\/p>\r\n                    <\/div>\r\n                <\/div>\r\n            <\/div>\r\n        <\/a>\r\n\r\n            <\/section>","protected":false},"excerpt":{"rendered":"<p>T\u00f3picos de Gram\u00e1tica Japonesa Aprender japon\u00eas pode ser uma experi\u00eancia emocionante e gratificante, pois abre um novo mundo de cultura, comunica\u00e7\u00e3o e crescimento pessoal. A l\u00edngua japonesa tem uma estrutura e um sistema gramatical \u00fanicos, que podem parecer assustadores no in\u00edcio, mas podem ser dominados por meio de uma pr\u00e1tica consistente e um plano de [&hellip;]<\/p>\n","protected":false},"author":6,"featured_media":107308,"parent":0,"menu_order":0,"comment_status":"closed","ping_status":"closed","template":"LearningContentPage.php","meta":{"_acf_changed":false,"footnotes":""},"class_list":["post-134649","page","type-page","status-publish","has-post-thumbnail","hentry"],"acf":[],"yoast_head":"<!-- This site is optimized with the Yoast SEO Premium plugin v27.2 (Yoast SEO v27.2) - https:\/\/yoast.com\/product\/yoast-seo-premium-wordpress\/ -->\n<title>Exerc\u00edcios de Gram\u00e1tica Japonesa - Talkpal<\/title>\n<meta name=\"description\" content=\"Aprimore suas habilidades gramaticais em japon\u00eas - domine as estruturas das frases, pratique atividades interativas e aumente a flu\u00eancia\" \/>\n<meta name=\"robots\" content=\"index, follow, max-snippet:-1, max-image-preview:large, max-video-preview:-1\" \/>\n<link rel=\"canonical\" href=\"https:\/\/talkpal.ai\/pt-br\/exercicios-de-gramatica-japonesa\/\" \/>\n<meta property=\"og:locale\" content=\"pt_BR\" \/>\n<meta property=\"og:type\" content=\"article\" \/>\n<meta property=\"og:title\" content=\"Exerc\u00edcios de Gram\u00e1tica Japonesa\" \/>\n<meta property=\"og:description\" content=\"T\u00f3picos de Gram\u00e1tica Japonesa Aprender japon\u00eas pode ser uma experi\u00eancia emocionante e gratificante, pois abre um novo mundo de cultura, comunica\u00e7\u00e3o e\" \/>\n<meta property=\"og:url\" content=\"https:\/\/talkpal.ai\/pt-br\/exercicios-de-gramatica-japonesa\/\" \/>\n<meta property=\"og:site_name\" content=\"Talkpal\" \/>\n<meta property=\"article:publisher\" content=\"https:\/\/www.facebook.com\/profile.php?id=100090733639311\" \/>\n<meta property=\"article:modified_time\" content=\"2025-12-17T16:55:56+00:00\" \/>\n<meta property=\"og:image\" content=\"https:\/\/talkpal.ai\/wp-content\/uploads\/2023\/04\/japan.png\" \/>\n\t<meta property=\"og:image:width\" content=\"512\" \/>\n\t<meta property=\"og:image:height\" content=\"512\" \/>\n\t<meta property=\"og:image:type\" content=\"image\/png\" \/>\n<meta name=\"twitter:card\" content=\"summary_large_image\" \/>\n<meta name=\"twitter:site\" content=\"@talkpalai\" \/>\n<meta name=\"twitter:label1\" content=\"Est. tempo de leitura\" \/>\n\t<meta name=\"twitter:data1\" content=\"3 minutos\" \/>\n<script type=\"application\/ld+json\" class=\"yoast-schema-graph\">{\"@context\":\"https:\/\/schema.org\",\"@graph\":[{\"@type\":\"WebPage\",\"@id\":\"https:\/\/talkpal.ai\/pt-br\/exercicios-de-gramatica-japonesa\/\",\"url\":\"https:\/\/talkpal.ai\/pt-br\/exercicios-de-gramatica-japonesa\/\",\"name\":\"Exerc\u00edcios de Gram\u00e1tica Japonesa - Talkpal\",\"isPartOf\":{\"@id\":\"https:\/\/talkpal.ai\/pt-br\/#website\"},\"primaryImageOfPage\":{\"@id\":\"https:\/\/talkpal.ai\/pt-br\/exercicios-de-gramatica-japonesa\/#primaryimage\"},\"image\":{\"@id\":\"https:\/\/talkpal.ai\/pt-br\/exercicios-de-gramatica-japonesa\/#primaryimage\"},\"thumbnailUrl\":\"https:\/\/talkpal.ai\/wp-content\/uploads\/2023\/04\/japan.png\",\"datePublished\":\"2023-06-16T10:21:59+00:00\",\"dateModified\":\"2025-12-17T16:55:56+00:00\",\"description\":\"Aprimore suas habilidades gramaticais em japon\u00eas - domine as estruturas das frases, pratique atividades interativas e aumente a flu\u00eancia\",\"breadcrumb\":{\"@id\":\"https:\/\/talkpal.ai\/pt-br\/exercicios-de-gramatica-japonesa\/#breadcrumb\"},\"inLanguage\":\"pt-BR\",\"potentialAction\":[{\"@type\":\"ReadAction\",\"target\":[\"https:\/\/talkpal.ai\/pt-br\/exercicios-de-gramatica-japonesa\/\"]}]},{\"@type\":\"ImageObject\",\"inLanguage\":\"pt-BR\",\"@id\":\"https:\/\/talkpal.ai\/pt-br\/exercicios-de-gramatica-japonesa\/#primaryimage\",\"url\":\"https:\/\/talkpal.ai\/wp-content\/uploads\/2023\/04\/japan.png\",\"contentUrl\":\"https:\/\/talkpal.ai\/wp-content\/uploads\/2023\/04\/japan.png\",\"width\":512,\"height\":512},{\"@type\":\"BreadcrumbList\",\"@id\":\"https:\/\/talkpal.ai\/pt-br\/exercicios-de-gramatica-japonesa\/#breadcrumb\",\"itemListElement\":[{\"@type\":\"ListItem\",\"position\":1,\"name\":\"Homepage\",\"item\":\"https:\/\/talkpal.ai\/pt-br\/\"},{\"@type\":\"ListItem\",\"position\":2,\"name\":\"Exerc\u00edcios de Gram\u00e1tica Japonesa\"}]},{\"@type\":\"WebSite\",\"@id\":\"https:\/\/talkpal.ai\/pt-br\/#website\",\"url\":\"https:\/\/talkpal.ai\/pt-br\/\",\"name\":\"Talkpal\",\"description\":\"AI Language Learning\",\"publisher\":{\"@id\":\"https:\/\/talkpal.ai\/pt-br\/#organization\"},\"alternateName\":\"Talkpal AI\",\"potentialAction\":[{\"@type\":\"SearchAction\",\"target\":{\"@type\":\"EntryPoint\",\"urlTemplate\":\"https:\/\/talkpal.ai\/pt-br\/?s={search_term_string}\"},\"query-input\":{\"@type\":\"PropertyValueSpecification\",\"valueRequired\":true,\"valueName\":\"search_term_string\"}}],\"inLanguage\":\"pt-BR\"},{\"@type\":\"Organization\",\"@id\":\"https:\/\/talkpal.ai\/pt-br\/#organization\",\"name\":\"Talkpal, Inc.\",\"alternateName\":\"Talkpal AI\",\"url\":\"https:\/\/talkpal.ai\/pt-br\/\",\"logo\":{\"@type\":\"ImageObject\",\"inLanguage\":\"pt-BR\",\"@id\":\"https:\/\/talkpal.ai\/pt-br\/#\/schema\/logo\/image\/\",\"url\":\"https:\/\/talkpal.ai\/wp-content\/uploads\/2024\/03\/Talkpal-Logo-Icon.png\",\"contentUrl\":\"https:\/\/talkpal.ai\/wp-content\/uploads\/2024\/03\/Talkpal-Logo-Icon.png\",\"width\":2880,\"height\":2880,\"caption\":\"Talkpal, Inc.\"},\"image\":{\"@id\":\"https:\/\/talkpal.ai\/pt-br\/#\/schema\/logo\/image\/\"},\"sameAs\":[\"https:\/\/www.facebook.com\/profile.php?id=100090733639311\",\"https:\/\/x.com\/talkpalai\",\"https:\/\/www.linkedin.com\/company\/talkpal\/\",\"https:\/\/www.youtube.com\/@TalkPal\/\",\"https:\/\/www.tiktok.com\/@talkpal\",\"https:\/\/www.instagram.com\/talkpal_ai\/\",\"https:\/\/www.crunchbase.com\/organization\/talkpal-9cde\",\"https:\/\/www.g2.com\/products\/talkpal-for-business\/\",\"https:\/\/www.trustpilot.com\/review\/talkpal.ai\",\"https:\/\/www.capterra.com\/p\/10006800\/TalkPal\/\"],\"description\":\"Talkpal is a language learning web and mobile education app, powered by the latest AI technologies, that provides engaging experiences to its customers in many different languages to help them improve their language skills. Users can chat about unlimited amount of topics with the app and use other modes to practice their language learning.\",\"email\":\"support@talkpal.ai\",\"legalName\":\"Talkpal, Inc.\",\"foundingDate\":\"2023-04-03\",\"duns\":\"118989042\",\"numberOfEmployees\":{\"@type\":\"QuantitativeValue\",\"minValue\":\"11\",\"maxValue\":\"50\"},\"publishingPrinciples\":\"https:\/\/talkpal.ai\/publishing-principles\/\",\"actionableFeedbackPolicy\":\"https:\/\/talkpal.ai\/actionable-feedback-policy\/\",\"correctionsPolicy\":\"https:\/\/talkpal.ai\/corrections-policy\/\",\"ethicsPolicy\":\"https:\/\/talkpal.ai\/ethics-policy\/\",\"diversityPolicy\":\"https:\/\/talkpal.ai\/diversity-policy\/\",\"diversityStaffingReport\":\"https:\/\/talkpal.ai\/diversity-policy\/\"}]}<\/script>\n<!-- \/ Yoast SEO Premium plugin. -->","yoast_head_json":{"title":"Exerc\u00edcios de Gram\u00e1tica Japonesa - Talkpal","description":"Aprimore suas habilidades gramaticais em japon\u00eas - domine as estruturas das frases, pratique atividades interativas e aumente a flu\u00eancia","robots":{"index":"index","follow":"follow","max-snippet":"max-snippet:-1","max-image-preview":"max-image-preview:large","max-video-preview":"max-video-preview:-1"},"canonical":"https:\/\/talkpal.ai\/pt-br\/exercicios-de-gramatica-japonesa\/","og_locale":"pt_BR","og_type":"article","og_title":"Exerc\u00edcios de Gram\u00e1tica Japonesa","og_description":"T\u00f3picos de Gram\u00e1tica Japonesa Aprender japon\u00eas pode ser uma experi\u00eancia emocionante e gratificante, pois abre um novo mundo de cultura, comunica\u00e7\u00e3o e","og_url":"https:\/\/talkpal.ai\/pt-br\/exercicios-de-gramatica-japonesa\/","og_site_name":"Talkpal","article_publisher":"https:\/\/www.facebook.com\/profile.php?id=100090733639311","article_modified_time":"2025-12-17T16:55:56+00:00","og_image":[{"width":512,"height":512,"url":"https:\/\/talkpal.ai\/wp-content\/uploads\/2023\/04\/japan.png","type":"image\/png"}],"twitter_card":"summary_large_image","twitter_site":"@talkpalai","twitter_misc":{"Est. tempo de leitura":"3 minutos"},"schema":{"@context":"https:\/\/schema.org","@graph":[{"@type":"WebPage","@id":"https:\/\/talkpal.ai\/pt-br\/exercicios-de-gramatica-japonesa\/","url":"https:\/\/talkpal.ai\/pt-br\/exercicios-de-gramatica-japonesa\/","name":"Exerc\u00edcios de Gram\u00e1tica Japonesa - Talkpal","isPartOf":{"@id":"https:\/\/talkpal.ai\/pt-br\/#website"},"primaryImageOfPage":{"@id":"https:\/\/talkpal.ai\/pt-br\/exercicios-de-gramatica-japonesa\/#primaryimage"},"image":{"@id":"https:\/\/talkpal.ai\/pt-br\/exercicios-de-gramatica-japonesa\/#primaryimage"},"thumbnailUrl":"https:\/\/talkpal.ai\/wp-content\/uploads\/2023\/04\/japan.png","datePublished":"2023-06-16T10:21:59+00:00","dateModified":"2025-12-17T16:55:56+00:00","description":"Aprimore suas habilidades gramaticais em japon\u00eas - domine as estruturas das frases, pratique atividades interativas e aumente a flu\u00eancia","breadcrumb":{"@id":"https:\/\/talkpal.ai\/pt-br\/exercicios-de-gramatica-japonesa\/#breadcrumb"},"inLanguage":"pt-BR","potentialAction":[{"@type":"ReadAction","target":["https:\/\/talkpal.ai\/pt-br\/exercicios-de-gramatica-japonesa\/"]}]},{"@type":"ImageObject","inLanguage":"pt-BR","@id":"https:\/\/talkpal.ai\/pt-br\/exercicios-de-gramatica-japonesa\/#primaryimage","url":"https:\/\/talkpal.ai\/wp-content\/uploads\/2023\/04\/japan.png","contentUrl":"https:\/\/talkpal.ai\/wp-content\/uploads\/2023\/04\/japan.png","width":512,"height":512},{"@type":"BreadcrumbList","@id":"https:\/\/talkpal.ai\/pt-br\/exercicios-de-gramatica-japonesa\/#breadcrumb","itemListElement":[{"@type":"ListItem","position":1,"name":"Homepage","item":"https:\/\/talkpal.ai\/pt-br\/"},{"@type":"ListItem","position":2,"name":"Exerc\u00edcios de Gram\u00e1tica Japonesa"}]},{"@type":"WebSite","@id":"https:\/\/talkpal.ai\/pt-br\/#website","url":"https:\/\/talkpal.ai\/pt-br\/","name":"Talkpal","description":"AI Language Learning","publisher":{"@id":"https:\/\/talkpal.ai\/pt-br\/#organization"},"alternateName":"Talkpal AI","potentialAction":[{"@type":"SearchAction","target":{"@type":"EntryPoint","urlTemplate":"https:\/\/talkpal.ai\/pt-br\/?s={search_term_string}"},"query-input":{"@type":"PropertyValueSpecification","valueRequired":true,"valueName":"search_term_string"}}],"inLanguage":"pt-BR"},{"@type":"Organization","@id":"https:\/\/talkpal.ai\/pt-br\/#organization","name":"Talkpal, Inc.","alternateName":"Talkpal AI","url":"https:\/\/talkpal.ai\/pt-br\/","logo":{"@type":"ImageObject","inLanguage":"pt-BR","@id":"https:\/\/talkpal.ai\/pt-br\/#\/schema\/logo\/image\/","url":"https:\/\/talkpal.ai\/wp-content\/uploads\/2024\/03\/Talkpal-Logo-Icon.png","contentUrl":"https:\/\/talkpal.ai\/wp-content\/uploads\/2024\/03\/Talkpal-Logo-Icon.png","width":2880,"height":2880,"caption":"Talkpal, Inc."},"image":{"@id":"https:\/\/talkpal.ai\/pt-br\/#\/schema\/logo\/image\/"},"sameAs":["https:\/\/www.facebook.com\/profile.php?id=100090733639311","https:\/\/x.com\/talkpalai","https:\/\/www.linkedin.com\/company\/talkpal\/","https:\/\/www.youtube.com\/@TalkPal\/","https:\/\/www.tiktok.com\/@talkpal","https:\/\/www.instagram.com\/talkpal_ai\/","https:\/\/www.crunchbase.com\/organization\/talkpal-9cde","https:\/\/www.g2.com\/products\/talkpal-for-business\/","https:\/\/www.trustpilot.com\/review\/talkpal.ai","https:\/\/www.capterra.com\/p\/10006800\/TalkPal\/"],"description":"Talkpal is a language learning web and mobile education app, powered by the latest AI technologies, that provides engaging experiences to its customers in many different languages to help them improve their language skills. Users can chat about unlimited amount of topics with the app and use other modes to practice their language learning.","email":"support@talkpal.ai","legalName":"Talkpal, Inc.","foundingDate":"2023-04-03","duns":"118989042","numberOfEmployees":{"@type":"QuantitativeValue","minValue":"11","maxValue":"50"},"publishingPrinciples":"https:\/\/talkpal.ai\/publishing-principles\/","actionableFeedbackPolicy":"https:\/\/talkpal.ai\/actionable-feedback-policy\/","correctionsPolicy":"https:\/\/talkpal.ai\/corrections-policy\/","ethicsPolicy":"https:\/\/talkpal.ai\/ethics-policy\/","diversityPolicy":"https:\/\/talkpal.ai\/diversity-policy\/","diversityStaffingReport":"https:\/\/talkpal.ai\/diversity-policy\/"}]}},"_links":{"self":[{"href":"https:\/\/talkpal.ai\/pt-br\/wp-json\/wp\/v2\/pages\/134649","targetHints":{"allow":["GET"]}}],"collection":[{"href":"https:\/\/talkpal.ai\/pt-br\/wp-json\/wp\/v2\/pages"}],"about":[{"href":"https:\/\/talkpal.ai\/pt-br\/wp-json\/wp\/v2\/types\/page"}],"author":[{"embeddable":true,"href":"https:\/\/talkpal.ai\/pt-br\/wp-json\/wp\/v2\/users\/6"}],"replies":[{"embeddable":true,"href":"https:\/\/talkpal.ai\/pt-br\/wp-json\/wp\/v2\/comments?post=134649"}],"version-history":[{"count":0,"href":"https:\/\/talkpal.ai\/pt-br\/wp-json\/wp\/v2\/pages\/134649\/revisions"}],"wp:featuredmedia":[{"embeddable":true,"href":"https:\/\/talkpal.ai\/pt-br\/wp-json\/wp\/v2\/media\/107308"}],"wp:attachment":[{"href":"https:\/\/talkpal.ai\/pt-br\/wp-json\/wp\/v2\/media?parent=134649"}],"curies":[{"name":"wp","href":"https:\/\/api.w.org\/{rel}","templated":true}]}}