{"id":132485,"date":"2023-06-16T09:31:38","date_gmt":"2023-06-16T09:31:38","guid":{"rendered":"http:\/\/talkpal.ai\/exercicios-de-gramatica-arabe\/"},"modified":"2025-05-22T20:15:47","modified_gmt":"2025-05-22T20:15:47","slug":"exercicios-de-gramatica-arabe","status":"publish","type":"page","link":"https:\/\/talkpal.ai\/pt-br\/exercicios-de-gramatica-arabe\/","title":{"rendered":"Exerc\u00edcios de Gram\u00e1tica \u00c1rabe"},"content":{"rendered":"\r\n\r\n\r\n<section class=\"languageChallengeSection\">\r\n    <div class=\"languageInfoWrapper\">\r\n        \r\n        <h1>Exerc\u00edcios de Gram\u00e1tica \u00c1rabe<\/h1>\r\n        <p>Voc\u00ea est\u00e1 pronto para aprimorar suas habilidades em \u00e1rabe? A pr\u00e1tica de exerc\u00edcios gramaticais \u00e9 essencial para que voc\u00ea domine a estrutura das frases, as formas verbais e os padr\u00f5es exclusivos do idioma \u00e1rabe. Concentre-se nesses exerc\u00edcios para aumentar sua confian\u00e7a, expandir seu vocabul\u00e1rio e tornar muito mais f\u00e1cil se expressar em \u00e1rabe. Comece a praticar hoje mesmo e veja suas habilidades no idioma crescerem!<\/p>\r\n\r\n                            <a class=\"getStartedHidden\" href=\"https:\/\/app.talkpal.ai\/pt-br\/signup?lng=\">Come\u00e7a<\/a>\r\n        \r\n    <\/div>\r\n\r\n    <figure>\r\n    <img decoding=\"async\" width=\"768\" height=\"768\" src=\"https:\/\/talkpal.ai\/wp-content\/uploads\/2023\/06\/arabic-768x768.png\" class=\"languageImage no-lazy\" alt=\"Language learning for linguistic diversity\" fetchpriority=\"high\" sizes=\"(max-width: 768px) 150px, 768px\" srcset=\"https:\/\/talkpal.ai\/wp-content\/uploads\/2023\/06\/arabic-768x768.png 768w, https:\/\/talkpal.ai\/wp-content\/uploads\/2023\/06\/arabic-300x300.png 300w\" \/>\r\n    \r\n\r\n    <\/figure>\r\n\r\n            <a class=\"getStartedVisible\" href=\"https:\/\/app.talkpal.ai\/pt-br\/signup?lng=\">Come\u00e7a<\/a>\r\n    \r\n<\/section>\r\n\r\n\r\n<!-- <section class=\"grammarSection\">\r\n    <div class=\"grammarLinks\">\r\n            <\/div>\r\n<\/section> -->\r\n\r\n\r\n\r\n\r\n<section class=\"promotionalBanner\">\r\n    <p class=\"promotionalText\">A maneira mais eficiente de aprender um idioma<\/p>\r\n    <a class=\"promotionalLink\" href=\"https:\/\/app.talkpal.ai\/pt-br\/signup?lng=\">Experimente o Talkpal gratuitamente<\/a>\r\n<\/section>\n<div class=\"wp-block-group pageContainerStyle\"><div class=\"wp-block-group__inner-container is-layout-constrained wp-block-group-is-layout-constrained\">\n<h2 class=\"wp-block-heading\" id=\"h-arabic-grammar-topics\">T\u00f3picos de gram\u00e1tica \u00e1rabe<\/h2>\n\n\n\n<p>A l\u00edngua \u00e1rabe, com sua rica hist\u00f3ria e significado cultural, \u00e9 um esfor\u00e7o fascinante e gratificante para os <a href=\"https:\/\/talkpal.ai\/talkpal-discount-for-students\/\">estudantes<\/a> de l\u00ednguas. <a href=\"https:\/\/talkpal.ai\/locations\/language-courses-in-como\/\">Como<\/a> uma das seis l\u00ednguas oficiais das Na\u00e7\u00f5es Unidas e falada por mais de 420 milh\u00f5es de pessoas em todo o mundo, <a href=\"https:\/\/talkpal.ai\/pt-pt\/aprender-arabe\/\">aprender \u00e1rabe<\/a> abre oportunidades para comunica\u00e7\u00e3o e compreens\u00e3o globais. No entanto, dominar a l\u00edngua requer uma compreens\u00e3o completa de suas regras e estruturas gramaticais \u00fanicas. Neste artigo, exploraremos os t\u00f3picos essenciais da <a href=\"https:\/\/talkpal.ai\/pt-pt\/o-que-ha-de-especial-na-gramatica-arabe\/\">gram\u00e1tica \u00e1rabe<\/a> que ajudar\u00e3o voc\u00ea a construir uma base s\u00f3lida na l\u00edngua, desde tempos b\u00e1sicos e conjuga\u00e7\u00f5es verbais at\u00e9 estruturas penais nominais e verbais mais complexas.<\/p>\n\n\n\n<h3 class=\"wp-block-heading\" id=\"h-1-tenses-indicative\">1. Tempos Indicativos:<\/h3>\n\n\n\n<p>O tempo indicativo \u00e9 usado para expressar a\u00e7\u00f5es ou estados no <a href=\"https:\/\/talkpal.ai\/zh-hans\/grammar_exercises\/presente-%e8%a5%bf%e7%8f%ad%e7%89%99%e8%af%ad%e6%b3%95%e7%bb%83%e4%b9%a0\/\">presente<\/a>, passado ou <a href=\"https:\/\/talkpal.ai\/ja\/grammar_exercises\/futuro-%e3%82%b9%e3%83%9a%e3%82%a4%e3%83%b3%e8%aa%9e%e3%81%ae%e6%96%87%e6%b3%95%e3%81%ae%e6%bc%94%e7%bf%92\/\">futuro<\/a>. Em \u00e1rabe, a conjuga\u00e7\u00e3o do verbo muda com base no tempo. Comece aprendendo as conjuga\u00e7\u00f5es b\u00e1sicas para verbos regulares e familiarize-se com os diferentes padr\u00f5es para os tempos presente, passado e futuro.<\/p>\n\n\n\n<h3 class=\"wp-block-heading\" id=\"h-2-tenses-subjunctive\">2. Tempos Subjuntivos:<\/h3>\n\n\n\n<p>O tempo subjuntivo \u00e9 usado para expressar incerteza, d\u00favida ou desejo. \u00c9 fundamental que voc\u00ea aprenda as conjuga\u00e7\u00f5es verbais espec\u00edficas e <a href=\"https:\/\/talkpal.ai\/locations\/language-courses-in-como\/\">como<\/a> elas diferem do tempo indicativo. Isso ajudar\u00e1 voc\u00ea a transmitir pensamentos e sentimentos mais sutis em sua comunica\u00e7\u00e3o.<\/p>\n\n\n\n<h3 class=\"wp-block-heading\" id=\"h-3-tense-comparison\">3. Compara\u00e7\u00e3o tensa:<\/h3>\n\n\n\n<p>Compreender as diferen\u00e7as entre os tempos indicativo e subjuntivo \u00e9 vital. Concentre-se em como as conjuga\u00e7\u00f5es verbais s\u00e3o modificadas e o contexto em que cada tempo \u00e9 usado.<\/p>\n\n\n\n<h3 class=\"wp-block-heading\" id=\"h-4-verbs\">4. Verbos:<\/h3>\n\n\n\n<p>Os verbos \u00e1rabes s\u00e3o categorizados em diferentes formas com base em suas letras e padr\u00f5es de raiz. Aprenda as dez formas b\u00e1sicas de verbos e suas regras de conjuga\u00e7\u00e3o, que ajudar\u00e3o voc\u00ea a reconhecer e usar verbos corretamente em v\u00e1rias situa\u00e7\u00f5es.<\/p>\n\n\n\n<h3 class=\"wp-block-heading\" id=\"h-5-nouns\">5. Substantivos:<\/h3>\n\n\n\n<p>Os substantivos \u00e1rabes s\u00e3o masculinos ou femininos, e suas termina\u00e7\u00f5es mudam com base em seu papel gramatical em uma frase. Aprenda os diferentes padr\u00f5es de substantivos e como eles s\u00e3o afetados por marca\u00e7\u00f5es de mai\u00fasculas e min\u00fasculas e outros elementos gramaticais.<\/p>\n\n\n\n<h3 class=\"wp-block-heading\" id=\"h-6-articles\">6. Artigos:<\/h3>\n\n\n\n<p>O \u00e1rabe tem artigos definidos e indefinidos, que desempenham um papel crucial na identifica\u00e7\u00e3o de substantivos. Aprenda as regras e o uso do artigo definido &#8220;al-&#8221; e a aus\u00eancia de um artigo indefinido em \u00e1rabe.<\/p>\n\n\n\n<h3 class=\"wp-block-heading\" id=\"h-7-definite-and-indefinite-articles\">7. Artigos Definidos e Indefinidos:<\/h3>\n\n\n\n<p>Como mencionado anteriormente, entender o uso de artigos definidos e indefinidos em \u00e1rabe \u00e9 essencial. Pratique us\u00e1-los em frases com substantivos diferentes para fortalecer sua compreens\u00e3o do conceito.<\/p>\n\n\n\n<h3 class=\"wp-block-heading\" id=\"h-8-pronouns\">8. Pronomes:<\/h3>\n\n\n\n<p>Os pronomes \u00e1rabes s\u00e3o divididos em pronomes pessoais, demonstrativos e relativos. Aprenda suas formas e uso, bem como as regras para anex\u00e1-los a verbos, substantivos e preposi\u00e7\u00f5es.<\/p>\n\n\n\n<h3 class=\"wp-block-heading\" id=\"h-9-adjectives\">9. Adjetivos:<\/h3>\n\n\n\n<p>Os adjetivos em \u00e1rabe concordam com os substantivos que modificam em g\u00eanero e n\u00famero. Aprenda as regras para concord\u00e2ncia de adjetivos e os padr\u00f5es b\u00e1sicos de adjetivos.<\/p>\n\n\n\n<h3 class=\"wp-block-heading\" id=\"h-10-adverbs\">10. Adv\u00e9rbios:<\/h3>\n\n\n\n<p>Familiarize-se com adv\u00e9rbios \u00e1rabes comuns e sua coloca\u00e7\u00e3o em frases. Compreender a fun\u00e7\u00e3o dos adv\u00e9rbios ir\u00e1 ajud\u00e1-lo a transmitir informa\u00e7\u00f5es mais detalhadas em sua comunica\u00e7\u00e3o.<\/p>\n\n\n\n<h3 class=\"wp-block-heading\" id=\"h-11-prepositions\">11. Preposi\u00e7\u00f5es:<\/h3>\n\n\n\n<p>As preposi\u00e7\u00f5es \u00e1rabes s\u00e3o essenciais para conectar palavras e frases e expressar rela\u00e7\u00f5es entre elas. Aprenda as v\u00e1rias preposi\u00e7\u00f5es e seu uso em frases.<\/p>\n\n\n\n<h3 class=\"wp-block-heading\" id=\"h-12-idaafa-genitive-construction\">12. Idaafa (Constru\u00e7\u00e3o Genitiva):<\/h3>\n\n\n\n<p>A constru\u00e7\u00e3o Idaafa \u00e9 usada para expressar possess\u00e3o ou rela\u00e7\u00f5es entre substantivos. Aprenda as regras e padr\u00f5es para formar constru\u00e7\u00f5es Idaafa, que s\u00e3o parte integrante da gram\u00e1tica \u00e1rabe.<\/p>\n\n\n\n<h3 class=\"wp-block-heading\" id=\"h-13-sentence-structure\">13. Estrutura da frase:<\/h3>\n\n\n\n<p>As frases \u00e1rabes podem ser nominais ou verbais. Aprenda a estrutura b\u00e1sica de ambos os tipos de senten\u00e7as e pratique a forma\u00e7\u00e3o de senten\u00e7as com diferentes componentes.<\/p>\n\n\n\n<h3 class=\"wp-block-heading\" id=\"h-14-nominal-and-verbal-sentences\">14. Senten\u00e7as Nominais e Verbaias:<\/h3>\n\n\n\n<p>Aprofunde-se nas diferen\u00e7as entre senten\u00e7as nominais e verbais e aprenda a us\u00e1-las de forma eficaz em v\u00e1rios contextos.<\/p>\n\n\n\n<h3 class=\"wp-block-heading\" id=\"h-15-subject-and-predicate-in-arabic\">15. Assunto e Predicado em \u00e1rabe:<\/h3>\n\n\n\n<p>Compreender os pap\u00e9is do sujeito e do predicado em frases \u00e1rabes \u00e9 fundamental para uma comunica\u00e7\u00e3o eficaz. Aprenda as regras para identificar e usar sujeitos e predicados em diferentes tipos de frases.<\/p>\n<\/div><\/div>\n\r\n<section class=\"learnNavigationSection\">\r\n            \r\n        <a href=\"https:\/\/talkpal.ai\/pt-br\/aprenda-arabe\/\">\r\n            <div class=\"learnNavigationWrapper\">\r\n                <div class=\"learnNavigationContent\">\r\n                    <img decoding=\"async\" src=\"https:\/\/talkpal.ai\/wp-content\/uploads\/2024\/08\/Arabic.jpg\" alt=\"Arabic Flag\">\r\n                    <div>\r\n                        <h4>Sobre o aprendizado de \u00e1rabe<\/h4>\r\n                        <p>Saiba tudo sobre a gram\u00e1tica \u00e1rabe.<\/p>\r\n                    <\/div>\r\n                <\/div>\r\n            <\/div>\r\n        <\/a>\r\n\r\n        \r\n        <a href=\"https:\/\/talkpal.ai\/pt-br\/gramatica-arabe\/\">\r\n            <div class=\"learnNavigationWrapper\">\r\n                <div class=\"learnNavigationContent\">\r\n                    <img decoding=\"async\" src=\"https:\/\/talkpal.ai\/wp-content\/uploads\/2024\/08\/Arabic.jpg\" alt=\"Arabic Flag\">\r\n                    <div>\r\n                        <h4>Aulas de Gram\u00e1tica \u00c1rabe<\/h4>\r\n                        <p>Pratique a gram\u00e1tica \u00e1rabe.<\/p>\r\n                    <\/div>\r\n                <\/div>\r\n            <\/div>\r\n        <\/a>\r\n\r\n        \r\n        <a href=\"https:\/\/talkpal.ai\/vocabulary_language\/arabic\/\">\r\n            <div class=\"learnNavigationWrapper\">\r\n                <div class=\"learnNavigationContent\">\r\n                    <img decoding=\"async\" src=\"https:\/\/talkpal.ai\/wp-content\/uploads\/2024\/08\/Arabic.jpg\" alt=\"Arabic Flag\">\r\n                    <div>\r\n                        <h4>Vocabul\u00e1rio \u00e1rabe<\/h4>\r\n                        <p>Amplie seu vocabul\u00e1rio em \u00e1rabe.<\/p>\r\n                    <\/div>\r\n                <\/div>\r\n            <\/div>\r\n        <\/a>\r\n\r\n            <\/section>","protected":false},"excerpt":{"rendered":"<p>T\u00f3picos de gram\u00e1tica \u00e1rabe A l\u00edngua \u00e1rabe, com sua rica hist\u00f3ria e significado cultural, \u00e9 um esfor\u00e7o fascinante e gratificante para os estudantes de l\u00ednguas. Como uma das seis l\u00ednguas oficiais das Na\u00e7\u00f5es Unidas e falada por mais de 420 milh\u00f5es de pessoas em todo o mundo, aprender \u00e1rabe abre oportunidades para comunica\u00e7\u00e3o e compreens\u00e3o [&hellip;]<\/p>\n","protected":false},"author":6,"featured_media":105908,"parent":0,"menu_order":0,"comment_status":"closed","ping_status":"closed","template":"LearningContentPage.php","meta":{"_acf_changed":false,"footnotes":""},"class_list":["post-132485","page","type-page","status-publish","has-post-thumbnail","hentry"],"acf":[],"yoast_head":"<!-- This site is optimized with the Yoast SEO Premium plugin v27.2 (Yoast SEO v27.2) - https:\/\/yoast.com\/product\/yoast-seo-premium-wordpress\/ -->\n<title>Exerc\u00edcios de Gram\u00e1tica \u00c1rabe - Talkpal<\/title>\n<meta name=\"description\" content=\"Melhore sua compreens\u00e3o com exerc\u00edcios de gram\u00e1tica \u00e1rabe que abrangem regras e estruturas essenciais para voc\u00ea dominar o idioma.\" \/>\n<meta name=\"robots\" content=\"index, follow, max-snippet:-1, max-image-preview:large, max-video-preview:-1\" \/>\n<link rel=\"canonical\" href=\"https:\/\/talkpal.ai\/pt-br\/exercicios-de-gramatica-arabe\/\" \/>\n<meta property=\"og:locale\" content=\"pt_BR\" \/>\n<meta property=\"og:type\" content=\"article\" \/>\n<meta property=\"og:title\" content=\"Exerc\u00edcios de Gram\u00e1tica \u00c1rabe\" \/>\n<meta property=\"og:description\" content=\"T\u00f3picos de gram\u00e1tica \u00e1rabe A l\u00edngua \u00e1rabe, com sua rica hist\u00f3ria e significado cultural, \u00e9 um esfor\u00e7o fascinante e gratificante para os estudantes de\" \/>\n<meta property=\"og:url\" content=\"https:\/\/talkpal.ai\/pt-br\/exercicios-de-gramatica-arabe\/\" \/>\n<meta property=\"og:site_name\" content=\"Talkpal\" \/>\n<meta property=\"article:publisher\" content=\"https:\/\/www.facebook.com\/profile.php?id=100090733639311\" \/>\n<meta property=\"article:modified_time\" content=\"2025-05-22T20:15:47+00:00\" \/>\n<meta property=\"og:image\" content=\"https:\/\/talkpal.ai\/wp-content\/uploads\/2023\/04\/arabic-united-arab-emirates.png\" \/>\n\t<meta property=\"og:image:width\" content=\"512\" \/>\n\t<meta property=\"og:image:height\" content=\"512\" \/>\n\t<meta property=\"og:image:type\" content=\"image\/png\" \/>\n<meta name=\"twitter:card\" content=\"summary_large_image\" \/>\n<meta name=\"twitter:site\" content=\"@talkpalai\" \/>\n<meta name=\"twitter:label1\" content=\"Est. tempo de leitura\" \/>\n\t<meta name=\"twitter:data1\" content=\"3 minutos\" \/>\n<script type=\"application\/ld+json\" class=\"yoast-schema-graph\">{\"@context\":\"https:\/\/schema.org\",\"@graph\":[{\"@type\":\"WebPage\",\"@id\":\"https:\/\/talkpal.ai\/pt-br\/exercicios-de-gramatica-arabe\/\",\"url\":\"https:\/\/talkpal.ai\/pt-br\/exercicios-de-gramatica-arabe\/\",\"name\":\"Exerc\u00edcios de Gram\u00e1tica \u00c1rabe - Talkpal\",\"isPartOf\":{\"@id\":\"https:\/\/talkpal.ai\/pt-br\/#website\"},\"primaryImageOfPage\":{\"@id\":\"https:\/\/talkpal.ai\/pt-br\/exercicios-de-gramatica-arabe\/#primaryimage\"},\"image\":{\"@id\":\"https:\/\/talkpal.ai\/pt-br\/exercicios-de-gramatica-arabe\/#primaryimage\"},\"thumbnailUrl\":\"https:\/\/talkpal.ai\/wp-content\/uploads\/2023\/04\/arabic-united-arab-emirates.png\",\"datePublished\":\"2023-06-16T09:31:38+00:00\",\"dateModified\":\"2025-05-22T20:15:47+00:00\",\"description\":\"Melhore sua compreens\u00e3o com exerc\u00edcios de gram\u00e1tica \u00e1rabe que abrangem regras e estruturas essenciais para voc\u00ea dominar o idioma.\",\"breadcrumb\":{\"@id\":\"https:\/\/talkpal.ai\/pt-br\/exercicios-de-gramatica-arabe\/#breadcrumb\"},\"inLanguage\":\"pt-BR\",\"potentialAction\":[{\"@type\":\"ReadAction\",\"target\":[\"https:\/\/talkpal.ai\/pt-br\/exercicios-de-gramatica-arabe\/\"]}]},{\"@type\":\"ImageObject\",\"inLanguage\":\"pt-BR\",\"@id\":\"https:\/\/talkpal.ai\/pt-br\/exercicios-de-gramatica-arabe\/#primaryimage\",\"url\":\"https:\/\/talkpal.ai\/wp-content\/uploads\/2023\/04\/arabic-united-arab-emirates.png\",\"contentUrl\":\"https:\/\/talkpal.ai\/wp-content\/uploads\/2023\/04\/arabic-united-arab-emirates.png\",\"width\":512,\"height\":512},{\"@type\":\"BreadcrumbList\",\"@id\":\"https:\/\/talkpal.ai\/pt-br\/exercicios-de-gramatica-arabe\/#breadcrumb\",\"itemListElement\":[{\"@type\":\"ListItem\",\"position\":1,\"name\":\"Homepage\",\"item\":\"https:\/\/talkpal.ai\/pt-br\/\"},{\"@type\":\"ListItem\",\"position\":2,\"name\":\"Exerc\u00edcios de Gram\u00e1tica \u00c1rabe\"}]},{\"@type\":\"WebSite\",\"@id\":\"https:\/\/talkpal.ai\/pt-br\/#website\",\"url\":\"https:\/\/talkpal.ai\/pt-br\/\",\"name\":\"Talkpal\",\"description\":\"AI Language Learning\",\"publisher\":{\"@id\":\"https:\/\/talkpal.ai\/pt-br\/#organization\"},\"alternateName\":\"Talkpal AI\",\"potentialAction\":[{\"@type\":\"SearchAction\",\"target\":{\"@type\":\"EntryPoint\",\"urlTemplate\":\"https:\/\/talkpal.ai\/pt-br\/?s={search_term_string}\"},\"query-input\":{\"@type\":\"PropertyValueSpecification\",\"valueRequired\":true,\"valueName\":\"search_term_string\"}}],\"inLanguage\":\"pt-BR\"},{\"@type\":\"Organization\",\"@id\":\"https:\/\/talkpal.ai\/pt-br\/#organization\",\"name\":\"Talkpal, Inc.\",\"alternateName\":\"Talkpal AI\",\"url\":\"https:\/\/talkpal.ai\/pt-br\/\",\"logo\":{\"@type\":\"ImageObject\",\"inLanguage\":\"pt-BR\",\"@id\":\"https:\/\/talkpal.ai\/pt-br\/#\/schema\/logo\/image\/\",\"url\":\"https:\/\/talkpal.ai\/wp-content\/uploads\/2024\/03\/Talkpal-Logo-Icon.png\",\"contentUrl\":\"https:\/\/talkpal.ai\/wp-content\/uploads\/2024\/03\/Talkpal-Logo-Icon.png\",\"width\":2880,\"height\":2880,\"caption\":\"Talkpal, Inc.\"},\"image\":{\"@id\":\"https:\/\/talkpal.ai\/pt-br\/#\/schema\/logo\/image\/\"},\"sameAs\":[\"https:\/\/www.facebook.com\/profile.php?id=100090733639311\",\"https:\/\/x.com\/talkpalai\",\"https:\/\/www.linkedin.com\/company\/talkpal\/\",\"https:\/\/www.youtube.com\/@TalkPal\/\",\"https:\/\/www.tiktok.com\/@talkpal\",\"https:\/\/www.instagram.com\/talkpal_ai\/\",\"https:\/\/www.crunchbase.com\/organization\/talkpal-9cde\",\"https:\/\/www.g2.com\/products\/talkpal-for-business\/\",\"https:\/\/www.trustpilot.com\/review\/talkpal.ai\",\"https:\/\/www.capterra.com\/p\/10006800\/TalkPal\/\"],\"description\":\"Talkpal is a language learning web and mobile education app, powered by the latest AI technologies, that provides engaging experiences to its customers in many different languages to help them improve their language skills. Users can chat about unlimited amount of topics with the app and use other modes to practice their language learning.\",\"email\":\"support@talkpal.ai\",\"legalName\":\"Talkpal, Inc.\",\"foundingDate\":\"2023-04-03\",\"duns\":\"118989042\",\"numberOfEmployees\":{\"@type\":\"QuantitativeValue\",\"minValue\":\"11\",\"maxValue\":\"50\"},\"publishingPrinciples\":\"https:\/\/talkpal.ai\/publishing-principles\/\",\"actionableFeedbackPolicy\":\"https:\/\/talkpal.ai\/actionable-feedback-policy\/\",\"correctionsPolicy\":\"https:\/\/talkpal.ai\/corrections-policy\/\",\"ethicsPolicy\":\"https:\/\/talkpal.ai\/ethics-policy\/\",\"diversityPolicy\":\"https:\/\/talkpal.ai\/diversity-policy\/\",\"diversityStaffingReport\":\"https:\/\/talkpal.ai\/diversity-policy\/\"}]}<\/script>\n<!-- \/ Yoast SEO Premium plugin. -->","yoast_head_json":{"title":"Exerc\u00edcios de Gram\u00e1tica \u00c1rabe - Talkpal","description":"Melhore sua compreens\u00e3o com exerc\u00edcios de gram\u00e1tica \u00e1rabe que abrangem regras e estruturas essenciais para voc\u00ea dominar o idioma.","robots":{"index":"index","follow":"follow","max-snippet":"max-snippet:-1","max-image-preview":"max-image-preview:large","max-video-preview":"max-video-preview:-1"},"canonical":"https:\/\/talkpal.ai\/pt-br\/exercicios-de-gramatica-arabe\/","og_locale":"pt_BR","og_type":"article","og_title":"Exerc\u00edcios de Gram\u00e1tica \u00c1rabe","og_description":"T\u00f3picos de gram\u00e1tica \u00e1rabe A l\u00edngua \u00e1rabe, com sua rica hist\u00f3ria e significado cultural, \u00e9 um esfor\u00e7o fascinante e gratificante para os estudantes de","og_url":"https:\/\/talkpal.ai\/pt-br\/exercicios-de-gramatica-arabe\/","og_site_name":"Talkpal","article_publisher":"https:\/\/www.facebook.com\/profile.php?id=100090733639311","article_modified_time":"2025-05-22T20:15:47+00:00","og_image":[{"width":512,"height":512,"url":"https:\/\/talkpal.ai\/wp-content\/uploads\/2023\/04\/arabic-united-arab-emirates.png","type":"image\/png"}],"twitter_card":"summary_large_image","twitter_site":"@talkpalai","twitter_misc":{"Est. tempo de leitura":"3 minutos"},"schema":{"@context":"https:\/\/schema.org","@graph":[{"@type":"WebPage","@id":"https:\/\/talkpal.ai\/pt-br\/exercicios-de-gramatica-arabe\/","url":"https:\/\/talkpal.ai\/pt-br\/exercicios-de-gramatica-arabe\/","name":"Exerc\u00edcios de Gram\u00e1tica \u00c1rabe - Talkpal","isPartOf":{"@id":"https:\/\/talkpal.ai\/pt-br\/#website"},"primaryImageOfPage":{"@id":"https:\/\/talkpal.ai\/pt-br\/exercicios-de-gramatica-arabe\/#primaryimage"},"image":{"@id":"https:\/\/talkpal.ai\/pt-br\/exercicios-de-gramatica-arabe\/#primaryimage"},"thumbnailUrl":"https:\/\/talkpal.ai\/wp-content\/uploads\/2023\/04\/arabic-united-arab-emirates.png","datePublished":"2023-06-16T09:31:38+00:00","dateModified":"2025-05-22T20:15:47+00:00","description":"Melhore sua compreens\u00e3o com exerc\u00edcios de gram\u00e1tica \u00e1rabe que abrangem regras e estruturas essenciais para voc\u00ea dominar o idioma.","breadcrumb":{"@id":"https:\/\/talkpal.ai\/pt-br\/exercicios-de-gramatica-arabe\/#breadcrumb"},"inLanguage":"pt-BR","potentialAction":[{"@type":"ReadAction","target":["https:\/\/talkpal.ai\/pt-br\/exercicios-de-gramatica-arabe\/"]}]},{"@type":"ImageObject","inLanguage":"pt-BR","@id":"https:\/\/talkpal.ai\/pt-br\/exercicios-de-gramatica-arabe\/#primaryimage","url":"https:\/\/talkpal.ai\/wp-content\/uploads\/2023\/04\/arabic-united-arab-emirates.png","contentUrl":"https:\/\/talkpal.ai\/wp-content\/uploads\/2023\/04\/arabic-united-arab-emirates.png","width":512,"height":512},{"@type":"BreadcrumbList","@id":"https:\/\/talkpal.ai\/pt-br\/exercicios-de-gramatica-arabe\/#breadcrumb","itemListElement":[{"@type":"ListItem","position":1,"name":"Homepage","item":"https:\/\/talkpal.ai\/pt-br\/"},{"@type":"ListItem","position":2,"name":"Exerc\u00edcios de Gram\u00e1tica \u00c1rabe"}]},{"@type":"WebSite","@id":"https:\/\/talkpal.ai\/pt-br\/#website","url":"https:\/\/talkpal.ai\/pt-br\/","name":"Talkpal","description":"AI Language Learning","publisher":{"@id":"https:\/\/talkpal.ai\/pt-br\/#organization"},"alternateName":"Talkpal AI","potentialAction":[{"@type":"SearchAction","target":{"@type":"EntryPoint","urlTemplate":"https:\/\/talkpal.ai\/pt-br\/?s={search_term_string}"},"query-input":{"@type":"PropertyValueSpecification","valueRequired":true,"valueName":"search_term_string"}}],"inLanguage":"pt-BR"},{"@type":"Organization","@id":"https:\/\/talkpal.ai\/pt-br\/#organization","name":"Talkpal, Inc.","alternateName":"Talkpal AI","url":"https:\/\/talkpal.ai\/pt-br\/","logo":{"@type":"ImageObject","inLanguage":"pt-BR","@id":"https:\/\/talkpal.ai\/pt-br\/#\/schema\/logo\/image\/","url":"https:\/\/talkpal.ai\/wp-content\/uploads\/2024\/03\/Talkpal-Logo-Icon.png","contentUrl":"https:\/\/talkpal.ai\/wp-content\/uploads\/2024\/03\/Talkpal-Logo-Icon.png","width":2880,"height":2880,"caption":"Talkpal, Inc."},"image":{"@id":"https:\/\/talkpal.ai\/pt-br\/#\/schema\/logo\/image\/"},"sameAs":["https:\/\/www.facebook.com\/profile.php?id=100090733639311","https:\/\/x.com\/talkpalai","https:\/\/www.linkedin.com\/company\/talkpal\/","https:\/\/www.youtube.com\/@TalkPal\/","https:\/\/www.tiktok.com\/@talkpal","https:\/\/www.instagram.com\/talkpal_ai\/","https:\/\/www.crunchbase.com\/organization\/talkpal-9cde","https:\/\/www.g2.com\/products\/talkpal-for-business\/","https:\/\/www.trustpilot.com\/review\/talkpal.ai","https:\/\/www.capterra.com\/p\/10006800\/TalkPal\/"],"description":"Talkpal is a language learning web and mobile education app, powered by the latest AI technologies, that provides engaging experiences to its customers in many different languages to help them improve their language skills. Users can chat about unlimited amount of topics with the app and use other modes to practice their language learning.","email":"support@talkpal.ai","legalName":"Talkpal, Inc.","foundingDate":"2023-04-03","duns":"118989042","numberOfEmployees":{"@type":"QuantitativeValue","minValue":"11","maxValue":"50"},"publishingPrinciples":"https:\/\/talkpal.ai\/publishing-principles\/","actionableFeedbackPolicy":"https:\/\/talkpal.ai\/actionable-feedback-policy\/","correctionsPolicy":"https:\/\/talkpal.ai\/corrections-policy\/","ethicsPolicy":"https:\/\/talkpal.ai\/ethics-policy\/","diversityPolicy":"https:\/\/talkpal.ai\/diversity-policy\/","diversityStaffingReport":"https:\/\/talkpal.ai\/diversity-policy\/"}]}},"_links":{"self":[{"href":"https:\/\/talkpal.ai\/pt-br\/wp-json\/wp\/v2\/pages\/132485","targetHints":{"allow":["GET"]}}],"collection":[{"href":"https:\/\/talkpal.ai\/pt-br\/wp-json\/wp\/v2\/pages"}],"about":[{"href":"https:\/\/talkpal.ai\/pt-br\/wp-json\/wp\/v2\/types\/page"}],"author":[{"embeddable":true,"href":"https:\/\/talkpal.ai\/pt-br\/wp-json\/wp\/v2\/users\/6"}],"replies":[{"embeddable":true,"href":"https:\/\/talkpal.ai\/pt-br\/wp-json\/wp\/v2\/comments?post=132485"}],"version-history":[{"count":0,"href":"https:\/\/talkpal.ai\/pt-br\/wp-json\/wp\/v2\/pages\/132485\/revisions"}],"wp:featuredmedia":[{"embeddable":true,"href":"https:\/\/talkpal.ai\/pt-br\/wp-json\/wp\/v2\/media\/105908"}],"wp:attachment":[{"href":"https:\/\/talkpal.ai\/pt-br\/wp-json\/wp\/v2\/media?parent=132485"}],"curies":[{"name":"wp","href":"https:\/\/api.w.org\/{rel}","templated":true}]}}