{"id":132152,"date":"2023-06-16T09:14:18","date_gmt":"2023-06-16T09:14:18","guid":{"rendered":"http:\/\/talkpal.ai\/exercicios-de-gramatica-alema\/"},"modified":"2025-12-17T16:11:28","modified_gmt":"2025-12-17T16:11:28","slug":"exercicios-de-gramatica-alema","status":"publish","type":"page","link":"https:\/\/talkpal.ai\/pt-br\/exercicios-de-gramatica-alema\/","title":{"rendered":"Exerc\u00edcios de Gram\u00e1tica Alem\u00e3"},"content":{"rendered":"\r\n\r\n\r\n<section class=\"languageChallengeSection\">\r\n    <div class=\"languageInfoWrapper\">\r\n        \r\n        <h1>Exerc\u00edcios de Gram\u00e1tica Alem\u00e3<\/h1>\r\n        <p>Voc\u00ea est\u00e1 pronto para fortalecer sua <a href=\"https:\/\/talkpal.ai\/pt-pt\/grammar\/artigo-em-gramatica-alema\/\">gram\u00e1tica alem\u00e3<\/a>? Praticar exerc\u00edcios de gram\u00e1tica \u00e9 a maneira perfeita de voc\u00ea dominar o idioma <a href=\"https:\/\/talkpal.ai\/learn-german\/\">alem\u00e3o<\/a>. Comece a trabalhar nisso hoje mesmo e veja sua confian\u00e7a e flu\u00eancia aumentarem a cada exerc\u00edcio!\n\n<\/p>\r\n\r\n                            <a class=\"getStartedHidden\" href=\"https:\/\/app.talkpal.ai\/pt-br\/signup?lng=\">Come\u00e7a<\/a>\r\n        \r\n    <\/div>\r\n\r\n    <figure>\r\n    <img decoding=\"async\" width=\"768\" height=\"768\" src=\"https:\/\/talkpal.ai\/wp-content\/uploads\/2023\/06\/german-768x768.png\" class=\"languageImage no-lazy\" alt=\"Language learning for global networking\" fetchpriority=\"high\" sizes=\"(max-width: 768px) 150px, 768px\" srcset=\"https:\/\/talkpal.ai\/wp-content\/uploads\/2023\/06\/german-768x768.png 768w, https:\/\/talkpal.ai\/wp-content\/uploads\/2023\/06\/german-300x300.png 300w\" \/>\r\n    \r\n\r\n    <\/figure>\r\n\r\n            <a class=\"getStartedVisible\" href=\"https:\/\/app.talkpal.ai\/pt-br\/signup?lng=\">Come\u00e7a<\/a>\r\n    \r\n<\/section>\r\n\r\n\r\n<!-- <section class=\"grammarSection\">\r\n    <div class=\"grammarLinks\">\r\n            <\/div>\r\n<\/section> -->\r\n\r\n\r\n\r\n\r\n<section class=\"promotionalBanner\">\r\n    <p class=\"promotionalText\">A maneira mais eficiente de aprender um idioma<\/p>\r\n    <a class=\"promotionalLink\" href=\"https:\/\/app.talkpal.ai\/pt-br\/signup?lng=\">Experimente o Talkpal gratuitamente<\/a>\r\n<\/section>\n<div class=\"wp-block-group pageContainerStyle\"><div class=\"wp-block-group__inner-container is-layout-constrained wp-block-group-is-layout-constrained\">\n<h2 class=\"wp-block-heading\" id=\"h-german-grammar-topics\">T\u00f3picos de Gram\u00e1tica Alem\u00e3<\/h2>\n\n\n\n<p>Aprender um <a href=\"https:\/\/talkpal.ai\/talkpal-new-years-discount\/\">novo<\/a> idioma pode ser uma tarefa assustadora, mas com a abordagem certa, pode ser uma experi\u00eancia emocionante e gratificante. O alem\u00e3o \u00e9 uma l\u00edngua altamente estruturada e l\u00f3gica, o que torna mais f\u00e1cil de aprender se voc\u00ea tiver uma compreens\u00e3o clara de suas regras gramaticais. Este guia ir\u00e1 ajud\u00e1-lo a entender os principais aspectos da <a href=\"https:\/\/talkpal.ai\/pt-pt\/grammar\/artigo-em-gramatica-alema\/\">gram\u00e1tica alem\u00e3<\/a>, <a href=\"https:\/\/talkpal.ai\/locations\/language-courses-in-como\/\">como<\/a> tempos, verbos, substantivos e artigos, pronomes, adjetivos, declina\u00e7\u00e3o, adv\u00e9rbios, preposi\u00e7\u00f5es e estrutura de frases. Ao seguir esta sequ\u00eancia, voc\u00ea ser\u00e1 capaz de progredir em sua jornada de aprendizagem da <a href=\"https:\/\/talkpal.ai\/pt-pt\/pratica-a-conversacao-em-alemao\/\">l\u00edngua alem\u00e3<\/a> de forma eficaz e eficiente.<\/p>\n\n\n\n<h3 class=\"wp-block-heading\" id=\"h-1-nouns-and-articles\">1. Substantivos e Artigos:<\/h3>\n\n\n\n<p>Comece aprendendo o b\u00e1sico de substantivos alem\u00e3es e seus artigos que os acompanham. O alem\u00e3o tem tr\u00eas g\u00eaneros (masculino, feminino e neutro) e quatro casos (nominativo, acusativo, dativo e genitivo). Compreender essas regras ajudar\u00e1 voc\u00ea a determinar o artigo correto para cada substantivo e estabelecer a base para seu conhecimento da gram\u00e1tica alem\u00e3.<\/p>\n\n\n\n<h3 class=\"wp-block-heading\" id=\"h-2-pronouns\">2. Pronomes:<\/h3>\n\n\n\n<p>Os pronomes substituem substantivos em uma ora\u00e7\u00e3o e t\u00eam formas diferentes dependendo de seu g\u00eanero, n\u00famero e caso. Familiarize-se com pronomes alem\u00e3es, como <a href=\"https:\/\/talkpal.ai\/grammar\/pronomes-pessoais-in-portuguese-grammar\/\">pronomes pessoais<\/a>, possessivos, reflexivos e relativos, para criar frases mais complexas e expressar seus pensamentos com mais precis\u00e3o.<\/p>\n\n\n\n<h3 class=\"wp-block-heading\" id=\"h-3-verbs\">3. Verbos:<\/h3>\n\n\n\n<p>Os verbos s\u00e3o cruciais na forma\u00e7\u00e3o de frases, pois expressam a\u00e7\u00f5es e estados. Aprenda os diferentes tipos de verbos alem\u00e3es, como verbos regulares, irregulares, modais e reflexivos, juntamente com suas conjuga\u00e7\u00f5es nos tempos <a href=\"https:\/\/talkpal.ai\/zh-hans\/grammar_exercises\/presente-%e8%a5%bf%e7%8f%ad%e7%89%99%e8%af%ad%e6%b3%95%e7%bb%83%e4%b9%a0\/\">presente<\/a>, passado e futuro. Isso permitir\u00e1 que voc\u00ea se comunique de forma eficaz em v\u00e1rias situa\u00e7\u00f5es.<\/p>\n\n\n\n<h3 class=\"wp-block-heading\" id=\"h-4-tenses\">4. Tempos:<\/h3>\n\n\n\n<p>Os tempos indicam o momento em que uma a\u00e7\u00e3o ocorre. Em alem\u00e3o, h\u00e1 seis tempos: presente, passado simples, presente perfeito, passado perfeito, futuro e futuro perfeito. Entender as regras e o uso desses tempos ajudar\u00e1 voc\u00ea a se expressar de forma clara e precisa.<\/p>\n\n\n\n<h3 class=\"wp-block-heading\" id=\"h-5-adjectives\">5. Adjetivos:<\/h3>\n\n\n\n<p>Os adjetivos descrevem as qualidades dos substantivos e pronomes e concordam em g\u00eanero, n\u00famero e caso com o substantivo que modificam. Aprenda as regras para declina\u00e7\u00e3o adjetiva, bem como formas comparativas e superlativas, para melhorar suas descri\u00e7\u00f5es e tornar seu discurso mais colorido.<\/p>\n\n\n\n<h3 class=\"wp-block-heading\" id=\"h-6-declension\">6. Declina\u00e7\u00e3o:<\/h3>\n\n\n\n<p>Declina\u00e7\u00e3o \u00e9 o processo de mudan\u00e7a de substantivos, pronomes e adjetivos para indicar sua fun\u00e7\u00e3o gramatical em uma frase. Familiarize-se com os quatro casos alem\u00e3es e como eles afetam as termina\u00e7\u00f5es das palavras, o que permitir\u00e1 que voc\u00ea construa frases gramaticalmente corretas.<\/p>\n\n\n\n<h3 class=\"wp-block-heading\" id=\"h-7-adverbs\">7. Adv\u00e9rbios:<\/h3>\n\n\n\n<p>Os adv\u00e9rbios fornecem informa\u00e7\u00f5es adicionais sobre verbos, adjetivos ou outros adv\u00e9rbios. Aprenda os diferentes tipos de adv\u00e9rbios alem\u00e3es, como aqueles que indicam tempo, maneira e lugar, e como us\u00e1-los de forma eficaz para adicionar nuance e precis\u00e3o \u00e0 sua fala.<\/p>\n\n\n\n<h3 class=\"wp-block-heading\" id=\"h-8-prepositions\">8. Preposi\u00e7\u00f5es:<\/h3>\n\n\n\n<p>Preposi\u00e7\u00f5es s\u00e3o usadas para indicar a rela\u00e7\u00e3o entre substantivos ou pronomes e outros elementos em uma frase. Estude as v\u00e1rias preposi\u00e7\u00f5es alem\u00e3s e seu uso em diferentes casos para desenvolver uma melhor compreens\u00e3o de como as senten\u00e7as s\u00e3o constru\u00eddas.<\/p>\n\n\n\n<h3 class=\"wp-block-heading\" id=\"h-9-sentence-structure\">9. Estrutura da frase:<\/h3>\n\n\n\n<p>Finalmente, familiarize-se com a estrutura da frase alem\u00e3, incluindo a ordem das palavras, ora\u00e7\u00f5es subordinadas e conjun\u00e7\u00f5es. Compreender essas regras ajudar\u00e1 voc\u00ea a criar frases coerentes e bem estruturadas, permitindo que voc\u00ea expresse seus pensamentos de forma clara e eficaz em alem\u00e3o.<\/p>\n<\/div><\/div>\n\r\n<section class=\"learnNavigationSection\">\r\n            \r\n        <a href=\"https:\/\/talkpal.ai\/pt-br\/aprender-alemao\/\">\r\n            <div class=\"learnNavigationWrapper\">\r\n                <div class=\"learnNavigationContent\">\r\n                    <img decoding=\"async\" src=\"https:\/\/talkpal.ai\/wp-content\/uploads\/2024\/08\/German.jpg\" alt=\"German Flag\">\r\n                    <div>\r\n                        <h4>Sobre o aprendizado de alem\u00e3o<\/h4>\r\n                        <p>Saiba tudo sobre a gram\u00e1tica alem\u00e3.<\/p>\r\n                    <\/div>\r\n                <\/div>\r\n            <\/div>\r\n        <\/a>\r\n\r\n        \r\n        <a href=\"https:\/\/talkpal.ai\/pt-br\/gramatica-alema\/\">\r\n            <div class=\"learnNavigationWrapper\">\r\n                <div class=\"learnNavigationContent\">\r\n                    <img decoding=\"async\" src=\"https:\/\/talkpal.ai\/wp-content\/uploads\/2024\/08\/German.jpg\" alt=\"German Flag\">\r\n                    <div>\r\n                        <h4>Aulas de Gram\u00e1tica Alem\u00e3<\/h4>\r\n                        <p>Pratique a gram\u00e1tica alem\u00e3.<\/p>\r\n                    <\/div>\r\n                <\/div>\r\n            <\/div>\r\n        <\/a>\r\n\r\n        \r\n        <a href=\"https:\/\/talkpal.ai\/vocabulary_language\/german\/\">\r\n            <div class=\"learnNavigationWrapper\">\r\n                <div class=\"learnNavigationContent\">\r\n                    <img decoding=\"async\" src=\"https:\/\/talkpal.ai\/wp-content\/uploads\/2024\/08\/German.jpg\" alt=\"German Flag\">\r\n                    <div>\r\n                        <h4>Vocabul\u00e1rio alem\u00e3o<\/h4>\r\n                        <p>Amplie seu vocabul\u00e1rio de alem\u00e3o.<\/p>\r\n                    <\/div>\r\n                <\/div>\r\n            <\/div>\r\n        <\/a>\r\n\r\n            <\/section>","protected":false},"excerpt":{"rendered":"<p>T\u00f3picos de Gram\u00e1tica Alem\u00e3 Aprender um novo idioma pode ser uma tarefa assustadora, mas com a abordagem certa, pode ser uma experi\u00eancia emocionante e gratificante. O alem\u00e3o \u00e9 uma l\u00edngua altamente estruturada e l\u00f3gica, o que torna mais f\u00e1cil de aprender se voc\u00ea tiver uma compreens\u00e3o clara de suas regras gramaticais. Este guia ir\u00e1 ajud\u00e1-lo [&hellip;]<\/p>\n","protected":false},"author":6,"featured_media":75609,"parent":0,"menu_order":0,"comment_status":"closed","ping_status":"closed","template":"LearningContentPage.php","meta":{"_acf_changed":false,"footnotes":""},"class_list":["post-132152","page","type-page","status-publish","has-post-thumbnail","hentry"],"acf":[],"yoast_head":"<!-- This site is optimized with the Yoast SEO Premium plugin v27.2 (Yoast SEO v27.2) - https:\/\/yoast.com\/product\/yoast-seo-premium-wordpress\/ -->\n<title>Exerc\u00edcios de Gram\u00e1tica Alem\u00e3 - Talkpal<\/title>\n<meta name=\"description\" content=\"Aumente sua gram\u00e1tica alem\u00e3 com exerc\u00edcios pr\u00e1ticos - melhore rapidamente, pratique de forma interativa e ganhe confian\u00e7a no idioma usando Talkpal IA.\" \/>\n<meta name=\"robots\" content=\"index, follow, max-snippet:-1, max-image-preview:large, max-video-preview:-1\" \/>\n<link rel=\"canonical\" href=\"https:\/\/talkpal.ai\/pt-br\/exercicios-de-gramatica-alema\/\" \/>\n<meta property=\"og:locale\" content=\"pt_BR\" \/>\n<meta property=\"og:type\" content=\"article\" \/>\n<meta property=\"og:title\" content=\"Exerc\u00edcios de Gram\u00e1tica Alem\u00e3\" \/>\n<meta property=\"og:description\" content=\"T\u00f3picos de Gram\u00e1tica Alem\u00e3 Aprender um novo idioma pode ser uma tarefa assustadora, mas com a abordagem certa, pode ser uma experi\u00eancia emocionante e\" \/>\n<meta property=\"og:url\" content=\"https:\/\/talkpal.ai\/pt-br\/exercicios-de-gramatica-alema\/\" \/>\n<meta property=\"og:site_name\" content=\"Talkpal\" \/>\n<meta property=\"article:publisher\" content=\"https:\/\/www.facebook.com\/profile.php?id=100090733639311\" \/>\n<meta property=\"article:modified_time\" content=\"2025-12-17T16:11:28+00:00\" \/>\n<meta property=\"og:image\" content=\"https:\/\/talkpal.ai\/wp-content\/uploads\/2023\/03\/germany.png\" \/>\n\t<meta property=\"og:image:width\" content=\"512\" \/>\n\t<meta property=\"og:image:height\" content=\"512\" \/>\n\t<meta property=\"og:image:type\" content=\"image\/png\" \/>\n<meta name=\"twitter:card\" content=\"summary_large_image\" \/>\n<meta name=\"twitter:site\" content=\"@talkpalai\" \/>\n<meta name=\"twitter:label1\" content=\"Est. tempo de leitura\" \/>\n\t<meta name=\"twitter:data1\" content=\"3 minutos\" \/>\n<script type=\"application\/ld+json\" class=\"yoast-schema-graph\">{\"@context\":\"https:\/\/schema.org\",\"@graph\":[{\"@type\":\"WebPage\",\"@id\":\"https:\/\/talkpal.ai\/pt-br\/exercicios-de-gramatica-alema\/\",\"url\":\"https:\/\/talkpal.ai\/pt-br\/exercicios-de-gramatica-alema\/\",\"name\":\"Exerc\u00edcios de Gram\u00e1tica Alem\u00e3 - Talkpal\",\"isPartOf\":{\"@id\":\"https:\/\/talkpal.ai\/pt-br\/#website\"},\"primaryImageOfPage\":{\"@id\":\"https:\/\/talkpal.ai\/pt-br\/exercicios-de-gramatica-alema\/#primaryimage\"},\"image\":{\"@id\":\"https:\/\/talkpal.ai\/pt-br\/exercicios-de-gramatica-alema\/#primaryimage\"},\"thumbnailUrl\":\"https:\/\/talkpal.ai\/wp-content\/uploads\/2023\/03\/germany.png\",\"datePublished\":\"2023-06-16T09:14:18+00:00\",\"dateModified\":\"2025-12-17T16:11:28+00:00\",\"description\":\"Aumente sua gram\u00e1tica alem\u00e3 com exerc\u00edcios pr\u00e1ticos - melhore rapidamente, pratique de forma interativa e ganhe confian\u00e7a no idioma usando Talkpal IA.\",\"breadcrumb\":{\"@id\":\"https:\/\/talkpal.ai\/pt-br\/exercicios-de-gramatica-alema\/#breadcrumb\"},\"inLanguage\":\"pt-BR\",\"potentialAction\":[{\"@type\":\"ReadAction\",\"target\":[\"https:\/\/talkpal.ai\/pt-br\/exercicios-de-gramatica-alema\/\"]}]},{\"@type\":\"ImageObject\",\"inLanguage\":\"pt-BR\",\"@id\":\"https:\/\/talkpal.ai\/pt-br\/exercicios-de-gramatica-alema\/#primaryimage\",\"url\":\"https:\/\/talkpal.ai\/wp-content\/uploads\/2023\/03\/germany.png\",\"contentUrl\":\"https:\/\/talkpal.ai\/wp-content\/uploads\/2023\/03\/germany.png\",\"width\":512,\"height\":512,\"caption\":\"TalkPal AI learn German\"},{\"@type\":\"BreadcrumbList\",\"@id\":\"https:\/\/talkpal.ai\/pt-br\/exercicios-de-gramatica-alema\/#breadcrumb\",\"itemListElement\":[{\"@type\":\"ListItem\",\"position\":1,\"name\":\"Homepage\",\"item\":\"https:\/\/talkpal.ai\/pt-br\/\"},{\"@type\":\"ListItem\",\"position\":2,\"name\":\"Exerc\u00edcios de Gram\u00e1tica Alem\u00e3\"}]},{\"@type\":\"WebSite\",\"@id\":\"https:\/\/talkpal.ai\/pt-br\/#website\",\"url\":\"https:\/\/talkpal.ai\/pt-br\/\",\"name\":\"Talkpal\",\"description\":\"AI Language Learning\",\"publisher\":{\"@id\":\"https:\/\/talkpal.ai\/pt-br\/#organization\"},\"alternateName\":\"Talkpal AI\",\"potentialAction\":[{\"@type\":\"SearchAction\",\"target\":{\"@type\":\"EntryPoint\",\"urlTemplate\":\"https:\/\/talkpal.ai\/pt-br\/?s={search_term_string}\"},\"query-input\":{\"@type\":\"PropertyValueSpecification\",\"valueRequired\":true,\"valueName\":\"search_term_string\"}}],\"inLanguage\":\"pt-BR\"},{\"@type\":\"Organization\",\"@id\":\"https:\/\/talkpal.ai\/pt-br\/#organization\",\"name\":\"Talkpal, Inc.\",\"alternateName\":\"Talkpal AI\",\"url\":\"https:\/\/talkpal.ai\/pt-br\/\",\"logo\":{\"@type\":\"ImageObject\",\"inLanguage\":\"pt-BR\",\"@id\":\"https:\/\/talkpal.ai\/pt-br\/#\/schema\/logo\/image\/\",\"url\":\"https:\/\/talkpal.ai\/wp-content\/uploads\/2024\/03\/Talkpal-Logo-Icon.png\",\"contentUrl\":\"https:\/\/talkpal.ai\/wp-content\/uploads\/2024\/03\/Talkpal-Logo-Icon.png\",\"width\":2880,\"height\":2880,\"caption\":\"Talkpal, Inc.\"},\"image\":{\"@id\":\"https:\/\/talkpal.ai\/pt-br\/#\/schema\/logo\/image\/\"},\"sameAs\":[\"https:\/\/www.facebook.com\/profile.php?id=100090733639311\",\"https:\/\/x.com\/talkpalai\",\"https:\/\/www.linkedin.com\/company\/talkpal\/\",\"https:\/\/www.youtube.com\/@TalkPal\/\",\"https:\/\/www.tiktok.com\/@talkpal\",\"https:\/\/www.instagram.com\/talkpal_ai\/\",\"https:\/\/www.crunchbase.com\/organization\/talkpal-9cde\",\"https:\/\/www.g2.com\/products\/talkpal-for-business\/\",\"https:\/\/www.trustpilot.com\/review\/talkpal.ai\",\"https:\/\/www.capterra.com\/p\/10006800\/TalkPal\/\"],\"description\":\"Talkpal is a language learning web and mobile education app, powered by the latest AI technologies, that provides engaging experiences to its customers in many different languages to help them improve their language skills. Users can chat about unlimited amount of topics with the app and use other modes to practice their language learning.\",\"email\":\"support@talkpal.ai\",\"legalName\":\"Talkpal, Inc.\",\"foundingDate\":\"2023-04-03\",\"duns\":\"118989042\",\"numberOfEmployees\":{\"@type\":\"QuantitativeValue\",\"minValue\":\"11\",\"maxValue\":\"50\"},\"publishingPrinciples\":\"https:\/\/talkpal.ai\/publishing-principles\/\",\"actionableFeedbackPolicy\":\"https:\/\/talkpal.ai\/actionable-feedback-policy\/\",\"correctionsPolicy\":\"https:\/\/talkpal.ai\/corrections-policy\/\",\"ethicsPolicy\":\"https:\/\/talkpal.ai\/ethics-policy\/\",\"diversityPolicy\":\"https:\/\/talkpal.ai\/diversity-policy\/\",\"diversityStaffingReport\":\"https:\/\/talkpal.ai\/diversity-policy\/\"}]}<\/script>\n<!-- \/ Yoast SEO Premium plugin. -->","yoast_head_json":{"title":"Exerc\u00edcios de Gram\u00e1tica Alem\u00e3 - Talkpal","description":"Aumente sua gram\u00e1tica alem\u00e3 com exerc\u00edcios pr\u00e1ticos - melhore rapidamente, pratique de forma interativa e ganhe confian\u00e7a no idioma usando Talkpal IA.","robots":{"index":"index","follow":"follow","max-snippet":"max-snippet:-1","max-image-preview":"max-image-preview:large","max-video-preview":"max-video-preview:-1"},"canonical":"https:\/\/talkpal.ai\/pt-br\/exercicios-de-gramatica-alema\/","og_locale":"pt_BR","og_type":"article","og_title":"Exerc\u00edcios de Gram\u00e1tica Alem\u00e3","og_description":"T\u00f3picos de Gram\u00e1tica Alem\u00e3 Aprender um novo idioma pode ser uma tarefa assustadora, mas com a abordagem certa, pode ser uma experi\u00eancia emocionante e","og_url":"https:\/\/talkpal.ai\/pt-br\/exercicios-de-gramatica-alema\/","og_site_name":"Talkpal","article_publisher":"https:\/\/www.facebook.com\/profile.php?id=100090733639311","article_modified_time":"2025-12-17T16:11:28+00:00","og_image":[{"width":512,"height":512,"url":"https:\/\/talkpal.ai\/wp-content\/uploads\/2023\/03\/germany.png","type":"image\/png"}],"twitter_card":"summary_large_image","twitter_site":"@talkpalai","twitter_misc":{"Est. tempo de leitura":"3 minutos"},"schema":{"@context":"https:\/\/schema.org","@graph":[{"@type":"WebPage","@id":"https:\/\/talkpal.ai\/pt-br\/exercicios-de-gramatica-alema\/","url":"https:\/\/talkpal.ai\/pt-br\/exercicios-de-gramatica-alema\/","name":"Exerc\u00edcios de Gram\u00e1tica Alem\u00e3 - Talkpal","isPartOf":{"@id":"https:\/\/talkpal.ai\/pt-br\/#website"},"primaryImageOfPage":{"@id":"https:\/\/talkpal.ai\/pt-br\/exercicios-de-gramatica-alema\/#primaryimage"},"image":{"@id":"https:\/\/talkpal.ai\/pt-br\/exercicios-de-gramatica-alema\/#primaryimage"},"thumbnailUrl":"https:\/\/talkpal.ai\/wp-content\/uploads\/2023\/03\/germany.png","datePublished":"2023-06-16T09:14:18+00:00","dateModified":"2025-12-17T16:11:28+00:00","description":"Aumente sua gram\u00e1tica alem\u00e3 com exerc\u00edcios pr\u00e1ticos - melhore rapidamente, pratique de forma interativa e ganhe confian\u00e7a no idioma usando Talkpal IA.","breadcrumb":{"@id":"https:\/\/talkpal.ai\/pt-br\/exercicios-de-gramatica-alema\/#breadcrumb"},"inLanguage":"pt-BR","potentialAction":[{"@type":"ReadAction","target":["https:\/\/talkpal.ai\/pt-br\/exercicios-de-gramatica-alema\/"]}]},{"@type":"ImageObject","inLanguage":"pt-BR","@id":"https:\/\/talkpal.ai\/pt-br\/exercicios-de-gramatica-alema\/#primaryimage","url":"https:\/\/talkpal.ai\/wp-content\/uploads\/2023\/03\/germany.png","contentUrl":"https:\/\/talkpal.ai\/wp-content\/uploads\/2023\/03\/germany.png","width":512,"height":512,"caption":"TalkPal AI learn German"},{"@type":"BreadcrumbList","@id":"https:\/\/talkpal.ai\/pt-br\/exercicios-de-gramatica-alema\/#breadcrumb","itemListElement":[{"@type":"ListItem","position":1,"name":"Homepage","item":"https:\/\/talkpal.ai\/pt-br\/"},{"@type":"ListItem","position":2,"name":"Exerc\u00edcios de Gram\u00e1tica Alem\u00e3"}]},{"@type":"WebSite","@id":"https:\/\/talkpal.ai\/pt-br\/#website","url":"https:\/\/talkpal.ai\/pt-br\/","name":"Talkpal","description":"AI Language Learning","publisher":{"@id":"https:\/\/talkpal.ai\/pt-br\/#organization"},"alternateName":"Talkpal AI","potentialAction":[{"@type":"SearchAction","target":{"@type":"EntryPoint","urlTemplate":"https:\/\/talkpal.ai\/pt-br\/?s={search_term_string}"},"query-input":{"@type":"PropertyValueSpecification","valueRequired":true,"valueName":"search_term_string"}}],"inLanguage":"pt-BR"},{"@type":"Organization","@id":"https:\/\/talkpal.ai\/pt-br\/#organization","name":"Talkpal, Inc.","alternateName":"Talkpal AI","url":"https:\/\/talkpal.ai\/pt-br\/","logo":{"@type":"ImageObject","inLanguage":"pt-BR","@id":"https:\/\/talkpal.ai\/pt-br\/#\/schema\/logo\/image\/","url":"https:\/\/talkpal.ai\/wp-content\/uploads\/2024\/03\/Talkpal-Logo-Icon.png","contentUrl":"https:\/\/talkpal.ai\/wp-content\/uploads\/2024\/03\/Talkpal-Logo-Icon.png","width":2880,"height":2880,"caption":"Talkpal, Inc."},"image":{"@id":"https:\/\/talkpal.ai\/pt-br\/#\/schema\/logo\/image\/"},"sameAs":["https:\/\/www.facebook.com\/profile.php?id=100090733639311","https:\/\/x.com\/talkpalai","https:\/\/www.linkedin.com\/company\/talkpal\/","https:\/\/www.youtube.com\/@TalkPal\/","https:\/\/www.tiktok.com\/@talkpal","https:\/\/www.instagram.com\/talkpal_ai\/","https:\/\/www.crunchbase.com\/organization\/talkpal-9cde","https:\/\/www.g2.com\/products\/talkpal-for-business\/","https:\/\/www.trustpilot.com\/review\/talkpal.ai","https:\/\/www.capterra.com\/p\/10006800\/TalkPal\/"],"description":"Talkpal is a language learning web and mobile education app, powered by the latest AI technologies, that provides engaging experiences to its customers in many different languages to help them improve their language skills. Users can chat about unlimited amount of topics with the app and use other modes to practice their language learning.","email":"support@talkpal.ai","legalName":"Talkpal, Inc.","foundingDate":"2023-04-03","duns":"118989042","numberOfEmployees":{"@type":"QuantitativeValue","minValue":"11","maxValue":"50"},"publishingPrinciples":"https:\/\/talkpal.ai\/publishing-principles\/","actionableFeedbackPolicy":"https:\/\/talkpal.ai\/actionable-feedback-policy\/","correctionsPolicy":"https:\/\/talkpal.ai\/corrections-policy\/","ethicsPolicy":"https:\/\/talkpal.ai\/ethics-policy\/","diversityPolicy":"https:\/\/talkpal.ai\/diversity-policy\/","diversityStaffingReport":"https:\/\/talkpal.ai\/diversity-policy\/"}]}},"_links":{"self":[{"href":"https:\/\/talkpal.ai\/pt-br\/wp-json\/wp\/v2\/pages\/132152","targetHints":{"allow":["GET"]}}],"collection":[{"href":"https:\/\/talkpal.ai\/pt-br\/wp-json\/wp\/v2\/pages"}],"about":[{"href":"https:\/\/talkpal.ai\/pt-br\/wp-json\/wp\/v2\/types\/page"}],"author":[{"embeddable":true,"href":"https:\/\/talkpal.ai\/pt-br\/wp-json\/wp\/v2\/users\/6"}],"replies":[{"embeddable":true,"href":"https:\/\/talkpal.ai\/pt-br\/wp-json\/wp\/v2\/comments?post=132152"}],"version-history":[{"count":0,"href":"https:\/\/talkpal.ai\/pt-br\/wp-json\/wp\/v2\/pages\/132152\/revisions"}],"wp:featuredmedia":[{"embeddable":true,"href":"https:\/\/talkpal.ai\/pt-br\/wp-json\/wp\/v2\/media\/75609"}],"wp:attachment":[{"href":"https:\/\/talkpal.ai\/pt-br\/wp-json\/wp\/v2\/media?parent=132152"}],"curies":[{"name":"wp","href":"https:\/\/api.w.org\/{rel}","templated":true}]}}