{"id":131064,"date":"2023-05-14T13:53:24","date_gmt":"2023-05-14T13:53:24","guid":{"rendered":"http:\/\/talkpal.ai\/gramatica-ucraniana\/"},"modified":"2025-12-11T16:36:14","modified_gmt":"2025-12-11T16:36:14","slug":"gramatica-ucraniana","status":"publish","type":"page","link":"https:\/\/talkpal.ai\/pt-br\/gramatica-ucraniana\/","title":{"rendered":"Gram\u00e1tica ucraniana"},"content":{"rendered":"\r\n\r\n\r\n<section class=\"languageChallengeSection\">\r\n    <div class=\"languageInfoWrapper\">\r\n        \r\n        <h1>Gram\u00e1tica ucraniana<\/h1>\r\n        <p>Explore a estrutura do idioma <a href=\"https:\/\/talkpal.ai\/learn-ukrainian\/\">ucraniano<\/a> aprendendo suas regras gramaticais essenciais. Dominar a <a href=\"https:\/\/talkpal.ai\/pt-pt\/o-que-ha-de-especial-na-gramatica-ucraniana\/\">gram\u00e1tica ucraniana<\/a> ajudar\u00e1 voc\u00ea a se comunicar com confian\u00e7a e a se conectar mais profundamente com a cultura e a heran\u00e7a ucranianas. Comece sua jornada gramatical ucraniana hoje mesmo e d\u00ea o primeiro passo rumo \u00e0 flu\u00eancia!<\/p>\r\n\r\n                            <a class=\"getStartedHidden\" href=\"https:\/\/app.talkpal.ai\/pt-br\/signup?lng=\">Come\u00e7a<\/a>\r\n        \r\n    <\/div>\r\n\r\n    <figure>\r\n    <img decoding=\"async\" width=\"768\" height=\"768\" src=\"https:\/\/talkpal.ai\/wp-content\/uploads\/2023\/06\/Ukrainian-768x768.png\" class=\"languageImage no-lazy\" alt=\"Language learning - Your doorway to the world\" fetchpriority=\"high\" sizes=\"(max-width: 768px) 150px, 768px\" srcset=\"https:\/\/talkpal.ai\/wp-content\/uploads\/2023\/06\/Ukrainian-768x768.png 768w, https:\/\/talkpal.ai\/wp-content\/uploads\/2023\/06\/Ukrainian-300x300.png 300w\" \/>\r\n    \r\n\r\n    <\/figure>\r\n\r\n            <a class=\"getStartedVisible\" href=\"https:\/\/app.talkpal.ai\/pt-br\/signup?lng=\">Come\u00e7a<\/a>\r\n    \r\n<\/section>\r\n<section class=\"promotionalBanner\">\r\n    <p class=\"promotionalText\">A maneira mais eficiente de aprender um idioma<\/p>\r\n    <a class=\"promotionalLink\" href=\"https:\/\/app.talkpal.ai\/pt-br\/signup?lng=\">Experimente o Talkpal gratuitamente<\/a>\r\n<\/section>\n<div class=\"wp-block-group pageContainerStyle\"><div class=\"wp-block-group__inner-container is-layout-constrained wp-block-group-is-layout-constrained\">\n<h2 class=\"wp-block-heading\" id=\"h-a-comprehensive-guide-to-mastering-ukrainian-grammar\">Um guia abrangente para dominar a gram\u00e1tica ucraniana<\/h2>\n\n\n\n<p>O ucraniano, uma l\u00edngua bonita e mel\u00f3dica, tem atra\u00eddo cada vez mais interesse de entusiastas da l\u00edngua em todo o mundo. <a href=\"https:\/\/talkpal.ai\/pt-pt\/aprender-ucraniano\/\">Aprender ucraniano<\/a> lhe d\u00e1 acesso a uma rica <a href=\"https:\/\/talkpal.ai\/pt-pt\/culture\/estudando-a-heranca-cultural-dos-monumentos-megaliticos\/\">heran\u00e7a cultural<\/a> e permite que voc\u00ea se comunique com milh\u00f5es de pessoas na Ucr\u00e2nia e pa\u00edses vizinhos. Embora mergulhar na gram\u00e1tica ucraniana possa parecer assustador no in\u00edcio, ter uma base s\u00f3lida nela permitir\u00e1 que voc\u00ea explore as nuances da l\u00edngua e aprecie plenamente sua beleza. Este artigo ir\u00e1 gui\u00e1-lo passo a passo atrav\u00e9s dos fundamentos da gram\u00e1tica ucraniana, equipando-o para <a href=\"https:\/\/talkpal.ai\/ko\/ai-%ec%96%b8%ec%96%b4-%ea%b5%90%ec%82%ac\/\">iniciar<\/a> com confian\u00e7a a sua jornada lingu\u00edstica.<\/p>\n\n\n\n<h3 class=\"wp-block-heading\" id=\"h-1-mastering-ukrainian-nouns-and-cases\">1. Dominando substantivos e casos ucranianos<\/h3>\n\n\n\n<p>Uma caracter\u00edstica <a href=\"https:\/\/talkpal.ai\/locations\/language-courses-in-central\/\">central<\/a> da gram\u00e1tica ucraniana \u00e9 seu sistema de casos. Ao usar substantivos, voc\u00ea precisa saber seu g\u00eanero (masculino, feminino ou neutro) e estar atento ao contexto que pode exigir uma mudan\u00e7a em suas termina\u00e7\u00f5es. A l\u00edngua ucraniana tem sete casos:<\/p>\n\n\n\n<p>&#8211; Nominativo: o sujeito de uma frase<\/p>\n\n\n\n<p>&#8211; Genitivo: indica posse, quantidade e nega\u00e7\u00e3o<\/p>\n\n\n\n<p>&#8211; Dativo: objeto indireto ou movimento em dire\u00e7\u00e3o a uma meta<\/p>\n\n\n\n<p>&#8211; Acusativo: objeto direto ou movimento direcionado a algo<\/p>\n\n\n\n<p>&#8211; Instrumental: denota meio ou instrumento de a\u00e7\u00e3o<\/p>\n\n\n\n<p>&#8211; Locativo: indica localiza\u00e7\u00e3o<\/p>\n\n\n\n<p>&#8211; Vocativo: usado para se dirigir ou chamar algu\u00e9m<\/p>\n\n\n\n<p>Voc\u00ea precisar\u00e1 prestar aten\u00e7\u00e3o \u00e0s termina\u00e7\u00f5es e declina\u00e7\u00f5es dos substantivos, pois elas mudam de acordo com o caso usado, o g\u00eanero e o n\u00famero do substantivo.<\/p>\n\n\n\n<h3 class=\"wp-block-heading\" id=\"h-2-navigating-the-ukrainian-verb-system\">2. Navegando no sistema verbal ucraniano<\/h3>\n\n\n\n<p>Os verbos ucranianos s\u00e3o conjugados com base na pessoa, n\u00famero, tempo, humor e voz. Em ucraniano, h\u00e1 quatro aspectos dos verbos \u2013 perfectivo, imperfectivo, iterativo e inceptivo:<\/p>\n\n\n\n<p>&#8211; Perfective: denota a\u00e7\u00f5es conclu\u00eddas<\/p>\n\n\n\n<p>&#8211; Imperfective: descreve a\u00e7\u00f5es cont\u00ednuas, habituais ou repetidas<\/p>\n\n\n\n<p>&#8211; Iterativo: transmite a\u00e7\u00f5es repetidas <a href=\"https:\/\/talkpal.ai\/culture\/how-do-i-combine-em-and-um-to-form-num\/\">em um<\/a> intervalo especificado<\/p>\n\n\n\n<p>&#8211; Inceptivo: indica o in\u00edcio de uma a\u00e7\u00e3o<\/p>\n\n\n\n<p>Para navegar no sistema verbal ucraniano, voc\u00ea deve se familiarizar com as tr\u00eas conjuga\u00e7\u00f5es verbais b\u00e1sicas. O processo de conjuga\u00e7\u00e3o envolve a mudan\u00e7a das termina\u00e7\u00f5es da raiz do verbo de acordo com o tempo, o humor e o sujeito.<\/p>\n\n\n\n<h3 class=\"wp-block-heading\" id=\"h-3-perfecting-ukrainian-adjectives-and-pronouns\">3. Aperfei\u00e7oando adjetivos e pronomes ucranianos<\/h3>\n\n\n\n<p>Os adjetivos em ucraniano devem concordar com o substantivo que descrevem, em g\u00eanero, n\u00famero e caso. Isso significa que, ao usar um adjetivo, \u00e9 preciso ficar atento \u00e0s suas termina\u00e7\u00f5es, pois elas mudar\u00e3o para se alinhar com o substantivo. Al\u00e9m disso, os adjetivos em ucraniano podem ser formas longas ou curtas, com cada um tendo seu uso dependendo do contexto.<\/p>\n\n\n\n<p>Os pronomes s\u00e3o usados em vez de substantivos e tamb\u00e9m devem concordar com o substantivo que substituem, em g\u00eanero, n\u00famero e caso. Os <a href=\"https:\/\/talkpal.ai\/grammar\/pronomes-pessoais-in-portuguese-grammar\/\">pronomes pessoais<\/a> em ucraniano incluem &#8220;\u044f&#8221; (eu), &#8220;\u0442\u0438&#8221; (voc\u00ea, singular), &#8220;\u0432\u0456\u043d\/\u0432\u043e\u043d\u0430\/\u0432\u043e\u043d\u043e&#8221; (ele\/ela), &#8220;\u043c\u0438&#8221; (n\u00f3s), &#8220;\u0432\u0438&#8221; (voc\u00ea, plural ou formal) e &#8220;\u0432\u043e\u043d\u0438&#8221; (eles). H\u00e1 tamb\u00e9m pronomes possessivos, demonstrativos e relativos em ucraniano.<\/p>\n\n\n\n<h3 class=\"wp-block-heading\" id=\"h-4-putting-it-all-together-sentence-structure\">4. Juntando tudo: estrutura da frase<\/h3>\n\n\n\n<p>O ucraniano segue a estrutura da ora\u00e7\u00e3o sujeito-verbo-objeto (SVO), semelhante ao ingl\u00eas. No entanto, ao contr\u00e1rio do ingl\u00eas, o ucraniano tem mais flexibilidade na ordem das palavras devido ao seu sistema de casos. Essa flexibilidade permite que os falantes enfatizem palavras ou ideias espec\u00edficas, colocando-as em v\u00e1rias posi\u00e7\u00f5es dentro de uma frase. Embora dominar essa versatilidade possa levar tempo, ele permite que voc\u00ea se expresse de forma mais art\u00edstica e fluida em ucraniano.<\/p>\n\n\n\n<h3 class=\"wp-block-heading\" id=\"h-conclusion\">Conclus\u00e3o<\/h3>\n\n\n\n<p>Ao embarcar em sua jornada na l\u00edngua ucraniana, lembre-se de que tornar-se fluente na gram\u00e1tica exige pr\u00e1tica e persist\u00eancia. Familiarize-se com os v\u00e1rios aspectos da gram\u00e1tica ucraniana gradualmente, de substantivos e casos a verbos e estrutura de frases. Aproveite o processo de aprendizagem e aprecie a beleza e expressividade da l\u00edngua ucraniana. \u0412\u0434\u0430\u0447\u0456! (Boa sorte!)<\/p>\n<\/div><\/div>\n\r\n<section class=\"learnNavigationSection\">\r\n            \r\n        <a href=\"https:\/\/talkpal.ai\/pt-br\/aprenda-ucraniano\/\">\r\n            <div class=\"learnNavigationWrapper\">\r\n                <div class=\"learnNavigationContent\">\r\n                    <img decoding=\"async\" src=\"https:\/\/talkpal.ai\/wp-content\/uploads\/2024\/08\/Ukrainian.jpg\" alt=\"Ukrainian Flag\">\r\n                    <div>\r\n                        <h4>Sobre o aprendizado de ucraniano<\/h4>\r\n                        <p>Saiba tudo sobre a gram\u00e1tica ucraniana .<\/p>\r\n                    <\/div>\r\n                <\/div>\r\n            <\/div>\r\n        <\/a>\r\n\r\n        \r\n        <a href=\"https:\/\/talkpal.ai\/pt-br\/exercicios-de-gramatica-ucraniana\/\">\r\n            <div class=\"learnNavigationWrapper\">\r\n                <div class=\"learnNavigationContent\">\r\n                    <img decoding=\"async\" src=\"https:\/\/talkpal.ai\/wp-content\/uploads\/2024\/08\/Ukrainian.jpg\" alt=\"Ukrainian Flag\">\r\n                    <div>\r\n                        <h4>Exerc\u00edcio de gram\u00e1tica ucraniana<\/h4>\r\n                        <p>Pratique a gram\u00e1tica ucraniana .<\/p>\r\n                    <\/div>\r\n                <\/div>\r\n            <\/div>\r\n        <\/a>\r\n\r\n        \r\n        <a href=\"https:\/\/talkpal.ai\/vocabulary_language\/ukrainian\/\">\r\n            <div class=\"learnNavigationWrapper\">\r\n                <div class=\"learnNavigationContent\">\r\n                    <img decoding=\"async\" src=\"https:\/\/talkpal.ai\/wp-content\/uploads\/2024\/08\/Ukrainian.jpg\" alt=\"Ukrainian Flag\">\r\n                    <div>\r\n                        <h4>Vocabul\u00e1rio ucraniano<\/h4>\r\n                        <p>Amplie seu vocabul\u00e1rio ucraniano.<\/p>\r\n                    <\/div>\r\n                <\/div>\r\n            <\/div>\r\n        <\/a>\r\n\r\n            <\/section>","protected":false},"excerpt":{"rendered":"<p>Um guia abrangente para dominar a gram\u00e1tica ucraniana O ucraniano, uma l\u00edngua bonita e mel\u00f3dica, tem atra\u00eddo cada vez mais interesse de entusiastas da l\u00edngua em todo o mundo. Aprender ucraniano lhe d\u00e1 acesso a uma rica heran\u00e7a cultural e permite que voc\u00ea se comunique com milh\u00f5es de pessoas na Ucr\u00e2nia e pa\u00edses vizinhos. Embora [&hellip;]<\/p>\n","protected":false},"author":1,"featured_media":108653,"parent":0,"menu_order":0,"comment_status":"closed","ping_status":"closed","template":"LearningContentPage.php","meta":{"_acf_changed":false,"footnotes":""},"class_list":["post-131064","page","type-page","status-publish","has-post-thumbnail","hentry"],"acf":[],"yoast_head":"<!-- This site is optimized with the Yoast SEO Premium plugin v27.2 (Yoast SEO v27.2) - https:\/\/yoast.com\/product\/yoast-seo-premium-wordpress\/ -->\n<title>Gram\u00e1tica ucraniana - Talkpal<\/title>\n<meta name=\"description\" content=\"Descubra a beleza da gram\u00e1tica ucraniana com dicas e percep\u00e7\u00f5es essenciais para aprimorar sua jornada de aprendizado de idiomas.\" \/>\n<meta name=\"robots\" content=\"index, follow, max-snippet:-1, max-image-preview:large, max-video-preview:-1\" \/>\n<link rel=\"canonical\" href=\"https:\/\/talkpal.ai\/pt-br\/gramatica-ucraniana\/\" \/>\n<meta property=\"og:locale\" content=\"pt_BR\" \/>\n<meta property=\"og:type\" content=\"article\" \/>\n<meta property=\"og:title\" content=\"Gram\u00e1tica ucraniana\" \/>\n<meta property=\"og:description\" content=\"Um guia abrangente para dominar a gram\u00e1tica ucraniana O ucraniano, uma l\u00edngua bonita e mel\u00f3dica, tem atra\u00eddo cada vez mais interesse de entusiastas da\" \/>\n<meta property=\"og:url\" content=\"https:\/\/talkpal.ai\/pt-br\/gramatica-ucraniana\/\" \/>\n<meta property=\"og:site_name\" content=\"Talkpal\" \/>\n<meta property=\"article:publisher\" content=\"https:\/\/www.facebook.com\/profile.php?id=100090733639311\" \/>\n<meta property=\"article:modified_time\" content=\"2025-12-11T16:36:14+00:00\" \/>\n<meta property=\"og:image\" content=\"https:\/\/talkpal.ai\/wp-content\/uploads\/2023\/04\/ukraine.png\" \/>\n\t<meta property=\"og:image:width\" content=\"512\" \/>\n\t<meta property=\"og:image:height\" content=\"512\" \/>\n\t<meta property=\"og:image:type\" content=\"image\/png\" \/>\n<meta name=\"twitter:card\" content=\"summary_large_image\" \/>\n<meta name=\"twitter:site\" content=\"@talkpalai\" \/>\n<meta name=\"twitter:label1\" content=\"Est. tempo de leitura\" \/>\n\t<meta name=\"twitter:data1\" content=\"3 minutos\" \/>\n<script type=\"application\/ld+json\" class=\"yoast-schema-graph\">{\"@context\":\"https:\/\/schema.org\",\"@graph\":[{\"@type\":\"WebPage\",\"@id\":\"https:\/\/talkpal.ai\/pt-br\/gramatica-ucraniana\/\",\"url\":\"https:\/\/talkpal.ai\/pt-br\/gramatica-ucraniana\/\",\"name\":\"Gram\u00e1tica ucraniana - Talkpal\",\"isPartOf\":{\"@id\":\"https:\/\/talkpal.ai\/pt-br\/#website\"},\"primaryImageOfPage\":{\"@id\":\"https:\/\/talkpal.ai\/pt-br\/gramatica-ucraniana\/#primaryimage\"},\"image\":{\"@id\":\"https:\/\/talkpal.ai\/pt-br\/gramatica-ucraniana\/#primaryimage\"},\"thumbnailUrl\":\"https:\/\/talkpal.ai\/wp-content\/uploads\/2023\/04\/ukraine.png\",\"datePublished\":\"2023-05-14T13:53:24+00:00\",\"dateModified\":\"2025-12-11T16:36:14+00:00\",\"description\":\"Descubra a beleza da gram\u00e1tica ucraniana com dicas e percep\u00e7\u00f5es essenciais para aprimorar sua jornada de aprendizado de idiomas.\",\"breadcrumb\":{\"@id\":\"https:\/\/talkpal.ai\/pt-br\/gramatica-ucraniana\/#breadcrumb\"},\"inLanguage\":\"pt-BR\",\"potentialAction\":[{\"@type\":\"ReadAction\",\"target\":[\"https:\/\/talkpal.ai\/pt-br\/gramatica-ucraniana\/\"]}]},{\"@type\":\"ImageObject\",\"inLanguage\":\"pt-BR\",\"@id\":\"https:\/\/talkpal.ai\/pt-br\/gramatica-ucraniana\/#primaryimage\",\"url\":\"https:\/\/talkpal.ai\/wp-content\/uploads\/2023\/04\/ukraine.png\",\"contentUrl\":\"https:\/\/talkpal.ai\/wp-content\/uploads\/2023\/04\/ukraine.png\",\"width\":512,\"height\":512,\"caption\":\"TalkPal Ukrainian Flag\"},{\"@type\":\"BreadcrumbList\",\"@id\":\"https:\/\/talkpal.ai\/pt-br\/gramatica-ucraniana\/#breadcrumb\",\"itemListElement\":[{\"@type\":\"ListItem\",\"position\":1,\"name\":\"Homepage\",\"item\":\"https:\/\/talkpal.ai\/pt-br\/\"},{\"@type\":\"ListItem\",\"position\":2,\"name\":\"Gram\u00e1tica ucraniana\"}]},{\"@type\":\"WebSite\",\"@id\":\"https:\/\/talkpal.ai\/pt-br\/#website\",\"url\":\"https:\/\/talkpal.ai\/pt-br\/\",\"name\":\"Talkpal\",\"description\":\"AI Language Learning\",\"publisher\":{\"@id\":\"https:\/\/talkpal.ai\/pt-br\/#organization\"},\"alternateName\":\"Talkpal AI\",\"potentialAction\":[{\"@type\":\"SearchAction\",\"target\":{\"@type\":\"EntryPoint\",\"urlTemplate\":\"https:\/\/talkpal.ai\/pt-br\/?s={search_term_string}\"},\"query-input\":{\"@type\":\"PropertyValueSpecification\",\"valueRequired\":true,\"valueName\":\"search_term_string\"}}],\"inLanguage\":\"pt-BR\"},{\"@type\":\"Organization\",\"@id\":\"https:\/\/talkpal.ai\/pt-br\/#organization\",\"name\":\"Talkpal, Inc.\",\"alternateName\":\"Talkpal AI\",\"url\":\"https:\/\/talkpal.ai\/pt-br\/\",\"logo\":{\"@type\":\"ImageObject\",\"inLanguage\":\"pt-BR\",\"@id\":\"https:\/\/talkpal.ai\/pt-br\/#\/schema\/logo\/image\/\",\"url\":\"https:\/\/talkpal.ai\/wp-content\/uploads\/2024\/03\/Talkpal-Logo-Icon.png\",\"contentUrl\":\"https:\/\/talkpal.ai\/wp-content\/uploads\/2024\/03\/Talkpal-Logo-Icon.png\",\"width\":2880,\"height\":2880,\"caption\":\"Talkpal, Inc.\"},\"image\":{\"@id\":\"https:\/\/talkpal.ai\/pt-br\/#\/schema\/logo\/image\/\"},\"sameAs\":[\"https:\/\/www.facebook.com\/profile.php?id=100090733639311\",\"https:\/\/x.com\/talkpalai\",\"https:\/\/www.linkedin.com\/company\/talkpal\/\",\"https:\/\/www.youtube.com\/@TalkPal\/\",\"https:\/\/www.tiktok.com\/@talkpal\",\"https:\/\/www.instagram.com\/talkpal_ai\/\",\"https:\/\/www.crunchbase.com\/organization\/talkpal-9cde\",\"https:\/\/www.g2.com\/products\/talkpal-for-business\/\",\"https:\/\/www.trustpilot.com\/review\/talkpal.ai\",\"https:\/\/www.capterra.com\/p\/10006800\/TalkPal\/\"],\"description\":\"Talkpal is a language learning web and mobile education app, powered by the latest AI technologies, that provides engaging experiences to its customers in many different languages to help them improve their language skills. Users can chat about unlimited amount of topics with the app and use other modes to practice their language learning.\",\"email\":\"support@talkpal.ai\",\"legalName\":\"Talkpal, Inc.\",\"foundingDate\":\"2023-04-03\",\"duns\":\"118989042\",\"numberOfEmployees\":{\"@type\":\"QuantitativeValue\",\"minValue\":\"11\",\"maxValue\":\"50\"},\"publishingPrinciples\":\"https:\/\/talkpal.ai\/publishing-principles\/\",\"actionableFeedbackPolicy\":\"https:\/\/talkpal.ai\/actionable-feedback-policy\/\",\"correctionsPolicy\":\"https:\/\/talkpal.ai\/corrections-policy\/\",\"ethicsPolicy\":\"https:\/\/talkpal.ai\/ethics-policy\/\",\"diversityPolicy\":\"https:\/\/talkpal.ai\/diversity-policy\/\",\"diversityStaffingReport\":\"https:\/\/talkpal.ai\/diversity-policy\/\"}]}<\/script>\n<!-- \/ Yoast SEO Premium plugin. -->","yoast_head_json":{"title":"Gram\u00e1tica ucraniana - Talkpal","description":"Descubra a beleza da gram\u00e1tica ucraniana com dicas e percep\u00e7\u00f5es essenciais para aprimorar sua jornada de aprendizado de idiomas.","robots":{"index":"index","follow":"follow","max-snippet":"max-snippet:-1","max-image-preview":"max-image-preview:large","max-video-preview":"max-video-preview:-1"},"canonical":"https:\/\/talkpal.ai\/pt-br\/gramatica-ucraniana\/","og_locale":"pt_BR","og_type":"article","og_title":"Gram\u00e1tica ucraniana","og_description":"Um guia abrangente para dominar a gram\u00e1tica ucraniana O ucraniano, uma l\u00edngua bonita e mel\u00f3dica, tem atra\u00eddo cada vez mais interesse de entusiastas da","og_url":"https:\/\/talkpal.ai\/pt-br\/gramatica-ucraniana\/","og_site_name":"Talkpal","article_publisher":"https:\/\/www.facebook.com\/profile.php?id=100090733639311","article_modified_time":"2025-12-11T16:36:14+00:00","og_image":[{"width":512,"height":512,"url":"https:\/\/talkpal.ai\/wp-content\/uploads\/2023\/04\/ukraine.png","type":"image\/png"}],"twitter_card":"summary_large_image","twitter_site":"@talkpalai","twitter_misc":{"Est. tempo de leitura":"3 minutos"},"schema":{"@context":"https:\/\/schema.org","@graph":[{"@type":"WebPage","@id":"https:\/\/talkpal.ai\/pt-br\/gramatica-ucraniana\/","url":"https:\/\/talkpal.ai\/pt-br\/gramatica-ucraniana\/","name":"Gram\u00e1tica ucraniana - Talkpal","isPartOf":{"@id":"https:\/\/talkpal.ai\/pt-br\/#website"},"primaryImageOfPage":{"@id":"https:\/\/talkpal.ai\/pt-br\/gramatica-ucraniana\/#primaryimage"},"image":{"@id":"https:\/\/talkpal.ai\/pt-br\/gramatica-ucraniana\/#primaryimage"},"thumbnailUrl":"https:\/\/talkpal.ai\/wp-content\/uploads\/2023\/04\/ukraine.png","datePublished":"2023-05-14T13:53:24+00:00","dateModified":"2025-12-11T16:36:14+00:00","description":"Descubra a beleza da gram\u00e1tica ucraniana com dicas e percep\u00e7\u00f5es essenciais para aprimorar sua jornada de aprendizado de idiomas.","breadcrumb":{"@id":"https:\/\/talkpal.ai\/pt-br\/gramatica-ucraniana\/#breadcrumb"},"inLanguage":"pt-BR","potentialAction":[{"@type":"ReadAction","target":["https:\/\/talkpal.ai\/pt-br\/gramatica-ucraniana\/"]}]},{"@type":"ImageObject","inLanguage":"pt-BR","@id":"https:\/\/talkpal.ai\/pt-br\/gramatica-ucraniana\/#primaryimage","url":"https:\/\/talkpal.ai\/wp-content\/uploads\/2023\/04\/ukraine.png","contentUrl":"https:\/\/talkpal.ai\/wp-content\/uploads\/2023\/04\/ukraine.png","width":512,"height":512,"caption":"TalkPal Ukrainian Flag"},{"@type":"BreadcrumbList","@id":"https:\/\/talkpal.ai\/pt-br\/gramatica-ucraniana\/#breadcrumb","itemListElement":[{"@type":"ListItem","position":1,"name":"Homepage","item":"https:\/\/talkpal.ai\/pt-br\/"},{"@type":"ListItem","position":2,"name":"Gram\u00e1tica ucraniana"}]},{"@type":"WebSite","@id":"https:\/\/talkpal.ai\/pt-br\/#website","url":"https:\/\/talkpal.ai\/pt-br\/","name":"Talkpal","description":"AI Language Learning","publisher":{"@id":"https:\/\/talkpal.ai\/pt-br\/#organization"},"alternateName":"Talkpal AI","potentialAction":[{"@type":"SearchAction","target":{"@type":"EntryPoint","urlTemplate":"https:\/\/talkpal.ai\/pt-br\/?s={search_term_string}"},"query-input":{"@type":"PropertyValueSpecification","valueRequired":true,"valueName":"search_term_string"}}],"inLanguage":"pt-BR"},{"@type":"Organization","@id":"https:\/\/talkpal.ai\/pt-br\/#organization","name":"Talkpal, Inc.","alternateName":"Talkpal AI","url":"https:\/\/talkpal.ai\/pt-br\/","logo":{"@type":"ImageObject","inLanguage":"pt-BR","@id":"https:\/\/talkpal.ai\/pt-br\/#\/schema\/logo\/image\/","url":"https:\/\/talkpal.ai\/wp-content\/uploads\/2024\/03\/Talkpal-Logo-Icon.png","contentUrl":"https:\/\/talkpal.ai\/wp-content\/uploads\/2024\/03\/Talkpal-Logo-Icon.png","width":2880,"height":2880,"caption":"Talkpal, Inc."},"image":{"@id":"https:\/\/talkpal.ai\/pt-br\/#\/schema\/logo\/image\/"},"sameAs":["https:\/\/www.facebook.com\/profile.php?id=100090733639311","https:\/\/x.com\/talkpalai","https:\/\/www.linkedin.com\/company\/talkpal\/","https:\/\/www.youtube.com\/@TalkPal\/","https:\/\/www.tiktok.com\/@talkpal","https:\/\/www.instagram.com\/talkpal_ai\/","https:\/\/www.crunchbase.com\/organization\/talkpal-9cde","https:\/\/www.g2.com\/products\/talkpal-for-business\/","https:\/\/www.trustpilot.com\/review\/talkpal.ai","https:\/\/www.capterra.com\/p\/10006800\/TalkPal\/"],"description":"Talkpal is a language learning web and mobile education app, powered by the latest AI technologies, that provides engaging experiences to its customers in many different languages to help them improve their language skills. Users can chat about unlimited amount of topics with the app and use other modes to practice their language learning.","email":"support@talkpal.ai","legalName":"Talkpal, Inc.","foundingDate":"2023-04-03","duns":"118989042","numberOfEmployees":{"@type":"QuantitativeValue","minValue":"11","maxValue":"50"},"publishingPrinciples":"https:\/\/talkpal.ai\/publishing-principles\/","actionableFeedbackPolicy":"https:\/\/talkpal.ai\/actionable-feedback-policy\/","correctionsPolicy":"https:\/\/talkpal.ai\/corrections-policy\/","ethicsPolicy":"https:\/\/talkpal.ai\/ethics-policy\/","diversityPolicy":"https:\/\/talkpal.ai\/diversity-policy\/","diversityStaffingReport":"https:\/\/talkpal.ai\/diversity-policy\/"}]}},"_links":{"self":[{"href":"https:\/\/talkpal.ai\/pt-br\/wp-json\/wp\/v2\/pages\/131064","targetHints":{"allow":["GET"]}}],"collection":[{"href":"https:\/\/talkpal.ai\/pt-br\/wp-json\/wp\/v2\/pages"}],"about":[{"href":"https:\/\/talkpal.ai\/pt-br\/wp-json\/wp\/v2\/types\/page"}],"author":[{"embeddable":true,"href":"https:\/\/talkpal.ai\/pt-br\/wp-json\/wp\/v2\/users\/1"}],"replies":[{"embeddable":true,"href":"https:\/\/talkpal.ai\/pt-br\/wp-json\/wp\/v2\/comments?post=131064"}],"version-history":[{"count":0,"href":"https:\/\/talkpal.ai\/pt-br\/wp-json\/wp\/v2\/pages\/131064\/revisions"}],"wp:featuredmedia":[{"embeddable":true,"href":"https:\/\/talkpal.ai\/pt-br\/wp-json\/wp\/v2\/media\/108653"}],"wp:attachment":[{"href":"https:\/\/talkpal.ai\/pt-br\/wp-json\/wp\/v2\/media?parent=131064"}],"curies":[{"name":"wp","href":"https:\/\/api.w.org\/{rel}","templated":true}]}}