{"id":130680,"date":"2023-05-14T13:53:07","date_gmt":"2023-05-14T13:53:07","guid":{"rendered":"http:\/\/talkpal.ai\/gramatica-sueca\/"},"modified":"2025-12-11T16:31:41","modified_gmt":"2025-12-11T16:31:41","slug":"gramatica-sueca","status":"publish","type":"page","link":"https:\/\/talkpal.ai\/pt-br\/gramatica-sueca\/","title":{"rendered":"Gram\u00e1tica sueca"},"content":{"rendered":"\r\n\r\n\r\n<section class=\"languageChallengeSection\">\r\n    <div class=\"languageInfoWrapper\">\r\n        \r\n        <h1>Gram\u00e1tica sueca<\/h1>\r\n        <p>Descubra a beleza da l\u00edngua <a href=\"https:\/\/talkpal.ai\/locations\/language-courses-in-sueca\/\">sueca<\/a> dominando suas regras gramaticais essenciais. Uma s\u00f3lida compreens\u00e3o da <a href=\"https:\/\/talkpal.ai\/es\/gramatica-sueca\/\">gram\u00e1tica sueca<\/a> permitir\u00e1 que voc\u00ea se comunique com confian\u00e7a e se conecte com a cultura sueca. Comece a aprender a gram\u00e1tica sueca hoje mesmo e d\u00ea o primeiro passo rumo \u00e0 flu\u00eancia!<\/p>\r\n\r\n                            <a class=\"getStartedHidden\" href=\"https:\/\/app.talkpal.ai\/pt-br\/signup?lng=\">Come\u00e7a<\/a>\r\n        \r\n    <\/div>\r\n\r\n    <figure>\r\n    <img decoding=\"async\" width=\"768\" height=\"768\" src=\"https:\/\/talkpal.ai\/wp-content\/uploads\/2023\/06\/swedish-768x768.png\" class=\"languageImage no-lazy\" alt=\"Language learning for improved concentration\" fetchpriority=\"high\" sizes=\"(max-width: 768px) 150px, 768px\" srcset=\"https:\/\/talkpal.ai\/wp-content\/uploads\/2023\/06\/swedish-768x768.png 768w, https:\/\/talkpal.ai\/wp-content\/uploads\/2023\/06\/swedish-300x300.png 300w\" \/>\r\n    \r\n\r\n    <\/figure>\r\n\r\n            <a class=\"getStartedVisible\" href=\"https:\/\/app.talkpal.ai\/pt-br\/signup?lng=\">Come\u00e7a<\/a>\r\n    \r\n<\/section>\r\n<section class=\"promotionalBanner\">\r\n    <p class=\"promotionalText\">A maneira mais eficiente de aprender um idioma<\/p>\r\n    <a class=\"promotionalLink\" href=\"https:\/\/app.talkpal.ai\/pt-br\/signup?lng=\">Experimente o Talkpal gratuitamente<\/a>\r\n<\/section>\n<div class=\"wp-block-group pageContainerStyle\"><div class=\"wp-block-group__inner-container is-layout-constrained wp-block-group-is-layout-constrained\">\n<h2 class=\"wp-block-heading\" id=\"h-demystifying-swedish-grammar-a-comprehensive-guide-to-master-its-rules-and-nuances\">Desmistificando a gram\u00e1tica sueca: um guia abrangente para dominar suas regras e nuances<\/h2>\n\n\n\n<p>O <a href=\"https:\/\/talkpal.ai\/learn-swedish\/\">sueco<\/a>, falado por aproximadamente 10 milh\u00f5es de pessoas, \u00e9 uma l\u00edngua rica e mel\u00f3dica pertencente \u00e0 fam\u00edlia germ\u00e2nica do norte. Embora a gram\u00e1tica sueca seja relativamente simples em compara\u00e7\u00e3o com alguns outros idiomas, entender suas regras e estrutura \u00e9 fundamental para melhorar sua profici\u00eancia no idioma. Neste artigo, orientaremos voc\u00ea sobre os aspectos fundamentais da gram\u00e1tica sueca e forneceremos dicas \u00fateis para aprimorar suas habilidades no idioma sueco.<\/p>\n\n\n\n<h3 class=\"wp-block-heading\" id=\"h-essential-components-of-swedish-grammar\">Componentes essenciais da gram\u00e1tica sueca:<\/h3>\n\n\n\n<p>A gram\u00e1tica sueca compartilha semelhan\u00e7as com a <a href=\"https:\/\/talkpal.ai\/pt-pt\/o-que-ha-de-especial-na-gramatica-inglesa\/\">gram\u00e1tica inglesa<\/a>, tornando mais f\u00e1cil para os falantes de <a href=\"https:\/\/talkpal.ai\/pt-pt\/locations\/aprenda-ingles-em-passos\/\">ingl\u00eas<\/a> entenderem. Aqui est\u00e3o alguns aspectos cr\u00edticos da gram\u00e1tica sueca com os quais vale a pena se familiarizar:<\/p>\n\n\n\n<p><strong>1. Substantivos<\/strong> : Os substantivos suecos s\u00e3o divididos em dois g\u00eaneros gramaticais: comum (en) e neutro (ett). Cada substantivo pertence a uma dessas categorias, o que \u00e9 importante considerar ao usar artigos indefinidos e definidos. Os substantivos suecos tamb\u00e9m t\u00eam formas plurais, com v\u00e1rios padr\u00f5es distintos para lembrar.<\/p>\n\n\n\n<p><strong>2. Adjetivos:<\/strong> Os adjetivos em sueco concordam com o g\u00eanero do substantivo. Dependendo do g\u00eanero do substantivo, existem tr\u00eas formas de adjetivos: positivo, <a href=\"https:\/\/talkpal.ai\/pt-pt\/grammar_exercises\/comparacao-de-adjetivos-comparativo-e-superlativo-exercicios-de-gramatica-croata\/\">comparativo e superlativo<\/a>. Os adjetivos tamb\u00e9m concordam em n\u00famero (singular ou plural).<\/p>\n\n\n\n<p><strong>3. Verbos:<\/strong> Os verbos suecos s\u00e3o classificados em quatro grupos, cada um com seu padr\u00e3o de conjuga\u00e7\u00e3o. Os verbos s\u00e3o conjugados com base no tempo verbal (<a href=\"https:\/\/talkpal.ai\/zh-hans\/grammar_exercises\/presente-%e8%a5%bf%e7%8f%ad%e7%89%99%e8%af%ad%e6%b3%95%e7%bb%83%e4%b9%a0\/\">presente<\/a>, passado ou futuro), mas n\u00e3o s\u00e3o conjugados de acordo com o sujeito, como em ingl\u00eas. Em vez disso, as formas verbais suecas permanecem consistentes, independentemente do sujeito. Al\u00e9m disso, os verbos suecos n\u00e3o t\u00eam formas cont\u00ednuas (i.e., -ing) como em ingl\u00eas.<\/p>\n\n\n\n<p><strong>4. Estrutura da frase:<\/strong> A estrutura da senten\u00e7a sueca \u00e9 tipicamente Sujeito-Verbo-Objeto (SVO), muito parecida com o ingl\u00eas. No entanto, o sueco geralmente usa a regra de ordem de palavras V2, onde o verbo aparece na segunda posi\u00e7\u00e3o em ora\u00e7\u00f5es declarativas e perguntas.<\/p>\n\n\n\n<h3 class=\"wp-block-heading\" id=\"h-tips-for-learning-swedish-grammar\">Dicas para aprender gram\u00e1tica sueca:<\/h3>\n\n\n\n<p>Para tornar sua jornada de aprendizado de gram\u00e1tica sueca mais suave, aqui est\u00e3o algumas dicas pr\u00e1ticas a seguir:<\/p>\n\n\n\n<p><strong>1. Pratique regularmente:<\/strong> a consist\u00eancia \u00e9 fundamental. Aloque tempo a cada dia ou semana para praticar exerc\u00edcios de gram\u00e1tica, leitura e escrita em sueco.<\/p>\n\n\n\n<p><strong>2. Use recursos nativos:<\/strong> mergulhe em materiais nativos suecos, como literatura, artigos de not\u00edcias e podcasts. Isso n\u00e3o s\u00f3 ajudar\u00e1 voc\u00ea a entender a gram\u00e1tica sueca no contexto, mas tamb\u00e9m melhorar\u00e1 suas habilidades de leitura e audi\u00e7\u00e3o.<\/p>\n\n\n\n<p><strong>3. Aprenda g\u00eaneros substantivos e plurais:<\/strong> Memorizar o g\u00eanero (en ou ett) e as formas plurais dos substantivos suecos \u00e9 crucial. Praticar ao longo do tempo acabar\u00e1 por ajud\u00e1-lo a internalizar essas regras.<\/p>\n\n\n\n<p><strong>4. Conecte-se com falantes nativos:<\/strong> Participar de conversas com falantes nativos de sueco permitir\u00e1 que voc\u00ea pratique gram\u00e1tica e receba feedback valioso. Considere participar de grupos de interc\u00e2mbio de idiomas ou f\u00f3runs on-line para se conectar com indiv\u00edduos que falam sueco.<\/p>\n\n\n\n<p><strong>5. Seja paciente e persistente:<\/strong> Lembre-se de que aprender gram\u00e1tica \u00e9 um processo. Mantenha-se comprometido, continue praticando e comemore o progresso ao longo do caminho.<\/p>\n\n\n\n<h2 class=\"wp-block-heading\" id=\"h-conclusion\">Conclus\u00e3o:<\/h2>\n\n\n\n<p>A gram\u00e1tica sueca, embora aparentemente complexa, pode ser dominada com dedica\u00e7\u00e3o e compreens\u00e3o de seus componentes integrais. Seguindo nossas sugest\u00f5es e mergulhando no idioma, voc\u00ea ver\u00e1 uma melhora constante em suas habilidades no idioma sueco. Abrace o desafio e aproveite a jornada em dire\u00e7\u00e3o ao dom\u00ednio gramatical sueco!<\/p>\n<\/div><\/div>\n\r\n<section class=\"learnNavigationSection\">\r\n            \r\n        <a href=\"https:\/\/talkpal.ai\/pt-br\/aprenda-sueco\/\">\r\n            <div class=\"learnNavigationWrapper\">\r\n                <div class=\"learnNavigationContent\">\r\n                    <img decoding=\"async\" src=\"https:\/\/talkpal.ai\/wp-content\/uploads\/2024\/08\/Swedish.jpg\" alt=\"Swedish Flag\">\r\n                    <div>\r\n                        <h4>Sobre o Swedish Learning<\/h4>\r\n                        <p>Saiba tudo sobre a gram\u00e1tica sueca.<\/p>\r\n                    <\/div>\r\n                <\/div>\r\n            <\/div>\r\n        <\/a>\r\n\r\n        \r\n        <a href=\"https:\/\/talkpal.ai\/pt-br\/exercicios-de-gramatica-sueca\/\">\r\n            <div class=\"learnNavigationWrapper\">\r\n                <div class=\"learnNavigationContent\">\r\n                    <img decoding=\"async\" src=\"https:\/\/talkpal.ai\/wp-content\/uploads\/2024\/08\/Swedish.jpg\" alt=\"Swedish Flag\">\r\n                    <div>\r\n                        <h4>Exerc\u00edcio de gram\u00e1tica sueca<\/h4>\r\n                        <p>Pratique a gram\u00e1tica sueca.<\/p>\r\n                    <\/div>\r\n                <\/div>\r\n            <\/div>\r\n        <\/a>\r\n\r\n        \r\n        <a href=\"https:\/\/talkpal.ai\/vocabulary_language\/swedish\/\">\r\n            <div class=\"learnNavigationWrapper\">\r\n                <div class=\"learnNavigationContent\">\r\n                    <img decoding=\"async\" src=\"https:\/\/talkpal.ai\/wp-content\/uploads\/2024\/08\/Swedish.jpg\" alt=\"Swedish Flag\">\r\n                    <div>\r\n                        <h4>Vocabul\u00e1rio sueco<\/h4>\r\n                        <p>Amplie seu vocabul\u00e1rio sueco.<\/p>\r\n                    <\/div>\r\n                <\/div>\r\n            <\/div>\r\n        <\/a>\r\n\r\n            <\/section>","protected":false},"excerpt":{"rendered":"<p>Desmistificando a gram\u00e1tica sueca: um guia abrangente para dominar suas regras e nuances O sueco, falado por aproximadamente 10 milh\u00f5es de pessoas, \u00e9 uma l\u00edngua rica e mel\u00f3dica pertencente \u00e0 fam\u00edlia germ\u00e2nica do norte. Embora a gram\u00e1tica sueca seja relativamente simples em compara\u00e7\u00e3o com alguns outros idiomas, entender suas regras e estrutura \u00e9 fundamental para [&hellip;]<\/p>\n","protected":false},"author":1,"featured_media":108373,"parent":0,"menu_order":0,"comment_status":"closed","ping_status":"closed","template":"LearningContentPage.php","meta":{"_acf_changed":false,"footnotes":""},"class_list":["post-130680","page","type-page","status-publish","has-post-thumbnail","hentry"],"acf":[],"yoast_head":"<!-- This site is optimized with the Yoast SEO Premium plugin v27.2 (Yoast SEO v27.2) - https:\/\/yoast.com\/product\/yoast-seo-premium-wordpress\/ -->\n<title>Gram\u00e1tica sueca - Talkpal<\/title>\n<meta name=\"description\" content=\"Desvende os segredos da gram\u00e1tica sueca para melhorar suas habilidades no idioma com regras fundamentais e dicas \u00fateis.\" \/>\n<meta name=\"robots\" content=\"index, follow, max-snippet:-1, max-image-preview:large, max-video-preview:-1\" \/>\n<link rel=\"canonical\" href=\"https:\/\/talkpal.ai\/pt-br\/gramatica-sueca\/\" \/>\n<meta property=\"og:locale\" content=\"pt_BR\" \/>\n<meta property=\"og:type\" content=\"article\" \/>\n<meta property=\"og:title\" content=\"Gram\u00e1tica sueca\" \/>\n<meta property=\"og:description\" content=\"Desmistificando a gram\u00e1tica sueca: um guia abrangente para dominar suas regras e nuances O sueco, falado por aproximadamente 10 milh\u00f5es de pessoas, \u00e9 uma\" \/>\n<meta property=\"og:url\" content=\"https:\/\/talkpal.ai\/pt-br\/gramatica-sueca\/\" \/>\n<meta property=\"og:site_name\" content=\"Talkpal\" \/>\n<meta property=\"article:publisher\" content=\"https:\/\/www.facebook.com\/profile.php?id=100090733639311\" \/>\n<meta property=\"article:modified_time\" content=\"2025-12-11T16:31:41+00:00\" \/>\n<meta property=\"og:image\" content=\"https:\/\/talkpal.ai\/wp-content\/uploads\/2023\/04\/sweden.png\" \/>\n\t<meta property=\"og:image:width\" content=\"512\" \/>\n\t<meta property=\"og:image:height\" content=\"512\" \/>\n\t<meta property=\"og:image:type\" content=\"image\/png\" \/>\n<meta name=\"twitter:card\" content=\"summary_large_image\" \/>\n<meta name=\"twitter:site\" content=\"@talkpalai\" \/>\n<meta name=\"twitter:label1\" content=\"Est. tempo de leitura\" \/>\n\t<meta name=\"twitter:data1\" content=\"3 minutos\" \/>\n<script type=\"application\/ld+json\" class=\"yoast-schema-graph\">{\"@context\":\"https:\/\/schema.org\",\"@graph\":[{\"@type\":\"WebPage\",\"@id\":\"https:\/\/talkpal.ai\/pt-br\/gramatica-sueca\/\",\"url\":\"https:\/\/talkpal.ai\/pt-br\/gramatica-sueca\/\",\"name\":\"Gram\u00e1tica sueca - Talkpal\",\"isPartOf\":{\"@id\":\"https:\/\/talkpal.ai\/pt-br\/#website\"},\"primaryImageOfPage\":{\"@id\":\"https:\/\/talkpal.ai\/pt-br\/gramatica-sueca\/#primaryimage\"},\"image\":{\"@id\":\"https:\/\/talkpal.ai\/pt-br\/gramatica-sueca\/#primaryimage\"},\"thumbnailUrl\":\"https:\/\/talkpal.ai\/wp-content\/uploads\/2023\/04\/sweden.png\",\"datePublished\":\"2023-05-14T13:53:07+00:00\",\"dateModified\":\"2025-12-11T16:31:41+00:00\",\"description\":\"Desvende os segredos da gram\u00e1tica sueca para melhorar suas habilidades no idioma com regras fundamentais e dicas \u00fateis.\",\"breadcrumb\":{\"@id\":\"https:\/\/talkpal.ai\/pt-br\/gramatica-sueca\/#breadcrumb\"},\"inLanguage\":\"pt-BR\",\"potentialAction\":[{\"@type\":\"ReadAction\",\"target\":[\"https:\/\/talkpal.ai\/pt-br\/gramatica-sueca\/\"]}]},{\"@type\":\"ImageObject\",\"inLanguage\":\"pt-BR\",\"@id\":\"https:\/\/talkpal.ai\/pt-br\/gramatica-sueca\/#primaryimage\",\"url\":\"https:\/\/talkpal.ai\/wp-content\/uploads\/2023\/04\/sweden.png\",\"contentUrl\":\"https:\/\/talkpal.ai\/wp-content\/uploads\/2023\/04\/sweden.png\",\"width\":512,\"height\":512},{\"@type\":\"BreadcrumbList\",\"@id\":\"https:\/\/talkpal.ai\/pt-br\/gramatica-sueca\/#breadcrumb\",\"itemListElement\":[{\"@type\":\"ListItem\",\"position\":1,\"name\":\"Homepage\",\"item\":\"https:\/\/talkpal.ai\/pt-br\/\"},{\"@type\":\"ListItem\",\"position\":2,\"name\":\"Gram\u00e1tica sueca\"}]},{\"@type\":\"WebSite\",\"@id\":\"https:\/\/talkpal.ai\/pt-br\/#website\",\"url\":\"https:\/\/talkpal.ai\/pt-br\/\",\"name\":\"Talkpal\",\"description\":\"AI Language Learning\",\"publisher\":{\"@id\":\"https:\/\/talkpal.ai\/pt-br\/#organization\"},\"alternateName\":\"Talkpal AI\",\"potentialAction\":[{\"@type\":\"SearchAction\",\"target\":{\"@type\":\"EntryPoint\",\"urlTemplate\":\"https:\/\/talkpal.ai\/pt-br\/?s={search_term_string}\"},\"query-input\":{\"@type\":\"PropertyValueSpecification\",\"valueRequired\":true,\"valueName\":\"search_term_string\"}}],\"inLanguage\":\"pt-BR\"},{\"@type\":\"Organization\",\"@id\":\"https:\/\/talkpal.ai\/pt-br\/#organization\",\"name\":\"Talkpal, Inc.\",\"alternateName\":\"Talkpal AI\",\"url\":\"https:\/\/talkpal.ai\/pt-br\/\",\"logo\":{\"@type\":\"ImageObject\",\"inLanguage\":\"pt-BR\",\"@id\":\"https:\/\/talkpal.ai\/pt-br\/#\/schema\/logo\/image\/\",\"url\":\"https:\/\/talkpal.ai\/wp-content\/uploads\/2024\/03\/Talkpal-Logo-Icon.png\",\"contentUrl\":\"https:\/\/talkpal.ai\/wp-content\/uploads\/2024\/03\/Talkpal-Logo-Icon.png\",\"width\":2880,\"height\":2880,\"caption\":\"Talkpal, Inc.\"},\"image\":{\"@id\":\"https:\/\/talkpal.ai\/pt-br\/#\/schema\/logo\/image\/\"},\"sameAs\":[\"https:\/\/www.facebook.com\/profile.php?id=100090733639311\",\"https:\/\/x.com\/talkpalai\",\"https:\/\/www.linkedin.com\/company\/talkpal\/\",\"https:\/\/www.youtube.com\/@TalkPal\/\",\"https:\/\/www.tiktok.com\/@talkpal\",\"https:\/\/www.instagram.com\/talkpal_ai\/\",\"https:\/\/www.crunchbase.com\/organization\/talkpal-9cde\",\"https:\/\/www.g2.com\/products\/talkpal-for-business\/\",\"https:\/\/www.trustpilot.com\/review\/talkpal.ai\",\"https:\/\/www.capterra.com\/p\/10006800\/TalkPal\/\"],\"description\":\"Talkpal is a language learning web and mobile education app, powered by the latest AI technologies, that provides engaging experiences to its customers in many different languages to help them improve their language skills. Users can chat about unlimited amount of topics with the app and use other modes to practice their language learning.\",\"email\":\"support@talkpal.ai\",\"legalName\":\"Talkpal, Inc.\",\"foundingDate\":\"2023-04-03\",\"duns\":\"118989042\",\"numberOfEmployees\":{\"@type\":\"QuantitativeValue\",\"minValue\":\"11\",\"maxValue\":\"50\"},\"publishingPrinciples\":\"https:\/\/talkpal.ai\/publishing-principles\/\",\"actionableFeedbackPolicy\":\"https:\/\/talkpal.ai\/actionable-feedback-policy\/\",\"correctionsPolicy\":\"https:\/\/talkpal.ai\/corrections-policy\/\",\"ethicsPolicy\":\"https:\/\/talkpal.ai\/ethics-policy\/\",\"diversityPolicy\":\"https:\/\/talkpal.ai\/diversity-policy\/\",\"diversityStaffingReport\":\"https:\/\/talkpal.ai\/diversity-policy\/\"}]}<\/script>\n<!-- \/ Yoast SEO Premium plugin. -->","yoast_head_json":{"title":"Gram\u00e1tica sueca - Talkpal","description":"Desvende os segredos da gram\u00e1tica sueca para melhorar suas habilidades no idioma com regras fundamentais e dicas \u00fateis.","robots":{"index":"index","follow":"follow","max-snippet":"max-snippet:-1","max-image-preview":"max-image-preview:large","max-video-preview":"max-video-preview:-1"},"canonical":"https:\/\/talkpal.ai\/pt-br\/gramatica-sueca\/","og_locale":"pt_BR","og_type":"article","og_title":"Gram\u00e1tica sueca","og_description":"Desmistificando a gram\u00e1tica sueca: um guia abrangente para dominar suas regras e nuances O sueco, falado por aproximadamente 10 milh\u00f5es de pessoas, \u00e9 uma","og_url":"https:\/\/talkpal.ai\/pt-br\/gramatica-sueca\/","og_site_name":"Talkpal","article_publisher":"https:\/\/www.facebook.com\/profile.php?id=100090733639311","article_modified_time":"2025-12-11T16:31:41+00:00","og_image":[{"width":512,"height":512,"url":"https:\/\/talkpal.ai\/wp-content\/uploads\/2023\/04\/sweden.png","type":"image\/png"}],"twitter_card":"summary_large_image","twitter_site":"@talkpalai","twitter_misc":{"Est. tempo de leitura":"3 minutos"},"schema":{"@context":"https:\/\/schema.org","@graph":[{"@type":"WebPage","@id":"https:\/\/talkpal.ai\/pt-br\/gramatica-sueca\/","url":"https:\/\/talkpal.ai\/pt-br\/gramatica-sueca\/","name":"Gram\u00e1tica sueca - Talkpal","isPartOf":{"@id":"https:\/\/talkpal.ai\/pt-br\/#website"},"primaryImageOfPage":{"@id":"https:\/\/talkpal.ai\/pt-br\/gramatica-sueca\/#primaryimage"},"image":{"@id":"https:\/\/talkpal.ai\/pt-br\/gramatica-sueca\/#primaryimage"},"thumbnailUrl":"https:\/\/talkpal.ai\/wp-content\/uploads\/2023\/04\/sweden.png","datePublished":"2023-05-14T13:53:07+00:00","dateModified":"2025-12-11T16:31:41+00:00","description":"Desvende os segredos da gram\u00e1tica sueca para melhorar suas habilidades no idioma com regras fundamentais e dicas \u00fateis.","breadcrumb":{"@id":"https:\/\/talkpal.ai\/pt-br\/gramatica-sueca\/#breadcrumb"},"inLanguage":"pt-BR","potentialAction":[{"@type":"ReadAction","target":["https:\/\/talkpal.ai\/pt-br\/gramatica-sueca\/"]}]},{"@type":"ImageObject","inLanguage":"pt-BR","@id":"https:\/\/talkpal.ai\/pt-br\/gramatica-sueca\/#primaryimage","url":"https:\/\/talkpal.ai\/wp-content\/uploads\/2023\/04\/sweden.png","contentUrl":"https:\/\/talkpal.ai\/wp-content\/uploads\/2023\/04\/sweden.png","width":512,"height":512},{"@type":"BreadcrumbList","@id":"https:\/\/talkpal.ai\/pt-br\/gramatica-sueca\/#breadcrumb","itemListElement":[{"@type":"ListItem","position":1,"name":"Homepage","item":"https:\/\/talkpal.ai\/pt-br\/"},{"@type":"ListItem","position":2,"name":"Gram\u00e1tica sueca"}]},{"@type":"WebSite","@id":"https:\/\/talkpal.ai\/pt-br\/#website","url":"https:\/\/talkpal.ai\/pt-br\/","name":"Talkpal","description":"AI Language Learning","publisher":{"@id":"https:\/\/talkpal.ai\/pt-br\/#organization"},"alternateName":"Talkpal AI","potentialAction":[{"@type":"SearchAction","target":{"@type":"EntryPoint","urlTemplate":"https:\/\/talkpal.ai\/pt-br\/?s={search_term_string}"},"query-input":{"@type":"PropertyValueSpecification","valueRequired":true,"valueName":"search_term_string"}}],"inLanguage":"pt-BR"},{"@type":"Organization","@id":"https:\/\/talkpal.ai\/pt-br\/#organization","name":"Talkpal, Inc.","alternateName":"Talkpal AI","url":"https:\/\/talkpal.ai\/pt-br\/","logo":{"@type":"ImageObject","inLanguage":"pt-BR","@id":"https:\/\/talkpal.ai\/pt-br\/#\/schema\/logo\/image\/","url":"https:\/\/talkpal.ai\/wp-content\/uploads\/2024\/03\/Talkpal-Logo-Icon.png","contentUrl":"https:\/\/talkpal.ai\/wp-content\/uploads\/2024\/03\/Talkpal-Logo-Icon.png","width":2880,"height":2880,"caption":"Talkpal, Inc."},"image":{"@id":"https:\/\/talkpal.ai\/pt-br\/#\/schema\/logo\/image\/"},"sameAs":["https:\/\/www.facebook.com\/profile.php?id=100090733639311","https:\/\/x.com\/talkpalai","https:\/\/www.linkedin.com\/company\/talkpal\/","https:\/\/www.youtube.com\/@TalkPal\/","https:\/\/www.tiktok.com\/@talkpal","https:\/\/www.instagram.com\/talkpal_ai\/","https:\/\/www.crunchbase.com\/organization\/talkpal-9cde","https:\/\/www.g2.com\/products\/talkpal-for-business\/","https:\/\/www.trustpilot.com\/review\/talkpal.ai","https:\/\/www.capterra.com\/p\/10006800\/TalkPal\/"],"description":"Talkpal is a language learning web and mobile education app, powered by the latest AI technologies, that provides engaging experiences to its customers in many different languages to help them improve their language skills. Users can chat about unlimited amount of topics with the app and use other modes to practice their language learning.","email":"support@talkpal.ai","legalName":"Talkpal, Inc.","foundingDate":"2023-04-03","duns":"118989042","numberOfEmployees":{"@type":"QuantitativeValue","minValue":"11","maxValue":"50"},"publishingPrinciples":"https:\/\/talkpal.ai\/publishing-principles\/","actionableFeedbackPolicy":"https:\/\/talkpal.ai\/actionable-feedback-policy\/","correctionsPolicy":"https:\/\/talkpal.ai\/corrections-policy\/","ethicsPolicy":"https:\/\/talkpal.ai\/ethics-policy\/","diversityPolicy":"https:\/\/talkpal.ai\/diversity-policy\/","diversityStaffingReport":"https:\/\/talkpal.ai\/diversity-policy\/"}]}},"_links":{"self":[{"href":"https:\/\/talkpal.ai\/pt-br\/wp-json\/wp\/v2\/pages\/130680","targetHints":{"allow":["GET"]}}],"collection":[{"href":"https:\/\/talkpal.ai\/pt-br\/wp-json\/wp\/v2\/pages"}],"about":[{"href":"https:\/\/talkpal.ai\/pt-br\/wp-json\/wp\/v2\/types\/page"}],"author":[{"embeddable":true,"href":"https:\/\/talkpal.ai\/pt-br\/wp-json\/wp\/v2\/users\/1"}],"replies":[{"embeddable":true,"href":"https:\/\/talkpal.ai\/pt-br\/wp-json\/wp\/v2\/comments?post=130680"}],"version-history":[{"count":0,"href":"https:\/\/talkpal.ai\/pt-br\/wp-json\/wp\/v2\/pages\/130680\/revisions"}],"wp:featuredmedia":[{"embeddable":true,"href":"https:\/\/talkpal.ai\/pt-br\/wp-json\/wp\/v2\/media\/108373"}],"wp:attachment":[{"href":"https:\/\/talkpal.ai\/pt-br\/wp-json\/wp\/v2\/media?parent=130680"}],"curies":[{"name":"wp","href":"https:\/\/api.w.org\/{rel}","templated":true}]}}