{"id":129864,"date":"2023-05-14T13:51:09","date_gmt":"2023-05-14T13:51:09","guid":{"rendered":"http:\/\/talkpal.ai\/gramatica-japonesa\/"},"modified":"2025-12-11T16:43:33","modified_gmt":"2025-12-11T16:43:33","slug":"gramatica-japonesa","status":"publish","type":"page","link":"https:\/\/talkpal.ai\/pt-br\/gramatica-japonesa\/","title":{"rendered":"Gram\u00e1tica Japonesa"},"content":{"rendered":"\r\n\r\n\r\n<section class=\"languageChallengeSection\">\r\n    <div class=\"languageInfoWrapper\">\r\n        \r\n        <h1>Gram\u00e1tica Japonesa<\/h1>\r\n        <p>Aumente suas habilidades no idioma japon\u00eas dominando pontos gramaticais essenciais com explica\u00e7\u00f5es e exemplos claros. Comece sua jornada rumo \u00e0 flu\u00eancia &#8211; mergulhe na <a href=\"https:\/\/talkpal.ai\/es\/gramatica-japonesa\/\">gram\u00e1tica japonesa<\/a> hoje mesmo!<\/p>\r\n\r\n                            <a class=\"getStartedHidden\" href=\"https:\/\/app.talkpal.ai\/pt-br\/signup?lng=\">Come\u00e7a<\/a>\r\n        \r\n    <\/div>\r\n\r\n    <figure>\r\n    <img decoding=\"async\" width=\"768\" height=\"768\" src=\"https:\/\/talkpal.ai\/wp-content\/uploads\/2023\/06\/japanese-768x768.png\" class=\"languageImage no-lazy\" alt=\"Language learning for world travelers\" fetchpriority=\"high\" sizes=\"(max-width: 768px) 150px, 768px\" srcset=\"https:\/\/talkpal.ai\/wp-content\/uploads\/2023\/06\/japanese-768x768.png 768w, https:\/\/talkpal.ai\/wp-content\/uploads\/2023\/06\/japanese-300x300.png 300w\" \/>\r\n    \r\n\r\n    <\/figure>\r\n\r\n            <a class=\"getStartedVisible\" href=\"https:\/\/app.talkpal.ai\/pt-br\/signup?lng=\">Come\u00e7a<\/a>\r\n    \r\n<\/section>\r\n<section class=\"promotionalBanner\">\r\n    <p class=\"promotionalText\">A maneira mais eficiente de aprender um idioma<\/p>\r\n    <a class=\"promotionalLink\" href=\"https:\/\/app.talkpal.ai\/pt-br\/signup?lng=\">Experimente o Talkpal gratuitamente<\/a>\r\n<\/section>\n<div class=\"wp-block-group pageContainerStyle\"><div class=\"wp-block-group__inner-container is-layout-constrained wp-block-group-is-layout-constrained\">\n<h2 class=\"wp-block-heading\" id=\"h-mastering-the-intricacies-of-japanese-grammar\">Dominando os meandros da gram\u00e1tica japonesa<\/h2>\n\n\n\n<p>Os entusiastas lingu\u00edsticos muitas vezes acham o japon\u00eas uma l\u00edngua fascinante e desafiadora de aprender, em grande parte devido ao seu sistema gramatical \u00fanico. Apesar disso, entender a gram\u00e1tica japonesa pode melhorar significativamente suas habilidades de comunica\u00e7\u00e3o e compreens\u00e3o cultural. Neste artigo, discutiremos v\u00e1rios aspectos essenciais da gram\u00e1tica japonesa para ajud\u00e1-lo em sua jornada de <a href=\"https:\/\/talkpal.ai\/pt-br\/ia-no-aprendizado-de-idiomas-uma-revisao-abrangente\/\">aprendizado de idiomas<\/a>. Ent\u00e3o, aperte o cinto e vamos nos aprofundar no mundo cativante da gram\u00e1tica japonesa.<\/p>\n\n\n\n<h3 class=\"wp-block-heading\" id=\"h-1-sentence-structure-sov\">1. Estrutura da frase: SOV<\/h3>\n\n\n\n<p>Diferentemente do <a href=\"https:\/\/talkpal.ai\/pt-pt\/locations\/aprenda-ingles-em-passos\/\">ingl\u00eas<\/a> (Sujeito &#8211; Verbo &#8211; Objeto ou SVO), o japon\u00eas segue uma estrutura de senten\u00e7a Sujeito &#8211; Objeto &#8211; Verbo (SOV). Isso significa que o verbo geralmente vem por \u00faltimo em uma frase. Pegar o jeito dessa ordem \u00fanica de palavras \u00e9 vital para formar frases compreens\u00edveis em japon\u00eas.<\/p>\n\n\n\n<p>Exemplo:  <\/p>\n\n\n\n<p>&#8211; \u308f\u305f\u3057\u306f\u308a\u3093\u3054\u3092\u305f\u3079\u307e\u3059\u3002 (Eu <a href=\"https:\/\/talkpal.ai\/locations\/language-courses-in-como\/\">como<\/a> uma ma\u00e7\u00e3)<\/p>\n\n\n\n<p>&#8211; Watashi wa ringo o tabemasu. (lit. Eu como uma ma\u00e7\u00e3)<\/p>\n\n\n\n<h3 class=\"wp-block-heading\" id=\"h-2-particles-the-sentence-connectors\">2. Part\u00edculas: Os conectores de senten\u00e7a<\/h3>\n\n\n\n<p>As part\u00edculas desempenham um papel crucial na gram\u00e1tica japonesa, marcando a fun\u00e7\u00e3o de uma palavra em uma frase. Algumas part\u00edculas comuns incluem \u306f (wa), \u3092 (o), \u304c (ga), \u3067 (de) e \u306b (ni). Ao entender como essas part\u00edculas funcionam, voc\u00ea descobrir\u00e1 que decifrar e construir frases em japon\u00eas se torna significativamente mais f\u00e1cil.<\/p>\n\n\n\n<h3 class=\"wp-block-heading\" id=\"h-3-verbs-an-introduction-to-conjugation\">3. Verbos: Uma Introdu\u00e7\u00e3o \u00e0 Conjuga\u00e7\u00e3o<\/h3>\n\n\n\n<p>Os verbos japoneses t\u00eam tr\u00eas grupos principais, identificados pela termina\u00e7\u00e3o de sua forma b\u00e1sica. Esses grupos s\u00e3o considerados quando se conjugam para tens\u00e3o, polidez e humor. A boa not\u00edcia \u00e9 que os verbos japoneses n\u00e3o mudam com base no assunto, tornando-os menos complexos do que os de algumas outras l\u00ednguas.<\/p>\n\n\n\n<p>&#8211; Grupo 1: Verbos em U<\/p>\n\n\n\n<p>&#8211; Grupo 2: Ru-verbs<\/p>\n\n\n\n<p>&#8211; Grupo 3: <a href=\"https:\/\/talkpal.ai\/culture\/what-are-the-most-irregular-verbs-in-galician\/\">Verbos irregulares<\/a> (apenas dois verbos &#8211; \u3059\u308b (suru) e \u6765\u308b (kuru))<\/p>\n\n\n\n<h3 class=\"wp-block-heading\" id=\"h-4-politeness-levels\">4. N\u00edveis de polidez<\/h3>\n\n\n\n<p>O japon\u00eas \u00e9 um idioma rico em polidez, e a gram\u00e1tica do idioma reflete isso. Existem tr\u00eas n\u00edveis prim\u00e1rios de polidez: casual, educado e honor\u00edfico. Reconhecer e us\u00e1-los adequadamente \u00e9 essencial para uma comunica\u00e7\u00e3o natural e respeitosa.<\/p>\n\n\n\n<p>&#8211; Casual: formas verbais simples (por exemplo, \u98df\u3079\u308b &#8211; taberu &#8211; comer)<\/p>\n\n\n\n<p>&#8211; Educado: conjuga\u00e7\u00e3o de \u307e\u3059 (masu) (por exemplo, \u98df\u3079\u307e\u3059 &#8211; tabemasu &#8211; comer (educadamente))<\/p>\n\n\n\n<p>&#8211; Honor\u00edfico: conjuga\u00e7\u00f5es e prefixos especiais (por exemplo, \u304a\u53ec\u3057\u4e0a\u304c\u308a\u306b\u306a\u308b &#8211; omeshiagari ni naru &#8211; comer (honor\u00edfico))<\/p>\n\n\n\n<h3 class=\"wp-block-heading\" id=\"h-5-japanese-adjectives\">5. Adjetivos japoneses<\/h3>\n\n\n\n<p>Os adjetivos japoneses v\u00eam em dois tipos: i-adjetivos e na-adjetivos. Ambos os tipos t\u00eam regras de conjuga\u00e7\u00e3o \u00fanicas e interagem com substantivos de forma diferente. Dominar o uso desses dois tipos de adjetivos \u00e9 fundamental para uma comunica\u00e7\u00e3o eficaz em japon\u00eas.<\/p>\n\n\n\n<h3 class=\"wp-block-heading\" id=\"h-6-engaging-with-the-language\">6. Envolvendo-se com o idioma<\/h3>\n\n\n\n<p>Uma das maneiras mais eficazes de <a href=\"https:\/\/talkpal.ai\/fr\/grammaire\/\">aprender gram\u00e1tica<\/a> japonesa \u00e9 se envolver com o idioma de forma consistente. Desde assistir a filmes e animes japoneses at\u00e9 participar de trocas de conversas com falantes nativos, mergulhar no idioma ajudar\u00e1 a solidificar os conceitos gramaticais e expandir seu vocabul\u00e1rio.<\/p>\n\n\n\n<h3 class=\"wp-block-heading\" id=\"h-conclusion\">Conclus\u00e3o<\/h3>\n\n\n\n<p>Embora a gram\u00e1tica japonesa possa parecer dif\u00edcil no in\u00edcio, com dedica\u00e7\u00e3o e tempo, voc\u00ea conseguir\u00e1 navegar por suas complexidades com facilidade. O segredo \u00e9 manter a curiosidade e praticar regularmente. <a href=\"https:\/\/talkpal.ai\/culture\/how-do-i-say-good-luck-in-portuguese\/\">Boa sorte<\/a> em sua jornada para dominar a gram\u00e1tica japonesa e aproveite a aventura lingu\u00edstica!<\/p>\n<\/div><\/div>\n\r\n<section class=\"learnNavigationSection\">\r\n            \r\n        <a href=\"https:\/\/talkpal.ai\/pt-br\/aprenda-japones\/\">\r\n            <div class=\"learnNavigationWrapper\">\r\n                <div class=\"learnNavigationContent\">\r\n                    <img decoding=\"async\" src=\"https:\/\/talkpal.ai\/wp-content\/uploads\/2024\/08\/Japanese.jpg\" alt=\"Japanese Flag\">\r\n                    <div>\r\n                        <h4>Sobre o aprendizado de japon\u00eas<\/h4>\r\n                        <p>Saiba tudo sobre a gram\u00e1tica japonesa.<\/p>\r\n                    <\/div>\r\n                <\/div>\r\n            <\/div>\r\n        <\/a>\r\n\r\n        \r\n        <a href=\"https:\/\/talkpal.ai\/pt-br\/exercicios-de-gramatica-japonesa\/\">\r\n            <div class=\"learnNavigationWrapper\">\r\n                <div class=\"learnNavigationContent\">\r\n                    <img decoding=\"async\" src=\"https:\/\/talkpal.ai\/wp-content\/uploads\/2024\/08\/Japanese.jpg\" alt=\"Japanese Flag\">\r\n                    <div>\r\n                        <h4>Exerc\u00edcio de gram\u00e1tica japonesa<\/h4>\r\n                        <p>Pratique a gram\u00e1tica japonesa.<\/p>\r\n                    <\/div>\r\n                <\/div>\r\n            <\/div>\r\n        <\/a>\r\n\r\n        \r\n        <a href=\"https:\/\/talkpal.ai\/vocabulary_language\/japanese\/\">\r\n            <div class=\"learnNavigationWrapper\">\r\n                <div class=\"learnNavigationContent\">\r\n                    <img decoding=\"async\" src=\"https:\/\/talkpal.ai\/wp-content\/uploads\/2024\/08\/Japanese.jpg\" alt=\"Japanese Flag\">\r\n                    <div>\r\n                        <h4>Vocabul\u00e1rio japon\u00eas<\/h4>\r\n                        <p>Amplie seu vocabul\u00e1rio de japon\u00eas.<\/p>\r\n                    <\/div>\r\n                <\/div>\r\n            <\/div>\r\n        <\/a>\r\n\r\n            <\/section>","protected":false},"excerpt":{"rendered":"<p>Dominando os meandros da gram\u00e1tica japonesa Os entusiastas lingu\u00edsticos muitas vezes acham o japon\u00eas uma l\u00edngua fascinante e desafiadora de aprender, em grande parte devido ao seu sistema gramatical \u00fanico. Apesar disso, entender a gram\u00e1tica japonesa pode melhorar significativamente suas habilidades de comunica\u00e7\u00e3o e compreens\u00e3o cultural. Neste artigo, discutiremos v\u00e1rios aspectos essenciais da gram\u00e1tica japonesa [&hellip;]<\/p>\n","protected":false},"author":1,"featured_media":107308,"parent":0,"menu_order":0,"comment_status":"closed","ping_status":"closed","template":"LearningContentPage.php","meta":{"_acf_changed":false,"footnotes":""},"class_list":["post-129864","page","type-page","status-publish","has-post-thumbnail","hentry"],"acf":[],"yoast_head":"<!-- This site is optimized with the Yoast SEO Premium plugin v27.2 (Yoast SEO v27.2) - https:\/\/yoast.com\/product\/yoast-seo-premium-wordpress\/ -->\n<title>Gram\u00e1tica Japonesa - Talkpal<\/title>\n<meta name=\"description\" content=\"Domine a gram\u00e1tica japonesa com nosso aplicativo de aprendizado de idiomas com IA. Aprimore suas habilidades lingu\u00edsticas facilmente com o suporte de IA da Talkpalcom o suporte de intelig\u00eancia artificial do Windows.\" \/>\n<meta name=\"robots\" content=\"index, follow, max-snippet:-1, max-image-preview:large, max-video-preview:-1\" \/>\n<link rel=\"canonical\" href=\"https:\/\/talkpal.ai\/pt-br\/gramatica-japonesa\/\" \/>\n<meta property=\"og:locale\" content=\"pt_BR\" \/>\n<meta property=\"og:type\" content=\"article\" \/>\n<meta property=\"og:title\" content=\"Gram\u00e1tica Japonesa\" \/>\n<meta property=\"og:description\" content=\"Dominando os meandros da gram\u00e1tica japonesa Os entusiastas lingu\u00edsticos muitas vezes acham o japon\u00eas uma l\u00edngua fascinante e desafiadora de aprender, em\" \/>\n<meta property=\"og:url\" content=\"https:\/\/talkpal.ai\/pt-br\/gramatica-japonesa\/\" \/>\n<meta property=\"og:site_name\" content=\"Talkpal\" \/>\n<meta property=\"article:publisher\" content=\"https:\/\/www.facebook.com\/profile.php?id=100090733639311\" \/>\n<meta property=\"article:modified_time\" content=\"2025-12-11T16:43:33+00:00\" \/>\n<meta property=\"og:image\" content=\"https:\/\/talkpal.ai\/wp-content\/uploads\/2023\/04\/japan.png\" \/>\n\t<meta property=\"og:image:width\" content=\"512\" \/>\n\t<meta property=\"og:image:height\" content=\"512\" \/>\n\t<meta property=\"og:image:type\" content=\"image\/png\" \/>\n<meta name=\"twitter:card\" content=\"summary_large_image\" \/>\n<meta name=\"twitter:site\" content=\"@talkpalai\" \/>\n<meta name=\"twitter:label1\" content=\"Est. tempo de leitura\" \/>\n\t<meta name=\"twitter:data1\" content=\"3 minutos\" \/>\n<script type=\"application\/ld+json\" class=\"yoast-schema-graph\">{\"@context\":\"https:\/\/schema.org\",\"@graph\":[{\"@type\":\"WebPage\",\"@id\":\"https:\/\/talkpal.ai\/pt-br\/gramatica-japonesa\/\",\"url\":\"https:\/\/talkpal.ai\/pt-br\/gramatica-japonesa\/\",\"name\":\"Gram\u00e1tica Japonesa - Talkpal\",\"isPartOf\":{\"@id\":\"https:\/\/talkpal.ai\/pt-br\/#website\"},\"primaryImageOfPage\":{\"@id\":\"https:\/\/talkpal.ai\/pt-br\/gramatica-japonesa\/#primaryimage\"},\"image\":{\"@id\":\"https:\/\/talkpal.ai\/pt-br\/gramatica-japonesa\/#primaryimage\"},\"thumbnailUrl\":\"https:\/\/talkpal.ai\/wp-content\/uploads\/2023\/04\/japan.png\",\"datePublished\":\"2023-05-14T13:51:09+00:00\",\"dateModified\":\"2025-12-11T16:43:33+00:00\",\"description\":\"Domine a gram\u00e1tica japonesa com nosso aplicativo de aprendizado de idiomas com IA. Aprimore suas habilidades lingu\u00edsticas facilmente com o suporte de IA da Talkpalcom o suporte de intelig\u00eancia artificial do Windows.\",\"breadcrumb\":{\"@id\":\"https:\/\/talkpal.ai\/pt-br\/gramatica-japonesa\/#breadcrumb\"},\"inLanguage\":\"pt-BR\",\"potentialAction\":[{\"@type\":\"ReadAction\",\"target\":[\"https:\/\/talkpal.ai\/pt-br\/gramatica-japonesa\/\"]}]},{\"@type\":\"ImageObject\",\"inLanguage\":\"pt-BR\",\"@id\":\"https:\/\/talkpal.ai\/pt-br\/gramatica-japonesa\/#primaryimage\",\"url\":\"https:\/\/talkpal.ai\/wp-content\/uploads\/2023\/04\/japan.png\",\"contentUrl\":\"https:\/\/talkpal.ai\/wp-content\/uploads\/2023\/04\/japan.png\",\"width\":512,\"height\":512},{\"@type\":\"BreadcrumbList\",\"@id\":\"https:\/\/talkpal.ai\/pt-br\/gramatica-japonesa\/#breadcrumb\",\"itemListElement\":[{\"@type\":\"ListItem\",\"position\":1,\"name\":\"Homepage\",\"item\":\"https:\/\/talkpal.ai\/pt-br\/\"},{\"@type\":\"ListItem\",\"position\":2,\"name\":\"Gram\u00e1tica Japonesa\"}]},{\"@type\":\"WebSite\",\"@id\":\"https:\/\/talkpal.ai\/pt-br\/#website\",\"url\":\"https:\/\/talkpal.ai\/pt-br\/\",\"name\":\"Talkpal\",\"description\":\"AI Language Learning\",\"publisher\":{\"@id\":\"https:\/\/talkpal.ai\/pt-br\/#organization\"},\"alternateName\":\"Talkpal AI\",\"potentialAction\":[{\"@type\":\"SearchAction\",\"target\":{\"@type\":\"EntryPoint\",\"urlTemplate\":\"https:\/\/talkpal.ai\/pt-br\/?s={search_term_string}\"},\"query-input\":{\"@type\":\"PropertyValueSpecification\",\"valueRequired\":true,\"valueName\":\"search_term_string\"}}],\"inLanguage\":\"pt-BR\"},{\"@type\":\"Organization\",\"@id\":\"https:\/\/talkpal.ai\/pt-br\/#organization\",\"name\":\"Talkpal, Inc.\",\"alternateName\":\"Talkpal AI\",\"url\":\"https:\/\/talkpal.ai\/pt-br\/\",\"logo\":{\"@type\":\"ImageObject\",\"inLanguage\":\"pt-BR\",\"@id\":\"https:\/\/talkpal.ai\/pt-br\/#\/schema\/logo\/image\/\",\"url\":\"https:\/\/talkpal.ai\/wp-content\/uploads\/2024\/03\/Talkpal-Logo-Icon.png\",\"contentUrl\":\"https:\/\/talkpal.ai\/wp-content\/uploads\/2024\/03\/Talkpal-Logo-Icon.png\",\"width\":2880,\"height\":2880,\"caption\":\"Talkpal, Inc.\"},\"image\":{\"@id\":\"https:\/\/talkpal.ai\/pt-br\/#\/schema\/logo\/image\/\"},\"sameAs\":[\"https:\/\/www.facebook.com\/profile.php?id=100090733639311\",\"https:\/\/x.com\/talkpalai\",\"https:\/\/www.linkedin.com\/company\/talkpal\/\",\"https:\/\/www.youtube.com\/@TalkPal\/\",\"https:\/\/www.tiktok.com\/@talkpal\",\"https:\/\/www.instagram.com\/talkpal_ai\/\",\"https:\/\/www.crunchbase.com\/organization\/talkpal-9cde\",\"https:\/\/www.g2.com\/products\/talkpal-for-business\/\",\"https:\/\/www.trustpilot.com\/review\/talkpal.ai\",\"https:\/\/www.capterra.com\/p\/10006800\/TalkPal\/\"],\"description\":\"Talkpal is a language learning web and mobile education app, powered by the latest AI technologies, that provides engaging experiences to its customers in many different languages to help them improve their language skills. Users can chat about unlimited amount of topics with the app and use other modes to practice their language learning.\",\"email\":\"support@talkpal.ai\",\"legalName\":\"Talkpal, Inc.\",\"foundingDate\":\"2023-04-03\",\"duns\":\"118989042\",\"numberOfEmployees\":{\"@type\":\"QuantitativeValue\",\"minValue\":\"11\",\"maxValue\":\"50\"},\"publishingPrinciples\":\"https:\/\/talkpal.ai\/publishing-principles\/\",\"actionableFeedbackPolicy\":\"https:\/\/talkpal.ai\/actionable-feedback-policy\/\",\"correctionsPolicy\":\"https:\/\/talkpal.ai\/corrections-policy\/\",\"ethicsPolicy\":\"https:\/\/talkpal.ai\/ethics-policy\/\",\"diversityPolicy\":\"https:\/\/talkpal.ai\/diversity-policy\/\",\"diversityStaffingReport\":\"https:\/\/talkpal.ai\/diversity-policy\/\"}]}<\/script>\n<!-- \/ Yoast SEO Premium plugin. -->","yoast_head_json":{"title":"Gram\u00e1tica Japonesa - Talkpal","description":"Domine a gram\u00e1tica japonesa com nosso aplicativo de aprendizado de idiomas com IA. Aprimore suas habilidades lingu\u00edsticas facilmente com o suporte de IA da Talkpalcom o suporte de intelig\u00eancia artificial do Windows.","robots":{"index":"index","follow":"follow","max-snippet":"max-snippet:-1","max-image-preview":"max-image-preview:large","max-video-preview":"max-video-preview:-1"},"canonical":"https:\/\/talkpal.ai\/pt-br\/gramatica-japonesa\/","og_locale":"pt_BR","og_type":"article","og_title":"Gram\u00e1tica Japonesa","og_description":"Dominando os meandros da gram\u00e1tica japonesa Os entusiastas lingu\u00edsticos muitas vezes acham o japon\u00eas uma l\u00edngua fascinante e desafiadora de aprender, em","og_url":"https:\/\/talkpal.ai\/pt-br\/gramatica-japonesa\/","og_site_name":"Talkpal","article_publisher":"https:\/\/www.facebook.com\/profile.php?id=100090733639311","article_modified_time":"2025-12-11T16:43:33+00:00","og_image":[{"width":512,"height":512,"url":"https:\/\/talkpal.ai\/wp-content\/uploads\/2023\/04\/japan.png","type":"image\/png"}],"twitter_card":"summary_large_image","twitter_site":"@talkpalai","twitter_misc":{"Est. tempo de leitura":"3 minutos"},"schema":{"@context":"https:\/\/schema.org","@graph":[{"@type":"WebPage","@id":"https:\/\/talkpal.ai\/pt-br\/gramatica-japonesa\/","url":"https:\/\/talkpal.ai\/pt-br\/gramatica-japonesa\/","name":"Gram\u00e1tica Japonesa - Talkpal","isPartOf":{"@id":"https:\/\/talkpal.ai\/pt-br\/#website"},"primaryImageOfPage":{"@id":"https:\/\/talkpal.ai\/pt-br\/gramatica-japonesa\/#primaryimage"},"image":{"@id":"https:\/\/talkpal.ai\/pt-br\/gramatica-japonesa\/#primaryimage"},"thumbnailUrl":"https:\/\/talkpal.ai\/wp-content\/uploads\/2023\/04\/japan.png","datePublished":"2023-05-14T13:51:09+00:00","dateModified":"2025-12-11T16:43:33+00:00","description":"Domine a gram\u00e1tica japonesa com nosso aplicativo de aprendizado de idiomas com IA. Aprimore suas habilidades lingu\u00edsticas facilmente com o suporte de IA da Talkpalcom o suporte de intelig\u00eancia artificial do Windows.","breadcrumb":{"@id":"https:\/\/talkpal.ai\/pt-br\/gramatica-japonesa\/#breadcrumb"},"inLanguage":"pt-BR","potentialAction":[{"@type":"ReadAction","target":["https:\/\/talkpal.ai\/pt-br\/gramatica-japonesa\/"]}]},{"@type":"ImageObject","inLanguage":"pt-BR","@id":"https:\/\/talkpal.ai\/pt-br\/gramatica-japonesa\/#primaryimage","url":"https:\/\/talkpal.ai\/wp-content\/uploads\/2023\/04\/japan.png","contentUrl":"https:\/\/talkpal.ai\/wp-content\/uploads\/2023\/04\/japan.png","width":512,"height":512},{"@type":"BreadcrumbList","@id":"https:\/\/talkpal.ai\/pt-br\/gramatica-japonesa\/#breadcrumb","itemListElement":[{"@type":"ListItem","position":1,"name":"Homepage","item":"https:\/\/talkpal.ai\/pt-br\/"},{"@type":"ListItem","position":2,"name":"Gram\u00e1tica Japonesa"}]},{"@type":"WebSite","@id":"https:\/\/talkpal.ai\/pt-br\/#website","url":"https:\/\/talkpal.ai\/pt-br\/","name":"Talkpal","description":"AI Language Learning","publisher":{"@id":"https:\/\/talkpal.ai\/pt-br\/#organization"},"alternateName":"Talkpal AI","potentialAction":[{"@type":"SearchAction","target":{"@type":"EntryPoint","urlTemplate":"https:\/\/talkpal.ai\/pt-br\/?s={search_term_string}"},"query-input":{"@type":"PropertyValueSpecification","valueRequired":true,"valueName":"search_term_string"}}],"inLanguage":"pt-BR"},{"@type":"Organization","@id":"https:\/\/talkpal.ai\/pt-br\/#organization","name":"Talkpal, Inc.","alternateName":"Talkpal AI","url":"https:\/\/talkpal.ai\/pt-br\/","logo":{"@type":"ImageObject","inLanguage":"pt-BR","@id":"https:\/\/talkpal.ai\/pt-br\/#\/schema\/logo\/image\/","url":"https:\/\/talkpal.ai\/wp-content\/uploads\/2024\/03\/Talkpal-Logo-Icon.png","contentUrl":"https:\/\/talkpal.ai\/wp-content\/uploads\/2024\/03\/Talkpal-Logo-Icon.png","width":2880,"height":2880,"caption":"Talkpal, Inc."},"image":{"@id":"https:\/\/talkpal.ai\/pt-br\/#\/schema\/logo\/image\/"},"sameAs":["https:\/\/www.facebook.com\/profile.php?id=100090733639311","https:\/\/x.com\/talkpalai","https:\/\/www.linkedin.com\/company\/talkpal\/","https:\/\/www.youtube.com\/@TalkPal\/","https:\/\/www.tiktok.com\/@talkpal","https:\/\/www.instagram.com\/talkpal_ai\/","https:\/\/www.crunchbase.com\/organization\/talkpal-9cde","https:\/\/www.g2.com\/products\/talkpal-for-business\/","https:\/\/www.trustpilot.com\/review\/talkpal.ai","https:\/\/www.capterra.com\/p\/10006800\/TalkPal\/"],"description":"Talkpal is a language learning web and mobile education app, powered by the latest AI technologies, that provides engaging experiences to its customers in many different languages to help them improve their language skills. Users can chat about unlimited amount of topics with the app and use other modes to practice their language learning.","email":"support@talkpal.ai","legalName":"Talkpal, Inc.","foundingDate":"2023-04-03","duns":"118989042","numberOfEmployees":{"@type":"QuantitativeValue","minValue":"11","maxValue":"50"},"publishingPrinciples":"https:\/\/talkpal.ai\/publishing-principles\/","actionableFeedbackPolicy":"https:\/\/talkpal.ai\/actionable-feedback-policy\/","correctionsPolicy":"https:\/\/talkpal.ai\/corrections-policy\/","ethicsPolicy":"https:\/\/talkpal.ai\/ethics-policy\/","diversityPolicy":"https:\/\/talkpal.ai\/diversity-policy\/","diversityStaffingReport":"https:\/\/talkpal.ai\/diversity-policy\/"}]}},"_links":{"self":[{"href":"https:\/\/talkpal.ai\/pt-br\/wp-json\/wp\/v2\/pages\/129864","targetHints":{"allow":["GET"]}}],"collection":[{"href":"https:\/\/talkpal.ai\/pt-br\/wp-json\/wp\/v2\/pages"}],"about":[{"href":"https:\/\/talkpal.ai\/pt-br\/wp-json\/wp\/v2\/types\/page"}],"author":[{"embeddable":true,"href":"https:\/\/talkpal.ai\/pt-br\/wp-json\/wp\/v2\/users\/1"}],"replies":[{"embeddable":true,"href":"https:\/\/talkpal.ai\/pt-br\/wp-json\/wp\/v2\/comments?post=129864"}],"version-history":[{"count":0,"href":"https:\/\/talkpal.ai\/pt-br\/wp-json\/wp\/v2\/pages\/129864\/revisions"}],"wp:featuredmedia":[{"embeddable":true,"href":"https:\/\/talkpal.ai\/pt-br\/wp-json\/wp\/v2\/media\/107308"}],"wp:attachment":[{"href":"https:\/\/talkpal.ai\/pt-br\/wp-json\/wp\/v2\/media?parent=129864"}],"curies":[{"name":"wp","href":"https:\/\/api.w.org\/{rel}","templated":true}]}}