{"id":129360,"date":"2023-05-14T13:50:44","date_gmt":"2023-05-14T13:50:44","guid":{"rendered":"http:\/\/talkpal.ai\/gramatica-hindi\/"},"modified":"2025-12-13T14:59:13","modified_gmt":"2025-12-13T14:59:13","slug":"gramatica-hindi","status":"publish","type":"page","link":"https:\/\/talkpal.ai\/pt-br\/gramatica-hindi\/","title":{"rendered":"Gram\u00e1tica Hindi"},"content":{"rendered":"\r\n\r\n\r\n<section class=\"languageChallengeSection\">\r\n    <div class=\"languageInfoWrapper\">\r\n        \r\n        <h1>Gram\u00e1tica Hindi<\/h1>\r\n        <p>Voc\u00ea est\u00e1 pronto para aprender <a href=\"https:\/\/talkpal.ai\/learn-hindi\/\">hindi<\/a>? Mergulhe na <a href=\"https:\/\/talkpal.ai\/es\/gramatica-hindi\/\">gram\u00e1tica hindi<\/a>, onde substantivos com g\u00eanero, uma estrutura de frase sujeito-objeto-verbo e conjuga\u00e7\u00f5es verbais expressivas d\u00e3o vida ao idioma. Comece sua jornada em hindi hoje mesmo &#8211; dominar a gram\u00e1tica permitir\u00e1 que voc\u00ea se comunique com confian\u00e7a e se conecte com a cultura e as tradi\u00e7\u00f5es vibrantes da \u00cdndia!<\/p>\r\n\r\n                            <a class=\"getStartedHidden\" href=\"https:\/\/app.talkpal.ai\/pt-br\/signup?lng=\">Come\u00e7a<\/a>\r\n        \r\n    <\/div>\r\n\r\n    <figure>\r\n    <img decoding=\"async\" width=\"768\" height=\"768\" src=\"https:\/\/talkpal.ai\/wp-content\/uploads\/2023\/06\/hindi-768x768.png\" class=\"languageImage no-lazy\" alt=\"Language learning for mental agility\" fetchpriority=\"high\" sizes=\"(max-width: 768px) 150px, 768px\" srcset=\"https:\/\/talkpal.ai\/wp-content\/uploads\/2023\/06\/hindi-768x768.png 768w, https:\/\/talkpal.ai\/wp-content\/uploads\/2023\/06\/hindi-300x300.png 300w\" \/>\r\n    \r\n\r\n    <\/figure>\r\n\r\n            <a class=\"getStartedVisible\" href=\"https:\/\/app.talkpal.ai\/pt-br\/signup?lng=\">Come\u00e7a<\/a>\r\n    \r\n<\/section>\r\n<section class=\"promotionalBanner\">\r\n    <p class=\"promotionalText\">A maneira mais eficiente de aprender um idioma<\/p>\r\n    <a class=\"promotionalLink\" href=\"https:\/\/app.talkpal.ai\/pt-br\/signup?lng=\">Experimente o Talkpal gratuitamente<\/a>\r\n<\/section>\n<div class=\"wp-block-group pageContainerStyle\"><div class=\"wp-block-group__inner-container is-layout-constrained wp-block-group-is-layout-constrained\">\n<h2 class=\"wp-block-heading\" id=\"h-mastering-hindi-grammar-your-ultimate-guide\">Dominando a gram\u00e1tica hindi: seu guia definitivo<\/h2>\n\n\n\n<p>Namast\u00ea, entusiastas da l\u00edngua! Voc\u00ea est\u00e1 pronto para explorar o mundo da gram\u00e1tica hindi? Voc\u00ea veio ao lugar certo. Repleto de informa\u00e7\u00f5es f\u00e1ceis de entender e um tom de conversa, este artigo ir\u00e1 gui\u00e1-lo pelo fascinante reino da gram\u00e1tica hindi. Em breve, voc\u00ea ser\u00e1 capaz de construir frases e ter conversas significativas com falantes nativos. Ent\u00e3o, vamos mergulhar de cabe\u00e7a!<\/p>\n\n\n\n<p><strong>Mas primeiro, por que a gram\u00e1tica hindi?<\/strong><\/p>\n\n\n\n<p>Se voc\u00ea estiver aprendendo hindi, uma base s\u00f3lida de gram\u00e1tica \u00e9 fundamental para falar, ler e escrever fluentemente. Embora a gram\u00e1tica hindi possa inicialmente parecer complexa, ela se torna mais acess\u00edvel quando dividida em segmentos menores e gerenci\u00e1veis. Este artigo ser\u00e1 o lugar perfeito para come\u00e7ar sua jornada para dominar a gram\u00e1tica hindi!<\/p>\n\n\n\n<h3 class=\"wp-block-heading\" id=\"h-1-nouns-gender-and-cases\">1. Substantivos, g\u00eanero e casos<\/h3>\n\n\n\n<p>Os substantivos hindi v\u00eam em dois g\u00eaneros: masculino e feminino. \u00c9 importante identificar o g\u00eanero dos substantivos, pois isso influencia outras partes do discurso, <a href=\"https:\/\/talkpal.ai\/locations\/language-courses-in-como\/\">como<\/a> adjetivos e verbos.  <\/p>\n\n\n\n<p>Uma regra simples: se um substantivo terminar em \u201c-aa\u201d (\u201c\u0906\u201d), ele geralmente \u00e9 masculino, enquanto um substantivo terminado em \u201c-ii\u201d (\u201c\u0908\u201d) geralmente \u00e9 feminino. Mas lembre-se &#8211; como sempre, existem exce\u00e7\u00f5es!  <\/p>\n\n\n\n<p>Os substantivos hindi assumem formas diferentes dependendo de seu papel em uma ora\u00e7\u00e3o (sujeito, objeto, possessivo, etc.). Essas formas s\u00e3o chamadas de casos. Os casos prim\u00e1rios em hindi s\u00e3o diretos (\u201c\u0906\u092e \u0915\u094d\u0930\u092e\u201d), obl\u00edquos (\u201c\u0909\u092a \u0935\u093f\u0932\u094b\u092e\u201d) e vocativos (\u201c\u0938\u0902\u092c\u094b\u0927\u0928\u201d).<\/p>\n\n\n\n<h3 class=\"wp-block-heading\" id=\"h-2-pronouns-and-agreement\">2. Pronomes e concord\u00e2ncia<\/h3>\n\n\n\n<p>Os pronomes hindi (eu, voc\u00ea, ele, ela, etc.) mudam de acordo com o g\u00eanero e a hierarquia. Por exemplo: \u092e\u0948\u0902 (main &#8211; eu), \u0924\u0941\u092e (tum &#8211; voc\u00ea, informal), \u0906\u092a (aap &#8211; voc\u00ea, formal), \u0935\u0939 (vah &#8211; ele\/ela), \u0939\u092e (hum &#8211; n\u00f3s) e \u0935\u0947 (ve &#8211; eles).  <\/p>\n\n\n\n<p>\u00c9 essencial que voc\u00ea esteja ciente da hierarquia ao usar os pronomes. Por exemplo, embora \u201c\u0924\u0941\u092e\u201d possa ser apropriado entre amigos, usar \u201c\u0906\u092a\u201d demonstra respeito quando voc\u00ea se dirige a pessoas mais velhas ou estranhas.<\/p>\n\n\n\n<h3 class=\"wp-block-heading\" id=\"h-3-verbs-tense-and-conjugation\">3. Verbos, tempo verbal e conjuga\u00e7\u00e3o<\/h3>\n\n\n\n<p>Os verbos formam a espinha dorsal da gram\u00e1tica hindi, e compreend\u00ea-los \u00e9 vital para a constru\u00e7\u00e3o de frases. Os verbos em hindi s\u00e3o amplamente categorizados como transitivos (\u201c\u0938\u0915\u0930\u094d\u092e\u0915\u201d) e intransitivos (\u201c\u0905\u0915\u0930\u094d\u092e\u0915\u201d), com diferentes regras de conjuga\u00e7\u00e3o para cada um.  <\/p>\n\n\n\n<p><a href=\"https:\/\/talkpal.ai\/culture\/how-do-i-use-para-que-correctly\/\">Para que<\/a> voc\u00ea tenha uma vis\u00e3o geral r\u00e1pida, vamos discutir a conjuga\u00e7\u00e3o do tempo <a href=\"https:\/\/talkpal.ai\/zh-hans\/grammar_exercises\/presente-%e8%a5%bf%e7%8f%ad%e7%89%99%e8%af%ad%e6%b3%95%e7%bb%83%e4%b9%a0\/\">presente<\/a> dos verbos regulares:<\/p>\n\n\n\n<p>&#8211; \u092e\u0948\u0902 \u092a\u0922\u093c\u0924\u093e \u0939\u0942\u0901 (main padhta hoon &#8211; eu leio, masculino)<\/p>\n\n\n\n<p>&#8211; \u092e\u0948\u0902 \u092a\u0922\u093c\u0924\u0940 \u0939\u0942\u0901 (main padhti hoon &#8211; eu leio, feminino)<\/p>\n\n\n\n<p>&#8211; \u0924\u0941\u092e \u092a\u0922\u093c\u0924\u0947 \u0939\u094b (tum padhte ho &#8211; voc\u00ea l\u00ea, informal, masculino)<\/p>\n\n\n\n<p>&#8211; \u0924\u0941\u092e \u092a\u0922\u093c\u0924\u0940 \u0939\u094b (tum padhti ho &#8211; voc\u00ea l\u00ea, informal, feminino)<\/p>\n\n\n\n<p>Lembre-se, este \u00e9 apenas o come\u00e7o! H\u00e1 muitos tempos e <a href=\"https:\/\/talkpal.ai\/culture\/what-are-the-most-irregular-verbs-in-galician\/\">verbos irregulares<\/a> para dominar, mas cada <a href=\"https:\/\/talkpal.ai\/talkpal-new-years-discount\/\">novo<\/a> passo te aproxima da flu\u00eancia.<\/p>\n\n\n\n<h3 class=\"wp-block-heading\" id=\"h-4-adjectives-adverbs-and-more\">4. Adjetivos, adv\u00e9rbios e muito mais!<\/h3>\n\n\n\n<p>A gram\u00e1tica hindi inclui outros componentes, como adjetivos (que devem concordar com substantivos em g\u00eanero e n\u00famero), adv\u00e9rbios, preposi\u00e7\u00f5es e express\u00f5es idiom\u00e1ticas. Cada elemento \u00e9 fundamental para se tornar fluente em hindi, ent\u00e3o enfrente-os um passo de cada vez.<\/p>\n\n\n\n<p>Em conclus\u00e3o, n\u00e3o h\u00e1 atalho para voc\u00ea dominar a gram\u00e1tica hindi. Isso requer persist\u00eancia, pr\u00e1tica e paci\u00eancia. No entanto, depois de compreend\u00ea-lo, voc\u00ea poder\u00e1 apreciar as nuances da conversa\u00e7\u00e3o em hindi, descobrindo a rica cultura e hist\u00f3ria e aprofundando seu amor pelo idioma. \u0936\u0941\u092d\u0915\u093e\u092e\u0928\u093e\u090f\u0901 (shubhkaamnaayein &#8211; melhores votos)!<\/p>\n<\/div><\/div>\n\r\n<section class=\"learnNavigationSection\">\r\n            \r\n        <a href=\"https:\/\/talkpal.ai\/pt-br\/aprenda-hindi\/\">\r\n            <div class=\"learnNavigationWrapper\">\r\n                <div class=\"learnNavigationContent\">\r\n                    <img decoding=\"async\" src=\"https:\/\/talkpal.ai\/wp-content\/uploads\/2024\/08\/Hindi.jpg\" alt=\"Indian Flag\">\r\n                    <div>\r\n                        <h4>Sobre o aprendizado de hindi<\/h4>\r\n                        <p>Saiba tudo sobre a gram\u00e1tica hindi .<\/p>\r\n                    <\/div>\r\n                <\/div>\r\n            <\/div>\r\n        <\/a>\r\n\r\n        \r\n        <a href=\"https:\/\/talkpal.ai\/pt-br\/exercicios-de-gramatica-hindi\/\">\r\n            <div class=\"learnNavigationWrapper\">\r\n                <div class=\"learnNavigationContent\">\r\n                    <img decoding=\"async\" src=\"https:\/\/talkpal.ai\/wp-content\/uploads\/2024\/08\/Hindi.jpg\" alt=\"Indian Flag\">\r\n                    <div>\r\n                        <h4>Exerc\u00edcio de gram\u00e1tica hindi<\/h4>\r\n                        <p>Pratique a gram\u00e1tica hindi.<\/p>\r\n                    <\/div>\r\n                <\/div>\r\n            <\/div>\r\n        <\/a>\r\n\r\n        \r\n        <a href=\"https:\/\/talkpal.ai\/vocabulary_language\/hindi\/\">\r\n            <div class=\"learnNavigationWrapper\">\r\n                <div class=\"learnNavigationContent\">\r\n                    <img decoding=\"async\" src=\"https:\/\/talkpal.ai\/wp-content\/uploads\/2024\/08\/Hindi.jpg\" alt=\"Indian Flag\">\r\n                    <div>\r\n                        <h4>Vocabul\u00e1rio em hindi<\/h4>\r\n                        <p>Amplie seu vocabul\u00e1rio em hindi.<\/p>\r\n                    <\/div>\r\n                <\/div>\r\n            <\/div>\r\n        <\/a>\r\n\r\n            <\/section>","protected":false},"excerpt":{"rendered":"<p>Dominando a gram\u00e1tica hindi: seu guia definitivo Namast\u00ea, entusiastas da l\u00edngua! Voc\u00ea est\u00e1 pronto para explorar o mundo da gram\u00e1tica hindi? Voc\u00ea veio ao lugar certo. Repleto de informa\u00e7\u00f5es f\u00e1ceis de entender e um tom de conversa, este artigo ir\u00e1 gui\u00e1-lo pelo fascinante reino da gram\u00e1tica hindi. Em breve, voc\u00ea ser\u00e1 capaz de construir frases [&hellip;]<\/p>\n","protected":false},"author":1,"featured_media":188225,"parent":0,"menu_order":0,"comment_status":"closed","ping_status":"closed","template":"LearningContentPage.php","meta":{"_acf_changed":false,"footnotes":""},"class_list":["post-129360","page","type-page","status-publish","has-post-thumbnail","hentry"],"acf":[],"yoast_head":"<!-- This site is optimized with the Yoast SEO Premium plugin v27.2 (Yoast SEO v27.2) - https:\/\/yoast.com\/product\/yoast-seo-premium-wordpress\/ -->\n<title>Gram\u00e1tica Hindi - Talkpal<\/title>\n<meta name=\"description\" content=\"Domine a gram\u00e1tica hindi com confian\u00e7a - aprenda regras claras, forme frases corretas e fale melhor com a orienta\u00e7\u00e3o f\u00e1cil da Talkpal AI.\" \/>\n<meta name=\"robots\" content=\"index, follow, max-snippet:-1, max-image-preview:large, max-video-preview:-1\" \/>\n<link rel=\"canonical\" href=\"https:\/\/talkpal.ai\/pt-br\/gramatica-hindi\/\" \/>\n<meta property=\"og:locale\" content=\"pt_BR\" \/>\n<meta property=\"og:type\" content=\"article\" \/>\n<meta property=\"og:title\" content=\"Gram\u00e1tica Hindi\" \/>\n<meta property=\"og:description\" content=\"Dominando a gram\u00e1tica hindi: seu guia definitivo Namast\u00ea, entusiastas da l\u00edngua! Voc\u00ea est\u00e1 pronto para explorar o mundo da gram\u00e1tica hindi? Voc\u00ea veio ao\" \/>\n<meta property=\"og:url\" content=\"https:\/\/talkpal.ai\/pt-br\/gramatica-hindi\/\" \/>\n<meta property=\"og:site_name\" content=\"Talkpal\" \/>\n<meta property=\"article:publisher\" content=\"https:\/\/www.facebook.com\/profile.php?id=100090733639311\" \/>\n<meta property=\"article:modified_time\" content=\"2025-12-13T14:59:13+00:00\" \/>\n<meta property=\"og:image\" content=\"https:\/\/talkpal.ai\/wp-content\/uploads\/2024\/02\/india.png\" \/>\n\t<meta property=\"og:image:width\" content=\"517\" \/>\n\t<meta property=\"og:image:height\" content=\"517\" \/>\n\t<meta property=\"og:image:type\" content=\"image\/png\" \/>\n<meta name=\"twitter:card\" content=\"summary_large_image\" \/>\n<meta name=\"twitter:site\" content=\"@talkpalai\" \/>\n<meta name=\"twitter:label1\" content=\"Est. tempo de leitura\" \/>\n\t<meta name=\"twitter:data1\" content=\"3 minutos\" \/>\n<script type=\"application\/ld+json\" class=\"yoast-schema-graph\">{\"@context\":\"https:\/\/schema.org\",\"@graph\":[{\"@type\":\"WebPage\",\"@id\":\"https:\/\/talkpal.ai\/pt-br\/gramatica-hindi\/\",\"url\":\"https:\/\/talkpal.ai\/pt-br\/gramatica-hindi\/\",\"name\":\"Gram\u00e1tica Hindi - Talkpal\",\"isPartOf\":{\"@id\":\"https:\/\/talkpal.ai\/pt-br\/#website\"},\"primaryImageOfPage\":{\"@id\":\"https:\/\/talkpal.ai\/pt-br\/gramatica-hindi\/#primaryimage\"},\"image\":{\"@id\":\"https:\/\/talkpal.ai\/pt-br\/gramatica-hindi\/#primaryimage\"},\"thumbnailUrl\":\"https:\/\/talkpal.ai\/wp-content\/uploads\/2024\/02\/india.png\",\"datePublished\":\"2023-05-14T13:50:44+00:00\",\"dateModified\":\"2025-12-13T14:59:13+00:00\",\"description\":\"Domine a gram\u00e1tica hindi com confian\u00e7a - aprenda regras claras, forme frases corretas e fale melhor com a orienta\u00e7\u00e3o f\u00e1cil da Talkpal AI.\",\"breadcrumb\":{\"@id\":\"https:\/\/talkpal.ai\/pt-br\/gramatica-hindi\/#breadcrumb\"},\"inLanguage\":\"pt-BR\",\"potentialAction\":[{\"@type\":\"ReadAction\",\"target\":[\"https:\/\/talkpal.ai\/pt-br\/gramatica-hindi\/\"]}]},{\"@type\":\"ImageObject\",\"inLanguage\":\"pt-BR\",\"@id\":\"https:\/\/talkpal.ai\/pt-br\/gramatica-hindi\/#primaryimage\",\"url\":\"https:\/\/talkpal.ai\/wp-content\/uploads\/2024\/02\/india.png\",\"contentUrl\":\"https:\/\/talkpal.ai\/wp-content\/uploads\/2024\/02\/india.png\",\"width\":517,\"height\":517,\"caption\":\"TalkPal Indian Flag\"},{\"@type\":\"BreadcrumbList\",\"@id\":\"https:\/\/talkpal.ai\/pt-br\/gramatica-hindi\/#breadcrumb\",\"itemListElement\":[{\"@type\":\"ListItem\",\"position\":1,\"name\":\"Homepage\",\"item\":\"https:\/\/talkpal.ai\/pt-br\/\"},{\"@type\":\"ListItem\",\"position\":2,\"name\":\"Gram\u00e1tica Hindi\"}]},{\"@type\":\"WebSite\",\"@id\":\"https:\/\/talkpal.ai\/pt-br\/#website\",\"url\":\"https:\/\/talkpal.ai\/pt-br\/\",\"name\":\"Talkpal\",\"description\":\"AI Language Learning\",\"publisher\":{\"@id\":\"https:\/\/talkpal.ai\/pt-br\/#organization\"},\"alternateName\":\"Talkpal AI\",\"potentialAction\":[{\"@type\":\"SearchAction\",\"target\":{\"@type\":\"EntryPoint\",\"urlTemplate\":\"https:\/\/talkpal.ai\/pt-br\/?s={search_term_string}\"},\"query-input\":{\"@type\":\"PropertyValueSpecification\",\"valueRequired\":true,\"valueName\":\"search_term_string\"}}],\"inLanguage\":\"pt-BR\"},{\"@type\":\"Organization\",\"@id\":\"https:\/\/talkpal.ai\/pt-br\/#organization\",\"name\":\"Talkpal, Inc.\",\"alternateName\":\"Talkpal AI\",\"url\":\"https:\/\/talkpal.ai\/pt-br\/\",\"logo\":{\"@type\":\"ImageObject\",\"inLanguage\":\"pt-BR\",\"@id\":\"https:\/\/talkpal.ai\/pt-br\/#\/schema\/logo\/image\/\",\"url\":\"https:\/\/talkpal.ai\/wp-content\/uploads\/2024\/03\/Talkpal-Logo-Icon.png\",\"contentUrl\":\"https:\/\/talkpal.ai\/wp-content\/uploads\/2024\/03\/Talkpal-Logo-Icon.png\",\"width\":2880,\"height\":2880,\"caption\":\"Talkpal, Inc.\"},\"image\":{\"@id\":\"https:\/\/talkpal.ai\/pt-br\/#\/schema\/logo\/image\/\"},\"sameAs\":[\"https:\/\/www.facebook.com\/profile.php?id=100090733639311\",\"https:\/\/x.com\/talkpalai\",\"https:\/\/www.linkedin.com\/company\/talkpal\/\",\"https:\/\/www.youtube.com\/@TalkPal\/\",\"https:\/\/www.tiktok.com\/@talkpal\",\"https:\/\/www.instagram.com\/talkpal_ai\/\",\"https:\/\/www.crunchbase.com\/organization\/talkpal-9cde\",\"https:\/\/www.g2.com\/products\/talkpal-for-business\/\",\"https:\/\/www.trustpilot.com\/review\/talkpal.ai\",\"https:\/\/www.capterra.com\/p\/10006800\/TalkPal\/\"],\"description\":\"Talkpal is a language learning web and mobile education app, powered by the latest AI technologies, that provides engaging experiences to its customers in many different languages to help them improve their language skills. Users can chat about unlimited amount of topics with the app and use other modes to practice their language learning.\",\"email\":\"support@talkpal.ai\",\"legalName\":\"Talkpal, Inc.\",\"foundingDate\":\"2023-04-03\",\"duns\":\"118989042\",\"numberOfEmployees\":{\"@type\":\"QuantitativeValue\",\"minValue\":\"11\",\"maxValue\":\"50\"},\"publishingPrinciples\":\"https:\/\/talkpal.ai\/publishing-principles\/\",\"actionableFeedbackPolicy\":\"https:\/\/talkpal.ai\/actionable-feedback-policy\/\",\"correctionsPolicy\":\"https:\/\/talkpal.ai\/corrections-policy\/\",\"ethicsPolicy\":\"https:\/\/talkpal.ai\/ethics-policy\/\",\"diversityPolicy\":\"https:\/\/talkpal.ai\/diversity-policy\/\",\"diversityStaffingReport\":\"https:\/\/talkpal.ai\/diversity-policy\/\"}]}<\/script>\n<!-- \/ Yoast SEO Premium plugin. -->","yoast_head_json":{"title":"Gram\u00e1tica Hindi - Talkpal","description":"Domine a gram\u00e1tica hindi com confian\u00e7a - aprenda regras claras, forme frases corretas e fale melhor com a orienta\u00e7\u00e3o f\u00e1cil da Talkpal AI.","robots":{"index":"index","follow":"follow","max-snippet":"max-snippet:-1","max-image-preview":"max-image-preview:large","max-video-preview":"max-video-preview:-1"},"canonical":"https:\/\/talkpal.ai\/pt-br\/gramatica-hindi\/","og_locale":"pt_BR","og_type":"article","og_title":"Gram\u00e1tica Hindi","og_description":"Dominando a gram\u00e1tica hindi: seu guia definitivo Namast\u00ea, entusiastas da l\u00edngua! Voc\u00ea est\u00e1 pronto para explorar o mundo da gram\u00e1tica hindi? Voc\u00ea veio ao","og_url":"https:\/\/talkpal.ai\/pt-br\/gramatica-hindi\/","og_site_name":"Talkpal","article_publisher":"https:\/\/www.facebook.com\/profile.php?id=100090733639311","article_modified_time":"2025-12-13T14:59:13+00:00","og_image":[{"width":517,"height":517,"url":"https:\/\/talkpal.ai\/wp-content\/uploads\/2024\/02\/india.png","type":"image\/png"}],"twitter_card":"summary_large_image","twitter_site":"@talkpalai","twitter_misc":{"Est. tempo de leitura":"3 minutos"},"schema":{"@context":"https:\/\/schema.org","@graph":[{"@type":"WebPage","@id":"https:\/\/talkpal.ai\/pt-br\/gramatica-hindi\/","url":"https:\/\/talkpal.ai\/pt-br\/gramatica-hindi\/","name":"Gram\u00e1tica Hindi - Talkpal","isPartOf":{"@id":"https:\/\/talkpal.ai\/pt-br\/#website"},"primaryImageOfPage":{"@id":"https:\/\/talkpal.ai\/pt-br\/gramatica-hindi\/#primaryimage"},"image":{"@id":"https:\/\/talkpal.ai\/pt-br\/gramatica-hindi\/#primaryimage"},"thumbnailUrl":"https:\/\/talkpal.ai\/wp-content\/uploads\/2024\/02\/india.png","datePublished":"2023-05-14T13:50:44+00:00","dateModified":"2025-12-13T14:59:13+00:00","description":"Domine a gram\u00e1tica hindi com confian\u00e7a - aprenda regras claras, forme frases corretas e fale melhor com a orienta\u00e7\u00e3o f\u00e1cil da Talkpal AI.","breadcrumb":{"@id":"https:\/\/talkpal.ai\/pt-br\/gramatica-hindi\/#breadcrumb"},"inLanguage":"pt-BR","potentialAction":[{"@type":"ReadAction","target":["https:\/\/talkpal.ai\/pt-br\/gramatica-hindi\/"]}]},{"@type":"ImageObject","inLanguage":"pt-BR","@id":"https:\/\/talkpal.ai\/pt-br\/gramatica-hindi\/#primaryimage","url":"https:\/\/talkpal.ai\/wp-content\/uploads\/2024\/02\/india.png","contentUrl":"https:\/\/talkpal.ai\/wp-content\/uploads\/2024\/02\/india.png","width":517,"height":517,"caption":"TalkPal Indian Flag"},{"@type":"BreadcrumbList","@id":"https:\/\/talkpal.ai\/pt-br\/gramatica-hindi\/#breadcrumb","itemListElement":[{"@type":"ListItem","position":1,"name":"Homepage","item":"https:\/\/talkpal.ai\/pt-br\/"},{"@type":"ListItem","position":2,"name":"Gram\u00e1tica Hindi"}]},{"@type":"WebSite","@id":"https:\/\/talkpal.ai\/pt-br\/#website","url":"https:\/\/talkpal.ai\/pt-br\/","name":"Talkpal","description":"AI Language Learning","publisher":{"@id":"https:\/\/talkpal.ai\/pt-br\/#organization"},"alternateName":"Talkpal AI","potentialAction":[{"@type":"SearchAction","target":{"@type":"EntryPoint","urlTemplate":"https:\/\/talkpal.ai\/pt-br\/?s={search_term_string}"},"query-input":{"@type":"PropertyValueSpecification","valueRequired":true,"valueName":"search_term_string"}}],"inLanguage":"pt-BR"},{"@type":"Organization","@id":"https:\/\/talkpal.ai\/pt-br\/#organization","name":"Talkpal, Inc.","alternateName":"Talkpal AI","url":"https:\/\/talkpal.ai\/pt-br\/","logo":{"@type":"ImageObject","inLanguage":"pt-BR","@id":"https:\/\/talkpal.ai\/pt-br\/#\/schema\/logo\/image\/","url":"https:\/\/talkpal.ai\/wp-content\/uploads\/2024\/03\/Talkpal-Logo-Icon.png","contentUrl":"https:\/\/talkpal.ai\/wp-content\/uploads\/2024\/03\/Talkpal-Logo-Icon.png","width":2880,"height":2880,"caption":"Talkpal, Inc."},"image":{"@id":"https:\/\/talkpal.ai\/pt-br\/#\/schema\/logo\/image\/"},"sameAs":["https:\/\/www.facebook.com\/profile.php?id=100090733639311","https:\/\/x.com\/talkpalai","https:\/\/www.linkedin.com\/company\/talkpal\/","https:\/\/www.youtube.com\/@TalkPal\/","https:\/\/www.tiktok.com\/@talkpal","https:\/\/www.instagram.com\/talkpal_ai\/","https:\/\/www.crunchbase.com\/organization\/talkpal-9cde","https:\/\/www.g2.com\/products\/talkpal-for-business\/","https:\/\/www.trustpilot.com\/review\/talkpal.ai","https:\/\/www.capterra.com\/p\/10006800\/TalkPal\/"],"description":"Talkpal is a language learning web and mobile education app, powered by the latest AI technologies, that provides engaging experiences to its customers in many different languages to help them improve their language skills. Users can chat about unlimited amount of topics with the app and use other modes to practice their language learning.","email":"support@talkpal.ai","legalName":"Talkpal, Inc.","foundingDate":"2023-04-03","duns":"118989042","numberOfEmployees":{"@type":"QuantitativeValue","minValue":"11","maxValue":"50"},"publishingPrinciples":"https:\/\/talkpal.ai\/publishing-principles\/","actionableFeedbackPolicy":"https:\/\/talkpal.ai\/actionable-feedback-policy\/","correctionsPolicy":"https:\/\/talkpal.ai\/corrections-policy\/","ethicsPolicy":"https:\/\/talkpal.ai\/ethics-policy\/","diversityPolicy":"https:\/\/talkpal.ai\/diversity-policy\/","diversityStaffingReport":"https:\/\/talkpal.ai\/diversity-policy\/"}]}},"_links":{"self":[{"href":"https:\/\/talkpal.ai\/pt-br\/wp-json\/wp\/v2\/pages\/129360","targetHints":{"allow":["GET"]}}],"collection":[{"href":"https:\/\/talkpal.ai\/pt-br\/wp-json\/wp\/v2\/pages"}],"about":[{"href":"https:\/\/talkpal.ai\/pt-br\/wp-json\/wp\/v2\/types\/page"}],"author":[{"embeddable":true,"href":"https:\/\/talkpal.ai\/pt-br\/wp-json\/wp\/v2\/users\/1"}],"replies":[{"embeddable":true,"href":"https:\/\/talkpal.ai\/pt-br\/wp-json\/wp\/v2\/comments?post=129360"}],"version-history":[{"count":0,"href":"https:\/\/talkpal.ai\/pt-br\/wp-json\/wp\/v2\/pages\/129360\/revisions"}],"wp:featuredmedia":[{"embeddable":true,"href":"https:\/\/talkpal.ai\/pt-br\/wp-json\/wp\/v2\/media\/188225"}],"wp:attachment":[{"href":"https:\/\/talkpal.ai\/pt-br\/wp-json\/wp\/v2\/media?parent=129360"}],"curies":[{"name":"wp","href":"https:\/\/api.w.org\/{rel}","templated":true}]}}