{"id":129019,"date":"2023-05-14T13:50:21","date_gmt":"2023-05-14T13:50:21","guid":{"rendered":"http:\/\/talkpal.ai\/gramatica-finlandesa\/"},"modified":"2025-12-11T17:06:15","modified_gmt":"2025-12-11T17:06:15","slug":"gramatica-finlandesa","status":"publish","type":"page","link":"https:\/\/talkpal.ai\/pt-br\/gramatica-finlandesa\/","title":{"rendered":"Gram\u00e1tica Finlandesa"},"content":{"rendered":"\r\n\r\n\r\n<section class=\"languageChallengeSection\">\r\n    <div class=\"languageInfoWrapper\">\r\n        \r\n        <h1>Gram\u00e1tica Finlandesa<\/h1>\r\n        <p>Voc\u00ea est\u00e1 pronto para descobrir os segredos do finland\u00eas? Mergulhe na <a href=\"https:\/\/talkpal.ai\/es\/gramatica-finlandesa\/\">gram\u00e1tica finlandesa<\/a>, famosa por sua estrutura l\u00f3gica, harmonia de vogais e uma impressionante variedade de casos. Comece a aprender hoje mesmo &#8211; dominar a <a href=\"https:\/\/talkpal.ai\/es\/gramatica-finlandesa\/\">gram\u00e1tica finlandesa<\/a> dar\u00e1 a voc\u00ea a confian\u00e7a para falar e se relacionar, abrindo as portas para a rica cultura e as tradi\u00e7\u00f5es da Finl\u00e2ndia!<\/p>\r\n\r\n                            <a class=\"getStartedHidden\" href=\"https:\/\/app.talkpal.ai\/pt-br\/signup?lng=\">Come\u00e7a<\/a>\r\n        \r\n    <\/div>\r\n\r\n    <figure>\r\n    <img decoding=\"async\" width=\"768\" height=\"768\" src=\"https:\/\/talkpal.ai\/wp-content\/uploads\/2023\/06\/Finnish-768x768.png\" class=\"languageImage no-lazy\" alt=\"Develop your language aptitude learning\" fetchpriority=\"high\" sizes=\"(max-width: 768px) 150px, 768px\" srcset=\"https:\/\/talkpal.ai\/wp-content\/uploads\/2023\/06\/Finnish-768x768.png 768w, https:\/\/talkpal.ai\/wp-content\/uploads\/2023\/06\/Finnish-300x300.png 300w\" \/>\r\n    \r\n\r\n    <\/figure>\r\n\r\n            <a class=\"getStartedVisible\" href=\"https:\/\/app.talkpal.ai\/pt-br\/signup?lng=\">Come\u00e7a<\/a>\r\n    \r\n<\/section>\r\n<section class=\"promotionalBanner\">\r\n    <p class=\"promotionalText\">A maneira mais eficiente de aprender um idioma<\/p>\r\n    <a class=\"promotionalLink\" href=\"https:\/\/app.talkpal.ai\/pt-br\/signup?lng=\">Experimente o Talkpal gratuitamente<\/a>\r\n<\/section>\n<div class=\"wp-block-group pageContainerStyle\"><div class=\"wp-block-group__inner-container is-layout-constrained wp-block-group-is-layout-constrained\">\n<h2 class=\"wp-block-heading\" id=\"h-finnish-grammar-a-guide-to-mastering-the-complexities-of-the-finnish-language\">Gram\u00e1tica Finlandesa: Um Guia para Dominar as Complexidades da L\u00edngua Finlandesa<\/h2>\n\n\n\n<p>O finland\u00eas, uma l\u00edngua \u00fanica e fascinante falada por aproximadamente 5 milh\u00f5es de pessoas, \u00e9 conhecida por suas complexidades e sistema gramatical distinto. \u00c0 primeira <a href=\"https:\/\/talkpal.ai\/locations\/language-courses-in-vista\/\">vista<\/a>, as regras e estruturas na gram\u00e1tica finlandesa podem parecer assustadoras, mas n\u00e3o tenha medo! Com paci\u00eancia, pr\u00e1tica e orienta\u00e7\u00e3o, voc\u00ea pode desvendar os mist\u00e9rios da gram\u00e1tica finlandesa e melhorar suas habilidades lingu\u00edsticas. Neste artigo, daremos a voc\u00ea uma vis\u00e3o geral da gram\u00e1tica finlandesa e compartilharemos algumas dicas para facilitar sua jornada de aprendizado.<\/p>\n\n\n\n<h3 class=\"wp-block-heading\" id=\"h-the-basics-of-finnish-grammar\">No\u00e7\u00f5es b\u00e1sicas da gram\u00e1tica finlandesa:<\/h3>\n\n\n\n<p>A gram\u00e1tica finlandesa, bem diferente da inglesa, \u00e9 caracterizada por seu rico uso de casos, falta de <a href=\"https:\/\/talkpal.ai\/ar\/grammar_exercises\/genero-%d8%aa%d9%85%d8%a7%d8%b1%d9%8a%d9%86-%d9%84%d9%82%d9%88%d8%a7%d8%b9%d8%af-%d8%a7%d9%84%d9%84%d8%ba%d8%a9-%d8%a7%d9%84%d8%a5%d8%b3%d8%a8%d8%a7%d9%86%d9%8a%d8%a9\/\">g\u00eanero gramatical<\/a> e sistema \u00fanico de conjuga\u00e7\u00e3o de verbos. Aqui est\u00e3o alguns aspectos essenciais da gram\u00e1tica finlandesa com os quais voc\u00ea deve estar familiarizado:<\/p>\n\n\n\n<p>1. Casos substantivos: o finland\u00eas tem 15 casos substantivos, o que denota a rela\u00e7\u00e3o entre um substantivo e outros <strong>constituintes<\/strong> de uma frase. Cada caso substantivo tem uma termina\u00e7\u00e3o espec\u00edfica que fica ligada ao tronco do substantivo. Alguns exemplos de casos substantivos incluem nominativo, genitivo, acusativo e parcial.<\/p>\n\n\n\n<p><strong>2. Sem g\u00eanero gramatical:<\/strong> <a href=\"https:\/\/talkpal.ai\/culture\/how-do-you-use-the-phrase-ao-contrario-de\/\">Ao contr\u00e1rio<\/a> de muitas l\u00ednguas, o finland\u00eas n\u00e3o atribui g\u00eanero aos substantivos. Em vez disso, o idioma <a href=\"https:\/\/talkpal.ai\/locations\/learn-english-in-usa\/\">usa<\/a> uma palavra &#8211; h\u00e4n &#8211; para se referir tanto a &#8220;ele&#8221; quanto a &#8220;ela&#8221;. Esse recurso simplifica o processo de aprendizagem do finland\u00eas e elimina a necessidade de memorizar artigos de g\u00eanero ou formas de pronome.<\/p>\n\n\n\n<p><strong>3. Conjuga\u00e7\u00e3o<\/strong> de verbos: os verbos finlandeses s\u00e3o conjugados com base no tempo, humor e voz. H\u00e1 quatro tempos verbais em finland\u00eas: <a href=\"https:\/\/talkpal.ai\/zh-hans\/grammar_exercises\/presente-%e8%a5%bf%e7%8f%ad%e7%89%99%e8%af%ad%e6%b3%95%e7%bb%83%e4%b9%a0\/\">presente<\/a>, passado, perfeito e pluperfeito. Al\u00e9m disso, os verbos finlandeses t\u00eam cinco humores: indicativo, <a href=\"https:\/\/talkpal.ai\/ru\/grammar_exercises\/condicional-%d1%83%d0%bf%d1%80%d0%b0%d0%b6%d0%bd%d0%b5%d0%bd%d0%b8%d1%8f-%d0%b4%d0%bb%d1%8f-%d0%b8%d1%81%d0%bf%d0%b0%d0%bd%d1%81%d0%ba%d0%be%d0%b9-%d0%b3%d1%80%d0%b0%d0%bc%d0%bc%d0%b0%d1%82%d0%b8\/\">condicional<\/a>, potencial, <a href=\"https:\/\/talkpal.ai\/ar\/grammar_exercises\/imperativo-%d8%aa%d9%85%d8%a7%d8%b1%d9%8a%d9%86-%d9%84%d9%82%d9%88%d8%a7%d8%b9%d8%af-%d8%a7%d9%84%d9%84%d8%ba%d8%a9-%d8%a7%d9%84%d8%a5%d8%b3%d8%a8%d8%a7%d9%86%d9%8a%d8%a9\/\">imperativo<\/a> e eventual.<\/p>\n\n\n\n<p><strong>4. Harmonia voc\u00e1lica<\/strong> : Em finland\u00eas, as vogais s\u00e3o divididas em tr\u00eas grupos: frente (\u00e4, \u00f6, y), traseira (a, o, u) e neutra (i, e). Devido \u00e0 harmonia voc\u00e1lica, as vogais frontais e traseiras normalmente n\u00e3o podem aparecer na mesma palavra, exceto para palavras compostas e algumas palavras emprestadas.<\/p>\n\n\n\n<h3 class=\"wp-block-heading\" id=\"h-strategies-for-learning-finnish-grammar\">Estrat\u00e9gias para aprender gram\u00e1tica finlandesa:<\/h3>\n\n\n\n<p>Entender a gram\u00e1tica finlandesa pode parecer dif\u00edcil, mas com a mentalidade e as estrat\u00e9gias de aprendizado corretas, voc\u00ea conseguir\u00e1 pegar o jeito. Aqui est\u00e3o algumas dicas \u00fateis para orientar seu estudo:<\/p>\n\n\n\n<p><strong>1. D\u00ea passos de beb\u00ea:<\/strong> Comece com o b\u00e1sico da gram\u00e1tica finlandesa, como casos de substantivos e conjuga\u00e7\u00e3o de verbos. Ao dividir regras complexas em partes menores e diger\u00edveis, voc\u00ea poder\u00e1 progredir de forma constante e construir uma base s\u00f3lida.<\/p>\n\n\n\n<p><strong>2. Pratique regularmente:<\/strong> a consist\u00eancia \u00e9 fundamental ao aprender um idioma. Aloque tempo a cada dia ou semana para praticar gram\u00e1tica por meio de exerc\u00edcios, leitura e escrita em finland\u00eas.<\/p>\n\n\n\n<p><strong>3. Use recursos<\/strong> nativos: para obter uma melhor compreens\u00e3o da gram\u00e1tica finlandesa no contexto, mergulhe em materiais nativos, como literatura, artigos de not\u00edcias e podcasts. Isso ajudar\u00e1 voc\u00ea a internalizar as regras e melhorar suas habilidades de audi\u00e7\u00e3o e leitura.<\/p>\n\n\n\n<p><strong>4. Conecte-se com falantes nativos:<\/strong> Participar de conversas com falantes nativos finlandeses \u00e9 uma excelente maneira de praticar gram\u00e1tica e receber feedback valioso. Considere participar de grupos de interc\u00e2mbio de idiomas ou f\u00f3runs on-line onde voc\u00ea pode se conectar com pessoas que falam finland\u00eas.<\/p>\n\n\n\n<p><strong>5. Seja paciente e persistente:<\/strong> Aprender a gram\u00e1tica finlandesa \u00e9 uma jornada desafiadora, mas com paci\u00eancia e dedica\u00e7\u00e3o, voc\u00ea desvendar\u00e1 seus meandros e se tornar\u00e1 proficiente no idioma.<\/p>\n\n\n\n<h3 class=\"wp-block-heading\" id=\"h-conclusion\">Conclus\u00e3o:<\/h3>\n\n\n\n<p>O mundo da gram\u00e1tica finlandesa, embora complexo, \u00e9 intrigante e pode ser desvendado atrav\u00e9s da determina\u00e7\u00e3o e da pr\u00e1tica. Ao se familiarizar com os principais elementos da gram\u00e1tica finlandesa e seguir nossas estrat\u00e9gias de aprendizado, voc\u00ea abrir\u00e1 o caminho para a flu\u00eancia e uma aprecia\u00e7\u00e3o mais profunda desse idioma cativante. Portanto, mergulhe nas complexidades da gram\u00e1tica finlandesa com uma mentalidade positiva e, antes que perceba, voc\u00ea estar\u00e1 navegando com confian\u00e7a no cen\u00e1rio lingu\u00edstico do suomi!<\/p>\n<\/div><\/div>\n\r\n<section class=\"learnNavigationSection\">\r\n            \r\n        <a href=\"https:\/\/talkpal.ai\/pt-br\/aprenda-finlandes\/\">\r\n            <div class=\"learnNavigationWrapper\">\r\n                <div class=\"learnNavigationContent\">\r\n                    <img decoding=\"async\" src=\"https:\/\/talkpal.ai\/wp-content\/uploads\/2024\/08\/Finnish.jpg\" alt=\"Finnish Flag\">\r\n                    <div>\r\n                        <h4>Sobre o aprendizado de finland\u00eas<\/h4>\r\n                        <p>Saiba tudo sobre a gram\u00e1tica finlandesa .<\/p>\r\n                    <\/div>\r\n                <\/div>\r\n            <\/div>\r\n        <\/a>\r\n\r\n        \r\n        <a href=\"https:\/\/talkpal.ai\/pt-br\/exercicios-de-gramatica-finlandesa\/\">\r\n            <div class=\"learnNavigationWrapper\">\r\n                <div class=\"learnNavigationContent\">\r\n                    <img decoding=\"async\" src=\"https:\/\/talkpal.ai\/wp-content\/uploads\/2024\/08\/Finnish.jpg\" alt=\"Finnish Flag\">\r\n                    <div>\r\n                        <h4>Exerc\u00edcio de gram\u00e1tica finlandesa<\/h4>\r\n                        <p>Pratique a gram\u00e1tica finlandesa .<\/p>\r\n                    <\/div>\r\n                <\/div>\r\n            <\/div>\r\n        <\/a>\r\n\r\n        \r\n        <a href=\"https:\/\/talkpal.ai\/vocabulary_language\/finnish\/\">\r\n            <div class=\"learnNavigationWrapper\">\r\n                <div class=\"learnNavigationContent\">\r\n                    <img decoding=\"async\" src=\"https:\/\/talkpal.ai\/wp-content\/uploads\/2024\/08\/Finnish.jpg\" alt=\"Finnish Flag\">\r\n                    <div>\r\n                        <h4>Vocabul\u00e1rio finland\u00eas<\/h4>\r\n                        <p>Amplie seu vocabul\u00e1rio finland\u00eas.<\/p>\r\n                    <\/div>\r\n                <\/div>\r\n            <\/div>\r\n        <\/a>\r\n\r\n            <\/section>","protected":false},"excerpt":{"rendered":"<p>Gram\u00e1tica Finlandesa: Um Guia para Dominar as Complexidades da L\u00edngua Finlandesa O finland\u00eas, uma l\u00edngua \u00fanica e fascinante falada por aproximadamente 5 milh\u00f5es de pessoas, \u00e9 conhecida por suas complexidades e sistema gramatical distinto. \u00c0 primeira vista, as regras e estruturas na gram\u00e1tica finlandesa podem parecer assustadoras, mas n\u00e3o tenha medo! Com paci\u00eancia, pr\u00e1tica e [&hellip;]<\/p>\n","protected":false},"author":1,"featured_media":106719,"parent":0,"menu_order":0,"comment_status":"closed","ping_status":"closed","template":"LearningContentPage.php","meta":{"_acf_changed":false,"footnotes":""},"class_list":["post-129019","page","type-page","status-publish","has-post-thumbnail","hentry"],"acf":[],"yoast_head":"<!-- This site is optimized with the Yoast SEO Premium plugin v27.2 (Yoast SEO v27.2) - https:\/\/yoast.com\/product\/yoast-seo-premium-wordpress\/ -->\n<title>Gram\u00e1tica Finlandesa - Talkpal<\/title>\n<meta name=\"description\" content=\"Aprenda aspectos essenciais da gram\u00e1tica finlandesa, incluindo casos, verbos, estrutura de frases e dicas de pron\u00fancia para voc\u00ea dominar o idioma finland\u00eas.\" \/>\n<meta name=\"robots\" content=\"index, follow, max-snippet:-1, max-image-preview:large, max-video-preview:-1\" \/>\n<link rel=\"canonical\" href=\"https:\/\/talkpal.ai\/pt-br\/gramatica-finlandesa\/\" \/>\n<meta property=\"og:locale\" content=\"pt_BR\" \/>\n<meta property=\"og:type\" content=\"article\" \/>\n<meta property=\"og:title\" content=\"Gram\u00e1tica Finlandesa\" \/>\n<meta property=\"og:description\" content=\"Gram\u00e1tica Finlandesa: Um Guia para Dominar as Complexidades da L\u00edngua Finlandesa O finland\u00eas, uma l\u00edngua \u00fanica e fascinante falada por aproximadamente 5\" \/>\n<meta property=\"og:url\" content=\"https:\/\/talkpal.ai\/pt-br\/gramatica-finlandesa\/\" \/>\n<meta property=\"og:site_name\" content=\"Talkpal\" \/>\n<meta property=\"article:publisher\" content=\"https:\/\/www.facebook.com\/profile.php?id=100090733639311\" \/>\n<meta property=\"article:modified_time\" content=\"2025-12-11T17:06:15+00:00\" \/>\n<meta property=\"og:image\" content=\"https:\/\/talkpal.ai\/wp-content\/uploads\/2023\/04\/finland.png\" \/>\n\t<meta property=\"og:image:width\" content=\"512\" \/>\n\t<meta property=\"og:image:height\" content=\"512\" \/>\n\t<meta property=\"og:image:type\" content=\"image\/png\" \/>\n<meta name=\"twitter:card\" content=\"summary_large_image\" \/>\n<meta name=\"twitter:site\" content=\"@talkpalai\" \/>\n<meta name=\"twitter:label1\" content=\"Est. tempo de leitura\" \/>\n\t<meta name=\"twitter:data1\" content=\"3 minutos\" \/>\n<script type=\"application\/ld+json\" class=\"yoast-schema-graph\">{\"@context\":\"https:\/\/schema.org\",\"@graph\":[{\"@type\":\"WebPage\",\"@id\":\"https:\/\/talkpal.ai\/pt-br\/gramatica-finlandesa\/\",\"url\":\"https:\/\/talkpal.ai\/pt-br\/gramatica-finlandesa\/\",\"name\":\"Gram\u00e1tica Finlandesa - Talkpal\",\"isPartOf\":{\"@id\":\"https:\/\/talkpal.ai\/pt-br\/#website\"},\"primaryImageOfPage\":{\"@id\":\"https:\/\/talkpal.ai\/pt-br\/gramatica-finlandesa\/#primaryimage\"},\"image\":{\"@id\":\"https:\/\/talkpal.ai\/pt-br\/gramatica-finlandesa\/#primaryimage\"},\"thumbnailUrl\":\"https:\/\/talkpal.ai\/wp-content\/uploads\/2023\/04\/finland.png\",\"datePublished\":\"2023-05-14T13:50:21+00:00\",\"dateModified\":\"2025-12-11T17:06:15+00:00\",\"description\":\"Aprenda aspectos essenciais da gram\u00e1tica finlandesa, incluindo casos, verbos, estrutura de frases e dicas de pron\u00fancia para voc\u00ea dominar o idioma finland\u00eas.\",\"breadcrumb\":{\"@id\":\"https:\/\/talkpal.ai\/pt-br\/gramatica-finlandesa\/#breadcrumb\"},\"inLanguage\":\"pt-BR\",\"potentialAction\":[{\"@type\":\"ReadAction\",\"target\":[\"https:\/\/talkpal.ai\/pt-br\/gramatica-finlandesa\/\"]}]},{\"@type\":\"ImageObject\",\"inLanguage\":\"pt-BR\",\"@id\":\"https:\/\/talkpal.ai\/pt-br\/gramatica-finlandesa\/#primaryimage\",\"url\":\"https:\/\/talkpal.ai\/wp-content\/uploads\/2023\/04\/finland.png\",\"contentUrl\":\"https:\/\/talkpal.ai\/wp-content\/uploads\/2023\/04\/finland.png\",\"width\":512,\"height\":512,\"caption\":\"TalkPal finland Flag\"},{\"@type\":\"BreadcrumbList\",\"@id\":\"https:\/\/talkpal.ai\/pt-br\/gramatica-finlandesa\/#breadcrumb\",\"itemListElement\":[{\"@type\":\"ListItem\",\"position\":1,\"name\":\"Homepage\",\"item\":\"https:\/\/talkpal.ai\/pt-br\/\"},{\"@type\":\"ListItem\",\"position\":2,\"name\":\"Gram\u00e1tica Finlandesa\"}]},{\"@type\":\"WebSite\",\"@id\":\"https:\/\/talkpal.ai\/pt-br\/#website\",\"url\":\"https:\/\/talkpal.ai\/pt-br\/\",\"name\":\"Talkpal\",\"description\":\"AI Language Learning\",\"publisher\":{\"@id\":\"https:\/\/talkpal.ai\/pt-br\/#organization\"},\"alternateName\":\"Talkpal AI\",\"potentialAction\":[{\"@type\":\"SearchAction\",\"target\":{\"@type\":\"EntryPoint\",\"urlTemplate\":\"https:\/\/talkpal.ai\/pt-br\/?s={search_term_string}\"},\"query-input\":{\"@type\":\"PropertyValueSpecification\",\"valueRequired\":true,\"valueName\":\"search_term_string\"}}],\"inLanguage\":\"pt-BR\"},{\"@type\":\"Organization\",\"@id\":\"https:\/\/talkpal.ai\/pt-br\/#organization\",\"name\":\"Talkpal, Inc.\",\"alternateName\":\"Talkpal AI\",\"url\":\"https:\/\/talkpal.ai\/pt-br\/\",\"logo\":{\"@type\":\"ImageObject\",\"inLanguage\":\"pt-BR\",\"@id\":\"https:\/\/talkpal.ai\/pt-br\/#\/schema\/logo\/image\/\",\"url\":\"https:\/\/talkpal.ai\/wp-content\/uploads\/2024\/03\/Talkpal-Logo-Icon.png\",\"contentUrl\":\"https:\/\/talkpal.ai\/wp-content\/uploads\/2024\/03\/Talkpal-Logo-Icon.png\",\"width\":2880,\"height\":2880,\"caption\":\"Talkpal, Inc.\"},\"image\":{\"@id\":\"https:\/\/talkpal.ai\/pt-br\/#\/schema\/logo\/image\/\"},\"sameAs\":[\"https:\/\/www.facebook.com\/profile.php?id=100090733639311\",\"https:\/\/x.com\/talkpalai\",\"https:\/\/www.linkedin.com\/company\/talkpal\/\",\"https:\/\/www.youtube.com\/@TalkPal\/\",\"https:\/\/www.tiktok.com\/@talkpal\",\"https:\/\/www.instagram.com\/talkpal_ai\/\",\"https:\/\/www.crunchbase.com\/organization\/talkpal-9cde\",\"https:\/\/www.g2.com\/products\/talkpal-for-business\/\",\"https:\/\/www.trustpilot.com\/review\/talkpal.ai\",\"https:\/\/www.capterra.com\/p\/10006800\/TalkPal\/\"],\"description\":\"Talkpal is a language learning web and mobile education app, powered by the latest AI technologies, that provides engaging experiences to its customers in many different languages to help them improve their language skills. Users can chat about unlimited amount of topics with the app and use other modes to practice their language learning.\",\"email\":\"support@talkpal.ai\",\"legalName\":\"Talkpal, Inc.\",\"foundingDate\":\"2023-04-03\",\"duns\":\"118989042\",\"numberOfEmployees\":{\"@type\":\"QuantitativeValue\",\"minValue\":\"11\",\"maxValue\":\"50\"},\"publishingPrinciples\":\"https:\/\/talkpal.ai\/publishing-principles\/\",\"actionableFeedbackPolicy\":\"https:\/\/talkpal.ai\/actionable-feedback-policy\/\",\"correctionsPolicy\":\"https:\/\/talkpal.ai\/corrections-policy\/\",\"ethicsPolicy\":\"https:\/\/talkpal.ai\/ethics-policy\/\",\"diversityPolicy\":\"https:\/\/talkpal.ai\/diversity-policy\/\",\"diversityStaffingReport\":\"https:\/\/talkpal.ai\/diversity-policy\/\"}]}<\/script>\n<!-- \/ Yoast SEO Premium plugin. -->","yoast_head_json":{"title":"Gram\u00e1tica Finlandesa - Talkpal","description":"Aprenda aspectos essenciais da gram\u00e1tica finlandesa, incluindo casos, verbos, estrutura de frases e dicas de pron\u00fancia para voc\u00ea dominar o idioma finland\u00eas.","robots":{"index":"index","follow":"follow","max-snippet":"max-snippet:-1","max-image-preview":"max-image-preview:large","max-video-preview":"max-video-preview:-1"},"canonical":"https:\/\/talkpal.ai\/pt-br\/gramatica-finlandesa\/","og_locale":"pt_BR","og_type":"article","og_title":"Gram\u00e1tica Finlandesa","og_description":"Gram\u00e1tica Finlandesa: Um Guia para Dominar as Complexidades da L\u00edngua Finlandesa O finland\u00eas, uma l\u00edngua \u00fanica e fascinante falada por aproximadamente 5","og_url":"https:\/\/talkpal.ai\/pt-br\/gramatica-finlandesa\/","og_site_name":"Talkpal","article_publisher":"https:\/\/www.facebook.com\/profile.php?id=100090733639311","article_modified_time":"2025-12-11T17:06:15+00:00","og_image":[{"width":512,"height":512,"url":"https:\/\/talkpal.ai\/wp-content\/uploads\/2023\/04\/finland.png","type":"image\/png"}],"twitter_card":"summary_large_image","twitter_site":"@talkpalai","twitter_misc":{"Est. tempo de leitura":"3 minutos"},"schema":{"@context":"https:\/\/schema.org","@graph":[{"@type":"WebPage","@id":"https:\/\/talkpal.ai\/pt-br\/gramatica-finlandesa\/","url":"https:\/\/talkpal.ai\/pt-br\/gramatica-finlandesa\/","name":"Gram\u00e1tica Finlandesa - Talkpal","isPartOf":{"@id":"https:\/\/talkpal.ai\/pt-br\/#website"},"primaryImageOfPage":{"@id":"https:\/\/talkpal.ai\/pt-br\/gramatica-finlandesa\/#primaryimage"},"image":{"@id":"https:\/\/talkpal.ai\/pt-br\/gramatica-finlandesa\/#primaryimage"},"thumbnailUrl":"https:\/\/talkpal.ai\/wp-content\/uploads\/2023\/04\/finland.png","datePublished":"2023-05-14T13:50:21+00:00","dateModified":"2025-12-11T17:06:15+00:00","description":"Aprenda aspectos essenciais da gram\u00e1tica finlandesa, incluindo casos, verbos, estrutura de frases e dicas de pron\u00fancia para voc\u00ea dominar o idioma finland\u00eas.","breadcrumb":{"@id":"https:\/\/talkpal.ai\/pt-br\/gramatica-finlandesa\/#breadcrumb"},"inLanguage":"pt-BR","potentialAction":[{"@type":"ReadAction","target":["https:\/\/talkpal.ai\/pt-br\/gramatica-finlandesa\/"]}]},{"@type":"ImageObject","inLanguage":"pt-BR","@id":"https:\/\/talkpal.ai\/pt-br\/gramatica-finlandesa\/#primaryimage","url":"https:\/\/talkpal.ai\/wp-content\/uploads\/2023\/04\/finland.png","contentUrl":"https:\/\/talkpal.ai\/wp-content\/uploads\/2023\/04\/finland.png","width":512,"height":512,"caption":"TalkPal finland Flag"},{"@type":"BreadcrumbList","@id":"https:\/\/talkpal.ai\/pt-br\/gramatica-finlandesa\/#breadcrumb","itemListElement":[{"@type":"ListItem","position":1,"name":"Homepage","item":"https:\/\/talkpal.ai\/pt-br\/"},{"@type":"ListItem","position":2,"name":"Gram\u00e1tica Finlandesa"}]},{"@type":"WebSite","@id":"https:\/\/talkpal.ai\/pt-br\/#website","url":"https:\/\/talkpal.ai\/pt-br\/","name":"Talkpal","description":"AI Language Learning","publisher":{"@id":"https:\/\/talkpal.ai\/pt-br\/#organization"},"alternateName":"Talkpal AI","potentialAction":[{"@type":"SearchAction","target":{"@type":"EntryPoint","urlTemplate":"https:\/\/talkpal.ai\/pt-br\/?s={search_term_string}"},"query-input":{"@type":"PropertyValueSpecification","valueRequired":true,"valueName":"search_term_string"}}],"inLanguage":"pt-BR"},{"@type":"Organization","@id":"https:\/\/talkpal.ai\/pt-br\/#organization","name":"Talkpal, Inc.","alternateName":"Talkpal AI","url":"https:\/\/talkpal.ai\/pt-br\/","logo":{"@type":"ImageObject","inLanguage":"pt-BR","@id":"https:\/\/talkpal.ai\/pt-br\/#\/schema\/logo\/image\/","url":"https:\/\/talkpal.ai\/wp-content\/uploads\/2024\/03\/Talkpal-Logo-Icon.png","contentUrl":"https:\/\/talkpal.ai\/wp-content\/uploads\/2024\/03\/Talkpal-Logo-Icon.png","width":2880,"height":2880,"caption":"Talkpal, Inc."},"image":{"@id":"https:\/\/talkpal.ai\/pt-br\/#\/schema\/logo\/image\/"},"sameAs":["https:\/\/www.facebook.com\/profile.php?id=100090733639311","https:\/\/x.com\/talkpalai","https:\/\/www.linkedin.com\/company\/talkpal\/","https:\/\/www.youtube.com\/@TalkPal\/","https:\/\/www.tiktok.com\/@talkpal","https:\/\/www.instagram.com\/talkpal_ai\/","https:\/\/www.crunchbase.com\/organization\/talkpal-9cde","https:\/\/www.g2.com\/products\/talkpal-for-business\/","https:\/\/www.trustpilot.com\/review\/talkpal.ai","https:\/\/www.capterra.com\/p\/10006800\/TalkPal\/"],"description":"Talkpal is a language learning web and mobile education app, powered by the latest AI technologies, that provides engaging experiences to its customers in many different languages to help them improve their language skills. Users can chat about unlimited amount of topics with the app and use other modes to practice their language learning.","email":"support@talkpal.ai","legalName":"Talkpal, Inc.","foundingDate":"2023-04-03","duns":"118989042","numberOfEmployees":{"@type":"QuantitativeValue","minValue":"11","maxValue":"50"},"publishingPrinciples":"https:\/\/talkpal.ai\/publishing-principles\/","actionableFeedbackPolicy":"https:\/\/talkpal.ai\/actionable-feedback-policy\/","correctionsPolicy":"https:\/\/talkpal.ai\/corrections-policy\/","ethicsPolicy":"https:\/\/talkpal.ai\/ethics-policy\/","diversityPolicy":"https:\/\/talkpal.ai\/diversity-policy\/","diversityStaffingReport":"https:\/\/talkpal.ai\/diversity-policy\/"}]}},"_links":{"self":[{"href":"https:\/\/talkpal.ai\/pt-br\/wp-json\/wp\/v2\/pages\/129019","targetHints":{"allow":["GET"]}}],"collection":[{"href":"https:\/\/talkpal.ai\/pt-br\/wp-json\/wp\/v2\/pages"}],"about":[{"href":"https:\/\/talkpal.ai\/pt-br\/wp-json\/wp\/v2\/types\/page"}],"author":[{"embeddable":true,"href":"https:\/\/talkpal.ai\/pt-br\/wp-json\/wp\/v2\/users\/1"}],"replies":[{"embeddable":true,"href":"https:\/\/talkpal.ai\/pt-br\/wp-json\/wp\/v2\/comments?post=129019"}],"version-history":[{"count":0,"href":"https:\/\/talkpal.ai\/pt-br\/wp-json\/wp\/v2\/pages\/129019\/revisions"}],"wp:featuredmedia":[{"embeddable":true,"href":"https:\/\/talkpal.ai\/pt-br\/wp-json\/wp\/v2\/media\/106719"}],"wp:attachment":[{"href":"https:\/\/talkpal.ai\/pt-br\/wp-json\/wp\/v2\/media?parent=129019"}],"curies":[{"name":"wp","href":"https:\/\/api.w.org\/{rel}","templated":true}]}}