{"id":126932,"date":"2023-03-26T12:27:22","date_gmt":"2023-03-26T12:27:22","guid":{"rendered":"http:\/\/talkpal.ai\/gramatica-italiana\/"},"modified":"2025-05-22T18:43:45","modified_gmt":"2025-05-22T18:43:45","slug":"gramatica-italiana","status":"publish","type":"page","link":"https:\/\/talkpal.ai\/pt-br\/gramatica-italiana\/","title":{"rendered":"Gram\u00e1tica italiana"},"content":{"rendered":"\r\n\r\n\r\n<section class=\"languageChallengeSection\">\r\n    <div class=\"languageInfoWrapper\">\r\n        \r\n        <h1>Gram\u00e1tica italiana<\/h1>\r\n        <p>Descubra os fundamentos do idioma <a href=\"https:\/\/talkpal.ai\/learn-italian\/\">italiano<\/a> aprendendo suas regras gramaticais essenciais. Dominar a <a href=\"https:\/\/talkpal.ai\/pt-pt\/o-que-ha-de-especial-na-gramatica-italiana\/\">gram\u00e1tica italiana<\/a> ajudar\u00e1 voc\u00ea a se expressar com confian\u00e7a e a se conectar mais profundamente com a rica cultura italiana. Comece a aprender a gram\u00e1tica italiana hoje mesmo e d\u00ea o primeiro passo rumo \u00e0 flu\u00eancia!<\/p>\r\n\r\n                            <a class=\"getStartedHidden\" href=\"https:\/\/app.talkpal.ai\/pt-br\/signup?lng=\">Come\u00e7a<\/a>\r\n        \r\n    <\/div>\r\n\r\n    <figure>\r\n    <img decoding=\"async\" width=\"768\" height=\"768\" src=\"https:\/\/talkpal.ai\/wp-content\/uploads\/2023\/06\/italian-768x768.png\" class=\"languageImage no-lazy\" alt=\"Language learning for increased memory capacity\" fetchpriority=\"high\" sizes=\"(max-width: 768px) 150px, 768px\" srcset=\"https:\/\/talkpal.ai\/wp-content\/uploads\/2023\/06\/italian-768x768.png 768w, https:\/\/talkpal.ai\/wp-content\/uploads\/2023\/06\/italian-300x300.png 300w\" \/>\r\n    \r\n\r\n    <\/figure>\r\n\r\n            <a class=\"getStartedVisible\" href=\"https:\/\/app.talkpal.ai\/pt-br\/signup?lng=\">Come\u00e7a<\/a>\r\n    \r\n<\/section>\r\n<section class=\"promotionalBanner\">\r\n    <p class=\"promotionalText\">A maneira mais eficiente de aprender um idioma<\/p>\r\n    <a class=\"promotionalLink\" href=\"https:\/\/app.talkpal.ai\/pt-br\/signup?lng=\">Experimente o Talkpal gratuitamente<\/a>\r\n<\/section>\n<div class=\"wp-block-group pageContainerStyle\"><div class=\"wp-block-group__inner-container is-layout-constrained wp-block-group-is-layout-constrained\">\n<h2 class=\"wp-block-heading\" id=\"h-mastering-the-art-of-italian-grammar-your-ultimate-guide\">Dominando a arte da gram\u00e1tica italiana: seu guia definitivo<\/h2>\n\n\n\n<p>Ciao, entusiastas do idioma! Pronto para mergulhar de cabe\u00e7a no mundo da gram\u00e1tica italiana? Voc\u00ea veio ao lugar certo. Repleto de informa\u00e7\u00f5es f\u00e1ceis de digerir e em tom de conversa, este artigo o guiar\u00e1 pelo fascinante (e \u00e0s vezes complicado) mundo da gram\u00e1tica italiana <a href=\"https:\/\/talkpal.ai\/culture\/how-do-i-use-para-que-correctly\/\">para que<\/a> voc\u00ea possa construir frases com confian\u00e7a e ter conversas significativas com falantes nativos. Ent\u00e3o, aperte o cinto de seguran\u00e7a e vamos come\u00e7ar!<\/p>\n\n\n\n<h3 class=\"wp-block-heading\" id=\"h-but-first-why-italian-grammar\">Mas, primeiro, por que a gram\u00e1tica italiana?<\/h3>\n\n\n\n<p>Se voc\u00ea estiver aprendendo italiano, uma base s\u00f3lida de gram\u00e1tica \u00e9 fundamental para falar, ler e escrever fluentemente. A gram\u00e1tica italiana pode parecer complexa no in\u00edcio, mas \u00e9 relativamente simples quando voc\u00ea a divide em partes menores e mais f\u00e1ceis de gerenciar. Ent\u00e3o, vamos come\u00e7ar sua jornada para dominar a gram\u00e1tica italiana!<\/p>\n\n\n\n<h3 class=\"wp-block-heading\" id=\"h-1-nouns-articles-and-gender\">1. Substantivos, artigos e g\u00eanero<\/h3>\n\n\n\n<p>Os substantivos italianos t\u00eam dois g\u00eaneros: masculino e feminino. Diferentemente do <a href=\"https:\/\/talkpal.ai\/pt-pt\/locations\/aprenda-ingles-em-passos\/\">ingl\u00eas<\/a>, em que o g\u00eanero do substantivo \u00e9 irrelevante, o italiano exige o g\u00eanero correto para a constru\u00e7\u00e3o adequada da frase. Voc\u00ea consegue adivinhar o g\u00eanero de substantivos <a href=\"https:\/\/talkpal.ai\/locations\/language-courses-in-como\/\">como<\/a> &#8220;tavolo&#8221; (mesa) ou &#8220;casa&#8221; (casa)? Se voc\u00ea adivinhou o masculino para &#8220;tavolo&#8221; e o feminino para &#8220;casa&#8221;, bravo!<\/p>\n\n\n\n<p>Em italiano, os substantivos geralmente terminam com &#8220;-o&#8221; para o masculino e &#8220;-a&#8221; para o feminino. H\u00e1 exce\u00e7\u00f5es &#8211; algumas palavras terminam com &#8220;-e&#8221; e podem ser de qualquer g\u00eanero &#8211; mas, por enquanto, vamos manter esse princ\u00edpio b\u00e1sico em mente.<\/p>\n\n\n\n<p>Agora, vamos falar sobre artigos. Assim como em ingl\u00eas, precisamos de artigos antes dos substantivos. O italiano tem <a href=\"https:\/\/talkpal.ai\/hi\/grammar_exercises\/articulos-%e0%a4%b8%e0%a5%8d%e0%a4%aa%e0%a5%87%e0%a4%a8%e0%a4%bf%e0%a4%b6-%e0%a4%b5%e0%a5%8d%e0%a4%af%e0%a4%be%e0%a4%95%e0%a4%b0%e0%a4%a3-%e0%a4%95%e0%a5%87-%e0%a4%b2%e0%a4%bf%e0%a4%8f-%e0%a4%b5\/\">artigos definidos<\/a> (il, lo, la, i, gli, le) e indefinidos (un, uno, una).<\/p>\n\n\n\n<p>Ent\u00e3o, como escolhemos o artigo definido a ser usado?<\/p>\n\n\n\n<p>&#8211; &#8220;il&#8221; e &#8220;i&#8221; para substantivos masculinos que come\u00e7am com uma consoante, por exemplo, il libro (o livro), i libri (os livros)<br\/>&#8211; &#8220;lo&#8221; e &#8220;gli&#8221; para substantivos masculinos que come\u00e7am com &#8220;s&#8221; seguido de uma consoante, uma vogal (exceto &#8220;u&#8221;) ou um &#8220;z&#8221;, por exemplo, lo studente (o estudante), gli studenti (os estudantes)<br\/>&#8211; &#8220;la&#8221; e &#8220;le&#8221; para substantivos femininos, por exemplo, la casa (a casa), le case (as casas)<\/p>\n\n\n\n<h3 class=\"wp-block-heading\" id=\"h-2-adjectives-and-agreement\">2. Adjetivos e concord\u00e2ncia<\/h3>\n\n\n\n<p>Os adjetivos em italiano devem concordar com o substantivo que modificam em g\u00eanero e n\u00famero. Por exemplo, para descrever uma pizza deliciosa, voc\u00ea diria &#8220;una pizza deliziosa&#8221; e n\u00e3o &#8220;delizioso&#8221;. Lembre-se de que, em italiano, o adjetivo geralmente segue o substantivo.<\/p>\n\n\n\n<h3 class=\"wp-block-heading\" id=\"h-3-verbs-tense-and-conjugation\">3. Verbos, tempo verbal e conjuga\u00e7\u00e3o<\/h3>\n\n\n\n<p>Os verbos italianos s\u00e3o uma parte importante da gram\u00e1tica. H\u00e1 tr\u00eas categorias de verbos (-are, -ere e -ire) e toneladas de verbos irregulares, portanto, temos muito trabalho pela frente! Para dar a voc\u00ea uma vis\u00e3o geral r\u00e1pida, vamos abordar o tempo presente dos verbos regulares.<\/p>\n\n\n\n<p>&#8211; Verbos &#8220;-are&#8221;: por exemplo, parlare (falar): io parlo, tu parli, lui\/lei parla, noi parliamo, voi parlate, loro parlano<br\/>&#8211; Verbos &#8220;-ere&#8221;: por exemplo, leggere (ler): io leggo, tu leggi, lui\/lei legge, noi leggiamo, voi leggete, loro leggono<br\/>&#8211; Verbos &#8220;-ire&#8221;: por exemplo, finire (terminar): io finisco, tu finisci, lui\/lei finisce, noi finiamo, voi finite, loro finiscono<\/p>\n\n\n\n<p>Lembre-se de que isso \u00e9 apenas a ponta do iceberg! H\u00e1 muitos outros tempos verbais e verbos irregulares para aprender, mas toda jornada come\u00e7a com um \u00fanico passo.<\/p>\n\n\n\n<h3 class=\"wp-block-heading\" id=\"h-4-prepositions-pronouns-and-more\">4. Preposi\u00e7\u00f5es, pronomes e muito mais!<\/h3>\n\n\n\n<p>A gram\u00e1tica italiana tem muitos outros componentes, como preposi\u00e7\u00f5es (di, a, da, in, su, etc.), pronomes (io, tu, lui\/lei, etc.), verbos reflexivos e express\u00f5es idiom\u00e1ticas. Cada componente \u00e9 fundamental para desbloquear sua flu\u00eancia, portanto, d\u00ea um passo de cada vez.<\/p>\n\n\n\n<p>Em conclus\u00e3o, n\u00e3o h\u00e1 atalho para voc\u00ea dominar a gram\u00e1tica italiana. Isso requer persist\u00eancia, pr\u00e1tica e paci\u00eancia. Mas quando voc\u00ea pegar o jeito, poder\u00e1 experimentar a beleza de conversar em italiano, descobrir a rica cultura e hist\u00f3ria e aprofundar seu apre\u00e7o pelo idioma. Boa sorte!<\/p>\n<\/div><\/div>\n\r\n<section class=\"learnNavigationSection\">\r\n            \r\n        <a href=\"https:\/\/talkpal.ai\/pt-br\/aprender-italiano\/\">\r\n            <div class=\"learnNavigationWrapper\">\r\n                <div class=\"learnNavigationContent\">\r\n                    <img decoding=\"async\" src=\"https:\/\/talkpal.ai\/wp-content\/uploads\/2024\/08\/Italian.jpg\" alt=\"Italian Flag\">\r\n                    <div>\r\n                        <h4>Sobre o aprendizado de italiano<\/h4>\r\n                        <p>Saiba tudo sobre a gram\u00e1tica italiana.<\/p>\r\n                    <\/div>\r\n                <\/div>\r\n            <\/div>\r\n        <\/a>\r\n\r\n        \r\n        <a href=\"https:\/\/talkpal.ai\/pt-br\/exercicios-de-gramatica-italiana\/\">\r\n            <div class=\"learnNavigationWrapper\">\r\n                <div class=\"learnNavigationContent\">\r\n                    <img decoding=\"async\" src=\"https:\/\/talkpal.ai\/wp-content\/uploads\/2024\/08\/Italian.jpg\" alt=\"Italian Flag\">\r\n                    <div>\r\n                        <h4>Exerc\u00edcio de gram\u00e1tica italiana<\/h4>\r\n                        <p>Pratique a gram\u00e1tica italiana.<\/p>\r\n                    <\/div>\r\n                <\/div>\r\n            <\/div>\r\n        <\/a>\r\n\r\n        \r\n        <a href=\"https:\/\/talkpal.ai\/vocabulary_language\/italian\/\">\r\n            <div class=\"learnNavigationWrapper\">\r\n                <div class=\"learnNavigationContent\">\r\n                    <img decoding=\"async\" src=\"https:\/\/talkpal.ai\/wp-content\/uploads\/2024\/08\/Italian.jpg\" alt=\"Italian Flag\">\r\n                    <div>\r\n                        <h4>Vocabul\u00e1rio italiano<\/h4>\r\n                        <p>Amplie seu vocabul\u00e1rio de italiano.<\/p>\r\n                    <\/div>\r\n                <\/div>\r\n            <\/div>\r\n        <\/a>\r\n\r\n            <\/section>","protected":false},"excerpt":{"rendered":"<p>Dominando a arte da gram\u00e1tica italiana: seu guia definitivo Ciao, entusiastas do idioma! Pronto para mergulhar de cabe\u00e7a no mundo da gram\u00e1tica italiana? Voc\u00ea veio ao lugar certo. Repleto de informa\u00e7\u00f5es f\u00e1ceis de digerir e em tom de conversa, este artigo o guiar\u00e1 pelo fascinante (e \u00e0s vezes complicado) mundo da gram\u00e1tica italiana para que [&hellip;]<\/p>\n","protected":false},"author":1,"featured_media":76231,"parent":0,"menu_order":0,"comment_status":"closed","ping_status":"closed","template":"LearningContentPage.php","meta":{"_acf_changed":false,"footnotes":""},"class_list":["post-126932","page","type-page","status-publish","has-post-thumbnail","hentry"],"acf":[],"yoast_head":"<!-- This site is optimized with the Yoast SEO Premium plugin v27.2 (Yoast SEO v27.2) - https:\/\/yoast.com\/product\/yoast-seo-premium-wordpress\/ -->\n<title>Gram\u00e1tica italiana - Talkpal<\/title>\n<meta name=\"description\" content=\"Aprenda gram\u00e1tica italiana facilmente - pratique com clareza, entenda as regras e fale melhor com a orienta\u00e7\u00e3o simples da Talkpal AI.\" \/>\n<meta name=\"robots\" content=\"index, follow, max-snippet:-1, max-image-preview:large, max-video-preview:-1\" \/>\n<link rel=\"canonical\" href=\"https:\/\/talkpal.ai\/pt-br\/gramatica-italiana\/\" \/>\n<meta property=\"og:locale\" content=\"pt_BR\" \/>\n<meta property=\"og:type\" content=\"article\" \/>\n<meta property=\"og:title\" content=\"Gram\u00e1tica italiana\" \/>\n<meta property=\"og:description\" content=\"Dominando a arte da gram\u00e1tica italiana: seu guia definitivo Ciao, entusiastas do idioma! Pronto para mergulhar de cabe\u00e7a no mundo da gram\u00e1tica italiana?\" \/>\n<meta property=\"og:url\" content=\"https:\/\/talkpal.ai\/pt-br\/gramatica-italiana\/\" \/>\n<meta property=\"og:site_name\" content=\"Talkpal\" \/>\n<meta property=\"article:publisher\" content=\"https:\/\/www.facebook.com\/profile.php?id=100090733639311\" \/>\n<meta property=\"article:modified_time\" content=\"2025-05-22T18:43:45+00:00\" \/>\n<meta property=\"og:image\" content=\"https:\/\/talkpal.ai\/wp-content\/uploads\/2023\/03\/italy.png\" \/>\n\t<meta property=\"og:image:width\" content=\"512\" \/>\n\t<meta property=\"og:image:height\" content=\"512\" \/>\n\t<meta property=\"og:image:type\" content=\"image\/png\" \/>\n<meta name=\"twitter:card\" content=\"summary_large_image\" \/>\n<meta name=\"twitter:site\" content=\"@talkpalai\" \/>\n<meta name=\"twitter:label1\" content=\"Est. tempo de leitura\" \/>\n\t<meta name=\"twitter:data1\" content=\"3 minutos\" \/>\n<script type=\"application\/ld+json\" class=\"yoast-schema-graph\">{\"@context\":\"https:\/\/schema.org\",\"@graph\":[{\"@type\":\"WebPage\",\"@id\":\"https:\/\/talkpal.ai\/pt-br\/gramatica-italiana\/\",\"url\":\"https:\/\/talkpal.ai\/pt-br\/gramatica-italiana\/\",\"name\":\"Gram\u00e1tica italiana - Talkpal\",\"isPartOf\":{\"@id\":\"https:\/\/talkpal.ai\/pt-br\/#website\"},\"primaryImageOfPage\":{\"@id\":\"https:\/\/talkpal.ai\/pt-br\/gramatica-italiana\/#primaryimage\"},\"image\":{\"@id\":\"https:\/\/talkpal.ai\/pt-br\/gramatica-italiana\/#primaryimage\"},\"thumbnailUrl\":\"https:\/\/talkpal.ai\/wp-content\/uploads\/2023\/03\/italy.png\",\"datePublished\":\"2023-03-26T12:27:22+00:00\",\"dateModified\":\"2025-05-22T18:43:45+00:00\",\"description\":\"Aprenda gram\u00e1tica italiana facilmente - pratique com clareza, entenda as regras e fale melhor com a orienta\u00e7\u00e3o simples da Talkpal AI.\",\"breadcrumb\":{\"@id\":\"https:\/\/talkpal.ai\/pt-br\/gramatica-italiana\/#breadcrumb\"},\"inLanguage\":\"pt-BR\",\"potentialAction\":[{\"@type\":\"ReadAction\",\"target\":[\"https:\/\/talkpal.ai\/pt-br\/gramatica-italiana\/\"]}]},{\"@type\":\"ImageObject\",\"inLanguage\":\"pt-BR\",\"@id\":\"https:\/\/talkpal.ai\/pt-br\/gramatica-italiana\/#primaryimage\",\"url\":\"https:\/\/talkpal.ai\/wp-content\/uploads\/2023\/03\/italy.png\",\"contentUrl\":\"https:\/\/talkpal.ai\/wp-content\/uploads\/2023\/03\/italy.png\",\"width\":512,\"height\":512,\"caption\":\"TalkPal AI learn Italian\"},{\"@type\":\"BreadcrumbList\",\"@id\":\"https:\/\/talkpal.ai\/pt-br\/gramatica-italiana\/#breadcrumb\",\"itemListElement\":[{\"@type\":\"ListItem\",\"position\":1,\"name\":\"Homepage\",\"item\":\"https:\/\/talkpal.ai\/pt-br\/\"},{\"@type\":\"ListItem\",\"position\":2,\"name\":\"Gram\u00e1tica italiana\"}]},{\"@type\":\"WebSite\",\"@id\":\"https:\/\/talkpal.ai\/pt-br\/#website\",\"url\":\"https:\/\/talkpal.ai\/pt-br\/\",\"name\":\"Talkpal\",\"description\":\"AI Language Learning\",\"publisher\":{\"@id\":\"https:\/\/talkpal.ai\/pt-br\/#organization\"},\"alternateName\":\"Talkpal AI\",\"potentialAction\":[{\"@type\":\"SearchAction\",\"target\":{\"@type\":\"EntryPoint\",\"urlTemplate\":\"https:\/\/talkpal.ai\/pt-br\/?s={search_term_string}\"},\"query-input\":{\"@type\":\"PropertyValueSpecification\",\"valueRequired\":true,\"valueName\":\"search_term_string\"}}],\"inLanguage\":\"pt-BR\"},{\"@type\":\"Organization\",\"@id\":\"https:\/\/talkpal.ai\/pt-br\/#organization\",\"name\":\"Talkpal, Inc.\",\"alternateName\":\"Talkpal AI\",\"url\":\"https:\/\/talkpal.ai\/pt-br\/\",\"logo\":{\"@type\":\"ImageObject\",\"inLanguage\":\"pt-BR\",\"@id\":\"https:\/\/talkpal.ai\/pt-br\/#\/schema\/logo\/image\/\",\"url\":\"https:\/\/talkpal.ai\/wp-content\/uploads\/2024\/03\/Talkpal-Logo-Icon.png\",\"contentUrl\":\"https:\/\/talkpal.ai\/wp-content\/uploads\/2024\/03\/Talkpal-Logo-Icon.png\",\"width\":2880,\"height\":2880,\"caption\":\"Talkpal, Inc.\"},\"image\":{\"@id\":\"https:\/\/talkpal.ai\/pt-br\/#\/schema\/logo\/image\/\"},\"sameAs\":[\"https:\/\/www.facebook.com\/profile.php?id=100090733639311\",\"https:\/\/x.com\/talkpalai\",\"https:\/\/www.linkedin.com\/company\/talkpal\/\",\"https:\/\/www.youtube.com\/@TalkPal\/\",\"https:\/\/www.tiktok.com\/@talkpal\",\"https:\/\/www.instagram.com\/talkpal_ai\/\",\"https:\/\/www.crunchbase.com\/organization\/talkpal-9cde\",\"https:\/\/www.g2.com\/products\/talkpal-for-business\/\",\"https:\/\/www.trustpilot.com\/review\/talkpal.ai\",\"https:\/\/www.capterra.com\/p\/10006800\/TalkPal\/\"],\"description\":\"Talkpal is a language learning web and mobile education app, powered by the latest AI technologies, that provides engaging experiences to its customers in many different languages to help them improve their language skills. Users can chat about unlimited amount of topics with the app and use other modes to practice their language learning.\",\"email\":\"support@talkpal.ai\",\"legalName\":\"Talkpal, Inc.\",\"foundingDate\":\"2023-04-03\",\"duns\":\"118989042\",\"numberOfEmployees\":{\"@type\":\"QuantitativeValue\",\"minValue\":\"11\",\"maxValue\":\"50\"},\"publishingPrinciples\":\"https:\/\/talkpal.ai\/publishing-principles\/\",\"actionableFeedbackPolicy\":\"https:\/\/talkpal.ai\/actionable-feedback-policy\/\",\"correctionsPolicy\":\"https:\/\/talkpal.ai\/corrections-policy\/\",\"ethicsPolicy\":\"https:\/\/talkpal.ai\/ethics-policy\/\",\"diversityPolicy\":\"https:\/\/talkpal.ai\/diversity-policy\/\",\"diversityStaffingReport\":\"https:\/\/talkpal.ai\/diversity-policy\/\"}]}<\/script>\n<!-- \/ Yoast SEO Premium plugin. -->","yoast_head_json":{"title":"Gram\u00e1tica italiana - Talkpal","description":"Aprenda gram\u00e1tica italiana facilmente - pratique com clareza, entenda as regras e fale melhor com a orienta\u00e7\u00e3o simples da Talkpal AI.","robots":{"index":"index","follow":"follow","max-snippet":"max-snippet:-1","max-image-preview":"max-image-preview:large","max-video-preview":"max-video-preview:-1"},"canonical":"https:\/\/talkpal.ai\/pt-br\/gramatica-italiana\/","og_locale":"pt_BR","og_type":"article","og_title":"Gram\u00e1tica italiana","og_description":"Dominando a arte da gram\u00e1tica italiana: seu guia definitivo Ciao, entusiastas do idioma! Pronto para mergulhar de cabe\u00e7a no mundo da gram\u00e1tica italiana?","og_url":"https:\/\/talkpal.ai\/pt-br\/gramatica-italiana\/","og_site_name":"Talkpal","article_publisher":"https:\/\/www.facebook.com\/profile.php?id=100090733639311","article_modified_time":"2025-05-22T18:43:45+00:00","og_image":[{"width":512,"height":512,"url":"https:\/\/talkpal.ai\/wp-content\/uploads\/2023\/03\/italy.png","type":"image\/png"}],"twitter_card":"summary_large_image","twitter_site":"@talkpalai","twitter_misc":{"Est. tempo de leitura":"3 minutos"},"schema":{"@context":"https:\/\/schema.org","@graph":[{"@type":"WebPage","@id":"https:\/\/talkpal.ai\/pt-br\/gramatica-italiana\/","url":"https:\/\/talkpal.ai\/pt-br\/gramatica-italiana\/","name":"Gram\u00e1tica italiana - Talkpal","isPartOf":{"@id":"https:\/\/talkpal.ai\/pt-br\/#website"},"primaryImageOfPage":{"@id":"https:\/\/talkpal.ai\/pt-br\/gramatica-italiana\/#primaryimage"},"image":{"@id":"https:\/\/talkpal.ai\/pt-br\/gramatica-italiana\/#primaryimage"},"thumbnailUrl":"https:\/\/talkpal.ai\/wp-content\/uploads\/2023\/03\/italy.png","datePublished":"2023-03-26T12:27:22+00:00","dateModified":"2025-05-22T18:43:45+00:00","description":"Aprenda gram\u00e1tica italiana facilmente - pratique com clareza, entenda as regras e fale melhor com a orienta\u00e7\u00e3o simples da Talkpal AI.","breadcrumb":{"@id":"https:\/\/talkpal.ai\/pt-br\/gramatica-italiana\/#breadcrumb"},"inLanguage":"pt-BR","potentialAction":[{"@type":"ReadAction","target":["https:\/\/talkpal.ai\/pt-br\/gramatica-italiana\/"]}]},{"@type":"ImageObject","inLanguage":"pt-BR","@id":"https:\/\/talkpal.ai\/pt-br\/gramatica-italiana\/#primaryimage","url":"https:\/\/talkpal.ai\/wp-content\/uploads\/2023\/03\/italy.png","contentUrl":"https:\/\/talkpal.ai\/wp-content\/uploads\/2023\/03\/italy.png","width":512,"height":512,"caption":"TalkPal AI learn Italian"},{"@type":"BreadcrumbList","@id":"https:\/\/talkpal.ai\/pt-br\/gramatica-italiana\/#breadcrumb","itemListElement":[{"@type":"ListItem","position":1,"name":"Homepage","item":"https:\/\/talkpal.ai\/pt-br\/"},{"@type":"ListItem","position":2,"name":"Gram\u00e1tica italiana"}]},{"@type":"WebSite","@id":"https:\/\/talkpal.ai\/pt-br\/#website","url":"https:\/\/talkpal.ai\/pt-br\/","name":"Talkpal","description":"AI Language Learning","publisher":{"@id":"https:\/\/talkpal.ai\/pt-br\/#organization"},"alternateName":"Talkpal AI","potentialAction":[{"@type":"SearchAction","target":{"@type":"EntryPoint","urlTemplate":"https:\/\/talkpal.ai\/pt-br\/?s={search_term_string}"},"query-input":{"@type":"PropertyValueSpecification","valueRequired":true,"valueName":"search_term_string"}}],"inLanguage":"pt-BR"},{"@type":"Organization","@id":"https:\/\/talkpal.ai\/pt-br\/#organization","name":"Talkpal, Inc.","alternateName":"Talkpal AI","url":"https:\/\/talkpal.ai\/pt-br\/","logo":{"@type":"ImageObject","inLanguage":"pt-BR","@id":"https:\/\/talkpal.ai\/pt-br\/#\/schema\/logo\/image\/","url":"https:\/\/talkpal.ai\/wp-content\/uploads\/2024\/03\/Talkpal-Logo-Icon.png","contentUrl":"https:\/\/talkpal.ai\/wp-content\/uploads\/2024\/03\/Talkpal-Logo-Icon.png","width":2880,"height":2880,"caption":"Talkpal, Inc."},"image":{"@id":"https:\/\/talkpal.ai\/pt-br\/#\/schema\/logo\/image\/"},"sameAs":["https:\/\/www.facebook.com\/profile.php?id=100090733639311","https:\/\/x.com\/talkpalai","https:\/\/www.linkedin.com\/company\/talkpal\/","https:\/\/www.youtube.com\/@TalkPal\/","https:\/\/www.tiktok.com\/@talkpal","https:\/\/www.instagram.com\/talkpal_ai\/","https:\/\/www.crunchbase.com\/organization\/talkpal-9cde","https:\/\/www.g2.com\/products\/talkpal-for-business\/","https:\/\/www.trustpilot.com\/review\/talkpal.ai","https:\/\/www.capterra.com\/p\/10006800\/TalkPal\/"],"description":"Talkpal is a language learning web and mobile education app, powered by the latest AI technologies, that provides engaging experiences to its customers in many different languages to help them improve their language skills. Users can chat about unlimited amount of topics with the app and use other modes to practice their language learning.","email":"support@talkpal.ai","legalName":"Talkpal, Inc.","foundingDate":"2023-04-03","duns":"118989042","numberOfEmployees":{"@type":"QuantitativeValue","minValue":"11","maxValue":"50"},"publishingPrinciples":"https:\/\/talkpal.ai\/publishing-principles\/","actionableFeedbackPolicy":"https:\/\/talkpal.ai\/actionable-feedback-policy\/","correctionsPolicy":"https:\/\/talkpal.ai\/corrections-policy\/","ethicsPolicy":"https:\/\/talkpal.ai\/ethics-policy\/","diversityPolicy":"https:\/\/talkpal.ai\/diversity-policy\/","diversityStaffingReport":"https:\/\/talkpal.ai\/diversity-policy\/"}]}},"_links":{"self":[{"href":"https:\/\/talkpal.ai\/pt-br\/wp-json\/wp\/v2\/pages\/126932","targetHints":{"allow":["GET"]}}],"collection":[{"href":"https:\/\/talkpal.ai\/pt-br\/wp-json\/wp\/v2\/pages"}],"about":[{"href":"https:\/\/talkpal.ai\/pt-br\/wp-json\/wp\/v2\/types\/page"}],"author":[{"embeddable":true,"href":"https:\/\/talkpal.ai\/pt-br\/wp-json\/wp\/v2\/users\/1"}],"replies":[{"embeddable":true,"href":"https:\/\/talkpal.ai\/pt-br\/wp-json\/wp\/v2\/comments?post=126932"}],"version-history":[{"count":0,"href":"https:\/\/talkpal.ai\/pt-br\/wp-json\/wp\/v2\/pages\/126932\/revisions"}],"wp:featuredmedia":[{"embeddable":true,"href":"https:\/\/talkpal.ai\/pt-br\/wp-json\/wp\/v2\/media\/76231"}],"wp:attachment":[{"href":"https:\/\/talkpal.ai\/pt-br\/wp-json\/wp\/v2\/media?parent=126932"}],"curies":[{"name":"wp","href":"https:\/\/api.w.org\/{rel}","templated":true}]}}