{"id":124745,"date":"2023-03-26T11:55:54","date_gmt":"2023-03-26T11:55:54","guid":{"rendered":"http:\/\/talkpal.ai\/gramatica-espanhola\/"},"modified":"2025-05-22T18:50:32","modified_gmt":"2025-05-22T18:50:32","slug":"gramatica-espanhola","status":"publish","type":"page","link":"https:\/\/talkpal.ai\/pt-br\/gramatica-espanhola\/","title":{"rendered":"Gram\u00e1tica espanhola"},"content":{"rendered":"\r\n\r\n\r\n<section class=\"languageChallengeSection\">\r\n    <div class=\"languageInfoWrapper\">\r\n        \r\n        <h1>Gram\u00e1tica espanhola<\/h1>\r\n        <p>Mergulhe no vibrante mundo do <a href=\"https:\/\/talkpal.ai\/pt-pt\/locations\/aprenda-espanhol-em-breves\/\">espanhol<\/a> dominando suas regras gramaticais essenciais. Entender a <a href=\"https:\/\/talkpal.ai\/spanish-grammar\/\">gram\u00e1tica espanhola<\/a> ajudar\u00e1 voc\u00ea a se comunicar com confian\u00e7a e a abrir novas conex\u00f5es com milh\u00f5es de falantes em todo o mundo. Comece a <a href=\"https:\/\/talkpal.ai\/fr\/grammaire\/\">aprender gram\u00e1tica<\/a> espanhola hoje mesmo e d\u00ea o primeiro passo rumo \u00e0 flu\u00eancia!<\/p>\r\n\r\n                            <a class=\"getStartedHidden\" href=\"https:\/\/app.talkpal.ai\/pt-br\/signup?lng=\">Come\u00e7a<\/a>\r\n        \r\n    <\/div>\r\n\r\n    <figure>\r\n    <img decoding=\"async\" width=\"768\" height=\"768\" src=\"https:\/\/talkpal.ai\/wp-content\/uploads\/2023\/06\/Spanish-768x768.png\" class=\"languageImage no-lazy\" alt=\"Practical application of language learning\" fetchpriority=\"high\" sizes=\"(max-width: 768px) 150px, 768px\" srcset=\"https:\/\/talkpal.ai\/wp-content\/uploads\/2023\/06\/Spanish-768x768.png 768w, https:\/\/talkpal.ai\/wp-content\/uploads\/2023\/06\/Spanish-300x300.png 300w\" \/>\r\n    \r\n\r\n    <\/figure>\r\n\r\n            <a class=\"getStartedVisible\" href=\"https:\/\/app.talkpal.ai\/pt-br\/signup?lng=\">Come\u00e7a<\/a>\r\n    \r\n<\/section>\r\n<section class=\"promotionalBanner\">\r\n    <p class=\"promotionalText\"><\/p>\r\n    <a class=\"promotionalLink\" href=\"https:\/\/app.talkpal.ai\/pt-br\/signup?lng=\"><\/a>\r\n<\/section>\n<div class=\"wp-block-group pageContainerStyle\"><div class=\"wp-block-group__inner-container is-layout-constrained wp-block-group-is-layout-constrained\">\n<h2 class=\"wp-block-heading\" id=\"h-a-quick-guide-to-learning-spanish-grammar\">Um Guia R\u00e1pido para Aprender Gram\u00e1tica Espanhola<\/h2>\n\n\n\n<p>Se voc\u00ea j\u00e1 pensou em aprender um <a href=\"https:\/\/talkpal.ai\/talkpal-new-years-discount\/\">novo<\/a> idioma, \u00e9 muito prov\u00e1vel que o espanhol tenha passado pela sua cabe\u00e7a. <a href=\"https:\/\/talkpal.ai\/locations\/language-courses-in-como\/\">Como<\/a> uma das <a href=\"https:\/\/talkpal.ai\/the-10-most-spoken-languages-in-the-world\/\">l\u00ednguas mais faladas<\/a> em todo o mundo, o espanhol oferece in\u00fameros benef\u00edcios para o crescimento pessoal e profissional. <a href=\"https:\/\/talkpal.ai\/pt-pt\/aprender-a-falar-espanhol-fluentemente-guia-rapido-e-eficaz\/\">Aprender espanhol<\/a> n\u00e3o s\u00f3 lhe dar\u00e1 acesso a novas culturas, mas tamb\u00e9m melhorar\u00e1 suas habilidades de comunica\u00e7\u00e3o. Embora muitas pessoas tenham medo de se enredar em regras gramaticais, voc\u00ea pode respirar aliviado, j\u00e1 que a gram\u00e1tica espanhola \u00e9 relativamente simples. Neste artigo, forneceremos um guia r\u00e1pido para ajudar voc\u00ea a navegar no emocionante mundo da gram\u00e1tica espanhola <a href=\"https:\/\/talkpal.ai\/locations\/language-courses-in-como\/\">como<\/a> um profissional!<\/p>\n\n\n\n<h3 class=\"wp-block-heading\" id=\"h-1-understanding-spanish-nouns-and-articles\">1. Entendendo substantivos e artigos em espanhol<\/h3>\n\n\n\n<p>Substantivos espanh\u00f3is, como em ingl\u00eas, s\u00e3o usados para identificar pessoas, lugares, objetos, ideias e sentimentos. A primeira regra a ser lembrada sobre os substantivos espanh\u00f3is \u00e9 que eles t\u00eam g\u00eanero. Os substantivos espanh\u00f3is s\u00e3o masculinos ou femininos. Por exemplo, &#8220;libro&#8221; (livro) \u00e9 masculino, e &#8220;casa&#8221; (casa) \u00e9 feminino. Muitas vezes, os substantivos terminados em &#8220;o&#8221; s\u00e3o masculinos, enquanto os terminados em &#8220;a&#8221; s\u00e3o femininos.<\/p>\n\n\n\n<p>Os artigos em espanhol s\u00e3o semelhantes aos artigos em ingl\u00eas &#8220;the&#8221;, &#8220;a&#8221; ou &#8220;an&#8221;. Eles s\u00e3o uma parte crucial da l\u00edngua, pois devem concordar com o g\u00eanero e o n\u00famero do substantivo que descrevem. Existem quatro tipos de artigos espanh\u00f3is:<\/p>\n\n\n\n<p>&#8211; <strong>Artigos definidos:<\/strong> el (masculino singular), la (feminino singular), los (masculino plural) e las (feminino plural).<br\/>&#8211; <strong>Artigos indefinidos:<\/strong> un (a\/um masculino singular), una (a\/um feminino singular), unos (alguns masculinos plurais) e unas (alguns femininos plurais).<\/p>\n\n\n\n<h3 class=\"wp-block-heading\" id=\"h-2-slaying-spanish-verbs-conjugation-and-tenses\">2. Matando verbos espanh\u00f3is: conjuga\u00e7\u00e3o e tempos<\/h3>\n\n\n\n<p>Um dos aspectos mais importantes do aprendizado da gram\u00e1tica espanhola \u00e9 a compreens\u00e3o da conjuga\u00e7\u00e3o de verbos. Conjuga\u00e7\u00e3o significa simplesmente alterar a forma da raiz do verbo para que corresponda ao seu sujeito e tempo verbal. Por exemplo, em espanhol, voc\u00ea diz &#8220;Yo como&#8221; (eu como) e &#8220;\u00e9l come&#8221; (ele come). Observe que o verbo comer (comer) muda de forma quando voc\u00ea muda de assunto.<\/p>\n\n\n\n<p><strong>Alguns verbos regulares comuns em espanhol incluem:<\/strong><\/p>\n\n\n\n<p>&#8211; Verbos AR: hablar (falar), amar (amar) e bailar (dan\u00e7ar).<br\/>&#8211; Verbos ER: comer (to eat), aprender (to learn) e vender (to sell).<br\/>&#8211; Verbos IR: vivir (viver), escribir (escrever) e descubrir (descobrir).<\/p>\n\n\n\n<p>Assim como em ingl\u00eas, o espanhol tem v\u00e1rios tempos verbais para denotar o momento em que uma a\u00e7\u00e3o acontece. Os mais fundamentais s\u00e3o:<\/p>\n\n\n\n<p><strong>&#8211; Presente<\/strong><br\/><strong>&#8211; Pret\u00e9rito<\/strong><br\/><strong>&#8211; Imperfeito<\/strong><br\/><strong>&#8211; Futuro<\/strong><br\/><strong>&#8211; Condicional<\/strong><br\/><strong>&#8211; Subjuntivo presente<\/strong><br\/><strong>&#8211; Subjuntivo imperfeito<\/strong><\/p>\n\n\n\n<p>N\u00e3o se preocupe em aprender todos os tempos verbais de uma s\u00f3 vez. Fa\u00e7a um de cada vez e pratique at\u00e9 que voc\u00ea se sinta confort\u00e1vel em us\u00e1-los.<\/p>\n\n\n\n<h3 class=\"wp-block-heading\" id=\"h-3-creating-sentences-with-spanish-adjectives-and-adverbs\">3. Cria\u00e7\u00e3o de Frases com Adjetivos e Adv\u00e9rbios em Espanhol<\/h3>\n\n\n\n<p>Adjetivos e adv\u00e9rbios desempenham um papel essencial na apimenta\u00e7\u00e3o de suas frases em espanhol. Os adjetivos descrevem qualidades ou caracter\u00edsticas dos substantivos, enquanto os adv\u00e9rbios descrevem a\u00e7\u00f5es ou verbos. Em espanhol, os adjetivos devem concordar com o substantivo que descrevem, tanto em g\u00eanero quanto em n\u00famero.<\/p>\n\n\n\n<p>Uma diferen\u00e7a fundamental entre o espanhol e o ingl\u00eas \u00e9 a ordem dos adjetivos. Os adjetivos em espanhol geralmente v\u00eam depois do substantivo, por exemplo, &#8220;un coche rojo&#8221; (um carro vermelho).<\/p>\n\n\n\n<p>Os adv\u00e9rbios espanh\u00f3is, por outro lado, nunca mudam de g\u00eanero ou n\u00famero. Assim como em ingl\u00eas, os adv\u00e9rbios geralmente v\u00eam depois do verbo que modificam, por exemplo, &#8220;Ella habla r\u00e1pidamente&#8221; (Ela fala r\u00e1pido).<\/p>\n\n\n\n<h3 class=\"wp-block-heading\" id=\"h-conclusion\">Conclus\u00e3o<\/h3>\n\n\n\n<p>A gram\u00e1tica espanhola n\u00e3o deve assustar voc\u00ea! \u00c9 claro que isso requer pr\u00e1tica, mas, seguindo essas diretrizes simples, voc\u00ea estar\u00e1 no caminho certo para se tornar um falante excepcional de espanhol. Lembre-se sempre de se envolver com o idioma de forma divertida e conversacional, enquanto explora substantivos, verbos, adjetivos e adv\u00e9rbios. Continue praticando, abrace a cultura e deixe sua jornada espanhola se desenrolar. \u00a1Buena suerte!<\/p>\n<\/div><\/div>\n\r\n<section class=\"learnNavigationSection\">\r\n            \r\n        <a href=\"https:\/\/talkpal.ai\/pt-br\/aprender-espanhol\/\">\r\n            <div class=\"learnNavigationWrapper\">\r\n                <div class=\"learnNavigationContent\">\r\n                    <img decoding=\"async\" src=\"https:\/\/talkpal.ai\/wp-content\/uploads\/2024\/08\/Spanish.jpg\" alt=\"Spanish Flag\">\r\n                    <div>\r\n                        <h4>Sobre o aprendizado de espanhol<\/h4>\r\n                        <p>Saiba tudo sobre a gram\u00e1tica espanhola.<\/p>\r\n                    <\/div>\r\n                <\/div>\r\n            <\/div>\r\n        <\/a>\r\n\r\n        \r\n        <a href=\"https:\/\/talkpal.ai\/pt-br\/exercicios-de-gramatica-espanhola\/\">\r\n            <div class=\"learnNavigationWrapper\">\r\n                <div class=\"learnNavigationContent\">\r\n                    <img decoding=\"async\" src=\"https:\/\/talkpal.ai\/wp-content\/uploads\/2024\/08\/Spanish.jpg\" alt=\"Spanish Flag\">\r\n                    <div>\r\n                        <h4>Exerc\u00edcio de gram\u00e1tica espanhola<\/h4>\r\n                        <p>Pratique a gram\u00e1tica espanhola.<\/p>\r\n                    <\/div>\r\n                <\/div>\r\n            <\/div>\r\n        <\/a>\r\n\r\n        \r\n        <a href=\"https:\/\/talkpal.ai\/vocabulary_language\/spanish\/\">\r\n            <div class=\"learnNavigationWrapper\">\r\n                <div class=\"learnNavigationContent\">\r\n                    <img decoding=\"async\" src=\"https:\/\/talkpal.ai\/wp-content\/uploads\/2024\/08\/Spanish.jpg\" alt=\"Spanish Flag\">\r\n                    <div>\r\n                        <h4>Vocabul\u00e1rio em espanhol<\/h4>\r\n                        <p>Amplie seu vocabul\u00e1rio de espanhol.<\/p>\r\n                    <\/div>\r\n                <\/div>\r\n            <\/div>\r\n        <\/a>\r\n\r\n            <\/section>","protected":false},"excerpt":{"rendered":"<p>Um Guia R\u00e1pido para Aprender Gram\u00e1tica Espanhola Se voc\u00ea j\u00e1 pensou em aprender um novo idioma, \u00e9 muito prov\u00e1vel que o espanhol tenha passado pela sua cabe\u00e7a. Como uma das l\u00ednguas mais faladas em todo o mundo, o espanhol oferece in\u00fameros benef\u00edcios para o crescimento pessoal e profissional. Aprender espanhol n\u00e3o s\u00f3 lhe dar\u00e1 acesso [&hellip;]<\/p>\n","protected":false},"author":1,"featured_media":75383,"parent":0,"menu_order":0,"comment_status":"closed","ping_status":"closed","template":"LearningContentPage.php","meta":{"_acf_changed":false,"footnotes":""},"class_list":["post-124745","page","type-page","status-publish","has-post-thumbnail","hentry"],"acf":[],"yoast_head":"<!-- This site is optimized with the Yoast SEO Premium plugin v27.2 (Yoast SEO v27.2) - https:\/\/yoast.com\/product\/yoast-seo-premium-wordpress\/ -->\n<title>Gram\u00e1tica espanhola - Talkpal<\/title>\n<meta name=\"description\" content=\"Aprimore suas habilidades de gram\u00e1tica espanhola com exerc\u00edcios interativos desenvolvidos para todos os n\u00edveis de profici\u00eancia. Pratique espanhol com efici\u00eancia!\" \/>\n<meta name=\"robots\" content=\"index, follow, max-snippet:-1, max-image-preview:large, max-video-preview:-1\" \/>\n<link rel=\"canonical\" href=\"https:\/\/talkpal.ai\/pt-br\/gramatica-espanhola\/\" \/>\n<meta property=\"og:locale\" content=\"pt_BR\" \/>\n<meta property=\"og:type\" content=\"article\" \/>\n<meta property=\"og:title\" content=\"Gram\u00e1tica espanhola\" \/>\n<meta property=\"og:description\" content=\"Um Guia R\u00e1pido para Aprender Gram\u00e1tica Espanhola Se voc\u00ea j\u00e1 pensou em aprender um novo idioma, \u00e9 muito prov\u00e1vel que o espanhol tenha passado pela sua\" \/>\n<meta property=\"og:url\" content=\"https:\/\/talkpal.ai\/pt-br\/gramatica-espanhola\/\" \/>\n<meta property=\"og:site_name\" content=\"Talkpal\" \/>\n<meta property=\"article:publisher\" content=\"https:\/\/www.facebook.com\/profile.php?id=100090733639311\" \/>\n<meta property=\"article:modified_time\" content=\"2025-05-22T18:50:32+00:00\" \/>\n<meta property=\"og:image\" content=\"https:\/\/talkpal.ai\/wp-content\/uploads\/2023\/03\/spain.png\" \/>\n\t<meta property=\"og:image:width\" content=\"512\" \/>\n\t<meta property=\"og:image:height\" content=\"512\" \/>\n\t<meta property=\"og:image:type\" content=\"image\/png\" \/>\n<meta name=\"twitter:card\" content=\"summary_large_image\" \/>\n<meta name=\"twitter:site\" content=\"@talkpalai\" \/>\n<meta name=\"twitter:label1\" content=\"Est. tempo de leitura\" \/>\n\t<meta name=\"twitter:data1\" content=\"3 minutos\" \/>\n<script type=\"application\/ld+json\" class=\"yoast-schema-graph\">{\"@context\":\"https:\/\/schema.org\",\"@graph\":[{\"@type\":\"WebPage\",\"@id\":\"https:\/\/talkpal.ai\/pt-br\/gramatica-espanhola\/\",\"url\":\"https:\/\/talkpal.ai\/pt-br\/gramatica-espanhola\/\",\"name\":\"Gram\u00e1tica espanhola - Talkpal\",\"isPartOf\":{\"@id\":\"https:\/\/talkpal.ai\/pt-br\/#website\"},\"primaryImageOfPage\":{\"@id\":\"https:\/\/talkpal.ai\/pt-br\/gramatica-espanhola\/#primaryimage\"},\"image\":{\"@id\":\"https:\/\/talkpal.ai\/pt-br\/gramatica-espanhola\/#primaryimage\"},\"thumbnailUrl\":\"https:\/\/talkpal.ai\/wp-content\/uploads\/2023\/03\/spain.png\",\"datePublished\":\"2023-03-26T11:55:54+00:00\",\"dateModified\":\"2025-05-22T18:50:32+00:00\",\"description\":\"Aprimore suas habilidades de gram\u00e1tica espanhola com exerc\u00edcios interativos desenvolvidos para todos os n\u00edveis de profici\u00eancia. Pratique espanhol com efici\u00eancia!\",\"breadcrumb\":{\"@id\":\"https:\/\/talkpal.ai\/pt-br\/gramatica-espanhola\/#breadcrumb\"},\"inLanguage\":\"pt-BR\",\"potentialAction\":[{\"@type\":\"ReadAction\",\"target\":[\"https:\/\/talkpal.ai\/pt-br\/gramatica-espanhola\/\"]}]},{\"@type\":\"ImageObject\",\"inLanguage\":\"pt-BR\",\"@id\":\"https:\/\/talkpal.ai\/pt-br\/gramatica-espanhola\/#primaryimage\",\"url\":\"https:\/\/talkpal.ai\/wp-content\/uploads\/2023\/03\/spain.png\",\"contentUrl\":\"https:\/\/talkpal.ai\/wp-content\/uploads\/2023\/03\/spain.png\",\"width\":512,\"height\":512,\"caption\":\"TalkPal AI learn Spanish\"},{\"@type\":\"BreadcrumbList\",\"@id\":\"https:\/\/talkpal.ai\/pt-br\/gramatica-espanhola\/#breadcrumb\",\"itemListElement\":[{\"@type\":\"ListItem\",\"position\":1,\"name\":\"Homepage\",\"item\":\"https:\/\/talkpal.ai\/pt-br\/\"},{\"@type\":\"ListItem\",\"position\":2,\"name\":\"Gram\u00e1tica espanhola\"}]},{\"@type\":\"WebSite\",\"@id\":\"https:\/\/talkpal.ai\/pt-br\/#website\",\"url\":\"https:\/\/talkpal.ai\/pt-br\/\",\"name\":\"Talkpal\",\"description\":\"AI Language Learning\",\"publisher\":{\"@id\":\"https:\/\/talkpal.ai\/pt-br\/#organization\"},\"alternateName\":\"Talkpal AI\",\"potentialAction\":[{\"@type\":\"SearchAction\",\"target\":{\"@type\":\"EntryPoint\",\"urlTemplate\":\"https:\/\/talkpal.ai\/pt-br\/?s={search_term_string}\"},\"query-input\":{\"@type\":\"PropertyValueSpecification\",\"valueRequired\":true,\"valueName\":\"search_term_string\"}}],\"inLanguage\":\"pt-BR\"},{\"@type\":\"Organization\",\"@id\":\"https:\/\/talkpal.ai\/pt-br\/#organization\",\"name\":\"Talkpal, Inc.\",\"alternateName\":\"Talkpal AI\",\"url\":\"https:\/\/talkpal.ai\/pt-br\/\",\"logo\":{\"@type\":\"ImageObject\",\"inLanguage\":\"pt-BR\",\"@id\":\"https:\/\/talkpal.ai\/pt-br\/#\/schema\/logo\/image\/\",\"url\":\"https:\/\/talkpal.ai\/wp-content\/uploads\/2024\/03\/Talkpal-Logo-Icon.png\",\"contentUrl\":\"https:\/\/talkpal.ai\/wp-content\/uploads\/2024\/03\/Talkpal-Logo-Icon.png\",\"width\":2880,\"height\":2880,\"caption\":\"Talkpal, Inc.\"},\"image\":{\"@id\":\"https:\/\/talkpal.ai\/pt-br\/#\/schema\/logo\/image\/\"},\"sameAs\":[\"https:\/\/www.facebook.com\/profile.php?id=100090733639311\",\"https:\/\/x.com\/talkpalai\",\"https:\/\/www.linkedin.com\/company\/talkpal\/\",\"https:\/\/www.youtube.com\/@TalkPal\/\",\"https:\/\/www.tiktok.com\/@talkpal\",\"https:\/\/www.instagram.com\/talkpal_ai\/\",\"https:\/\/www.crunchbase.com\/organization\/talkpal-9cde\",\"https:\/\/www.g2.com\/products\/talkpal-for-business\/\",\"https:\/\/www.trustpilot.com\/review\/talkpal.ai\",\"https:\/\/www.capterra.com\/p\/10006800\/TalkPal\/\"],\"description\":\"Talkpal is a language learning web and mobile education app, powered by the latest AI technologies, that provides engaging experiences to its customers in many different languages to help them improve their language skills. Users can chat about unlimited amount of topics with the app and use other modes to practice their language learning.\",\"email\":\"support@talkpal.ai\",\"legalName\":\"Talkpal, Inc.\",\"foundingDate\":\"2023-04-03\",\"duns\":\"118989042\",\"numberOfEmployees\":{\"@type\":\"QuantitativeValue\",\"minValue\":\"11\",\"maxValue\":\"50\"},\"publishingPrinciples\":\"https:\/\/talkpal.ai\/publishing-principles\/\",\"actionableFeedbackPolicy\":\"https:\/\/talkpal.ai\/actionable-feedback-policy\/\",\"correctionsPolicy\":\"https:\/\/talkpal.ai\/corrections-policy\/\",\"ethicsPolicy\":\"https:\/\/talkpal.ai\/ethics-policy\/\",\"diversityPolicy\":\"https:\/\/talkpal.ai\/diversity-policy\/\",\"diversityStaffingReport\":\"https:\/\/talkpal.ai\/diversity-policy\/\"}]}<\/script>\n<!-- \/ Yoast SEO Premium plugin. -->","yoast_head_json":{"title":"Gram\u00e1tica espanhola - Talkpal","description":"Aprimore suas habilidades de gram\u00e1tica espanhola com exerc\u00edcios interativos desenvolvidos para todos os n\u00edveis de profici\u00eancia. Pratique espanhol com efici\u00eancia!","robots":{"index":"index","follow":"follow","max-snippet":"max-snippet:-1","max-image-preview":"max-image-preview:large","max-video-preview":"max-video-preview:-1"},"canonical":"https:\/\/talkpal.ai\/pt-br\/gramatica-espanhola\/","og_locale":"pt_BR","og_type":"article","og_title":"Gram\u00e1tica espanhola","og_description":"Um Guia R\u00e1pido para Aprender Gram\u00e1tica Espanhola Se voc\u00ea j\u00e1 pensou em aprender um novo idioma, \u00e9 muito prov\u00e1vel que o espanhol tenha passado pela sua","og_url":"https:\/\/talkpal.ai\/pt-br\/gramatica-espanhola\/","og_site_name":"Talkpal","article_publisher":"https:\/\/www.facebook.com\/profile.php?id=100090733639311","article_modified_time":"2025-05-22T18:50:32+00:00","og_image":[{"width":512,"height":512,"url":"https:\/\/talkpal.ai\/wp-content\/uploads\/2023\/03\/spain.png","type":"image\/png"}],"twitter_card":"summary_large_image","twitter_site":"@talkpalai","twitter_misc":{"Est. tempo de leitura":"3 minutos"},"schema":{"@context":"https:\/\/schema.org","@graph":[{"@type":"WebPage","@id":"https:\/\/talkpal.ai\/pt-br\/gramatica-espanhola\/","url":"https:\/\/talkpal.ai\/pt-br\/gramatica-espanhola\/","name":"Gram\u00e1tica espanhola - Talkpal","isPartOf":{"@id":"https:\/\/talkpal.ai\/pt-br\/#website"},"primaryImageOfPage":{"@id":"https:\/\/talkpal.ai\/pt-br\/gramatica-espanhola\/#primaryimage"},"image":{"@id":"https:\/\/talkpal.ai\/pt-br\/gramatica-espanhola\/#primaryimage"},"thumbnailUrl":"https:\/\/talkpal.ai\/wp-content\/uploads\/2023\/03\/spain.png","datePublished":"2023-03-26T11:55:54+00:00","dateModified":"2025-05-22T18:50:32+00:00","description":"Aprimore suas habilidades de gram\u00e1tica espanhola com exerc\u00edcios interativos desenvolvidos para todos os n\u00edveis de profici\u00eancia. Pratique espanhol com efici\u00eancia!","breadcrumb":{"@id":"https:\/\/talkpal.ai\/pt-br\/gramatica-espanhola\/#breadcrumb"},"inLanguage":"pt-BR","potentialAction":[{"@type":"ReadAction","target":["https:\/\/talkpal.ai\/pt-br\/gramatica-espanhola\/"]}]},{"@type":"ImageObject","inLanguage":"pt-BR","@id":"https:\/\/talkpal.ai\/pt-br\/gramatica-espanhola\/#primaryimage","url":"https:\/\/talkpal.ai\/wp-content\/uploads\/2023\/03\/spain.png","contentUrl":"https:\/\/talkpal.ai\/wp-content\/uploads\/2023\/03\/spain.png","width":512,"height":512,"caption":"TalkPal AI learn Spanish"},{"@type":"BreadcrumbList","@id":"https:\/\/talkpal.ai\/pt-br\/gramatica-espanhola\/#breadcrumb","itemListElement":[{"@type":"ListItem","position":1,"name":"Homepage","item":"https:\/\/talkpal.ai\/pt-br\/"},{"@type":"ListItem","position":2,"name":"Gram\u00e1tica espanhola"}]},{"@type":"WebSite","@id":"https:\/\/talkpal.ai\/pt-br\/#website","url":"https:\/\/talkpal.ai\/pt-br\/","name":"Talkpal","description":"AI Language Learning","publisher":{"@id":"https:\/\/talkpal.ai\/pt-br\/#organization"},"alternateName":"Talkpal AI","potentialAction":[{"@type":"SearchAction","target":{"@type":"EntryPoint","urlTemplate":"https:\/\/talkpal.ai\/pt-br\/?s={search_term_string}"},"query-input":{"@type":"PropertyValueSpecification","valueRequired":true,"valueName":"search_term_string"}}],"inLanguage":"pt-BR"},{"@type":"Organization","@id":"https:\/\/talkpal.ai\/pt-br\/#organization","name":"Talkpal, Inc.","alternateName":"Talkpal AI","url":"https:\/\/talkpal.ai\/pt-br\/","logo":{"@type":"ImageObject","inLanguage":"pt-BR","@id":"https:\/\/talkpal.ai\/pt-br\/#\/schema\/logo\/image\/","url":"https:\/\/talkpal.ai\/wp-content\/uploads\/2024\/03\/Talkpal-Logo-Icon.png","contentUrl":"https:\/\/talkpal.ai\/wp-content\/uploads\/2024\/03\/Talkpal-Logo-Icon.png","width":2880,"height":2880,"caption":"Talkpal, Inc."},"image":{"@id":"https:\/\/talkpal.ai\/pt-br\/#\/schema\/logo\/image\/"},"sameAs":["https:\/\/www.facebook.com\/profile.php?id=100090733639311","https:\/\/x.com\/talkpalai","https:\/\/www.linkedin.com\/company\/talkpal\/","https:\/\/www.youtube.com\/@TalkPal\/","https:\/\/www.tiktok.com\/@talkpal","https:\/\/www.instagram.com\/talkpal_ai\/","https:\/\/www.crunchbase.com\/organization\/talkpal-9cde","https:\/\/www.g2.com\/products\/talkpal-for-business\/","https:\/\/www.trustpilot.com\/review\/talkpal.ai","https:\/\/www.capterra.com\/p\/10006800\/TalkPal\/"],"description":"Talkpal is a language learning web and mobile education app, powered by the latest AI technologies, that provides engaging experiences to its customers in many different languages to help them improve their language skills. Users can chat about unlimited amount of topics with the app and use other modes to practice their language learning.","email":"support@talkpal.ai","legalName":"Talkpal, Inc.","foundingDate":"2023-04-03","duns":"118989042","numberOfEmployees":{"@type":"QuantitativeValue","minValue":"11","maxValue":"50"},"publishingPrinciples":"https:\/\/talkpal.ai\/publishing-principles\/","actionableFeedbackPolicy":"https:\/\/talkpal.ai\/actionable-feedback-policy\/","correctionsPolicy":"https:\/\/talkpal.ai\/corrections-policy\/","ethicsPolicy":"https:\/\/talkpal.ai\/ethics-policy\/","diversityPolicy":"https:\/\/talkpal.ai\/diversity-policy\/","diversityStaffingReport":"https:\/\/talkpal.ai\/diversity-policy\/"}]}},"_links":{"self":[{"href":"https:\/\/talkpal.ai\/pt-br\/wp-json\/wp\/v2\/pages\/124745","targetHints":{"allow":["GET"]}}],"collection":[{"href":"https:\/\/talkpal.ai\/pt-br\/wp-json\/wp\/v2\/pages"}],"about":[{"href":"https:\/\/talkpal.ai\/pt-br\/wp-json\/wp\/v2\/types\/page"}],"author":[{"embeddable":true,"href":"https:\/\/talkpal.ai\/pt-br\/wp-json\/wp\/v2\/users\/1"}],"replies":[{"embeddable":true,"href":"https:\/\/talkpal.ai\/pt-br\/wp-json\/wp\/v2\/comments?post=124745"}],"version-history":[{"count":0,"href":"https:\/\/talkpal.ai\/pt-br\/wp-json\/wp\/v2\/pages\/124745\/revisions"}],"wp:featuredmedia":[{"embeddable":true,"href":"https:\/\/talkpal.ai\/pt-br\/wp-json\/wp\/v2\/media\/75383"}],"wp:attachment":[{"href":"https:\/\/talkpal.ai\/pt-br\/wp-json\/wp\/v2\/media?parent=124745"}],"curies":[{"name":"wp","href":"https:\/\/api.w.org\/{rel}","templated":true}]}}