{"id":124142,"date":"2023-03-26T11:40:15","date_gmt":"2023-03-26T11:40:15","guid":{"rendered":"http:\/\/talkpal.ai\/gramatica-alema\/"},"modified":"2025-05-22T19:22:21","modified_gmt":"2025-05-22T19:22:21","slug":"gramatica-alema","status":"publish","type":"page","link":"https:\/\/talkpal.ai\/pt-br\/gramatica-alema\/","title":{"rendered":"Gram\u00e1tica alem\u00e3"},"content":{"rendered":"\r\n\r\n\r\n<section class=\"languageChallengeSection\">\r\n    <div class=\"languageInfoWrapper\">\r\n        \r\n        <h1>Gram\u00e1tica alem\u00e3<\/h1>\r\n        <p>Desbloqueie a estrutura do idioma <a href=\"https:\/\/talkpal.ai\/learn-german\/\">alem\u00e3o<\/a> dominando suas regras gramaticais essenciais. A compreens\u00e3o da <a href=\"https:\/\/talkpal.ai\/pt-pt\/grammar\/artigo-em-gramatica-alema\/\">gram\u00e1tica alem\u00e3<\/a> ajudar\u00e1 voc\u00ea a se comunicar com confian\u00e7a e a apreciar plenamente a riqueza das culturas de l\u00edngua alem\u00e3. Comece a aprender gram\u00e1tica alem\u00e3 hoje mesmo e d\u00ea o primeiro passo rumo \u00e0 flu\u00eancia!\n\n<\/p>\r\n\r\n                            <a class=\"getStartedHidden\" href=\"https:\/\/app.talkpal.ai\/pt-br\/signup?lng=\">Come\u00e7a<\/a>\r\n        \r\n    <\/div>\r\n\r\n    <figure>\r\n    <img decoding=\"async\" width=\"768\" height=\"768\" src=\"https:\/\/talkpal.ai\/wp-content\/uploads\/2023\/06\/german-768x768.png\" class=\"languageImage no-lazy\" alt=\"Language learning for global networking\" fetchpriority=\"high\" sizes=\"(max-width: 768px) 150px, 768px\" srcset=\"https:\/\/talkpal.ai\/wp-content\/uploads\/2023\/06\/german-768x768.png 768w, https:\/\/talkpal.ai\/wp-content\/uploads\/2023\/06\/german-300x300.png 300w\" \/>\r\n    \r\n\r\n    <\/figure>\r\n\r\n            <a class=\"getStartedVisible\" href=\"https:\/\/app.talkpal.ai\/pt-br\/signup?lng=\">Come\u00e7a<\/a>\r\n    \r\n<\/section>\r\n<section class=\"promotionalBanner\">\r\n    <p class=\"promotionalText\">A maneira mais eficiente de aprender um idioma<\/p>\r\n    <a class=\"promotionalLink\" href=\"https:\/\/app.talkpal.ai\/pt-br\/signup?lng=\">Experimente o Talkpal gratuitamente<\/a>\r\n<\/section>\n<div class=\"wp-block-group pageContainerStyle\"><div class=\"wp-block-group__inner-container is-layout-constrained wp-block-group-is-layout-constrained\">\n<h2 class=\"wp-block-heading\" id=\"h-unraveling-the-intricacies-of-german-grammar\">Desvendando os meandros da gram\u00e1tica alem\u00e3<\/h2>\n\n\n\n<p><a href=\"https:\/\/talkpal.ai\/pt-pt\/aprende-alemao-com-ia\/\">Aprender alem\u00e3o<\/a> pode ser um esfor\u00e7o emocionante e gratificante. Voc\u00ea n\u00e3o s\u00f3 poder\u00e1 falar com mais de 130 milh\u00f5es de pessoas em todo o mundo, <a href=\"https:\/\/talkpal.ai\/locations\/language-courses-in-como\/\">como<\/a> tamb\u00e9m ter\u00e1 acesso a uma grande variedade de literatura, m\u00fasica e hist\u00f3ria cultural. <a href=\"https:\/\/talkpal.ai\/locations\/language-courses-in-como\/\">Como<\/a> em qualquer idioma, dominar o alem\u00e3o requer dedica\u00e7\u00e3o e paci\u00eancia \u2013 especialmente quando se trata de sua gram\u00e1tica. A boa not\u00edcia \u00e9 que muitos aspectos da gram\u00e1tica alem\u00e3 s\u00e3o bastante semelhantes \u00e0 <a href=\"https:\/\/talkpal.ai\/pt-pt\/o-que-ha-de-especial-na-gramatica-inglesa\/\">gram\u00e1tica inglesa<\/a>, tornando mais f\u00e1cil para os falantes de <a href=\"https:\/\/talkpal.ai\/pt-pt\/locations\/aprenda-ingles-em-passos\/\">ingl\u00eas<\/a> enrolarem suas cabe\u00e7as. Neste artigo, exploraremos alguns dos principais recursos da gram\u00e1tica alem\u00e3, fornecendo dicas e truques \u00fateis para ajudar voc\u00ea a dominar esse belo e complexo idioma.<\/p>\n\n\n\n<h3 class=\"wp-block-heading\" id=\"h-1-nouns-and-articles-get-your-cases-right\">1. Substantivos e artigos \u2013 Acerte seus casos!<\/h3>\n\n\n\n<p>Um dos primeiros obst\u00e1culos para os falantes de ingl\u00eas aprenderem alem\u00e3o \u00e9 entender os quatro casos: nominativo, acusativo, dativo e genitivo. Cada caso sinaliza uma fun\u00e7\u00e3o diferente de um substantivo em uma frase, como o sujeito, objeto direto ou objeto indireto. Al\u00e9m disso, o alem\u00e3o tem tr\u00eas g\u00eaneros gramaticais (masculino, feminino e neutro), e os artigos para cada g\u00eanero mudam dependendo do caso. Parece confuso? N\u00e3o se preocupe! \u00c0 medida que se familiarizar mais com o alem\u00e3o, voc\u00ea come\u00e7ar\u00e1 a reconhecer padr\u00f5es e a prever qual caso e g\u00eanero usar.<\/p>\n\n\n\n<p>Dica: Fa\u00e7a um gr\u00e1fico dos artigos definidos (der, die, das) e indefinidos (ein, eine, ein) para cada g\u00eanero e caso. Memorize-os primeiro, pois eles servir\u00e3o como base para entender a estrutura da senten\u00e7a alem\u00e3.<\/p>\n\n\n\n<h3 class=\"wp-block-heading\" id=\"h-2-verbs-conjugate-and-dominate\">2. Verbos \u2013 Conjugar e dominar!<\/h3>\n\n\n\n<p>Em alem\u00e3o, os verbos s\u00e3o essenciais n\u00e3o apenas para expressar a\u00e7\u00e3o, mas tamb\u00e9m para indicar tempo e humor. Assim como o ingl\u00eas, os verbos alem\u00e3es precisam ser conjugados para corresponder ao sujeito da frase. No entanto, existem algumas diferen\u00e7as fundamentais, incluindo o uso de verbos regulares (fracos) e irregulares (fortes), bem como o uso de verbos de ajuda para certos tempos. A boa not\u00edcia \u00e9 que alguns aspectos da conjuga\u00e7\u00e3o de verbos em alem\u00e3o s\u00e3o mais simples do que em ingl\u00eas, como o fato de n\u00e3o exigir o uso de &#8220;do&#8221; para perguntas ou nega\u00e7\u00f5es.<\/p>\n\n\n\n<p>Dica: comece dominando a conjuga\u00e7\u00e3o de verbos regulares e, em seguida, enfrente os verbos irregulares mais comuns. Pratique o uso de verbos auxiliares nos tempos passado e futuro, e voc\u00ea logo conseguir\u00e1 construir frases mais complexas.<\/p>\n\n\n\n<h3 class=\"wp-block-heading\" id=\"h-3-adjectives-show-your-agreement\">3. Adjetivos \u2013 Mostre sua concord\u00e2ncia!<\/h3>\n\n\n\n<p>Ao usar adjetivos para descrever substantivos em alem\u00e3o, \u00e9 essencial que voc\u00ea entenda a concord\u00e2ncia dos adjetivos. Isso significa que os adjetivos devem concordar com o g\u00eanero e o caso do substantivo. Em alguns casos, isso exigir\u00e1 a adi\u00e7\u00e3o de uma termina\u00e7\u00e3o ao adjetivo, com base no artigo e no caso do substantivo.<\/p>\n\n\n\n<p>Dica: use o gr\u00e1fico de artigos anteriores para ajud\u00e1-lo a lembrar as termina\u00e7\u00f5es adjetivas corretas. Ao praticar o uso de adjetivos em frases, fa\u00e7a uma anota\u00e7\u00e3o mental dos padr\u00f5es finais e como eles se relacionam com o g\u00eanero e o caso do substantivo.<\/p>\n\n\n\n<h3 class=\"wp-block-heading\" id=\"h-4-word-order-embrace-the-flexibility\">4. Ordem das palavras \u2013 Abrace a flexibilidade!<\/h3>\n\n\n\n<p>Uma das muitas alegrias da gram\u00e1tica alem\u00e3 \u00e9 a sua ordem flex\u00edvel de palavras. Ao contr\u00e1rio do ingl\u00eas, que geralmente segue um padr\u00e3o estrito sujeito-verbo-objeto, as senten\u00e7as alem\u00e3s podem variar em sua estrutura. O segredo \u00e9 entender a import\u00e2ncia da posi\u00e7\u00e3o do verbo, que geralmente vem em segundo lugar em uma ora\u00e7\u00e3o principal e em \u00faltimo em uma ora\u00e7\u00e3o subordinada.<\/p>\n\n\n\n<p>Dica: Para se sentir confort\u00e1vel com diferentes padr\u00f5es de ordem de palavras, tente traduzir frases simples em ingl\u00eas para o alem\u00e3o e, em seguida, reorganize a frase, mantendo o verbo em seu devido lugar. Isso ajudar\u00e1 voc\u00ea a se tornar mais h\u00e1bil na elabora\u00e7\u00e3o de frases matizadas e expressivas em alem\u00e3o.<\/p>\n\n\n\n<h3 class=\"wp-block-heading\" id=\"h-5-prepositions-think-in-german\">5. Preposi\u00e7\u00f5es \u2013 Pense em alem\u00e3o!<\/h3>\n\n\n\n<p>Indiscutivelmente, a parte mais complicada de aprender gram\u00e1tica alem\u00e3 \u00e9 dominar preposi\u00e7\u00f5es. Embora as preposi\u00e7\u00f5es existam em ingl\u00eas e tenham uma finalidade semelhante, seu uso em alem\u00e3o \u00e9 diferente e, muitas vezes, exige que voc\u00ea &#8220;pense em alem\u00e3o&#8221; para selecionar a preposi\u00e7\u00e3o certa. Por exemplo, a preposi\u00e7\u00e3o inglesa &#8220;in&#8221; pode ser traduzida como &#8220;em&#8221;, &#8220;um&#8221; ou &#8220;auf&#8221; em alem\u00e3o, dependendo do contexto.<\/p>\n\n\n\n<p>Dica: Crie flashcards com preposi\u00e7\u00f5es comuns e suas contrapartes em ingl\u00eas. Pratique us\u00e1-los em frases e foque nos contextos espec\u00edficos em que cada preposi\u00e7\u00e3o \u00e9 usada.<\/p>\n\n\n\n<h3 class=\"wp-block-heading\" id=\"h-conclusion\">Conclus\u00e3o:<\/h3>\n\n\n\n<p>A gram\u00e1tica alem\u00e3 pode parecer assustadora no in\u00edcio, mas com pr\u00e1tica dedicada, paci\u00eancia e foco na compreens\u00e3o das regras e padr\u00f5es subjacentes, voc\u00ea logo estar\u00e1 construindo frases sofisticadas com facilidade. Ao compreender os meandros da gram\u00e1tica alem\u00e3, os falantes de ingl\u00eas n\u00e3o apenas aprimorar\u00e3o suas habilidades lingu\u00edsticas, mas tamb\u00e9m desenvolver\u00e3o uma nova aprecia\u00e7\u00e3o por essa bela e complexa l\u00edngua. Agora, voc\u00ea est\u00e1 pronto! Hora de mergulhar no mundo da gram\u00e1tica alem\u00e3 e desbloquear todo o seu potencial de aprendizagem de idiomas.<\/p>\n<\/div><\/div>\n\r\n<section class=\"learnNavigationSection\">\r\n            \r\n        <a href=\"https:\/\/talkpal.ai\/pt-br\/aprender-alemao\/\">\r\n            <div class=\"learnNavigationWrapper\">\r\n                <div class=\"learnNavigationContent\">\r\n                    <img decoding=\"async\" src=\"https:\/\/talkpal.ai\/wp-content\/uploads\/2024\/08\/German.jpg\" alt=\"German Flag\">\r\n                    <div>\r\n                        <h4>Sobre o aprendizado de alem\u00e3o<\/h4>\r\n                        <p>Saiba tudo sobre a gram\u00e1tica alem\u00e3.<\/p>\r\n                    <\/div>\r\n                <\/div>\r\n            <\/div>\r\n        <\/a>\r\n\r\n        \r\n        <a href=\"https:\/\/talkpal.ai\/pt-br\/exercicios-de-gramatica-alema\/\">\r\n            <div class=\"learnNavigationWrapper\">\r\n                <div class=\"learnNavigationContent\">\r\n                    <img decoding=\"async\" src=\"https:\/\/talkpal.ai\/wp-content\/uploads\/2024\/08\/German.jpg\" alt=\"German Flag\">\r\n                    <div>\r\n                        <h4>Exerc\u00edcio de gram\u00e1tica alem\u00e3<\/h4>\r\n                        <p>Pratique a gram\u00e1tica alem\u00e3.<\/p>\r\n                    <\/div>\r\n                <\/div>\r\n            <\/div>\r\n        <\/a>\r\n\r\n        \r\n        <a href=\"https:\/\/talkpal.ai\/vocabulary_language\/german\/\">\r\n            <div class=\"learnNavigationWrapper\">\r\n                <div class=\"learnNavigationContent\">\r\n                    <img decoding=\"async\" src=\"https:\/\/talkpal.ai\/wp-content\/uploads\/2024\/08\/German.jpg\" alt=\"German Flag\">\r\n                    <div>\r\n                        <h4>Vocabul\u00e1rio alem\u00e3o<\/h4>\r\n                        <p>Amplie seu vocabul\u00e1rio de alem\u00e3o.<\/p>\r\n                    <\/div>\r\n                <\/div>\r\n            <\/div>\r\n        <\/a>\r\n\r\n            <\/section>","protected":false},"excerpt":{"rendered":"<p>Desvendando os meandros da gram\u00e1tica alem\u00e3 Aprender alem\u00e3o pode ser um esfor\u00e7o emocionante e gratificante. Voc\u00ea n\u00e3o s\u00f3 poder\u00e1 falar com mais de 130 milh\u00f5es de pessoas em todo o mundo, como tamb\u00e9m ter\u00e1 acesso a uma grande variedade de literatura, m\u00fasica e hist\u00f3ria cultural. Como em qualquer idioma, dominar o alem\u00e3o requer dedica\u00e7\u00e3o e [&hellip;]<\/p>\n","protected":false},"author":1,"featured_media":75609,"parent":0,"menu_order":0,"comment_status":"closed","ping_status":"closed","template":"LearningContentPage.php","meta":{"_acf_changed":false,"footnotes":""},"class_list":["post-124142","page","type-page","status-publish","has-post-thumbnail","hentry"],"acf":[],"yoast_head":"<!-- This site is optimized with the Yoast SEO Premium plugin v27.2 (Yoast SEO v27.2) - https:\/\/yoast.com\/product\/yoast-seo-premium-wordpress\/ -->\n<title>Gram\u00e1tica alem\u00e3 - Talkpal<\/title>\n<meta name=\"description\" content=\"Aprenda gram\u00e1tica alem\u00e3 com facilidade - entenda as regras essenciais, pratique a constru\u00e7\u00e3o de frases e fale claramente com o suporte guiado por IA da Talkpalcom o suporte guiado por intelig\u00eancia artificial do Microsoft\u00ae.\" \/>\n<meta name=\"robots\" content=\"index, follow, max-snippet:-1, max-image-preview:large, max-video-preview:-1\" \/>\n<link rel=\"canonical\" href=\"https:\/\/talkpal.ai\/pt-br\/gramatica-alema\/\" \/>\n<meta property=\"og:locale\" content=\"pt_BR\" \/>\n<meta property=\"og:type\" content=\"article\" \/>\n<meta property=\"og:title\" content=\"Gram\u00e1tica alem\u00e3\" \/>\n<meta property=\"og:description\" content=\"Desvendando os meandros da gram\u00e1tica alem\u00e3 Aprender alem\u00e3o pode ser um esfor\u00e7o emocionante e gratificante. Voc\u00ea n\u00e3o s\u00f3 poder\u00e1 falar com mais de 130\" \/>\n<meta property=\"og:url\" content=\"https:\/\/talkpal.ai\/pt-br\/gramatica-alema\/\" \/>\n<meta property=\"og:site_name\" content=\"Talkpal\" \/>\n<meta property=\"article:publisher\" content=\"https:\/\/www.facebook.com\/profile.php?id=100090733639311\" \/>\n<meta property=\"article:modified_time\" content=\"2025-05-22T19:22:21+00:00\" \/>\n<meta property=\"og:image\" content=\"https:\/\/talkpal.ai\/wp-content\/uploads\/2023\/03\/germany.png\" \/>\n\t<meta property=\"og:image:width\" content=\"512\" \/>\n\t<meta property=\"og:image:height\" content=\"512\" \/>\n\t<meta property=\"og:image:type\" content=\"image\/png\" \/>\n<meta name=\"twitter:card\" content=\"summary_large_image\" \/>\n<meta name=\"twitter:site\" content=\"@talkpalai\" \/>\n<meta name=\"twitter:label1\" content=\"Est. tempo de leitura\" \/>\n\t<meta name=\"twitter:data1\" content=\"4 minutos\" \/>\n<script type=\"application\/ld+json\" class=\"yoast-schema-graph\">{\"@context\":\"https:\/\/schema.org\",\"@graph\":[{\"@type\":\"WebPage\",\"@id\":\"https:\/\/talkpal.ai\/pt-br\/gramatica-alema\/\",\"url\":\"https:\/\/talkpal.ai\/pt-br\/gramatica-alema\/\",\"name\":\"Gram\u00e1tica alem\u00e3 - Talkpal\",\"isPartOf\":{\"@id\":\"https:\/\/talkpal.ai\/pt-br\/#website\"},\"primaryImageOfPage\":{\"@id\":\"https:\/\/talkpal.ai\/pt-br\/gramatica-alema\/#primaryimage\"},\"image\":{\"@id\":\"https:\/\/talkpal.ai\/pt-br\/gramatica-alema\/#primaryimage\"},\"thumbnailUrl\":\"https:\/\/talkpal.ai\/wp-content\/uploads\/2023\/03\/germany.png\",\"datePublished\":\"2023-03-26T11:40:15+00:00\",\"dateModified\":\"2025-05-22T19:22:21+00:00\",\"description\":\"Aprenda gram\u00e1tica alem\u00e3 com facilidade - entenda as regras essenciais, pratique a constru\u00e7\u00e3o de frases e fale claramente com o suporte guiado por IA da Talkpalcom o suporte guiado por intelig\u00eancia artificial do Microsoft\u00ae.\",\"breadcrumb\":{\"@id\":\"https:\/\/talkpal.ai\/pt-br\/gramatica-alema\/#breadcrumb\"},\"inLanguage\":\"pt-BR\",\"potentialAction\":[{\"@type\":\"ReadAction\",\"target\":[\"https:\/\/talkpal.ai\/pt-br\/gramatica-alema\/\"]}]},{\"@type\":\"ImageObject\",\"inLanguage\":\"pt-BR\",\"@id\":\"https:\/\/talkpal.ai\/pt-br\/gramatica-alema\/#primaryimage\",\"url\":\"https:\/\/talkpal.ai\/wp-content\/uploads\/2023\/03\/germany.png\",\"contentUrl\":\"https:\/\/talkpal.ai\/wp-content\/uploads\/2023\/03\/germany.png\",\"width\":512,\"height\":512,\"caption\":\"TalkPal AI learn German\"},{\"@type\":\"BreadcrumbList\",\"@id\":\"https:\/\/talkpal.ai\/pt-br\/gramatica-alema\/#breadcrumb\",\"itemListElement\":[{\"@type\":\"ListItem\",\"position\":1,\"name\":\"Homepage\",\"item\":\"https:\/\/talkpal.ai\/pt-br\/\"},{\"@type\":\"ListItem\",\"position\":2,\"name\":\"Gram\u00e1tica alem\u00e3\"}]},{\"@type\":\"WebSite\",\"@id\":\"https:\/\/talkpal.ai\/pt-br\/#website\",\"url\":\"https:\/\/talkpal.ai\/pt-br\/\",\"name\":\"Talkpal\",\"description\":\"AI Language Learning\",\"publisher\":{\"@id\":\"https:\/\/talkpal.ai\/pt-br\/#organization\"},\"alternateName\":\"Talkpal AI\",\"potentialAction\":[{\"@type\":\"SearchAction\",\"target\":{\"@type\":\"EntryPoint\",\"urlTemplate\":\"https:\/\/talkpal.ai\/pt-br\/?s={search_term_string}\"},\"query-input\":{\"@type\":\"PropertyValueSpecification\",\"valueRequired\":true,\"valueName\":\"search_term_string\"}}],\"inLanguage\":\"pt-BR\"},{\"@type\":\"Organization\",\"@id\":\"https:\/\/talkpal.ai\/pt-br\/#organization\",\"name\":\"Talkpal, Inc.\",\"alternateName\":\"Talkpal AI\",\"url\":\"https:\/\/talkpal.ai\/pt-br\/\",\"logo\":{\"@type\":\"ImageObject\",\"inLanguage\":\"pt-BR\",\"@id\":\"https:\/\/talkpal.ai\/pt-br\/#\/schema\/logo\/image\/\",\"url\":\"https:\/\/talkpal.ai\/wp-content\/uploads\/2024\/03\/Talkpal-Logo-Icon.png\",\"contentUrl\":\"https:\/\/talkpal.ai\/wp-content\/uploads\/2024\/03\/Talkpal-Logo-Icon.png\",\"width\":2880,\"height\":2880,\"caption\":\"Talkpal, Inc.\"},\"image\":{\"@id\":\"https:\/\/talkpal.ai\/pt-br\/#\/schema\/logo\/image\/\"},\"sameAs\":[\"https:\/\/www.facebook.com\/profile.php?id=100090733639311\",\"https:\/\/x.com\/talkpalai\",\"https:\/\/www.linkedin.com\/company\/talkpal\/\",\"https:\/\/www.youtube.com\/@TalkPal\/\",\"https:\/\/www.tiktok.com\/@talkpal\",\"https:\/\/www.instagram.com\/talkpal_ai\/\",\"https:\/\/www.crunchbase.com\/organization\/talkpal-9cde\",\"https:\/\/www.g2.com\/products\/talkpal-for-business\/\",\"https:\/\/www.trustpilot.com\/review\/talkpal.ai\",\"https:\/\/www.capterra.com\/p\/10006800\/TalkPal\/\"],\"description\":\"Talkpal is a language learning web and mobile education app, powered by the latest AI technologies, that provides engaging experiences to its customers in many different languages to help them improve their language skills. Users can chat about unlimited amount of topics with the app and use other modes to practice their language learning.\",\"email\":\"support@talkpal.ai\",\"legalName\":\"Talkpal, Inc.\",\"foundingDate\":\"2023-04-03\",\"duns\":\"118989042\",\"numberOfEmployees\":{\"@type\":\"QuantitativeValue\",\"minValue\":\"11\",\"maxValue\":\"50\"},\"publishingPrinciples\":\"https:\/\/talkpal.ai\/publishing-principles\/\",\"actionableFeedbackPolicy\":\"https:\/\/talkpal.ai\/actionable-feedback-policy\/\",\"correctionsPolicy\":\"https:\/\/talkpal.ai\/corrections-policy\/\",\"ethicsPolicy\":\"https:\/\/talkpal.ai\/ethics-policy\/\",\"diversityPolicy\":\"https:\/\/talkpal.ai\/diversity-policy\/\",\"diversityStaffingReport\":\"https:\/\/talkpal.ai\/diversity-policy\/\"}]}<\/script>\n<!-- \/ Yoast SEO Premium plugin. -->","yoast_head_json":{"title":"Gram\u00e1tica alem\u00e3 - Talkpal","description":"Aprenda gram\u00e1tica alem\u00e3 com facilidade - entenda as regras essenciais, pratique a constru\u00e7\u00e3o de frases e fale claramente com o suporte guiado por IA da Talkpalcom o suporte guiado por intelig\u00eancia artificial do Microsoft\u00ae.","robots":{"index":"index","follow":"follow","max-snippet":"max-snippet:-1","max-image-preview":"max-image-preview:large","max-video-preview":"max-video-preview:-1"},"canonical":"https:\/\/talkpal.ai\/pt-br\/gramatica-alema\/","og_locale":"pt_BR","og_type":"article","og_title":"Gram\u00e1tica alem\u00e3","og_description":"Desvendando os meandros da gram\u00e1tica alem\u00e3 Aprender alem\u00e3o pode ser um esfor\u00e7o emocionante e gratificante. Voc\u00ea n\u00e3o s\u00f3 poder\u00e1 falar com mais de 130","og_url":"https:\/\/talkpal.ai\/pt-br\/gramatica-alema\/","og_site_name":"Talkpal","article_publisher":"https:\/\/www.facebook.com\/profile.php?id=100090733639311","article_modified_time":"2025-05-22T19:22:21+00:00","og_image":[{"width":512,"height":512,"url":"https:\/\/talkpal.ai\/wp-content\/uploads\/2023\/03\/germany.png","type":"image\/png"}],"twitter_card":"summary_large_image","twitter_site":"@talkpalai","twitter_misc":{"Est. tempo de leitura":"4 minutos"},"schema":{"@context":"https:\/\/schema.org","@graph":[{"@type":"WebPage","@id":"https:\/\/talkpal.ai\/pt-br\/gramatica-alema\/","url":"https:\/\/talkpal.ai\/pt-br\/gramatica-alema\/","name":"Gram\u00e1tica alem\u00e3 - Talkpal","isPartOf":{"@id":"https:\/\/talkpal.ai\/pt-br\/#website"},"primaryImageOfPage":{"@id":"https:\/\/talkpal.ai\/pt-br\/gramatica-alema\/#primaryimage"},"image":{"@id":"https:\/\/talkpal.ai\/pt-br\/gramatica-alema\/#primaryimage"},"thumbnailUrl":"https:\/\/talkpal.ai\/wp-content\/uploads\/2023\/03\/germany.png","datePublished":"2023-03-26T11:40:15+00:00","dateModified":"2025-05-22T19:22:21+00:00","description":"Aprenda gram\u00e1tica alem\u00e3 com facilidade - entenda as regras essenciais, pratique a constru\u00e7\u00e3o de frases e fale claramente com o suporte guiado por IA da Talkpalcom o suporte guiado por intelig\u00eancia artificial do Microsoft\u00ae.","breadcrumb":{"@id":"https:\/\/talkpal.ai\/pt-br\/gramatica-alema\/#breadcrumb"},"inLanguage":"pt-BR","potentialAction":[{"@type":"ReadAction","target":["https:\/\/talkpal.ai\/pt-br\/gramatica-alema\/"]}]},{"@type":"ImageObject","inLanguage":"pt-BR","@id":"https:\/\/talkpal.ai\/pt-br\/gramatica-alema\/#primaryimage","url":"https:\/\/talkpal.ai\/wp-content\/uploads\/2023\/03\/germany.png","contentUrl":"https:\/\/talkpal.ai\/wp-content\/uploads\/2023\/03\/germany.png","width":512,"height":512,"caption":"TalkPal AI learn German"},{"@type":"BreadcrumbList","@id":"https:\/\/talkpal.ai\/pt-br\/gramatica-alema\/#breadcrumb","itemListElement":[{"@type":"ListItem","position":1,"name":"Homepage","item":"https:\/\/talkpal.ai\/pt-br\/"},{"@type":"ListItem","position":2,"name":"Gram\u00e1tica alem\u00e3"}]},{"@type":"WebSite","@id":"https:\/\/talkpal.ai\/pt-br\/#website","url":"https:\/\/talkpal.ai\/pt-br\/","name":"Talkpal","description":"AI Language Learning","publisher":{"@id":"https:\/\/talkpal.ai\/pt-br\/#organization"},"alternateName":"Talkpal AI","potentialAction":[{"@type":"SearchAction","target":{"@type":"EntryPoint","urlTemplate":"https:\/\/talkpal.ai\/pt-br\/?s={search_term_string}"},"query-input":{"@type":"PropertyValueSpecification","valueRequired":true,"valueName":"search_term_string"}}],"inLanguage":"pt-BR"},{"@type":"Organization","@id":"https:\/\/talkpal.ai\/pt-br\/#organization","name":"Talkpal, Inc.","alternateName":"Talkpal AI","url":"https:\/\/talkpal.ai\/pt-br\/","logo":{"@type":"ImageObject","inLanguage":"pt-BR","@id":"https:\/\/talkpal.ai\/pt-br\/#\/schema\/logo\/image\/","url":"https:\/\/talkpal.ai\/wp-content\/uploads\/2024\/03\/Talkpal-Logo-Icon.png","contentUrl":"https:\/\/talkpal.ai\/wp-content\/uploads\/2024\/03\/Talkpal-Logo-Icon.png","width":2880,"height":2880,"caption":"Talkpal, Inc."},"image":{"@id":"https:\/\/talkpal.ai\/pt-br\/#\/schema\/logo\/image\/"},"sameAs":["https:\/\/www.facebook.com\/profile.php?id=100090733639311","https:\/\/x.com\/talkpalai","https:\/\/www.linkedin.com\/company\/talkpal\/","https:\/\/www.youtube.com\/@TalkPal\/","https:\/\/www.tiktok.com\/@talkpal","https:\/\/www.instagram.com\/talkpal_ai\/","https:\/\/www.crunchbase.com\/organization\/talkpal-9cde","https:\/\/www.g2.com\/products\/talkpal-for-business\/","https:\/\/www.trustpilot.com\/review\/talkpal.ai","https:\/\/www.capterra.com\/p\/10006800\/TalkPal\/"],"description":"Talkpal is a language learning web and mobile education app, powered by the latest AI technologies, that provides engaging experiences to its customers in many different languages to help them improve their language skills. Users can chat about unlimited amount of topics with the app and use other modes to practice their language learning.","email":"support@talkpal.ai","legalName":"Talkpal, Inc.","foundingDate":"2023-04-03","duns":"118989042","numberOfEmployees":{"@type":"QuantitativeValue","minValue":"11","maxValue":"50"},"publishingPrinciples":"https:\/\/talkpal.ai\/publishing-principles\/","actionableFeedbackPolicy":"https:\/\/talkpal.ai\/actionable-feedback-policy\/","correctionsPolicy":"https:\/\/talkpal.ai\/corrections-policy\/","ethicsPolicy":"https:\/\/talkpal.ai\/ethics-policy\/","diversityPolicy":"https:\/\/talkpal.ai\/diversity-policy\/","diversityStaffingReport":"https:\/\/talkpal.ai\/diversity-policy\/"}]}},"_links":{"self":[{"href":"https:\/\/talkpal.ai\/pt-br\/wp-json\/wp\/v2\/pages\/124142","targetHints":{"allow":["GET"]}}],"collection":[{"href":"https:\/\/talkpal.ai\/pt-br\/wp-json\/wp\/v2\/pages"}],"about":[{"href":"https:\/\/talkpal.ai\/pt-br\/wp-json\/wp\/v2\/types\/page"}],"author":[{"embeddable":true,"href":"https:\/\/talkpal.ai\/pt-br\/wp-json\/wp\/v2\/users\/1"}],"replies":[{"embeddable":true,"href":"https:\/\/talkpal.ai\/pt-br\/wp-json\/wp\/v2\/comments?post=124142"}],"version-history":[{"count":0,"href":"https:\/\/talkpal.ai\/pt-br\/wp-json\/wp\/v2\/pages\/124142\/revisions"}],"wp:featuredmedia":[{"embeddable":true,"href":"https:\/\/talkpal.ai\/pt-br\/wp-json\/wp\/v2\/media\/75609"}],"wp:attachment":[{"href":"https:\/\/talkpal.ai\/pt-br\/wp-json\/wp\/v2\/media?parent=124142"}],"curies":[{"name":"wp","href":"https:\/\/api.w.org\/{rel}","templated":true}]}}