{"id":997994,"date":"2023-10-09T10:03:45","date_gmt":"2023-10-09T10:03:45","guid":{"rendered":"https:\/\/talkpal.ai\/instrukcje-zarzadzania-subskrypcja\/"},"modified":"2025-07-12T09:46:47","modified_gmt":"2025-07-12T09:46:47","slug":"instrukcje-zarzadzania-subskrypcja","status":"publish","type":"page","link":"https:\/\/talkpal.ai\/pl\/instrukcje-zarzadzania-subskrypcja\/","title":{"rendered":"Instrukcje zarz\u0105dzania subskrypcj\u0105"},"content":{"rendered":"\n<p>Subskrypcjami mo\u017cna zarz\u0105dza\u0107 w naszym sklepie <a href=\"https:\/\/talkpal.ai\/es\/descargar-la-aplicacion-talkpal-para-android-e-ios\/\">App Store<\/a> (Apple <a href=\"https:\/\/talkpal.ai\/es\/descargar-la-aplicacion-talkpal-para-android-e-ios\/\">iOS<\/a>), Google Play (Android) lub w aplikacji internetowej.<\/p>\n\n<h2 class=\"wp-block-heading\" id=\"h-app-store-apple-ios\">App Store (Apple iOS)<\/h2>\n\n<p>Uwaga: Musisz anulowa\u0107 subskrypcj\u0119 lub wersj\u0119 pr\u00f3bn\u0105 Apple co najmniej 24 godziny przed jej zako\u0144czeniem. Je\u015bli anulujesz j\u0105 ostatniego dnia, zostanie ona automatycznie odnowiona.<\/p>\n\n<p>Aby anulowa\u0107 subskrypcj\u0119 <a href=\"https:\/\/talkpal.ai\/hr\/talkpal-za-poduzeca\/\">Talkpal za<\/a> po\u015brednictwem sklepu App Store, wykonaj poni\u017csze czynno\u015bci na urz\u0105dzeniu z systemem iOS:<\/p>\n\n<p><strong>Krok 1<\/strong> &#8211; Otw\u00f3rz aplikacj\u0119 Ustawienia.<\/p>\n\n<p><strong>Krok 2<\/strong> &#8211; Wybierz sw\u00f3j identyfikator Apple ID znajduj\u0105cy si\u0119 w g\u00f3rnej cz\u0119\u015bci strony.<\/p>\n\n<p><strong>Krok 3<\/strong> &#8211; Wybierz &#8222;Wy\u015bwietl Apple ID&#8221;<\/p>\n\n<p><strong>Krok 4<\/strong> &#8211; Przejd\u017a do sekcji &#8222;Subskrypcje&#8221; i wybierz t\u0119, kt\u00f3r\u0105 chcesz anulowa\u0107.<\/p>\n\n<p><strong>Krok 5<\/strong> &#8211; Stuknij w &#8222;Anuluj subskrypcj\u0119&#8221;.<\/p>\n\n<h2 class=\"wp-block-heading\" id=\"h-google-play-android\">Google Play (Android)<\/h2>\n\n<p><b>Krok 1<\/b> &#8211; Na urz\u0105dzeniu z Androidem przejd\u017a do swoich subskrypcji w Google Play.<\/p>\n\n<p><b>Krok 2<\/b> &#8211; Wybierz subskrypcj\u0119, kt\u00f3r\u0105 chcesz anulowa\u0107.<\/p>\n\n<p><b>Krok 3<\/b> &#8211; Naci\u015bnij przycisk Anuluj subskrypcj\u0119.<\/p>\n\n<h2 class=\"wp-block-heading\" id=\"h-website\">Strona internetowa<\/h2>\n\n<p><b>Krok 1<\/b> &#8211; Przejd\u017a do strony swojego konta.<\/p>\n\n<p><b>Krok 2<\/b> &#8211; Przewi\u0144 w d\u00f3\u0142 do sekcji &#8222;Subskrypcja&#8221;.<\/p>\n\n<p><b>Krok 3<\/b> &#8211; Kliknij przycisk &#8222;Anuluj subskrypcj\u0119&#8221;.<\/p>\n","protected":false},"excerpt":{"rendered":"<p>Subskrypcjami mo\u017cna zarz\u0105dza\u0107 w naszym sklepie App Store (Apple iOS), Google Play (Android) lub w aplikacji internetowej. App Store (Apple iOS) Uwaga: Musisz anulowa\u0107 subskrypcj\u0119 lub wersj\u0119 pr\u00f3bn\u0105 Apple co najmniej 24 godziny przed jej zako\u0144czeniem. Je\u015bli anulujesz j\u0105 ostatniego dnia, zostanie ona automatycznie odnowiona. Aby anulowa\u0107 subskrypcj\u0119 Talkpal za po\u015brednictwem sklepu App Store, wykonaj [&hellip;]<\/p>\n","protected":false},"author":10,"featured_media":197973,"parent":0,"menu_order":0,"comment_status":"closed","ping_status":"closed","template":"","meta":{"_acf_changed":false,"footnotes":""},"class_list":["post-997994","page","type-page","status-publish","has-post-thumbnail","hentry"],"acf":[],"yoast_head":"<!-- This site is optimized with the Yoast SEO Premium plugin v27.2 (Yoast SEO v27.2) - https:\/\/yoast.com\/product\/yoast-seo-premium-wordpress\/ -->\n<title>Instrukcje zarz\u0105dzania subskrypcj\u0105 - Talkpal<\/title>\n<meta name=\"description\" content=\"Post\u0119puj zgodnie z tymi instrukcjami zarz\u0105dzania subskrypcjami, aby \u0142atwo anulowa\u0107 subskrypcje w aplikacjach Apple lub Google Play.\" \/>\n<meta name=\"robots\" content=\"index, follow, max-snippet:-1, max-image-preview:large, max-video-preview:-1\" \/>\n<link rel=\"canonical\" href=\"https:\/\/talkpal.ai\/pl\/instrukcje-zarzadzania-subskrypcja\/\" \/>\n<meta property=\"og:locale\" content=\"pl_PL\" \/>\n<meta property=\"og:type\" content=\"article\" \/>\n<meta property=\"og:title\" content=\"Instrukcje zarz\u0105dzania subskrypcj\u0105\" \/>\n<meta property=\"og:description\" content=\"Subskrypcjami mo\u017cna zarz\u0105dza\u0107 w naszym sklepie App Store (Apple iOS), Google Play (Android) lub w aplikacji internetowej. App Store (Apple iOS) Uwaga:\" \/>\n<meta property=\"og:url\" content=\"https:\/\/talkpal.ai\/pl\/instrukcje-zarzadzania-subskrypcja\/\" \/>\n<meta property=\"og:site_name\" content=\"Talkpal\" \/>\n<meta property=\"article:publisher\" content=\"https:\/\/www.facebook.com\/profile.php?id=100090733639311\" \/>\n<meta property=\"article:modified_time\" content=\"2025-07-12T09:46:47+00:00\" \/>\n<meta property=\"og:image\" content=\"https:\/\/talkpal.ai\/wp-content\/uploads\/2024\/03\/Talkpal-Logo-Icon.png\" \/>\n\t<meta property=\"og:image:width\" content=\"5000\" \/>\n\t<meta property=\"og:image:height\" content=\"5000\" \/>\n\t<meta property=\"og:image:type\" content=\"image\/png\" \/>\n<meta name=\"twitter:card\" content=\"summary_large_image\" \/>\n<meta name=\"twitter:site\" content=\"@talkpalai\" \/>\n<meta name=\"twitter:label1\" content=\"Szacowany czas czytania\" \/>\n\t<meta name=\"twitter:data1\" content=\"1 minuta\" \/>\n<script type=\"application\/ld+json\" class=\"yoast-schema-graph\">{\"@context\":\"https:\/\/schema.org\",\"@graph\":[{\"@type\":\"WebPage\",\"@id\":\"https:\/\/talkpal.ai\/pl\/instrukcje-zarzadzania-subskrypcja\/\",\"url\":\"https:\/\/talkpal.ai\/pl\/instrukcje-zarzadzania-subskrypcja\/\",\"name\":\"Instrukcje zarz\u0105dzania subskrypcj\u0105 - Talkpal\",\"isPartOf\":{\"@id\":\"https:\/\/talkpal.ai\/pl\/#website\"},\"primaryImageOfPage\":{\"@id\":\"https:\/\/talkpal.ai\/pl\/instrukcje-zarzadzania-subskrypcja\/#primaryimage\"},\"image\":{\"@id\":\"https:\/\/talkpal.ai\/pl\/instrukcje-zarzadzania-subskrypcja\/#primaryimage\"},\"thumbnailUrl\":\"https:\/\/talkpal.ai\/wp-content\/uploads\/2024\/03\/Talkpal-Logo-Icon.png\",\"datePublished\":\"2023-10-09T10:03:45+00:00\",\"dateModified\":\"2025-07-12T09:46:47+00:00\",\"description\":\"Post\u0119puj zgodnie z tymi instrukcjami zarz\u0105dzania subskrypcjami, aby \u0142atwo anulowa\u0107 subskrypcje w aplikacjach Apple lub Google Play.\",\"breadcrumb\":{\"@id\":\"https:\/\/talkpal.ai\/pl\/instrukcje-zarzadzania-subskrypcja\/#breadcrumb\"},\"inLanguage\":\"pl-PL\",\"potentialAction\":[{\"@type\":\"ReadAction\",\"target\":[\"https:\/\/talkpal.ai\/pl\/instrukcje-zarzadzania-subskrypcja\/\"]}]},{\"@type\":\"ImageObject\",\"inLanguage\":\"pl-PL\",\"@id\":\"https:\/\/talkpal.ai\/pl\/instrukcje-zarzadzania-subskrypcja\/#primaryimage\",\"url\":\"https:\/\/talkpal.ai\/wp-content\/uploads\/2024\/03\/Talkpal-Logo-Icon.png\",\"contentUrl\":\"https:\/\/talkpal.ai\/wp-content\/uploads\/2024\/03\/Talkpal-Logo-Icon.png\",\"width\":5000,\"height\":5000,\"caption\":\"Logo talkpal\"},{\"@type\":\"BreadcrumbList\",\"@id\":\"https:\/\/talkpal.ai\/pl\/instrukcje-zarzadzania-subskrypcja\/#breadcrumb\",\"itemListElement\":[{\"@type\":\"ListItem\",\"position\":1,\"name\":\"Homepage\",\"item\":\"https:\/\/talkpal.ai\/pl\/\"},{\"@type\":\"ListItem\",\"position\":2,\"name\":\"Instrukcje zarz\u0105dzania subskrypcj\u0105\"}]},{\"@type\":\"WebSite\",\"@id\":\"https:\/\/talkpal.ai\/pl\/#website\",\"url\":\"https:\/\/talkpal.ai\/pl\/\",\"name\":\"Talkpal\",\"description\":\"AI Language Learning\",\"publisher\":{\"@id\":\"https:\/\/talkpal.ai\/pl\/#organization\"},\"alternateName\":\"Talkpal AI\",\"potentialAction\":[{\"@type\":\"SearchAction\",\"target\":{\"@type\":\"EntryPoint\",\"urlTemplate\":\"https:\/\/talkpal.ai\/pl\/?s={search_term_string}\"},\"query-input\":{\"@type\":\"PropertyValueSpecification\",\"valueRequired\":true,\"valueName\":\"search_term_string\"}}],\"inLanguage\":\"pl-PL\"},{\"@type\":\"Organization\",\"@id\":\"https:\/\/talkpal.ai\/pl\/#organization\",\"name\":\"Talkpal, Inc.\",\"alternateName\":\"Talkpal AI\",\"url\":\"https:\/\/talkpal.ai\/pl\/\",\"logo\":{\"@type\":\"ImageObject\",\"inLanguage\":\"pl-PL\",\"@id\":\"https:\/\/talkpal.ai\/pl\/#\/schema\/logo\/image\/\",\"url\":\"https:\/\/talkpal.ai\/wp-content\/uploads\/2024\/03\/Talkpal-Logo-Icon.png\",\"contentUrl\":\"https:\/\/talkpal.ai\/wp-content\/uploads\/2024\/03\/Talkpal-Logo-Icon.png\",\"width\":2880,\"height\":2880,\"caption\":\"Talkpal, Inc.\"},\"image\":{\"@id\":\"https:\/\/talkpal.ai\/pl\/#\/schema\/logo\/image\/\"},\"sameAs\":[\"https:\/\/www.facebook.com\/profile.php?id=100090733639311\",\"https:\/\/x.com\/talkpalai\",\"https:\/\/www.linkedin.com\/company\/talkpal\/\",\"https:\/\/www.youtube.com\/@TalkPal\/\",\"https:\/\/www.tiktok.com\/@talkpal\",\"https:\/\/www.instagram.com\/talkpal_ai\/\",\"https:\/\/www.crunchbase.com\/organization\/talkpal-9cde\",\"https:\/\/www.g2.com\/products\/talkpal-for-business\/\",\"https:\/\/www.trustpilot.com\/review\/talkpal.ai\",\"https:\/\/www.capterra.com\/p\/10006800\/TalkPal\/\"],\"description\":\"Talkpal is a language learning web and mobile education app, powered by the latest AI technologies, that provides engaging experiences to its customers in many different languages to help them improve their language skills. Users can chat about unlimited amount of topics with the app and use other modes to practice their language learning.\",\"email\":\"support@talkpal.ai\",\"legalName\":\"Talkpal, Inc.\",\"foundingDate\":\"2023-04-03\",\"duns\":\"118989042\",\"numberOfEmployees\":{\"@type\":\"QuantitativeValue\",\"minValue\":\"11\",\"maxValue\":\"50\"},\"publishingPrinciples\":\"https:\/\/talkpal.ai\/publishing-principles\/\",\"actionableFeedbackPolicy\":\"https:\/\/talkpal.ai\/actionable-feedback-policy\/\",\"correctionsPolicy\":\"https:\/\/talkpal.ai\/corrections-policy\/\",\"ethicsPolicy\":\"https:\/\/talkpal.ai\/ethics-policy\/\",\"diversityPolicy\":\"https:\/\/talkpal.ai\/diversity-policy\/\",\"diversityStaffingReport\":\"https:\/\/talkpal.ai\/diversity-policy\/\"}]}<\/script>\n<!-- \/ Yoast SEO Premium plugin. -->","yoast_head_json":{"title":"Instrukcje zarz\u0105dzania subskrypcj\u0105 - Talkpal","description":"Post\u0119puj zgodnie z tymi instrukcjami zarz\u0105dzania subskrypcjami, aby \u0142atwo anulowa\u0107 subskrypcje w aplikacjach Apple lub Google Play.","robots":{"index":"index","follow":"follow","max-snippet":"max-snippet:-1","max-image-preview":"max-image-preview:large","max-video-preview":"max-video-preview:-1"},"canonical":"https:\/\/talkpal.ai\/pl\/instrukcje-zarzadzania-subskrypcja\/","og_locale":"pl_PL","og_type":"article","og_title":"Instrukcje zarz\u0105dzania subskrypcj\u0105","og_description":"Subskrypcjami mo\u017cna zarz\u0105dza\u0107 w naszym sklepie App Store (Apple iOS), Google Play (Android) lub w aplikacji internetowej. App Store (Apple iOS) Uwaga:","og_url":"https:\/\/talkpal.ai\/pl\/instrukcje-zarzadzania-subskrypcja\/","og_site_name":"Talkpal","article_publisher":"https:\/\/www.facebook.com\/profile.php?id=100090733639311","article_modified_time":"2025-07-12T09:46:47+00:00","og_image":[{"width":5000,"height":5000,"url":"https:\/\/talkpal.ai\/wp-content\/uploads\/2024\/03\/Talkpal-Logo-Icon.png","type":"image\/png"}],"twitter_card":"summary_large_image","twitter_site":"@talkpalai","twitter_misc":{"Szacowany czas czytania":"1 minuta"},"schema":{"@context":"https:\/\/schema.org","@graph":[{"@type":"WebPage","@id":"https:\/\/talkpal.ai\/pl\/instrukcje-zarzadzania-subskrypcja\/","url":"https:\/\/talkpal.ai\/pl\/instrukcje-zarzadzania-subskrypcja\/","name":"Instrukcje zarz\u0105dzania subskrypcj\u0105 - Talkpal","isPartOf":{"@id":"https:\/\/talkpal.ai\/pl\/#website"},"primaryImageOfPage":{"@id":"https:\/\/talkpal.ai\/pl\/instrukcje-zarzadzania-subskrypcja\/#primaryimage"},"image":{"@id":"https:\/\/talkpal.ai\/pl\/instrukcje-zarzadzania-subskrypcja\/#primaryimage"},"thumbnailUrl":"https:\/\/talkpal.ai\/wp-content\/uploads\/2024\/03\/Talkpal-Logo-Icon.png","datePublished":"2023-10-09T10:03:45+00:00","dateModified":"2025-07-12T09:46:47+00:00","description":"Post\u0119puj zgodnie z tymi instrukcjami zarz\u0105dzania subskrypcjami, aby \u0142atwo anulowa\u0107 subskrypcje w aplikacjach Apple lub Google Play.","breadcrumb":{"@id":"https:\/\/talkpal.ai\/pl\/instrukcje-zarzadzania-subskrypcja\/#breadcrumb"},"inLanguage":"pl-PL","potentialAction":[{"@type":"ReadAction","target":["https:\/\/talkpal.ai\/pl\/instrukcje-zarzadzania-subskrypcja\/"]}]},{"@type":"ImageObject","inLanguage":"pl-PL","@id":"https:\/\/talkpal.ai\/pl\/instrukcje-zarzadzania-subskrypcja\/#primaryimage","url":"https:\/\/talkpal.ai\/wp-content\/uploads\/2024\/03\/Talkpal-Logo-Icon.png","contentUrl":"https:\/\/talkpal.ai\/wp-content\/uploads\/2024\/03\/Talkpal-Logo-Icon.png","width":5000,"height":5000,"caption":"Logo talkpal"},{"@type":"BreadcrumbList","@id":"https:\/\/talkpal.ai\/pl\/instrukcje-zarzadzania-subskrypcja\/#breadcrumb","itemListElement":[{"@type":"ListItem","position":1,"name":"Homepage","item":"https:\/\/talkpal.ai\/pl\/"},{"@type":"ListItem","position":2,"name":"Instrukcje zarz\u0105dzania subskrypcj\u0105"}]},{"@type":"WebSite","@id":"https:\/\/talkpal.ai\/pl\/#website","url":"https:\/\/talkpal.ai\/pl\/","name":"Talkpal","description":"AI Language Learning","publisher":{"@id":"https:\/\/talkpal.ai\/pl\/#organization"},"alternateName":"Talkpal AI","potentialAction":[{"@type":"SearchAction","target":{"@type":"EntryPoint","urlTemplate":"https:\/\/talkpal.ai\/pl\/?s={search_term_string}"},"query-input":{"@type":"PropertyValueSpecification","valueRequired":true,"valueName":"search_term_string"}}],"inLanguage":"pl-PL"},{"@type":"Organization","@id":"https:\/\/talkpal.ai\/pl\/#organization","name":"Talkpal, Inc.","alternateName":"Talkpal AI","url":"https:\/\/talkpal.ai\/pl\/","logo":{"@type":"ImageObject","inLanguage":"pl-PL","@id":"https:\/\/talkpal.ai\/pl\/#\/schema\/logo\/image\/","url":"https:\/\/talkpal.ai\/wp-content\/uploads\/2024\/03\/Talkpal-Logo-Icon.png","contentUrl":"https:\/\/talkpal.ai\/wp-content\/uploads\/2024\/03\/Talkpal-Logo-Icon.png","width":2880,"height":2880,"caption":"Talkpal, Inc."},"image":{"@id":"https:\/\/talkpal.ai\/pl\/#\/schema\/logo\/image\/"},"sameAs":["https:\/\/www.facebook.com\/profile.php?id=100090733639311","https:\/\/x.com\/talkpalai","https:\/\/www.linkedin.com\/company\/talkpal\/","https:\/\/www.youtube.com\/@TalkPal\/","https:\/\/www.tiktok.com\/@talkpal","https:\/\/www.instagram.com\/talkpal_ai\/","https:\/\/www.crunchbase.com\/organization\/talkpal-9cde","https:\/\/www.g2.com\/products\/talkpal-for-business\/","https:\/\/www.trustpilot.com\/review\/talkpal.ai","https:\/\/www.capterra.com\/p\/10006800\/TalkPal\/"],"description":"Talkpal is a language learning web and mobile education app, powered by the latest AI technologies, that provides engaging experiences to its customers in many different languages to help them improve their language skills. Users can chat about unlimited amount of topics with the app and use other modes to practice their language learning.","email":"support@talkpal.ai","legalName":"Talkpal, Inc.","foundingDate":"2023-04-03","duns":"118989042","numberOfEmployees":{"@type":"QuantitativeValue","minValue":"11","maxValue":"50"},"publishingPrinciples":"https:\/\/talkpal.ai\/publishing-principles\/","actionableFeedbackPolicy":"https:\/\/talkpal.ai\/actionable-feedback-policy\/","correctionsPolicy":"https:\/\/talkpal.ai\/corrections-policy\/","ethicsPolicy":"https:\/\/talkpal.ai\/ethics-policy\/","diversityPolicy":"https:\/\/talkpal.ai\/diversity-policy\/","diversityStaffingReport":"https:\/\/talkpal.ai\/diversity-policy\/"}]}},"_links":{"self":[{"href":"https:\/\/talkpal.ai\/pl\/wp-json\/wp\/v2\/pages\/997994","targetHints":{"allow":["GET"]}}],"collection":[{"href":"https:\/\/talkpal.ai\/pl\/wp-json\/wp\/v2\/pages"}],"about":[{"href":"https:\/\/talkpal.ai\/pl\/wp-json\/wp\/v2\/types\/page"}],"author":[{"embeddable":true,"href":"https:\/\/talkpal.ai\/pl\/wp-json\/wp\/v2\/users\/10"}],"replies":[{"embeddable":true,"href":"https:\/\/talkpal.ai\/pl\/wp-json\/wp\/v2\/comments?post=997994"}],"version-history":[{"count":0,"href":"https:\/\/talkpal.ai\/pl\/wp-json\/wp\/v2\/pages\/997994\/revisions"}],"wp:featuredmedia":[{"embeddable":true,"href":"https:\/\/talkpal.ai\/pl\/wp-json\/wp\/v2\/media\/197973"}],"wp:attachment":[{"href":"https:\/\/talkpal.ai\/pl\/wp-json\/wp\/v2\/media?parent=997994"}],"curies":[{"name":"wp","href":"https:\/\/api.w.org\/{rel}","templated":true}]}}