{"id":994700,"date":"2023-12-20T15:42:12","date_gmt":"2023-12-20T15:42:12","guid":{"rendered":"https:\/\/talkpal.ai\/instrukcje-dotyczace-dodawania-kodu-kuponu-w-stripe-checkout\/"},"modified":"2025-06-19T18:07:47","modified_gmt":"2025-06-19T18:07:47","slug":"instrukcje-dotyczace-dodawania-kodu-kuponu-w-stripe-checkout","status":"publish","type":"page","link":"https:\/\/talkpal.ai\/pl\/instrukcje-dotyczace-dodawania-kodu-kuponu-w-stripe-checkout\/","title":{"rendered":"Instrukcje dotycz\u0105ce dodawania kodu kuponu w Stripe Checkout"},"content":{"rendered":"\n<p>Dodaj kod kuponu i uzyskaj zni\u017ck\u0119.<\/p>\n\n<h2 class=\"wp-block-heading\" id=\"h-follow-the-steps\">Post\u0119puj zgodnie z instrukcjami<\/h2>\n\n<h3 class=\"wp-block-heading\" id=\"h-step-1\">Krok 1:<\/h3>\n\n<p>Wybierz preferowany plan.<\/p>\n\n<figure class=\"wp-block-image\"><img decoding=\"async\" src=\"https:\/\/talkpal.ai\/wp-content\/uploads\/2024\/12\/Choos-plan-screen-768x389.png\" alt=\"\"\/><\/figure>\n\n<h3 class=\"wp-block-heading\" id=\"h-step-2\">Krok 2:<\/h3>\n\n<p>Wybierz opcj\u0119 p\u0142atno\u015bci kart\u0105 i naci\u015bnij przycisk Start.<\/p>\n\n<figure class=\"wp-block-image\"><img decoding=\"async\" src=\"https:\/\/talkpal.ai\/wp-content\/uploads\/2024\/12\/Payment-method-screen-768x389.png\" alt=\"\"\/><\/figure>\n\n<h3 class=\"wp-block-heading\" id=\"h-step-3\">Krok 3:<\/h3>\n\n<p>Nast\u0105pi przekierowanie do strony p\u0142atno\u015bci Stripe.<\/p>\n\n<h3 class=\"wp-block-heading\" id=\"h-step-4\">Krok 4:<\/h3>\n\n<p>Naci\u015bnij \u201eDodaj kod promocyjny\u201d i wpisz kod, np: <strong>JOIN25<\/strong> i naci\u015bnij \u201eZastosuj\u201d.<\/p>\n\n<figure class=\"wp-block-image\"><img decoding=\"async\" src=\"https:\/\/talkpal.ai\/wp-content\/uploads\/2024\/05\/Talkpal-Stripe-instructions-1024x593.png\" alt=\"\"\/><\/figure>\n\n<h3 class=\"wp-block-heading\" id=\"h-step-5\">Krok 5:<\/h3>\n\n<p>Wprowad\u017a dane swojej karty i zacznij korzysta\u0107 z konta Premium.<\/p>\n\n<p><\/p>\n","protected":false},"excerpt":{"rendered":"<p>Dodaj kod kuponu i uzyskaj zni\u017ck\u0119. Post\u0119puj zgodnie z instrukcjami Krok 1: Wybierz preferowany plan. Krok 2: Wybierz opcj\u0119 p\u0142atno\u015bci kart\u0105 i naci\u015bnij przycisk Start. Krok 3: Nast\u0105pi przekierowanie do strony p\u0142atno\u015bci Stripe. Krok 4: Naci\u015bnij \u201eDodaj kod promocyjny\u201d i wpisz kod, np: JOIN25 i naci\u015bnij \u201eZastosuj\u201d. Krok 5: Wprowad\u017a dane swojej karty i zacznij [&hellip;]<\/p>\n","protected":false},"author":6,"featured_media":197973,"parent":0,"menu_order":0,"comment_status":"closed","ping_status":"closed","template":"","meta":{"_acf_changed":false,"footnotes":""},"class_list":["post-994700","page","type-page","status-publish","has-post-thumbnail","hentry"],"acf":[],"yoast_head":"<!-- This site is optimized with the Yoast SEO Premium plugin v27.2 (Yoast SEO v27.2) - https:\/\/yoast.com\/product\/yoast-seo-premium-wordpress\/ -->\n<title>Instrukcje dotycz\u0105ce dodawania kodu kuponu w Stripe Checkout - Talkpal<\/title>\n<meta name=\"description\" content=\"Dowiedz si\u0119, jak \u0142atwo dodawa\u0107 kody kupon\u00f3w w Stripe Checkout. Post\u0119puj zgodnie z prostymi krokami, aby poprawi\u0107 jako\u015b\u0107 obs\u0142ugi klienta.\" \/>\n<meta name=\"robots\" content=\"index, follow, max-snippet:-1, max-image-preview:large, max-video-preview:-1\" \/>\n<link rel=\"canonical\" href=\"https:\/\/talkpal.ai\/pl\/instrukcje-dotyczace-dodawania-kodu-kuponu-w-stripe-checkout\/\" \/>\n<meta property=\"og:locale\" content=\"pl_PL\" \/>\n<meta property=\"og:type\" content=\"article\" \/>\n<meta property=\"og:title\" content=\"Instrukcje dotycz\u0105ce dodawania kodu kuponu w Stripe Checkout\" \/>\n<meta property=\"og:description\" content=\"Dodaj kod kuponu i uzyskaj zni\u017ck\u0119. Post\u0119puj zgodnie z instrukcjami Krok 1: Wybierz preferowany plan. Krok 2: Wybierz opcj\u0119 p\u0142atno\u015bci kart\u0105 i naci\u015bnij\" \/>\n<meta property=\"og:url\" content=\"https:\/\/talkpal.ai\/pl\/instrukcje-dotyczace-dodawania-kodu-kuponu-w-stripe-checkout\/\" \/>\n<meta property=\"og:site_name\" content=\"Talkpal\" \/>\n<meta property=\"article:publisher\" content=\"https:\/\/www.facebook.com\/profile.php?id=100090733639311\" \/>\n<meta property=\"article:modified_time\" content=\"2025-06-19T18:07:47+00:00\" \/>\n<meta property=\"og:image\" content=\"https:\/\/talkpal.ai\/wp-content\/uploads\/2024\/03\/Talkpal-Logo-Icon.png\" \/>\n\t<meta property=\"og:image:width\" content=\"5000\" \/>\n\t<meta property=\"og:image:height\" content=\"5000\" \/>\n\t<meta property=\"og:image:type\" content=\"image\/png\" \/>\n<meta name=\"twitter:card\" content=\"summary_large_image\" \/>\n<meta name=\"twitter:site\" content=\"@talkpalai\" \/>\n<script type=\"application\/ld+json\" class=\"yoast-schema-graph\">{\"@context\":\"https:\/\/schema.org\",\"@graph\":[{\"@type\":\"WebPage\",\"@id\":\"https:\/\/talkpal.ai\/pl\/instrukcje-dotyczace-dodawania-kodu-kuponu-w-stripe-checkout\/\",\"url\":\"https:\/\/talkpal.ai\/pl\/instrukcje-dotyczace-dodawania-kodu-kuponu-w-stripe-checkout\/\",\"name\":\"Instrukcje dotycz\u0105ce dodawania kodu kuponu w Stripe Checkout - Talkpal\",\"isPartOf\":{\"@id\":\"https:\/\/talkpal.ai\/pl\/#website\"},\"primaryImageOfPage\":{\"@id\":\"https:\/\/talkpal.ai\/pl\/instrukcje-dotyczace-dodawania-kodu-kuponu-w-stripe-checkout\/#primaryimage\"},\"image\":{\"@id\":\"https:\/\/talkpal.ai\/pl\/instrukcje-dotyczace-dodawania-kodu-kuponu-w-stripe-checkout\/#primaryimage\"},\"thumbnailUrl\":\"https:\/\/talkpal.ai\/wp-content\/uploads\/2024\/03\/Talkpal-Logo-Icon.png\",\"datePublished\":\"2023-12-20T15:42:12+00:00\",\"dateModified\":\"2025-06-19T18:07:47+00:00\",\"description\":\"Dowiedz si\u0119, jak \u0142atwo dodawa\u0107 kody kupon\u00f3w w Stripe Checkout. Post\u0119puj zgodnie z prostymi krokami, aby poprawi\u0107 jako\u015b\u0107 obs\u0142ugi klienta.\",\"breadcrumb\":{\"@id\":\"https:\/\/talkpal.ai\/pl\/instrukcje-dotyczace-dodawania-kodu-kuponu-w-stripe-checkout\/#breadcrumb\"},\"inLanguage\":\"pl-PL\",\"potentialAction\":[{\"@type\":\"ReadAction\",\"target\":[\"https:\/\/talkpal.ai\/pl\/instrukcje-dotyczace-dodawania-kodu-kuponu-w-stripe-checkout\/\"]}]},{\"@type\":\"ImageObject\",\"inLanguage\":\"pl-PL\",\"@id\":\"https:\/\/talkpal.ai\/pl\/instrukcje-dotyczace-dodawania-kodu-kuponu-w-stripe-checkout\/#primaryimage\",\"url\":\"https:\/\/talkpal.ai\/wp-content\/uploads\/2024\/03\/Talkpal-Logo-Icon.png\",\"contentUrl\":\"https:\/\/talkpal.ai\/wp-content\/uploads\/2024\/03\/Talkpal-Logo-Icon.png\",\"width\":5000,\"height\":5000,\"caption\":\"Logo talkpal\"},{\"@type\":\"BreadcrumbList\",\"@id\":\"https:\/\/talkpal.ai\/pl\/instrukcje-dotyczace-dodawania-kodu-kuponu-w-stripe-checkout\/#breadcrumb\",\"itemListElement\":[{\"@type\":\"ListItem\",\"position\":1,\"name\":\"Homepage\",\"item\":\"https:\/\/talkpal.ai\/pl\/\"},{\"@type\":\"ListItem\",\"position\":2,\"name\":\"Instrukcje dotycz\u0105ce dodawania kodu kuponu w Stripe Checkout\"}]},{\"@type\":\"WebSite\",\"@id\":\"https:\/\/talkpal.ai\/pl\/#website\",\"url\":\"https:\/\/talkpal.ai\/pl\/\",\"name\":\"Talkpal\",\"description\":\"AI Language Learning\",\"publisher\":{\"@id\":\"https:\/\/talkpal.ai\/pl\/#organization\"},\"alternateName\":\"Talkpal AI\",\"potentialAction\":[{\"@type\":\"SearchAction\",\"target\":{\"@type\":\"EntryPoint\",\"urlTemplate\":\"https:\/\/talkpal.ai\/pl\/?s={search_term_string}\"},\"query-input\":{\"@type\":\"PropertyValueSpecification\",\"valueRequired\":true,\"valueName\":\"search_term_string\"}}],\"inLanguage\":\"pl-PL\"},{\"@type\":\"Organization\",\"@id\":\"https:\/\/talkpal.ai\/pl\/#organization\",\"name\":\"Talkpal, Inc.\",\"alternateName\":\"Talkpal AI\",\"url\":\"https:\/\/talkpal.ai\/pl\/\",\"logo\":{\"@type\":\"ImageObject\",\"inLanguage\":\"pl-PL\",\"@id\":\"https:\/\/talkpal.ai\/pl\/#\/schema\/logo\/image\/\",\"url\":\"https:\/\/talkpal.ai\/wp-content\/uploads\/2024\/03\/Talkpal-Logo-Icon.png\",\"contentUrl\":\"https:\/\/talkpal.ai\/wp-content\/uploads\/2024\/03\/Talkpal-Logo-Icon.png\",\"width\":2880,\"height\":2880,\"caption\":\"Talkpal, Inc.\"},\"image\":{\"@id\":\"https:\/\/talkpal.ai\/pl\/#\/schema\/logo\/image\/\"},\"sameAs\":[\"https:\/\/www.facebook.com\/profile.php?id=100090733639311\",\"https:\/\/x.com\/talkpalai\",\"https:\/\/www.linkedin.com\/company\/talkpal\/\",\"https:\/\/www.youtube.com\/@TalkPal\/\",\"https:\/\/www.tiktok.com\/@talkpal\",\"https:\/\/www.instagram.com\/talkpal_ai\/\",\"https:\/\/www.crunchbase.com\/organization\/talkpal-9cde\",\"https:\/\/www.g2.com\/products\/talkpal-for-business\/\",\"https:\/\/www.trustpilot.com\/review\/talkpal.ai\",\"https:\/\/www.capterra.com\/p\/10006800\/TalkPal\/\"],\"description\":\"Talkpal is a language learning web and mobile education app, powered by the latest AI technologies, that provides engaging experiences to its customers in many different languages to help them improve their language skills. Users can chat about unlimited amount of topics with the app and use other modes to practice their language learning.\",\"email\":\"support@talkpal.ai\",\"legalName\":\"Talkpal, Inc.\",\"foundingDate\":\"2023-04-03\",\"duns\":\"118989042\",\"numberOfEmployees\":{\"@type\":\"QuantitativeValue\",\"minValue\":\"11\",\"maxValue\":\"50\"},\"publishingPrinciples\":\"https:\/\/talkpal.ai\/publishing-principles\/\",\"actionableFeedbackPolicy\":\"https:\/\/talkpal.ai\/actionable-feedback-policy\/\",\"correctionsPolicy\":\"https:\/\/talkpal.ai\/corrections-policy\/\",\"ethicsPolicy\":\"https:\/\/talkpal.ai\/ethics-policy\/\",\"diversityPolicy\":\"https:\/\/talkpal.ai\/diversity-policy\/\",\"diversityStaffingReport\":\"https:\/\/talkpal.ai\/diversity-policy\/\"}]}<\/script>\n<!-- \/ Yoast SEO Premium plugin. -->","yoast_head_json":{"title":"Instrukcje dotycz\u0105ce dodawania kodu kuponu w Stripe Checkout - Talkpal","description":"Dowiedz si\u0119, jak \u0142atwo dodawa\u0107 kody kupon\u00f3w w Stripe Checkout. Post\u0119puj zgodnie z prostymi krokami, aby poprawi\u0107 jako\u015b\u0107 obs\u0142ugi klienta.","robots":{"index":"index","follow":"follow","max-snippet":"max-snippet:-1","max-image-preview":"max-image-preview:large","max-video-preview":"max-video-preview:-1"},"canonical":"https:\/\/talkpal.ai\/pl\/instrukcje-dotyczace-dodawania-kodu-kuponu-w-stripe-checkout\/","og_locale":"pl_PL","og_type":"article","og_title":"Instrukcje dotycz\u0105ce dodawania kodu kuponu w Stripe Checkout","og_description":"Dodaj kod kuponu i uzyskaj zni\u017ck\u0119. Post\u0119puj zgodnie z instrukcjami Krok 1: Wybierz preferowany plan. Krok 2: Wybierz opcj\u0119 p\u0142atno\u015bci kart\u0105 i naci\u015bnij","og_url":"https:\/\/talkpal.ai\/pl\/instrukcje-dotyczace-dodawania-kodu-kuponu-w-stripe-checkout\/","og_site_name":"Talkpal","article_publisher":"https:\/\/www.facebook.com\/profile.php?id=100090733639311","article_modified_time":"2025-06-19T18:07:47+00:00","og_image":[{"width":5000,"height":5000,"url":"https:\/\/talkpal.ai\/wp-content\/uploads\/2024\/03\/Talkpal-Logo-Icon.png","type":"image\/png"}],"twitter_card":"summary_large_image","twitter_site":"@talkpalai","schema":{"@context":"https:\/\/schema.org","@graph":[{"@type":"WebPage","@id":"https:\/\/talkpal.ai\/pl\/instrukcje-dotyczace-dodawania-kodu-kuponu-w-stripe-checkout\/","url":"https:\/\/talkpal.ai\/pl\/instrukcje-dotyczace-dodawania-kodu-kuponu-w-stripe-checkout\/","name":"Instrukcje dotycz\u0105ce dodawania kodu kuponu w Stripe Checkout - Talkpal","isPartOf":{"@id":"https:\/\/talkpal.ai\/pl\/#website"},"primaryImageOfPage":{"@id":"https:\/\/talkpal.ai\/pl\/instrukcje-dotyczace-dodawania-kodu-kuponu-w-stripe-checkout\/#primaryimage"},"image":{"@id":"https:\/\/talkpal.ai\/pl\/instrukcje-dotyczace-dodawania-kodu-kuponu-w-stripe-checkout\/#primaryimage"},"thumbnailUrl":"https:\/\/talkpal.ai\/wp-content\/uploads\/2024\/03\/Talkpal-Logo-Icon.png","datePublished":"2023-12-20T15:42:12+00:00","dateModified":"2025-06-19T18:07:47+00:00","description":"Dowiedz si\u0119, jak \u0142atwo dodawa\u0107 kody kupon\u00f3w w Stripe Checkout. Post\u0119puj zgodnie z prostymi krokami, aby poprawi\u0107 jako\u015b\u0107 obs\u0142ugi klienta.","breadcrumb":{"@id":"https:\/\/talkpal.ai\/pl\/instrukcje-dotyczace-dodawania-kodu-kuponu-w-stripe-checkout\/#breadcrumb"},"inLanguage":"pl-PL","potentialAction":[{"@type":"ReadAction","target":["https:\/\/talkpal.ai\/pl\/instrukcje-dotyczace-dodawania-kodu-kuponu-w-stripe-checkout\/"]}]},{"@type":"ImageObject","inLanguage":"pl-PL","@id":"https:\/\/talkpal.ai\/pl\/instrukcje-dotyczace-dodawania-kodu-kuponu-w-stripe-checkout\/#primaryimage","url":"https:\/\/talkpal.ai\/wp-content\/uploads\/2024\/03\/Talkpal-Logo-Icon.png","contentUrl":"https:\/\/talkpal.ai\/wp-content\/uploads\/2024\/03\/Talkpal-Logo-Icon.png","width":5000,"height":5000,"caption":"Logo talkpal"},{"@type":"BreadcrumbList","@id":"https:\/\/talkpal.ai\/pl\/instrukcje-dotyczace-dodawania-kodu-kuponu-w-stripe-checkout\/#breadcrumb","itemListElement":[{"@type":"ListItem","position":1,"name":"Homepage","item":"https:\/\/talkpal.ai\/pl\/"},{"@type":"ListItem","position":2,"name":"Instrukcje dotycz\u0105ce dodawania kodu kuponu w Stripe Checkout"}]},{"@type":"WebSite","@id":"https:\/\/talkpal.ai\/pl\/#website","url":"https:\/\/talkpal.ai\/pl\/","name":"Talkpal","description":"AI Language Learning","publisher":{"@id":"https:\/\/talkpal.ai\/pl\/#organization"},"alternateName":"Talkpal AI","potentialAction":[{"@type":"SearchAction","target":{"@type":"EntryPoint","urlTemplate":"https:\/\/talkpal.ai\/pl\/?s={search_term_string}"},"query-input":{"@type":"PropertyValueSpecification","valueRequired":true,"valueName":"search_term_string"}}],"inLanguage":"pl-PL"},{"@type":"Organization","@id":"https:\/\/talkpal.ai\/pl\/#organization","name":"Talkpal, Inc.","alternateName":"Talkpal AI","url":"https:\/\/talkpal.ai\/pl\/","logo":{"@type":"ImageObject","inLanguage":"pl-PL","@id":"https:\/\/talkpal.ai\/pl\/#\/schema\/logo\/image\/","url":"https:\/\/talkpal.ai\/wp-content\/uploads\/2024\/03\/Talkpal-Logo-Icon.png","contentUrl":"https:\/\/talkpal.ai\/wp-content\/uploads\/2024\/03\/Talkpal-Logo-Icon.png","width":2880,"height":2880,"caption":"Talkpal, Inc."},"image":{"@id":"https:\/\/talkpal.ai\/pl\/#\/schema\/logo\/image\/"},"sameAs":["https:\/\/www.facebook.com\/profile.php?id=100090733639311","https:\/\/x.com\/talkpalai","https:\/\/www.linkedin.com\/company\/talkpal\/","https:\/\/www.youtube.com\/@TalkPal\/","https:\/\/www.tiktok.com\/@talkpal","https:\/\/www.instagram.com\/talkpal_ai\/","https:\/\/www.crunchbase.com\/organization\/talkpal-9cde","https:\/\/www.g2.com\/products\/talkpal-for-business\/","https:\/\/www.trustpilot.com\/review\/talkpal.ai","https:\/\/www.capterra.com\/p\/10006800\/TalkPal\/"],"description":"Talkpal is a language learning web and mobile education app, powered by the latest AI technologies, that provides engaging experiences to its customers in many different languages to help them improve their language skills. Users can chat about unlimited amount of topics with the app and use other modes to practice their language learning.","email":"support@talkpal.ai","legalName":"Talkpal, Inc.","foundingDate":"2023-04-03","duns":"118989042","numberOfEmployees":{"@type":"QuantitativeValue","minValue":"11","maxValue":"50"},"publishingPrinciples":"https:\/\/talkpal.ai\/publishing-principles\/","actionableFeedbackPolicy":"https:\/\/talkpal.ai\/actionable-feedback-policy\/","correctionsPolicy":"https:\/\/talkpal.ai\/corrections-policy\/","ethicsPolicy":"https:\/\/talkpal.ai\/ethics-policy\/","diversityPolicy":"https:\/\/talkpal.ai\/diversity-policy\/","diversityStaffingReport":"https:\/\/talkpal.ai\/diversity-policy\/"}]}},"_links":{"self":[{"href":"https:\/\/talkpal.ai\/pl\/wp-json\/wp\/v2\/pages\/994700","targetHints":{"allow":["GET"]}}],"collection":[{"href":"https:\/\/talkpal.ai\/pl\/wp-json\/wp\/v2\/pages"}],"about":[{"href":"https:\/\/talkpal.ai\/pl\/wp-json\/wp\/v2\/types\/page"}],"author":[{"embeddable":true,"href":"https:\/\/talkpal.ai\/pl\/wp-json\/wp\/v2\/users\/6"}],"replies":[{"embeddable":true,"href":"https:\/\/talkpal.ai\/pl\/wp-json\/wp\/v2\/comments?post=994700"}],"version-history":[{"count":0,"href":"https:\/\/talkpal.ai\/pl\/wp-json\/wp\/v2\/pages\/994700\/revisions"}],"wp:featuredmedia":[{"embeddable":true,"href":"https:\/\/talkpal.ai\/pl\/wp-json\/wp\/v2\/media\/197973"}],"wp:attachment":[{"href":"https:\/\/talkpal.ai\/pl\/wp-json\/wp\/v2\/media?parent=994700"}],"curies":[{"name":"wp","href":"https:\/\/api.w.org\/{rel}","templated":true}]}}