{"id":93146,"date":"2023-12-05T11:40:43","date_gmt":"2023-12-05T11:40:43","guid":{"rendered":"http:\/\/talkpal.ai\/certyfikaty-z-jezyka-niemieckiego\/"},"modified":"2026-01-07T15:05:35","modified_gmt":"2026-01-07T15:05:35","slug":"certyfikaty-z-jezyka-niemieckiego","status":"publish","type":"page","link":"https:\/\/talkpal.ai\/pl\/certyfikaty-z-jezyka-niemieckiego\/","title":{"rendered":"Certyfikaty z j\u0119zyka niemieckiego"},"content":{"rendered":"\r\n\r\n\r\n<section class=\"languageChallengeSection\">\r\n    <div class=\"languageInfoWrapper\">\r\n        \r\n        <h1>Certyfikaty z j\u0119zyka niemieckiego<\/h1>\r\n        <p>Talkpal to aplikacja do nauki j\u0119zyk\u00f3w generowana przez sztuczn\u0105 inteligencj\u0119, kt\u00f3ra mo\u017ce pom\u00f3c u\u017cytkownikom przygotowa\u0107 si\u0119 do egzamin\u00f3w z j\u0119zyka angielskiego. Koncentruj\u0105c si\u0119 przede wszystkim na poprawie umiej\u0119tno\u015bci m\u00f3wienia i s\u0142uchania, Talkpal zapewnia realistyczne interaktywne rozmowy i \u0107wiczenie wymowy. Jego sztuczna inteligencja pozwala na spersonalizowane informacje zwrotne, pomagaj\u0105c u\u017cytkownikom zrozumie\u0107 ich post\u0119py i obszary do poprawy. Znajomo\u015b\u0107 j\u0119zyka niemieckiego jest cz\u0119sto oceniana za pomoc\u0105 kilku egzamin\u00f3w, takich jak TestDaF, Goethe-Zertifikat, DSH, \u00d6SD i telc. Egzaminy te zapewniaj\u0105 ocen\u0119 umiej\u0119tno\u015bci obcokrajowca w j\u0119zyku niemieckim i s\u0105 powszechnie uznawane za formalne certyfikaty bieg\u0142o\u015bci. Ka\u017cdy test ma specyficzne cechy, kt\u00f3re odr\u00f3\u017cniaj\u0105 go od innych pod wzgl\u0119dem poziomu bieg\u0142o\u015bci j\u0119zykowej, korzystania z aplikacji i systemu punktacji.<\/p>\r\n\r\n                \r\n    <\/div>\r\n\r\n    <figure>\r\n    <img decoding=\"async\" width=\"768\" height=\"768\" src=\"https:\/\/talkpal.ai\/wp-content\/uploads\/2026\/01\/group-with-phone-in-circle-768x768.webp\" class=\"languageImage no-lazy\" alt=\"Default alt text\" fetchpriority=\"high\" sizes=\"(max-width: 768px) 150px, 768px\" srcset=\"https:\/\/talkpal.ai\/wp-content\/uploads\/2026\/01\/group-with-phone-in-circle-768x768.webp 768w, https:\/\/talkpal.ai\/wp-content\/uploads\/2026\/01\/group-with-phone-in-circle-300x300.webp 300w\" \/>\r\n    \r\n\r\n    <\/figure>\r\n\r\n    \r\n<\/section>\n<div class=\"wp-block-group pageContainerStyle\"><div class=\"wp-block-group__inner-container is-layout-constrained wp-block-group-is-layout-constrained\">\n<h2 class=\"wp-block-heading\" id=\"h-german-language-certificates\">Certyfikaty z j\u0119zyka niemieckiego<\/h2>\n\n\n\r\n                    <div class=\"methodWraper\">\r\n            <div class=\"methodContent\">\r\n                <img decoding=\"async\" src=\"https:\/\/talkpal.ai\/wp-content\/uploads\/2025\/05\/check_icon.png\" alt=\"Checkmark Icon\">\r\n                <h3>TestDaF:<\/h3>\r\n            <\/div>\r\n            <p>TestDaF (Test Deutsch als Fremdsprache): Jest to standaryzowany test przeznaczony dla obcokrajowc\u00f3w ucz\u0105cych si\u0119 j\u0119zyka niemieckiego, kt\u00f3rzy planuj\u0105 studiowa\u0107 lub prowadzi\u0107 badania w Niemczech. Egzamin sprawdza bieg\u0142o\u015b\u0107 kandydata we wszystkich czterech aspektach nauki j\u0119zyka &#8211; czytaniu, pisaniu, s\u0142uchaniu i m\u00f3wieniu.<\/p>\r\n        <\/div>\r\n                    <div class=\"methodWraper\">\r\n            <div class=\"methodContent\">\r\n                <img decoding=\"async\" src=\"https:\/\/talkpal.ai\/wp-content\/uploads\/2025\/05\/check_icon.png\" alt=\"Checkmark Icon\">\r\n                <h3>Goethe-Zertifikat:<\/h3>\r\n            <\/div>\r\n            <p>Goethe-Zertifikat jest uznawany na ca\u0142ym \u015bwiecie, test Goethe-Zertifikat ma kilka r\u00f3\u017cnych poziom\u00f3w, aby dopasowa\u0107 si\u0119 do poziomu zaawansowania r\u00f3\u017cnych uczni\u00f3w. Jest dalej podzielony na sze\u015b\u0107 modu\u0142\u00f3w: A1 (pocz\u0105tkuj\u0105cy), A2, B1, B2, C1 i C2 (zaawansowany).<\/p>\r\n        <\/div>\r\n                    <div class=\"methodWraper\">\r\n            <div class=\"methodContent\">\r\n                <img decoding=\"async\" src=\"https:\/\/talkpal.ai\/wp-content\/uploads\/2025\/05\/check_icon.png\" alt=\"Checkmark Icon\">\r\n                <h3>DSH:<\/h3>\r\n            <\/div>\r\n            <p>DSH (Deutsche Sprachpr\u00fcfung f\u00fcr den Hochschulzugang): Egzamin ten jest przeznaczony dla os\u00f3b, kt\u00f3re chc\u0105 studiowa\u0107 na niemieckim uniwersytecie i musz\u0105 wykaza\u0107 si\u0119 znajomo\u015bci\u0105 j\u0119zyka. DSH jest zazwyczaj oferowany przez uniwersytety, a pr\u00f3g zaliczenia jest zwykle do\u015b\u0107 wysoki.<\/p>\r\n        <\/div>\r\n                    <div class=\"methodWraper\">\r\n            <div class=\"methodContent\">\r\n                <img decoding=\"async\" src=\"https:\/\/talkpal.ai\/wp-content\/uploads\/2025\/05\/check_icon.png\" alt=\"Checkmark Icon\">\r\n                <h3>\u00d6SD:<\/h3>\r\n            <\/div>\r\n            <p>\u00d6SD (\u00d6sterreichisches Sprachdiplom Deutsch): Certyfikat \u00d6SD stanowi uznawany na ca\u0142ym \u015bwiecie dow\u00f3d znajomo\u015bci j\u0119zyka niemieckiego. Dzi\u0119ki r\u00f3\u017cnym egzaminom dostosowanym do r\u00f3\u017cnych poziom\u00f3w zaawansowania, jest to popularny wyb\u00f3r w\u015br\u00f3d os\u00f3b ucz\u0105cych si\u0119 d\u0105\u017c\u0105cych do szerokiego zrozumienia j\u0119zyka niemieckiego.<\/p>\r\n        <\/div>\r\n                    <div class=\"methodWraper\">\r\n            <div class=\"methodContent\">\r\n                <img decoding=\"async\" src=\"https:\/\/talkpal.ai\/wp-content\/uploads\/2025\/05\/check_icon.png\" alt=\"Checkmark Icon\">\r\n                <h3>telc:<\/h3>\r\n            <\/div>\r\n            <p>telc (Europejskie Certyfikaty J\u0119zykowe): Jest to kolejny mi\u0119dzynarodowy ustandaryzowany system badania bieg\u0142o\u015bci j\u0119zykowej. telc oferuje certyfikaty na wszystkich poziomach, od A1 do C2. Koncentruje si\u0119 na \u017cyciu codziennym i scenariuszach w miejscu pracy, dzi\u0119ki czemu certyfikat jest szczeg\u00f3lnie przydatny dla os\u00f3b poszukuj\u0105cych pracy w krajach niemieckoj\u0119zycznych.<\/p>\r\n        <\/div>\r\n    <\/div><\/div>\n","protected":false},"excerpt":{"rendered":"<p>Certyfikaty z j\u0119zyka niemieckiego<\/p>\n","protected":false},"author":8,"featured_media":75568,"parent":0,"menu_order":0,"comment_status":"closed","ping_status":"closed","template":"simpleContentPage.php","meta":{"_acf_changed":false,"footnotes":""},"class_list":["post-93146","page","type-page","status-publish","has-post-thumbnail","hentry"],"acf":[],"yoast_head":"<!-- This site is optimized with the Yoast SEO Premium plugin v27.2 (Yoast SEO v27.2) - https:\/\/yoast.com\/product\/yoast-seo-premium-wordpress\/ -->\n<title>Certyfikaty z j\u0119zyka niemieckiego - Talkpal<\/title>\n<meta name=\"description\" content=\"Zdob\u0105d\u017a uznane certyfikaty j\u0119zyka niemieckiego - zweryfikuj swoje umiej\u0119tno\u015bci i przyspiesz swoj\u0105 karier\u0119!\" \/>\n<meta name=\"robots\" content=\"index, follow, max-snippet:-1, max-image-preview:large, max-video-preview:-1\" \/>\n<link rel=\"canonical\" href=\"https:\/\/talkpal.ai\/pl\/certyfikaty-z-jezyka-niemieckiego\/\" \/>\n<meta property=\"og:locale\" content=\"pl_PL\" \/>\n<meta property=\"og:type\" content=\"article\" \/>\n<meta property=\"og:title\" content=\"Certyfikaty z j\u0119zyka niemieckiego\" \/>\n<meta property=\"og:description\" content=\"Certyfikaty z j\u0119zyka niemieckiego\" \/>\n<meta property=\"og:url\" content=\"https:\/\/talkpal.ai\/pl\/certyfikaty-z-jezyka-niemieckiego\/\" \/>\n<meta property=\"og:site_name\" content=\"Talkpal\" \/>\n<meta property=\"article:publisher\" content=\"https:\/\/www.facebook.com\/profile.php?id=100090733639311\" \/>\n<meta property=\"article:modified_time\" content=\"2026-01-07T15:05:35+00:00\" \/>\n<meta property=\"og:image\" content=\"https:\/\/talkpal.ai\/wp-content\/uploads\/2023\/03\/germany.png\" \/>\n\t<meta property=\"og:image:width\" content=\"512\" \/>\n\t<meta property=\"og:image:height\" content=\"512\" \/>\n\t<meta property=\"og:image:type\" content=\"image\/png\" \/>\n<meta name=\"twitter:card\" content=\"summary_large_image\" \/>\n<meta name=\"twitter:site\" content=\"@talkpalai\" \/>\n<script type=\"application\/ld+json\" class=\"yoast-schema-graph\">{\"@context\":\"https:\/\/schema.org\",\"@graph\":[{\"@type\":\"WebPage\",\"@id\":\"https:\/\/talkpal.ai\/pl\/certyfikaty-z-jezyka-niemieckiego\/\",\"url\":\"https:\/\/talkpal.ai\/pl\/certyfikaty-z-jezyka-niemieckiego\/\",\"name\":\"Certyfikaty z j\u0119zyka niemieckiego - Talkpal\",\"isPartOf\":{\"@id\":\"https:\/\/talkpal.ai\/pl\/#website\"},\"primaryImageOfPage\":{\"@id\":\"https:\/\/talkpal.ai\/pl\/certyfikaty-z-jezyka-niemieckiego\/#primaryimage\"},\"image\":{\"@id\":\"https:\/\/talkpal.ai\/pl\/certyfikaty-z-jezyka-niemieckiego\/#primaryimage\"},\"thumbnailUrl\":\"https:\/\/talkpal.ai\/wp-content\/uploads\/2023\/03\/germany.png\",\"datePublished\":\"2023-12-05T11:40:43+00:00\",\"dateModified\":\"2026-01-07T15:05:35+00:00\",\"description\":\"Zdob\u0105d\u017a uznane certyfikaty j\u0119zyka niemieckiego - zweryfikuj swoje umiej\u0119tno\u015bci i przyspiesz swoj\u0105 karier\u0119!\",\"breadcrumb\":{\"@id\":\"https:\/\/talkpal.ai\/pl\/certyfikaty-z-jezyka-niemieckiego\/#breadcrumb\"},\"inLanguage\":\"pl-PL\",\"potentialAction\":[{\"@type\":\"ReadAction\",\"target\":[\"https:\/\/talkpal.ai\/pl\/certyfikaty-z-jezyka-niemieckiego\/\"]}]},{\"@type\":\"ImageObject\",\"inLanguage\":\"pl-PL\",\"@id\":\"https:\/\/talkpal.ai\/pl\/certyfikaty-z-jezyka-niemieckiego\/#primaryimage\",\"url\":\"https:\/\/talkpal.ai\/wp-content\/uploads\/2023\/03\/germany.png\",\"contentUrl\":\"https:\/\/talkpal.ai\/wp-content\/uploads\/2023\/03\/germany.png\",\"width\":512,\"height\":512,\"caption\":\"TalkPal AI learn German\"},{\"@type\":\"BreadcrumbList\",\"@id\":\"https:\/\/talkpal.ai\/pl\/certyfikaty-z-jezyka-niemieckiego\/#breadcrumb\",\"itemListElement\":[{\"@type\":\"ListItem\",\"position\":1,\"name\":\"Homepage\",\"item\":\"https:\/\/talkpal.ai\/pl\/\"},{\"@type\":\"ListItem\",\"position\":2,\"name\":\"Certyfikaty z j\u0119zyka niemieckiego\"}]},{\"@type\":\"WebSite\",\"@id\":\"https:\/\/talkpal.ai\/pl\/#website\",\"url\":\"https:\/\/talkpal.ai\/pl\/\",\"name\":\"Talkpal\",\"description\":\"AI Language Learning\",\"publisher\":{\"@id\":\"https:\/\/talkpal.ai\/pl\/#organization\"},\"alternateName\":\"Talkpal AI\",\"potentialAction\":[{\"@type\":\"SearchAction\",\"target\":{\"@type\":\"EntryPoint\",\"urlTemplate\":\"https:\/\/talkpal.ai\/pl\/?s={search_term_string}\"},\"query-input\":{\"@type\":\"PropertyValueSpecification\",\"valueRequired\":true,\"valueName\":\"search_term_string\"}}],\"inLanguage\":\"pl-PL\"},{\"@type\":\"Organization\",\"@id\":\"https:\/\/talkpal.ai\/pl\/#organization\",\"name\":\"Talkpal, Inc.\",\"alternateName\":\"Talkpal AI\",\"url\":\"https:\/\/talkpal.ai\/pl\/\",\"logo\":{\"@type\":\"ImageObject\",\"inLanguage\":\"pl-PL\",\"@id\":\"https:\/\/talkpal.ai\/pl\/#\/schema\/logo\/image\/\",\"url\":\"https:\/\/talkpal.ai\/wp-content\/uploads\/2024\/03\/Talkpal-Logo-Icon.png\",\"contentUrl\":\"https:\/\/talkpal.ai\/wp-content\/uploads\/2024\/03\/Talkpal-Logo-Icon.png\",\"width\":2880,\"height\":2880,\"caption\":\"Talkpal, Inc.\"},\"image\":{\"@id\":\"https:\/\/talkpal.ai\/pl\/#\/schema\/logo\/image\/\"},\"sameAs\":[\"https:\/\/www.facebook.com\/profile.php?id=100090733639311\",\"https:\/\/x.com\/talkpalai\",\"https:\/\/www.linkedin.com\/company\/talkpal\/\",\"https:\/\/www.youtube.com\/@TalkPal\/\",\"https:\/\/www.tiktok.com\/@talkpal\",\"https:\/\/www.instagram.com\/talkpal_ai\/\",\"https:\/\/www.crunchbase.com\/organization\/talkpal-9cde\",\"https:\/\/www.g2.com\/products\/talkpal-for-business\/\",\"https:\/\/www.trustpilot.com\/review\/talkpal.ai\",\"https:\/\/www.capterra.com\/p\/10006800\/TalkPal\/\"],\"description\":\"Talkpal is a language learning web and mobile education app, powered by the latest AI technologies, that provides engaging experiences to its customers in many different languages to help them improve their language skills. Users can chat about unlimited amount of topics with the app and use other modes to practice their language learning.\",\"email\":\"support@talkpal.ai\",\"legalName\":\"Talkpal, Inc.\",\"foundingDate\":\"2023-04-03\",\"duns\":\"118989042\",\"numberOfEmployees\":{\"@type\":\"QuantitativeValue\",\"minValue\":\"11\",\"maxValue\":\"50\"},\"publishingPrinciples\":\"https:\/\/talkpal.ai\/publishing-principles\/\",\"actionableFeedbackPolicy\":\"https:\/\/talkpal.ai\/actionable-feedback-policy\/\",\"correctionsPolicy\":\"https:\/\/talkpal.ai\/corrections-policy\/\",\"ethicsPolicy\":\"https:\/\/talkpal.ai\/ethics-policy\/\",\"diversityPolicy\":\"https:\/\/talkpal.ai\/diversity-policy\/\",\"diversityStaffingReport\":\"https:\/\/talkpal.ai\/diversity-policy\/\"}]}<\/script>\n<!-- \/ Yoast SEO Premium plugin. -->","yoast_head_json":{"title":"Certyfikaty z j\u0119zyka niemieckiego - Talkpal","description":"Zdob\u0105d\u017a uznane certyfikaty j\u0119zyka niemieckiego - zweryfikuj swoje umiej\u0119tno\u015bci i przyspiesz swoj\u0105 karier\u0119!","robots":{"index":"index","follow":"follow","max-snippet":"max-snippet:-1","max-image-preview":"max-image-preview:large","max-video-preview":"max-video-preview:-1"},"canonical":"https:\/\/talkpal.ai\/pl\/certyfikaty-z-jezyka-niemieckiego\/","og_locale":"pl_PL","og_type":"article","og_title":"Certyfikaty z j\u0119zyka niemieckiego","og_description":"Certyfikaty z j\u0119zyka niemieckiego","og_url":"https:\/\/talkpal.ai\/pl\/certyfikaty-z-jezyka-niemieckiego\/","og_site_name":"Talkpal","article_publisher":"https:\/\/www.facebook.com\/profile.php?id=100090733639311","article_modified_time":"2026-01-07T15:05:35+00:00","og_image":[{"width":512,"height":512,"url":"https:\/\/talkpal.ai\/wp-content\/uploads\/2023\/03\/germany.png","type":"image\/png"}],"twitter_card":"summary_large_image","twitter_site":"@talkpalai","schema":{"@context":"https:\/\/schema.org","@graph":[{"@type":"WebPage","@id":"https:\/\/talkpal.ai\/pl\/certyfikaty-z-jezyka-niemieckiego\/","url":"https:\/\/talkpal.ai\/pl\/certyfikaty-z-jezyka-niemieckiego\/","name":"Certyfikaty z j\u0119zyka niemieckiego - Talkpal","isPartOf":{"@id":"https:\/\/talkpal.ai\/pl\/#website"},"primaryImageOfPage":{"@id":"https:\/\/talkpal.ai\/pl\/certyfikaty-z-jezyka-niemieckiego\/#primaryimage"},"image":{"@id":"https:\/\/talkpal.ai\/pl\/certyfikaty-z-jezyka-niemieckiego\/#primaryimage"},"thumbnailUrl":"https:\/\/talkpal.ai\/wp-content\/uploads\/2023\/03\/germany.png","datePublished":"2023-12-05T11:40:43+00:00","dateModified":"2026-01-07T15:05:35+00:00","description":"Zdob\u0105d\u017a uznane certyfikaty j\u0119zyka niemieckiego - zweryfikuj swoje umiej\u0119tno\u015bci i przyspiesz swoj\u0105 karier\u0119!","breadcrumb":{"@id":"https:\/\/talkpal.ai\/pl\/certyfikaty-z-jezyka-niemieckiego\/#breadcrumb"},"inLanguage":"pl-PL","potentialAction":[{"@type":"ReadAction","target":["https:\/\/talkpal.ai\/pl\/certyfikaty-z-jezyka-niemieckiego\/"]}]},{"@type":"ImageObject","inLanguage":"pl-PL","@id":"https:\/\/talkpal.ai\/pl\/certyfikaty-z-jezyka-niemieckiego\/#primaryimage","url":"https:\/\/talkpal.ai\/wp-content\/uploads\/2023\/03\/germany.png","contentUrl":"https:\/\/talkpal.ai\/wp-content\/uploads\/2023\/03\/germany.png","width":512,"height":512,"caption":"TalkPal AI learn German"},{"@type":"BreadcrumbList","@id":"https:\/\/talkpal.ai\/pl\/certyfikaty-z-jezyka-niemieckiego\/#breadcrumb","itemListElement":[{"@type":"ListItem","position":1,"name":"Homepage","item":"https:\/\/talkpal.ai\/pl\/"},{"@type":"ListItem","position":2,"name":"Certyfikaty z j\u0119zyka niemieckiego"}]},{"@type":"WebSite","@id":"https:\/\/talkpal.ai\/pl\/#website","url":"https:\/\/talkpal.ai\/pl\/","name":"Talkpal","description":"AI Language Learning","publisher":{"@id":"https:\/\/talkpal.ai\/pl\/#organization"},"alternateName":"Talkpal AI","potentialAction":[{"@type":"SearchAction","target":{"@type":"EntryPoint","urlTemplate":"https:\/\/talkpal.ai\/pl\/?s={search_term_string}"},"query-input":{"@type":"PropertyValueSpecification","valueRequired":true,"valueName":"search_term_string"}}],"inLanguage":"pl-PL"},{"@type":"Organization","@id":"https:\/\/talkpal.ai\/pl\/#organization","name":"Talkpal, Inc.","alternateName":"Talkpal AI","url":"https:\/\/talkpal.ai\/pl\/","logo":{"@type":"ImageObject","inLanguage":"pl-PL","@id":"https:\/\/talkpal.ai\/pl\/#\/schema\/logo\/image\/","url":"https:\/\/talkpal.ai\/wp-content\/uploads\/2024\/03\/Talkpal-Logo-Icon.png","contentUrl":"https:\/\/talkpal.ai\/wp-content\/uploads\/2024\/03\/Talkpal-Logo-Icon.png","width":2880,"height":2880,"caption":"Talkpal, Inc."},"image":{"@id":"https:\/\/talkpal.ai\/pl\/#\/schema\/logo\/image\/"},"sameAs":["https:\/\/www.facebook.com\/profile.php?id=100090733639311","https:\/\/x.com\/talkpalai","https:\/\/www.linkedin.com\/company\/talkpal\/","https:\/\/www.youtube.com\/@TalkPal\/","https:\/\/www.tiktok.com\/@talkpal","https:\/\/www.instagram.com\/talkpal_ai\/","https:\/\/www.crunchbase.com\/organization\/talkpal-9cde","https:\/\/www.g2.com\/products\/talkpal-for-business\/","https:\/\/www.trustpilot.com\/review\/talkpal.ai","https:\/\/www.capterra.com\/p\/10006800\/TalkPal\/"],"description":"Talkpal is a language learning web and mobile education app, powered by the latest AI technologies, that provides engaging experiences to its customers in many different languages to help them improve their language skills. Users can chat about unlimited amount of topics with the app and use other modes to practice their language learning.","email":"support@talkpal.ai","legalName":"Talkpal, Inc.","foundingDate":"2023-04-03","duns":"118989042","numberOfEmployees":{"@type":"QuantitativeValue","minValue":"11","maxValue":"50"},"publishingPrinciples":"https:\/\/talkpal.ai\/publishing-principles\/","actionableFeedbackPolicy":"https:\/\/talkpal.ai\/actionable-feedback-policy\/","correctionsPolicy":"https:\/\/talkpal.ai\/corrections-policy\/","ethicsPolicy":"https:\/\/talkpal.ai\/ethics-policy\/","diversityPolicy":"https:\/\/talkpal.ai\/diversity-policy\/","diversityStaffingReport":"https:\/\/talkpal.ai\/diversity-policy\/"}]}},"_links":{"self":[{"href":"https:\/\/talkpal.ai\/pl\/wp-json\/wp\/v2\/pages\/93146","targetHints":{"allow":["GET"]}}],"collection":[{"href":"https:\/\/talkpal.ai\/pl\/wp-json\/wp\/v2\/pages"}],"about":[{"href":"https:\/\/talkpal.ai\/pl\/wp-json\/wp\/v2\/types\/page"}],"author":[{"embeddable":true,"href":"https:\/\/talkpal.ai\/pl\/wp-json\/wp\/v2\/users\/8"}],"replies":[{"embeddable":true,"href":"https:\/\/talkpal.ai\/pl\/wp-json\/wp\/v2\/comments?post=93146"}],"version-history":[{"count":0,"href":"https:\/\/talkpal.ai\/pl\/wp-json\/wp\/v2\/pages\/93146\/revisions"}],"wp:featuredmedia":[{"embeddable":true,"href":"https:\/\/talkpal.ai\/pl\/wp-json\/wp\/v2\/media\/75568"}],"wp:attachment":[{"href":"https:\/\/talkpal.ai\/pl\/wp-json\/wp\/v2\/media?parent=93146"}],"curies":[{"name":"wp","href":"https:\/\/api.w.org\/{rel}","templated":true}]}}