{"id":75152,"date":"2023-05-14T14:18:46","date_gmt":"2023-05-14T14:18:46","guid":{"rendered":"http:\/\/talkpal.ai\/gramatyka-jezyka-polskiego\/"},"modified":"2025-12-17T17:15:16","modified_gmt":"2025-12-17T17:15:16","slug":"gramatyka-jezyka-polskiego","status":"publish","type":"page","link":"https:\/\/talkpal.ai\/pl\/gramatyka-jezyka-polskiego\/","title":{"rendered":"Gramatyka j\u0119zyka polskiego"},"content":{"rendered":"\r\n\r\n\r\n<section class=\"languageChallengeSection\">\r\n    <div class=\"languageInfoWrapper\">\r\n        \r\n        <h1>Gramatyka j\u0119zyka polskiego<\/h1>\r\n        <p>Zanurz si\u0119 w fascynuj\u0105cy \u015bwiat polskiej gramatyki i odkryj podstawy jednego z najcz\u0119\u015bciej u\u017cywanych j\u0119zyk\u00f3w Europy \u015arodkowej. Opanowuj\u0105c podstawowe zasady, b\u0119dziesz komunikowa\u0107 si\u0119 bardziej efektywnie i zyskasz g\u0142\u0119bsze zrozumienie polskiej kultury. Zacznij uczy\u0107 si\u0119 polskiej gramatyki ju\u017c dzi\u015b i zr\u00f3b pierwszy krok w kierunku p\u0142ynnego m\u00f3wienia!<\/p>\r\n\r\n                            <a class=\"getStartedHidden\" href=\"https:\/\/app.talkpal.ai\/pl\/signup?lng=\">Zaczynaj<\/a>\r\n        \r\n    <\/div>\r\n\r\n    <figure>\r\n    <img decoding=\"async\" width=\"768\" height=\"768\" src=\"https:\/\/talkpal.ai\/wp-content\/uploads\/2023\/06\/polish-768x768.png\" class=\"languageImage no-lazy\" alt=\"Practical tips on language learning techniques\" fetchpriority=\"high\" sizes=\"(max-width: 768px) 150px, 768px\" srcset=\"https:\/\/talkpal.ai\/wp-content\/uploads\/2023\/06\/polish-768x768.png 768w, https:\/\/talkpal.ai\/wp-content\/uploads\/2023\/06\/polish-300x300.png 300w\" \/>\r\n    \r\n\r\n    <\/figure>\r\n\r\n            <a class=\"getStartedVisible\" href=\"https:\/\/app.talkpal.ai\/pl\/signup?lng=\">Zaczynaj<\/a>\r\n    \r\n<\/section>\r\n<section class=\"promotionalBanner\">\r\n    <p class=\"promotionalText\">Najbardziej efektywny spos\u00f3b nauki j\u0119zyka<\/p>\r\n    <a class=\"promotionalLink\" href=\"https:\/\/app.talkpal.ai\/pl\/signup?lng=\">Wypr\u00f3buj Talkpal za darmo<\/a>\r\n<\/section>\n<div class=\"wp-block-group pageContainerStyle\"><div class=\"wp-block-group__inner-container is-layout-constrained wp-block-group-is-layout-constrained\">\n<h2 class=\"wp-block-heading\" id=\"h-breaking-down-the-puzzle-of-polish-grammar\">Rozbicie zagadki gramatyki polskiej<\/h2>\n\n\n\n<p>J\u0119zyk <a href=\"https:\/\/talkpal.ai\/learn-polish\/\">polski<\/a>, j\u0119zyk s\u0142owia\u0144ski, jest zar\u00f3wno wyzwaniem, jak i satysfakcj\u0105 dla os\u00f3b ucz\u0105cych si\u0119 j\u0119zyka, kt\u00f3re szukaj\u0105 wyj\u0105tkowej przygody j\u0119zykowej. Zag\u0142\u0119biaj\u0105c si\u0119 w j\u0119zyk polski, odkryjesz fascynuj\u0105c\u0105 histori\u0119 i kultur\u0119, kt\u00f3ra uzupe\u0142nia bogactwo samego j\u0119zyka. Chocia\u017c polska <a href=\"https:\/\/talkpal.ai\/grammar\/\">gramatyka<\/a> mo\u017ce wydawa\u0107 si\u0119 skomplikowana, dekonstrukcja jej na \u0142atwe do opanowania elementy sprawia, \u017ce proces uczenia si\u0119 jest bardziej przyst\u0119pny. Ten artyku\u0142 ma na celu wprowadzenie Ci\u0119 w fascynuj\u0105cy \u015bwiat gramatyki polskiej i wskaz\u00f3wki, jak radzi\u0107 sobie z jego z\u0142o\u017cono\u015bci\u0105.<\/p>\n\n\n\n<h3 class=\"wp-block-heading\" id=\"h-1-noun-gender-and-cases\">1. Rodzaj rzeczownika i przypadki<\/h3>\n\n\n\n<p>Polskie rzeczowniki maj\u0105 rodzaj gramatyczny &#8211; m\u0119ski, \u017ce\u0144ski i nijaki &#8211; kt\u00f3ry wp\u0142ywa na formy przymiotnik\u00f3w, zaimk\u00f3w i czasownik\u00f3w, kt\u00f3re im towarzysz\u0105. Ponadto w j\u0119zyku polskim wyst\u0119puje siedem przypadk\u00f3w gramatycznych: mianownik, dope\u0142niacz, celownik, zbieranik, narz\u0119dnik, miejscownik i wo\u0142acz. Zapoznanie si\u0119 z systemem p\u0142ci i przypadk\u00f3w jest kluczowe dla zrozumienia i konstruowania trafnych polskich zda\u0144.<\/p>\n\n\n\n<h3 class=\"wp-block-heading\" id=\"h-2-verb-conjugation-person-tense-and-aspect\">2. Koniugacja czasownik\u00f3w: osoba, czas i aspekt<\/h3>\n\n\n\n<p>Czasowniki polskie musz\u0105 by\u0107 odmieniane zgodnie z czasem, aspektem i osob\u0105 (pierwsza, druga lub trzecia). Istniej\u0105 trzy g\u0142\u00f3wne czasy: tera\u017aniejszy, przesz\u0142y i przysz\u0142y. Dodatkowo czasowniki polskie maj\u0105 dwa aspekty: dokonany (dla czynno\u015bci zako\u0144czonych) i niedokonany (dla czynno\u015bci trwaj\u0105cych lub zwykle wykonywanych). Opanowanie tych zasad koniugacji znacznie poprawi Twoje umiej\u0119tno\u015bci komunikacji werbalnej w j\u0119zyku polskim.<\/p>\n\n\n\n<h3 class=\"wp-block-heading\" id=\"h-3-adjectives-agreement-and-placement\">3. Przymiotniki: umowa i umiejscowienie<\/h3>\n\n\n\n<p>Polskie przymiotniki musz\u0105 zgadza\u0107 si\u0119 z modyfikowanym przez siebie rzeczownikiem dotycz\u0105cym rodzaju, liczby i przypadku. Przymiotniki zazwyczaj poprzedzaj\u0105 rzeczownik, zapewniaj\u0105c niezb\u0119dny kontekst opisowy zdania.<\/p>\n\n\n\n<p>Przyk\u0142ady:<\/p>\n\n\n\n<p>&#8211; czerwona sukienka<\/p>\n\n\n\n<p>&#8211; pi\u0119kny ogr\u00f3d<\/p>\n\n\n\n<h3 class=\"wp-block-heading\" id=\"h-4-pronouns-types-and-uses\">4. Zaimki: rodzaje i zastosowania<\/h3>\n\n\n\n<p>Polskie zaimki wyst\u0119puj\u0105 w r\u00f3\u017cnych formach, w tym zaimk\u00f3w osobowych, dzier\u017cawczych, zwrotnych, wskazuj\u0105cych i pytaj\u0105cych. Zrozumienie, jak i kiedy u\u017cywa\u0107 tych zaimk\u00f3w, sprawi, \u017ce Twoja polska gramatyka b\u0119dzie dok\u0142adniejsza i poprawi Twoje og\u00f3lne umiej\u0119tno\u015bci j\u0119zykowe.<\/p>\n\n\n\n<h3 class=\"wp-block-heading\" id=\"h-5-negation-conveying-the-opposite\">5. Negacja: przekazywanie czego\u015b przeciwnego<\/h3>\n\n\n\n<p>W polskiej gramatyce negacj\u0119 uzyskuje si\u0119 poprzez dodanie s\u0142owa &#8222;nie&#8221; przed czasownikami, przymiotnikami, przys\u0142\u00f3wkami lub zaimkami. Jednak w przypadku zanegowania zda\u0144 z rzeczownikami obowi\u0105zuj\u0105 szczeg\u00f3lne zasady, kt\u00f3re mog\u0105 wymaga\u0107 dodatkowego przyimka lub innej formy rzeczownika. Rozpoznanie tych wzorc\u00f3w negacji pomo\u017ce Ci jasno przekaza\u0107 zamierzone znaczenie w j\u0119zyku polskim.<\/p>\n\n\n\n<h3 class=\"wp-block-heading\" id=\"h-6-engage-with-the-language\">6. Zaanga\u017cuj si\u0119 w j\u0119zyk<\/h3>\n\n\n\n<p>Najskuteczniejszym sposobem na zrozumienie i przyswojenie polskiej gramatyki jest regularne obcowanie z j\u0119zykiem. Czytaj\u0105c polsk\u0105 literatur\u0119, ogl\u0105daj\u0105c polskie filmy lub aktywnie rozmawiaj\u0105c z native speakerami, zanurzenie si\u0119 w r\u00f3\u017cnych kontekstach wzmocni Twoje zrozumienie gramatyki, jednocze\u015bnie poszerzaj\u0105c s\u0142ownictwo.<\/p>\n\n\n\n<h3 class=\"wp-block-heading\" id=\"h-conclusion\">Wnioski<\/h3>\n\n\n\n<p>Chocia\u017c polska gramatyka mo\u017ce wydawa\u0107 si\u0119 zawi\u0142a, konsekwentne \u0107wiczenie i rozwi\u0105zywanie jej krok po kroku pomo\u017ce Ci sta\u0107 si\u0119 bieg\u0142ym w tym wyj\u0105tkowym j\u0119zyku. Podejmij wyzwanie, rozpoczynaj\u0105c swoj\u0105 przygod\u0119 z j\u0119zykiem polskim, a wkr\u00f3tce pewnie rozszyfrujesz zawi\u0142o\u015bci jego gramatyki. <a href=\"https:\/\/talkpal.ai\/culture\/how-do-you-say-good-luck-in-polish\/\">Powodzenia<\/a> w nauce i mi\u0142ego poznawania warstw polskiej gramatyki!<\/p>\n<\/div><\/div>\n\r\n<section class=\"learnNavigationSection\">\r\n            \r\n        <a href=\"https:\/\/talkpal.ai\/pl\/learn-polish\/\">\r\n            <div class=\"learnNavigationWrapper\">\r\n                <div class=\"learnNavigationContent\">\r\n                    <img decoding=\"async\" src=\"https:\/\/talkpal.ai\/wp-content\/uploads\/2024\/08\/Polish.jpg\" alt=\"Polish Flag\">\r\n                    <div>\r\n                        <h4>O Polish Learning<\/h4>\r\n                        <p>Dowiedz si\u0119 wszystkiego o polskiej gramatyka.<\/p>\r\n                    <\/div>\r\n                <\/div>\r\n            <\/div>\r\n        <\/a>\r\n\r\n        \r\n        <a href=\"https:\/\/talkpal.ai\/pl\/cwiczenia-z-gramatyki-jezyka-polskiego\/\">\r\n            <div class=\"learnNavigationWrapper\">\r\n                <div class=\"learnNavigationContent\">\r\n                    <img decoding=\"async\" src=\"https:\/\/talkpal.ai\/wp-content\/uploads\/2024\/08\/Polish.jpg\" alt=\"Polish Flag\">\r\n                    <div>\r\n                        <h4>\u0106wiczenie z gramatyki j\u0119zyka polskiego<\/h4>\r\n                        <p>\u0106wicz polsk\u0105 gramatyka.<\/p>\r\n                    <\/div>\r\n                <\/div>\r\n            <\/div>\r\n        <\/a>\r\n\r\n        \r\n        <a href=\"https:\/\/talkpal.ai\/vocabulary_language\/polish\/\">\r\n            <div class=\"learnNavigationWrapper\">\r\n                <div class=\"learnNavigationContent\">\r\n                    <img decoding=\"async\" src=\"https:\/\/talkpal.ai\/wp-content\/uploads\/2024\/08\/Polish.jpg\" alt=\"Polish Flag\">\r\n                    <div>\r\n                        <h4>Polskie s\u0142ownictwo<\/h4>\r\n                        <p>Poszerz swoje polskie s\u0142ownictwo.<\/p>\r\n                    <\/div>\r\n                <\/div>\r\n            <\/div>\r\n        <\/a>\r\n\r\n            <\/section>","protected":false},"excerpt":{"rendered":"<p>Rozbicie zagadki gramatyki polskiej J\u0119zyk polski, j\u0119zyk s\u0142owia\u0144ski, jest zar\u00f3wno wyzwaniem, jak i satysfakcj\u0105 dla os\u00f3b ucz\u0105cych si\u0119 j\u0119zyka, kt\u00f3re szukaj\u0105 wyj\u0105tkowej przygody j\u0119zykowej. Zag\u0142\u0119biaj\u0105c si\u0119 w j\u0119zyk polski, odkryjesz fascynuj\u0105c\u0105 histori\u0119 i kultur\u0119, kt\u00f3ra uzupe\u0142nia bogactwo samego j\u0119zyka. Chocia\u017c polska gramatyka mo\u017ce wydawa\u0107 si\u0119 skomplikowana, dekonstrukcja jej na \u0142atwe do opanowania elementy sprawia, \u017ce [&hellip;]<\/p>\n","protected":false},"author":1,"featured_media":64160,"parent":0,"menu_order":0,"comment_status":"closed","ping_status":"closed","template":"LearningContentPage.php","meta":{"_acf_changed":false,"footnotes":""},"class_list":["post-75152","page","type-page","status-publish","has-post-thumbnail","hentry"],"acf":[],"yoast_head":"<!-- This site is optimized with the Yoast SEO Premium plugin v27.2 (Yoast SEO v27.2) - https:\/\/yoast.com\/product\/yoast-seo-premium-wordpress\/ -->\n<title>Gramatyka j\u0119zyka polskiego - Talkpal<\/title>\n<meta name=\"description\" content=\"Opanuj polsk\u0105 gramatyk\u0119 dzi\u0119ki interaktywnym \u0107wiczeniom zaprojektowanym dla wszystkich poziom\u00f3w nauki. Zwi\u0119ksz swoje polskie umiej\u0119tno\u015bci!\" \/>\n<meta name=\"robots\" content=\"index, follow, max-snippet:-1, max-image-preview:large, max-video-preview:-1\" \/>\n<link rel=\"canonical\" href=\"https:\/\/talkpal.ai\/pl\/gramatyka-jezyka-polskiego\/\" \/>\n<meta property=\"og:locale\" content=\"pl_PL\" \/>\n<meta property=\"og:type\" content=\"article\" \/>\n<meta property=\"og:title\" content=\"Gramatyka j\u0119zyka polskiego\" \/>\n<meta property=\"og:description\" content=\"Rozbicie zagadki gramatyki polskiej J\u0119zyk polski, j\u0119zyk s\u0142owia\u0144ski, jest zar\u00f3wno wyzwaniem, jak i satysfakcj\u0105 dla os\u00f3b ucz\u0105cych si\u0119 j\u0119zyka, kt\u00f3re szukaj\u0105\" \/>\n<meta property=\"og:url\" content=\"https:\/\/talkpal.ai\/pl\/gramatyka-jezyka-polskiego\/\" \/>\n<meta property=\"og:site_name\" content=\"Talkpal\" \/>\n<meta property=\"article:publisher\" content=\"https:\/\/www.facebook.com\/profile.php?id=100090733639311\" \/>\n<meta property=\"article:modified_time\" content=\"2025-12-17T17:15:16+00:00\" \/>\n<meta property=\"og:image\" content=\"https:\/\/talkpal.ai\/wp-content\/uploads\/2023\/05\/poland.png\" \/>\n\t<meta property=\"og:image:width\" content=\"512\" \/>\n\t<meta property=\"og:image:height\" content=\"512\" \/>\n\t<meta property=\"og:image:type\" content=\"image\/png\" \/>\n<meta name=\"twitter:card\" content=\"summary_large_image\" \/>\n<meta name=\"twitter:site\" content=\"@talkpalai\" \/>\n<meta name=\"twitter:label1\" content=\"Szacowany czas czytania\" \/>\n\t<meta name=\"twitter:data1\" content=\"3 minuty\" \/>\n<script type=\"application\/ld+json\" class=\"yoast-schema-graph\">{\"@context\":\"https:\/\/schema.org\",\"@graph\":[{\"@type\":\"WebPage\",\"@id\":\"https:\/\/talkpal.ai\/pl\/gramatyka-jezyka-polskiego\/\",\"url\":\"https:\/\/talkpal.ai\/pl\/gramatyka-jezyka-polskiego\/\",\"name\":\"Gramatyka j\u0119zyka polskiego - Talkpal\",\"isPartOf\":{\"@id\":\"https:\/\/talkpal.ai\/pl\/#website\"},\"primaryImageOfPage\":{\"@id\":\"https:\/\/talkpal.ai\/pl\/gramatyka-jezyka-polskiego\/#primaryimage\"},\"image\":{\"@id\":\"https:\/\/talkpal.ai\/pl\/gramatyka-jezyka-polskiego\/#primaryimage\"},\"thumbnailUrl\":\"https:\/\/talkpal.ai\/wp-content\/uploads\/2023\/05\/poland.png\",\"datePublished\":\"2023-05-14T14:18:46+00:00\",\"dateModified\":\"2025-12-17T17:15:16+00:00\",\"description\":\"Opanuj polsk\u0105 gramatyk\u0119 dzi\u0119ki interaktywnym \u0107wiczeniom zaprojektowanym dla wszystkich poziom\u00f3w nauki. Zwi\u0119ksz swoje polskie umiej\u0119tno\u015bci!\",\"breadcrumb\":{\"@id\":\"https:\/\/talkpal.ai\/pl\/gramatyka-jezyka-polskiego\/#breadcrumb\"},\"inLanguage\":\"pl-PL\",\"potentialAction\":[{\"@type\":\"ReadAction\",\"target\":[\"https:\/\/talkpal.ai\/pl\/gramatyka-jezyka-polskiego\/\"]}]},{\"@type\":\"ImageObject\",\"inLanguage\":\"pl-PL\",\"@id\":\"https:\/\/talkpal.ai\/pl\/gramatyka-jezyka-polskiego\/#primaryimage\",\"url\":\"https:\/\/talkpal.ai\/wp-content\/uploads\/2023\/05\/poland.png\",\"contentUrl\":\"https:\/\/talkpal.ai\/wp-content\/uploads\/2023\/05\/poland.png\",\"width\":512,\"height\":512},{\"@type\":\"BreadcrumbList\",\"@id\":\"https:\/\/talkpal.ai\/pl\/gramatyka-jezyka-polskiego\/#breadcrumb\",\"itemListElement\":[{\"@type\":\"ListItem\",\"position\":1,\"name\":\"Homepage\",\"item\":\"https:\/\/talkpal.ai\/pl\/\"},{\"@type\":\"ListItem\",\"position\":2,\"name\":\"Gramatyka j\u0119zyka polskiego\"}]},{\"@type\":\"WebSite\",\"@id\":\"https:\/\/talkpal.ai\/pl\/#website\",\"url\":\"https:\/\/talkpal.ai\/pl\/\",\"name\":\"Talkpal\",\"description\":\"AI Language Learning\",\"publisher\":{\"@id\":\"https:\/\/talkpal.ai\/pl\/#organization\"},\"alternateName\":\"Talkpal AI\",\"potentialAction\":[{\"@type\":\"SearchAction\",\"target\":{\"@type\":\"EntryPoint\",\"urlTemplate\":\"https:\/\/talkpal.ai\/pl\/?s={search_term_string}\"},\"query-input\":{\"@type\":\"PropertyValueSpecification\",\"valueRequired\":true,\"valueName\":\"search_term_string\"}}],\"inLanguage\":\"pl-PL\"},{\"@type\":\"Organization\",\"@id\":\"https:\/\/talkpal.ai\/pl\/#organization\",\"name\":\"Talkpal, Inc.\",\"alternateName\":\"Talkpal AI\",\"url\":\"https:\/\/talkpal.ai\/pl\/\",\"logo\":{\"@type\":\"ImageObject\",\"inLanguage\":\"pl-PL\",\"@id\":\"https:\/\/talkpal.ai\/pl\/#\/schema\/logo\/image\/\",\"url\":\"https:\/\/talkpal.ai\/wp-content\/uploads\/2024\/03\/Talkpal-Logo-Icon.png\",\"contentUrl\":\"https:\/\/talkpal.ai\/wp-content\/uploads\/2024\/03\/Talkpal-Logo-Icon.png\",\"width\":2880,\"height\":2880,\"caption\":\"Talkpal, Inc.\"},\"image\":{\"@id\":\"https:\/\/talkpal.ai\/pl\/#\/schema\/logo\/image\/\"},\"sameAs\":[\"https:\/\/www.facebook.com\/profile.php?id=100090733639311\",\"https:\/\/x.com\/talkpalai\",\"https:\/\/www.linkedin.com\/company\/talkpal\/\",\"https:\/\/www.youtube.com\/@TalkPal\/\",\"https:\/\/www.tiktok.com\/@talkpal\",\"https:\/\/www.instagram.com\/talkpal_ai\/\",\"https:\/\/www.crunchbase.com\/organization\/talkpal-9cde\",\"https:\/\/www.g2.com\/products\/talkpal-for-business\/\",\"https:\/\/www.trustpilot.com\/review\/talkpal.ai\",\"https:\/\/www.capterra.com\/p\/10006800\/TalkPal\/\"],\"description\":\"Talkpal is a language learning web and mobile education app, powered by the latest AI technologies, that provides engaging experiences to its customers in many different languages to help them improve their language skills. Users can chat about unlimited amount of topics with the app and use other modes to practice their language learning.\",\"email\":\"support@talkpal.ai\",\"legalName\":\"Talkpal, Inc.\",\"foundingDate\":\"2023-04-03\",\"duns\":\"118989042\",\"numberOfEmployees\":{\"@type\":\"QuantitativeValue\",\"minValue\":\"11\",\"maxValue\":\"50\"},\"publishingPrinciples\":\"https:\/\/talkpal.ai\/publishing-principles\/\",\"actionableFeedbackPolicy\":\"https:\/\/talkpal.ai\/actionable-feedback-policy\/\",\"correctionsPolicy\":\"https:\/\/talkpal.ai\/corrections-policy\/\",\"ethicsPolicy\":\"https:\/\/talkpal.ai\/ethics-policy\/\",\"diversityPolicy\":\"https:\/\/talkpal.ai\/diversity-policy\/\",\"diversityStaffingReport\":\"https:\/\/talkpal.ai\/diversity-policy\/\"}]}<\/script>\n<!-- \/ Yoast SEO Premium plugin. -->","yoast_head_json":{"title":"Gramatyka j\u0119zyka polskiego - Talkpal","description":"Opanuj polsk\u0105 gramatyk\u0119 dzi\u0119ki interaktywnym \u0107wiczeniom zaprojektowanym dla wszystkich poziom\u00f3w nauki. Zwi\u0119ksz swoje polskie umiej\u0119tno\u015bci!","robots":{"index":"index","follow":"follow","max-snippet":"max-snippet:-1","max-image-preview":"max-image-preview:large","max-video-preview":"max-video-preview:-1"},"canonical":"https:\/\/talkpal.ai\/pl\/gramatyka-jezyka-polskiego\/","og_locale":"pl_PL","og_type":"article","og_title":"Gramatyka j\u0119zyka polskiego","og_description":"Rozbicie zagadki gramatyki polskiej J\u0119zyk polski, j\u0119zyk s\u0142owia\u0144ski, jest zar\u00f3wno wyzwaniem, jak i satysfakcj\u0105 dla os\u00f3b ucz\u0105cych si\u0119 j\u0119zyka, kt\u00f3re szukaj\u0105","og_url":"https:\/\/talkpal.ai\/pl\/gramatyka-jezyka-polskiego\/","og_site_name":"Talkpal","article_publisher":"https:\/\/www.facebook.com\/profile.php?id=100090733639311","article_modified_time":"2025-12-17T17:15:16+00:00","og_image":[{"width":512,"height":512,"url":"https:\/\/talkpal.ai\/wp-content\/uploads\/2023\/05\/poland.png","type":"image\/png"}],"twitter_card":"summary_large_image","twitter_site":"@talkpalai","twitter_misc":{"Szacowany czas czytania":"3 minuty"},"schema":{"@context":"https:\/\/schema.org","@graph":[{"@type":"WebPage","@id":"https:\/\/talkpal.ai\/pl\/gramatyka-jezyka-polskiego\/","url":"https:\/\/talkpal.ai\/pl\/gramatyka-jezyka-polskiego\/","name":"Gramatyka j\u0119zyka polskiego - Talkpal","isPartOf":{"@id":"https:\/\/talkpal.ai\/pl\/#website"},"primaryImageOfPage":{"@id":"https:\/\/talkpal.ai\/pl\/gramatyka-jezyka-polskiego\/#primaryimage"},"image":{"@id":"https:\/\/talkpal.ai\/pl\/gramatyka-jezyka-polskiego\/#primaryimage"},"thumbnailUrl":"https:\/\/talkpal.ai\/wp-content\/uploads\/2023\/05\/poland.png","datePublished":"2023-05-14T14:18:46+00:00","dateModified":"2025-12-17T17:15:16+00:00","description":"Opanuj polsk\u0105 gramatyk\u0119 dzi\u0119ki interaktywnym \u0107wiczeniom zaprojektowanym dla wszystkich poziom\u00f3w nauki. Zwi\u0119ksz swoje polskie umiej\u0119tno\u015bci!","breadcrumb":{"@id":"https:\/\/talkpal.ai\/pl\/gramatyka-jezyka-polskiego\/#breadcrumb"},"inLanguage":"pl-PL","potentialAction":[{"@type":"ReadAction","target":["https:\/\/talkpal.ai\/pl\/gramatyka-jezyka-polskiego\/"]}]},{"@type":"ImageObject","inLanguage":"pl-PL","@id":"https:\/\/talkpal.ai\/pl\/gramatyka-jezyka-polskiego\/#primaryimage","url":"https:\/\/talkpal.ai\/wp-content\/uploads\/2023\/05\/poland.png","contentUrl":"https:\/\/talkpal.ai\/wp-content\/uploads\/2023\/05\/poland.png","width":512,"height":512},{"@type":"BreadcrumbList","@id":"https:\/\/talkpal.ai\/pl\/gramatyka-jezyka-polskiego\/#breadcrumb","itemListElement":[{"@type":"ListItem","position":1,"name":"Homepage","item":"https:\/\/talkpal.ai\/pl\/"},{"@type":"ListItem","position":2,"name":"Gramatyka j\u0119zyka polskiego"}]},{"@type":"WebSite","@id":"https:\/\/talkpal.ai\/pl\/#website","url":"https:\/\/talkpal.ai\/pl\/","name":"Talkpal","description":"AI Language Learning","publisher":{"@id":"https:\/\/talkpal.ai\/pl\/#organization"},"alternateName":"Talkpal AI","potentialAction":[{"@type":"SearchAction","target":{"@type":"EntryPoint","urlTemplate":"https:\/\/talkpal.ai\/pl\/?s={search_term_string}"},"query-input":{"@type":"PropertyValueSpecification","valueRequired":true,"valueName":"search_term_string"}}],"inLanguage":"pl-PL"},{"@type":"Organization","@id":"https:\/\/talkpal.ai\/pl\/#organization","name":"Talkpal, Inc.","alternateName":"Talkpal AI","url":"https:\/\/talkpal.ai\/pl\/","logo":{"@type":"ImageObject","inLanguage":"pl-PL","@id":"https:\/\/talkpal.ai\/pl\/#\/schema\/logo\/image\/","url":"https:\/\/talkpal.ai\/wp-content\/uploads\/2024\/03\/Talkpal-Logo-Icon.png","contentUrl":"https:\/\/talkpal.ai\/wp-content\/uploads\/2024\/03\/Talkpal-Logo-Icon.png","width":2880,"height":2880,"caption":"Talkpal, Inc."},"image":{"@id":"https:\/\/talkpal.ai\/pl\/#\/schema\/logo\/image\/"},"sameAs":["https:\/\/www.facebook.com\/profile.php?id=100090733639311","https:\/\/x.com\/talkpalai","https:\/\/www.linkedin.com\/company\/talkpal\/","https:\/\/www.youtube.com\/@TalkPal\/","https:\/\/www.tiktok.com\/@talkpal","https:\/\/www.instagram.com\/talkpal_ai\/","https:\/\/www.crunchbase.com\/organization\/talkpal-9cde","https:\/\/www.g2.com\/products\/talkpal-for-business\/","https:\/\/www.trustpilot.com\/review\/talkpal.ai","https:\/\/www.capterra.com\/p\/10006800\/TalkPal\/"],"description":"Talkpal is a language learning web and mobile education app, powered by the latest AI technologies, that provides engaging experiences to its customers in many different languages to help them improve their language skills. Users can chat about unlimited amount of topics with the app and use other modes to practice their language learning.","email":"support@talkpal.ai","legalName":"Talkpal, Inc.","foundingDate":"2023-04-03","duns":"118989042","numberOfEmployees":{"@type":"QuantitativeValue","minValue":"11","maxValue":"50"},"publishingPrinciples":"https:\/\/talkpal.ai\/publishing-principles\/","actionableFeedbackPolicy":"https:\/\/talkpal.ai\/actionable-feedback-policy\/","correctionsPolicy":"https:\/\/talkpal.ai\/corrections-policy\/","ethicsPolicy":"https:\/\/talkpal.ai\/ethics-policy\/","diversityPolicy":"https:\/\/talkpal.ai\/diversity-policy\/","diversityStaffingReport":"https:\/\/talkpal.ai\/diversity-policy\/"}]}},"_links":{"self":[{"href":"https:\/\/talkpal.ai\/pl\/wp-json\/wp\/v2\/pages\/75152","targetHints":{"allow":["GET"]}}],"collection":[{"href":"https:\/\/talkpal.ai\/pl\/wp-json\/wp\/v2\/pages"}],"about":[{"href":"https:\/\/talkpal.ai\/pl\/wp-json\/wp\/v2\/types\/page"}],"author":[{"embeddable":true,"href":"https:\/\/talkpal.ai\/pl\/wp-json\/wp\/v2\/users\/1"}],"replies":[{"embeddable":true,"href":"https:\/\/talkpal.ai\/pl\/wp-json\/wp\/v2\/comments?post=75152"}],"version-history":[{"count":0,"href":"https:\/\/talkpal.ai\/pl\/wp-json\/wp\/v2\/pages\/75152\/revisions"}],"wp:featuredmedia":[{"embeddable":true,"href":"https:\/\/talkpal.ai\/pl\/wp-json\/wp\/v2\/media\/64160"}],"wp:attachment":[{"href":"https:\/\/talkpal.ai\/pl\/wp-json\/wp\/v2\/media?parent=75152"}],"curies":[{"name":"wp","href":"https:\/\/api.w.org\/{rel}","templated":true}]}}