{"id":75149,"date":"2023-06-27T09:07:34","date_gmt":"2023-06-27T09:07:34","guid":{"rendered":"http:\/\/talkpal.ai\/cwiczenia-z-gramatyki-jezyka-polskiego\/"},"modified":"2025-12-17T09:57:02","modified_gmt":"2025-12-17T09:57:02","slug":"cwiczenia-z-gramatyki-jezyka-polskiego","status":"publish","type":"page","link":"https:\/\/talkpal.ai\/pl\/cwiczenia-z-gramatyki-jezyka-polskiego\/","title":{"rendered":"\u0106wiczenia z gramatyki j\u0119zyka polskiego"},"content":{"rendered":"\r\n\r\n\r\n<section class=\"languageChallengeSection\">\r\n    <div class=\"languageInfoWrapper\">\r\n        \r\n        <h1>\u0106wiczenia z gramatyki j\u0119zyka polskiego<\/h1>\r\n        <p>Gotowy, by poprawi\u0107 swoje umiej\u0119tno\u015bci j\u0119zykowe? \u0106wiczenie gramatyki to \u015bwietny spos\u00f3b na opanowanie struktury zda\u0144, koniugacji czasownik\u00f3w i unikalnych wzorc\u00f3w j\u0119zyka polskiego. Zacznij pracowa\u0107 nad polsk\u0105 gramatyk\u0105 ju\u017c dzi\u015b i zobacz, jak twoja pewno\u015b\u0107 siebie i p\u0142ynno\u015b\u0107 poprawiaj\u0105 si\u0119 z ka\u017cdym \u0107wiczeniem!\n\n<\/p>\r\n\r\n                            <a class=\"getStartedHidden\" href=\"https:\/\/app.talkpal.ai\/pl\/signup?lng=\">Zaczynaj<\/a>\r\n        \r\n    <\/div>\r\n\r\n    <figure>\r\n    <img decoding=\"async\" width=\"768\" height=\"768\" src=\"https:\/\/talkpal.ai\/wp-content\/uploads\/2023\/06\/polish-768x768.png\" class=\"languageImage no-lazy\" alt=\"Practical tips on language learning techniques\" fetchpriority=\"high\" sizes=\"(max-width: 768px) 150px, 768px\" srcset=\"https:\/\/talkpal.ai\/wp-content\/uploads\/2023\/06\/polish-768x768.png 768w, https:\/\/talkpal.ai\/wp-content\/uploads\/2023\/06\/polish-300x300.png 300w\" \/>\r\n    \r\n\r\n    <\/figure>\r\n\r\n            <a class=\"getStartedVisible\" href=\"https:\/\/app.talkpal.ai\/pl\/signup?lng=\">Zaczynaj<\/a>\r\n    \r\n<\/section>\r\n\r\n\r\n<!-- <section class=\"grammarSection\">\r\n    <div class=\"grammarLinks\">\r\n            <\/div>\r\n<\/section> -->\r\n\r\n\r\n\r\n\r\n<section class=\"promotionalBanner\">\r\n    <p class=\"promotionalText\">Najbardziej efektywny spos\u00f3b nauki j\u0119zyka<\/p>\r\n    <a class=\"promotionalLink\" href=\"https:\/\/app.talkpal.ai\/pl\/signup?lng=\">Wypr\u00f3buj Talkpal za darmo<\/a>\r\n<\/section>\n<div class=\"wp-block-group pageContainerStyle\"><div class=\"wp-block-group__inner-container is-layout-constrained wp-block-group-is-layout-constrained\">\n<h2 class=\"wp-block-heading\" id=\"h-polish-grammar-topics\">Zagadnienia gramatyki polskiej<\/h2>\n\n\n\n<p>J\u0119zyk <a href=\"https:\/\/talkpal.ai\/learn-polish\/\">polski<\/a>, j\u0119zyk zachodnios\u0142owia\u0144ski, jest j\u0119zykiem ojczystym <a href=\"https:\/\/talkpal.ai\/learn-polish\/\">Polski<\/a> i pos\u0142uguj\u0105 si\u0119 nim miliony ludzi na ca\u0142ym <a href=\"https:\/\/talkpal.ai\/locations\/language-courses-in-swiecie\/\">\u015bwiecie<\/a>. Dzi\u0119ki z\u0142o\u017conemu systemowi gramatycznemu i unikalnej wymowie <a href=\"https:\/\/talkpal.ai\/pl\/jak-skutecznie-uczyc-sie-jezyka-polskiego-sprawdzone-metody-dla-kazdego\/\">nauka j\u0119zyka polskiego<\/a> mo\u017ce by\u0107 do\u015b\u0107 trudna, ale tak\u017ce satysfakcjonuj\u0105ca. Aby osi\u0105gn\u0105\u0107 dobre zrozumienie i opanowanie j\u0119zyka, konieczne jest poznanie jego zasad gramatycznych w uporz\u0105dkowanej i logicznej kolejno\u015bci. W tym przewodniku poznamy g\u0142\u00f3wne zagadnienia gramatyczne w j\u0119zyku polskim, takie jak czasy, czasowniki, rzeczowniki, rodzajniki, zaimki, przymiotniki, przys\u0142\u00f3wki, tryb warunkowy, przyimki i struktury zda\u0144. Post\u0119puj\u0105c zgodnie z t\u0105 sekwencj\u0105, b\u0119dziesz w stanie stopniowo budowa\u0107 swoj\u0105 znajomo\u015b\u0107 j\u0119zyka polskiego i skutecznie si\u0119 komunikowa\u0107.<\/p>\n\n\n\n<h3 class=\"wp-block-heading\" id=\"h-1-nouns\">1. Rzeczowniki:<\/h3>\n\n\n\n<p>W j\u0119zyku polskim rzeczowniki dziel\u0105 si\u0119 na trzy rodzaje: m\u0119ski, \u017ce\u0144ski i nijaki. Maj\u0105 te\u017c siedem przypadk\u00f3w: mianownik, dope\u0142niacz, celownik, biernik, narz\u0119dnik, miejscownik i wo\u0142acz. Poznanie rodzaju i systemu przypadk\u00f3w ma kluczowe znaczenie dla zrozumienia struktur zda\u0144 i u\u017cywania poprawnych form innych element\u00f3w gramatycznych, takich jak przymiotniki i zaimki.<\/p>\n\n\n\n<h3 class=\"wp-block-heading\" id=\"h-2-pronouns-determiners\">2. Zaimki\/okre\u015blniki:<\/h3>\n\n\n\n<p>Polskie zaimki i okre\u015blniki zgadzaj\u0105 si\u0119 z rzeczownikami w rodzaju, liczbie i przypadku. Obejmuj\u0105 one zaimki osobowe, dzier\u017cawcze, wskazuj\u0105ce, pytaj\u0105ce i wzgl\u0119dne. Opanowanie pos\u0142ugiwania si\u0119 zaimkami i okre\u015blnikami pomaga w budowaniu bardziej z\u0142o\u017conych zda\u0144 i wyra\u017caniu r\u00f3\u017cnych relacji mi\u0119dzy s\u0142owami.<\/p>\n\n\n\n<h3 class=\"wp-block-heading\" id=\"h-3-adjectives\">3. Przymiotniki:<\/h3>\n\n\n\n<p>Przymiotniki w j\u0119zyku polskim zgadzaj\u0105 si\u0119 z rzeczownikami w rodzaju, liczbie i przypadku. Maj\u0105 r\u00f3\u017cne formy oparte na tych czynnikach, wi\u0119c poznanie wzorc\u00f3w deklinacji przymiotnik\u00f3w jest niezb\u0119dne do prawid\u0142owego u\u017cycia i zrozumienia wyra\u017ce\u0144 opisowych.<\/p>\n\n\n\n<h3 class=\"wp-block-heading\" id=\"h-4-verbs\">4. Czasowniki:<\/h3>\n\n\n\n<p>Polski system czasownik\u00f3w sk\u0142ada si\u0119 z trzech czas\u00f3w: przesz\u0142ego, tera\u017aniejszego i przysz\u0142ego. Czasowniki maj\u0105 r\u00f3wnie\u017c r\u00f3\u017cne formy w zale\u017cno\u015bci od aspektu (dokonany lub niedokonany) i wzorc\u00f3w koniugacji. Nauka podstaw koniugacji czasownik\u00f3w i aspektu ma fundamentalne znaczenie dla wyra\u017cania dzia\u0142a\u0144, wydarze\u0144 i stan\u00f3w w r\u00f3\u017cnych ramach czasowych.<\/p>\n\n\n\n<h3 class=\"wp-block-heading\" id=\"h-5-tense-comparison\">5. Por\u00f3wnanie czasu:<\/h3>\n\n\n\n<p>Zrozumienie r\u00f3\u017cnic i podobie\u0144stw mi\u0119dzy trzema czasami w j\u0119zyku polskim pozwala na dok\u0142adne wyra\u017cenie relacji czasowych. Obejmuje to tworzenie i u\u017cywanie prostych, progresywnych i doskona\u0142ych form progresywnych.<\/p>\n\n\n\n<h3 class=\"wp-block-heading\" id=\"h-6-adverbs\">6. Przys\u0142\u00f3wki:<\/h3>\n\n\n\n<p>Przys\u0142\u00f3wki w j\u0119zyku polskim dostarczaj\u0105 dodatkowych informacji o czasownikach, przymiotnikach lub innych przys\u0142\u00f3wkach. Zazwyczaj nie zmieniaj\u0105 swojej formy, dzi\u0119ki czemu s\u0105 stosunkowo \u0142atwe do nauczenia. Wiedza o tym, jak prawid\u0142owo u\u017cywa\u0107 przys\u0142\u00f3wk\u00f3w, zwi\u0119ksza ekspresyjno\u015b\u0107 twojego j\u0119zyka.<\/p>\n\n\n\n<h3 class=\"wp-block-heading\" id=\"h-7-prepositions\">7. Przyimki:<\/h3>\n\n\n\n<p>Polskie przyimki reguluj\u0105 konkretne przypadki i pokazuj\u0105 relacje mi\u0119dzy wyrazami w zdaniu. Nauka poprawnego u\u017cywania przyimk\u00f3w i odpowiadaj\u0105cych im przypadk\u00f3w jest niezb\u0119dna do budowania bardziej z\u0142o\u017conych zda\u0144 i wyra\u017cania r\u00f3\u017cnych relacji mi\u0119dzy s\u0142owami.<\/p>\n\n\n\n<h3 class=\"wp-block-heading\" id=\"h-8-conditionals\">8. Warunki szczeg\u00f3\u0142owe:<\/h3>\n\n\n\n<p>Zdania warunkowe w j\u0119zyku polskim wyra\u017caj\u0105 sytuacje hipotetyczne i ich konsekwencje. Zazwyczaj sk\u0142adaj\u0105 si\u0119 one z dw\u00f3ch klauzul: warunku (klauzula if) i wyniku (klauzula g\u0142\u00f3wna). Nauka tworzenia i u\u017cywania instrukcji warunkowych pozwala dok\u0142adnie wyrazi\u0107 hipotetyczne sytuacje i ich konsekwencje.<\/p>\n\n\n\n<h3 class=\"wp-block-heading\" id=\"h-9-sentences\">9. Zdania:<\/h3>\n\n\n\n<p>Aby skutecznie komunikowa\u0107 si\u0119 w j\u0119zyku polskim, konieczne jest zrozumienie podstawowych struktur zdaniowych, w tym zda\u0144 oznajmuj\u0105cych, pytaj\u0105cych, rozkazuj\u0105cych i wykrzyknikowych. Opanowanie struktur zdaniowych pomaga w wyra\u017caniu my\u015bli, zadawaniu pyta\u0144, wydawaniu polece\u0144 i przekazywaniu emocji w j\u0119zyku polskim.<\/p>\n<\/div><\/div>\n\r\n<section class=\"learnNavigationSection\">\r\n            \r\n        <a href=\"https:\/\/talkpal.ai\/pl\/learn-polish\/\">\r\n            <div class=\"learnNavigationWrapper\">\r\n                <div class=\"learnNavigationContent\">\r\n                    <img decoding=\"async\" src=\"https:\/\/talkpal.ai\/wp-content\/uploads\/2024\/08\/Polish.jpg\" alt=\"Polish Flag\">\r\n                    <div>\r\n                        <h4>O Polish Learning<\/h4>\r\n                        <p>Dowiedz si\u0119 wszystkiego o polskiej gramatyka.<\/p>\r\n                    <\/div>\r\n                <\/div>\r\n            <\/div>\r\n        <\/a>\r\n\r\n        \r\n        <a href=\"https:\/\/talkpal.ai\/pl\/gramatyka-jezyka-polskiego\/\">\r\n            <div class=\"learnNavigationWrapper\">\r\n                <div class=\"learnNavigationContent\">\r\n                    <img decoding=\"async\" src=\"https:\/\/talkpal.ai\/wp-content\/uploads\/2024\/08\/Polish.jpg\" alt=\"Polish Flag\">\r\n                    <div>\r\n                        <h4>Lekcje gramatyki j\u0119zyka polskiego<\/h4>\r\n                        <p>\u0106wicz polsk\u0105 gramatyka.<\/p>\r\n                    <\/div>\r\n                <\/div>\r\n            <\/div>\r\n        <\/a>\r\n\r\n        \r\n        <a href=\"https:\/\/talkpal.ai\/vocabulary_language\/polish\/\">\r\n            <div class=\"learnNavigationWrapper\">\r\n                <div class=\"learnNavigationContent\">\r\n                    <img decoding=\"async\" src=\"https:\/\/talkpal.ai\/wp-content\/uploads\/2024\/08\/Polish.jpg\" alt=\"Polish Flag\">\r\n                    <div>\r\n                        <h4>Polskie s\u0142ownictwo<\/h4>\r\n                        <p>Poszerz swoje polskie s\u0142ownictwo.<\/p>\r\n                    <\/div>\r\n                <\/div>\r\n            <\/div>\r\n        <\/a>\r\n\r\n            <\/section>","protected":false},"excerpt":{"rendered":"<p>Zagadnienia gramatyki polskiej J\u0119zyk polski, j\u0119zyk zachodnios\u0142owia\u0144ski, jest j\u0119zykiem ojczystym Polski i pos\u0142uguj\u0105 si\u0119 nim miliony ludzi na ca\u0142ym \u015bwiecie. Dzi\u0119ki z\u0142o\u017conemu systemowi gramatycznemu i unikalnej wymowie nauka j\u0119zyka polskiego mo\u017ce by\u0107 do\u015b\u0107 trudna, ale tak\u017ce satysfakcjonuj\u0105ca. Aby osi\u0105gn\u0105\u0107 dobre zrozumienie i opanowanie j\u0119zyka, konieczne jest poznanie jego zasad gramatycznych w uporz\u0105dkowanej i logicznej kolejno\u015bci. [&hellip;]<\/p>\n","protected":false},"author":6,"featured_media":64160,"parent":0,"menu_order":0,"comment_status":"closed","ping_status":"closed","template":"LearningContentPage.php","meta":{"_acf_changed":false,"footnotes":""},"class_list":["post-75149","page","type-page","status-publish","has-post-thumbnail","hentry"],"acf":[],"yoast_head":"<!-- This site is optimized with the Yoast SEO Premium plugin v27.2 (Yoast SEO v27.2) - https:\/\/yoast.com\/product\/yoast-seo-premium-wordpress\/ -->\n<title>\u0106wiczenia z gramatyki j\u0119zyka polskiego - Talkpal<\/title>\n<meta name=\"description\" content=\"Opanuj polsk\u0105 gramatyk\u0119 dzi\u0119ki interaktywnym \u0107wiczeniom zaprojektowanym dla wszystkich poziom\u00f3w. \u0106wicz i poprawiaj swoje umiej\u0119tno\u015bci j\u0119zykowe!\" \/>\n<meta name=\"robots\" content=\"index, follow, max-snippet:-1, max-image-preview:large, max-video-preview:-1\" \/>\n<link rel=\"canonical\" href=\"https:\/\/talkpal.ai\/pl\/cwiczenia-z-gramatyki-jezyka-polskiego\/\" \/>\n<meta property=\"og:locale\" content=\"pl_PL\" \/>\n<meta property=\"og:type\" content=\"article\" \/>\n<meta property=\"og:title\" content=\"\u0106wiczenia z gramatyki j\u0119zyka polskiego\" \/>\n<meta property=\"og:description\" content=\"Zagadnienia gramatyki polskiej J\u0119zyk polski, j\u0119zyk zachodnios\u0142owia\u0144ski, jest j\u0119zykiem ojczystym Polski i pos\u0142uguj\u0105 si\u0119 nim miliony ludzi na ca\u0142ym \u015bwiecie.\" \/>\n<meta property=\"og:url\" content=\"https:\/\/talkpal.ai\/pl\/cwiczenia-z-gramatyki-jezyka-polskiego\/\" \/>\n<meta property=\"og:site_name\" content=\"Talkpal\" \/>\n<meta property=\"article:publisher\" content=\"https:\/\/www.facebook.com\/profile.php?id=100090733639311\" \/>\n<meta property=\"article:modified_time\" content=\"2025-12-17T09:57:02+00:00\" \/>\n<meta property=\"og:image\" content=\"https:\/\/talkpal.ai\/wp-content\/uploads\/2023\/05\/poland.png\" \/>\n\t<meta property=\"og:image:width\" content=\"512\" \/>\n\t<meta property=\"og:image:height\" content=\"512\" \/>\n\t<meta property=\"og:image:type\" content=\"image\/png\" \/>\n<meta name=\"twitter:card\" content=\"summary_large_image\" \/>\n<meta name=\"twitter:site\" content=\"@talkpalai\" \/>\n<meta name=\"twitter:label1\" content=\"Szacowany czas czytania\" \/>\n\t<meta name=\"twitter:data1\" content=\"3 minuty\" \/>\n<script type=\"application\/ld+json\" class=\"yoast-schema-graph\">{\"@context\":\"https:\/\/schema.org\",\"@graph\":[{\"@type\":\"WebPage\",\"@id\":\"https:\/\/talkpal.ai\/pl\/cwiczenia-z-gramatyki-jezyka-polskiego\/\",\"url\":\"https:\/\/talkpal.ai\/pl\/cwiczenia-z-gramatyki-jezyka-polskiego\/\",\"name\":\"\u0106wiczenia z gramatyki j\u0119zyka polskiego - Talkpal\",\"isPartOf\":{\"@id\":\"https:\/\/talkpal.ai\/pl\/#website\"},\"primaryImageOfPage\":{\"@id\":\"https:\/\/talkpal.ai\/pl\/cwiczenia-z-gramatyki-jezyka-polskiego\/#primaryimage\"},\"image\":{\"@id\":\"https:\/\/talkpal.ai\/pl\/cwiczenia-z-gramatyki-jezyka-polskiego\/#primaryimage\"},\"thumbnailUrl\":\"https:\/\/talkpal.ai\/wp-content\/uploads\/2023\/05\/poland.png\",\"datePublished\":\"2023-06-27T09:07:34+00:00\",\"dateModified\":\"2025-12-17T09:57:02+00:00\",\"description\":\"Opanuj polsk\u0105 gramatyk\u0119 dzi\u0119ki interaktywnym \u0107wiczeniom zaprojektowanym dla wszystkich poziom\u00f3w. \u0106wicz i poprawiaj swoje umiej\u0119tno\u015bci j\u0119zykowe!\",\"breadcrumb\":{\"@id\":\"https:\/\/talkpal.ai\/pl\/cwiczenia-z-gramatyki-jezyka-polskiego\/#breadcrumb\"},\"inLanguage\":\"pl-PL\",\"potentialAction\":[{\"@type\":\"ReadAction\",\"target\":[\"https:\/\/talkpal.ai\/pl\/cwiczenia-z-gramatyki-jezyka-polskiego\/\"]}]},{\"@type\":\"ImageObject\",\"inLanguage\":\"pl-PL\",\"@id\":\"https:\/\/talkpal.ai\/pl\/cwiczenia-z-gramatyki-jezyka-polskiego\/#primaryimage\",\"url\":\"https:\/\/talkpal.ai\/wp-content\/uploads\/2023\/05\/poland.png\",\"contentUrl\":\"https:\/\/talkpal.ai\/wp-content\/uploads\/2023\/05\/poland.png\",\"width\":512,\"height\":512},{\"@type\":\"BreadcrumbList\",\"@id\":\"https:\/\/talkpal.ai\/pl\/cwiczenia-z-gramatyki-jezyka-polskiego\/#breadcrumb\",\"itemListElement\":[{\"@type\":\"ListItem\",\"position\":1,\"name\":\"Homepage\",\"item\":\"https:\/\/talkpal.ai\/pl\/\"},{\"@type\":\"ListItem\",\"position\":2,\"name\":\"\u0106wiczenia z gramatyki j\u0119zyka polskiego\"}]},{\"@type\":\"WebSite\",\"@id\":\"https:\/\/talkpal.ai\/pl\/#website\",\"url\":\"https:\/\/talkpal.ai\/pl\/\",\"name\":\"Talkpal\",\"description\":\"AI Language Learning\",\"publisher\":{\"@id\":\"https:\/\/talkpal.ai\/pl\/#organization\"},\"alternateName\":\"Talkpal AI\",\"potentialAction\":[{\"@type\":\"SearchAction\",\"target\":{\"@type\":\"EntryPoint\",\"urlTemplate\":\"https:\/\/talkpal.ai\/pl\/?s={search_term_string}\"},\"query-input\":{\"@type\":\"PropertyValueSpecification\",\"valueRequired\":true,\"valueName\":\"search_term_string\"}}],\"inLanguage\":\"pl-PL\"},{\"@type\":\"Organization\",\"@id\":\"https:\/\/talkpal.ai\/pl\/#organization\",\"name\":\"Talkpal, Inc.\",\"alternateName\":\"Talkpal AI\",\"url\":\"https:\/\/talkpal.ai\/pl\/\",\"logo\":{\"@type\":\"ImageObject\",\"inLanguage\":\"pl-PL\",\"@id\":\"https:\/\/talkpal.ai\/pl\/#\/schema\/logo\/image\/\",\"url\":\"https:\/\/talkpal.ai\/wp-content\/uploads\/2024\/03\/Talkpal-Logo-Icon.png\",\"contentUrl\":\"https:\/\/talkpal.ai\/wp-content\/uploads\/2024\/03\/Talkpal-Logo-Icon.png\",\"width\":2880,\"height\":2880,\"caption\":\"Talkpal, Inc.\"},\"image\":{\"@id\":\"https:\/\/talkpal.ai\/pl\/#\/schema\/logo\/image\/\"},\"sameAs\":[\"https:\/\/www.facebook.com\/profile.php?id=100090733639311\",\"https:\/\/x.com\/talkpalai\",\"https:\/\/www.linkedin.com\/company\/talkpal\/\",\"https:\/\/www.youtube.com\/@TalkPal\/\",\"https:\/\/www.tiktok.com\/@talkpal\",\"https:\/\/www.instagram.com\/talkpal_ai\/\",\"https:\/\/www.crunchbase.com\/organization\/talkpal-9cde\",\"https:\/\/www.g2.com\/products\/talkpal-for-business\/\",\"https:\/\/www.trustpilot.com\/review\/talkpal.ai\",\"https:\/\/www.capterra.com\/p\/10006800\/TalkPal\/\"],\"description\":\"Talkpal is a language learning web and mobile education app, powered by the latest AI technologies, that provides engaging experiences to its customers in many different languages to help them improve their language skills. Users can chat about unlimited amount of topics with the app and use other modes to practice their language learning.\",\"email\":\"support@talkpal.ai\",\"legalName\":\"Talkpal, Inc.\",\"foundingDate\":\"2023-04-03\",\"duns\":\"118989042\",\"numberOfEmployees\":{\"@type\":\"QuantitativeValue\",\"minValue\":\"11\",\"maxValue\":\"50\"},\"publishingPrinciples\":\"https:\/\/talkpal.ai\/publishing-principles\/\",\"actionableFeedbackPolicy\":\"https:\/\/talkpal.ai\/actionable-feedback-policy\/\",\"correctionsPolicy\":\"https:\/\/talkpal.ai\/corrections-policy\/\",\"ethicsPolicy\":\"https:\/\/talkpal.ai\/ethics-policy\/\",\"diversityPolicy\":\"https:\/\/talkpal.ai\/diversity-policy\/\",\"diversityStaffingReport\":\"https:\/\/talkpal.ai\/diversity-policy\/\"}]}<\/script>\n<!-- \/ Yoast SEO Premium plugin. -->","yoast_head_json":{"title":"\u0106wiczenia z gramatyki j\u0119zyka polskiego - Talkpal","description":"Opanuj polsk\u0105 gramatyk\u0119 dzi\u0119ki interaktywnym \u0107wiczeniom zaprojektowanym dla wszystkich poziom\u00f3w. \u0106wicz i poprawiaj swoje umiej\u0119tno\u015bci j\u0119zykowe!","robots":{"index":"index","follow":"follow","max-snippet":"max-snippet:-1","max-image-preview":"max-image-preview:large","max-video-preview":"max-video-preview:-1"},"canonical":"https:\/\/talkpal.ai\/pl\/cwiczenia-z-gramatyki-jezyka-polskiego\/","og_locale":"pl_PL","og_type":"article","og_title":"\u0106wiczenia z gramatyki j\u0119zyka polskiego","og_description":"Zagadnienia gramatyki polskiej J\u0119zyk polski, j\u0119zyk zachodnios\u0142owia\u0144ski, jest j\u0119zykiem ojczystym Polski i pos\u0142uguj\u0105 si\u0119 nim miliony ludzi na ca\u0142ym \u015bwiecie.","og_url":"https:\/\/talkpal.ai\/pl\/cwiczenia-z-gramatyki-jezyka-polskiego\/","og_site_name":"Talkpal","article_publisher":"https:\/\/www.facebook.com\/profile.php?id=100090733639311","article_modified_time":"2025-12-17T09:57:02+00:00","og_image":[{"width":512,"height":512,"url":"https:\/\/talkpal.ai\/wp-content\/uploads\/2023\/05\/poland.png","type":"image\/png"}],"twitter_card":"summary_large_image","twitter_site":"@talkpalai","twitter_misc":{"Szacowany czas czytania":"3 minuty"},"schema":{"@context":"https:\/\/schema.org","@graph":[{"@type":"WebPage","@id":"https:\/\/talkpal.ai\/pl\/cwiczenia-z-gramatyki-jezyka-polskiego\/","url":"https:\/\/talkpal.ai\/pl\/cwiczenia-z-gramatyki-jezyka-polskiego\/","name":"\u0106wiczenia z gramatyki j\u0119zyka polskiego - Talkpal","isPartOf":{"@id":"https:\/\/talkpal.ai\/pl\/#website"},"primaryImageOfPage":{"@id":"https:\/\/talkpal.ai\/pl\/cwiczenia-z-gramatyki-jezyka-polskiego\/#primaryimage"},"image":{"@id":"https:\/\/talkpal.ai\/pl\/cwiczenia-z-gramatyki-jezyka-polskiego\/#primaryimage"},"thumbnailUrl":"https:\/\/talkpal.ai\/wp-content\/uploads\/2023\/05\/poland.png","datePublished":"2023-06-27T09:07:34+00:00","dateModified":"2025-12-17T09:57:02+00:00","description":"Opanuj polsk\u0105 gramatyk\u0119 dzi\u0119ki interaktywnym \u0107wiczeniom zaprojektowanym dla wszystkich poziom\u00f3w. \u0106wicz i poprawiaj swoje umiej\u0119tno\u015bci j\u0119zykowe!","breadcrumb":{"@id":"https:\/\/talkpal.ai\/pl\/cwiczenia-z-gramatyki-jezyka-polskiego\/#breadcrumb"},"inLanguage":"pl-PL","potentialAction":[{"@type":"ReadAction","target":["https:\/\/talkpal.ai\/pl\/cwiczenia-z-gramatyki-jezyka-polskiego\/"]}]},{"@type":"ImageObject","inLanguage":"pl-PL","@id":"https:\/\/talkpal.ai\/pl\/cwiczenia-z-gramatyki-jezyka-polskiego\/#primaryimage","url":"https:\/\/talkpal.ai\/wp-content\/uploads\/2023\/05\/poland.png","contentUrl":"https:\/\/talkpal.ai\/wp-content\/uploads\/2023\/05\/poland.png","width":512,"height":512},{"@type":"BreadcrumbList","@id":"https:\/\/talkpal.ai\/pl\/cwiczenia-z-gramatyki-jezyka-polskiego\/#breadcrumb","itemListElement":[{"@type":"ListItem","position":1,"name":"Homepage","item":"https:\/\/talkpal.ai\/pl\/"},{"@type":"ListItem","position":2,"name":"\u0106wiczenia z gramatyki j\u0119zyka polskiego"}]},{"@type":"WebSite","@id":"https:\/\/talkpal.ai\/pl\/#website","url":"https:\/\/talkpal.ai\/pl\/","name":"Talkpal","description":"AI Language Learning","publisher":{"@id":"https:\/\/talkpal.ai\/pl\/#organization"},"alternateName":"Talkpal AI","potentialAction":[{"@type":"SearchAction","target":{"@type":"EntryPoint","urlTemplate":"https:\/\/talkpal.ai\/pl\/?s={search_term_string}"},"query-input":{"@type":"PropertyValueSpecification","valueRequired":true,"valueName":"search_term_string"}}],"inLanguage":"pl-PL"},{"@type":"Organization","@id":"https:\/\/talkpal.ai\/pl\/#organization","name":"Talkpal, Inc.","alternateName":"Talkpal AI","url":"https:\/\/talkpal.ai\/pl\/","logo":{"@type":"ImageObject","inLanguage":"pl-PL","@id":"https:\/\/talkpal.ai\/pl\/#\/schema\/logo\/image\/","url":"https:\/\/talkpal.ai\/wp-content\/uploads\/2024\/03\/Talkpal-Logo-Icon.png","contentUrl":"https:\/\/talkpal.ai\/wp-content\/uploads\/2024\/03\/Talkpal-Logo-Icon.png","width":2880,"height":2880,"caption":"Talkpal, Inc."},"image":{"@id":"https:\/\/talkpal.ai\/pl\/#\/schema\/logo\/image\/"},"sameAs":["https:\/\/www.facebook.com\/profile.php?id=100090733639311","https:\/\/x.com\/talkpalai","https:\/\/www.linkedin.com\/company\/talkpal\/","https:\/\/www.youtube.com\/@TalkPal\/","https:\/\/www.tiktok.com\/@talkpal","https:\/\/www.instagram.com\/talkpal_ai\/","https:\/\/www.crunchbase.com\/organization\/talkpal-9cde","https:\/\/www.g2.com\/products\/talkpal-for-business\/","https:\/\/www.trustpilot.com\/review\/talkpal.ai","https:\/\/www.capterra.com\/p\/10006800\/TalkPal\/"],"description":"Talkpal is a language learning web and mobile education app, powered by the latest AI technologies, that provides engaging experiences to its customers in many different languages to help them improve their language skills. Users can chat about unlimited amount of topics with the app and use other modes to practice their language learning.","email":"support@talkpal.ai","legalName":"Talkpal, Inc.","foundingDate":"2023-04-03","duns":"118989042","numberOfEmployees":{"@type":"QuantitativeValue","minValue":"11","maxValue":"50"},"publishingPrinciples":"https:\/\/talkpal.ai\/publishing-principles\/","actionableFeedbackPolicy":"https:\/\/talkpal.ai\/actionable-feedback-policy\/","correctionsPolicy":"https:\/\/talkpal.ai\/corrections-policy\/","ethicsPolicy":"https:\/\/talkpal.ai\/ethics-policy\/","diversityPolicy":"https:\/\/talkpal.ai\/diversity-policy\/","diversityStaffingReport":"https:\/\/talkpal.ai\/diversity-policy\/"}]}},"_links":{"self":[{"href":"https:\/\/talkpal.ai\/pl\/wp-json\/wp\/v2\/pages\/75149","targetHints":{"allow":["GET"]}}],"collection":[{"href":"https:\/\/talkpal.ai\/pl\/wp-json\/wp\/v2\/pages"}],"about":[{"href":"https:\/\/talkpal.ai\/pl\/wp-json\/wp\/v2\/types\/page"}],"author":[{"embeddable":true,"href":"https:\/\/talkpal.ai\/pl\/wp-json\/wp\/v2\/users\/6"}],"replies":[{"embeddable":true,"href":"https:\/\/talkpal.ai\/pl\/wp-json\/wp\/v2\/comments?post=75149"}],"version-history":[{"count":0,"href":"https:\/\/talkpal.ai\/pl\/wp-json\/wp\/v2\/pages\/75149\/revisions"}],"wp:featuredmedia":[{"embeddable":true,"href":"https:\/\/talkpal.ai\/pl\/wp-json\/wp\/v2\/media\/64160"}],"wp:attachment":[{"href":"https:\/\/talkpal.ai\/pl\/wp-json\/wp\/v2\/media?parent=75149"}],"curies":[{"name":"wp","href":"https:\/\/api.w.org\/{rel}","templated":true}]}}