{"id":68707,"date":"2023-03-25T16:57:06","date_gmt":"2023-03-25T16:57:06","guid":{"rendered":"http:\/\/talkpal.ai\/gramatyka-angielska\/"},"modified":"2025-05-22T19:26:30","modified_gmt":"2025-05-22T19:26:30","slug":"gramatyka-angielska","status":"publish","type":"page","link":"https:\/\/talkpal.ai\/pl\/gramatyka-angielska\/","title":{"rendered":"Gramatyka angielska"},"content":{"rendered":"\r\n\r\n\r\n<section class=\"languageChallengeSection\">\r\n    <div class=\"languageInfoWrapper\">\r\n        \r\n        <h1>Gramatyka angielska<\/h1>\r\n        <p>Gotowy do rozpocz\u0119cia nauki angielskiego? Wystarczy odrobina gramatyki i kilka nowych s\u0142\u00f3w, by w mgnieniu oka zacz\u0105\u0107 rozmawia\u0107 i nawi\u0105zywa\u0107 kontakty z lud\u017ami z ca\u0142ego \u015bwiata. Zanurz si\u0119 i spraw, aby nauka angielskiego by\u0142a przyjemna i \u0142atwa &#8211; Twoja podr\u00f3\u017c do p\u0142ynno\u015bci zaczyna si\u0119 ju\u017c dzi\u015b!\n\n<\/p>\r\n\r\n                            <a class=\"getStartedHidden\" href=\"https:\/\/app.talkpal.ai\/pl\/signup?lng=\">Zaczynaj<\/a>\r\n        \r\n    <\/div>\r\n\r\n    <figure>\r\n    <img decoding=\"async\" width=\"768\" height=\"768\" src=\"https:\/\/talkpal.ai\/wp-content\/uploads\/2023\/06\/English-768x768.png\" class=\"languageImage no-lazy\" alt=\"Language learning for improved multitasking\" fetchpriority=\"high\" sizes=\"(max-width: 768px) 150px, 768px\" srcset=\"https:\/\/talkpal.ai\/wp-content\/uploads\/2023\/06\/English-768x768.png 768w, https:\/\/talkpal.ai\/wp-content\/uploads\/2023\/06\/English-300x300.png 300w\" \/>\r\n    \r\n\r\n    <\/figure>\r\n\r\n            <a class=\"getStartedVisible\" href=\"https:\/\/app.talkpal.ai\/pl\/signup?lng=\">Zaczynaj<\/a>\r\n    \r\n<\/section>\r\n        <section class=\"grammarSection\">\r\n            <div class=\"grammarLinks\">\r\n                <a href=\"https:\/\/talkpal.ai\/pl\/language\/artykuly-gramatyka-angielska\/\">Artyku\u0142y <\/a><a href=\"https:\/\/talkpal.ai\/pl\/language\/czasowniki-gramatyka-angielska\/\">Czasowniki <\/a><a href=\"https:\/\/talkpal.ai\/pl\/language\/czasy-gramatyka-angielska\/\">Czasy <\/a><a href=\"https:\/\/talkpal.ai\/pl\/language\/instrukcje-warunkowe-gramatyka-angielska\/\">Instrukcje warunkowe <\/a><a href=\"https:\/\/talkpal.ai\/pl\/language\/przyimki-gramatyka-angielska\/\">Przyimki <\/a><a href=\"https:\/\/talkpal.ai\/pl\/language\/przymiotniki-gramatyka-angielska\/\">Przymiotniki <\/a><a href=\"https:\/\/talkpal.ai\/pl\/language\/przyslowki-gramatyka-angielska\/\">Przys\u0142\u00f3wki <\/a><a href=\"https:\/\/talkpal.ai\/pl\/language\/rzeczowniki-gramatyka-angielska\/\">Rzeczowniki <\/a><a href=\"https:\/\/talkpal.ai\/pl\/language\/zaimki-okreslniki-gramatyka-angielska\/\">Zaimki\/Okre\u015blniki <\/a><a href=\"https:\/\/talkpal.ai\/pl\/language\/zdania-gramatyka-angielska\/\">Zdania <\/a>            <\/div>\r\n        <\/section>\r\n    <section class=\"promotionalBanner\">\r\n    <p class=\"promotionalText\">Najbardziej efektywny spos\u00f3b nauki j\u0119zyka<\/p>\r\n    <a class=\"promotionalLink\" href=\"https:\/\/app.talkpal.ai\/pl\/signup?lng=\">Wypr\u00f3buj Talkpal za darmo<\/a>\r\n<\/section>\n<div class=\"wp-block-group pageContainerStyle\"><div class=\"wp-block-group__inner-container is-layout-constrained wp-block-group-is-layout-constrained\">\n<h2 class=\"wp-block-heading\" id=\"h-the-importance-of-english-grammar-a-guide-to-mastering-the-rules-and-principles\">Znaczenie gramatyki angielskiej: przewodnik po opanowaniu regu\u0142 i zasad<\/h2>\n\n\n\n<p>Poniewa\u017c <a href=\"https:\/\/talkpal.ai\/learn-english-with-ai\/\">angielski<\/a> jest jednym z najpopularniejszych j\u0119zyk\u00f3w u\u017cywanych na ca\u0142ym <a href=\"https:\/\/talkpal.ai\/locations\/language-courses-in-swiecie\/\">\u015bwiecie<\/a>, nic dziwnego, \u017ce ludzie ch\u0119tnie poprawiaj\u0105 swoj\u0105 p\u0142ynno\u015b\u0107 i znajomo\u015b\u0107 tego j\u0119zyka. Jednym z kluczowych aspekt\u00f3w opanowania j\u0119zyka angielskiego jest zrozumienie jego gramatyki. Ale dlaczego <a href=\"https:\/\/talkpal.ai\/grammar\/\">gramatyka<\/a> jest tak wa\u017cna i jak mo\u017cemy si\u0119 jej skutecznie uczy\u0107? W tym artykule zag\u0142\u0119bimy si\u0119 w znaczenie gramatyki angielskiej, om\u00f3wimy jej kluczowe zasady i podzielimy si\u0119 kilkoma przydatnymi wskaz\u00f3wkami, aby wyostrzy\u0107 swoje umiej\u0119tno\u015bci.<\/p>\n\n\n\n<h3 class=\"wp-block-heading\" id=\"h-the-role-of-grammar-in-the-english-language\">Rola gramatyki w j\u0119zyku angielskim:<\/h3>\n\n\n\n<p>O co wi\u0119c chodzi z gramatyk\u0105? Zasadniczo gramatyka s\u0142u\u017cy jako budulec ka\u017cdego j\u0119zyka &#8211; jest to zestaw regu\u0142 i zasad, kt\u00f3re reguluj\u0105 spos\u00f3b, w jaki u\u017cywamy s\u0142\u00f3w do tworzenia znacz\u0105cych zda\u0144. Przestrzegaj\u0105c tych zasad, mo\u017cemy zapewni\u0107 jasn\u0105 komunikacj\u0119 i unikn\u0105\u0107 nieporozumie\u0144. Wyobra\u017a sobie, \u017ce pr\u00f3bujesz ugotowa\u0107 posi\u0142ek bez przestrzegania przepisu &#8211; efekt ko\u0144cowy mo\u017ce by\u0107 niesmaczny! Podobnie, zaniedbywanie gramatyki w naszej codziennej mowie i pi\u015bmie mo\u017ce prowadzi\u0107 do nieporozumie\u0144 i b\u0142\u0119dnej interpretacji.<\/p>\n\n\n\n<h3 class=\"wp-block-heading\" id=\"h-key-principles-of-english-grammar\">Kluczowe zasady gramatyki angielskiej:<\/h3>\n\n\n\n<p>Chocia\u017c <a href=\"https:\/\/talkpal.ai\/english-grammar\/\">gramatyka angielska<\/a> obejmuje szeroki wachlarz regu\u0142, istnieje kilka kluczowych zasad, kt\u00f3rych powiniene\u015b by\u0107 \u015bwiadomy:<\/p>\n\n\n\n<p><strong>1. Cz\u0119\u015bci mowy:<\/strong> S\u0105 to role, jakie s\u0142owa odgrywaj\u0105 w zdaniu. W zale\u017cno\u015bci od ich funkcji, s\u0142owa mog\u0105 by\u0107 klasyfikowane jako rzeczowniki, zaimki, czasowniki, przymiotniki, przys\u0142\u00f3wki, przyimki, sp\u00f3jniki lub wtr\u0105cenia.<\/p>\n\n\n\n<p><strong>2. Czasy:<\/strong> Czasy wskazuj\u0105 czas czynno\u015bci lub stan istnienia. S\u0105 one podzielone na przesz\u0142e, tera\u017aniejsze i przysz\u0142e, a ka\u017cdy czas ma cztery aspekty &#8211; prosty, progresywny, doskona\u0142y i doskona\u0142y progresywny.<\/p>\n\n\n\n<p><strong>3. Zgodno\u015b\u0107 podmiotu z czasownikiem:<\/strong> Zasadniczo podmiot (rzeczownik lub zaimek) i czasownik w zdaniu musz\u0105 zgadza\u0107 si\u0119 co do liczby &#8211; pojedynczej lub mnogiej. Na przyk\u0142ad &#8222;Ona czyta ksi\u0105\u017ck\u0119&#8221; i &#8222;Oni czytaj\u0105 ksi\u0105\u017cki&#8221; s\u0105 poprawne gramatycznie.<\/p>\n\n\n\n<p><strong>4. Struktura zdania:<\/strong> Dobrze zbudowane zdanie sk\u0142ada si\u0119 z podmiotu, czasownika i, cz\u0119sto, dope\u0142nienia. Zdania mog\u0105 by\u0107 proste (jedna niezale\u017cna klauzula), z\u0142o\u017cone (dwie lub wi\u0119cej niezale\u017cnych klauzul) lub z\u0142o\u017cone (jedna niezale\u017cna klauzula i jedna lub wi\u0119cej zale\u017cnych klauzul).<\/p>\n\n\n\n<p><strong>5. Interpunkcja:<\/strong> Znaki interpunkcyjne, takie jak przecinki, kropki i \u015bredniki, maj\u0105 kluczowe znaczenie dla porz\u0105dkowania i wyja\u015bniania j\u0119zyka pisanego. Prawid\u0142owa interpunkcja zapewnia, \u017ce Twoje pomys\u0142y s\u0105 przekazywane z precyzj\u0105 i sp\u00f3jno\u015bci\u0105.<\/p>\n\n\n\n<h3 class=\"wp-block-heading\" id=\"h-tips-to-improve-your-english-grammar\">Wskaz\u00f3wki dotycz\u0105ce poprawy gramatyki j\u0119zyka angielskiego:<\/h3>\n\n\n\n<p>Teraz, gdy om\u00f3wili\u015bmy podstawy gramatyki angielskiej, przyjrzyjmy si\u0119 kilku skutecznym sposobom doskonalenia swoich umiej\u0119tno\u015bci:<\/p>\n\n\n\n<p><strong>1. Czytaj regularnie:<\/strong> Czytanie to doskona\u0142y spos\u00f3b na zinternalizowanie poprawnej gramatyki. Im wi\u0119cej b\u0119dziesz mia\u0142 styczno\u015bci z dobrze napisanymi artyku\u0142ami, ksi\u0105\u017ckami lub esejami, tym lepiej zrozumiesz zasady i struktury.<\/p>\n\n\n\n<p><strong>2. \u0106wicz pisanie:<\/strong> Regularne pisanie pozwala zastosowa\u0107 wiedz\u0119 gramatyczn\u0105 i zidentyfikowa\u0107 obszary wymagaj\u0105ce poprawy. Rozwa\u017c prowadzenie dziennika lub za\u0142o\u017cenie <a href=\"https:\/\/talkpal.ai\/blog\/\">bloga<\/a>, aby rozwin\u0105\u0107 swoje umiej\u0119tno\u015bci pisania.<\/p>\n\n\n\n<p><strong>3. Przestudiuj zasoby gramatyczne:<\/strong> Zapoznaj si\u0119 z renomowanymi ksi\u0105\u017ckami gramatycznymi, stronami internetowymi lub aplikacjami, aby pog\u0142\u0119bi\u0107 zrozumienie zasad. Regularne przegl\u0105danie tych materia\u0142\u00f3w pomo\u017ce ugruntowa\u0107 wiedz\u0119.<\/p>\n\n\n\n<p><strong>4. Poszukaj informacji zwrotnej:<\/strong> Wsp\u00f3\u0142pracuj z innymi, aby otrzymywa\u0107 konstruktywn\u0105 krytyk\u0119 na temat swojego j\u0119zyka angielskiego w mowie i pi\u015bmie. Mog\u0105 to by\u0107 fora internetowe, grupy wymiany j\u0119zykowej lub znajomi i wsp\u00f3\u0142pracownicy, kt\u00f3rzy biegle pos\u0142uguj\u0105 si\u0119 j\u0119zykiem angielskim.<\/p>\n\n\n\n<p><strong>5. B\u0105d\u017a cierpliwy i wytrwa\u0142y:<\/strong> Nauka gramatyki to stopniowy proces, kt\u00f3ry wymaga czasu i wysi\u0142ku. Pozosta\u0144 zaanga\u017cowany, \u0107wicz i \u015bwi\u0119tuj swoje post\u0119py.<\/p>\n\n\n\n<h3 class=\"wp-block-heading\" id=\"h-conclusion\">Wnioski:<\/h3>\n\n\n\n<p>Opanowanie gramatyki j\u0119zyka angielskiego jest niezb\u0119dnym krokiem na drodze do p\u0142ynno\u015bci. Rozumiej\u0105c jego znaczenie, zapoznaj\u0105c si\u0119 z kluczowymi zasadami i aktywnie \u0107wicz\u0105c, wkr\u00f3tce rozwiniesz siln\u0105 znajomo\u015b\u0107 tego j\u0119zyka. Pami\u0119taj, \u017ce nie od razu Rzym zbudowano &#8211; b\u0105d\u017a wi\u0119c cierpliwy, baw si\u0119 dobrze i ciesz si\u0119 podr\u00f3\u017c\u0105 w kierunku nienagannej gramatyki!<\/p>\n<\/div><\/div>\n\r\n<section class=\"learnNavigationSection\">\r\n            \r\n        <a href=\"https:\/\/talkpal.ai\/pl\/nauka-angielskiego\/\">\r\n            <div class=\"learnNavigationWrapper\">\r\n                <div class=\"learnNavigationContent\">\r\n                    <img decoding=\"async\" src=\"https:\/\/talkpal.ai\/wp-content\/uploads\/2024\/08\/English.jpg\" alt=\"English Flag\">\r\n                    <div>\r\n                        <h4>O English Learning<\/h4>\r\n                        <p>Dowiedz si\u0119 wszystkiego o gramatyce angielskiej.<\/p>\r\n                    <\/div>\r\n                <\/div>\r\n            <\/div>\r\n        <\/a>\r\n\r\n        \r\n        <a href=\"https:\/\/talkpal.ai\/pl\/cwiczenia-z-gramatyki-jezyka-angielskiego\/\">\r\n            <div class=\"learnNavigationWrapper\">\r\n                <div class=\"learnNavigationContent\">\r\n                    <img decoding=\"async\" src=\"https:\/\/talkpal.ai\/wp-content\/uploads\/2024\/08\/English.jpg\" alt=\"English Flag\">\r\n                    <div>\r\n                        <h4>\u0106wiczenia z gramatyki j\u0119zyka angielskiego<\/h4>\r\n                        <p>\u0106wicz gramatyk\u0119 angielsk\u0105 gramatyka.<\/p>\r\n                    <\/div>\r\n                <\/div>\r\n            <\/div>\r\n        <\/a>\r\n\r\n        \r\n        <a href=\"https:\/\/talkpal.ai\/vocabulary_language\/english\/\">\r\n            <div class=\"learnNavigationWrapper\">\r\n                <div class=\"learnNavigationContent\">\r\n                    <img decoding=\"async\" src=\"https:\/\/talkpal.ai\/wp-content\/uploads\/2024\/08\/English.jpg\" alt=\"English Flag\">\r\n                    <div>\r\n                        <h4>S\u0142ownictwo angielskie<\/h4>\r\n                        <p>Poszerz swoje angielskie s\u0142ownictwo.<\/p>\r\n                    <\/div>\r\n                <\/div>\r\n            <\/div>\r\n        <\/a>\r\n\r\n            <\/section>","protected":false},"excerpt":{"rendered":"<p>Znaczenie gramatyki angielskiej: przewodnik po opanowaniu regu\u0142 i zasad Poniewa\u017c angielski jest jednym z najpopularniejszych j\u0119zyk\u00f3w u\u017cywanych na ca\u0142ym \u015bwiecie, nic dziwnego, \u017ce ludzie ch\u0119tnie poprawiaj\u0105 swoj\u0105 p\u0142ynno\u015b\u0107 i znajomo\u015b\u0107 tego j\u0119zyka. Jednym z kluczowych aspekt\u00f3w opanowania j\u0119zyka angielskiego jest zrozumienie jego gramatyki. Ale dlaczego gramatyka jest tak wa\u017cna i jak mo\u017cemy si\u0119 jej skutecznie [&hellip;]<\/p>\n","protected":false},"author":1,"featured_media":64479,"parent":0,"menu_order":0,"comment_status":"closed","ping_status":"closed","template":"LearningContentPage.php","meta":{"_acf_changed":false,"footnotes":""},"class_list":["post-68707","page","type-page","status-publish","has-post-thumbnail","hentry"],"acf":[],"yoast_head":"<!-- This site is optimized with the Yoast SEO Premium plugin v27.2 (Yoast SEO v27.2) - https:\/\/yoast.com\/product\/yoast-seo-premium-wordpress\/ -->\n<title>Gramatyka angielska - Talkpal<\/title>\n<meta name=\"description\" content=\"Popraw swoje umiej\u0119tno\u015bci gramatyczne w j\u0119zyku angielskim bez wysi\u0142ku dzi\u0119ki Talkpalopartej na sztucznej inteligencji aplikacji do nauki j\u0119zyka.\" \/>\n<meta name=\"robots\" content=\"index, follow, max-snippet:-1, max-image-preview:large, max-video-preview:-1\" \/>\n<link rel=\"canonical\" href=\"https:\/\/talkpal.ai\/pl\/gramatyka-angielska\/\" \/>\n<meta property=\"og:locale\" content=\"pl_PL\" \/>\n<meta property=\"og:type\" content=\"article\" \/>\n<meta property=\"og:title\" content=\"Gramatyka angielska\" \/>\n<meta property=\"og:description\" content=\"Znaczenie gramatyki angielskiej: przewodnik po opanowaniu regu\u0142 i zasad Poniewa\u017c angielski jest jednym z najpopularniejszych j\u0119zyk\u00f3w u\u017cywanych na ca\u0142ym\" \/>\n<meta property=\"og:url\" content=\"https:\/\/talkpal.ai\/pl\/gramatyka-angielska\/\" \/>\n<meta property=\"og:site_name\" content=\"Talkpal\" \/>\n<meta property=\"article:publisher\" content=\"https:\/\/www.facebook.com\/profile.php?id=100090733639311\" \/>\n<meta property=\"article:modified_time\" content=\"2025-05-22T19:26:30+00:00\" \/>\n<meta property=\"og:image\" content=\"https:\/\/talkpal.ai\/wp-content\/uploads\/2023\/03\/united-kingdom.png\" \/>\n\t<meta property=\"og:image:width\" content=\"512\" \/>\n\t<meta property=\"og:image:height\" content=\"512\" \/>\n\t<meta property=\"og:image:type\" content=\"image\/png\" \/>\n<meta name=\"twitter:card\" content=\"summary_large_image\" \/>\n<meta name=\"twitter:site\" content=\"@talkpalai\" \/>\n<meta name=\"twitter:label1\" content=\"Szacowany czas czytania\" \/>\n\t<meta name=\"twitter:data1\" content=\"3 minuty\" \/>\n<script type=\"application\/ld+json\" class=\"yoast-schema-graph\">{\"@context\":\"https:\/\/schema.org\",\"@graph\":[{\"@type\":\"WebPage\",\"@id\":\"https:\/\/talkpal.ai\/pl\/gramatyka-angielska\/\",\"url\":\"https:\/\/talkpal.ai\/pl\/gramatyka-angielska\/\",\"name\":\"Gramatyka angielska - Talkpal\",\"isPartOf\":{\"@id\":\"https:\/\/talkpal.ai\/pl\/#website\"},\"primaryImageOfPage\":{\"@id\":\"https:\/\/talkpal.ai\/pl\/gramatyka-angielska\/#primaryimage\"},\"image\":{\"@id\":\"https:\/\/talkpal.ai\/pl\/gramatyka-angielska\/#primaryimage\"},\"thumbnailUrl\":\"https:\/\/talkpal.ai\/wp-content\/uploads\/2023\/03\/united-kingdom.png\",\"datePublished\":\"2023-03-25T16:57:06+00:00\",\"dateModified\":\"2025-05-22T19:26:30+00:00\",\"description\":\"Popraw swoje umiej\u0119tno\u015bci gramatyczne w j\u0119zyku angielskim bez wysi\u0142ku dzi\u0119ki Talkpalopartej na sztucznej inteligencji aplikacji do nauki j\u0119zyka.\",\"breadcrumb\":{\"@id\":\"https:\/\/talkpal.ai\/pl\/gramatyka-angielska\/#breadcrumb\"},\"inLanguage\":\"pl-PL\",\"potentialAction\":[{\"@type\":\"ReadAction\",\"target\":[\"https:\/\/talkpal.ai\/pl\/gramatyka-angielska\/\"]}]},{\"@type\":\"ImageObject\",\"inLanguage\":\"pl-PL\",\"@id\":\"https:\/\/talkpal.ai\/pl\/gramatyka-angielska\/#primaryimage\",\"url\":\"https:\/\/talkpal.ai\/wp-content\/uploads\/2023\/03\/united-kingdom.png\",\"contentUrl\":\"https:\/\/talkpal.ai\/wp-content\/uploads\/2023\/03\/united-kingdom.png\",\"width\":512,\"height\":512,\"caption\":\"TalkPal AI learn English\"},{\"@type\":\"BreadcrumbList\",\"@id\":\"https:\/\/talkpal.ai\/pl\/gramatyka-angielska\/#breadcrumb\",\"itemListElement\":[{\"@type\":\"ListItem\",\"position\":1,\"name\":\"Homepage\",\"item\":\"https:\/\/talkpal.ai\/pl\/\"},{\"@type\":\"ListItem\",\"position\":2,\"name\":\"Gramatyka angielska\"}]},{\"@type\":\"WebSite\",\"@id\":\"https:\/\/talkpal.ai\/pl\/#website\",\"url\":\"https:\/\/talkpal.ai\/pl\/\",\"name\":\"Talkpal\",\"description\":\"AI Language Learning\",\"publisher\":{\"@id\":\"https:\/\/talkpal.ai\/pl\/#organization\"},\"alternateName\":\"Talkpal AI\",\"potentialAction\":[{\"@type\":\"SearchAction\",\"target\":{\"@type\":\"EntryPoint\",\"urlTemplate\":\"https:\/\/talkpal.ai\/pl\/?s={search_term_string}\"},\"query-input\":{\"@type\":\"PropertyValueSpecification\",\"valueRequired\":true,\"valueName\":\"search_term_string\"}}],\"inLanguage\":\"pl-PL\"},{\"@type\":\"Organization\",\"@id\":\"https:\/\/talkpal.ai\/pl\/#organization\",\"name\":\"Talkpal, Inc.\",\"alternateName\":\"Talkpal AI\",\"url\":\"https:\/\/talkpal.ai\/pl\/\",\"logo\":{\"@type\":\"ImageObject\",\"inLanguage\":\"pl-PL\",\"@id\":\"https:\/\/talkpal.ai\/pl\/#\/schema\/logo\/image\/\",\"url\":\"https:\/\/talkpal.ai\/wp-content\/uploads\/2024\/03\/Talkpal-Logo-Icon.png\",\"contentUrl\":\"https:\/\/talkpal.ai\/wp-content\/uploads\/2024\/03\/Talkpal-Logo-Icon.png\",\"width\":2880,\"height\":2880,\"caption\":\"Talkpal, Inc.\"},\"image\":{\"@id\":\"https:\/\/talkpal.ai\/pl\/#\/schema\/logo\/image\/\"},\"sameAs\":[\"https:\/\/www.facebook.com\/profile.php?id=100090733639311\",\"https:\/\/x.com\/talkpalai\",\"https:\/\/www.linkedin.com\/company\/talkpal\/\",\"https:\/\/www.youtube.com\/@TalkPal\/\",\"https:\/\/www.tiktok.com\/@talkpal\",\"https:\/\/www.instagram.com\/talkpal_ai\/\",\"https:\/\/www.crunchbase.com\/organization\/talkpal-9cde\",\"https:\/\/www.g2.com\/products\/talkpal-for-business\/\",\"https:\/\/www.trustpilot.com\/review\/talkpal.ai\",\"https:\/\/www.capterra.com\/p\/10006800\/TalkPal\/\"],\"description\":\"Talkpal is a language learning web and mobile education app, powered by the latest AI technologies, that provides engaging experiences to its customers in many different languages to help them improve their language skills. Users can chat about unlimited amount of topics with the app and use other modes to practice their language learning.\",\"email\":\"support@talkpal.ai\",\"legalName\":\"Talkpal, Inc.\",\"foundingDate\":\"2023-04-03\",\"duns\":\"118989042\",\"numberOfEmployees\":{\"@type\":\"QuantitativeValue\",\"minValue\":\"11\",\"maxValue\":\"50\"},\"publishingPrinciples\":\"https:\/\/talkpal.ai\/publishing-principles\/\",\"actionableFeedbackPolicy\":\"https:\/\/talkpal.ai\/actionable-feedback-policy\/\",\"correctionsPolicy\":\"https:\/\/talkpal.ai\/corrections-policy\/\",\"ethicsPolicy\":\"https:\/\/talkpal.ai\/ethics-policy\/\",\"diversityPolicy\":\"https:\/\/talkpal.ai\/diversity-policy\/\",\"diversityStaffingReport\":\"https:\/\/talkpal.ai\/diversity-policy\/\"}]}<\/script>\n<!-- \/ Yoast SEO Premium plugin. -->","yoast_head_json":{"title":"Gramatyka angielska - Talkpal","description":"Popraw swoje umiej\u0119tno\u015bci gramatyczne w j\u0119zyku angielskim bez wysi\u0142ku dzi\u0119ki Talkpalopartej na sztucznej inteligencji aplikacji do nauki j\u0119zyka.","robots":{"index":"index","follow":"follow","max-snippet":"max-snippet:-1","max-image-preview":"max-image-preview:large","max-video-preview":"max-video-preview:-1"},"canonical":"https:\/\/talkpal.ai\/pl\/gramatyka-angielska\/","og_locale":"pl_PL","og_type":"article","og_title":"Gramatyka angielska","og_description":"Znaczenie gramatyki angielskiej: przewodnik po opanowaniu regu\u0142 i zasad Poniewa\u017c angielski jest jednym z najpopularniejszych j\u0119zyk\u00f3w u\u017cywanych na ca\u0142ym","og_url":"https:\/\/talkpal.ai\/pl\/gramatyka-angielska\/","og_site_name":"Talkpal","article_publisher":"https:\/\/www.facebook.com\/profile.php?id=100090733639311","article_modified_time":"2025-05-22T19:26:30+00:00","og_image":[{"width":512,"height":512,"url":"https:\/\/talkpal.ai\/wp-content\/uploads\/2023\/03\/united-kingdom.png","type":"image\/png"}],"twitter_card":"summary_large_image","twitter_site":"@talkpalai","twitter_misc":{"Szacowany czas czytania":"3 minuty"},"schema":{"@context":"https:\/\/schema.org","@graph":[{"@type":"WebPage","@id":"https:\/\/talkpal.ai\/pl\/gramatyka-angielska\/","url":"https:\/\/talkpal.ai\/pl\/gramatyka-angielska\/","name":"Gramatyka angielska - Talkpal","isPartOf":{"@id":"https:\/\/talkpal.ai\/pl\/#website"},"primaryImageOfPage":{"@id":"https:\/\/talkpal.ai\/pl\/gramatyka-angielska\/#primaryimage"},"image":{"@id":"https:\/\/talkpal.ai\/pl\/gramatyka-angielska\/#primaryimage"},"thumbnailUrl":"https:\/\/talkpal.ai\/wp-content\/uploads\/2023\/03\/united-kingdom.png","datePublished":"2023-03-25T16:57:06+00:00","dateModified":"2025-05-22T19:26:30+00:00","description":"Popraw swoje umiej\u0119tno\u015bci gramatyczne w j\u0119zyku angielskim bez wysi\u0142ku dzi\u0119ki Talkpalopartej na sztucznej inteligencji aplikacji do nauki j\u0119zyka.","breadcrumb":{"@id":"https:\/\/talkpal.ai\/pl\/gramatyka-angielska\/#breadcrumb"},"inLanguage":"pl-PL","potentialAction":[{"@type":"ReadAction","target":["https:\/\/talkpal.ai\/pl\/gramatyka-angielska\/"]}]},{"@type":"ImageObject","inLanguage":"pl-PL","@id":"https:\/\/talkpal.ai\/pl\/gramatyka-angielska\/#primaryimage","url":"https:\/\/talkpal.ai\/wp-content\/uploads\/2023\/03\/united-kingdom.png","contentUrl":"https:\/\/talkpal.ai\/wp-content\/uploads\/2023\/03\/united-kingdom.png","width":512,"height":512,"caption":"TalkPal AI learn English"},{"@type":"BreadcrumbList","@id":"https:\/\/talkpal.ai\/pl\/gramatyka-angielska\/#breadcrumb","itemListElement":[{"@type":"ListItem","position":1,"name":"Homepage","item":"https:\/\/talkpal.ai\/pl\/"},{"@type":"ListItem","position":2,"name":"Gramatyka angielska"}]},{"@type":"WebSite","@id":"https:\/\/talkpal.ai\/pl\/#website","url":"https:\/\/talkpal.ai\/pl\/","name":"Talkpal","description":"AI Language Learning","publisher":{"@id":"https:\/\/talkpal.ai\/pl\/#organization"},"alternateName":"Talkpal AI","potentialAction":[{"@type":"SearchAction","target":{"@type":"EntryPoint","urlTemplate":"https:\/\/talkpal.ai\/pl\/?s={search_term_string}"},"query-input":{"@type":"PropertyValueSpecification","valueRequired":true,"valueName":"search_term_string"}}],"inLanguage":"pl-PL"},{"@type":"Organization","@id":"https:\/\/talkpal.ai\/pl\/#organization","name":"Talkpal, Inc.","alternateName":"Talkpal AI","url":"https:\/\/talkpal.ai\/pl\/","logo":{"@type":"ImageObject","inLanguage":"pl-PL","@id":"https:\/\/talkpal.ai\/pl\/#\/schema\/logo\/image\/","url":"https:\/\/talkpal.ai\/wp-content\/uploads\/2024\/03\/Talkpal-Logo-Icon.png","contentUrl":"https:\/\/talkpal.ai\/wp-content\/uploads\/2024\/03\/Talkpal-Logo-Icon.png","width":2880,"height":2880,"caption":"Talkpal, Inc."},"image":{"@id":"https:\/\/talkpal.ai\/pl\/#\/schema\/logo\/image\/"},"sameAs":["https:\/\/www.facebook.com\/profile.php?id=100090733639311","https:\/\/x.com\/talkpalai","https:\/\/www.linkedin.com\/company\/talkpal\/","https:\/\/www.youtube.com\/@TalkPal\/","https:\/\/www.tiktok.com\/@talkpal","https:\/\/www.instagram.com\/talkpal_ai\/","https:\/\/www.crunchbase.com\/organization\/talkpal-9cde","https:\/\/www.g2.com\/products\/talkpal-for-business\/","https:\/\/www.trustpilot.com\/review\/talkpal.ai","https:\/\/www.capterra.com\/p\/10006800\/TalkPal\/"],"description":"Talkpal is a language learning web and mobile education app, powered by the latest AI technologies, that provides engaging experiences to its customers in many different languages to help them improve their language skills. Users can chat about unlimited amount of topics with the app and use other modes to practice their language learning.","email":"support@talkpal.ai","legalName":"Talkpal, Inc.","foundingDate":"2023-04-03","duns":"118989042","numberOfEmployees":{"@type":"QuantitativeValue","minValue":"11","maxValue":"50"},"publishingPrinciples":"https:\/\/talkpal.ai\/publishing-principles\/","actionableFeedbackPolicy":"https:\/\/talkpal.ai\/actionable-feedback-policy\/","correctionsPolicy":"https:\/\/talkpal.ai\/corrections-policy\/","ethicsPolicy":"https:\/\/talkpal.ai\/ethics-policy\/","diversityPolicy":"https:\/\/talkpal.ai\/diversity-policy\/","diversityStaffingReport":"https:\/\/talkpal.ai\/diversity-policy\/"}]}},"_links":{"self":[{"href":"https:\/\/talkpal.ai\/pl\/wp-json\/wp\/v2\/pages\/68707","targetHints":{"allow":["GET"]}}],"collection":[{"href":"https:\/\/talkpal.ai\/pl\/wp-json\/wp\/v2\/pages"}],"about":[{"href":"https:\/\/talkpal.ai\/pl\/wp-json\/wp\/v2\/types\/page"}],"author":[{"embeddable":true,"href":"https:\/\/talkpal.ai\/pl\/wp-json\/wp\/v2\/users\/1"}],"replies":[{"embeddable":true,"href":"https:\/\/talkpal.ai\/pl\/wp-json\/wp\/v2\/comments?post=68707"}],"version-history":[{"count":0,"href":"https:\/\/talkpal.ai\/pl\/wp-json\/wp\/v2\/pages\/68707\/revisions"}],"wp:featuredmedia":[{"embeddable":true,"href":"https:\/\/talkpal.ai\/pl\/wp-json\/wp\/v2\/media\/64479"}],"wp:attachment":[{"href":"https:\/\/talkpal.ai\/pl\/wp-json\/wp\/v2\/media?parent=68707"}],"curies":[{"name":"wp","href":"https:\/\/api.w.org\/{rel}","templated":true}]}}