{"id":68682,"date":"2023-06-14T13:25:23","date_gmt":"2023-06-14T13:25:23","guid":{"rendered":"http:\/\/talkpal.ai\/cwiczenia-z-gramatyki-jezyka-angielskiego\/"},"modified":"2025-12-17T16:34:30","modified_gmt":"2025-12-17T16:34:30","slug":"cwiczenia-z-gramatyki-jezyka-angielskiego","status":"publish","type":"page","link":"https:\/\/talkpal.ai\/pl\/cwiczenia-z-gramatyki-jezyka-angielskiego\/","title":{"rendered":"\u0106wiczenia z gramatyki j\u0119zyka angielskiego"},"content":{"rendered":"\r\n\r\n\r\n<section class=\"languageChallengeSection\">\r\n    <div class=\"languageInfoWrapper\">\r\n        \r\n        <h1>\u0106wiczenia z gramatyki j\u0119zyka angielskiego<\/h1>\r\n        <p>Chcesz zwi\u0119kszy\u0107 swoj\u0105 pewno\u015b\u0107 siebie w j\u0119zyku angielskim? \u0106wiczenie gramatyki to \u015bwietny spos\u00f3b na lepsze zrozumienie zasad gramatycznych, poprawne u\u017cywanie czasownik\u00f3w i poszerzanie s\u0142ownictwa. Zacznij pracowa\u0107 nad swoj\u0105 gramatyk\u0105 angielsk\u0105 ju\u017c dzi\u015b i zobacz, jak twoje umiej\u0119tno\u015bci i p\u0142ynno\u015b\u0107 rosn\u0105 z ka\u017cdym \u0107wiczeniem!\n\n<\/p>\r\n\r\n                            <a class=\"getStartedHidden\" href=\"https:\/\/app.talkpal.ai\/pl\/signup?lng=\">Zaczynaj<\/a>\r\n        \r\n    <\/div>\r\n\r\n    <figure>\r\n    <img decoding=\"async\" width=\"768\" height=\"768\" src=\"https:\/\/talkpal.ai\/wp-content\/uploads\/2023\/06\/English-768x768.png\" class=\"languageImage no-lazy\" alt=\"Language learning for improved multitasking\" fetchpriority=\"high\" sizes=\"(max-width: 768px) 150px, 768px\" srcset=\"https:\/\/talkpal.ai\/wp-content\/uploads\/2023\/06\/English-768x768.png 768w, https:\/\/talkpal.ai\/wp-content\/uploads\/2023\/06\/English-300x300.png 300w\" \/>\r\n    \r\n\r\n    <\/figure>\r\n\r\n            <a class=\"getStartedVisible\" href=\"https:\/\/app.talkpal.ai\/pl\/signup?lng=\">Zaczynaj<\/a>\r\n    \r\n<\/section>\r\n\r\n\r\n<!-- <section class=\"grammarSection\">\r\n    <div class=\"grammarLinks\">\r\n        <a href=\"https:\/\/talkpal.ai\/pl\/exercise_language\/artykuly-gramatyka-angielska\/\">Artyku\u0142y <\/a><a href=\"https:\/\/talkpal.ai\/pl\/exercise_language\/czasowniki-gramatyka-angielska\/\">Czasowniki <\/a><a href=\"https:\/\/talkpal.ai\/pl\/exercise_language\/czasy-gramatyka-angielska\/\">Czasy <\/a><a href=\"https:\/\/talkpal.ai\/pl\/exercise_language\/instrukcje-warunkowe-gramatyka-angielska\/\">Instrukcje warunkowe <\/a><a href=\"https:\/\/talkpal.ai\/pl\/exercise_language\/porownanie-czasow-gramatyka-angielska\/\">Por\u00f3wnanie czas\u00f3w <\/a><a href=\"https:\/\/talkpal.ai\/pl\/exercise_language\/przyimki-gramatyka-angielska\/\">Przyimki <\/a><a href=\"https:\/\/talkpal.ai\/pl\/exercise_language\/przymiotniki-gramatyka-angielska\/\">Przymiotniki <\/a><a href=\"https:\/\/talkpal.ai\/pl\/exercise_language\/przyslowki-gramatyka-angielska\/\">Przys\u0142\u00f3wki <\/a><a href=\"https:\/\/talkpal.ai\/pl\/exercise_language\/rzeczowniki-gramatyka-angielska\/\">Rzeczowniki <\/a><a href=\"https:\/\/talkpal.ai\/pl\/exercise_language\/zaimki-okreslniki-gramatyka-angielska\/\">Zaimki\/Okre\u015blniki <\/a><a href=\"https:\/\/talkpal.ai\/pl\/exercise_language\/zdania-gramatyka-angielska\/\">Zdania <\/a>    <\/div>\r\n<\/section> -->\r\n\r\n\r\n\r\n\r\n        <section class=\"grammarSection\">\r\n            <div class=\"grammarLinks\">\r\n                <a href=\"https:\/\/talkpal.ai\/pl\/exercise_language\/artykuly-gramatyka-angielska\/\">Artyku\u0142y <\/a><a href=\"https:\/\/talkpal.ai\/pl\/exercise_language\/czasowniki-gramatyka-angielska\/\">Czasowniki <\/a><a href=\"https:\/\/talkpal.ai\/pl\/exercise_language\/czasy-gramatyka-angielska\/\">Czasy <\/a><a href=\"https:\/\/talkpal.ai\/pl\/exercise_language\/instrukcje-warunkowe-gramatyka-angielska\/\">Instrukcje warunkowe <\/a><a href=\"https:\/\/talkpal.ai\/pl\/exercise_language\/porownanie-czasow-gramatyka-angielska\/\">Por\u00f3wnanie czas\u00f3w <\/a><a href=\"https:\/\/talkpal.ai\/pl\/exercise_language\/przyimki-gramatyka-angielska\/\">Przyimki <\/a><a href=\"https:\/\/talkpal.ai\/pl\/exercise_language\/przymiotniki-gramatyka-angielska\/\">Przymiotniki <\/a><a href=\"https:\/\/talkpal.ai\/pl\/exercise_language\/przyslowki-gramatyka-angielska\/\">Przys\u0142\u00f3wki <\/a><a href=\"https:\/\/talkpal.ai\/pl\/exercise_language\/rzeczowniki-gramatyka-angielska\/\">Rzeczowniki <\/a><a href=\"https:\/\/talkpal.ai\/pl\/exercise_language\/zaimki-okreslniki-gramatyka-angielska\/\">Zaimki\/Okre\u015blniki <\/a><a href=\"https:\/\/talkpal.ai\/pl\/exercise_language\/zdania-gramatyka-angielska\/\">Zdania <\/a>            <\/div>\r\n        <\/section>\r\n<section class=\"promotionalBanner\">\r\n    <p class=\"promotionalText\">Najbardziej efektywny spos\u00f3b nauki j\u0119zyka<\/p>\r\n    <a class=\"promotionalLink\" href=\"https:\/\/app.talkpal.ai\/pl\/signup?lng=\">Wypr\u00f3buj Talkpal za darmo<\/a>\r\n<\/section>\n<div class=\"wp-block-group pageContainerStyle\"><div class=\"wp-block-group__inner-container is-layout-constrained wp-block-group-is-layout-constrained\">\n<h2 class=\"wp-block-heading\" id=\"h-english-grammar-topics\">Tematy gramatyki angielskiej<\/h2>\n\n\n\n<p><a href=\"https:\/\/talkpal.ai\/english-grammar\/\">Gramatyka angielska<\/a> to zbi\u00f3r zasad i wytycznych, kt\u00f3re okre\u015blaj\u0105 struktur\u0119 j\u0119zyka angielskiego. Pozwala nam komunikowa\u0107 si\u0119 ze sob\u0105 w spos\u00f3b jasny i skuteczny. Podczas nauki j\u0119zyka angielskiego zrozumienie gramatyki jest niezb\u0119dne do rozwijania umiej\u0119tno\u015bci czytania, pisania i m\u00f3wienia. Podr\u00f3\u017c ta obejmie r\u00f3\u017cne elementy gramatyki, takie jak przymiotniki, przys\u0142\u00f3wki, partyku\u0142y, tryb warunkowy, rzeczowniki, przyimki, zaimki\/okre\u015blniki, zdania, por\u00f3wnanie czas\u00f3w, czasy i czasowniki. Przeanalizujmy ka\u017cdy z tych temat\u00f3w w sugerowanej kolejno\u015bci, aby nauka gramatyki angielskiej by\u0142a bardziej efektywna i przyjemna.<\/p>\n\n\n\n<h3 class=\"wp-block-heading\" id=\"h-1-nouns\">1. Rzeczowniki:<\/h3>\n\n\n\n<p>Rzeczowniki s\u0105 najbardziej podstawowymi elementami gramatyki angielskiej. S\u0105 to s\u0142owa, kt\u00f3re reprezentuj\u0105 ludzi, miejsca, rzeczy lub idee. Zrozumienie rzeczownik\u00f3w jest niezb\u0119dne do tworzenia zda\u0144 i przekazywania znaczenia w j\u0119zyku.<\/p>\n\n\n\n<h3 class=\"wp-block-heading\" id=\"h-2-pronouns-determiners\">2. Zaimki\/okre\u015blniki:<\/h3>\n\n\n\n<p>Po opanowaniu rzeczownik\u00f3w, kolejnym krokiem jest nauka zaimk\u00f3w i okre\u015blnik\u00f3w. Zaimki zast\u0119puj\u0105 rzeczowniki w zdaniu, aby unikn\u0105\u0107 powt\u00f3rze\u0144, podczas gdy okre\u015blniki dostarczaj\u0105 informacji o rzeczowniku, takich jak ilo\u015b\u0107 lub posiadanie.<\/p>\n\n\n\n<h3 class=\"wp-block-heading\" id=\"h-3-verbs\">3. Czasowniki:<\/h3>\n\n\n\n<p>Czasowniki to s\u0142owa czynno\u015bci, kt\u00f3re wyra\u017caj\u0105 to, co rzeczownik robi lub czego do\u015bwiadcza. S\u0105 one kluczow\u0105 cz\u0119\u015bci\u0105 ka\u017cdego zdania, a zrozumienie ich dzia\u0142ania jest niezb\u0119dne do tworzenia jasnych i zwi\u0119z\u0142ych wypowiedzi.<\/p>\n\n\n\n<h3 class=\"wp-block-heading\" id=\"h-4-adjectives\">4. Przymiotniki:<\/h3>\n\n\n\n<p>Przymiotniki opisuj\u0105 lub modyfikuj\u0105 rzeczowniki, podaj\u0105c wi\u0119cej informacji o ich cechach lub w\u0142a\u015bciwo\u015bciach. Nauka efektywnego u\u017cywania przymiotnik\u00f3w zwi\u0119kszy twoj\u0105 zdolno\u015b\u0107 komunikowania si\u0119 w j\u0119zyku angielskim.<\/p>\n\n\n\n<h3 class=\"wp-block-heading\" id=\"h-5-adverbs\">5. Przys\u0142\u00f3wki:<\/h3>\n\n\n\n<p>Przys\u0142\u00f3wki s\u0105 podobne do przymiotnik\u00f3w, ale modyfikuj\u0105 czasowniki, przymiotniki lub inne przys\u0142\u00f3wki. Cz\u0119sto opisuj\u0105 one jak, kiedy i gdzie dana czynno\u015b\u0107 ma miejsce. Wiedza o tym, jak u\u017cywa\u0107 przys\u0142\u00f3wk\u00f3w, doda g\u0142\u0119bi i szczeg\u00f3\u0142owo\u015bci komunikacji w j\u0119zyku angielskim.<\/p>\n\n\n\n<h3 class=\"wp-block-heading\" id=\"h-6-prepositions\">6. Przyimki:<\/h3>\n\n\n\n<p>Przyimki to s\u0142owa, kt\u00f3re pokazuj\u0105 zwi\u0105zek mi\u0119dzy rzeczownikami, zaimkami i innymi s\u0142owami w zdaniu. Pomagaj\u0105 one zapewni\u0107 kontekst, taki jak lokalizacja, czas lub kierunek.<\/p>\n\n\n\n<h3 class=\"wp-block-heading\" id=\"h-7-articles\">7. Artyku\u0142y:<\/h3>\n\n\n\n<p>Przedimki s\u0105 rodzajem determinator\u00f3w, kt\u00f3re okre\u015blaj\u0105, czy rzeczownik jest okre\u015blony czy nieokre\u015blony. S\u0105 one wa\u017cne dla prawid\u0142owego tworzenia zda\u0144 i pomagaj\u0105 wyja\u015bni\u0107 znaczenie wypowiedzi.<\/p>\n\n\n\n<h3 class=\"wp-block-heading\" id=\"h-8-tenses\">8. Czasy:<\/h3>\n\n\n\n<p>Czasy wskazuj\u0105 czas wykonania czynno\u015bci lub stan istnienia. Poznanie r\u00f3\u017cnych czas\u00f3w w j\u0119zyku angielskim pozwoli Ci wyra\u017ca\u0107 si\u0119 precyzyjnie, niezale\u017cnie od tego, czy rozmawiasz o przesz\u0142o\u015bci, tera\u017aniejszo\u015bci czy przysz\u0142o\u015bci.<\/p>\n\n\n\n<h3 class=\"wp-block-heading\" id=\"h-9-tense-comparison\">9. Por\u00f3wnanie czas\u00f3w:<\/h3>\n\n\n\n<p>Zrozumienie por\u00f3wnania czasu jest wa\u017cne przy por\u00f3wnywaniu dzia\u0142a\u0144 lub stan\u00f3w w r\u00f3\u017cnych ramach czasowych. Ta umiej\u0119tno\u015b\u0107 pomo\u017ce ci komunikowa\u0107 z\u0142o\u017cone pomys\u0142y i rozwin\u0105\u0107 bardziej zaawansowane rozumienie gramatyki angielskiej.<\/p>\n\n\n\n<h3 class=\"wp-block-heading\" id=\"h-10-sentences\">10. Zdania:<\/h3>\n\n\n\n<p>Zdania s\u0105 podstaw\u0105 pisemnej i ustnej komunikacji w j\u0119zyku angielskim. Opieraj\u0105c si\u0119 na wiedzy o rzeczownikach, czasownikach i innych elementach gramatyki, nauka o strukturze zda\u0144 pozwoli ci skutecznie przekazywa\u0107 swoje my\u015bli w j\u0119zyku.<\/p>\n\n\n\n<h3 class=\"wp-block-heading\" id=\"h-11-conditionals\">11. Wyra\u017cenia warunkowe:<\/h3>\n\n\n\n<p>Zdania warunkowe to zdania, kt\u00f3re wyra\u017caj\u0105 warunek i jego potencjaln\u0105 konsekwencj\u0119. S\u0105 one zaawansowanym aspektem gramatyki angielskiej, kt\u00f3ry pomo\u017ce ci wyrazi\u0107 hipotetyczne sytuacje i z\u0142o\u017cone pomys\u0142y.<\/p>\n<\/div><\/div>\n\r\n<section class=\"learnNavigationSection\">\r\n            \r\n        <a href=\"https:\/\/talkpal.ai\/pl\/nauka-angielskiego\/\">\r\n            <div class=\"learnNavigationWrapper\">\r\n                <div class=\"learnNavigationContent\">\r\n                    <img decoding=\"async\" src=\"https:\/\/talkpal.ai\/wp-content\/uploads\/2024\/08\/English.jpg\" alt=\"English Flag\">\r\n                    <div>\r\n                        <h4>O English Learning<\/h4>\r\n                        <p>Dowiedz si\u0119 wszystkiego o gramatyce angielskiej.<\/p>\r\n                    <\/div>\r\n                <\/div>\r\n            <\/div>\r\n        <\/a>\r\n\r\n        \r\n        <a href=\"https:\/\/talkpal.ai\/pl\/gramatyka-angielska\/\">\r\n            <div class=\"learnNavigationWrapper\">\r\n                <div class=\"learnNavigationContent\">\r\n                    <img decoding=\"async\" src=\"https:\/\/talkpal.ai\/wp-content\/uploads\/2024\/08\/English.jpg\" alt=\"English Flag\">\r\n                    <div>\r\n                        <h4>Lekcje gramatyki angielskiej<\/h4>\r\n                        <p>\u0106wicz gramatyk\u0119 angielsk\u0105 gramatyka.<\/p>\r\n                    <\/div>\r\n                <\/div>\r\n            <\/div>\r\n        <\/a>\r\n\r\n        \r\n        <a href=\"https:\/\/talkpal.ai\/vocabulary_language\/english\/\">\r\n            <div class=\"learnNavigationWrapper\">\r\n                <div class=\"learnNavigationContent\">\r\n                    <img decoding=\"async\" src=\"https:\/\/talkpal.ai\/wp-content\/uploads\/2024\/08\/English.jpg\" alt=\"English Flag\">\r\n                    <div>\r\n                        <h4>S\u0142ownictwo angielskie<\/h4>\r\n                        <p>Poszerz swoje angielskie s\u0142ownictwo.<\/p>\r\n                    <\/div>\r\n                <\/div>\r\n            <\/div>\r\n        <\/a>\r\n\r\n            <\/section>","protected":false},"excerpt":{"rendered":"<p>Tematy gramatyki angielskiej Gramatyka angielska to zbi\u00f3r zasad i wytycznych, kt\u00f3re okre\u015blaj\u0105 struktur\u0119 j\u0119zyka angielskiego. Pozwala nam komunikowa\u0107 si\u0119 ze sob\u0105 w spos\u00f3b jasny i skuteczny. Podczas nauki j\u0119zyka angielskiego zrozumienie gramatyki jest niezb\u0119dne do rozwijania umiej\u0119tno\u015bci czytania, pisania i m\u00f3wienia. Podr\u00f3\u017c ta obejmie r\u00f3\u017cne elementy gramatyki, takie jak przymiotniki, przys\u0142\u00f3wki, partyku\u0142y, tryb warunkowy, rzeczowniki, [&hellip;]<\/p>\n","protected":false},"author":1,"featured_media":64479,"parent":0,"menu_order":0,"comment_status":"closed","ping_status":"closed","template":"LearningContentPage.php","meta":{"_acf_changed":false,"footnotes":""},"class_list":["post-68682","page","type-page","status-publish","has-post-thumbnail","hentry"],"acf":[],"yoast_head":"<!-- This site is optimized with the Yoast SEO Premium plugin v27.2 (Yoast SEO v27.2) - https:\/\/yoast.com\/product\/yoast-seo-premium-wordpress\/ -->\n<title>\u0106wiczenia z gramatyki j\u0119zyka angielskiego - Talkpal<\/title>\n<meta name=\"description\" content=\"Popraw swoje umiej\u0119tno\u015bci j\u0119zykowe dzi\u0119ki skutecznym \u0107wiczeniom gramatycznym Talkpal. Popraw swoj\u0105 znajomo\u015b\u0107 j\u0119zyka ju\u017c teraz!\" \/>\n<meta name=\"robots\" content=\"index, follow, max-snippet:-1, max-image-preview:large, max-video-preview:-1\" \/>\n<link rel=\"canonical\" href=\"https:\/\/talkpal.ai\/pl\/cwiczenia-z-gramatyki-jezyka-angielskiego\/\" \/>\n<meta property=\"og:locale\" content=\"pl_PL\" \/>\n<meta property=\"og:type\" content=\"article\" \/>\n<meta property=\"og:title\" content=\"\u0106wiczenia z gramatyki j\u0119zyka angielskiego\" \/>\n<meta property=\"og:description\" content=\"Tematy gramatyki angielskiej Gramatyka angielska to zbi\u00f3r zasad i wytycznych, kt\u00f3re okre\u015blaj\u0105 struktur\u0119 j\u0119zyka angielskiego. Pozwala nam komunikowa\u0107 si\u0119\" \/>\n<meta property=\"og:url\" content=\"https:\/\/talkpal.ai\/pl\/cwiczenia-z-gramatyki-jezyka-angielskiego\/\" \/>\n<meta property=\"og:site_name\" content=\"Talkpal\" \/>\n<meta property=\"article:publisher\" content=\"https:\/\/www.facebook.com\/profile.php?id=100090733639311\" \/>\n<meta property=\"article:modified_time\" content=\"2025-12-17T16:34:30+00:00\" \/>\n<meta property=\"og:image\" content=\"https:\/\/talkpal.ai\/wp-content\/uploads\/2023\/03\/united-kingdom.png\" \/>\n\t<meta property=\"og:image:width\" content=\"512\" \/>\n\t<meta property=\"og:image:height\" content=\"512\" \/>\n\t<meta property=\"og:image:type\" content=\"image\/png\" \/>\n<meta name=\"twitter:card\" content=\"summary_large_image\" \/>\n<meta name=\"twitter:site\" content=\"@talkpalai\" \/>\n<meta name=\"twitter:label1\" content=\"Szacowany czas czytania\" \/>\n\t<meta name=\"twitter:data1\" content=\"3 minuty\" \/>\n<script type=\"application\/ld+json\" class=\"yoast-schema-graph\">{\"@context\":\"https:\/\/schema.org\",\"@graph\":[{\"@type\":\"WebPage\",\"@id\":\"https:\/\/talkpal.ai\/pl\/cwiczenia-z-gramatyki-jezyka-angielskiego\/\",\"url\":\"https:\/\/talkpal.ai\/pl\/cwiczenia-z-gramatyki-jezyka-angielskiego\/\",\"name\":\"\u0106wiczenia z gramatyki j\u0119zyka angielskiego - Talkpal\",\"isPartOf\":{\"@id\":\"https:\/\/talkpal.ai\/pl\/#website\"},\"primaryImageOfPage\":{\"@id\":\"https:\/\/talkpal.ai\/pl\/cwiczenia-z-gramatyki-jezyka-angielskiego\/#primaryimage\"},\"image\":{\"@id\":\"https:\/\/talkpal.ai\/pl\/cwiczenia-z-gramatyki-jezyka-angielskiego\/#primaryimage\"},\"thumbnailUrl\":\"https:\/\/talkpal.ai\/wp-content\/uploads\/2023\/03\/united-kingdom.png\",\"datePublished\":\"2023-06-14T13:25:23+00:00\",\"dateModified\":\"2025-12-17T16:34:30+00:00\",\"description\":\"Popraw swoje umiej\u0119tno\u015bci j\u0119zykowe dzi\u0119ki skutecznym \u0107wiczeniom gramatycznym Talkpal. Popraw swoj\u0105 znajomo\u015b\u0107 j\u0119zyka ju\u017c teraz!\",\"breadcrumb\":{\"@id\":\"https:\/\/talkpal.ai\/pl\/cwiczenia-z-gramatyki-jezyka-angielskiego\/#breadcrumb\"},\"inLanguage\":\"pl-PL\",\"potentialAction\":[{\"@type\":\"ReadAction\",\"target\":[\"https:\/\/talkpal.ai\/pl\/cwiczenia-z-gramatyki-jezyka-angielskiego\/\"]}]},{\"@type\":\"ImageObject\",\"inLanguage\":\"pl-PL\",\"@id\":\"https:\/\/talkpal.ai\/pl\/cwiczenia-z-gramatyki-jezyka-angielskiego\/#primaryimage\",\"url\":\"https:\/\/talkpal.ai\/wp-content\/uploads\/2023\/03\/united-kingdom.png\",\"contentUrl\":\"https:\/\/talkpal.ai\/wp-content\/uploads\/2023\/03\/united-kingdom.png\",\"width\":512,\"height\":512,\"caption\":\"TalkPal AI learn English\"},{\"@type\":\"BreadcrumbList\",\"@id\":\"https:\/\/talkpal.ai\/pl\/cwiczenia-z-gramatyki-jezyka-angielskiego\/#breadcrumb\",\"itemListElement\":[{\"@type\":\"ListItem\",\"position\":1,\"name\":\"Homepage\",\"item\":\"https:\/\/talkpal.ai\/pl\/\"},{\"@type\":\"ListItem\",\"position\":2,\"name\":\"\u0106wiczenia z gramatyki j\u0119zyka angielskiego\"}]},{\"@type\":\"WebSite\",\"@id\":\"https:\/\/talkpal.ai\/pl\/#website\",\"url\":\"https:\/\/talkpal.ai\/pl\/\",\"name\":\"Talkpal\",\"description\":\"AI Language Learning\",\"publisher\":{\"@id\":\"https:\/\/talkpal.ai\/pl\/#organization\"},\"alternateName\":\"Talkpal AI\",\"potentialAction\":[{\"@type\":\"SearchAction\",\"target\":{\"@type\":\"EntryPoint\",\"urlTemplate\":\"https:\/\/talkpal.ai\/pl\/?s={search_term_string}\"},\"query-input\":{\"@type\":\"PropertyValueSpecification\",\"valueRequired\":true,\"valueName\":\"search_term_string\"}}],\"inLanguage\":\"pl-PL\"},{\"@type\":\"Organization\",\"@id\":\"https:\/\/talkpal.ai\/pl\/#organization\",\"name\":\"Talkpal, Inc.\",\"alternateName\":\"Talkpal AI\",\"url\":\"https:\/\/talkpal.ai\/pl\/\",\"logo\":{\"@type\":\"ImageObject\",\"inLanguage\":\"pl-PL\",\"@id\":\"https:\/\/talkpal.ai\/pl\/#\/schema\/logo\/image\/\",\"url\":\"https:\/\/talkpal.ai\/wp-content\/uploads\/2024\/03\/Talkpal-Logo-Icon.png\",\"contentUrl\":\"https:\/\/talkpal.ai\/wp-content\/uploads\/2024\/03\/Talkpal-Logo-Icon.png\",\"width\":2880,\"height\":2880,\"caption\":\"Talkpal, Inc.\"},\"image\":{\"@id\":\"https:\/\/talkpal.ai\/pl\/#\/schema\/logo\/image\/\"},\"sameAs\":[\"https:\/\/www.facebook.com\/profile.php?id=100090733639311\",\"https:\/\/x.com\/talkpalai\",\"https:\/\/www.linkedin.com\/company\/talkpal\/\",\"https:\/\/www.youtube.com\/@TalkPal\/\",\"https:\/\/www.tiktok.com\/@talkpal\",\"https:\/\/www.instagram.com\/talkpal_ai\/\",\"https:\/\/www.crunchbase.com\/organization\/talkpal-9cde\",\"https:\/\/www.g2.com\/products\/talkpal-for-business\/\",\"https:\/\/www.trustpilot.com\/review\/talkpal.ai\",\"https:\/\/www.capterra.com\/p\/10006800\/TalkPal\/\"],\"description\":\"Talkpal is a language learning web and mobile education app, powered by the latest AI technologies, that provides engaging experiences to its customers in many different languages to help them improve their language skills. Users can chat about unlimited amount of topics with the app and use other modes to practice their language learning.\",\"email\":\"support@talkpal.ai\",\"legalName\":\"Talkpal, Inc.\",\"foundingDate\":\"2023-04-03\",\"duns\":\"118989042\",\"numberOfEmployees\":{\"@type\":\"QuantitativeValue\",\"minValue\":\"11\",\"maxValue\":\"50\"},\"publishingPrinciples\":\"https:\/\/talkpal.ai\/publishing-principles\/\",\"actionableFeedbackPolicy\":\"https:\/\/talkpal.ai\/actionable-feedback-policy\/\",\"correctionsPolicy\":\"https:\/\/talkpal.ai\/corrections-policy\/\",\"ethicsPolicy\":\"https:\/\/talkpal.ai\/ethics-policy\/\",\"diversityPolicy\":\"https:\/\/talkpal.ai\/diversity-policy\/\",\"diversityStaffingReport\":\"https:\/\/talkpal.ai\/diversity-policy\/\"}]}<\/script>\n<!-- \/ Yoast SEO Premium plugin. -->","yoast_head_json":{"title":"\u0106wiczenia z gramatyki j\u0119zyka angielskiego - Talkpal","description":"Popraw swoje umiej\u0119tno\u015bci j\u0119zykowe dzi\u0119ki skutecznym \u0107wiczeniom gramatycznym Talkpal. Popraw swoj\u0105 znajomo\u015b\u0107 j\u0119zyka ju\u017c teraz!","robots":{"index":"index","follow":"follow","max-snippet":"max-snippet:-1","max-image-preview":"max-image-preview:large","max-video-preview":"max-video-preview:-1"},"canonical":"https:\/\/talkpal.ai\/pl\/cwiczenia-z-gramatyki-jezyka-angielskiego\/","og_locale":"pl_PL","og_type":"article","og_title":"\u0106wiczenia z gramatyki j\u0119zyka angielskiego","og_description":"Tematy gramatyki angielskiej Gramatyka angielska to zbi\u00f3r zasad i wytycznych, kt\u00f3re okre\u015blaj\u0105 struktur\u0119 j\u0119zyka angielskiego. Pozwala nam komunikowa\u0107 si\u0119","og_url":"https:\/\/talkpal.ai\/pl\/cwiczenia-z-gramatyki-jezyka-angielskiego\/","og_site_name":"Talkpal","article_publisher":"https:\/\/www.facebook.com\/profile.php?id=100090733639311","article_modified_time":"2025-12-17T16:34:30+00:00","og_image":[{"width":512,"height":512,"url":"https:\/\/talkpal.ai\/wp-content\/uploads\/2023\/03\/united-kingdom.png","type":"image\/png"}],"twitter_card":"summary_large_image","twitter_site":"@talkpalai","twitter_misc":{"Szacowany czas czytania":"3 minuty"},"schema":{"@context":"https:\/\/schema.org","@graph":[{"@type":"WebPage","@id":"https:\/\/talkpal.ai\/pl\/cwiczenia-z-gramatyki-jezyka-angielskiego\/","url":"https:\/\/talkpal.ai\/pl\/cwiczenia-z-gramatyki-jezyka-angielskiego\/","name":"\u0106wiczenia z gramatyki j\u0119zyka angielskiego - Talkpal","isPartOf":{"@id":"https:\/\/talkpal.ai\/pl\/#website"},"primaryImageOfPage":{"@id":"https:\/\/talkpal.ai\/pl\/cwiczenia-z-gramatyki-jezyka-angielskiego\/#primaryimage"},"image":{"@id":"https:\/\/talkpal.ai\/pl\/cwiczenia-z-gramatyki-jezyka-angielskiego\/#primaryimage"},"thumbnailUrl":"https:\/\/talkpal.ai\/wp-content\/uploads\/2023\/03\/united-kingdom.png","datePublished":"2023-06-14T13:25:23+00:00","dateModified":"2025-12-17T16:34:30+00:00","description":"Popraw swoje umiej\u0119tno\u015bci j\u0119zykowe dzi\u0119ki skutecznym \u0107wiczeniom gramatycznym Talkpal. Popraw swoj\u0105 znajomo\u015b\u0107 j\u0119zyka ju\u017c teraz!","breadcrumb":{"@id":"https:\/\/talkpal.ai\/pl\/cwiczenia-z-gramatyki-jezyka-angielskiego\/#breadcrumb"},"inLanguage":"pl-PL","potentialAction":[{"@type":"ReadAction","target":["https:\/\/talkpal.ai\/pl\/cwiczenia-z-gramatyki-jezyka-angielskiego\/"]}]},{"@type":"ImageObject","inLanguage":"pl-PL","@id":"https:\/\/talkpal.ai\/pl\/cwiczenia-z-gramatyki-jezyka-angielskiego\/#primaryimage","url":"https:\/\/talkpal.ai\/wp-content\/uploads\/2023\/03\/united-kingdom.png","contentUrl":"https:\/\/talkpal.ai\/wp-content\/uploads\/2023\/03\/united-kingdom.png","width":512,"height":512,"caption":"TalkPal AI learn English"},{"@type":"BreadcrumbList","@id":"https:\/\/talkpal.ai\/pl\/cwiczenia-z-gramatyki-jezyka-angielskiego\/#breadcrumb","itemListElement":[{"@type":"ListItem","position":1,"name":"Homepage","item":"https:\/\/talkpal.ai\/pl\/"},{"@type":"ListItem","position":2,"name":"\u0106wiczenia z gramatyki j\u0119zyka angielskiego"}]},{"@type":"WebSite","@id":"https:\/\/talkpal.ai\/pl\/#website","url":"https:\/\/talkpal.ai\/pl\/","name":"Talkpal","description":"AI Language Learning","publisher":{"@id":"https:\/\/talkpal.ai\/pl\/#organization"},"alternateName":"Talkpal AI","potentialAction":[{"@type":"SearchAction","target":{"@type":"EntryPoint","urlTemplate":"https:\/\/talkpal.ai\/pl\/?s={search_term_string}"},"query-input":{"@type":"PropertyValueSpecification","valueRequired":true,"valueName":"search_term_string"}}],"inLanguage":"pl-PL"},{"@type":"Organization","@id":"https:\/\/talkpal.ai\/pl\/#organization","name":"Talkpal, Inc.","alternateName":"Talkpal AI","url":"https:\/\/talkpal.ai\/pl\/","logo":{"@type":"ImageObject","inLanguage":"pl-PL","@id":"https:\/\/talkpal.ai\/pl\/#\/schema\/logo\/image\/","url":"https:\/\/talkpal.ai\/wp-content\/uploads\/2024\/03\/Talkpal-Logo-Icon.png","contentUrl":"https:\/\/talkpal.ai\/wp-content\/uploads\/2024\/03\/Talkpal-Logo-Icon.png","width":2880,"height":2880,"caption":"Talkpal, Inc."},"image":{"@id":"https:\/\/talkpal.ai\/pl\/#\/schema\/logo\/image\/"},"sameAs":["https:\/\/www.facebook.com\/profile.php?id=100090733639311","https:\/\/x.com\/talkpalai","https:\/\/www.linkedin.com\/company\/talkpal\/","https:\/\/www.youtube.com\/@TalkPal\/","https:\/\/www.tiktok.com\/@talkpal","https:\/\/www.instagram.com\/talkpal_ai\/","https:\/\/www.crunchbase.com\/organization\/talkpal-9cde","https:\/\/www.g2.com\/products\/talkpal-for-business\/","https:\/\/www.trustpilot.com\/review\/talkpal.ai","https:\/\/www.capterra.com\/p\/10006800\/TalkPal\/"],"description":"Talkpal is a language learning web and mobile education app, powered by the latest AI technologies, that provides engaging experiences to its customers in many different languages to help them improve their language skills. Users can chat about unlimited amount of topics with the app and use other modes to practice their language learning.","email":"support@talkpal.ai","legalName":"Talkpal, Inc.","foundingDate":"2023-04-03","duns":"118989042","numberOfEmployees":{"@type":"QuantitativeValue","minValue":"11","maxValue":"50"},"publishingPrinciples":"https:\/\/talkpal.ai\/publishing-principles\/","actionableFeedbackPolicy":"https:\/\/talkpal.ai\/actionable-feedback-policy\/","correctionsPolicy":"https:\/\/talkpal.ai\/corrections-policy\/","ethicsPolicy":"https:\/\/talkpal.ai\/ethics-policy\/","diversityPolicy":"https:\/\/talkpal.ai\/diversity-policy\/","diversityStaffingReport":"https:\/\/talkpal.ai\/diversity-policy\/"}]}},"_links":{"self":[{"href":"https:\/\/talkpal.ai\/pl\/wp-json\/wp\/v2\/pages\/68682","targetHints":{"allow":["GET"]}}],"collection":[{"href":"https:\/\/talkpal.ai\/pl\/wp-json\/wp\/v2\/pages"}],"about":[{"href":"https:\/\/talkpal.ai\/pl\/wp-json\/wp\/v2\/types\/page"}],"author":[{"embeddable":true,"href":"https:\/\/talkpal.ai\/pl\/wp-json\/wp\/v2\/users\/1"}],"replies":[{"embeddable":true,"href":"https:\/\/talkpal.ai\/pl\/wp-json\/wp\/v2\/comments?post=68682"}],"version-history":[{"count":0,"href":"https:\/\/talkpal.ai\/pl\/wp-json\/wp\/v2\/pages\/68682\/revisions"}],"wp:featuredmedia":[{"embeddable":true,"href":"https:\/\/talkpal.ai\/pl\/wp-json\/wp\/v2\/media\/64479"}],"wp:attachment":[{"href":"https:\/\/talkpal.ai\/pl\/wp-json\/wp\/v2\/media?parent=68682"}],"curies":[{"name":"wp","href":"https:\/\/api.w.org\/{rel}","templated":true}]}}