{"id":167080,"date":"2023-04-03T14:56:00","date_gmt":"2023-04-03T14:56:00","guid":{"rendered":"http:\/\/talkpal.ai\/o\/"},"modified":"2026-03-06T16:34:18","modified_gmt":"2026-03-06T16:34:18","slug":"o","status":"publish","type":"page","link":"https:\/\/talkpal.ai\/pl\/o\/","title":{"rendered":"O"},"content":{"rendered":"\n<p id=\"h-\"><a href=\"https:\/\/talkpal.ai\/ko\/ai-%ec%96%b8%ec%96%b4-%ea%b5%90%ec%82%ac\/\">Talkpal<\/a>, Inc. to oparta na sztucznej inteligencji firma zajmuj\u0105ca si\u0119 nauk\u0105 <a href=\"https:\/\/talkpal.ai\/pl\/nauka-jezykow-obcych-dla-szkol-jezykowych\/\">j\u0119zyk\u00f3w obcych<\/a>, kt\u00f3rej misj\u0105 jest udost\u0119pnienie m\u00f3wienia w dowolnym j\u0119zyku ka\u017cdemu i wsz\u0119dzie. Talkpal rozwija jedn\u0105 z najbardziej zaawansowanych na <a href=\"https:\/\/talkpal.ai\/locations\/language-courses-in-swiecie\/\">\u015bwiecie<\/a> platform samouczk\u00f3w j\u0119zykowych <a href=\"https:\/\/talkpal.ai\/speaking-with-ai\/\">AI<\/a>, pomagaj\u0105c milionom uczni\u00f3w \u0107wiczy\u0107 prawdziwe rozmowy z pewno\u015bci\u0105 siebie.<\/p>\n\n<p>Za\u0142o\u017cona w 2023 roku firma Talkpal zosta\u0142a zbudowana na prostym, ale pot\u0119\u017cnym przekonaniu: <a href=\"https:\/\/talkpal.ai\/pl\/swietne-aplikacje-do-nauki-jezykow\/\">nauka j\u0119zyk\u00f3w<\/a> obcych nie powinna by\u0107 przywilejem i powinna by\u0107 dost\u0119pna dla ka\u017cdego. \u0141\u0105cz\u0105c najnowocze\u015bniejsz\u0105 sztuczn\u0105 inteligencj\u0119 z wiedz\u0105 lingwistyczn\u0105 i badaniami, Talkpal usuwa tradycyjne bariery, takie jak koszty, czas i strach przed m\u00f3wieniem &#8211; zast\u0119puj\u0105c je spersonalizowan\u0105, woln\u0105 od presji praktyk\u0105 dost\u0119pn\u0105 na wielu platformach 24\/7.<\/p>\n\n<p>Obecnie Talkpal obs\u0142uguje ponad 80 j\u0119zyk\u00f3w, obs\u0142uguje miliony uczni\u00f3w w ponad 180 krajach i jest dost\u0119pny w Internecie, <a href=\"https:\/\/talkpal.ai\/es\/descargar-la-aplicacion-talkpal-para-android-e-ios\/\">iOS<\/a> i Androidzie.<\/p>\n\n<h2 class=\"wp-block-heading\" id=\"h-our-mission\">Nasza misja<\/h2>\n\n<p>Nasz\u0105 misj\u0105 jest zrewolucjonizowanie nauki j\u0119zyk\u00f3w obcych poprzez dostarczanie anga\u017cuj\u0105cych, interaktywnych i spersonalizowanych korepetycji j\u0119zykowych opartych na sztucznej inteligencji.<br\/><br\/>Staramy si\u0119 prze\u0142amywa\u0107 bariery j\u0119zykowe, wspiera\u0107 globalne kontakty i piel\u0119gnowa\u0107 spo\u0142eczno\u015b\u0107 pe\u0142nych pasji uczni\u00f3w, umo\u017cliwiaj\u0105c im pewne i p\u0142ynne komunikowanie si\u0119 w wybranym przez nich j\u0119zyku.<\/p>\n\n<h2 class=\"wp-block-heading\" id=\"h-our-vision\">Nasza wizja<\/h2>\n\n<p>Nasz\u0105 wizj\u0105 jest sta\u0107 si\u0119 wiod\u0105cym na \u015bwiecie samouczkiem j\u0119zykowym AI, zmieniaj\u0105cym spos\u00f3b, w jaki ludzie ucz\u0105 si\u0119 j\u0119zyk\u00f3w poprzez wci\u0105gaj\u0105ce, kontekstowe rozmowy i adaptacyjn\u0105 technologi\u0119 uczenia si\u0119.<br\/><br\/>Naszym celem jest inspirowanie i piel\u0119gnowanie zami\u0142owania do nauki j\u0119zyk\u00f3w, zach\u0119canie do wymiany kulturowej i niwelowanie luki komunikacyjnej ponad granicami, ostatecznie kszta\u0142tuj\u0105c bardziej po\u0142\u0105czony i zrozumiaj\u0105cy \u015bwiat.<\/p>\n\n<h2 class=\"wp-block-heading\" id=\"h-our-story\">Nasza historia<\/h2>\n\n<p>Talkpal zosta\u0142 za\u0142o\u017cony przez Davida Gegechkori (na zdj\u0119ciu po lewej) i Dimitri Dekanozishvili (na zdj\u0119ciu po prawej), kieruj\u0105c si\u0119 wsp\u00f3ln\u0105 frustracj\u0105 tradycyjnymi metodami nauki j\u0119zyk\u00f3w, kt\u00f3re cz\u0119sto nie przygotowuj\u0105 uczni\u00f3w do m\u00f3wienia w \u015bwiecie rzeczywistym.<\/p>\n\n<div class=\"wp-block-columns is-layout-flex wp-container-core-columns-is-layout-9d6595d7 wp-block-columns-is-layout-flex\">\n<div class=\"wp-block-column is-layout-flow wp-block-column-is-layout-flow\" style=\"flex-basis:50%\"><div class=\"wp-block-image\">\n<figure class=\"alignleft size-large\"><img decoding=\"async\" width=\"1024\" height=\"683\" src=\"https:\/\/talkpal.ai\/wp-content\/uploads\/2025\/12\/Talkpal-Entrepreneur-1024x683.jpg\" alt=\"\" class=\"wp-image-1557444\" style=\"aspect-ratio:1.4992888417882142\" srcset=\"https:\/\/talkpal.ai\/wp-content\/uploads\/2025\/12\/Talkpal-Entrepreneur-1024x683.jpg 1024w, https:\/\/talkpal.ai\/wp-content\/uploads\/2025\/12\/Talkpal-Entrepreneur-300x200.jpg 300w, https:\/\/talkpal.ai\/wp-content\/uploads\/2025\/12\/Talkpal-Entrepreneur-768x512.jpg 768w, https:\/\/talkpal.ai\/wp-content\/uploads\/2025\/12\/Talkpal-Entrepreneur.jpg 1344w\" sizes=\"(max-width: 1024px) 100vw, 1024px\" \/><\/figure>\n<\/div><\/div>\n\n\n\n<div class=\"wp-block-column is-layout-flow wp-block-column-is-layout-flow\" style=\"flex-basis:50%\">\n<p>Od samego pocz\u0105tku cel by\u0142 jasny: stworzy\u0107 towarzysza j\u0119zykowego AI, kt\u00f3ry mniej przypomina podr\u0119cznik, a bardziej wspieraj\u0105cego partnera do rozmowy. Nazwa &#8222;Talkpal&#8221; odzwierciedla t\u0119 filozofi\u0119 &#8211; przyjazny, zawsze dost\u0119pny towarzysz, kt\u00f3ry zach\u0119ca uczni\u00f3w do \u0107wiczenia m\u00f3wienia bez obawy przed os\u0105dem.<\/p>\n\n\n\n<p>Zaczynaj\u0105c jako produkt internetowy, Talkpal szybko rozszerzy\u0142 swoj\u0105 dzia\u0142alno\u015b\u0107 na platformy mobilne, gromadz\u0105c globalny zesp\u00f3\u0142 in\u017cynier\u00f3w AI, lingwist\u00f3w, edukator\u00f3w, marketer\u00f3w i projektant\u00f3w produkt\u00f3w. Dzi\u0119ki ci\u0105g\u0142ym iteracjom, badaniom i opiniom u\u017cytkownik\u00f3w Talkpal ewoluowa\u0142 w kompleksow\u0105 platform\u0119 do nauki j\u0119zyk\u00f3w AI, kt\u00f3rej zaufa\u0142y miliony ludzi na ca\u0142ym \u015bwiecie.<\/p>\n<\/div>\n<\/div>\n\n<h2 class=\"wp-block-heading\" id=\"h-what-we-do\">Czym si\u0119 zajmujemy<\/h2>\n\n<p>Talkpal zapewnia oparte na sztucznej inteligencji uczenie si\u0119 tekstu i g\u0142osu, zaprojektowane tak, aby symulowa\u0107 prawdziw\u0105 interakcj\u0119 mi\u0119dzyludzk\u0105. Nasza platforma dynamicznie dostosowuje si\u0119 do poziomu, cel\u00f3w i stylu uczenia si\u0119 ka\u017cdego ucznia.<\/p>\n\n<p>Kluczowe mo\u017cliwo\u015bci obejmuj\u0105:<\/p>\n\n<ul class=\"wp-block-list\">\n<li>Naturalne konwersacje AI do \u0107wiczenia m\u00f3wienia<\/li>\n\n\n\n<li>Informacje zwrotne w czasie rzeczywistym na temat wymowy, gramatyki i p\u0142ynno\u015bci.<\/li>\n\n\n\n<li>Wsparcie dla pocz\u0105tkuj\u0105cych i zaawansowanych<\/li>\n\n\n\n<li>Lessons across 80+ global languages, including English, Spanish, German, French, Italian, Japanese, Chinese, Korean, Arabic, Dutch, Portuguese, Swedish, Hebrew, Greek, Turkish, Finnish and Afrikaans, Albanian, Armenian, Assamese, Azerbaijani, Basque, Belarusian, Bengali, Bosnian, Bulgarian, Burmese, Cantonese, Catalan, Croatian, Czech, Danish, Estonian, Galician, Georgian, Gujarati, Hindi, w\u0119gierski, islandzki, indonezyjski, irlandzki, jawajski, kannada, kazachski, khmerski, laota\u0144ski, \u0142otewski, litewski, macedo\u0144ski, malajski, malajalam, malta\u0144ski, maoryski, marathi, mongolski, nepalski, norweski, odia, paszto, perski, polski, pend\u017cabski, rumu\u0144ski, rosyjski, serbski, syngaleski, s\u0142owacki, s\u0142owe\u0144ski, somalijski, suahili, tagalski, tamilski, telugu, tajski, ukrai\u0144ski, urdu, uzbecki, wietnamski, walijski, zulu i inne<\/li>\n\n\n\n<li>Model freemium z elastycznymi planami subskrypcji<\/li>\n\n\n\n<li>Dedykowane rozwi\u0105zania korporacyjne dla uniwersytet\u00f3w, szk\u00f3\u0142 j\u0119zykowych, firm i innych organizacji<\/li>\n<\/ul>\n\n<p>Nasze tre\u015bci i systemy s\u0105 opracowywane we wsp\u00f3\u0142pracy z ekspertami j\u0119zykowymi i badaczami sztucznej inteligencji, zapewniaj\u0105c zar\u00f3wno solidno\u015b\u0107 pedagogiczn\u0105, jak i doskona\u0142o\u015b\u0107 techniczn\u0105.<\/p>\n\n<h2 class=\"wp-block-heading\" id=\"h-research-backed-learning\">Nauka poparta badaniami<\/h2>\n\n<p>Skuteczno\u015b\u0107 Talkpal zosta\u0142a zbadana w wielu badaniach akademickich, szczeg\u00f3lnie w kontekstach ESL i EFL. Badania wykaza\u0142y statystycznie znacz\u0105c\u0105 popraw\u0119 p\u0142ynno\u015bci m\u00f3wienia, wymowy, gramatyki i pewno\u015bci siebie uczni\u00f3w podczas korzystania z narz\u0119dzi konwersacyjnych opartych na sztucznej inteligencji, takich jak Talkpal.<\/p>\n\n<p>To podej\u015bcie oparte na badaniach stanowi podstaw\u0119 naszego zaanga\u017cowania w tworzenie nie tylko innowacyjnych technologii, ale tak\u017ce wymiernie skutecznych do\u015bwiadcze\u0144 w nauce j\u0119zyk\u00f3w obcych.<\/p>\n\n<h2 class=\"wp-block-heading\" id=\"h-trusted-by-learners-worldwide\">Zaufany przez uczni\u00f3w na ca\u0142ym \u015bwiecie<\/h2>\n\n<p>Talkpal cieszy si\u0119 zaufaniem milion\u00f3w u\u017cytkownik\u00f3w na ca\u0142ym \u015bwiecie i konsekwentnie otrzymuje wysokie oceny w sklepach z aplikacjami i na platformach z recenzjami. Uczniowie cz\u0119sto podkre\u015blaj\u0105:<\/p>\n\n<ul class=\"wp-block-list\">\n<li>Wolne od presji \u015brodowisko do \u0107wicze\u0144 m\u00f3wienia<\/li>\n\n\n\n<li>Natychmiastowa informacja zwrotna umo\u017cliwiaj\u0105ca podj\u0119cie dzia\u0142a\u0144<\/li>\n\n\n\n<li>Elastyczno\u015b\u0107 nauki w dowolnym miejscu i czasie<\/li>\n\n\n\n<li>Mo\u017cliwo\u015b\u0107 \u0107wiczenia bez konieczno\u015bci posiadania partnera j\u0119zykowego<\/li>\n<\/ul>\n\n<h2 class=\"wp-block-heading\" id=\"h-our-commitment\">Nasze zaanga\u017cowanie<\/h2>\n\n<p>W Talkpal jeste\u015bmy zobowi\u0105zani do:<\/p>\n\n<ul class=\"wp-block-list\">\n<li><strong>Innowacyjno\u015b\u0107<\/strong> &#8211; ci\u0105g\u0142y post\u0119p w dziedzinie sztucznej inteligencji i technologii edukacyjnych<\/li>\n\n\n\n<li><strong>Jako\u015b\u0107<\/strong> &#8211; do\u015bwiadczenia edukacyjne poparte badaniami<\/li>\n\n\n\n<li><strong>Dost\u0119pno\u015b\u0107<\/strong> &#8211; przyst\u0119pna cenowo, integracyjna nauka j\u0119zyk\u00f3w dla wszystkich<\/li>\n\n\n\n<li><strong>Globalny wp\u0142yw<\/strong> &#8211; wzmocnienie komunikacji mi\u0119dzykulturowej<\/li>\n<\/ul>\n\n<p>Wierzymy, \u017ce j\u0119zyk ma moc zmieniania \u017cycia &#8211; a dzi\u0119ki sztucznej inteligencji ta moc mo\u017ce dotrze\u0107 do ka\u017cdego.<\/p>\n\n<p><\/p>\n","protected":false},"excerpt":{"rendered":"<p>Talkpal, Inc. to oparta na sztucznej inteligencji firma zajmuj\u0105ca si\u0119 nauk\u0105 j\u0119zyk\u00f3w obcych, kt\u00f3rej misj\u0105 jest udost\u0119pnienie m\u00f3wienia w dowolnym j\u0119zyku ka\u017cdemu i wsz\u0119dzie. Talkpal rozwija jedn\u0105 z najbardziej zaawansowanych na \u015bwiecie platform samouczk\u00f3w j\u0119zykowych AI, pomagaj\u0105c milionom uczni\u00f3w \u0107wiczy\u0107 prawdziwe rozmowy z pewno\u015bci\u0105 siebie. Za\u0142o\u017cona w 2023 roku firma Talkpal zosta\u0142a zbudowana na prostym, [&hellip;]<\/p>\n","protected":false},"author":1,"featured_media":197973,"parent":0,"menu_order":0,"comment_status":"closed","ping_status":"closed","template":"","meta":{"_acf_changed":false,"footnotes":""},"class_list":["post-167080","page","type-page","status-publish","has-post-thumbnail","hentry"],"acf":[],"yoast_head":"<!-- This site is optimized with the Yoast SEO Premium plugin v27.2 (Yoast SEO v27.2) - https:\/\/yoast.com\/product\/yoast-seo-premium-wordpress\/ -->\n<title>O - Talkpal<\/title>\n<meta name=\"description\" content=\"Talkpal to korepetytor j\u0119zyk\u00f3w oparty na GPT oparty na AI, za\u0142o\u017cony z przekonaniem, \u017ce nauka j\u0119zyk\u00f3w powinna by\u0107 dost\u0119pna dla ka\u017cdego.\" \/>\n<meta name=\"robots\" content=\"index, follow, max-snippet:-1, max-image-preview:large, max-video-preview:-1\" \/>\n<link rel=\"canonical\" href=\"https:\/\/talkpal.ai\/pl\/o\/\" \/>\n<meta property=\"og:locale\" content=\"pl_PL\" \/>\n<meta property=\"og:type\" content=\"article\" \/>\n<meta property=\"og:title\" content=\"O\" \/>\n<meta property=\"og:description\" content=\"Talkpal, Inc. to oparta na sztucznej inteligencji firma zajmuj\u0105ca si\u0119 nauk\u0105 j\u0119zyk\u00f3w obcych, kt\u00f3rej misj\u0105 jest udost\u0119pnienie m\u00f3wienia w dowolnym j\u0119zyku\" \/>\n<meta property=\"og:url\" content=\"https:\/\/talkpal.ai\/pl\/o\/\" \/>\n<meta property=\"og:site_name\" content=\"Talkpal\" \/>\n<meta property=\"article:publisher\" content=\"https:\/\/www.facebook.com\/profile.php?id=100090733639311\" \/>\n<meta property=\"article:modified_time\" content=\"2026-03-06T16:34:18+00:00\" \/>\n<meta property=\"og:image\" content=\"https:\/\/talkpal.ai\/wp-content\/uploads\/2024\/03\/Talkpal-Logo-Icon.png\" \/>\n\t<meta property=\"og:image:width\" content=\"5000\" \/>\n\t<meta property=\"og:image:height\" content=\"5000\" \/>\n\t<meta property=\"og:image:type\" content=\"image\/png\" \/>\n<meta name=\"twitter:card\" content=\"summary_large_image\" \/>\n<meta name=\"twitter:site\" content=\"@talkpalai\" \/>\n<meta name=\"twitter:label1\" content=\"Szacowany czas czytania\" \/>\n\t<meta name=\"twitter:data1\" content=\"5 minut\" \/>\n<script type=\"application\/ld+json\" class=\"yoast-schema-graph\">{\"@context\":\"https:\/\/schema.org\",\"@graph\":[{\"@type\":\"WebPage\",\"@id\":\"https:\/\/talkpal.ai\/pl\/o\/\",\"url\":\"https:\/\/talkpal.ai\/pl\/o\/\",\"name\":\"O - Talkpal\",\"isPartOf\":{\"@id\":\"https:\/\/talkpal.ai\/pl\/#website\"},\"primaryImageOfPage\":{\"@id\":\"https:\/\/talkpal.ai\/pl\/o\/#primaryimage\"},\"image\":{\"@id\":\"https:\/\/talkpal.ai\/pl\/o\/#primaryimage\"},\"thumbnailUrl\":\"https:\/\/talkpal.ai\/wp-content\/uploads\/2024\/03\/Talkpal-Logo-Icon.png\",\"datePublished\":\"2023-04-03T14:56:00+00:00\",\"dateModified\":\"2026-03-06T16:34:18+00:00\",\"description\":\"Talkpal to korepetytor j\u0119zyk\u00f3w oparty na GPT oparty na AI, za\u0142o\u017cony z przekonaniem, \u017ce nauka j\u0119zyk\u00f3w powinna by\u0107 dost\u0119pna dla ka\u017cdego.\",\"breadcrumb\":{\"@id\":\"https:\/\/talkpal.ai\/pl\/o\/#breadcrumb\"},\"inLanguage\":\"pl-PL\",\"potentialAction\":[{\"@type\":\"ReadAction\",\"target\":[\"https:\/\/talkpal.ai\/pl\/o\/\"]}]},{\"@type\":\"ImageObject\",\"inLanguage\":\"pl-PL\",\"@id\":\"https:\/\/talkpal.ai\/pl\/o\/#primaryimage\",\"url\":\"https:\/\/talkpal.ai\/wp-content\/uploads\/2024\/03\/Talkpal-Logo-Icon.png\",\"contentUrl\":\"https:\/\/talkpal.ai\/wp-content\/uploads\/2024\/03\/Talkpal-Logo-Icon.png\",\"width\":5000,\"height\":5000,\"caption\":\"Logo Talkpal bez znaku\"},{\"@type\":\"BreadcrumbList\",\"@id\":\"https:\/\/talkpal.ai\/pl\/o\/#breadcrumb\",\"itemListElement\":[{\"@type\":\"ListItem\",\"position\":1,\"name\":\"Homepage\",\"item\":\"https:\/\/talkpal.ai\/pl\/\"},{\"@type\":\"ListItem\",\"position\":2,\"name\":\"O\"}]},{\"@type\":\"WebSite\",\"@id\":\"https:\/\/talkpal.ai\/pl\/#website\",\"url\":\"https:\/\/talkpal.ai\/pl\/\",\"name\":\"Talkpal\",\"description\":\"AI Language Learning\",\"publisher\":{\"@id\":\"https:\/\/talkpal.ai\/pl\/#organization\"},\"alternateName\":\"Talkpal AI\",\"potentialAction\":[{\"@type\":\"SearchAction\",\"target\":{\"@type\":\"EntryPoint\",\"urlTemplate\":\"https:\/\/talkpal.ai\/pl\/?s={search_term_string}\"},\"query-input\":{\"@type\":\"PropertyValueSpecification\",\"valueRequired\":true,\"valueName\":\"search_term_string\"}}],\"inLanguage\":\"pl-PL\"},{\"@type\":\"Organization\",\"@id\":\"https:\/\/talkpal.ai\/pl\/#organization\",\"name\":\"Talkpal, Inc.\",\"alternateName\":\"Talkpal AI\",\"url\":\"https:\/\/talkpal.ai\/pl\/\",\"logo\":{\"@type\":\"ImageObject\",\"inLanguage\":\"pl-PL\",\"@id\":\"https:\/\/talkpal.ai\/pl\/#\/schema\/logo\/image\/\",\"url\":\"https:\/\/talkpal.ai\/wp-content\/uploads\/2024\/03\/Talkpal-Logo-Icon.png\",\"contentUrl\":\"https:\/\/talkpal.ai\/wp-content\/uploads\/2024\/03\/Talkpal-Logo-Icon.png\",\"width\":2880,\"height\":2880,\"caption\":\"Talkpal, Inc.\"},\"image\":{\"@id\":\"https:\/\/talkpal.ai\/pl\/#\/schema\/logo\/image\/\"},\"sameAs\":[\"https:\/\/www.facebook.com\/profile.php?id=100090733639311\",\"https:\/\/x.com\/talkpalai\",\"https:\/\/www.linkedin.com\/company\/talkpal\/\",\"https:\/\/www.youtube.com\/@TalkPal\/\",\"https:\/\/www.tiktok.com\/@talkpal\",\"https:\/\/www.instagram.com\/talkpal_ai\/\",\"https:\/\/www.crunchbase.com\/organization\/talkpal-9cde\",\"https:\/\/www.g2.com\/products\/talkpal-for-business\/\",\"https:\/\/www.trustpilot.com\/review\/talkpal.ai\",\"https:\/\/www.capterra.com\/p\/10006800\/TalkPal\/\"],\"description\":\"Talkpal is a language learning web and mobile education app, powered by the latest AI technologies, that provides engaging experiences to its customers in many different languages to help them improve their language skills. Users can chat about unlimited amount of topics with the app and use other modes to practice their language learning.\",\"email\":\"support@talkpal.ai\",\"legalName\":\"Talkpal, Inc.\",\"foundingDate\":\"2023-04-03\",\"duns\":\"118989042\",\"numberOfEmployees\":{\"@type\":\"QuantitativeValue\",\"minValue\":\"11\",\"maxValue\":\"50\"},\"publishingPrinciples\":\"https:\/\/talkpal.ai\/publishing-principles\/\",\"actionableFeedbackPolicy\":\"https:\/\/talkpal.ai\/actionable-feedback-policy\/\",\"correctionsPolicy\":\"https:\/\/talkpal.ai\/corrections-policy\/\",\"ethicsPolicy\":\"https:\/\/talkpal.ai\/ethics-policy\/\",\"diversityPolicy\":\"https:\/\/talkpal.ai\/diversity-policy\/\",\"diversityStaffingReport\":\"https:\/\/talkpal.ai\/diversity-policy\/\"}]}<\/script>\n<!-- \/ Yoast SEO Premium plugin. -->","yoast_head_json":{"title":"O - Talkpal","description":"Talkpal to korepetytor j\u0119zyk\u00f3w oparty na GPT oparty na AI, za\u0142o\u017cony z przekonaniem, \u017ce nauka j\u0119zyk\u00f3w powinna by\u0107 dost\u0119pna dla ka\u017cdego.","robots":{"index":"index","follow":"follow","max-snippet":"max-snippet:-1","max-image-preview":"max-image-preview:large","max-video-preview":"max-video-preview:-1"},"canonical":"https:\/\/talkpal.ai\/pl\/o\/","og_locale":"pl_PL","og_type":"article","og_title":"O","og_description":"Talkpal, Inc. to oparta na sztucznej inteligencji firma zajmuj\u0105ca si\u0119 nauk\u0105 j\u0119zyk\u00f3w obcych, kt\u00f3rej misj\u0105 jest udost\u0119pnienie m\u00f3wienia w dowolnym j\u0119zyku","og_url":"https:\/\/talkpal.ai\/pl\/o\/","og_site_name":"Talkpal","article_publisher":"https:\/\/www.facebook.com\/profile.php?id=100090733639311","article_modified_time":"2026-03-06T16:34:18+00:00","og_image":[{"width":5000,"height":5000,"url":"https:\/\/talkpal.ai\/wp-content\/uploads\/2024\/03\/Talkpal-Logo-Icon.png","type":"image\/png"}],"twitter_card":"summary_large_image","twitter_site":"@talkpalai","twitter_misc":{"Szacowany czas czytania":"5 minut"},"schema":{"@context":"https:\/\/schema.org","@graph":[{"@type":"WebPage","@id":"https:\/\/talkpal.ai\/pl\/o\/","url":"https:\/\/talkpal.ai\/pl\/o\/","name":"O - Talkpal","isPartOf":{"@id":"https:\/\/talkpal.ai\/pl\/#website"},"primaryImageOfPage":{"@id":"https:\/\/talkpal.ai\/pl\/o\/#primaryimage"},"image":{"@id":"https:\/\/talkpal.ai\/pl\/o\/#primaryimage"},"thumbnailUrl":"https:\/\/talkpal.ai\/wp-content\/uploads\/2024\/03\/Talkpal-Logo-Icon.png","datePublished":"2023-04-03T14:56:00+00:00","dateModified":"2026-03-06T16:34:18+00:00","description":"Talkpal to korepetytor j\u0119zyk\u00f3w oparty na GPT oparty na AI, za\u0142o\u017cony z przekonaniem, \u017ce nauka j\u0119zyk\u00f3w powinna by\u0107 dost\u0119pna dla ka\u017cdego.","breadcrumb":{"@id":"https:\/\/talkpal.ai\/pl\/o\/#breadcrumb"},"inLanguage":"pl-PL","potentialAction":[{"@type":"ReadAction","target":["https:\/\/talkpal.ai\/pl\/o\/"]}]},{"@type":"ImageObject","inLanguage":"pl-PL","@id":"https:\/\/talkpal.ai\/pl\/o\/#primaryimage","url":"https:\/\/talkpal.ai\/wp-content\/uploads\/2024\/03\/Talkpal-Logo-Icon.png","contentUrl":"https:\/\/talkpal.ai\/wp-content\/uploads\/2024\/03\/Talkpal-Logo-Icon.png","width":5000,"height":5000,"caption":"Logo Talkpal bez znaku"},{"@type":"BreadcrumbList","@id":"https:\/\/talkpal.ai\/pl\/o\/#breadcrumb","itemListElement":[{"@type":"ListItem","position":1,"name":"Homepage","item":"https:\/\/talkpal.ai\/pl\/"},{"@type":"ListItem","position":2,"name":"O"}]},{"@type":"WebSite","@id":"https:\/\/talkpal.ai\/pl\/#website","url":"https:\/\/talkpal.ai\/pl\/","name":"Talkpal","description":"AI Language Learning","publisher":{"@id":"https:\/\/talkpal.ai\/pl\/#organization"},"alternateName":"Talkpal AI","potentialAction":[{"@type":"SearchAction","target":{"@type":"EntryPoint","urlTemplate":"https:\/\/talkpal.ai\/pl\/?s={search_term_string}"},"query-input":{"@type":"PropertyValueSpecification","valueRequired":true,"valueName":"search_term_string"}}],"inLanguage":"pl-PL"},{"@type":"Organization","@id":"https:\/\/talkpal.ai\/pl\/#organization","name":"Talkpal, Inc.","alternateName":"Talkpal AI","url":"https:\/\/talkpal.ai\/pl\/","logo":{"@type":"ImageObject","inLanguage":"pl-PL","@id":"https:\/\/talkpal.ai\/pl\/#\/schema\/logo\/image\/","url":"https:\/\/talkpal.ai\/wp-content\/uploads\/2024\/03\/Talkpal-Logo-Icon.png","contentUrl":"https:\/\/talkpal.ai\/wp-content\/uploads\/2024\/03\/Talkpal-Logo-Icon.png","width":2880,"height":2880,"caption":"Talkpal, Inc."},"image":{"@id":"https:\/\/talkpal.ai\/pl\/#\/schema\/logo\/image\/"},"sameAs":["https:\/\/www.facebook.com\/profile.php?id=100090733639311","https:\/\/x.com\/talkpalai","https:\/\/www.linkedin.com\/company\/talkpal\/","https:\/\/www.youtube.com\/@TalkPal\/","https:\/\/www.tiktok.com\/@talkpal","https:\/\/www.instagram.com\/talkpal_ai\/","https:\/\/www.crunchbase.com\/organization\/talkpal-9cde","https:\/\/www.g2.com\/products\/talkpal-for-business\/","https:\/\/www.trustpilot.com\/review\/talkpal.ai","https:\/\/www.capterra.com\/p\/10006800\/TalkPal\/"],"description":"Talkpal is a language learning web and mobile education app, powered by the latest AI technologies, that provides engaging experiences to its customers in many different languages to help them improve their language skills. Users can chat about unlimited amount of topics with the app and use other modes to practice their language learning.","email":"support@talkpal.ai","legalName":"Talkpal, Inc.","foundingDate":"2023-04-03","duns":"118989042","numberOfEmployees":{"@type":"QuantitativeValue","minValue":"11","maxValue":"50"},"publishingPrinciples":"https:\/\/talkpal.ai\/publishing-principles\/","actionableFeedbackPolicy":"https:\/\/talkpal.ai\/actionable-feedback-policy\/","correctionsPolicy":"https:\/\/talkpal.ai\/corrections-policy\/","ethicsPolicy":"https:\/\/talkpal.ai\/ethics-policy\/","diversityPolicy":"https:\/\/talkpal.ai\/diversity-policy\/","diversityStaffingReport":"https:\/\/talkpal.ai\/diversity-policy\/"}]}},"_links":{"self":[{"href":"https:\/\/talkpal.ai\/pl\/wp-json\/wp\/v2\/pages\/167080","targetHints":{"allow":["GET"]}}],"collection":[{"href":"https:\/\/talkpal.ai\/pl\/wp-json\/wp\/v2\/pages"}],"about":[{"href":"https:\/\/talkpal.ai\/pl\/wp-json\/wp\/v2\/types\/page"}],"author":[{"embeddable":true,"href":"https:\/\/talkpal.ai\/pl\/wp-json\/wp\/v2\/users\/1"}],"replies":[{"embeddable":true,"href":"https:\/\/talkpal.ai\/pl\/wp-json\/wp\/v2\/comments?post=167080"}],"version-history":[{"count":0,"href":"https:\/\/talkpal.ai\/pl\/wp-json\/wp\/v2\/pages\/167080\/revisions"}],"wp:featuredmedia":[{"embeddable":true,"href":"https:\/\/talkpal.ai\/pl\/wp-json\/wp\/v2\/media\/197973"}],"wp:attachment":[{"href":"https:\/\/talkpal.ai\/pl\/wp-json\/wp\/v2\/media?parent=167080"}],"curies":[{"name":"wp","href":"https:\/\/api.w.org\/{rel}","templated":true}]}}