{"id":166494,"date":"2023-06-16T10:58:35","date_gmt":"2023-06-16T10:58:35","guid":{"rendered":"http:\/\/talkpal.ai\/cwiczenia-z-gramatyki-rosyjskiej\/"},"modified":"2025-12-17T16:23:41","modified_gmt":"2025-12-17T16:23:41","slug":"cwiczenia-z-gramatyki-rosyjskiej","status":"publish","type":"page","link":"https:\/\/talkpal.ai\/pl\/cwiczenia-z-gramatyki-rosyjskiej\/","title":{"rendered":"\u0106wiczenia z gramatyki rosyjskiej"},"content":{"rendered":"\r\n\r\n\r\n<section class=\"languageChallengeSection\">\r\n    <div class=\"languageInfoWrapper\">\r\n        \r\n        <h1>\u0106wiczenia z gramatyki rosyjskiej<\/h1>\r\n        <p>Gotowy, by wzmocni\u0107 swoje rosyjskie umiej\u0119tno\u015bci? \u0106wiczenie gramatyki jest jednym z najlepszych sposob\u00f3w na opanowanie struktury zda\u0144, koniugacji czasownik\u00f3w i unikalnych zasad j\u0119zyka rosyjskiego. Zacznij odkrywa\u0107 gramatyk\u0119 rosyjsk\u0105 ju\u017c dzi\u015b i obserwuj, jak z ka\u017cdym \u0107wiczeniem ro\u015bnie twoje zrozumienie i p\u0142ynno\u015b\u0107!<\/p>\r\n\r\n                            <a class=\"getStartedHidden\" href=\"https:\/\/app.talkpal.ai\/pl\/signup?lng=\">Zaczynaj<\/a>\r\n        \r\n    <\/div>\r\n\r\n    <figure>\r\n    <img decoding=\"async\" width=\"768\" height=\"768\" src=\"https:\/\/talkpal.ai\/wp-content\/uploads\/2023\/06\/russian-768x768.png\" class=\"languageImage no-lazy\" alt=\"Language learning for multicultural understanding\" fetchpriority=\"high\" sizes=\"(max-width: 768px) 150px, 768px\" srcset=\"https:\/\/talkpal.ai\/wp-content\/uploads\/2023\/06\/russian-768x768.png 768w, https:\/\/talkpal.ai\/wp-content\/uploads\/2023\/06\/russian-300x300.png 300w\" \/>\r\n    \r\n\r\n    <\/figure>\r\n\r\n            <a class=\"getStartedVisible\" href=\"https:\/\/app.talkpal.ai\/pl\/signup?lng=\">Zaczynaj<\/a>\r\n    \r\n<\/section>\r\n\r\n\r\n<!-- <section class=\"grammarSection\">\r\n    <div class=\"grammarLinks\">\r\n            <\/div>\r\n<\/section> -->\r\n\r\n\r\n\r\n\r\n<section class=\"promotionalBanner\">\r\n    <p class=\"promotionalText\">Najbardziej efektywny spos\u00f3b nauki j\u0119zyka<\/p>\r\n    <a class=\"promotionalLink\" href=\"https:\/\/app.talkpal.ai\/pl\/signup?lng=\">Wypr\u00f3buj Talkpal za darmo<\/a>\r\n<\/section>\n<div class=\"wp-block-group pageContainerStyle\"><div class=\"wp-block-group__inner-container is-layout-constrained wp-block-group-is-layout-constrained\">\n<h2 class=\"wp-block-heading\" id=\"h-russian-grammar-topics\">Tematy gramatyczne j\u0119zyka rosyjskiego<\/h2>\n\n\n\n<p>Nauka rosyjskiego mo\u017ce by\u0107 niezwykle satysfakcjonuj\u0105cym i stymuluj\u0105cym intelektualnie do\u015bwiadczeniem. J\u0119zyk <a href=\"https:\/\/talkpal.ai\/learn-russian\/\">rosyjski<\/a> jest nie tylko bogaty w s\u0142ownictwo i si\u0142\u0119 wyrazu, ale tak\u017ce stanowi okno na fascynuj\u0105c\u0105 kultur\u0119, histori\u0119 i literatur\u0119 Rosji i by\u0142ego Zwi\u0105zku Radzieckiego. Rozpoczynaj\u0105c swoj\u0105 podr\u00f3\u017c do nauki j\u0119zyka rosyjskiego, wa\u017cne jest, aby zapozna\u0107 si\u0119 z r\u00f3\u017cnymi tematami gramatycznymi, kt\u00f3re b\u0119d\u0105 stanowi\u0107 podstaw\u0119 Twoich umiej\u0119tno\u015bci j\u0119zykowych. W tym przewodniku przedstawimy przegl\u0105d podstawowych temat\u00f3w gramatyki rosyjskiej, w tym czas\u00f3w, czasownik\u00f3w, rzeczownik\u00f3w, rodzajnik\u00f3w, zaimk\u00f3w, przymiotnik\u00f3w, przys\u0142\u00f3wk\u00f3w, przyimk\u00f3w i struktury zda\u0144. Opanowuj\u0105c te podstawy, b\u0119dziesz na dobrej drodze do osi\u0105gni\u0119cia p\u0142ynno\u015bci w j\u0119zyku rosyjskim.<\/p>\n\n\n\n<h3 class=\"wp-block-heading\" id=\"h-1-nouns\">1. Rzeczowniki:<\/h3>\n\n\n\n<p>Zacznij od nauki rosyjskich rzeczownik\u00f3w, poniewa\u017c s\u0105 one podstawowym budulcem j\u0119zyka. Rosyjskie rzeczowniki maj\u0105 trzy rodzaje (m\u0119ski, \u017ce\u0144ski i nijaki) i sze\u015b\u0107 przypadk\u00f3w (mianownik, dope\u0142niacz, celownik, aluzyt, narz\u0119dnik i przyimek). Zrozumienie rodzaju i systemu przypadk\u00f3w jest kluczowe dla prawid\u0142owego u\u017cycia rzeczownik\u00f3w w zdaniach.<\/p>\n\n\n\n<h3 class=\"wp-block-heading\" id=\"h-2-pronouns\">2. Zaimki:<\/h3>\n\n\n\n<p>Po zapoznaniu si\u0119 z rzeczownikami przejd\u017a do zaimk\u00f3w, kt\u00f3re zast\u0119puj\u0105 rzeczowniki w zdaniach, aby unikn\u0105\u0107 powt\u00f3rze\u0144. Zaimki maj\u0105 r\u00f3wnie\u017c rodzaj i przypadek, dlatego wa\u017cne jest, aby nauczy\u0107 si\u0119 ich form i u\u017cycia.<\/p>\n\n\n\n<h3 class=\"wp-block-heading\" id=\"h-3-adjectives\">3. Przymiotniki:<\/h3>\n\n\n\n<p>Przymiotniki opisuj\u0105 lub modyfikuj\u0105 rzeczowniki i zaimki. Zgadzaj\u0105 si\u0119 z rzeczownikami, kt\u00f3re modyfikuj\u0105 pod wzgl\u0119dem rodzaju, liczby i przypadku. <a href=\"https:\/\/talkpal.ai\/pl\/naucz-sie-malajskiego\/\">Naucz si\u0119<\/a> r\u00f3\u017cnych form i ko\u0144c\u00f3wek przymiotnik\u00f3w, aby u\u017cywa\u0107 ich poprawnie.<\/p>\n\n\n\n<h3 class=\"wp-block-heading\" id=\"h-4-verbs\">4. Czasowniki:<\/h3>\n\n\n\n<p>Czasowniki s\u0105 podstaw\u0105 ka\u017cdego zdania, poniewa\u017c wyra\u017caj\u0105 czynno\u015bci, stany lub zdarzenia. W j\u0119zyku rosyjskim czasowniki maj\u0105 dwa aspekty (dokonany i niedokonany) i odmieniaj\u0105 si\u0119 wed\u0142ug osoby, liczby i czasu. Zapoznaj si\u0119 ze wzorcami i aspektami koniugacji, aby utworzy\u0107 dok\u0142adne formy czasownik\u00f3w.<\/p>\n\n\n\n<h3 class=\"wp-block-heading\" id=\"h-5-tenses-indicative\">5. Czasy oznajmuj\u0105ce:<\/h3>\n\n\n\n<p><a href=\"https:\/\/talkpal.ai\/learn-russian\/\">Rosyjski<\/a> ma trzy czasy oznajmuj\u0105ce: przesz\u0142y, tera\u017aniejszy i przysz\u0142y. Dowiedz si\u0119, jak tworzy\u0107 i u\u017cywa\u0107 tych czas\u00f3w do wyra\u017cania dzia\u0142a\u0144 i wydarze\u0144 w r\u00f3\u017cnych ramach czasowych.<\/p>\n\n\n\n<h3 class=\"wp-block-heading\" id=\"h-6-tenses-subjunctive\">6. Czasy \u0142\u0105cz\u0105ce:<\/h3>\n\n\n\n<p>Tryb \u0142\u0105cz\u0105cy wyra\u017ca hipotetyczne sytuacje, \u017cyczenia lub nierzeczywiste warunki. Dowiedz si\u0119, jak utworzy\u0107 tryb \u0142\u0105cz\u0105cy w j\u0119zyku rosyjskim i kiedy u\u017cywa\u0107 go w zdaniach.<\/p>\n\n\n\n<h3 class=\"wp-block-heading\" id=\"h-7-tense-comparison\">7. Por\u00f3wnanie czasu:<\/h3>\n\n\n\n<p>Zrozumienie, jak por\u00f3wnywa\u0107 i kontrastowa\u0107 dzia\u0142ania w r\u00f3\u017cnych czasach, jest niezb\u0119dne do jasnej komunikacji. \u0106wicz u\u017cywanie r\u00f3\u017cnych czas\u00f3w razem, aby wyrazi\u0107 z\u0142o\u017cone my\u015bli i pomys\u0142y.<\/p>\n\n\n\n<h3 class=\"wp-block-heading\" id=\"h-8-adverbs\">8. Przys\u0142\u00f3wki:<\/h3>\n\n\n\n<p>Przys\u0142\u00f3wki modyfikuj\u0105 czasowniki, przymiotniki lub inne przys\u0142\u00f3wki, dostarczaj\u0105c informacji o tym, jak, kiedy, gdzie i w jakim stopniu wyst\u0119puje czynno\u015b\u0107. Naucz si\u0119 popularnych rosyjskich przys\u0142\u00f3wk\u00f3w i ich u\u017cycia, aby wzbogaci\u0107 swoje zdania.<\/p>\n\n\n\n<h3 class=\"wp-block-heading\" id=\"h-9-prepositions\">9. Przyimki:<\/h3>\n\n\n\n<p>Przyimki \u0142\u0105cz\u0105 rzeczowniki, zaimki lub frazy z innymi s\u0142owami w zdaniu, wskazuj\u0105c na relacje, takie jak lokalizacja, kierunek, czas lub cel. Zapoznaj si\u0119 z rosyjskimi przyimkami i odpowiadaj\u0105cymi im przypadkami, aby konstruowa\u0107 poprawne gramatycznie zdania.<\/p>\n\n\n\n<h3 class=\"wp-block-heading\" id=\"h-10-sentence-structure\">10. Struktura zdania:<\/h3>\n\n\n\n<p>Na koniec naucz si\u0119 podstaw rosyjskiej struktury zda\u0144, w tym kolejno\u015bci s\u0142\u00f3w, negacji i tworzenia pyta\u0144. Zrozumienie, jak poprawnie konstruowa\u0107 zdania, zapewni, \u017ce Tw\u00f3j rosyjski w mowie i pi\u015bmie b\u0119dzie jasny i zrozumia\u0142y.<\/p>\n\n\n\n<p>Post\u0119puj\u0105c zgodnie z t\u0105 kolejno\u015bci\u0105 i po\u015bwi\u0119caj\u0105c czas na ka\u017cdy temat gramatyczny, rozwiniesz solidne podstawy w j\u0119zyku rosyjskim, co pozwoli Ci skutecznie komunikowa\u0107 si\u0119 i doceni\u0107 pi\u0119kno i g\u0142\u0119bi\u0119 j\u0119zyka.<\/p>\n<\/div><\/div>\n\r\n<section class=\"learnNavigationSection\">\r\n            \r\n        <a href=\"https:\/\/talkpal.ai\/pl\/naucz-sie-rosyjskiego\/\">\r\n            <div class=\"learnNavigationWrapper\">\r\n                <div class=\"learnNavigationContent\">\r\n                    <img decoding=\"async\" src=\"https:\/\/talkpal.ai\/wp-content\/uploads\/2024\/08\/Russian.jpg\" alt=\"Russian Flag\">\r\n                    <div>\r\n                        <h4>O nauce rosyjskiego<\/h4>\r\n                        <p>Dowiedz si\u0119 wszystkiego o gramatyce rosyjskiej .<\/p>\r\n                    <\/div>\r\n                <\/div>\r\n            <\/div>\r\n        <\/a>\r\n\r\n        \r\n        <a href=\"https:\/\/talkpal.ai\/pl\/gramatyka-rosyjska\/\">\r\n            <div class=\"learnNavigationWrapper\">\r\n                <div class=\"learnNavigationContent\">\r\n                    <img decoding=\"async\" src=\"https:\/\/talkpal.ai\/wp-content\/uploads\/2024\/08\/Russian.jpg\" alt=\"Russian Flag\">\r\n                    <div>\r\n                        <h4>Lekcje gramatyki rosyjskiej<\/h4>\r\n                        <p>\u0106wicz gramatyk\u0119 rosyjsk\u0105.<\/p>\r\n                    <\/div>\r\n                <\/div>\r\n            <\/div>\r\n        <\/a>\r\n\r\n        \r\n        <a href=\"https:\/\/talkpal.ai\/vocabulary_language\/russian\/\">\r\n            <div class=\"learnNavigationWrapper\">\r\n                <div class=\"learnNavigationContent\">\r\n                    <img decoding=\"async\" src=\"https:\/\/talkpal.ai\/wp-content\/uploads\/2024\/08\/Russian.jpg\" alt=\"Russian Flag\">\r\n                    <div>\r\n                        <h4>Rosyjskie s\u0142ownictwo<\/h4>\r\n                        <p>Poszerz swoje rosyjskie s\u0142ownictwo.<\/p>\r\n                    <\/div>\r\n                <\/div>\r\n            <\/div>\r\n        <\/a>\r\n\r\n            <\/section>","protected":false},"excerpt":{"rendered":"<p>Tematy gramatyczne j\u0119zyka rosyjskiego Nauka rosyjskiego mo\u017ce by\u0107 niezwykle satysfakcjonuj\u0105cym i stymuluj\u0105cym intelektualnie do\u015bwiadczeniem. J\u0119zyk rosyjski jest nie tylko bogaty w s\u0142ownictwo i si\u0142\u0119 wyrazu, ale tak\u017ce stanowi okno na fascynuj\u0105c\u0105 kultur\u0119, histori\u0119 i literatur\u0119 Rosji i by\u0142ego Zwi\u0105zku Radzieckiego. Rozpoczynaj\u0105c swoj\u0105 podr\u00f3\u017c do nauki j\u0119zyka rosyjskiego, wa\u017cne jest, aby zapozna\u0107 si\u0119 z r\u00f3\u017cnymi tematami [&hellip;]<\/p>\n","protected":false},"author":6,"featured_media":108041,"parent":0,"menu_order":0,"comment_status":"closed","ping_status":"closed","template":"LearningContentPage.php","meta":{"_acf_changed":false,"footnotes":""},"class_list":["post-166494","page","type-page","status-publish","has-post-thumbnail","hentry"],"acf":[],"yoast_head":"<!-- This site is optimized with the Yoast SEO Premium plugin v27.2 (Yoast SEO v27.2) - https:\/\/yoast.com\/product\/yoast-seo-premium-wordpress\/ -->\n<title>\u0106wiczenia z gramatyki rosyjskiej - Talkpal<\/title>\n<meta name=\"description\" content=\"Poznaj niezb\u0119dne \u0107wiczenia z gramatyki rosyjskiej, aby wzmocni\u0107 swoje umiej\u0119tno\u015bci j\u0119zykowe i osi\u0105gn\u0105\u0107 p\u0142ynno\u015b\u0107 w j\u0119zyku rosyjskim.\" \/>\n<meta name=\"robots\" content=\"index, follow, max-snippet:-1, max-image-preview:large, max-video-preview:-1\" \/>\n<link rel=\"canonical\" href=\"https:\/\/talkpal.ai\/pl\/cwiczenia-z-gramatyki-rosyjskiej\/\" \/>\n<meta property=\"og:locale\" content=\"pl_PL\" \/>\n<meta property=\"og:type\" content=\"article\" \/>\n<meta property=\"og:title\" content=\"\u0106wiczenia z gramatyki rosyjskiej\" \/>\n<meta property=\"og:description\" content=\"Tematy gramatyczne j\u0119zyka rosyjskiego Nauka rosyjskiego mo\u017ce by\u0107 niezwykle satysfakcjonuj\u0105cym i stymuluj\u0105cym intelektualnie do\u015bwiadczeniem. J\u0119zyk rosyjski\" \/>\n<meta property=\"og:url\" content=\"https:\/\/talkpal.ai\/pl\/cwiczenia-z-gramatyki-rosyjskiej\/\" \/>\n<meta property=\"og:site_name\" content=\"Talkpal\" \/>\n<meta property=\"article:publisher\" content=\"https:\/\/www.facebook.com\/profile.php?id=100090733639311\" \/>\n<meta property=\"article:modified_time\" content=\"2025-12-17T16:23:41+00:00\" \/>\n<meta property=\"og:image\" content=\"https:\/\/talkpal.ai\/wp-content\/uploads\/2023\/04\/rusia.png\" \/>\n\t<meta property=\"og:image:width\" content=\"512\" \/>\n\t<meta property=\"og:image:height\" content=\"512\" \/>\n\t<meta property=\"og:image:type\" content=\"image\/png\" \/>\n<meta name=\"twitter:card\" content=\"summary_large_image\" \/>\n<meta name=\"twitter:site\" content=\"@talkpalai\" \/>\n<meta name=\"twitter:label1\" content=\"Szacowany czas czytania\" \/>\n\t<meta name=\"twitter:data1\" content=\"3 minuty\" \/>\n<script type=\"application\/ld+json\" class=\"yoast-schema-graph\">{\"@context\":\"https:\/\/schema.org\",\"@graph\":[{\"@type\":\"WebPage\",\"@id\":\"https:\/\/talkpal.ai\/pl\/cwiczenia-z-gramatyki-rosyjskiej\/\",\"url\":\"https:\/\/talkpal.ai\/pl\/cwiczenia-z-gramatyki-rosyjskiej\/\",\"name\":\"\u0106wiczenia z gramatyki rosyjskiej - Talkpal\",\"isPartOf\":{\"@id\":\"https:\/\/talkpal.ai\/pl\/#website\"},\"primaryImageOfPage\":{\"@id\":\"https:\/\/talkpal.ai\/pl\/cwiczenia-z-gramatyki-rosyjskiej\/#primaryimage\"},\"image\":{\"@id\":\"https:\/\/talkpal.ai\/pl\/cwiczenia-z-gramatyki-rosyjskiej\/#primaryimage\"},\"thumbnailUrl\":\"https:\/\/talkpal.ai\/wp-content\/uploads\/2023\/04\/rusia.png\",\"datePublished\":\"2023-06-16T10:58:35+00:00\",\"dateModified\":\"2025-12-17T16:23:41+00:00\",\"description\":\"Poznaj niezb\u0119dne \u0107wiczenia z gramatyki rosyjskiej, aby wzmocni\u0107 swoje umiej\u0119tno\u015bci j\u0119zykowe i osi\u0105gn\u0105\u0107 p\u0142ynno\u015b\u0107 w j\u0119zyku rosyjskim.\",\"breadcrumb\":{\"@id\":\"https:\/\/talkpal.ai\/pl\/cwiczenia-z-gramatyki-rosyjskiej\/#breadcrumb\"},\"inLanguage\":\"pl-PL\",\"potentialAction\":[{\"@type\":\"ReadAction\",\"target\":[\"https:\/\/talkpal.ai\/pl\/cwiczenia-z-gramatyki-rosyjskiej\/\"]}]},{\"@type\":\"ImageObject\",\"inLanguage\":\"pl-PL\",\"@id\":\"https:\/\/talkpal.ai\/pl\/cwiczenia-z-gramatyki-rosyjskiej\/#primaryimage\",\"url\":\"https:\/\/talkpal.ai\/wp-content\/uploads\/2023\/04\/rusia.png\",\"contentUrl\":\"https:\/\/talkpal.ai\/wp-content\/uploads\/2023\/04\/rusia.png\",\"width\":512,\"height\":512},{\"@type\":\"BreadcrumbList\",\"@id\":\"https:\/\/talkpal.ai\/pl\/cwiczenia-z-gramatyki-rosyjskiej\/#breadcrumb\",\"itemListElement\":[{\"@type\":\"ListItem\",\"position\":1,\"name\":\"Homepage\",\"item\":\"https:\/\/talkpal.ai\/pl\/\"},{\"@type\":\"ListItem\",\"position\":2,\"name\":\"\u0106wiczenia z gramatyki rosyjskiej\"}]},{\"@type\":\"WebSite\",\"@id\":\"https:\/\/talkpal.ai\/pl\/#website\",\"url\":\"https:\/\/talkpal.ai\/pl\/\",\"name\":\"Talkpal\",\"description\":\"AI Language Learning\",\"publisher\":{\"@id\":\"https:\/\/talkpal.ai\/pl\/#organization\"},\"alternateName\":\"Talkpal AI\",\"potentialAction\":[{\"@type\":\"SearchAction\",\"target\":{\"@type\":\"EntryPoint\",\"urlTemplate\":\"https:\/\/talkpal.ai\/pl\/?s={search_term_string}\"},\"query-input\":{\"@type\":\"PropertyValueSpecification\",\"valueRequired\":true,\"valueName\":\"search_term_string\"}}],\"inLanguage\":\"pl-PL\"},{\"@type\":\"Organization\",\"@id\":\"https:\/\/talkpal.ai\/pl\/#organization\",\"name\":\"Talkpal, Inc.\",\"alternateName\":\"Talkpal AI\",\"url\":\"https:\/\/talkpal.ai\/pl\/\",\"logo\":{\"@type\":\"ImageObject\",\"inLanguage\":\"pl-PL\",\"@id\":\"https:\/\/talkpal.ai\/pl\/#\/schema\/logo\/image\/\",\"url\":\"https:\/\/talkpal.ai\/wp-content\/uploads\/2024\/03\/Talkpal-Logo-Icon.png\",\"contentUrl\":\"https:\/\/talkpal.ai\/wp-content\/uploads\/2024\/03\/Talkpal-Logo-Icon.png\",\"width\":2880,\"height\":2880,\"caption\":\"Talkpal, Inc.\"},\"image\":{\"@id\":\"https:\/\/talkpal.ai\/pl\/#\/schema\/logo\/image\/\"},\"sameAs\":[\"https:\/\/www.facebook.com\/profile.php?id=100090733639311\",\"https:\/\/x.com\/talkpalai\",\"https:\/\/www.linkedin.com\/company\/talkpal\/\",\"https:\/\/www.youtube.com\/@TalkPal\/\",\"https:\/\/www.tiktok.com\/@talkpal\",\"https:\/\/www.instagram.com\/talkpal_ai\/\",\"https:\/\/www.crunchbase.com\/organization\/talkpal-9cde\",\"https:\/\/www.g2.com\/products\/talkpal-for-business\/\",\"https:\/\/www.trustpilot.com\/review\/talkpal.ai\",\"https:\/\/www.capterra.com\/p\/10006800\/TalkPal\/\"],\"description\":\"Talkpal is a language learning web and mobile education app, powered by the latest AI technologies, that provides engaging experiences to its customers in many different languages to help them improve their language skills. Users can chat about unlimited amount of topics with the app and use other modes to practice their language learning.\",\"email\":\"support@talkpal.ai\",\"legalName\":\"Talkpal, Inc.\",\"foundingDate\":\"2023-04-03\",\"duns\":\"118989042\",\"numberOfEmployees\":{\"@type\":\"QuantitativeValue\",\"minValue\":\"11\",\"maxValue\":\"50\"},\"publishingPrinciples\":\"https:\/\/talkpal.ai\/publishing-principles\/\",\"actionableFeedbackPolicy\":\"https:\/\/talkpal.ai\/actionable-feedback-policy\/\",\"correctionsPolicy\":\"https:\/\/talkpal.ai\/corrections-policy\/\",\"ethicsPolicy\":\"https:\/\/talkpal.ai\/ethics-policy\/\",\"diversityPolicy\":\"https:\/\/talkpal.ai\/diversity-policy\/\",\"diversityStaffingReport\":\"https:\/\/talkpal.ai\/diversity-policy\/\"}]}<\/script>\n<!-- \/ Yoast SEO Premium plugin. -->","yoast_head_json":{"title":"\u0106wiczenia z gramatyki rosyjskiej - Talkpal","description":"Poznaj niezb\u0119dne \u0107wiczenia z gramatyki rosyjskiej, aby wzmocni\u0107 swoje umiej\u0119tno\u015bci j\u0119zykowe i osi\u0105gn\u0105\u0107 p\u0142ynno\u015b\u0107 w j\u0119zyku rosyjskim.","robots":{"index":"index","follow":"follow","max-snippet":"max-snippet:-1","max-image-preview":"max-image-preview:large","max-video-preview":"max-video-preview:-1"},"canonical":"https:\/\/talkpal.ai\/pl\/cwiczenia-z-gramatyki-rosyjskiej\/","og_locale":"pl_PL","og_type":"article","og_title":"\u0106wiczenia z gramatyki rosyjskiej","og_description":"Tematy gramatyczne j\u0119zyka rosyjskiego Nauka rosyjskiego mo\u017ce by\u0107 niezwykle satysfakcjonuj\u0105cym i stymuluj\u0105cym intelektualnie do\u015bwiadczeniem. J\u0119zyk rosyjski","og_url":"https:\/\/talkpal.ai\/pl\/cwiczenia-z-gramatyki-rosyjskiej\/","og_site_name":"Talkpal","article_publisher":"https:\/\/www.facebook.com\/profile.php?id=100090733639311","article_modified_time":"2025-12-17T16:23:41+00:00","og_image":[{"width":512,"height":512,"url":"https:\/\/talkpal.ai\/wp-content\/uploads\/2023\/04\/rusia.png","type":"image\/png"}],"twitter_card":"summary_large_image","twitter_site":"@talkpalai","twitter_misc":{"Szacowany czas czytania":"3 minuty"},"schema":{"@context":"https:\/\/schema.org","@graph":[{"@type":"WebPage","@id":"https:\/\/talkpal.ai\/pl\/cwiczenia-z-gramatyki-rosyjskiej\/","url":"https:\/\/talkpal.ai\/pl\/cwiczenia-z-gramatyki-rosyjskiej\/","name":"\u0106wiczenia z gramatyki rosyjskiej - Talkpal","isPartOf":{"@id":"https:\/\/talkpal.ai\/pl\/#website"},"primaryImageOfPage":{"@id":"https:\/\/talkpal.ai\/pl\/cwiczenia-z-gramatyki-rosyjskiej\/#primaryimage"},"image":{"@id":"https:\/\/talkpal.ai\/pl\/cwiczenia-z-gramatyki-rosyjskiej\/#primaryimage"},"thumbnailUrl":"https:\/\/talkpal.ai\/wp-content\/uploads\/2023\/04\/rusia.png","datePublished":"2023-06-16T10:58:35+00:00","dateModified":"2025-12-17T16:23:41+00:00","description":"Poznaj niezb\u0119dne \u0107wiczenia z gramatyki rosyjskiej, aby wzmocni\u0107 swoje umiej\u0119tno\u015bci j\u0119zykowe i osi\u0105gn\u0105\u0107 p\u0142ynno\u015b\u0107 w j\u0119zyku rosyjskim.","breadcrumb":{"@id":"https:\/\/talkpal.ai\/pl\/cwiczenia-z-gramatyki-rosyjskiej\/#breadcrumb"},"inLanguage":"pl-PL","potentialAction":[{"@type":"ReadAction","target":["https:\/\/talkpal.ai\/pl\/cwiczenia-z-gramatyki-rosyjskiej\/"]}]},{"@type":"ImageObject","inLanguage":"pl-PL","@id":"https:\/\/talkpal.ai\/pl\/cwiczenia-z-gramatyki-rosyjskiej\/#primaryimage","url":"https:\/\/talkpal.ai\/wp-content\/uploads\/2023\/04\/rusia.png","contentUrl":"https:\/\/talkpal.ai\/wp-content\/uploads\/2023\/04\/rusia.png","width":512,"height":512},{"@type":"BreadcrumbList","@id":"https:\/\/talkpal.ai\/pl\/cwiczenia-z-gramatyki-rosyjskiej\/#breadcrumb","itemListElement":[{"@type":"ListItem","position":1,"name":"Homepage","item":"https:\/\/talkpal.ai\/pl\/"},{"@type":"ListItem","position":2,"name":"\u0106wiczenia z gramatyki rosyjskiej"}]},{"@type":"WebSite","@id":"https:\/\/talkpal.ai\/pl\/#website","url":"https:\/\/talkpal.ai\/pl\/","name":"Talkpal","description":"AI Language Learning","publisher":{"@id":"https:\/\/talkpal.ai\/pl\/#organization"},"alternateName":"Talkpal AI","potentialAction":[{"@type":"SearchAction","target":{"@type":"EntryPoint","urlTemplate":"https:\/\/talkpal.ai\/pl\/?s={search_term_string}"},"query-input":{"@type":"PropertyValueSpecification","valueRequired":true,"valueName":"search_term_string"}}],"inLanguage":"pl-PL"},{"@type":"Organization","@id":"https:\/\/talkpal.ai\/pl\/#organization","name":"Talkpal, Inc.","alternateName":"Talkpal AI","url":"https:\/\/talkpal.ai\/pl\/","logo":{"@type":"ImageObject","inLanguage":"pl-PL","@id":"https:\/\/talkpal.ai\/pl\/#\/schema\/logo\/image\/","url":"https:\/\/talkpal.ai\/wp-content\/uploads\/2024\/03\/Talkpal-Logo-Icon.png","contentUrl":"https:\/\/talkpal.ai\/wp-content\/uploads\/2024\/03\/Talkpal-Logo-Icon.png","width":2880,"height":2880,"caption":"Talkpal, Inc."},"image":{"@id":"https:\/\/talkpal.ai\/pl\/#\/schema\/logo\/image\/"},"sameAs":["https:\/\/www.facebook.com\/profile.php?id=100090733639311","https:\/\/x.com\/talkpalai","https:\/\/www.linkedin.com\/company\/talkpal\/","https:\/\/www.youtube.com\/@TalkPal\/","https:\/\/www.tiktok.com\/@talkpal","https:\/\/www.instagram.com\/talkpal_ai\/","https:\/\/www.crunchbase.com\/organization\/talkpal-9cde","https:\/\/www.g2.com\/products\/talkpal-for-business\/","https:\/\/www.trustpilot.com\/review\/talkpal.ai","https:\/\/www.capterra.com\/p\/10006800\/TalkPal\/"],"description":"Talkpal is a language learning web and mobile education app, powered by the latest AI technologies, that provides engaging experiences to its customers in many different languages to help them improve their language skills. Users can chat about unlimited amount of topics with the app and use other modes to practice their language learning.","email":"support@talkpal.ai","legalName":"Talkpal, Inc.","foundingDate":"2023-04-03","duns":"118989042","numberOfEmployees":{"@type":"QuantitativeValue","minValue":"11","maxValue":"50"},"publishingPrinciples":"https:\/\/talkpal.ai\/publishing-principles\/","actionableFeedbackPolicy":"https:\/\/talkpal.ai\/actionable-feedback-policy\/","correctionsPolicy":"https:\/\/talkpal.ai\/corrections-policy\/","ethicsPolicy":"https:\/\/talkpal.ai\/ethics-policy\/","diversityPolicy":"https:\/\/talkpal.ai\/diversity-policy\/","diversityStaffingReport":"https:\/\/talkpal.ai\/diversity-policy\/"}]}},"_links":{"self":[{"href":"https:\/\/talkpal.ai\/pl\/wp-json\/wp\/v2\/pages\/166494","targetHints":{"allow":["GET"]}}],"collection":[{"href":"https:\/\/talkpal.ai\/pl\/wp-json\/wp\/v2\/pages"}],"about":[{"href":"https:\/\/talkpal.ai\/pl\/wp-json\/wp\/v2\/types\/page"}],"author":[{"embeddable":true,"href":"https:\/\/talkpal.ai\/pl\/wp-json\/wp\/v2\/users\/6"}],"replies":[{"embeddable":true,"href":"https:\/\/talkpal.ai\/pl\/wp-json\/wp\/v2\/comments?post=166494"}],"version-history":[{"count":0,"href":"https:\/\/talkpal.ai\/pl\/wp-json\/wp\/v2\/pages\/166494\/revisions"}],"wp:featuredmedia":[{"embeddable":true,"href":"https:\/\/talkpal.ai\/pl\/wp-json\/wp\/v2\/media\/108041"}],"wp:attachment":[{"href":"https:\/\/talkpal.ai\/pl\/wp-json\/wp\/v2\/media?parent=166494"}],"curies":[{"name":"wp","href":"https:\/\/api.w.org\/{rel}","templated":true}]}}