{"id":165893,"date":"2023-06-16T11:38:32","date_gmt":"2023-06-16T11:38:32","guid":{"rendered":"http:\/\/talkpal.ai\/cwiczenia-gramatyczne-z-jezyka-azerbejdzanskiego\/"},"modified":"2025-05-22T21:35:19","modified_gmt":"2025-05-22T21:35:19","slug":"cwiczenia-gramatyczne-z-jezyka-azerbejdzanskiego","status":"publish","type":"page","link":"https:\/\/talkpal.ai\/pl\/cwiczenia-gramatyczne-z-jezyka-azerbejdzanskiego\/","title":{"rendered":"\u0106wiczenia gramatyczne z j\u0119zyka azerbejd\u017ca\u0144skiego"},"content":{"rendered":"\r\n\r\n\r\n<section class=\"languageChallengeSection\">\r\n    <div class=\"languageInfoWrapper\">\r\n        \r\n        <h1>\u0106wiczenia gramatyczne z j\u0119zyka azerbejd\u017ca\u0144skiego<\/h1>\r\n        <p>Chcesz podnie\u015b\u0107 swoje umiej\u0119tno\u015bci w j\u0119zyku azerskim? \u0106wiczenie gramatyki to doskona\u0142y spos\u00f3b na zrozumienie struktury zda\u0144, ko\u0144c\u00f3wek czasownik\u00f3w i wzorc\u00f3w, kt\u00f3re sprawiaj\u0105, \u017ce j\u0119zyk jest wyj\u0105tkowy. Zacznij \u0107wiczy\u0107 gramatyk\u0119 azersk\u0105 ju\u017c dzi\u015b i obserwuj, jak z ka\u017cdym krokiem ro\u015bnie Twoja pewno\u015b\u0107 siebie i p\u0142ynno\u015b\u0107!<\/p>\r\n\r\n                            <a class=\"getStartedHidden\" href=\"https:\/\/app.talkpal.ai\/pl\/signup?lng=\">Zaczynaj<\/a>\r\n        \r\n    <\/div>\r\n\r\n    <figure>\r\n    <img decoding=\"async\" width=\"768\" height=\"768\" src=\"https:\/\/talkpal.ai\/wp-content\/uploads\/2023\/06\/azerbaijani-768x768.png\" class=\"languageImage no-lazy\" alt=\"Language learning for enhanced cognitive skills\" fetchpriority=\"high\" sizes=\"(max-width: 768px) 150px, 768px\" srcset=\"https:\/\/talkpal.ai\/wp-content\/uploads\/2023\/06\/azerbaijani-768x768.png 768w, https:\/\/talkpal.ai\/wp-content\/uploads\/2023\/06\/azerbaijani-300x300.png 300w\" \/>\r\n    \r\n\r\n    <\/figure>\r\n\r\n            <a class=\"getStartedVisible\" href=\"https:\/\/app.talkpal.ai\/pl\/signup?lng=\">Zaczynaj<\/a>\r\n    \r\n<\/section>\r\n\r\n\r\n<!-- <section class=\"grammarSection\">\r\n    <div class=\"grammarLinks\">\r\n            <\/div>\r\n<\/section> -->\r\n\r\n\r\n\r\n\r\n<section class=\"promotionalBanner\">\r\n    <p class=\"promotionalText\">Najbardziej efektywny spos\u00f3b nauki j\u0119zyka<\/p>\r\n    <a class=\"promotionalLink\" href=\"https:\/\/app.talkpal.ai\/pl\/signup?lng=\">Wypr\u00f3buj Talkpal za darmo<\/a>\r\n<\/section>\n<div class=\"wp-block-group pageContainerStyle\"><div class=\"wp-block-group__inner-container is-layout-constrained wp-block-group-is-layout-constrained\">\n<h2 class=\"wp-block-heading\" id=\"h-azerbaijani-grammar-topics\">Tematy gramatyczne azerbejd\u017ca\u0144skie<\/h2>\n\n\n\n<p><a href=\"https:\/\/talkpal.ai\/learn-azerbaijani\/\">Azerbejd\u017ca\u0144ski<\/a>, znany r\u00f3wnie\u017c jako azerski, jest j\u0119zykiem tureckim u\u017cywanym g\u0142\u00f3wnie w Azerbejd\u017canie i okolicznych regionach. Jest j\u0119zykiem urz\u0119dowym Republiki Azerbejd\u017canu i ma znacz\u0105cych u\u017cytkownik\u00f3w w Iranie, Turcji, Gruzji i Rosji. Ucz\u0105c si\u0119 j\u0119zyka azerbejd\u017ca\u0144skiego, konieczne jest zrozumienie podstawowych aspekt\u00f3w j\u0119zyka, takich jak <a href=\"https:\/\/talkpal.ai\/grammar\/\">gramatyka<\/a>, sk\u0142adnia i s\u0142ownictwo. Ten przewodnik zawiera przegl\u0105d podstawowych temat\u00f3w gramatycznych j\u0119zyka azerbejd\u017ca\u0144skiego, pogrupowanych w logiczn\u0105 sekwencj\u0119, aby pom\u00f3c Ci skutecznie i \u0142atwo uczy\u0107 si\u0119 j\u0119zyka.<\/p>\n\n\n\n<h3 class=\"wp-block-heading\" id=\"h-1-nouns-and-articles\">1. Rzeczowniki i rodzajniki:<\/h3>\n\n\n\n<p>W j\u0119zyku azerbejd\u017ca\u0144skim rzeczowniki s\u0105 budulcem zda\u0144, a zrozumienie ich u\u017cycia jest kluczowe. Rzeczowniki nie maj\u0105 rodzaju i nie ma rodzajnika nieokre\u015blonego. Jednak rodzajnik okre\u015blony jest dodawany jako przyrostek do rzeczownika.<\/p>\n\n\n\n<h3 class=\"wp-block-heading\" id=\"h-2-adjectives\">2. Przymiotniki:<\/h3>\n\n\n\n<p>Przymiotniki w j\u0119zyku azerbejd\u017ca\u0144skim s\u0105 u\u017cywane do opisywania rzeczownik\u00f3w. Wyst\u0119puj\u0105 one zawsze przed rzeczownikiem, kt\u00f3ry modyfikuj\u0105 i nie zmieniaj\u0105 swojej formy w zale\u017cno\u015bci od rodzaju lub liczby rzeczownika.<\/p>\n\n\n\n<h3 class=\"wp-block-heading\" id=\"h-3-pronouns-determiners\">3. Zaimki\/okre\u015blniki:<\/h3>\n\n\n\n<p>Zaimki s\u0105 u\u017cywane do zast\u0119powania rzeczownik\u00f3w, podczas gdy okre\u015blniki s\u0105 u\u017cywane do okre\u015blania ilo\u015bci lub okre\u015blono\u015bci rzeczownika. Oba s\u0105 zasadniczymi sk\u0142adnikami azerbejd\u017ca\u0144skich zda\u0144.<\/p>\n\n\n\n<h3 class=\"wp-block-heading\" id=\"h-4-verbs\">4. Czasowniki:<\/h3>\n\n\n\n<p>Czasowniki azerbejd\u017ca\u0144skie s\u0105 s\u0142owami czynno\u015bci j\u0119zyka. Zmieniaj\u0105 swoj\u0105 form\u0119 w zale\u017cno\u015bci od czasu, nastroju i g\u0142osu. Zrozumienie koniugacji czasownik\u00f3w ma kluczowe znaczenie dla opanowania gramatyki azerbejd\u017ca\u0144skiej.<\/p>\n\n\n\n<h3 class=\"wp-block-heading\" id=\"h-5-tenses\">5. Czasy:<\/h3>\n\n\n\n<p>Azerbejd\u017ca\u0144ski posiada sze\u015b\u0107 czas\u00f3w &#8211; tera\u017aniejszy, przesz\u0142y, przysz\u0142y, tera\u017aniejszy doskona\u0142y, przesz\u0142y doskona\u0142y i przysz\u0142y doskona\u0142y. Ka\u017cdy czas ma swoje zasady koniugacji i s\u0142u\u017cy do wyra\u017cania dzia\u0142a\u0144 lub stan\u00f3w w r\u00f3\u017cnym czasie.<\/p>\n\n\n\n<h3 class=\"wp-block-heading\" id=\"h-6-tense-comparison\">6. Por\u00f3wnanie czasu pracy:<\/h3>\n\n\n\n<p>Por\u00f3wnanie czas\u00f3w w j\u0119zyku azerbejd\u017ca\u0144skim pomaga zrozumie\u0107 r\u00f3\u017cnice w wyra\u017caniu czasu i czynno\u015bci. Jest to kluczowa umiej\u0119tno\u015b\u0107 skutecznej komunikacji.<\/p>\n\n\n\n<h3 class=\"wp-block-heading\" id=\"h-7-progressive\">7. Progresywny:<\/h3>\n\n\n\n<p>Aspekt progresywny w j\u0119zyku azerbejd\u017ca\u0144skim jest u\u017cywany do opisania trwaj\u0105cych dzia\u0142a\u0144. Jest tworzony przez u\u017cycie czasownik\u00f3w posi\u0142kowych i jest niezb\u0119dny do zrozumienia przebiegu wydarze\u0144 w zdaniu.<\/p>\n\n\n\n<h3 class=\"wp-block-heading\" id=\"h-8-perfect-progressive\">8. Idealny progresywny:<\/h3>\n\n\n\n<p>Czasy progresywne dokonane s\u0105 u\u017cywane do opisania dzia\u0142a\u0144, kt\u00f3re rozpocz\u0119\u0142y si\u0119 w przesz\u0142o\u015bci i trwaj\u0105 do tera\u017aniejszo\u015bci lub przysz\u0142o\u015bci. \u0141\u0105cz\u0105 w sobie aspekty doskona\u0142e i progresywne i s\u0105 niezb\u0119dne do wyra\u017cania z\u0142o\u017conych dzia\u0142a\u0144.<\/p>\n\n\n\n<h3 class=\"wp-block-heading\" id=\"h-9-adverbs\">9. Przys\u0142\u00f3wki:<\/h3>\n\n\n\n<p>Przys\u0142\u00f3wki w j\u0119zyku azerbejd\u017ca\u0144skim s\u0142u\u017c\u0105 do modyfikowania czasownik\u00f3w, przymiotnik\u00f3w lub innych przys\u0142\u00f3wk\u00f3w. Dostarczaj\u0105 dodatkowych informacji o dzia\u0142aniach lub stanach i s\u0105 niezb\u0119dne do tworzenia bardziej precyzyjnych i opisowych zda\u0144.<\/p>\n\n\n\n<h3 class=\"wp-block-heading\" id=\"h-10-conditionals\">10. Warunki warunkowe:<\/h3>\n\n\n\n<p>Instrukcje warunkowe s\u0142u\u017c\u0105 do wyra\u017cania hipotetycznych sytuacji i ich mo\u017cliwych konsekwencji. S\u0105 one niezb\u0119dne do wyra\u017cania niepewno\u015bci i przewidywania w j\u0119zyku azerbejd\u017ca\u0144skim.<\/p>\n\n\n\n<h3 class=\"wp-block-heading\" id=\"h-11-prepositions\">11. Przyimki:<\/h3>\n\n\n\n<p>Przyimki s\u0142u\u017c\u0105 do pokazywania relacji mi\u0119dzy rzeczownikami lub zaimkami a innymi s\u0142owami w zdaniu. S\u0105 one niezb\u0119dne do wyra\u017cania relacji przestrzennych, czasowych i logicznych w j\u0119zyku azerbejd\u017ca\u0144skim.<\/p>\n\n\n\n<h3 class=\"wp-block-heading\" id=\"h-12-sentences\">12. Zdania:<\/h3>\n\n\n\n<p>Zdania azerbejd\u017ca\u0144skie maj\u0105 szyk zdania podmiot-dope\u0142nienie-czasownik (SOV). Zrozumienie struktury zda\u0144 jest kluczowe dla skutecznej komunikacji i opanowania j\u0119zyka azerbejd\u017ca\u0144skiego.<\/p>\n<\/div><\/div>\n\r\n<section class=\"learnNavigationSection\">\r\n            \r\n        <a href=\"https:\/\/talkpal.ai\/pl\/naucz-sie-azerbejdzanski\/\">\r\n            <div class=\"learnNavigationWrapper\">\r\n                <div class=\"learnNavigationContent\">\r\n                    <img decoding=\"async\" src=\"https:\/\/talkpal.ai\/wp-content\/uploads\/2024\/08\/Azerbaijani.jpg\" alt=\"Azerbaijani Flag\">\r\n                    <div>\r\n                        <h4>O nauczaniu w Azerbejd\u017canie<\/h4>\r\n                        <p>Dowiedz si\u0119 wszystkiego o gramatyce azerbejd\u017ca\u0144skiej .<\/p>\r\n                    <\/div>\r\n                <\/div>\r\n            <\/div>\r\n        <\/a>\r\n\r\n        \r\n        <a href=\"https:\/\/talkpal.ai\/pl\/gramatyka-azerbejdzanska\/\">\r\n            <div class=\"learnNavigationWrapper\">\r\n                <div class=\"learnNavigationContent\">\r\n                    <img decoding=\"async\" src=\"https:\/\/talkpal.ai\/wp-content\/uploads\/2024\/08\/Azerbaijani.jpg\" alt=\"Azerbaijani Flag\">\r\n                    <div>\r\n                        <h4>Lekcje gramatyki azerbejd\u017ca\u0144skiej<\/h4>\r\n                        <p>\u0106wicz gramatyk\u0119 azerbejd\u017ca\u0144sk\u0105.<\/p>\r\n                    <\/div>\r\n                <\/div>\r\n            <\/div>\r\n        <\/a>\r\n\r\n        \r\n        <a href=\"https:\/\/talkpal.ai\/vocabulary_language\/azerbaijani\/\">\r\n            <div class=\"learnNavigationWrapper\">\r\n                <div class=\"learnNavigationContent\">\r\n                    <img decoding=\"async\" src=\"https:\/\/talkpal.ai\/wp-content\/uploads\/2024\/08\/Azerbaijani.jpg\" alt=\"Azerbaijani Flag\">\r\n                    <div>\r\n                        <h4>S\u0142ownictwo azerbejd\u017ca\u0144skie<\/h4>\r\n                        <p>Poszerz swoje s\u0142ownictwo w j\u0119zyku azerskim.<\/p>\r\n                    <\/div>\r\n                <\/div>\r\n            <\/div>\r\n        <\/a>\r\n\r\n            <\/section>","protected":false},"excerpt":{"rendered":"<p>Tematy gramatyczne azerbejd\u017ca\u0144skie Azerbejd\u017ca\u0144ski, znany r\u00f3wnie\u017c jako azerski, jest j\u0119zykiem tureckim u\u017cywanym g\u0142\u00f3wnie w Azerbejd\u017canie i okolicznych regionach. Jest j\u0119zykiem urz\u0119dowym Republiki Azerbejd\u017canu i ma znacz\u0105cych u\u017cytkownik\u00f3w w Iranie, Turcji, Gruzji i Rosji. Ucz\u0105c si\u0119 j\u0119zyka azerbejd\u017ca\u0144skiego, konieczne jest zrozumienie podstawowych aspekt\u00f3w j\u0119zyka, takich jak gramatyka, sk\u0142adnia i s\u0142ownictwo. Ten przewodnik zawiera przegl\u0105d podstawowych temat\u00f3w [&hellip;]<\/p>\n","protected":false},"author":6,"featured_media":109398,"parent":0,"menu_order":0,"comment_status":"closed","ping_status":"closed","template":"LearningContentPage.php","meta":{"_acf_changed":false,"footnotes":""},"class_list":["post-165893","page","type-page","status-publish","has-post-thumbnail","hentry"],"acf":[],"yoast_head":"<!-- This site is optimized with the Yoast SEO Premium plugin v27.2 (Yoast SEO v27.2) - https:\/\/yoast.com\/product\/yoast-seo-premium-wordpress\/ -->\n<title>\u0106wiczenia gramatyczne z j\u0119zyka azerbejd\u017ca\u0144skiego - Talkpal<\/title>\n<meta name=\"description\" content=\"Zwi\u0119ksz swoje umiej\u0119tno\u015bci j\u0119zykowe w Azerbejd\u017canie dzi\u0119ki interaktywnym \u0107wiczeniom gramatycznym z Azerbejd\u017canu od TalkpalTwojego korepetytora j\u0119zykowego opartego na sztucznej inteligencji.\" \/>\n<meta name=\"robots\" content=\"index, follow, max-snippet:-1, max-image-preview:large, max-video-preview:-1\" \/>\n<link rel=\"canonical\" href=\"https:\/\/talkpal.ai\/pl\/cwiczenia-gramatyczne-z-jezyka-azerbejdzanskiego\/\" \/>\n<meta property=\"og:locale\" content=\"pl_PL\" \/>\n<meta property=\"og:type\" content=\"article\" \/>\n<meta property=\"og:title\" content=\"\u0106wiczenia gramatyczne z j\u0119zyka azerbejd\u017ca\u0144skiego\" \/>\n<meta property=\"og:description\" content=\"Tematy gramatyczne azerbejd\u017ca\u0144skie Azerbejd\u017ca\u0144ski, znany r\u00f3wnie\u017c jako azerski, jest j\u0119zykiem tureckim u\u017cywanym g\u0142\u00f3wnie w Azerbejd\u017canie i okolicznych\" \/>\n<meta property=\"og:url\" content=\"https:\/\/talkpal.ai\/pl\/cwiczenia-gramatyczne-z-jezyka-azerbejdzanskiego\/\" \/>\n<meta property=\"og:site_name\" content=\"Talkpal\" \/>\n<meta property=\"article:publisher\" content=\"https:\/\/www.facebook.com\/profile.php?id=100090733639311\" \/>\n<meta property=\"article:modified_time\" content=\"2025-05-22T21:35:19+00:00\" \/>\n<meta property=\"og:image\" content=\"https:\/\/talkpal.ai\/wp-content\/uploads\/2023\/05\/azerbaijan.png\" \/>\n\t<meta property=\"og:image:width\" content=\"512\" \/>\n\t<meta property=\"og:image:height\" content=\"512\" \/>\n\t<meta property=\"og:image:type\" content=\"image\/png\" \/>\n<meta name=\"twitter:card\" content=\"summary_large_image\" \/>\n<meta name=\"twitter:site\" content=\"@talkpalai\" \/>\n<meta name=\"twitter:label1\" content=\"Szacowany czas czytania\" \/>\n\t<meta name=\"twitter:data1\" content=\"3 minuty\" \/>\n<script type=\"application\/ld+json\" class=\"yoast-schema-graph\">{\"@context\":\"https:\/\/schema.org\",\"@graph\":[{\"@type\":\"WebPage\",\"@id\":\"https:\/\/talkpal.ai\/pl\/cwiczenia-gramatyczne-z-jezyka-azerbejdzanskiego\/\",\"url\":\"https:\/\/talkpal.ai\/pl\/cwiczenia-gramatyczne-z-jezyka-azerbejdzanskiego\/\",\"name\":\"\u0106wiczenia gramatyczne z j\u0119zyka azerbejd\u017ca\u0144skiego - Talkpal\",\"isPartOf\":{\"@id\":\"https:\/\/talkpal.ai\/pl\/#website\"},\"primaryImageOfPage\":{\"@id\":\"https:\/\/talkpal.ai\/pl\/cwiczenia-gramatyczne-z-jezyka-azerbejdzanskiego\/#primaryimage\"},\"image\":{\"@id\":\"https:\/\/talkpal.ai\/pl\/cwiczenia-gramatyczne-z-jezyka-azerbejdzanskiego\/#primaryimage\"},\"thumbnailUrl\":\"https:\/\/talkpal.ai\/wp-content\/uploads\/2023\/05\/azerbaijan.png\",\"datePublished\":\"2023-06-16T11:38:32+00:00\",\"dateModified\":\"2025-05-22T21:35:19+00:00\",\"description\":\"Zwi\u0119ksz swoje umiej\u0119tno\u015bci j\u0119zykowe w Azerbejd\u017canie dzi\u0119ki interaktywnym \u0107wiczeniom gramatycznym z Azerbejd\u017canu od TalkpalTwojego korepetytora j\u0119zykowego opartego na sztucznej inteligencji.\",\"breadcrumb\":{\"@id\":\"https:\/\/talkpal.ai\/pl\/cwiczenia-gramatyczne-z-jezyka-azerbejdzanskiego\/#breadcrumb\"},\"inLanguage\":\"pl-PL\",\"potentialAction\":[{\"@type\":\"ReadAction\",\"target\":[\"https:\/\/talkpal.ai\/pl\/cwiczenia-gramatyczne-z-jezyka-azerbejdzanskiego\/\"]}]},{\"@type\":\"ImageObject\",\"inLanguage\":\"pl-PL\",\"@id\":\"https:\/\/talkpal.ai\/pl\/cwiczenia-gramatyczne-z-jezyka-azerbejdzanskiego\/#primaryimage\",\"url\":\"https:\/\/talkpal.ai\/wp-content\/uploads\/2023\/05\/azerbaijan.png\",\"contentUrl\":\"https:\/\/talkpal.ai\/wp-content\/uploads\/2023\/05\/azerbaijan.png\",\"width\":512,\"height\":512},{\"@type\":\"BreadcrumbList\",\"@id\":\"https:\/\/talkpal.ai\/pl\/cwiczenia-gramatyczne-z-jezyka-azerbejdzanskiego\/#breadcrumb\",\"itemListElement\":[{\"@type\":\"ListItem\",\"position\":1,\"name\":\"Homepage\",\"item\":\"https:\/\/talkpal.ai\/pl\/\"},{\"@type\":\"ListItem\",\"position\":2,\"name\":\"\u0106wiczenia gramatyczne z j\u0119zyka azerbejd\u017ca\u0144skiego\"}]},{\"@type\":\"WebSite\",\"@id\":\"https:\/\/talkpal.ai\/pl\/#website\",\"url\":\"https:\/\/talkpal.ai\/pl\/\",\"name\":\"Talkpal\",\"description\":\"AI Language Learning\",\"publisher\":{\"@id\":\"https:\/\/talkpal.ai\/pl\/#organization\"},\"alternateName\":\"Talkpal AI\",\"potentialAction\":[{\"@type\":\"SearchAction\",\"target\":{\"@type\":\"EntryPoint\",\"urlTemplate\":\"https:\/\/talkpal.ai\/pl\/?s={search_term_string}\"},\"query-input\":{\"@type\":\"PropertyValueSpecification\",\"valueRequired\":true,\"valueName\":\"search_term_string\"}}],\"inLanguage\":\"pl-PL\"},{\"@type\":\"Organization\",\"@id\":\"https:\/\/talkpal.ai\/pl\/#organization\",\"name\":\"Talkpal, Inc.\",\"alternateName\":\"Talkpal AI\",\"url\":\"https:\/\/talkpal.ai\/pl\/\",\"logo\":{\"@type\":\"ImageObject\",\"inLanguage\":\"pl-PL\",\"@id\":\"https:\/\/talkpal.ai\/pl\/#\/schema\/logo\/image\/\",\"url\":\"https:\/\/talkpal.ai\/wp-content\/uploads\/2024\/03\/Talkpal-Logo-Icon.png\",\"contentUrl\":\"https:\/\/talkpal.ai\/wp-content\/uploads\/2024\/03\/Talkpal-Logo-Icon.png\",\"width\":2880,\"height\":2880,\"caption\":\"Talkpal, Inc.\"},\"image\":{\"@id\":\"https:\/\/talkpal.ai\/pl\/#\/schema\/logo\/image\/\"},\"sameAs\":[\"https:\/\/www.facebook.com\/profile.php?id=100090733639311\",\"https:\/\/x.com\/talkpalai\",\"https:\/\/www.linkedin.com\/company\/talkpal\/\",\"https:\/\/www.youtube.com\/@TalkPal\/\",\"https:\/\/www.tiktok.com\/@talkpal\",\"https:\/\/www.instagram.com\/talkpal_ai\/\",\"https:\/\/www.crunchbase.com\/organization\/talkpal-9cde\",\"https:\/\/www.g2.com\/products\/talkpal-for-business\/\",\"https:\/\/www.trustpilot.com\/review\/talkpal.ai\",\"https:\/\/www.capterra.com\/p\/10006800\/TalkPal\/\"],\"description\":\"Talkpal is a language learning web and mobile education app, powered by the latest AI technologies, that provides engaging experiences to its customers in many different languages to help them improve their language skills. Users can chat about unlimited amount of topics with the app and use other modes to practice their language learning.\",\"email\":\"support@talkpal.ai\",\"legalName\":\"Talkpal, Inc.\",\"foundingDate\":\"2023-04-03\",\"duns\":\"118989042\",\"numberOfEmployees\":{\"@type\":\"QuantitativeValue\",\"minValue\":\"11\",\"maxValue\":\"50\"},\"publishingPrinciples\":\"https:\/\/talkpal.ai\/publishing-principles\/\",\"actionableFeedbackPolicy\":\"https:\/\/talkpal.ai\/actionable-feedback-policy\/\",\"correctionsPolicy\":\"https:\/\/talkpal.ai\/corrections-policy\/\",\"ethicsPolicy\":\"https:\/\/talkpal.ai\/ethics-policy\/\",\"diversityPolicy\":\"https:\/\/talkpal.ai\/diversity-policy\/\",\"diversityStaffingReport\":\"https:\/\/talkpal.ai\/diversity-policy\/\"}]}<\/script>\n<!-- \/ Yoast SEO Premium plugin. -->","yoast_head_json":{"title":"\u0106wiczenia gramatyczne z j\u0119zyka azerbejd\u017ca\u0144skiego - Talkpal","description":"Zwi\u0119ksz swoje umiej\u0119tno\u015bci j\u0119zykowe w Azerbejd\u017canie dzi\u0119ki interaktywnym \u0107wiczeniom gramatycznym z Azerbejd\u017canu od TalkpalTwojego korepetytora j\u0119zykowego opartego na sztucznej inteligencji.","robots":{"index":"index","follow":"follow","max-snippet":"max-snippet:-1","max-image-preview":"max-image-preview:large","max-video-preview":"max-video-preview:-1"},"canonical":"https:\/\/talkpal.ai\/pl\/cwiczenia-gramatyczne-z-jezyka-azerbejdzanskiego\/","og_locale":"pl_PL","og_type":"article","og_title":"\u0106wiczenia gramatyczne z j\u0119zyka azerbejd\u017ca\u0144skiego","og_description":"Tematy gramatyczne azerbejd\u017ca\u0144skie Azerbejd\u017ca\u0144ski, znany r\u00f3wnie\u017c jako azerski, jest j\u0119zykiem tureckim u\u017cywanym g\u0142\u00f3wnie w Azerbejd\u017canie i okolicznych","og_url":"https:\/\/talkpal.ai\/pl\/cwiczenia-gramatyczne-z-jezyka-azerbejdzanskiego\/","og_site_name":"Talkpal","article_publisher":"https:\/\/www.facebook.com\/profile.php?id=100090733639311","article_modified_time":"2025-05-22T21:35:19+00:00","og_image":[{"width":512,"height":512,"url":"https:\/\/talkpal.ai\/wp-content\/uploads\/2023\/05\/azerbaijan.png","type":"image\/png"}],"twitter_card":"summary_large_image","twitter_site":"@talkpalai","twitter_misc":{"Szacowany czas czytania":"3 minuty"},"schema":{"@context":"https:\/\/schema.org","@graph":[{"@type":"WebPage","@id":"https:\/\/talkpal.ai\/pl\/cwiczenia-gramatyczne-z-jezyka-azerbejdzanskiego\/","url":"https:\/\/talkpal.ai\/pl\/cwiczenia-gramatyczne-z-jezyka-azerbejdzanskiego\/","name":"\u0106wiczenia gramatyczne z j\u0119zyka azerbejd\u017ca\u0144skiego - Talkpal","isPartOf":{"@id":"https:\/\/talkpal.ai\/pl\/#website"},"primaryImageOfPage":{"@id":"https:\/\/talkpal.ai\/pl\/cwiczenia-gramatyczne-z-jezyka-azerbejdzanskiego\/#primaryimage"},"image":{"@id":"https:\/\/talkpal.ai\/pl\/cwiczenia-gramatyczne-z-jezyka-azerbejdzanskiego\/#primaryimage"},"thumbnailUrl":"https:\/\/talkpal.ai\/wp-content\/uploads\/2023\/05\/azerbaijan.png","datePublished":"2023-06-16T11:38:32+00:00","dateModified":"2025-05-22T21:35:19+00:00","description":"Zwi\u0119ksz swoje umiej\u0119tno\u015bci j\u0119zykowe w Azerbejd\u017canie dzi\u0119ki interaktywnym \u0107wiczeniom gramatycznym z Azerbejd\u017canu od TalkpalTwojego korepetytora j\u0119zykowego opartego na sztucznej inteligencji.","breadcrumb":{"@id":"https:\/\/talkpal.ai\/pl\/cwiczenia-gramatyczne-z-jezyka-azerbejdzanskiego\/#breadcrumb"},"inLanguage":"pl-PL","potentialAction":[{"@type":"ReadAction","target":["https:\/\/talkpal.ai\/pl\/cwiczenia-gramatyczne-z-jezyka-azerbejdzanskiego\/"]}]},{"@type":"ImageObject","inLanguage":"pl-PL","@id":"https:\/\/talkpal.ai\/pl\/cwiczenia-gramatyczne-z-jezyka-azerbejdzanskiego\/#primaryimage","url":"https:\/\/talkpal.ai\/wp-content\/uploads\/2023\/05\/azerbaijan.png","contentUrl":"https:\/\/talkpal.ai\/wp-content\/uploads\/2023\/05\/azerbaijan.png","width":512,"height":512},{"@type":"BreadcrumbList","@id":"https:\/\/talkpal.ai\/pl\/cwiczenia-gramatyczne-z-jezyka-azerbejdzanskiego\/#breadcrumb","itemListElement":[{"@type":"ListItem","position":1,"name":"Homepage","item":"https:\/\/talkpal.ai\/pl\/"},{"@type":"ListItem","position":2,"name":"\u0106wiczenia gramatyczne z j\u0119zyka azerbejd\u017ca\u0144skiego"}]},{"@type":"WebSite","@id":"https:\/\/talkpal.ai\/pl\/#website","url":"https:\/\/talkpal.ai\/pl\/","name":"Talkpal","description":"AI Language Learning","publisher":{"@id":"https:\/\/talkpal.ai\/pl\/#organization"},"alternateName":"Talkpal AI","potentialAction":[{"@type":"SearchAction","target":{"@type":"EntryPoint","urlTemplate":"https:\/\/talkpal.ai\/pl\/?s={search_term_string}"},"query-input":{"@type":"PropertyValueSpecification","valueRequired":true,"valueName":"search_term_string"}}],"inLanguage":"pl-PL"},{"@type":"Organization","@id":"https:\/\/talkpal.ai\/pl\/#organization","name":"Talkpal, Inc.","alternateName":"Talkpal AI","url":"https:\/\/talkpal.ai\/pl\/","logo":{"@type":"ImageObject","inLanguage":"pl-PL","@id":"https:\/\/talkpal.ai\/pl\/#\/schema\/logo\/image\/","url":"https:\/\/talkpal.ai\/wp-content\/uploads\/2024\/03\/Talkpal-Logo-Icon.png","contentUrl":"https:\/\/talkpal.ai\/wp-content\/uploads\/2024\/03\/Talkpal-Logo-Icon.png","width":2880,"height":2880,"caption":"Talkpal, Inc."},"image":{"@id":"https:\/\/talkpal.ai\/pl\/#\/schema\/logo\/image\/"},"sameAs":["https:\/\/www.facebook.com\/profile.php?id=100090733639311","https:\/\/x.com\/talkpalai","https:\/\/www.linkedin.com\/company\/talkpal\/","https:\/\/www.youtube.com\/@TalkPal\/","https:\/\/www.tiktok.com\/@talkpal","https:\/\/www.instagram.com\/talkpal_ai\/","https:\/\/www.crunchbase.com\/organization\/talkpal-9cde","https:\/\/www.g2.com\/products\/talkpal-for-business\/","https:\/\/www.trustpilot.com\/review\/talkpal.ai","https:\/\/www.capterra.com\/p\/10006800\/TalkPal\/"],"description":"Talkpal is a language learning web and mobile education app, powered by the latest AI technologies, that provides engaging experiences to its customers in many different languages to help them improve their language skills. Users can chat about unlimited amount of topics with the app and use other modes to practice their language learning.","email":"support@talkpal.ai","legalName":"Talkpal, Inc.","foundingDate":"2023-04-03","duns":"118989042","numberOfEmployees":{"@type":"QuantitativeValue","minValue":"11","maxValue":"50"},"publishingPrinciples":"https:\/\/talkpal.ai\/publishing-principles\/","actionableFeedbackPolicy":"https:\/\/talkpal.ai\/actionable-feedback-policy\/","correctionsPolicy":"https:\/\/talkpal.ai\/corrections-policy\/","ethicsPolicy":"https:\/\/talkpal.ai\/ethics-policy\/","diversityPolicy":"https:\/\/talkpal.ai\/diversity-policy\/","diversityStaffingReport":"https:\/\/talkpal.ai\/diversity-policy\/"}]}},"_links":{"self":[{"href":"https:\/\/talkpal.ai\/pl\/wp-json\/wp\/v2\/pages\/165893","targetHints":{"allow":["GET"]}}],"collection":[{"href":"https:\/\/talkpal.ai\/pl\/wp-json\/wp\/v2\/pages"}],"about":[{"href":"https:\/\/talkpal.ai\/pl\/wp-json\/wp\/v2\/types\/page"}],"author":[{"embeddable":true,"href":"https:\/\/talkpal.ai\/pl\/wp-json\/wp\/v2\/users\/6"}],"replies":[{"embeddable":true,"href":"https:\/\/talkpal.ai\/pl\/wp-json\/wp\/v2\/comments?post=165893"}],"version-history":[{"count":0,"href":"https:\/\/talkpal.ai\/pl\/wp-json\/wp\/v2\/pages\/165893\/revisions"}],"wp:featuredmedia":[{"embeddable":true,"href":"https:\/\/talkpal.ai\/pl\/wp-json\/wp\/v2\/media\/109398"}],"wp:attachment":[{"href":"https:\/\/talkpal.ai\/pl\/wp-json\/wp\/v2\/media?parent=165893"}],"curies":[{"name":"wp","href":"https:\/\/api.w.org\/{rel}","templated":true}]}}