{"id":165573,"date":"2023-06-16T11:55:18","date_gmt":"2023-06-16T11:55:18","guid":{"rendered":"http:\/\/talkpal.ai\/cwiczenia-gramatyczne-z-jezyka-bialoruskiego\/"},"modified":"2025-05-23T11:20:05","modified_gmt":"2025-05-23T11:20:05","slug":"cwiczenia-gramatyczne-z-jezyka-bialoruskiego","status":"publish","type":"page","link":"https:\/\/talkpal.ai\/pl\/cwiczenia-gramatyczne-z-jezyka-bialoruskiego\/","title":{"rendered":"\u0106wiczenia gramatyczne z j\u0119zyka bia\u0142oruskiego"},"content":{"rendered":"\r\n\r\n\r\n<section class=\"languageChallengeSection\">\r\n    <div class=\"languageInfoWrapper\">\r\n        \r\n        <h1>\u0106wiczenia gramatyczne z j\u0119zyka bia\u0142oruskiego<\/h1>\r\n        <p>Chcesz poprawi\u0107 swoje umiej\u0119tno\u015bci j\u0119zykowe? \u0106wiczenie gramatyki to \u015bwietny spos\u00f3b na opanowanie struktury zda\u0144, form czasownik\u00f3w i charakterystycznych cech j\u0119zyka bia\u0142oruskiego. Zacznij odkrywa\u0107 bia\u0142orusk\u0105 gramatyk\u0119 ju\u017c dzi\u015b i obserwuj, jak twoje zrozumienie i p\u0142ynno\u015b\u0107 rosn\u0105 z ka\u017cdym \u0107wiczeniem!<\/p>\r\n\r\n                            <a class=\"getStartedHidden\" href=\"https:\/\/app.talkpal.ai\/pl\/signup?lng=\">Zaczynaj<\/a>\r\n        \r\n    <\/div>\r\n\r\n    <figure>\r\n    <img decoding=\"async\" width=\"768\" height=\"768\" src=\"https:\/\/talkpal.ai\/wp-content\/uploads\/2023\/06\/belarusian-768x768.png\" class=\"languageImage no-lazy\" alt=\"Language learning for academic excellence\" fetchpriority=\"high\" sizes=\"(max-width: 768px) 150px, 768px\" srcset=\"https:\/\/talkpal.ai\/wp-content\/uploads\/2023\/06\/belarusian-768x768.png 768w, https:\/\/talkpal.ai\/wp-content\/uploads\/2023\/06\/belarusian-300x300.png 300w\" \/>\r\n    \r\n\r\n    <\/figure>\r\n\r\n            <a class=\"getStartedVisible\" href=\"https:\/\/app.talkpal.ai\/pl\/signup?lng=\">Zaczynaj<\/a>\r\n    \r\n<\/section>\r\n\r\n\r\n<!-- <section class=\"grammarSection\">\r\n    <div class=\"grammarLinks\">\r\n            <\/div>\r\n<\/section> -->\r\n\r\n\r\n\r\n\r\n<section class=\"promotionalBanner\">\r\n    <p class=\"promotionalText\">Najbardziej efektywny spos\u00f3b nauki j\u0119zyka<\/p>\r\n    <a class=\"promotionalLink\" href=\"https:\/\/app.talkpal.ai\/pl\/signup?lng=\">Wypr\u00f3buj Talkpal za darmo<\/a>\r\n<\/section>\n<div class=\"wp-block-group pageContainerStyle\"><div class=\"wp-block-group__inner-container is-layout-constrained wp-block-group-is-layout-constrained\">\n<h2 class=\"wp-block-heading\" id=\"h-belarusian-grammar-topics\">Zagadnienia gramatyczne j\u0119zyka bia\u0142oruskiego<\/h2>\n\n\n\n<p>J\u0119zyk <a href=\"https:\/\/talkpal.ai\/learn-belarusian\/\">bia\u0142oruski<\/a> jest j\u0119zykiem wschodnios\u0142owia\u0144skim, kt\u00f3rym pos\u0142uguje si\u0119 g\u0142\u00f3wnie oko\u0142o 70% ludno\u015bci Bia\u0142orusi. Jako j\u0119zyk s\u0142owia\u0144ski ma podobie\u0144stwa z rosyjskim i ukrai\u0144skim, co u\u0142atwia osobom pos\u0142uguj\u0105cym si\u0119 tymi j\u0119zykami nauk\u0119 bia\u0142oruskiego. Ma jednak swoje unikalne cechy, a nauka jego gramatyki mo\u017ce by\u0107 satysfakcjonuj\u0105cym do\u015bwiadczeniem dla entuzjast\u00f3w j\u0119zyka. W tym artykule om\u00f3wimy najwa\u017cniejsze zagadnienia gramatyki bia\u0142oruskiej w kolejno\u015bci, kt\u00f3ra pomo\u017ce Ci skuteczniej uczy\u0107 si\u0119 j\u0119zyka.<\/p>\n\n\n\n<h3 class=\"wp-block-heading\" id=\"h-1-nouns\">1. Rzeczowniki:<\/h3>\n\n\n\n<p>Zacznij od nauki bia\u0142oruskich rzeczownik\u00f3w, kt\u00f3re mog\u0105 by\u0107 rodzaju m\u0119skiego, \u017ce\u0144skiego lub nijakiego. Maj\u0105 sze\u015b\u0107 przypadk\u00f3w: mianownik, biernik, dope\u0142niacz, celownik, narz\u0119dnik i przyimek, kt\u00f3re okre\u015blaj\u0105 funkcj\u0119 rzeczownika w zdaniu. Zwr\u00f3\u0107 uwag\u0119 na ko\u0144c\u00f3wki rzeczownik\u00f3w i wzorce deklinacji, poniewa\u017c pomog\u0105 ci one zrozumie\u0107, jak rzeczowniki zmieniaj\u0105 si\u0119 w r\u00f3\u017cnych przypadkach.<\/p>\n\n\n\n<h3 class=\"wp-block-heading\" id=\"h-2-articles\">2. Artyku\u0142y:<\/h3>\n\n\n\n<p>W przeciwie\u0144stwie do angielskiego, bia\u0142oruski nie ma rodzajnik\u00f3w. Dlatego mo\u017cesz skupi\u0107 si\u0119 na nauce innych aspekt\u00f3w j\u0119zyka, nie martwi\u0105c si\u0119 o ten temat.<\/p>\n\n\n\n<h3 class=\"wp-block-heading\" id=\"h-3-pronouns-determiners\">3. Zaimki\/okre\u015blniki:<\/h3>\n\n\n\n<p>Nast\u0119pnie <a href=\"https:\/\/talkpal.ai\/pl\/naucz-sie-malajskiego\/\">naucz si\u0119<\/a> zaimk\u00f3w i okre\u015blnik\u00f3w, kt\u00f3re funkcjonuj\u0105 podobnie do ich angielskich odpowiednik\u00f3w. Zast\u0119puj\u0105 rzeczowniki i przekazuj\u0105 informacje o posiadaniu, ilo\u015bci lub to\u017csamo\u015bci. W j\u0119zyku bia\u0142oruskim istniej\u0105 zaimki osobowe, dzier\u017cawcze, wskazuj\u0105ce, pytaj\u0105ce i wzgl\u0119dne i musisz zapami\u0119ta\u0107 ich formy i u\u017cycie.<\/p>\n\n\n\n<h3 class=\"wp-block-heading\" id=\"h-4-adjectives\">4. Przymiotniki:<\/h3>\n\n\n\n<p>Przymiotniki w j\u0119zyku bia\u0142oruskim zgadzaj\u0105 si\u0119 z rzeczownikiem, kt\u00f3ry modyfikuj\u0105 pod wzgl\u0119dem rodzaju, liczby i przypadku. <a href=\"https:\/\/talkpal.ai\/pl\/naucz-sie-malajskiego\/\">Naucz si\u0119<\/a> ko\u0144c\u00f3wek przymiotnik\u00f3w i naucz si\u0119 tworzy\u0107 stopnie por\u00f3wnawcze i superlatywne, aby wyrazi\u0107 r\u00f3\u017cne poziomy por\u00f3wnania.<\/p>\n\n\n\n<h3 class=\"wp-block-heading\" id=\"h-5-verbs\">5. Czasowniki:<\/h3>\n\n\n\n<p>Czasowniki s\u0105 kluczowe w j\u0119zyku bia\u0142oruskim, poniewa\u017c przekazuj\u0105 dzia\u0142ania, stany i wydarzenia. Dowiedz si\u0119 wi\u0119cej o koniugacji czasownik\u00f3w, kt\u00f3ra sk\u0142ada si\u0119 z dw\u00f3ch grup: pierwszej koniugacji (g\u0142\u00f3wnie czasowniki m\u0119skie) i drugiej koniugacji (g\u0142\u00f3wnie czasownik\u00f3w \u017ce\u0144skich). Zbadaj tak\u017ce tryb rozkazuj\u0105cy i \u0142\u0105cz\u0105cy oraz spos\u00f3b ich tworzenia.<\/p>\n\n\n\n<h3 class=\"wp-block-heading\" id=\"h-6-tenses\">6. Czasy:<\/h3>\n\n\n\n<p>J\u0119zyk bia\u0142oruski ma trzy g\u0142\u00f3wne czasy: przesz\u0142y, tera\u017aniejszy i przysz\u0142y. Dowiedz si\u0119, jak tworzy\u0107 i u\u017cywa\u0107 tych czas\u00f3w, aby m\u00f3wi\u0107 o wydarzeniach i dzia\u0142aniach w r\u00f3\u017cnych momentach.<\/p>\n\n\n\n<h3 class=\"wp-block-heading\" id=\"h-7-tense-comparison\">7. Por\u00f3wnanie czasu:<\/h3>\n\n\n\n<p>Por\u00f3wnywanie czas\u00f3w w j\u0119zyku bia\u0142oruskim jest niezb\u0119dne do zrozumienia relacji mi\u0119dzy przesz\u0142ymi, obecnymi i przysz\u0142ymi wydarzeniami. Naucz si\u0119 sekwencji czas\u00f3w i jak ich u\u017cywa\u0107 w zdaniach z\u0142o\u017conych.<\/p>\n\n\n\n<h3 class=\"wp-block-heading\" id=\"h-8-progressive\">8. Progresywny:<\/h3>\n\n\n\n<p>J\u0119zyk bia\u0142oruski u\u017cywa formy progresywnej do wyra\u017cania bie\u017c\u0105cych dzia\u0142a\u0144. Dowiedz si\u0119, jak utworzy\u0107 ten aspekt za pomoc\u0105 odpowiedniej koniugacji czasownik\u00f3w i czasownik\u00f3w posi\u0142kowych.<\/p>\n\n\n\n<h3 class=\"wp-block-heading\" id=\"h-9-perfect-progressive\">9. Idealny progresywny:<\/h3>\n\n\n\n<p>Doskona\u0142y aspekt progresywny w j\u0119zyku bia\u0142oruskim \u0142\u0105czy w sobie poj\u0119cia uko\u0144czenia i trwania. Dowiedz si\u0119, jak tworzy\u0107 ten aspekt za pomoc\u0105 czasownik\u00f3w posi\u0142kowych i poprawnych form czasownik\u00f3w.<\/p>\n\n\n\n<h3 class=\"wp-block-heading\" id=\"h-10-adverbs\">10. Przys\u0142\u00f3wki:<\/h3>\n\n\n\n<p>Przys\u0142\u00f3wki modyfikuj\u0105 czasowniki, przymiotniki i inne przys\u0142\u00f3wki, dodaj\u0105c wi\u0119cej informacji do zdania. Poznaj r\u00f3\u017cne rodzaje przys\u0142\u00f3wk\u00f3w w j\u0119zyku bia\u0142oruskim, ich tworzenie i umiejscowienie w zdaniu.<\/p>\n\n\n\n<h3 class=\"wp-block-heading\" id=\"h-11-prepositions\">11. Przyimki:<\/h3>\n\n\n\n<p>Przyimki s\u0105 niezb\u0119dne do wyra\u017cania relacji mi\u0119dzy s\u0142owami w zdaniu. Poznaj najpopularniejsze bia\u0142oruskie przyimki, ich przypadki i dowiedz si\u0119, jak ich u\u017cywa\u0107 z rzeczownikami i zaimkami.<\/p>\n\n\n\n<h3 class=\"wp-block-heading\" id=\"h-12-conditionals\">12. Warunki szczeg\u00f3\u0142owe:<\/h3>\n\n\n\n<p>Instrukcje warunkowe wyra\u017caj\u0105 hipotetyczne sytuacje i ich konsekwencje. Zapoznaj si\u0119 z trzema rodzajami trybu warunkowego w j\u0119zyku bia\u0142oruskim: rzeczywistym, nierealnym i mieszanym oraz odpowiadaj\u0105cymi im formami czasownik\u00f3w.<\/p>\n\n\n\n<h3 class=\"wp-block-heading\" id=\"h-13-sentences\">13. Zdania:<\/h3>\n\n\n\n<p>Na koniec poznaj bia\u0142oruskie struktury zda\u0144, w tym zdania proste, z\u0142o\u017cone i z\u0142o\u017cone. \u0106wicz \u0142\u0105czenie r\u00f3\u017cnych element\u00f3w gramatycznych, aby budowa\u0107 zdania i poprawia\u0107 og\u00f3lne umiej\u0119tno\u015bci j\u0119zykowe.<\/p>\n<\/div><\/div>\n\r\n<section class=\"learnNavigationSection\">\r\n            \r\n        <a href=\"https:\/\/talkpal.ai\/pl\/naucz-sie-bialoruskiego\/\">\r\n            <div class=\"learnNavigationWrapper\">\r\n                <div class=\"learnNavigationContent\">\r\n                    <img decoding=\"async\" src=\"https:\/\/talkpal.ai\/wp-content\/uploads\/2024\/08\/Belarusian.jpg\" alt=\"Belarusian Flag\">\r\n                    <div>\r\n                        <h4>O bia\u0142oruskiej nauce<\/h4>\r\n                        <p>Dowiedz si\u0119 wszystkiego o gramatyce bia\u0142oruskiej .<\/p>\r\n                    <\/div>\r\n                <\/div>\r\n            <\/div>\r\n        <\/a>\r\n\r\n        \r\n        <a href=\"https:\/\/talkpal.ai\/pl\/gramatyka-bialoruska\/\">\r\n            <div class=\"learnNavigationWrapper\">\r\n                <div class=\"learnNavigationContent\">\r\n                    <img decoding=\"async\" src=\"https:\/\/talkpal.ai\/wp-content\/uploads\/2024\/08\/Belarusian.jpg\" alt=\"Belarusian Flag\">\r\n                    <div>\r\n                        <h4>Lekcje gramatyki bia\u0142oruskiej<\/h4>\r\n                        <p>\u0106wicz gramatyk\u0119 bia\u0142orusk\u0105 .<\/p>\r\n                    <\/div>\r\n                <\/div>\r\n            <\/div>\r\n        <\/a>\r\n\r\n        \r\n        <a href=\"https:\/\/talkpal.ai\/vocabulary_language\/belarusian\/\">\r\n            <div class=\"learnNavigationWrapper\">\r\n                <div class=\"learnNavigationContent\">\r\n                    <img decoding=\"async\" src=\"https:\/\/talkpal.ai\/wp-content\/uploads\/2024\/08\/Belarusian.jpg\" alt=\"Belarusian Flag\">\r\n                    <div>\r\n                        <h4>S\u0142ownictwo bia\u0142oruskie<\/h4>\r\n                        <p>Poszerz swoje bia\u0142oruskie s\u0142ownictwo.<\/p>\r\n                    <\/div>\r\n                <\/div>\r\n            <\/div>\r\n        <\/a>\r\n\r\n            <\/section>","protected":false},"excerpt":{"rendered":"<p>Zagadnienia gramatyczne j\u0119zyka bia\u0142oruskiego J\u0119zyk bia\u0142oruski jest j\u0119zykiem wschodnios\u0142owia\u0144skim, kt\u00f3rym pos\u0142uguje si\u0119 g\u0142\u00f3wnie oko\u0142o 70% ludno\u015bci Bia\u0142orusi. Jako j\u0119zyk s\u0142owia\u0144ski ma podobie\u0144stwa z rosyjskim i ukrai\u0144skim, co u\u0142atwia osobom pos\u0142uguj\u0105cym si\u0119 tymi j\u0119zykami nauk\u0119 bia\u0142oruskiego. Ma jednak swoje unikalne cechy, a nauka jego gramatyki mo\u017ce by\u0107 satysfakcjonuj\u0105cym do\u015bwiadczeniem dla entuzjast\u00f3w j\u0119zyka. W tym artykule om\u00f3wimy [&hellip;]<\/p>\n","protected":false},"author":6,"featured_media":110687,"parent":0,"menu_order":0,"comment_status":"closed","ping_status":"closed","template":"LearningContentPage.php","meta":{"_acf_changed":false,"footnotes":""},"class_list":["post-165573","page","type-page","status-publish","has-post-thumbnail","hentry"],"acf":[],"yoast_head":"<!-- This site is optimized with the Yoast SEO Premium plugin v27.2 (Yoast SEO v27.2) - https:\/\/yoast.com\/product\/yoast-seo-premium-wordpress\/ -->\n<title>\u0106wiczenia gramatyczne z j\u0119zyka bia\u0142oruskiego - Talkpal<\/title>\n<meta name=\"description\" content=\"Wzmocnij swoje bia\u0142oruskie umiej\u0119tno\u015bci dzi\u0119ki interaktywnym bia\u0142oruskim \u0107wiczeniom gramatycznym od TalkpalTwojego korepetytora j\u0119zykowego opartego na sztucznej inteligencji.\" \/>\n<meta name=\"robots\" content=\"index, follow, max-snippet:-1, max-image-preview:large, max-video-preview:-1\" \/>\n<link rel=\"canonical\" href=\"https:\/\/talkpal.ai\/pl\/cwiczenia-gramatyczne-z-jezyka-bialoruskiego\/\" \/>\n<meta property=\"og:locale\" content=\"pl_PL\" \/>\n<meta property=\"og:type\" content=\"article\" \/>\n<meta property=\"og:title\" content=\"\u0106wiczenia gramatyczne z j\u0119zyka bia\u0142oruskiego\" \/>\n<meta property=\"og:description\" content=\"Zagadnienia gramatyczne j\u0119zyka bia\u0142oruskiego J\u0119zyk bia\u0142oruski jest j\u0119zykiem wschodnios\u0142owia\u0144skim, kt\u00f3rym pos\u0142uguje si\u0119 g\u0142\u00f3wnie oko\u0142o 70% ludno\u015bci\" \/>\n<meta property=\"og:url\" content=\"https:\/\/talkpal.ai\/pl\/cwiczenia-gramatyczne-z-jezyka-bialoruskiego\/\" \/>\n<meta property=\"og:site_name\" content=\"Talkpal\" \/>\n<meta property=\"article:publisher\" content=\"https:\/\/www.facebook.com\/profile.php?id=100090733639311\" \/>\n<meta property=\"article:modified_time\" content=\"2025-05-23T11:20:05+00:00\" \/>\n<meta property=\"og:image\" content=\"https:\/\/talkpal.ai\/wp-content\/uploads\/2023\/05\/belarus.png\" \/>\n\t<meta property=\"og:image:width\" content=\"512\" \/>\n\t<meta property=\"og:image:height\" content=\"512\" \/>\n\t<meta property=\"og:image:type\" content=\"image\/png\" \/>\n<meta name=\"twitter:card\" content=\"summary_large_image\" \/>\n<meta name=\"twitter:site\" content=\"@talkpalai\" \/>\n<meta name=\"twitter:label1\" content=\"Szacowany czas czytania\" \/>\n\t<meta name=\"twitter:data1\" content=\"3 minuty\" \/>\n<script type=\"application\/ld+json\" class=\"yoast-schema-graph\">{\"@context\":\"https:\/\/schema.org\",\"@graph\":[{\"@type\":\"WebPage\",\"@id\":\"https:\/\/talkpal.ai\/pl\/cwiczenia-gramatyczne-z-jezyka-bialoruskiego\/\",\"url\":\"https:\/\/talkpal.ai\/pl\/cwiczenia-gramatyczne-z-jezyka-bialoruskiego\/\",\"name\":\"\u0106wiczenia gramatyczne z j\u0119zyka bia\u0142oruskiego - Talkpal\",\"isPartOf\":{\"@id\":\"https:\/\/talkpal.ai\/pl\/#website\"},\"primaryImageOfPage\":{\"@id\":\"https:\/\/talkpal.ai\/pl\/cwiczenia-gramatyczne-z-jezyka-bialoruskiego\/#primaryimage\"},\"image\":{\"@id\":\"https:\/\/talkpal.ai\/pl\/cwiczenia-gramatyczne-z-jezyka-bialoruskiego\/#primaryimage\"},\"thumbnailUrl\":\"https:\/\/talkpal.ai\/wp-content\/uploads\/2023\/05\/belarus.png\",\"datePublished\":\"2023-06-16T11:55:18+00:00\",\"dateModified\":\"2025-05-23T11:20:05+00:00\",\"description\":\"Wzmocnij swoje bia\u0142oruskie umiej\u0119tno\u015bci dzi\u0119ki interaktywnym bia\u0142oruskim \u0107wiczeniom gramatycznym od TalkpalTwojego korepetytora j\u0119zykowego opartego na sztucznej inteligencji.\",\"breadcrumb\":{\"@id\":\"https:\/\/talkpal.ai\/pl\/cwiczenia-gramatyczne-z-jezyka-bialoruskiego\/#breadcrumb\"},\"inLanguage\":\"pl-PL\",\"potentialAction\":[{\"@type\":\"ReadAction\",\"target\":[\"https:\/\/talkpal.ai\/pl\/cwiczenia-gramatyczne-z-jezyka-bialoruskiego\/\"]}]},{\"@type\":\"ImageObject\",\"inLanguage\":\"pl-PL\",\"@id\":\"https:\/\/talkpal.ai\/pl\/cwiczenia-gramatyczne-z-jezyka-bialoruskiego\/#primaryimage\",\"url\":\"https:\/\/talkpal.ai\/wp-content\/uploads\/2023\/05\/belarus.png\",\"contentUrl\":\"https:\/\/talkpal.ai\/wp-content\/uploads\/2023\/05\/belarus.png\",\"width\":512,\"height\":512},{\"@type\":\"BreadcrumbList\",\"@id\":\"https:\/\/talkpal.ai\/pl\/cwiczenia-gramatyczne-z-jezyka-bialoruskiego\/#breadcrumb\",\"itemListElement\":[{\"@type\":\"ListItem\",\"position\":1,\"name\":\"Homepage\",\"item\":\"https:\/\/talkpal.ai\/pl\/\"},{\"@type\":\"ListItem\",\"position\":2,\"name\":\"\u0106wiczenia gramatyczne z j\u0119zyka bia\u0142oruskiego\"}]},{\"@type\":\"WebSite\",\"@id\":\"https:\/\/talkpal.ai\/pl\/#website\",\"url\":\"https:\/\/talkpal.ai\/pl\/\",\"name\":\"Talkpal\",\"description\":\"AI Language Learning\",\"publisher\":{\"@id\":\"https:\/\/talkpal.ai\/pl\/#organization\"},\"alternateName\":\"Talkpal AI\",\"potentialAction\":[{\"@type\":\"SearchAction\",\"target\":{\"@type\":\"EntryPoint\",\"urlTemplate\":\"https:\/\/talkpal.ai\/pl\/?s={search_term_string}\"},\"query-input\":{\"@type\":\"PropertyValueSpecification\",\"valueRequired\":true,\"valueName\":\"search_term_string\"}}],\"inLanguage\":\"pl-PL\"},{\"@type\":\"Organization\",\"@id\":\"https:\/\/talkpal.ai\/pl\/#organization\",\"name\":\"Talkpal, Inc.\",\"alternateName\":\"Talkpal AI\",\"url\":\"https:\/\/talkpal.ai\/pl\/\",\"logo\":{\"@type\":\"ImageObject\",\"inLanguage\":\"pl-PL\",\"@id\":\"https:\/\/talkpal.ai\/pl\/#\/schema\/logo\/image\/\",\"url\":\"https:\/\/talkpal.ai\/wp-content\/uploads\/2024\/03\/Talkpal-Logo-Icon.png\",\"contentUrl\":\"https:\/\/talkpal.ai\/wp-content\/uploads\/2024\/03\/Talkpal-Logo-Icon.png\",\"width\":2880,\"height\":2880,\"caption\":\"Talkpal, Inc.\"},\"image\":{\"@id\":\"https:\/\/talkpal.ai\/pl\/#\/schema\/logo\/image\/\"},\"sameAs\":[\"https:\/\/www.facebook.com\/profile.php?id=100090733639311\",\"https:\/\/x.com\/talkpalai\",\"https:\/\/www.linkedin.com\/company\/talkpal\/\",\"https:\/\/www.youtube.com\/@TalkPal\/\",\"https:\/\/www.tiktok.com\/@talkpal\",\"https:\/\/www.instagram.com\/talkpal_ai\/\",\"https:\/\/www.crunchbase.com\/organization\/talkpal-9cde\",\"https:\/\/www.g2.com\/products\/talkpal-for-business\/\",\"https:\/\/www.trustpilot.com\/review\/talkpal.ai\",\"https:\/\/www.capterra.com\/p\/10006800\/TalkPal\/\"],\"description\":\"Talkpal is a language learning web and mobile education app, powered by the latest AI technologies, that provides engaging experiences to its customers in many different languages to help them improve their language skills. Users can chat about unlimited amount of topics with the app and use other modes to practice their language learning.\",\"email\":\"support@talkpal.ai\",\"legalName\":\"Talkpal, Inc.\",\"foundingDate\":\"2023-04-03\",\"duns\":\"118989042\",\"numberOfEmployees\":{\"@type\":\"QuantitativeValue\",\"minValue\":\"11\",\"maxValue\":\"50\"},\"publishingPrinciples\":\"https:\/\/talkpal.ai\/publishing-principles\/\",\"actionableFeedbackPolicy\":\"https:\/\/talkpal.ai\/actionable-feedback-policy\/\",\"correctionsPolicy\":\"https:\/\/talkpal.ai\/corrections-policy\/\",\"ethicsPolicy\":\"https:\/\/talkpal.ai\/ethics-policy\/\",\"diversityPolicy\":\"https:\/\/talkpal.ai\/diversity-policy\/\",\"diversityStaffingReport\":\"https:\/\/talkpal.ai\/diversity-policy\/\"}]}<\/script>\n<!-- \/ Yoast SEO Premium plugin. -->","yoast_head_json":{"title":"\u0106wiczenia gramatyczne z j\u0119zyka bia\u0142oruskiego - Talkpal","description":"Wzmocnij swoje bia\u0142oruskie umiej\u0119tno\u015bci dzi\u0119ki interaktywnym bia\u0142oruskim \u0107wiczeniom gramatycznym od TalkpalTwojego korepetytora j\u0119zykowego opartego na sztucznej inteligencji.","robots":{"index":"index","follow":"follow","max-snippet":"max-snippet:-1","max-image-preview":"max-image-preview:large","max-video-preview":"max-video-preview:-1"},"canonical":"https:\/\/talkpal.ai\/pl\/cwiczenia-gramatyczne-z-jezyka-bialoruskiego\/","og_locale":"pl_PL","og_type":"article","og_title":"\u0106wiczenia gramatyczne z j\u0119zyka bia\u0142oruskiego","og_description":"Zagadnienia gramatyczne j\u0119zyka bia\u0142oruskiego J\u0119zyk bia\u0142oruski jest j\u0119zykiem wschodnios\u0142owia\u0144skim, kt\u00f3rym pos\u0142uguje si\u0119 g\u0142\u00f3wnie oko\u0142o 70% ludno\u015bci","og_url":"https:\/\/talkpal.ai\/pl\/cwiczenia-gramatyczne-z-jezyka-bialoruskiego\/","og_site_name":"Talkpal","article_publisher":"https:\/\/www.facebook.com\/profile.php?id=100090733639311","article_modified_time":"2025-05-23T11:20:05+00:00","og_image":[{"width":512,"height":512,"url":"https:\/\/talkpal.ai\/wp-content\/uploads\/2023\/05\/belarus.png","type":"image\/png"}],"twitter_card":"summary_large_image","twitter_site":"@talkpalai","twitter_misc":{"Szacowany czas czytania":"3 minuty"},"schema":{"@context":"https:\/\/schema.org","@graph":[{"@type":"WebPage","@id":"https:\/\/talkpal.ai\/pl\/cwiczenia-gramatyczne-z-jezyka-bialoruskiego\/","url":"https:\/\/talkpal.ai\/pl\/cwiczenia-gramatyczne-z-jezyka-bialoruskiego\/","name":"\u0106wiczenia gramatyczne z j\u0119zyka bia\u0142oruskiego - Talkpal","isPartOf":{"@id":"https:\/\/talkpal.ai\/pl\/#website"},"primaryImageOfPage":{"@id":"https:\/\/talkpal.ai\/pl\/cwiczenia-gramatyczne-z-jezyka-bialoruskiego\/#primaryimage"},"image":{"@id":"https:\/\/talkpal.ai\/pl\/cwiczenia-gramatyczne-z-jezyka-bialoruskiego\/#primaryimage"},"thumbnailUrl":"https:\/\/talkpal.ai\/wp-content\/uploads\/2023\/05\/belarus.png","datePublished":"2023-06-16T11:55:18+00:00","dateModified":"2025-05-23T11:20:05+00:00","description":"Wzmocnij swoje bia\u0142oruskie umiej\u0119tno\u015bci dzi\u0119ki interaktywnym bia\u0142oruskim \u0107wiczeniom gramatycznym od TalkpalTwojego korepetytora j\u0119zykowego opartego na sztucznej inteligencji.","breadcrumb":{"@id":"https:\/\/talkpal.ai\/pl\/cwiczenia-gramatyczne-z-jezyka-bialoruskiego\/#breadcrumb"},"inLanguage":"pl-PL","potentialAction":[{"@type":"ReadAction","target":["https:\/\/talkpal.ai\/pl\/cwiczenia-gramatyczne-z-jezyka-bialoruskiego\/"]}]},{"@type":"ImageObject","inLanguage":"pl-PL","@id":"https:\/\/talkpal.ai\/pl\/cwiczenia-gramatyczne-z-jezyka-bialoruskiego\/#primaryimage","url":"https:\/\/talkpal.ai\/wp-content\/uploads\/2023\/05\/belarus.png","contentUrl":"https:\/\/talkpal.ai\/wp-content\/uploads\/2023\/05\/belarus.png","width":512,"height":512},{"@type":"BreadcrumbList","@id":"https:\/\/talkpal.ai\/pl\/cwiczenia-gramatyczne-z-jezyka-bialoruskiego\/#breadcrumb","itemListElement":[{"@type":"ListItem","position":1,"name":"Homepage","item":"https:\/\/talkpal.ai\/pl\/"},{"@type":"ListItem","position":2,"name":"\u0106wiczenia gramatyczne z j\u0119zyka bia\u0142oruskiego"}]},{"@type":"WebSite","@id":"https:\/\/talkpal.ai\/pl\/#website","url":"https:\/\/talkpal.ai\/pl\/","name":"Talkpal","description":"AI Language Learning","publisher":{"@id":"https:\/\/talkpal.ai\/pl\/#organization"},"alternateName":"Talkpal AI","potentialAction":[{"@type":"SearchAction","target":{"@type":"EntryPoint","urlTemplate":"https:\/\/talkpal.ai\/pl\/?s={search_term_string}"},"query-input":{"@type":"PropertyValueSpecification","valueRequired":true,"valueName":"search_term_string"}}],"inLanguage":"pl-PL"},{"@type":"Organization","@id":"https:\/\/talkpal.ai\/pl\/#organization","name":"Talkpal, Inc.","alternateName":"Talkpal AI","url":"https:\/\/talkpal.ai\/pl\/","logo":{"@type":"ImageObject","inLanguage":"pl-PL","@id":"https:\/\/talkpal.ai\/pl\/#\/schema\/logo\/image\/","url":"https:\/\/talkpal.ai\/wp-content\/uploads\/2024\/03\/Talkpal-Logo-Icon.png","contentUrl":"https:\/\/talkpal.ai\/wp-content\/uploads\/2024\/03\/Talkpal-Logo-Icon.png","width":2880,"height":2880,"caption":"Talkpal, Inc."},"image":{"@id":"https:\/\/talkpal.ai\/pl\/#\/schema\/logo\/image\/"},"sameAs":["https:\/\/www.facebook.com\/profile.php?id=100090733639311","https:\/\/x.com\/talkpalai","https:\/\/www.linkedin.com\/company\/talkpal\/","https:\/\/www.youtube.com\/@TalkPal\/","https:\/\/www.tiktok.com\/@talkpal","https:\/\/www.instagram.com\/talkpal_ai\/","https:\/\/www.crunchbase.com\/organization\/talkpal-9cde","https:\/\/www.g2.com\/products\/talkpal-for-business\/","https:\/\/www.trustpilot.com\/review\/talkpal.ai","https:\/\/www.capterra.com\/p\/10006800\/TalkPal\/"],"description":"Talkpal is a language learning web and mobile education app, powered by the latest AI technologies, that provides engaging experiences to its customers in many different languages to help them improve their language skills. Users can chat about unlimited amount of topics with the app and use other modes to practice their language learning.","email":"support@talkpal.ai","legalName":"Talkpal, Inc.","foundingDate":"2023-04-03","duns":"118989042","numberOfEmployees":{"@type":"QuantitativeValue","minValue":"11","maxValue":"50"},"publishingPrinciples":"https:\/\/talkpal.ai\/publishing-principles\/","actionableFeedbackPolicy":"https:\/\/talkpal.ai\/actionable-feedback-policy\/","correctionsPolicy":"https:\/\/talkpal.ai\/corrections-policy\/","ethicsPolicy":"https:\/\/talkpal.ai\/ethics-policy\/","diversityPolicy":"https:\/\/talkpal.ai\/diversity-policy\/","diversityStaffingReport":"https:\/\/talkpal.ai\/diversity-policy\/"}]}},"_links":{"self":[{"href":"https:\/\/talkpal.ai\/pl\/wp-json\/wp\/v2\/pages\/165573","targetHints":{"allow":["GET"]}}],"collection":[{"href":"https:\/\/talkpal.ai\/pl\/wp-json\/wp\/v2\/pages"}],"about":[{"href":"https:\/\/talkpal.ai\/pl\/wp-json\/wp\/v2\/types\/page"}],"author":[{"embeddable":true,"href":"https:\/\/talkpal.ai\/pl\/wp-json\/wp\/v2\/users\/6"}],"replies":[{"embeddable":true,"href":"https:\/\/talkpal.ai\/pl\/wp-json\/wp\/v2\/comments?post=165573"}],"version-history":[{"count":0,"href":"https:\/\/talkpal.ai\/pl\/wp-json\/wp\/v2\/pages\/165573\/revisions"}],"wp:featuredmedia":[{"embeddable":true,"href":"https:\/\/talkpal.ai\/pl\/wp-json\/wp\/v2\/media\/110687"}],"wp:attachment":[{"href":"https:\/\/talkpal.ai\/pl\/wp-json\/wp\/v2\/media?parent=165573"}],"curies":[{"name":"wp","href":"https:\/\/api.w.org\/{rel}","templated":true}]}}