{"id":164776,"date":"2023-06-16T12:39:48","date_gmt":"2023-06-16T12:39:48","guid":{"rendered":"http:\/\/talkpal.ai\/cwiczenia-gramatyczne-z-jezyka-bulgarskiego\/"},"modified":"2025-05-23T11:59:35","modified_gmt":"2025-05-23T11:59:35","slug":"cwiczenia-gramatyczne-z-jezyka-bulgarskiego","status":"publish","type":"page","link":"https:\/\/talkpal.ai\/pl\/cwiczenia-gramatyczne-z-jezyka-bulgarskiego\/","title":{"rendered":"\u0106wiczenia gramatyczne z j\u0119zyka bu\u0142garskiego"},"content":{"rendered":"\r\n\r\n\r\n<section class=\"languageChallengeSection\">\r\n    <div class=\"languageInfoWrapper\">\r\n        \r\n        <h1>\u0106wiczenia gramatyczne z j\u0119zyka bu\u0142garskiego<\/h1>\r\n        <p>Chcesz poprawi\u0107 swoj\u0105 znajomo\u015b\u0107 j\u0119zyka bu\u0142garskiego? \u0106wiczenie gramatyki to doskona\u0142y spos\u00f3b na opanowanie struktury zda\u0144, form czasownik\u00f3w i unikalnych wzorc\u00f3w j\u0119zyka bu\u0142garskiego. Zacznij pracowa\u0107 nad bu\u0142garsk\u0105 gramatyk\u0105 ju\u017c dzi\u015b i obserwuj, jak twoja pewno\u015b\u0107 siebie i p\u0142ynno\u015b\u0107 rosn\u0105 z ka\u017cdym \u0107wiczeniem!<\/p>\r\n\r\n                            <a class=\"getStartedHidden\" href=\"https:\/\/app.talkpal.ai\/pl\/signup?lng=\">Zaczynaj<\/a>\r\n        \r\n    <\/div>\r\n\r\n    <figure>\r\n    <img decoding=\"async\" width=\"768\" height=\"768\" src=\"https:\/\/talkpal.ai\/wp-content\/uploads\/2023\/06\/bulgarian-768x768.png\" class=\"languageImage no-lazy\" alt=\"Language learning for deeper cultural understanding\" fetchpriority=\"high\" sizes=\"(max-width: 768px) 150px, 768px\" srcset=\"https:\/\/talkpal.ai\/wp-content\/uploads\/2023\/06\/bulgarian-768x768.png 768w, https:\/\/talkpal.ai\/wp-content\/uploads\/2023\/06\/bulgarian-300x300.png 300w\" \/>\r\n    \r\n\r\n    <\/figure>\r\n\r\n            <a class=\"getStartedVisible\" href=\"https:\/\/app.talkpal.ai\/pl\/signup?lng=\">Zaczynaj<\/a>\r\n    \r\n<\/section>\r\n\r\n\r\n<!-- <section class=\"grammarSection\">\r\n    <div class=\"grammarLinks\">\r\n            <\/div>\r\n<\/section> -->\r\n\r\n\r\n\r\n\r\n<section class=\"promotionalBanner\">\r\n    <p class=\"promotionalText\">Najbardziej efektywny spos\u00f3b nauki j\u0119zyka<\/p>\r\n    <a class=\"promotionalLink\" href=\"https:\/\/app.talkpal.ai\/pl\/signup?lng=\">Wypr\u00f3buj Talkpal za darmo<\/a>\r\n<\/section>\n<div class=\"wp-block-group pageContainerStyle\"><div class=\"wp-block-group__inner-container is-layout-constrained wp-block-group-is-layout-constrained\">\n<h2 class=\"wp-block-heading\" id=\"h-bulgarian-grammar-topics\">Zagadnienia gramatyczne z j\u0119zyka bu\u0142garskiego<\/h2>\n\n\n\n<p><a href=\"https:\/\/talkpal.ai\/learn-bulgarian\/\">Bu\u0142garski<\/a> jest j\u0119zykiem po\u0142udniowos\u0142owia\u0144skim, u\u017cywanym g\u0142\u00f3wnie w Bu\u0142garii i przez spo\u0142eczno\u015bci bu\u0142garskie w s\u0105siednich krajach. Jako oficjalny j\u0119zyk Bu\u0142garii, odgrywa on istotn\u0105 rol\u0119 w kulturze, historii i \u017cyciu codziennym kraju. Nauka bu\u0142garskiego mo\u017ce by\u0107 satysfakcjonuj\u0105cym do\u015bwiadczeniem, poniewa\u017c pozwala pozna\u0107 bogat\u0105 literatur\u0119, pi\u0119kne krajobrazy i smaczn\u0105 kuchni\u0119 kraju. Aby opanowa\u0107 j\u0119zyk <a href=\"https:\/\/talkpal.ai\/learn-bulgarian\/\">bu\u0142garski<\/a>, konieczne jest zrozumienie jego gramatyki, kt\u00f3ra ma swoje unikalne cechy i struktury. W tym przewodniku om\u00f3wimy kluczowe tematy gramatyczne j\u0119zyka bu\u0142garskiego, kt\u00f3rych powiniene\u015b uczy\u0107 si\u0119 po kolei, aby uzyska\u0107 solidne podstawy w j\u0119zyku.<\/p>\n\n\n\n<h3 class=\"wp-block-heading\" id=\"h-1-nouns\">1. Rzeczowniki:<\/h3>\n\n\n\n<p>Rzeczowniki bu\u0142garskie maj\u0105 rodzaj (m\u0119ski, \u017ce\u0144ski i nijaki), co jest wa\u017cne, poniewa\u017c wp\u0142ywa na form\u0119 innych s\u0142\u00f3w w zdaniu, takich jak przymiotniki i rodzajniki. Maj\u0105 r\u00f3wnie\u017c formy liczby pojedynczej i mnogiej, ale w przeciwie\u0144stwie do angielskiego nie ma przypadk\u00f3w.<\/p>\n\n\n\n<h3 class=\"wp-block-heading\" id=\"h-2-articles\">2. Artyku\u0142y:<\/h3>\n\n\n\n<p>W j\u0119zyku bu\u0142garskim rodzajniki s\u0105 do\u0142\u0105czane na ko\u0144cu rzeczownika, kt\u00f3ry modyfikuj\u0105. Istniej\u0105 rodzajniki okre\u015blone i nieokre\u015blone, kt\u00f3re zmieniaj\u0105 si\u0119 w zale\u017cno\u015bci od rodzaju i liczby rzeczownika.<\/p>\n\n\n\n<h3 class=\"wp-block-heading\" id=\"h-3-pronouns-determiners\">3. Zaimki\/okre\u015blniki:<\/h3>\n\n\n\n<p>Bu\u0142garski ma zaimki osobowe, dzier\u017cawcze, wskazuj\u0105ce, pytaj\u0105ce i wzgl\u0119dne. Zgadzaj\u0105 si\u0119 pod wzgl\u0119dem rodzaju i liczby z rzeczownikiem, kt\u00f3ry zast\u0119puj\u0105 lub modyfikuj\u0105. Okre\u015blniki s\u0142u\u017c\u0105 do okre\u015blania lub kwantyfikacji rzeczownik\u00f3w.<\/p>\n\n\n\n<h3 class=\"wp-block-heading\" id=\"h-4-adjectives\">4. Przymiotniki:<\/h3>\n\n\n\n<p>Przymiotniki w j\u0119zyku bu\u0142garskim zgadzaj\u0105 si\u0119 pod wzgl\u0119dem rodzaju, liczby i okre\u015blono\u015bci z rzeczownikiem, kt\u00f3ry modyfikuj\u0105. Maj\u0105 one trzy stopnie por\u00f3wnania &#8211; pozytywny, por\u00f3wnawczy i superlatywny.<\/p>\n\n\n\n<h3 class=\"wp-block-heading\" id=\"h-5-adverbs\">5. Przys\u0142\u00f3wki:<\/h3>\n\n\n\n<p>Przys\u0142\u00f3wki modyfikuj\u0105 czasowniki, przymiotniki lub inne przys\u0142\u00f3wki. Nie zmieniaj\u0105 formy i s\u0105 niezb\u0119dne do wyra\u017cania czasu, miejsca, sposobu i stopnia.<\/p>\n\n\n\n<h3 class=\"wp-block-heading\" id=\"h-6-verbs\">6. Czasowniki:<\/h3>\n\n\n\n<p>Czasowniki bu\u0142garskie maj\u0105 trzy g\u0142\u00f3wne koniugacje i odmieniaj\u0105 si\u0119 przez osob\u0119, liczb\u0119, czas, nastr\u00f3j i g\u0142os. Nauka poprawnej koniugacji i zrozumienie r\u00f3\u017cnych aspekt\u00f3w czasownika ma kluczowe znaczenie dla prawid\u0142owej komunikacji.<\/p>\n\n\n\n<h3 class=\"wp-block-heading\" id=\"h-7-tenses\">7. Czasy:<\/h3>\n\n\n\n<p>Bu\u0142garski ma trzy g\u0142\u00f3wne czasy &#8211; przesz\u0142y, tera\u017aniejszy i przysz\u0142y. Nauczenie si\u0119, jak tworzy\u0107 i u\u017cywa\u0107 tych czas\u00f3w, jest niezb\u0119dne do zrozumienia i wyra\u017cenia czasu w j\u0119zyku bu\u0142garskim.<\/p>\n\n\n\n<h3 class=\"wp-block-heading\" id=\"h-8-tense-comparison\">8. Por\u00f3wnanie czasu:<\/h3>\n\n\n\n<p>Umiej\u0119tno\u015b\u0107 por\u00f3wnywania r\u00f3\u017cnych czas\u00f3w jest wa\u017cna dla zrozumienia zda\u0144 z\u0142o\u017conych i wyra\u017cania r\u00f3\u017cnych relacji czasowych w j\u0119zyku bu\u0142garskim.<\/p>\n\n\n\n<h3 class=\"wp-block-heading\" id=\"h-9-progressive\">9. Progresywny:<\/h3>\n\n\n\n<p>Aspekt progresywny w j\u0119zyku bu\u0142garskim jest u\u017cywany do opisania trwaj\u0105cych dzia\u0142a\u0144. Mo\u017cna go utworzy\u0107 z czasownik\u00f3w posi\u0142kowych i imies\u0142owu czasu tera\u017aniejszego czasownika g\u0142\u00f3wnego.<\/p>\n\n\n\n<h3 class=\"wp-block-heading\" id=\"h-10-perfect-progressive\">10. Idealny progresywny:<\/h3>\n\n\n\n<p>Aspekt doskona\u0142ego post\u0119pu \u0142\u0105czy w sobie aspekty doskona\u0142e i post\u0119powe, aby wyrazi\u0107 dzia\u0142ania, kt\u00f3re rozpocz\u0119\u0142y si\u0119 w przesz\u0142o\u015bci, s\u0105 kontynuowane w tera\u017aniejszo\u015bci i mog\u0105 by\u0107 kontynuowane w przysz\u0142o\u015bci.<\/p>\n\n\n\n<h3 class=\"wp-block-heading\" id=\"h-11-conditionals\">11. Wyra\u017cenia warunkowe:<\/h3>\n\n\n\n<p>W j\u0119zyku bu\u0142garskim wyst\u0119puj\u0105 trzy rodzaje tryb\u00f3w warunkowych &#8211; rzeczywisty, nierzeczywisty i potencjalny. S\u0142u\u017c\u0105 do wyra\u017cania hipotetycznych lub sprzecznych z faktami sytuacji, a tak\u017ce do przewidywania lub udzielania porad.<\/p>\n\n\n\n<h3 class=\"wp-block-heading\" id=\"h-12-prepositions\">12. Przyimki:<\/h3>\n\n\n\n<p>Przyimki s\u0105 niezb\u0119dne do wyra\u017cania relacji mi\u0119dzy s\u0142owami w zdaniu. S\u0142u\u017c\u0105 do wskazywania lokalizacji, czasu, kierunku, przyczyny i innych relacji.<\/p>\n\n\n\n<h3 class=\"wp-block-heading\" id=\"h-13-sentences\">13. Zdania:<\/h3>\n\n\n\n<p>Nauka tworzenia prostych i z\u0142o\u017conych zda\u0144 w j\u0119zyku bu\u0142garskim jest kluczowa dla skutecznej komunikacji. Obejmuje to zrozumienie prawid\u0142owego szyku wyraz\u00f3w, zgodno\u015bci podmiot-czasownik oraz u\u017cycie sp\u00f3jnik\u00f3w i innych struktur zda\u0144.<\/p>\n<\/div><\/div>\n\r\n<section class=\"learnNavigationSection\">\r\n            \r\n        <a href=\"https:\/\/talkpal.ai\/pl\/naucz-sie-bulgarskiego\/\">\r\n            <div class=\"learnNavigationWrapper\">\r\n                <div class=\"learnNavigationContent\">\r\n                    <img decoding=\"async\" src=\"https:\/\/talkpal.ai\/wp-content\/uploads\/2024\/08\/Bulgarian.jpg\" alt=\"Bulgarian Flag\">\r\n                    <div>\r\n                        <h4>O nauce j\u0119zyka bu\u0142garskiego<\/h4>\r\n                        <p>Dowiedz si\u0119 wszystkiego o gramatyce bu\u0142garskiej .<\/p>\r\n                    <\/div>\r\n                <\/div>\r\n            <\/div>\r\n        <\/a>\r\n\r\n        \r\n        <a href=\"https:\/\/talkpal.ai\/pl\/gramatyka-bulgarska\/\">\r\n            <div class=\"learnNavigationWrapper\">\r\n                <div class=\"learnNavigationContent\">\r\n                    <img decoding=\"async\" src=\"https:\/\/talkpal.ai\/wp-content\/uploads\/2024\/08\/Bulgarian.jpg\" alt=\"Bulgarian Flag\">\r\n                    <div>\r\n                        <h4>Lekcje gramatyki j\u0119zyka bu\u0142garskiego<\/h4>\r\n                        <p>\u0106wicz gramatyk\u0119 bu\u0142garsk\u0105 .<\/p>\r\n                    <\/div>\r\n                <\/div>\r\n            <\/div>\r\n        <\/a>\r\n\r\n        \r\n        <a href=\"https:\/\/talkpal.ai\/vocabulary_language\/bulgarian\/\">\r\n            <div class=\"learnNavigationWrapper\">\r\n                <div class=\"learnNavigationContent\">\r\n                    <img decoding=\"async\" src=\"https:\/\/talkpal.ai\/wp-content\/uploads\/2024\/08\/Bulgarian.jpg\" alt=\"Bulgarian Flag\">\r\n                    <div>\r\n                        <h4>S\u0142ownictwo bu\u0142garskie<\/h4>\r\n                        <p>Poszerz swoje bu\u0142garskie s\u0142ownictwo.<\/p>\r\n                    <\/div>\r\n                <\/div>\r\n            <\/div>\r\n        <\/a>\r\n\r\n            <\/section>","protected":false},"excerpt":{"rendered":"<p>Zagadnienia gramatyczne z j\u0119zyka bu\u0142garskiego Bu\u0142garski jest j\u0119zykiem po\u0142udniowos\u0142owia\u0144skim, u\u017cywanym g\u0142\u00f3wnie w Bu\u0142garii i przez spo\u0142eczno\u015bci bu\u0142garskie w s\u0105siednich krajach. Jako oficjalny j\u0119zyk Bu\u0142garii, odgrywa on istotn\u0105 rol\u0119 w kulturze, historii i \u017cyciu codziennym kraju. Nauka bu\u0142garskiego mo\u017ce by\u0107 satysfakcjonuj\u0105cym do\u015bwiadczeniem, poniewa\u017c pozwala pozna\u0107 bogat\u0105 literatur\u0119, pi\u0119kne krajobrazy i smaczn\u0105 kuchni\u0119 kraju. Aby opanowa\u0107 j\u0119zyk [&hellip;]<\/p>\n","protected":false},"author":6,"featured_media":111188,"parent":0,"menu_order":0,"comment_status":"closed","ping_status":"closed","template":"LearningContentPage.php","meta":{"_acf_changed":false,"footnotes":""},"class_list":["post-164776","page","type-page","status-publish","has-post-thumbnail","hentry"],"acf":[],"yoast_head":"<!-- This site is optimized with the Yoast SEO Premium plugin v27.2 (Yoast SEO v27.2) - https:\/\/yoast.com\/product\/yoast-seo-premium-wordpress\/ -->\n<title>\u0106wiczenia gramatyczne z j\u0119zyka bu\u0142garskiego - Talkpal<\/title>\n<meta name=\"description\" content=\"Zwi\u0119ksz swoje umiej\u0119tno\u015bci j\u0119zykowe dzi\u0119ki bu\u0142garskim \u0107wiczeniom gramatycznym. Opanuj gramatyk\u0119, aby uzyska\u0107 solidne podstawy j\u0119zyka bu\u0142garskiego.\" \/>\n<meta name=\"robots\" content=\"index, follow, max-snippet:-1, max-image-preview:large, max-video-preview:-1\" \/>\n<link rel=\"canonical\" href=\"https:\/\/talkpal.ai\/pl\/cwiczenia-gramatyczne-z-jezyka-bulgarskiego\/\" \/>\n<meta property=\"og:locale\" content=\"pl_PL\" \/>\n<meta property=\"og:type\" content=\"article\" \/>\n<meta property=\"og:title\" content=\"\u0106wiczenia gramatyczne z j\u0119zyka bu\u0142garskiego\" \/>\n<meta property=\"og:description\" content=\"Zagadnienia gramatyczne z j\u0119zyka bu\u0142garskiego Bu\u0142garski jest j\u0119zykiem po\u0142udniowos\u0142owia\u0144skim, u\u017cywanym g\u0142\u00f3wnie w Bu\u0142garii i przez spo\u0142eczno\u015bci bu\u0142garskie w\" \/>\n<meta property=\"og:url\" content=\"https:\/\/talkpal.ai\/pl\/cwiczenia-gramatyczne-z-jezyka-bulgarskiego\/\" \/>\n<meta property=\"og:site_name\" content=\"Talkpal\" \/>\n<meta property=\"article:publisher\" content=\"https:\/\/www.facebook.com\/profile.php?id=100090733639311\" \/>\n<meta property=\"article:modified_time\" content=\"2025-05-23T11:59:35+00:00\" \/>\n<meta property=\"og:image\" content=\"https:\/\/talkpal.ai\/wp-content\/uploads\/2023\/05\/bulgaria.png\" \/>\n\t<meta property=\"og:image:width\" content=\"512\" \/>\n\t<meta property=\"og:image:height\" content=\"512\" \/>\n\t<meta property=\"og:image:type\" content=\"image\/png\" \/>\n<meta name=\"twitter:card\" content=\"summary_large_image\" \/>\n<meta name=\"twitter:site\" content=\"@talkpalai\" \/>\n<meta name=\"twitter:label1\" content=\"Szacowany czas czytania\" \/>\n\t<meta name=\"twitter:data1\" content=\"3 minuty\" \/>\n<script type=\"application\/ld+json\" class=\"yoast-schema-graph\">{\"@context\":\"https:\/\/schema.org\",\"@graph\":[{\"@type\":\"WebPage\",\"@id\":\"https:\/\/talkpal.ai\/pl\/cwiczenia-gramatyczne-z-jezyka-bulgarskiego\/\",\"url\":\"https:\/\/talkpal.ai\/pl\/cwiczenia-gramatyczne-z-jezyka-bulgarskiego\/\",\"name\":\"\u0106wiczenia gramatyczne z j\u0119zyka bu\u0142garskiego - Talkpal\",\"isPartOf\":{\"@id\":\"https:\/\/talkpal.ai\/pl\/#website\"},\"primaryImageOfPage\":{\"@id\":\"https:\/\/talkpal.ai\/pl\/cwiczenia-gramatyczne-z-jezyka-bulgarskiego\/#primaryimage\"},\"image\":{\"@id\":\"https:\/\/talkpal.ai\/pl\/cwiczenia-gramatyczne-z-jezyka-bulgarskiego\/#primaryimage\"},\"thumbnailUrl\":\"https:\/\/talkpal.ai\/wp-content\/uploads\/2023\/05\/bulgaria.png\",\"datePublished\":\"2023-06-16T12:39:48+00:00\",\"dateModified\":\"2025-05-23T11:59:35+00:00\",\"description\":\"Zwi\u0119ksz swoje umiej\u0119tno\u015bci j\u0119zykowe dzi\u0119ki bu\u0142garskim \u0107wiczeniom gramatycznym. Opanuj gramatyk\u0119, aby uzyska\u0107 solidne podstawy j\u0119zyka bu\u0142garskiego.\",\"breadcrumb\":{\"@id\":\"https:\/\/talkpal.ai\/pl\/cwiczenia-gramatyczne-z-jezyka-bulgarskiego\/#breadcrumb\"},\"inLanguage\":\"pl-PL\",\"potentialAction\":[{\"@type\":\"ReadAction\",\"target\":[\"https:\/\/talkpal.ai\/pl\/cwiczenia-gramatyczne-z-jezyka-bulgarskiego\/\"]}]},{\"@type\":\"ImageObject\",\"inLanguage\":\"pl-PL\",\"@id\":\"https:\/\/talkpal.ai\/pl\/cwiczenia-gramatyczne-z-jezyka-bulgarskiego\/#primaryimage\",\"url\":\"https:\/\/talkpal.ai\/wp-content\/uploads\/2023\/05\/bulgaria.png\",\"contentUrl\":\"https:\/\/talkpal.ai\/wp-content\/uploads\/2023\/05\/bulgaria.png\",\"width\":512,\"height\":512},{\"@type\":\"BreadcrumbList\",\"@id\":\"https:\/\/talkpal.ai\/pl\/cwiczenia-gramatyczne-z-jezyka-bulgarskiego\/#breadcrumb\",\"itemListElement\":[{\"@type\":\"ListItem\",\"position\":1,\"name\":\"Homepage\",\"item\":\"https:\/\/talkpal.ai\/pl\/\"},{\"@type\":\"ListItem\",\"position\":2,\"name\":\"\u0106wiczenia gramatyczne z j\u0119zyka bu\u0142garskiego\"}]},{\"@type\":\"WebSite\",\"@id\":\"https:\/\/talkpal.ai\/pl\/#website\",\"url\":\"https:\/\/talkpal.ai\/pl\/\",\"name\":\"Talkpal\",\"description\":\"AI Language Learning\",\"publisher\":{\"@id\":\"https:\/\/talkpal.ai\/pl\/#organization\"},\"alternateName\":\"Talkpal AI\",\"potentialAction\":[{\"@type\":\"SearchAction\",\"target\":{\"@type\":\"EntryPoint\",\"urlTemplate\":\"https:\/\/talkpal.ai\/pl\/?s={search_term_string}\"},\"query-input\":{\"@type\":\"PropertyValueSpecification\",\"valueRequired\":true,\"valueName\":\"search_term_string\"}}],\"inLanguage\":\"pl-PL\"},{\"@type\":\"Organization\",\"@id\":\"https:\/\/talkpal.ai\/pl\/#organization\",\"name\":\"Talkpal, Inc.\",\"alternateName\":\"Talkpal AI\",\"url\":\"https:\/\/talkpal.ai\/pl\/\",\"logo\":{\"@type\":\"ImageObject\",\"inLanguage\":\"pl-PL\",\"@id\":\"https:\/\/talkpal.ai\/pl\/#\/schema\/logo\/image\/\",\"url\":\"https:\/\/talkpal.ai\/wp-content\/uploads\/2024\/03\/Talkpal-Logo-Icon.png\",\"contentUrl\":\"https:\/\/talkpal.ai\/wp-content\/uploads\/2024\/03\/Talkpal-Logo-Icon.png\",\"width\":2880,\"height\":2880,\"caption\":\"Talkpal, Inc.\"},\"image\":{\"@id\":\"https:\/\/talkpal.ai\/pl\/#\/schema\/logo\/image\/\"},\"sameAs\":[\"https:\/\/www.facebook.com\/profile.php?id=100090733639311\",\"https:\/\/x.com\/talkpalai\",\"https:\/\/www.linkedin.com\/company\/talkpal\/\",\"https:\/\/www.youtube.com\/@TalkPal\/\",\"https:\/\/www.tiktok.com\/@talkpal\",\"https:\/\/www.instagram.com\/talkpal_ai\/\",\"https:\/\/www.crunchbase.com\/organization\/talkpal-9cde\",\"https:\/\/www.g2.com\/products\/talkpal-for-business\/\",\"https:\/\/www.trustpilot.com\/review\/talkpal.ai\",\"https:\/\/www.capterra.com\/p\/10006800\/TalkPal\/\"],\"description\":\"Talkpal is a language learning web and mobile education app, powered by the latest AI technologies, that provides engaging experiences to its customers in many different languages to help them improve their language skills. Users can chat about unlimited amount of topics with the app and use other modes to practice their language learning.\",\"email\":\"support@talkpal.ai\",\"legalName\":\"Talkpal, Inc.\",\"foundingDate\":\"2023-04-03\",\"duns\":\"118989042\",\"numberOfEmployees\":{\"@type\":\"QuantitativeValue\",\"minValue\":\"11\",\"maxValue\":\"50\"},\"publishingPrinciples\":\"https:\/\/talkpal.ai\/publishing-principles\/\",\"actionableFeedbackPolicy\":\"https:\/\/talkpal.ai\/actionable-feedback-policy\/\",\"correctionsPolicy\":\"https:\/\/talkpal.ai\/corrections-policy\/\",\"ethicsPolicy\":\"https:\/\/talkpal.ai\/ethics-policy\/\",\"diversityPolicy\":\"https:\/\/talkpal.ai\/diversity-policy\/\",\"diversityStaffingReport\":\"https:\/\/talkpal.ai\/diversity-policy\/\"}]}<\/script>\n<!-- \/ Yoast SEO Premium plugin. -->","yoast_head_json":{"title":"\u0106wiczenia gramatyczne z j\u0119zyka bu\u0142garskiego - Talkpal","description":"Zwi\u0119ksz swoje umiej\u0119tno\u015bci j\u0119zykowe dzi\u0119ki bu\u0142garskim \u0107wiczeniom gramatycznym. Opanuj gramatyk\u0119, aby uzyska\u0107 solidne podstawy j\u0119zyka bu\u0142garskiego.","robots":{"index":"index","follow":"follow","max-snippet":"max-snippet:-1","max-image-preview":"max-image-preview:large","max-video-preview":"max-video-preview:-1"},"canonical":"https:\/\/talkpal.ai\/pl\/cwiczenia-gramatyczne-z-jezyka-bulgarskiego\/","og_locale":"pl_PL","og_type":"article","og_title":"\u0106wiczenia gramatyczne z j\u0119zyka bu\u0142garskiego","og_description":"Zagadnienia gramatyczne z j\u0119zyka bu\u0142garskiego Bu\u0142garski jest j\u0119zykiem po\u0142udniowos\u0142owia\u0144skim, u\u017cywanym g\u0142\u00f3wnie w Bu\u0142garii i przez spo\u0142eczno\u015bci bu\u0142garskie w","og_url":"https:\/\/talkpal.ai\/pl\/cwiczenia-gramatyczne-z-jezyka-bulgarskiego\/","og_site_name":"Talkpal","article_publisher":"https:\/\/www.facebook.com\/profile.php?id=100090733639311","article_modified_time":"2025-05-23T11:59:35+00:00","og_image":[{"width":512,"height":512,"url":"https:\/\/talkpal.ai\/wp-content\/uploads\/2023\/05\/bulgaria.png","type":"image\/png"}],"twitter_card":"summary_large_image","twitter_site":"@talkpalai","twitter_misc":{"Szacowany czas czytania":"3 minuty"},"schema":{"@context":"https:\/\/schema.org","@graph":[{"@type":"WebPage","@id":"https:\/\/talkpal.ai\/pl\/cwiczenia-gramatyczne-z-jezyka-bulgarskiego\/","url":"https:\/\/talkpal.ai\/pl\/cwiczenia-gramatyczne-z-jezyka-bulgarskiego\/","name":"\u0106wiczenia gramatyczne z j\u0119zyka bu\u0142garskiego - Talkpal","isPartOf":{"@id":"https:\/\/talkpal.ai\/pl\/#website"},"primaryImageOfPage":{"@id":"https:\/\/talkpal.ai\/pl\/cwiczenia-gramatyczne-z-jezyka-bulgarskiego\/#primaryimage"},"image":{"@id":"https:\/\/talkpal.ai\/pl\/cwiczenia-gramatyczne-z-jezyka-bulgarskiego\/#primaryimage"},"thumbnailUrl":"https:\/\/talkpal.ai\/wp-content\/uploads\/2023\/05\/bulgaria.png","datePublished":"2023-06-16T12:39:48+00:00","dateModified":"2025-05-23T11:59:35+00:00","description":"Zwi\u0119ksz swoje umiej\u0119tno\u015bci j\u0119zykowe dzi\u0119ki bu\u0142garskim \u0107wiczeniom gramatycznym. Opanuj gramatyk\u0119, aby uzyska\u0107 solidne podstawy j\u0119zyka bu\u0142garskiego.","breadcrumb":{"@id":"https:\/\/talkpal.ai\/pl\/cwiczenia-gramatyczne-z-jezyka-bulgarskiego\/#breadcrumb"},"inLanguage":"pl-PL","potentialAction":[{"@type":"ReadAction","target":["https:\/\/talkpal.ai\/pl\/cwiczenia-gramatyczne-z-jezyka-bulgarskiego\/"]}]},{"@type":"ImageObject","inLanguage":"pl-PL","@id":"https:\/\/talkpal.ai\/pl\/cwiczenia-gramatyczne-z-jezyka-bulgarskiego\/#primaryimage","url":"https:\/\/talkpal.ai\/wp-content\/uploads\/2023\/05\/bulgaria.png","contentUrl":"https:\/\/talkpal.ai\/wp-content\/uploads\/2023\/05\/bulgaria.png","width":512,"height":512},{"@type":"BreadcrumbList","@id":"https:\/\/talkpal.ai\/pl\/cwiczenia-gramatyczne-z-jezyka-bulgarskiego\/#breadcrumb","itemListElement":[{"@type":"ListItem","position":1,"name":"Homepage","item":"https:\/\/talkpal.ai\/pl\/"},{"@type":"ListItem","position":2,"name":"\u0106wiczenia gramatyczne z j\u0119zyka bu\u0142garskiego"}]},{"@type":"WebSite","@id":"https:\/\/talkpal.ai\/pl\/#website","url":"https:\/\/talkpal.ai\/pl\/","name":"Talkpal","description":"AI Language Learning","publisher":{"@id":"https:\/\/talkpal.ai\/pl\/#organization"},"alternateName":"Talkpal AI","potentialAction":[{"@type":"SearchAction","target":{"@type":"EntryPoint","urlTemplate":"https:\/\/talkpal.ai\/pl\/?s={search_term_string}"},"query-input":{"@type":"PropertyValueSpecification","valueRequired":true,"valueName":"search_term_string"}}],"inLanguage":"pl-PL"},{"@type":"Organization","@id":"https:\/\/talkpal.ai\/pl\/#organization","name":"Talkpal, Inc.","alternateName":"Talkpal AI","url":"https:\/\/talkpal.ai\/pl\/","logo":{"@type":"ImageObject","inLanguage":"pl-PL","@id":"https:\/\/talkpal.ai\/pl\/#\/schema\/logo\/image\/","url":"https:\/\/talkpal.ai\/wp-content\/uploads\/2024\/03\/Talkpal-Logo-Icon.png","contentUrl":"https:\/\/talkpal.ai\/wp-content\/uploads\/2024\/03\/Talkpal-Logo-Icon.png","width":2880,"height":2880,"caption":"Talkpal, Inc."},"image":{"@id":"https:\/\/talkpal.ai\/pl\/#\/schema\/logo\/image\/"},"sameAs":["https:\/\/www.facebook.com\/profile.php?id=100090733639311","https:\/\/x.com\/talkpalai","https:\/\/www.linkedin.com\/company\/talkpal\/","https:\/\/www.youtube.com\/@TalkPal\/","https:\/\/www.tiktok.com\/@talkpal","https:\/\/www.instagram.com\/talkpal_ai\/","https:\/\/www.crunchbase.com\/organization\/talkpal-9cde","https:\/\/www.g2.com\/products\/talkpal-for-business\/","https:\/\/www.trustpilot.com\/review\/talkpal.ai","https:\/\/www.capterra.com\/p\/10006800\/TalkPal\/"],"description":"Talkpal is a language learning web and mobile education app, powered by the latest AI technologies, that provides engaging experiences to its customers in many different languages to help them improve their language skills. Users can chat about unlimited amount of topics with the app and use other modes to practice their language learning.","email":"support@talkpal.ai","legalName":"Talkpal, Inc.","foundingDate":"2023-04-03","duns":"118989042","numberOfEmployees":{"@type":"QuantitativeValue","minValue":"11","maxValue":"50"},"publishingPrinciples":"https:\/\/talkpal.ai\/publishing-principles\/","actionableFeedbackPolicy":"https:\/\/talkpal.ai\/actionable-feedback-policy\/","correctionsPolicy":"https:\/\/talkpal.ai\/corrections-policy\/","ethicsPolicy":"https:\/\/talkpal.ai\/ethics-policy\/","diversityPolicy":"https:\/\/talkpal.ai\/diversity-policy\/","diversityStaffingReport":"https:\/\/talkpal.ai\/diversity-policy\/"}]}},"_links":{"self":[{"href":"https:\/\/talkpal.ai\/pl\/wp-json\/wp\/v2\/pages\/164776","targetHints":{"allow":["GET"]}}],"collection":[{"href":"https:\/\/talkpal.ai\/pl\/wp-json\/wp\/v2\/pages"}],"about":[{"href":"https:\/\/talkpal.ai\/pl\/wp-json\/wp\/v2\/types\/page"}],"author":[{"embeddable":true,"href":"https:\/\/talkpal.ai\/pl\/wp-json\/wp\/v2\/users\/6"}],"replies":[{"embeddable":true,"href":"https:\/\/talkpal.ai\/pl\/wp-json\/wp\/v2\/comments?post=164776"}],"version-history":[{"count":0,"href":"https:\/\/talkpal.ai\/pl\/wp-json\/wp\/v2\/pages\/164776\/revisions"}],"wp:featuredmedia":[{"embeddable":true,"href":"https:\/\/talkpal.ai\/pl\/wp-json\/wp\/v2\/media\/111188"}],"wp:attachment":[{"href":"https:\/\/talkpal.ai\/pl\/wp-json\/wp\/v2\/media?parent=164776"}],"curies":[{"name":"wp","href":"https:\/\/api.w.org\/{rel}","templated":true}]}}