{"id":164283,"date":"2023-06-16T12:49:04","date_gmt":"2023-06-16T12:49:04","guid":{"rendered":"http:\/\/talkpal.ai\/cwiczenia-gramatyczne-z-jezyka-katalonskiego\/"},"modified":"2025-05-23T13:31:30","modified_gmt":"2025-05-23T13:31:30","slug":"cwiczenia-gramatyczne-z-jezyka-katalonskiego","status":"publish","type":"page","link":"https:\/\/talkpal.ai\/pl\/cwiczenia-gramatyczne-z-jezyka-katalonskiego\/","title":{"rendered":"\u0106wiczenia gramatyczne z j\u0119zyka katalo\u0144skiego"},"content":{"rendered":"\r\n\r\n\r\n<section class=\"languageChallengeSection\">\r\n    <div class=\"languageInfoWrapper\">\r\n        \r\n        <h1>\u0106wiczenia gramatyczne z j\u0119zyka katalo\u0144skiego<\/h1>\r\n        <p>Chcesz nabra\u0107 pewno\u015bci siebie w j\u0119zyku katalo\u0144skim? \u0106wiczenie gramatyki to \u015bwietny spos\u00f3b na opanowanie struktury zda\u0144, form czasownik\u00f3w i charakterystycznych wzorc\u00f3w j\u0119zyka katalo\u0144skiego. Zacznij pracowa\u0107 nad gramatyk\u0105 katalo\u0144sk\u0105 ju\u017c dzi\u015b i obserwuj, jak twoje zrozumienie i p\u0142ynno\u015b\u0107 rosn\u0105 z ka\u017cdym \u0107wiczeniem!<\/p>\r\n\r\n                            <a class=\"getStartedHidden\" href=\"https:\/\/app.talkpal.ai\/pl\/signup?lng=\">Zaczynaj<\/a>\r\n        \r\n    <\/div>\r\n\r\n    <figure>\r\n    <img decoding=\"async\" width=\"768\" height=\"768\" src=\"https:\/\/talkpal.ai\/wp-content\/uploads\/2023\/06\/catalan-768x768.png\" class=\"languageImage no-lazy\" alt=\"Language learning techniques for fast learning\" fetchpriority=\"high\" sizes=\"(max-width: 768px) 150px, 768px\" srcset=\"https:\/\/talkpal.ai\/wp-content\/uploads\/2023\/06\/catalan-768x768.png 768w, https:\/\/talkpal.ai\/wp-content\/uploads\/2023\/06\/catalan-300x300.png 300w\" \/>\r\n    \r\n\r\n    <\/figure>\r\n\r\n            <a class=\"getStartedVisible\" href=\"https:\/\/app.talkpal.ai\/pl\/signup?lng=\">Zaczynaj<\/a>\r\n    \r\n<\/section>\r\n\r\n\r\n<!-- <section class=\"grammarSection\">\r\n    <div class=\"grammarLinks\">\r\n            <\/div>\r\n<\/section> -->\r\n\r\n\r\n\r\n\r\n<section class=\"promotionalBanner\">\r\n    <p class=\"promotionalText\">Najbardziej efektywny spos\u00f3b nauki j\u0119zyka<\/p>\r\n    <a class=\"promotionalLink\" href=\"https:\/\/app.talkpal.ai\/pl\/signup?lng=\">Wypr\u00f3buj Talkpal za darmo<\/a>\r\n<\/section>\n<div class=\"wp-block-group pageContainerStyle\"><div class=\"wp-block-group__inner-container is-layout-constrained wp-block-group-is-layout-constrained\">\n<h2 class=\"wp-block-heading\" id=\"h-catalan-grammar-topics\">Zagadnienia gramatyczne katalo\u0144skie<\/h2>\n\n\n\n<p><a href=\"https:\/\/talkpal.ai\/learn-catalan\/\">Katalo\u0144ski<\/a>, j\u0119zyk roma\u0144ski, kt\u00f3rym pos\u0142uguj\u0105 si\u0119 miliony ludzi w regionie Katalonii w Hiszpanii oraz w cz\u0119\u015bci W\u0142och i Francji, jest pi\u0119knym i t\u0119tni\u0105cym \u017cyciem j\u0119zykiem o bogatej historii. Nauka katalo\u0144skiego mo\u017ce by\u0107 przyjemnym i satysfakcjonuj\u0105cym do\u015bwiadczeniem, otwieraj\u0105cym nowe horyzonty kulturowe i j\u0119zykowe. Aby prawid\u0142owo nauczy\u0107 si\u0119 tego j\u0119zyka, niezb\u0119dne jest opanowanie jego gramatyki. <a href=\"https:\/\/talkpal.ai\/catalan-grammar\/\">Gramatyka katalo\u0144ska<\/a>, podobnie jak <a href=\"https:\/\/talkpal.ai\/grammar\/\">gramatyka<\/a> ka\u017cdego innego j\u0119zyka, jest systemem regu\u0142 rz\u0105dz\u0105cych konstrukcj\u0105 zwrot\u00f3w i zda\u0144. W tym artykule przyjrzymy si\u0119 kluczowym aspektom gramatyki katalo\u0144skiej w logicznej kolejno\u015bci, zapewniaj\u0105c solidn\u0105 podstaw\u0119 do nauki j\u0119zyka.<\/p>\n\n\n\n<h3 class=\"wp-block-heading\" id=\"h-1-nouns-and-articles\">1. Rzeczowniki i rodzajniki:<\/h3>\n\n\n\n<p>Zacznij od nauki rzeczownik\u00f3w katalo\u0144skich, kt\u00f3re maj\u0105 rodzaj (m\u0119ski lub \u017ce\u0144ski) i liczebniki (w liczbie pojedynczej lub mnogiej). Rodzajniki okre\u015blone i nieokre\u015blone w j\u0119zyku katalo\u0144skim r\u00f3wnie\u017c zmieniaj\u0105 si\u0119 w zale\u017cno\u015bci od rodzaju i liczby, co czyni je niezb\u0119dnym punktem wyj\u015bcia do budowania zda\u0144.<\/p>\n\n\n\n<h3 class=\"wp-block-heading\" id=\"h-2-adjectives\">2. Przymiotniki:<\/h3>\n\n\n\n<p>Przymiotniki w j\u0119zyku katalo\u0144skim zgadzaj\u0105 si\u0119 z rzeczownikami, kt\u00f3re modyfikuj\u0105 pod wzgl\u0119dem rodzaju i liczby. Dowiedz si\u0119, jak tworzy\u0107 i pozycjonowa\u0107 przymiotniki, aby dok\u0142adnie opisa\u0107 cechy rzeczownik\u00f3w.<\/p>\n\n\n\n<h3 class=\"wp-block-heading\" id=\"h-3-pronouns-determiners\">3. Zaimki\/okre\u015blniki:<\/h3>\n\n\n\n<p>Zaimki zast\u0119puj\u0105 rzeczowniki, aby unikn\u0105\u0107 powt\u00f3rze\u0144, podczas gdy okre\u015blniki je okre\u015blaj\u0105 lub okre\u015blaj\u0105 ilo\u015bciowo. Opanuj r\u00f3\u017cne rodzaje zaimk\u00f3w (podmiot, dope\u0142nienie, zwrotny) i okre\u015blniki (wskazuj\u0105cy, dzier\u017cawczy, pytaj\u0105cy), aby urozmaici\u0107 swoje zdania.<\/p>\n\n\n\n<h3 class=\"wp-block-heading\" id=\"h-4-verbs-and-tenses\">4. Czasowniki i czasy:<\/h3>\n\n\n\n<p>Czasowniki katalo\u0144skie odmieniaj\u0105 si\u0119 zgodnie z ich czasem, nastrojem i osob\u0105. <a href=\"https:\/\/talkpal.ai\/pl\/naucz-sie-malajskiego\/\">Naucz si\u0119<\/a> regularnych i nieregularnych form czasownik\u00f3w w czasie tera\u017aniejszym, przesz\u0142ym i przysz\u0142ym, a tak\u017ce trybu rozkazuj\u0105cego do wydawania polece\u0144.<\/p>\n\n\n\n<h3 class=\"wp-block-heading\" id=\"h-5-tense-comparison\">5. Por\u00f3wnanie czasu:<\/h3>\n\n\n\n<p>Dowiedz si\u0119, jak por\u00f3wnywa\u0107 r\u00f3\u017cne czasy w j\u0119zyku katalo\u0144skim, aby wyrazi\u0107 dzia\u0142ania lub stany wyst\u0119puj\u0105ce w r\u00f3\u017cnych momentach.<\/p>\n\n\n\n<h3 class=\"wp-block-heading\" id=\"h-6-progressive-and-perfect-progressive\">6. Progresywny i doskona\u0142y progresywny:<\/h3>\n\n\n\n<p>Forma progresywna wskazuje na trwaj\u0105ce dzia\u0142anie, podczas gdy doskona\u0142a progresywna \u0142\u0105czy w sobie aspekty progresywne i doskona\u0142e. Dowiedz si\u0119, jak tworzy\u0107 i u\u017cywa\u0107 tych konstrukcji do wyra\u017cania dzia\u0142a\u0144 w toku lub zako\u0144czonych dzia\u0142a\u0144 o ci\u0105g\u0142ym znaczeniu.<\/p>\n\n\n\n<h3 class=\"wp-block-heading\" id=\"h-7-adverbs\">7. Przys\u0142\u00f3wki:<\/h3>\n\n\n\n<p>Przys\u0142\u00f3wki modyfikuj\u0105 czasowniki, przymiotniki lub inne przys\u0142\u00f3wki, aby dostarczy\u0107 dodatkowych informacji o dzia\u0142aniach lub cechach. Naucz si\u0119 r\u00f3\u017cnych rodzaj\u00f3w przys\u0142\u00f3wk\u00f3w i ich rozmieszczenia w zdaniach.<\/p>\n\n\n\n<h3 class=\"wp-block-heading\" id=\"h-8-prepositions\">8. Przyimki:<\/h3>\n\n\n\n<p>Przyimki \u0142\u0105cz\u0105 rzeczowniki, zaimki lub inne elementy w zdaniu, aby wskaza\u0107 relacje, takie jak lokalizacja, czas lub kierunek. Zapoznaj si\u0119 z najpopularniejszymi przyimkami katalo\u0144skimi i ich u\u017cyciem.<\/p>\n\n\n\n<h3 class=\"wp-block-heading\" id=\"h-9-conditionals\">9. Warunki szczeg\u00f3\u0142owe:<\/h3>\n\n\n\n<p>Instrukcje warunkowe wyra\u017caj\u0105 hipotetyczne sytuacje lub warunki i ich konsekwencje. Poznaj r\u00f3\u017cne typy instrukcji warunkowych (zero, pierwszy, drugi, trzeci) oraz naucz si\u0119 ich poprawnie tworzy\u0107 i u\u017cywa\u0107.<\/p>\n\n\n\n<h3 class=\"wp-block-heading\" id=\"h-10-sentences\">10. Zdania:<\/h3>\n\n\n\n<p>Na koniec prze\u0107wicz \u0142\u0105czenie wszystkich element\u00f3w, kt\u00f3rych si\u0119 nauczy\u0142e\u015b, aby utworzy\u0107 pe\u0142ne, sp\u00f3jne zdania w j\u0119zyku katalo\u0144skim. Eksperymentuj z r\u00f3\u017cnymi strukturami zda\u0144 i \u0107wicz tworzenie r\u00f3\u017cnych typ\u00f3w zda\u0144, takich jak oznajmuj\u0105ce, pytaj\u0105ce i wykrzyknikowe.<\/p>\n\n\n\n<p>Ucz\u0105c si\u0119 tych temat\u00f3w w sugerowanej kolejno\u015bci, rozwiniesz solidne podstawy gramatyki katalo\u0144skiej, co pozwoli Ci skutecznie i pewnie komunikowa\u0107 si\u0119 w tym fascynuj\u0105cym j\u0119zyku.<\/p>\n<\/div><\/div>\n\r\n<section class=\"learnNavigationSection\">\r\n            \r\n        <a href=\"https:\/\/talkpal.ai\/pl\/naucz-sie-katalonskiego\/\">\r\n            <div class=\"learnNavigationWrapper\">\r\n                <div class=\"learnNavigationContent\">\r\n                    <img decoding=\"async\" src=\"https:\/\/talkpal.ai\/wp-content\/uploads\/2024\/08\/Catalan.jpg\" alt=\"Catalan Flag\">\r\n                    <div>\r\n                        <h4>O Catalan Learning<\/h4>\r\n                        <p>Dowiedz si\u0119 wszystkiego o gramatyce katalo\u0144skiej .<\/p>\r\n                    <\/div>\r\n                <\/div>\r\n            <\/div>\r\n        <\/a>\r\n\r\n        \r\n        <a href=\"https:\/\/talkpal.ai\/pl\/gramatyka-katalonska\/\">\r\n            <div class=\"learnNavigationWrapper\">\r\n                <div class=\"learnNavigationContent\">\r\n                    <img decoding=\"async\" src=\"https:\/\/talkpal.ai\/wp-content\/uploads\/2024\/08\/Catalan.jpg\" alt=\"Catalan Flag\">\r\n                    <div>\r\n                        <h4>Lekcje gramatyki katalo\u0144skiego<\/h4>\r\n                        <p>\u0106wicz gramatyk\u0119 katalo\u0144sk\u0105 .<\/p>\r\n                    <\/div>\r\n                <\/div>\r\n            <\/div>\r\n        <\/a>\r\n\r\n        \r\n        <a href=\"https:\/\/talkpal.ai\/vocabulary_language\/catalan\/\">\r\n            <div class=\"learnNavigationWrapper\">\r\n                <div class=\"learnNavigationContent\">\r\n                    <img decoding=\"async\" src=\"https:\/\/talkpal.ai\/wp-content\/uploads\/2024\/08\/Catalan.jpg\" alt=\"Catalan Flag\">\r\n                    <div>\r\n                        <h4>S\u0142ownictwo katalo\u0144skie<\/h4>\r\n                        <p>Poszerz swoje katalo\u0144skie s\u0142ownictwo.<\/p>\r\n                    <\/div>\r\n                <\/div>\r\n            <\/div>\r\n        <\/a>\r\n\r\n            <\/section>","protected":false},"excerpt":{"rendered":"<p>Zagadnienia gramatyczne katalo\u0144skie Katalo\u0144ski, j\u0119zyk roma\u0144ski, kt\u00f3rym pos\u0142uguj\u0105 si\u0119 miliony ludzi w regionie Katalonii w Hiszpanii oraz w cz\u0119\u015bci W\u0142och i Francji, jest pi\u0119knym i t\u0119tni\u0105cym \u017cyciem j\u0119zykiem o bogatej historii. Nauka katalo\u0144skiego mo\u017ce by\u0107 przyjemnym i satysfakcjonuj\u0105cym do\u015bwiadczeniem, otwieraj\u0105cym nowe horyzonty kulturowe i j\u0119zykowe. Aby prawid\u0142owo nauczy\u0107 si\u0119 tego j\u0119zyka, niezb\u0119dne jest opanowanie jego [&hellip;]<\/p>\n","protected":false},"author":6,"featured_media":141960,"parent":0,"menu_order":0,"comment_status":"closed","ping_status":"closed","template":"LearningContentPage.php","meta":{"_acf_changed":false,"footnotes":""},"class_list":["post-164283","page","type-page","status-publish","has-post-thumbnail","hentry"],"acf":[],"yoast_head":"<!-- This site is optimized with the Yoast SEO Premium plugin v27.2 (Yoast SEO v27.2) - https:\/\/yoast.com\/product\/yoast-seo-premium-wordpress\/ -->\n<title>\u0106wiczenia gramatyczne z j\u0119zyka katalo\u0144skiego - Talkpal<\/title>\n<meta name=\"description\" content=\"Poznaj niezb\u0119dne \u0107wiczenia gramatyczne z j\u0119zyka katalo\u0144skiego, aby lepiej zrozumie\u0107 ten pi\u0119kny j\u0119zyk i jego struktur\u0119.\" \/>\n<meta name=\"robots\" content=\"index, follow, max-snippet:-1, max-image-preview:large, max-video-preview:-1\" \/>\n<link rel=\"canonical\" href=\"https:\/\/talkpal.ai\/pl\/cwiczenia-gramatyczne-z-jezyka-katalonskiego\/\" \/>\n<meta property=\"og:locale\" content=\"pl_PL\" \/>\n<meta property=\"og:type\" content=\"article\" \/>\n<meta property=\"og:title\" content=\"\u0106wiczenia gramatyczne z j\u0119zyka katalo\u0144skiego\" \/>\n<meta property=\"og:description\" content=\"Zagadnienia gramatyczne katalo\u0144skie Katalo\u0144ski, j\u0119zyk roma\u0144ski, kt\u00f3rym pos\u0142uguj\u0105 si\u0119 miliony ludzi w regionie Katalonii w Hiszpanii oraz w cz\u0119\u015bci W\u0142och i\" \/>\n<meta property=\"og:url\" content=\"https:\/\/talkpal.ai\/pl\/cwiczenia-gramatyczne-z-jezyka-katalonskiego\/\" \/>\n<meta property=\"og:site_name\" content=\"Talkpal\" \/>\n<meta property=\"article:publisher\" content=\"https:\/\/www.facebook.com\/profile.php?id=100090733639311\" \/>\n<meta property=\"article:modified_time\" content=\"2025-05-23T13:31:30+00:00\" \/>\n<meta property=\"og:image\" content=\"https:\/\/talkpal.ai\/wp-content\/uploads\/2023\/08\/Catalan.png\" \/>\n\t<meta property=\"og:image:width\" content=\"479\" \/>\n\t<meta property=\"og:image:height\" content=\"479\" \/>\n\t<meta property=\"og:image:type\" content=\"image\/png\" \/>\n<meta name=\"twitter:card\" content=\"summary_large_image\" \/>\n<meta name=\"twitter:site\" content=\"@talkpalai\" \/>\n<meta name=\"twitter:label1\" content=\"Szacowany czas czytania\" \/>\n\t<meta name=\"twitter:data1\" content=\"3 minuty\" \/>\n<script type=\"application\/ld+json\" class=\"yoast-schema-graph\">{\"@context\":\"https:\/\/schema.org\",\"@graph\":[{\"@type\":\"WebPage\",\"@id\":\"https:\/\/talkpal.ai\/pl\/cwiczenia-gramatyczne-z-jezyka-katalonskiego\/\",\"url\":\"https:\/\/talkpal.ai\/pl\/cwiczenia-gramatyczne-z-jezyka-katalonskiego\/\",\"name\":\"\u0106wiczenia gramatyczne z j\u0119zyka katalo\u0144skiego - Talkpal\",\"isPartOf\":{\"@id\":\"https:\/\/talkpal.ai\/pl\/#website\"},\"primaryImageOfPage\":{\"@id\":\"https:\/\/talkpal.ai\/pl\/cwiczenia-gramatyczne-z-jezyka-katalonskiego\/#primaryimage\"},\"image\":{\"@id\":\"https:\/\/talkpal.ai\/pl\/cwiczenia-gramatyczne-z-jezyka-katalonskiego\/#primaryimage\"},\"thumbnailUrl\":\"https:\/\/talkpal.ai\/wp-content\/uploads\/2023\/08\/Catalan.png\",\"datePublished\":\"2023-06-16T12:49:04+00:00\",\"dateModified\":\"2025-05-23T13:31:30+00:00\",\"description\":\"Poznaj niezb\u0119dne \u0107wiczenia gramatyczne z j\u0119zyka katalo\u0144skiego, aby lepiej zrozumie\u0107 ten pi\u0119kny j\u0119zyk i jego struktur\u0119.\",\"breadcrumb\":{\"@id\":\"https:\/\/talkpal.ai\/pl\/cwiczenia-gramatyczne-z-jezyka-katalonskiego\/#breadcrumb\"},\"inLanguage\":\"pl-PL\",\"potentialAction\":[{\"@type\":\"ReadAction\",\"target\":[\"https:\/\/talkpal.ai\/pl\/cwiczenia-gramatyczne-z-jezyka-katalonskiego\/\"]}]},{\"@type\":\"ImageObject\",\"inLanguage\":\"pl-PL\",\"@id\":\"https:\/\/talkpal.ai\/pl\/cwiczenia-gramatyczne-z-jezyka-katalonskiego\/#primaryimage\",\"url\":\"https:\/\/talkpal.ai\/wp-content\/uploads\/2023\/08\/Catalan.png\",\"contentUrl\":\"https:\/\/talkpal.ai\/wp-content\/uploads\/2023\/08\/Catalan.png\",\"width\":479,\"height\":479},{\"@type\":\"BreadcrumbList\",\"@id\":\"https:\/\/talkpal.ai\/pl\/cwiczenia-gramatyczne-z-jezyka-katalonskiego\/#breadcrumb\",\"itemListElement\":[{\"@type\":\"ListItem\",\"position\":1,\"name\":\"Homepage\",\"item\":\"https:\/\/talkpal.ai\/pl\/\"},{\"@type\":\"ListItem\",\"position\":2,\"name\":\"\u0106wiczenia gramatyczne z j\u0119zyka katalo\u0144skiego\"}]},{\"@type\":\"WebSite\",\"@id\":\"https:\/\/talkpal.ai\/pl\/#website\",\"url\":\"https:\/\/talkpal.ai\/pl\/\",\"name\":\"Talkpal\",\"description\":\"AI Language Learning\",\"publisher\":{\"@id\":\"https:\/\/talkpal.ai\/pl\/#organization\"},\"alternateName\":\"Talkpal AI\",\"potentialAction\":[{\"@type\":\"SearchAction\",\"target\":{\"@type\":\"EntryPoint\",\"urlTemplate\":\"https:\/\/talkpal.ai\/pl\/?s={search_term_string}\"},\"query-input\":{\"@type\":\"PropertyValueSpecification\",\"valueRequired\":true,\"valueName\":\"search_term_string\"}}],\"inLanguage\":\"pl-PL\"},{\"@type\":\"Organization\",\"@id\":\"https:\/\/talkpal.ai\/pl\/#organization\",\"name\":\"Talkpal, Inc.\",\"alternateName\":\"Talkpal AI\",\"url\":\"https:\/\/talkpal.ai\/pl\/\",\"logo\":{\"@type\":\"ImageObject\",\"inLanguage\":\"pl-PL\",\"@id\":\"https:\/\/talkpal.ai\/pl\/#\/schema\/logo\/image\/\",\"url\":\"https:\/\/talkpal.ai\/wp-content\/uploads\/2024\/03\/Talkpal-Logo-Icon.png\",\"contentUrl\":\"https:\/\/talkpal.ai\/wp-content\/uploads\/2024\/03\/Talkpal-Logo-Icon.png\",\"width\":2880,\"height\":2880,\"caption\":\"Talkpal, Inc.\"},\"image\":{\"@id\":\"https:\/\/talkpal.ai\/pl\/#\/schema\/logo\/image\/\"},\"sameAs\":[\"https:\/\/www.facebook.com\/profile.php?id=100090733639311\",\"https:\/\/x.com\/talkpalai\",\"https:\/\/www.linkedin.com\/company\/talkpal\/\",\"https:\/\/www.youtube.com\/@TalkPal\/\",\"https:\/\/www.tiktok.com\/@talkpal\",\"https:\/\/www.instagram.com\/talkpal_ai\/\",\"https:\/\/www.crunchbase.com\/organization\/talkpal-9cde\",\"https:\/\/www.g2.com\/products\/talkpal-for-business\/\",\"https:\/\/www.trustpilot.com\/review\/talkpal.ai\",\"https:\/\/www.capterra.com\/p\/10006800\/TalkPal\/\"],\"description\":\"Talkpal is a language learning web and mobile education app, powered by the latest AI technologies, that provides engaging experiences to its customers in many different languages to help them improve their language skills. Users can chat about unlimited amount of topics with the app and use other modes to practice their language learning.\",\"email\":\"support@talkpal.ai\",\"legalName\":\"Talkpal, Inc.\",\"foundingDate\":\"2023-04-03\",\"duns\":\"118989042\",\"numberOfEmployees\":{\"@type\":\"QuantitativeValue\",\"minValue\":\"11\",\"maxValue\":\"50\"},\"publishingPrinciples\":\"https:\/\/talkpal.ai\/publishing-principles\/\",\"actionableFeedbackPolicy\":\"https:\/\/talkpal.ai\/actionable-feedback-policy\/\",\"correctionsPolicy\":\"https:\/\/talkpal.ai\/corrections-policy\/\",\"ethicsPolicy\":\"https:\/\/talkpal.ai\/ethics-policy\/\",\"diversityPolicy\":\"https:\/\/talkpal.ai\/diversity-policy\/\",\"diversityStaffingReport\":\"https:\/\/talkpal.ai\/diversity-policy\/\"}]}<\/script>\n<!-- \/ Yoast SEO Premium plugin. -->","yoast_head_json":{"title":"\u0106wiczenia gramatyczne z j\u0119zyka katalo\u0144skiego - Talkpal","description":"Poznaj niezb\u0119dne \u0107wiczenia gramatyczne z j\u0119zyka katalo\u0144skiego, aby lepiej zrozumie\u0107 ten pi\u0119kny j\u0119zyk i jego struktur\u0119.","robots":{"index":"index","follow":"follow","max-snippet":"max-snippet:-1","max-image-preview":"max-image-preview:large","max-video-preview":"max-video-preview:-1"},"canonical":"https:\/\/talkpal.ai\/pl\/cwiczenia-gramatyczne-z-jezyka-katalonskiego\/","og_locale":"pl_PL","og_type":"article","og_title":"\u0106wiczenia gramatyczne z j\u0119zyka katalo\u0144skiego","og_description":"Zagadnienia gramatyczne katalo\u0144skie Katalo\u0144ski, j\u0119zyk roma\u0144ski, kt\u00f3rym pos\u0142uguj\u0105 si\u0119 miliony ludzi w regionie Katalonii w Hiszpanii oraz w cz\u0119\u015bci W\u0142och i","og_url":"https:\/\/talkpal.ai\/pl\/cwiczenia-gramatyczne-z-jezyka-katalonskiego\/","og_site_name":"Talkpal","article_publisher":"https:\/\/www.facebook.com\/profile.php?id=100090733639311","article_modified_time":"2025-05-23T13:31:30+00:00","og_image":[{"width":479,"height":479,"url":"https:\/\/talkpal.ai\/wp-content\/uploads\/2023\/08\/Catalan.png","type":"image\/png"}],"twitter_card":"summary_large_image","twitter_site":"@talkpalai","twitter_misc":{"Szacowany czas czytania":"3 minuty"},"schema":{"@context":"https:\/\/schema.org","@graph":[{"@type":"WebPage","@id":"https:\/\/talkpal.ai\/pl\/cwiczenia-gramatyczne-z-jezyka-katalonskiego\/","url":"https:\/\/talkpal.ai\/pl\/cwiczenia-gramatyczne-z-jezyka-katalonskiego\/","name":"\u0106wiczenia gramatyczne z j\u0119zyka katalo\u0144skiego - Talkpal","isPartOf":{"@id":"https:\/\/talkpal.ai\/pl\/#website"},"primaryImageOfPage":{"@id":"https:\/\/talkpal.ai\/pl\/cwiczenia-gramatyczne-z-jezyka-katalonskiego\/#primaryimage"},"image":{"@id":"https:\/\/talkpal.ai\/pl\/cwiczenia-gramatyczne-z-jezyka-katalonskiego\/#primaryimage"},"thumbnailUrl":"https:\/\/talkpal.ai\/wp-content\/uploads\/2023\/08\/Catalan.png","datePublished":"2023-06-16T12:49:04+00:00","dateModified":"2025-05-23T13:31:30+00:00","description":"Poznaj niezb\u0119dne \u0107wiczenia gramatyczne z j\u0119zyka katalo\u0144skiego, aby lepiej zrozumie\u0107 ten pi\u0119kny j\u0119zyk i jego struktur\u0119.","breadcrumb":{"@id":"https:\/\/talkpal.ai\/pl\/cwiczenia-gramatyczne-z-jezyka-katalonskiego\/#breadcrumb"},"inLanguage":"pl-PL","potentialAction":[{"@type":"ReadAction","target":["https:\/\/talkpal.ai\/pl\/cwiczenia-gramatyczne-z-jezyka-katalonskiego\/"]}]},{"@type":"ImageObject","inLanguage":"pl-PL","@id":"https:\/\/talkpal.ai\/pl\/cwiczenia-gramatyczne-z-jezyka-katalonskiego\/#primaryimage","url":"https:\/\/talkpal.ai\/wp-content\/uploads\/2023\/08\/Catalan.png","contentUrl":"https:\/\/talkpal.ai\/wp-content\/uploads\/2023\/08\/Catalan.png","width":479,"height":479},{"@type":"BreadcrumbList","@id":"https:\/\/talkpal.ai\/pl\/cwiczenia-gramatyczne-z-jezyka-katalonskiego\/#breadcrumb","itemListElement":[{"@type":"ListItem","position":1,"name":"Homepage","item":"https:\/\/talkpal.ai\/pl\/"},{"@type":"ListItem","position":2,"name":"\u0106wiczenia gramatyczne z j\u0119zyka katalo\u0144skiego"}]},{"@type":"WebSite","@id":"https:\/\/talkpal.ai\/pl\/#website","url":"https:\/\/talkpal.ai\/pl\/","name":"Talkpal","description":"AI Language Learning","publisher":{"@id":"https:\/\/talkpal.ai\/pl\/#organization"},"alternateName":"Talkpal AI","potentialAction":[{"@type":"SearchAction","target":{"@type":"EntryPoint","urlTemplate":"https:\/\/talkpal.ai\/pl\/?s={search_term_string}"},"query-input":{"@type":"PropertyValueSpecification","valueRequired":true,"valueName":"search_term_string"}}],"inLanguage":"pl-PL"},{"@type":"Organization","@id":"https:\/\/talkpal.ai\/pl\/#organization","name":"Talkpal, Inc.","alternateName":"Talkpal AI","url":"https:\/\/talkpal.ai\/pl\/","logo":{"@type":"ImageObject","inLanguage":"pl-PL","@id":"https:\/\/talkpal.ai\/pl\/#\/schema\/logo\/image\/","url":"https:\/\/talkpal.ai\/wp-content\/uploads\/2024\/03\/Talkpal-Logo-Icon.png","contentUrl":"https:\/\/talkpal.ai\/wp-content\/uploads\/2024\/03\/Talkpal-Logo-Icon.png","width":2880,"height":2880,"caption":"Talkpal, Inc."},"image":{"@id":"https:\/\/talkpal.ai\/pl\/#\/schema\/logo\/image\/"},"sameAs":["https:\/\/www.facebook.com\/profile.php?id=100090733639311","https:\/\/x.com\/talkpalai","https:\/\/www.linkedin.com\/company\/talkpal\/","https:\/\/www.youtube.com\/@TalkPal\/","https:\/\/www.tiktok.com\/@talkpal","https:\/\/www.instagram.com\/talkpal_ai\/","https:\/\/www.crunchbase.com\/organization\/talkpal-9cde","https:\/\/www.g2.com\/products\/talkpal-for-business\/","https:\/\/www.trustpilot.com\/review\/talkpal.ai","https:\/\/www.capterra.com\/p\/10006800\/TalkPal\/"],"description":"Talkpal is a language learning web and mobile education app, powered by the latest AI technologies, that provides engaging experiences to its customers in many different languages to help them improve their language skills. Users can chat about unlimited amount of topics with the app and use other modes to practice their language learning.","email":"support@talkpal.ai","legalName":"Talkpal, Inc.","foundingDate":"2023-04-03","duns":"118989042","numberOfEmployees":{"@type":"QuantitativeValue","minValue":"11","maxValue":"50"},"publishingPrinciples":"https:\/\/talkpal.ai\/publishing-principles\/","actionableFeedbackPolicy":"https:\/\/talkpal.ai\/actionable-feedback-policy\/","correctionsPolicy":"https:\/\/talkpal.ai\/corrections-policy\/","ethicsPolicy":"https:\/\/talkpal.ai\/ethics-policy\/","diversityPolicy":"https:\/\/talkpal.ai\/diversity-policy\/","diversityStaffingReport":"https:\/\/talkpal.ai\/diversity-policy\/"}]}},"_links":{"self":[{"href":"https:\/\/talkpal.ai\/pl\/wp-json\/wp\/v2\/pages\/164283","targetHints":{"allow":["GET"]}}],"collection":[{"href":"https:\/\/talkpal.ai\/pl\/wp-json\/wp\/v2\/pages"}],"about":[{"href":"https:\/\/talkpal.ai\/pl\/wp-json\/wp\/v2\/types\/page"}],"author":[{"embeddable":true,"href":"https:\/\/talkpal.ai\/pl\/wp-json\/wp\/v2\/users\/6"}],"replies":[{"embeddable":true,"href":"https:\/\/talkpal.ai\/pl\/wp-json\/wp\/v2\/comments?post=164283"}],"version-history":[{"count":0,"href":"https:\/\/talkpal.ai\/pl\/wp-json\/wp\/v2\/pages\/164283\/revisions"}],"wp:featuredmedia":[{"embeddable":true,"href":"https:\/\/talkpal.ai\/pl\/wp-json\/wp\/v2\/media\/141960"}],"wp:attachment":[{"href":"https:\/\/talkpal.ai\/pl\/wp-json\/wp\/v2\/media?parent=164283"}],"curies":[{"name":"wp","href":"https:\/\/api.w.org\/{rel}","templated":true}]}}