{"id":164173,"date":"2023-06-16T13:02:09","date_gmt":"2023-06-16T13:02:09","guid":{"rendered":"http:\/\/talkpal.ai\/cwiczenia-gramatyczne-z-jezyka-chorwackiego\/"},"modified":"2025-12-17T16:25:58","modified_gmt":"2025-12-17T16:25:58","slug":"cwiczenia-gramatyczne-z-jezyka-chorwackiego","status":"publish","type":"page","link":"https:\/\/talkpal.ai\/pl\/cwiczenia-gramatyczne-z-jezyka-chorwackiego\/","title":{"rendered":"\u0106wiczenia gramatyczne z j\u0119zyka chorwackiego"},"content":{"rendered":"\r\n\r\n\r\n<section class=\"languageChallengeSection\">\r\n    <div class=\"languageInfoWrapper\">\r\n        \r\n        <h1>\u0106wiczenia gramatyczne z j\u0119zyka chorwackiego<\/h1>\r\n        <p>Chcesz nabra\u0107 pewno\u015bci siebie w j\u0119zyku chorwackim? \u0106wiczenia gramatyczne pomog\u0105 ci opanowa\u0107 struktur\u0119 zda\u0144, formy czasownik\u00f3w i unikalne cechy j\u0119zyka chorwackiego. Zacznij odkrywa\u0107 chorwack\u0105 gramatyk\u0119 ju\u017c dzi\u015b i obserwuj, jak twoje umiej\u0119tno\u015bci i p\u0142ynno\u015b\u0107 poprawiaj\u0105 si\u0119 z ka\u017cdym nowym \u0107wiczeniem!\n\n<\/p>\r\n\r\n                            <a class=\"getStartedHidden\" href=\"https:\/\/app.talkpal.ai\/pl\/signup?lng=\">Zaczynaj<\/a>\r\n        \r\n    <\/div>\r\n\r\n    <figure>\r\n    <img decoding=\"async\" width=\"768\" height=\"768\" src=\"https:\/\/talkpal.ai\/wp-content\/uploads\/2023\/06\/croatian-768x768.png\" class=\"languageImage no-lazy\" alt=\"Language learning for successful interaction\" fetchpriority=\"high\" sizes=\"(max-width: 768px) 150px, 768px\" srcset=\"https:\/\/talkpal.ai\/wp-content\/uploads\/2023\/06\/croatian-768x768.png 768w, https:\/\/talkpal.ai\/wp-content\/uploads\/2023\/06\/croatian-300x300.png 300w\" \/>\r\n    \r\n\r\n    <\/figure>\r\n\r\n            <a class=\"getStartedVisible\" href=\"https:\/\/app.talkpal.ai\/pl\/signup?lng=\">Zaczynaj<\/a>\r\n    \r\n<\/section>\r\n\r\n\r\n<!-- <section class=\"grammarSection\">\r\n    <div class=\"grammarLinks\">\r\n            <\/div>\r\n<\/section> -->\r\n\r\n\r\n\r\n\r\n<section class=\"promotionalBanner\">\r\n    <p class=\"promotionalText\">Najbardziej efektywny spos\u00f3b nauki j\u0119zyka<\/p>\r\n    <a class=\"promotionalLink\" href=\"https:\/\/app.talkpal.ai\/pl\/signup?lng=\">Wypr\u00f3buj Talkpal za darmo<\/a>\r\n<\/section>\n<div class=\"wp-block-group pageContainerStyle\"><div class=\"wp-block-group__inner-container is-layout-constrained wp-block-group-is-layout-constrained\">\n<h2 class=\"wp-block-heading\" id=\"h-croatian-grammar-topics\">Zagadnienia gramatyczne j\u0119zyka chorwackiego<\/h2>\n\n\n\n<p>J\u0119zyk <a href=\"https:\/\/talkpal.ai\/learn-croatian\/\">chorwacki<\/a>, j\u0119zyk po\u0142udniowos\u0142owia\u0144ski, jest j\u0119zykiem urz\u0119dowym Chorwacji i jednym z j\u0119zyk\u00f3w urz\u0119dowych Bo\u015bni i Hercegowiny. Jest to z\u0142o\u017cony i bogaty j\u0119zyk, z d\u0142ug\u0105 histori\u0105 i unikalnym systemem gramatycznym. Dla ucz\u0105cych si\u0119 niezb\u0119dne jest zrozumienie podstawowych aspekt\u00f3w gramatyki chorwackiej, aby sta\u0107 si\u0119 bieg\u0142ym w j\u0119zyku. Ten przewodnik pomo\u017ce Ci porusza\u0107 si\u0119 po kluczowych tematach gramatycznych, takich jak czasy, czasowniki, rzeczowniki i inne, w kolejno\u015bci, kt\u00f3ra u\u0142atwi proces uczenia si\u0119 i zapewni mocne podstawy do opanowania tego pi\u0119knego j\u0119zyka.<\/p>\n\n\n\n<h3 class=\"wp-block-heading\" id=\"h-1-nouns\">1. Rzeczowniki:<\/h3>\n\n\n\n<p>Rzeczowniki s\u0105 pierwszym budulcem ka\u017cdego j\u0119zyka, a chorwackie rzeczowniki maj\u0105 trzy rodzaje &#8211; m\u0119ski, \u017ce\u0144ski i nijaki, kt\u00f3re wp\u0142ywaj\u0105 na deklinacj\u0119 i zgodno\u015b\u0107 z przymiotnikami i zaimkami. Zapoznaj si\u0119 z r\u00f3\u017cnymi rodzajami i ich zako\u0144czeniami.<\/p>\n\n\n\n<h3 class=\"wp-block-heading\" id=\"h-2-articles\">2. Artyku\u0142y:<\/h3>\n\n\n\n<p>W j\u0119zyku chorwackim nie ma przedimk\u00f3w takich jak &#8222;the&#8221; czy &#8222;a&#8221; w j\u0119zyku angielskim, co u\u0142atwia pocz\u0105tkuj\u0105cym konstruowanie prostych zda\u0144 bez martwienia si\u0119 o u\u017cycie przedimk\u00f3w.<\/p>\n\n\n\n<h3 class=\"wp-block-heading\" id=\"h-3-pronouns-determiners\">3. Zaimki\/okre\u015blniki:<\/h3>\n\n\n\n<p>Zaimki s\u0142u\u017c\u0105 do zast\u0119powania rzeczownik\u00f3w w zdaniach, podczas gdy okre\u015blniki wskazuj\u0105 na specyfik\u0119 rzeczownika. <a href=\"https:\/\/talkpal.ai\/pl\/naucz-sie-malajskiego\/\">Naucz si\u0119<\/a> r\u00f3\u017cnych typ\u00f3w zaimk\u00f3w (osobowy, dzier\u017cawczy, wskazuj\u0105cy itp.) oraz ich deklinacji w zale\u017cno\u015bci od p\u0142ci, liczby i przypadku.<\/p>\n\n\n\n<h3 class=\"wp-block-heading\" id=\"h-4-adjectives\">4. Przymiotniki:<\/h3>\n\n\n\n<p>Przymiotniki opisuj\u0105 cechy rzeczownik\u00f3w i zgadzaj\u0105 si\u0119 z rodzajem, liczb\u0105 i wielko\u015bci\u0105 liter rzeczownika, kt\u00f3ry modyfikuj\u0105. Naucz si\u0119 podstawowych form i wzorc\u00f3w deklinacji przymiotnik\u00f3w.<\/p>\n\n\n\n<h3 class=\"wp-block-heading\" id=\"h-5-verbs\">5. Czasowniki:<\/h3>\n\n\n\n<p>Czasowniki s\u0105 rdzeniem ka\u017cdego zdania, wyra\u017caj\u0105cym czynno\u015bci lub stany. Czasowniki chorwackie odmieniaj\u0105 si\u0119 wed\u0142ug czasu, nastroju, g\u0142osu i osoby. Zacznij od najpopularniejszych czasownik\u00f3w regularnych i ich wzorc\u00f3w koniugacji w czasie tera\u017aniejszym.<\/p>\n\n\n\n<h3 class=\"wp-block-heading\" id=\"h-6-tenses\">6. Czasy:<\/h3>\n\n\n\n<p><a href=\"https:\/\/talkpal.ai\/learn-croatian\/\">Chorwacki<\/a> ma siedem czas\u00f3w &#8211; tera\u017aniejszy, przysz\u0142y I, przysz\u0142y II, przesz\u0142y, pluperfekt, aoryst i niedokonany. Zacznij od czasu tera\u017aniejszego, a nast\u0119pnie przejd\u017a do czasu przesz\u0142ego i przysz\u0142ego, ucz\u0105c si\u0119 wzorc\u00f3w koniugacji dla ka\u017cdego z nich.<\/p>\n\n\n\n<h3 class=\"wp-block-heading\" id=\"h-7-tense-comparison\">7. Por\u00f3wnanie czasu:<\/h3>\n\n\n\n<p>Zrozumienie r\u00f3\u017cnic i podobie\u0144stw mi\u0119dzy czasami jest kluczowe w opanowaniu j\u0119zyka chorwackiego. Por\u00f3wnaj czasy i prze\u0107wicz u\u017cywanie ich w kontek\u015bcie.<\/p>\n\n\n\n<h3 class=\"wp-block-heading\" id=\"h-8-progressive\">8. Progresywny:<\/h3>\n\n\n\n<p>Aspekt progresywny wyra\u017ca dzia\u0142ania, kt\u00f3re s\u0105 ci\u0105g\u0142e lub ci\u0105g\u0142e. Chorwacki nie ma oddzielnej formy progresywnej, takiej jak <a href=\"https:\/\/talkpal.ai\/learn-english-with-ai\/\">angielski<\/a>, ale mo\u017cesz przekaza\u0107 progresywne znaczenie, u\u017cywaj\u0105c okre\u015blonych form czasownik\u00f3w, przys\u0142\u00f3wk\u00f3w lub konstrukcji.<\/p>\n\n\n\n<h3 class=\"wp-block-heading\" id=\"h-9-perfect-progressive\">9. Idealny progresywny:<\/h3>\n\n\n\n<p>Ten aspekt \u0142\u0105czy w sobie znaczenia doskona\u0142e i progresywne. W j\u0119zyku chorwackim wyra\u017ca si\u0119 to za pomoc\u0105 czasu dokonanego z okre\u015blon\u0105 form\u0105 czasownika lub konstrukcj\u0105, kt\u00f3ra wskazuje na ci\u0105g\u0142e dzia\u0142anie.<\/p>\n\n\n\n<h3 class=\"wp-block-heading\" id=\"h-10-adverbs\">10. Przys\u0142\u00f3wki:<\/h3>\n\n\n\n<p>Przys\u0142\u00f3wki modyfikuj\u0105 czasowniki, przymiotniki lub inne przys\u0142\u00f3wki i zwykle wskazuj\u0105 spos\u00f3b, miejsce, czas lub stopie\u0144. Poznaj najpopularniejsze chorwackie przys\u0142\u00f3wki i ich rozmieszczenie w zdaniach.<\/p>\n\n\n\n<h3 class=\"wp-block-heading\" id=\"h-11-prepositions\">11. Przyimki:<\/h3>\n\n\n\n<p>Przyimki s\u0105 u\u017cywane do wskazywania relacji mi\u0119dzy s\u0142owami, takich jak lokalizacja, kierunek, czas lub posiadanie. Poznaj najpopularniejsze chorwackie przyimki i przypadki, kt\u00f3rymi rz\u0105dz\u0105.<\/p>\n\n\n\n<h3 class=\"wp-block-heading\" id=\"h-12-conditionals\">12. Warunki szczeg\u00f3\u0142owe:<\/h3>\n\n\n\n<p>Instrukcje warunkowe wyra\u017caj\u0105 hipotetyczne sytuacje lub warunki i ich konsekwencje. W j\u0119zyku chorwackim wyst\u0119puj\u0105 trzy rodzaje tryb\u00f3w warunkowych &#8211; rzeczywisty, nierzeczywisty i mieszany. Naucz si\u0119 tworzenia i u\u017cycia ka\u017cdego typu.<\/p>\n\n\n\n<h3 class=\"wp-block-heading\" id=\"h-13-sentences\">13. Zdania:<\/h3>\n\n\n\n<p>Na koniec prze\u0107wicz \u0142\u0105czenie wszystkich element\u00f3w gramatycznych, kt\u00f3rych si\u0119 nauczy\u0142e\u015b, aby tworzy\u0107 proste i z\u0142o\u017cone zdania w j\u0119zyku chorwackim. Pomo\u017ce Ci to rozwin\u0105\u0107 p\u0142ynno\u015b\u0107 j\u0119zykow\u0105 i zrozumienie gramatyki chorwackiej jako ca\u0142o\u015bci.<\/p>\n<\/div><\/div>\n\r\n<section class=\"learnNavigationSection\">\r\n            \r\n        <a href=\"https:\/\/talkpal.ai\/pl\/naucz-sie-chorwackiego\/\">\r\n            <div class=\"learnNavigationWrapper\">\r\n                <div class=\"learnNavigationContent\">\r\n                    <img decoding=\"async\" src=\"https:\/\/talkpal.ai\/wp-content\/uploads\/2024\/08\/Croatian.jpg\" alt=\"Croatian Flag\">\r\n                    <div>\r\n                        <h4>O nauce j\u0119zyka chorwackiego<\/h4>\r\n                        <p>Dowiedz si\u0119 wszystkiego o gramatyce chorwackiej .<\/p>\r\n                    <\/div>\r\n                <\/div>\r\n            <\/div>\r\n        <\/a>\r\n\r\n        \r\n        <a href=\"https:\/\/talkpal.ai\/pl\/gramatyka-chorwacka\/\">\r\n            <div class=\"learnNavigationWrapper\">\r\n                <div class=\"learnNavigationContent\">\r\n                    <img decoding=\"async\" src=\"https:\/\/talkpal.ai\/wp-content\/uploads\/2024\/08\/Croatian.jpg\" alt=\"Croatian Flag\">\r\n                    <div>\r\n                        <h4>Lekcje gramatyki j\u0119zyka chorwackiego<\/h4>\r\n                        <p>\u0106wicz gramatyk\u0119 chorwack\u0105 .<\/p>\r\n                    <\/div>\r\n                <\/div>\r\n            <\/div>\r\n        <\/a>\r\n\r\n        \r\n        <a href=\"https:\/\/talkpal.ai\/vocabulary_language\/croatian\/\">\r\n            <div class=\"learnNavigationWrapper\">\r\n                <div class=\"learnNavigationContent\">\r\n                    <img decoding=\"async\" src=\"https:\/\/talkpal.ai\/wp-content\/uploads\/2024\/08\/Croatian.jpg\" alt=\"Croatian Flag\">\r\n                    <div>\r\n                        <h4>S\u0142ownictwo chorwackie<\/h4>\r\n                        <p>Poszerz swoje chorwackie s\u0142ownictwo.<\/p>\r\n                    <\/div>\r\n                <\/div>\r\n            <\/div>\r\n        <\/a>\r\n\r\n            <\/section>","protected":false},"excerpt":{"rendered":"<p>Zagadnienia gramatyczne j\u0119zyka chorwackiego J\u0119zyk chorwacki, j\u0119zyk po\u0142udniowos\u0142owia\u0144ski, jest j\u0119zykiem urz\u0119dowym Chorwacji i jednym z j\u0119zyk\u00f3w urz\u0119dowych Bo\u015bni i Hercegowiny. Jest to z\u0142o\u017cony i bogaty j\u0119zyk, z d\u0142ug\u0105 histori\u0105 i unikalnym systemem gramatycznym. Dla ucz\u0105cych si\u0119 niezb\u0119dne jest zrozumienie podstawowych aspekt\u00f3w gramatyki chorwackiej, aby sta\u0107 si\u0119 bieg\u0142ym w j\u0119zyku. Ten przewodnik pomo\u017ce Ci porusza\u0107 si\u0119 [&hellip;]<\/p>\n","protected":false},"author":6,"featured_media":110440,"parent":0,"menu_order":0,"comment_status":"closed","ping_status":"closed","template":"LearningContentPage.php","meta":{"_acf_changed":false,"footnotes":""},"class_list":["post-164173","page","type-page","status-publish","has-post-thumbnail","hentry"],"acf":[],"yoast_head":"<!-- This site is optimized with the Yoast SEO Premium plugin v27.2 (Yoast SEO v27.2) - https:\/\/yoast.com\/product\/yoast-seo-premium-wordpress\/ -->\n<title>\u0106wiczenia gramatyczne z j\u0119zyka chorwackiego - Talkpal<\/title>\n<meta name=\"description\" content=\"Opanuj j\u0119zyk chorwacki dzi\u0119ki skutecznym \u0107wiczeniom gramatycznym, kt\u00f3re upraszczaj\u0105 nauk\u0119 czas\u00f3w, czasownik\u00f3w i rzeczownik\u00f3w.\" \/>\n<meta name=\"robots\" content=\"index, follow, max-snippet:-1, max-image-preview:large, max-video-preview:-1\" \/>\n<link rel=\"canonical\" href=\"https:\/\/talkpal.ai\/pl\/cwiczenia-gramatyczne-z-jezyka-chorwackiego\/\" \/>\n<meta property=\"og:locale\" content=\"pl_PL\" \/>\n<meta property=\"og:type\" content=\"article\" \/>\n<meta property=\"og:title\" content=\"\u0106wiczenia gramatyczne z j\u0119zyka chorwackiego\" \/>\n<meta property=\"og:description\" content=\"Zagadnienia gramatyczne j\u0119zyka chorwackiego J\u0119zyk chorwacki, j\u0119zyk po\u0142udniowos\u0142owia\u0144ski, jest j\u0119zykiem urz\u0119dowym Chorwacji i jednym z j\u0119zyk\u00f3w urz\u0119dowych\" \/>\n<meta property=\"og:url\" content=\"https:\/\/talkpal.ai\/pl\/cwiczenia-gramatyczne-z-jezyka-chorwackiego\/\" \/>\n<meta property=\"og:site_name\" content=\"Talkpal\" \/>\n<meta property=\"article:publisher\" content=\"https:\/\/www.facebook.com\/profile.php?id=100090733639311\" \/>\n<meta property=\"article:modified_time\" content=\"2025-12-17T16:25:58+00:00\" \/>\n<meta property=\"og:image\" content=\"https:\/\/talkpal.ai\/wp-content\/uploads\/2023\/05\/croatia.png\" \/>\n\t<meta property=\"og:image:width\" content=\"512\" \/>\n\t<meta property=\"og:image:height\" content=\"512\" \/>\n\t<meta property=\"og:image:type\" content=\"image\/png\" \/>\n<meta name=\"twitter:card\" content=\"summary_large_image\" \/>\n<meta name=\"twitter:site\" content=\"@talkpalai\" \/>\n<meta name=\"twitter:label1\" content=\"Szacowany czas czytania\" \/>\n\t<meta name=\"twitter:data1\" content=\"3 minuty\" \/>\n<script type=\"application\/ld+json\" class=\"yoast-schema-graph\">{\"@context\":\"https:\/\/schema.org\",\"@graph\":[{\"@type\":\"WebPage\",\"@id\":\"https:\/\/talkpal.ai\/pl\/cwiczenia-gramatyczne-z-jezyka-chorwackiego\/\",\"url\":\"https:\/\/talkpal.ai\/pl\/cwiczenia-gramatyczne-z-jezyka-chorwackiego\/\",\"name\":\"\u0106wiczenia gramatyczne z j\u0119zyka chorwackiego - Talkpal\",\"isPartOf\":{\"@id\":\"https:\/\/talkpal.ai\/pl\/#website\"},\"primaryImageOfPage\":{\"@id\":\"https:\/\/talkpal.ai\/pl\/cwiczenia-gramatyczne-z-jezyka-chorwackiego\/#primaryimage\"},\"image\":{\"@id\":\"https:\/\/talkpal.ai\/pl\/cwiczenia-gramatyczne-z-jezyka-chorwackiego\/#primaryimage\"},\"thumbnailUrl\":\"https:\/\/talkpal.ai\/wp-content\/uploads\/2023\/05\/croatia.png\",\"datePublished\":\"2023-06-16T13:02:09+00:00\",\"dateModified\":\"2025-12-17T16:25:58+00:00\",\"description\":\"Opanuj j\u0119zyk chorwacki dzi\u0119ki skutecznym \u0107wiczeniom gramatycznym, kt\u00f3re upraszczaj\u0105 nauk\u0119 czas\u00f3w, czasownik\u00f3w i rzeczownik\u00f3w.\",\"breadcrumb\":{\"@id\":\"https:\/\/talkpal.ai\/pl\/cwiczenia-gramatyczne-z-jezyka-chorwackiego\/#breadcrumb\"},\"inLanguage\":\"pl-PL\",\"potentialAction\":[{\"@type\":\"ReadAction\",\"target\":[\"https:\/\/talkpal.ai\/pl\/cwiczenia-gramatyczne-z-jezyka-chorwackiego\/\"]}]},{\"@type\":\"ImageObject\",\"inLanguage\":\"pl-PL\",\"@id\":\"https:\/\/talkpal.ai\/pl\/cwiczenia-gramatyczne-z-jezyka-chorwackiego\/#primaryimage\",\"url\":\"https:\/\/talkpal.ai\/wp-content\/uploads\/2023\/05\/croatia.png\",\"contentUrl\":\"https:\/\/talkpal.ai\/wp-content\/uploads\/2023\/05\/croatia.png\",\"width\":512,\"height\":512},{\"@type\":\"BreadcrumbList\",\"@id\":\"https:\/\/talkpal.ai\/pl\/cwiczenia-gramatyczne-z-jezyka-chorwackiego\/#breadcrumb\",\"itemListElement\":[{\"@type\":\"ListItem\",\"position\":1,\"name\":\"Homepage\",\"item\":\"https:\/\/talkpal.ai\/pl\/\"},{\"@type\":\"ListItem\",\"position\":2,\"name\":\"\u0106wiczenia gramatyczne z j\u0119zyka chorwackiego\"}]},{\"@type\":\"WebSite\",\"@id\":\"https:\/\/talkpal.ai\/pl\/#website\",\"url\":\"https:\/\/talkpal.ai\/pl\/\",\"name\":\"Talkpal\",\"description\":\"AI Language Learning\",\"publisher\":{\"@id\":\"https:\/\/talkpal.ai\/pl\/#organization\"},\"alternateName\":\"Talkpal AI\",\"potentialAction\":[{\"@type\":\"SearchAction\",\"target\":{\"@type\":\"EntryPoint\",\"urlTemplate\":\"https:\/\/talkpal.ai\/pl\/?s={search_term_string}\"},\"query-input\":{\"@type\":\"PropertyValueSpecification\",\"valueRequired\":true,\"valueName\":\"search_term_string\"}}],\"inLanguage\":\"pl-PL\"},{\"@type\":\"Organization\",\"@id\":\"https:\/\/talkpal.ai\/pl\/#organization\",\"name\":\"Talkpal, Inc.\",\"alternateName\":\"Talkpal AI\",\"url\":\"https:\/\/talkpal.ai\/pl\/\",\"logo\":{\"@type\":\"ImageObject\",\"inLanguage\":\"pl-PL\",\"@id\":\"https:\/\/talkpal.ai\/pl\/#\/schema\/logo\/image\/\",\"url\":\"https:\/\/talkpal.ai\/wp-content\/uploads\/2024\/03\/Talkpal-Logo-Icon.png\",\"contentUrl\":\"https:\/\/talkpal.ai\/wp-content\/uploads\/2024\/03\/Talkpal-Logo-Icon.png\",\"width\":2880,\"height\":2880,\"caption\":\"Talkpal, Inc.\"},\"image\":{\"@id\":\"https:\/\/talkpal.ai\/pl\/#\/schema\/logo\/image\/\"},\"sameAs\":[\"https:\/\/www.facebook.com\/profile.php?id=100090733639311\",\"https:\/\/x.com\/talkpalai\",\"https:\/\/www.linkedin.com\/company\/talkpal\/\",\"https:\/\/www.youtube.com\/@TalkPal\/\",\"https:\/\/www.tiktok.com\/@talkpal\",\"https:\/\/www.instagram.com\/talkpal_ai\/\",\"https:\/\/www.crunchbase.com\/organization\/talkpal-9cde\",\"https:\/\/www.g2.com\/products\/talkpal-for-business\/\",\"https:\/\/www.trustpilot.com\/review\/talkpal.ai\",\"https:\/\/www.capterra.com\/p\/10006800\/TalkPal\/\"],\"description\":\"Talkpal is a language learning web and mobile education app, powered by the latest AI technologies, that provides engaging experiences to its customers in many different languages to help them improve their language skills. Users can chat about unlimited amount of topics with the app and use other modes to practice their language learning.\",\"email\":\"support@talkpal.ai\",\"legalName\":\"Talkpal, Inc.\",\"foundingDate\":\"2023-04-03\",\"duns\":\"118989042\",\"numberOfEmployees\":{\"@type\":\"QuantitativeValue\",\"minValue\":\"11\",\"maxValue\":\"50\"},\"publishingPrinciples\":\"https:\/\/talkpal.ai\/publishing-principles\/\",\"actionableFeedbackPolicy\":\"https:\/\/talkpal.ai\/actionable-feedback-policy\/\",\"correctionsPolicy\":\"https:\/\/talkpal.ai\/corrections-policy\/\",\"ethicsPolicy\":\"https:\/\/talkpal.ai\/ethics-policy\/\",\"diversityPolicy\":\"https:\/\/talkpal.ai\/diversity-policy\/\",\"diversityStaffingReport\":\"https:\/\/talkpal.ai\/diversity-policy\/\"}]}<\/script>\n<!-- \/ Yoast SEO Premium plugin. -->","yoast_head_json":{"title":"\u0106wiczenia gramatyczne z j\u0119zyka chorwackiego - Talkpal","description":"Opanuj j\u0119zyk chorwacki dzi\u0119ki skutecznym \u0107wiczeniom gramatycznym, kt\u00f3re upraszczaj\u0105 nauk\u0119 czas\u00f3w, czasownik\u00f3w i rzeczownik\u00f3w.","robots":{"index":"index","follow":"follow","max-snippet":"max-snippet:-1","max-image-preview":"max-image-preview:large","max-video-preview":"max-video-preview:-1"},"canonical":"https:\/\/talkpal.ai\/pl\/cwiczenia-gramatyczne-z-jezyka-chorwackiego\/","og_locale":"pl_PL","og_type":"article","og_title":"\u0106wiczenia gramatyczne z j\u0119zyka chorwackiego","og_description":"Zagadnienia gramatyczne j\u0119zyka chorwackiego J\u0119zyk chorwacki, j\u0119zyk po\u0142udniowos\u0142owia\u0144ski, jest j\u0119zykiem urz\u0119dowym Chorwacji i jednym z j\u0119zyk\u00f3w urz\u0119dowych","og_url":"https:\/\/talkpal.ai\/pl\/cwiczenia-gramatyczne-z-jezyka-chorwackiego\/","og_site_name":"Talkpal","article_publisher":"https:\/\/www.facebook.com\/profile.php?id=100090733639311","article_modified_time":"2025-12-17T16:25:58+00:00","og_image":[{"width":512,"height":512,"url":"https:\/\/talkpal.ai\/wp-content\/uploads\/2023\/05\/croatia.png","type":"image\/png"}],"twitter_card":"summary_large_image","twitter_site":"@talkpalai","twitter_misc":{"Szacowany czas czytania":"3 minuty"},"schema":{"@context":"https:\/\/schema.org","@graph":[{"@type":"WebPage","@id":"https:\/\/talkpal.ai\/pl\/cwiczenia-gramatyczne-z-jezyka-chorwackiego\/","url":"https:\/\/talkpal.ai\/pl\/cwiczenia-gramatyczne-z-jezyka-chorwackiego\/","name":"\u0106wiczenia gramatyczne z j\u0119zyka chorwackiego - Talkpal","isPartOf":{"@id":"https:\/\/talkpal.ai\/pl\/#website"},"primaryImageOfPage":{"@id":"https:\/\/talkpal.ai\/pl\/cwiczenia-gramatyczne-z-jezyka-chorwackiego\/#primaryimage"},"image":{"@id":"https:\/\/talkpal.ai\/pl\/cwiczenia-gramatyczne-z-jezyka-chorwackiego\/#primaryimage"},"thumbnailUrl":"https:\/\/talkpal.ai\/wp-content\/uploads\/2023\/05\/croatia.png","datePublished":"2023-06-16T13:02:09+00:00","dateModified":"2025-12-17T16:25:58+00:00","description":"Opanuj j\u0119zyk chorwacki dzi\u0119ki skutecznym \u0107wiczeniom gramatycznym, kt\u00f3re upraszczaj\u0105 nauk\u0119 czas\u00f3w, czasownik\u00f3w i rzeczownik\u00f3w.","breadcrumb":{"@id":"https:\/\/talkpal.ai\/pl\/cwiczenia-gramatyczne-z-jezyka-chorwackiego\/#breadcrumb"},"inLanguage":"pl-PL","potentialAction":[{"@type":"ReadAction","target":["https:\/\/talkpal.ai\/pl\/cwiczenia-gramatyczne-z-jezyka-chorwackiego\/"]}]},{"@type":"ImageObject","inLanguage":"pl-PL","@id":"https:\/\/talkpal.ai\/pl\/cwiczenia-gramatyczne-z-jezyka-chorwackiego\/#primaryimage","url":"https:\/\/talkpal.ai\/wp-content\/uploads\/2023\/05\/croatia.png","contentUrl":"https:\/\/talkpal.ai\/wp-content\/uploads\/2023\/05\/croatia.png","width":512,"height":512},{"@type":"BreadcrumbList","@id":"https:\/\/talkpal.ai\/pl\/cwiczenia-gramatyczne-z-jezyka-chorwackiego\/#breadcrumb","itemListElement":[{"@type":"ListItem","position":1,"name":"Homepage","item":"https:\/\/talkpal.ai\/pl\/"},{"@type":"ListItem","position":2,"name":"\u0106wiczenia gramatyczne z j\u0119zyka chorwackiego"}]},{"@type":"WebSite","@id":"https:\/\/talkpal.ai\/pl\/#website","url":"https:\/\/talkpal.ai\/pl\/","name":"Talkpal","description":"AI Language Learning","publisher":{"@id":"https:\/\/talkpal.ai\/pl\/#organization"},"alternateName":"Talkpal AI","potentialAction":[{"@type":"SearchAction","target":{"@type":"EntryPoint","urlTemplate":"https:\/\/talkpal.ai\/pl\/?s={search_term_string}"},"query-input":{"@type":"PropertyValueSpecification","valueRequired":true,"valueName":"search_term_string"}}],"inLanguage":"pl-PL"},{"@type":"Organization","@id":"https:\/\/talkpal.ai\/pl\/#organization","name":"Talkpal, Inc.","alternateName":"Talkpal AI","url":"https:\/\/talkpal.ai\/pl\/","logo":{"@type":"ImageObject","inLanguage":"pl-PL","@id":"https:\/\/talkpal.ai\/pl\/#\/schema\/logo\/image\/","url":"https:\/\/talkpal.ai\/wp-content\/uploads\/2024\/03\/Talkpal-Logo-Icon.png","contentUrl":"https:\/\/talkpal.ai\/wp-content\/uploads\/2024\/03\/Talkpal-Logo-Icon.png","width":2880,"height":2880,"caption":"Talkpal, Inc."},"image":{"@id":"https:\/\/talkpal.ai\/pl\/#\/schema\/logo\/image\/"},"sameAs":["https:\/\/www.facebook.com\/profile.php?id=100090733639311","https:\/\/x.com\/talkpalai","https:\/\/www.linkedin.com\/company\/talkpal\/","https:\/\/www.youtube.com\/@TalkPal\/","https:\/\/www.tiktok.com\/@talkpal","https:\/\/www.instagram.com\/talkpal_ai\/","https:\/\/www.crunchbase.com\/organization\/talkpal-9cde","https:\/\/www.g2.com\/products\/talkpal-for-business\/","https:\/\/www.trustpilot.com\/review\/talkpal.ai","https:\/\/www.capterra.com\/p\/10006800\/TalkPal\/"],"description":"Talkpal is a language learning web and mobile education app, powered by the latest AI technologies, that provides engaging experiences to its customers in many different languages to help them improve their language skills. Users can chat about unlimited amount of topics with the app and use other modes to practice their language learning.","email":"support@talkpal.ai","legalName":"Talkpal, Inc.","foundingDate":"2023-04-03","duns":"118989042","numberOfEmployees":{"@type":"QuantitativeValue","minValue":"11","maxValue":"50"},"publishingPrinciples":"https:\/\/talkpal.ai\/publishing-principles\/","actionableFeedbackPolicy":"https:\/\/talkpal.ai\/actionable-feedback-policy\/","correctionsPolicy":"https:\/\/talkpal.ai\/corrections-policy\/","ethicsPolicy":"https:\/\/talkpal.ai\/ethics-policy\/","diversityPolicy":"https:\/\/talkpal.ai\/diversity-policy\/","diversityStaffingReport":"https:\/\/talkpal.ai\/diversity-policy\/"}]}},"_links":{"self":[{"href":"https:\/\/talkpal.ai\/pl\/wp-json\/wp\/v2\/pages\/164173","targetHints":{"allow":["GET"]}}],"collection":[{"href":"https:\/\/talkpal.ai\/pl\/wp-json\/wp\/v2\/pages"}],"about":[{"href":"https:\/\/talkpal.ai\/pl\/wp-json\/wp\/v2\/types\/page"}],"author":[{"embeddable":true,"href":"https:\/\/talkpal.ai\/pl\/wp-json\/wp\/v2\/users\/6"}],"replies":[{"embeddable":true,"href":"https:\/\/talkpal.ai\/pl\/wp-json\/wp\/v2\/comments?post=164173"}],"version-history":[{"count":0,"href":"https:\/\/talkpal.ai\/pl\/wp-json\/wp\/v2\/pages\/164173\/revisions"}],"wp:featuredmedia":[{"embeddable":true,"href":"https:\/\/talkpal.ai\/pl\/wp-json\/wp\/v2\/media\/110440"}],"wp:attachment":[{"href":"https:\/\/talkpal.ai\/pl\/wp-json\/wp\/v2\/media?parent=164173"}],"curies":[{"name":"wp","href":"https:\/\/api.w.org\/{rel}","templated":true}]}}