{"id":163819,"date":"2023-06-16T13:10:39","date_gmt":"2023-06-16T13:10:39","guid":{"rendered":"http:\/\/talkpal.ai\/cwiczenia-gramatyczne-z-jezyka-czeskiego\/"},"modified":"2025-12-17T16:28:10","modified_gmt":"2025-12-17T16:28:10","slug":"cwiczenia-gramatyczne-z-jezyka-czeskiego","status":"publish","type":"page","link":"https:\/\/talkpal.ai\/pl\/cwiczenia-gramatyczne-z-jezyka-czeskiego\/","title":{"rendered":"\u0106wiczenia gramatyczne z j\u0119zyka czeskiego"},"content":{"rendered":"\r\n\r\n\r\n<section class=\"languageChallengeSection\">\r\n    <div class=\"languageInfoWrapper\">\r\n        \r\n        <h1>\u0106wiczenia gramatyczne z j\u0119zyka czeskiego<\/h1>\r\n        <p>Gotowy, by poprawi\u0107 swoje czeskie umiej\u0119tno\u015bci? \u0106wiczenie gramatyki to doskona\u0142y spos\u00f3b na opanowanie struktury zda\u0144, ko\u0144c\u00f3wek czasownik\u00f3w i charakterystycznych wzorc\u00f3w j\u0119zyka czeskiego. Zacznij pracowa\u0107 nad czesk\u0105 gramatyk\u0105 ju\u017c dzi\u015b i obserwuj, jak twoja pewno\u015b\u0107 siebie i p\u0142ynno\u015b\u0107 rosn\u0105 z ka\u017cdym \u0107wiczeniem!\n\n<\/p>\r\n\r\n                            <a class=\"getStartedHidden\" href=\"https:\/\/app.talkpal.ai\/pl\/signup?lng=\">Zaczynaj<\/a>\r\n        \r\n    <\/div>\r\n\r\n    <figure>\r\n    <img decoding=\"async\" width=\"768\" height=\"768\" src=\"https:\/\/talkpal.ai\/wp-content\/uploads\/2023\/06\/Czech-768x768.png\" class=\"languageImage no-lazy\" alt=\"Language learning for intellectual development\" fetchpriority=\"high\" sizes=\"(max-width: 768px) 150px, 768px\" srcset=\"https:\/\/talkpal.ai\/wp-content\/uploads\/2023\/06\/Czech-768x768.png 768w, https:\/\/talkpal.ai\/wp-content\/uploads\/2023\/06\/Czech-300x300.png 300w\" \/>\r\n    \r\n\r\n    <\/figure>\r\n\r\n            <a class=\"getStartedVisible\" href=\"https:\/\/app.talkpal.ai\/pl\/signup?lng=\">Zaczynaj<\/a>\r\n    \r\n<\/section>\r\n\r\n\r\n<!-- <section class=\"grammarSection\">\r\n    <div class=\"grammarLinks\">\r\n            <\/div>\r\n<\/section> -->\r\n\r\n\r\n\r\n\r\n<section class=\"promotionalBanner\">\r\n    <p class=\"promotionalText\">Najbardziej efektywny spos\u00f3b nauki j\u0119zyka<\/p>\r\n    <a class=\"promotionalLink\" href=\"https:\/\/app.talkpal.ai\/pl\/signup?lng=\">Wypr\u00f3buj Talkpal za darmo<\/a>\r\n<\/section>\n<div class=\"wp-block-group pageContainerStyle\"><div class=\"wp-block-group__inner-container is-layout-constrained wp-block-group-is-layout-constrained\">\n<h2 class=\"wp-block-heading\" id=\"h-czech-grammar-topics\">Zagadnienia gramatyczne j\u0119zyka czeskiego<\/h2>\n\n\n\n<p>Nauka nowego j\u0119zyka mo\u017ce by\u0107 ekscytuj\u0105cym i wzbogacaj\u0105cym do\u015bwiadczeniem, a j\u0119zyk <a href=\"https:\/\/talkpal.ai\/learn-czech\/\">czeski<\/a> nie jest wyj\u0105tkiem. Dzi\u0119ki swojej bogatej historii i niepowtarzalnemu s\u0142owia\u0144skiemu urokowi j\u0119zyk czeski oferuje ucz\u0105cym si\u0119 bram\u0119 do serca Europy \u015arodkowej. Aby w pe\u0142ni wykorzysta\u0107 swoj\u0105 przygod\u0119 z j\u0119zykiem czeskim, niezb\u0119dne jest zrozumienie i opanowanie gramatyki, kt\u00f3ra jest podstaw\u0105 ka\u017cdego j\u0119zyka. Od czas\u00f3w i czasownik\u00f3w po przymiotniki i przyimki, znajomo\u015b\u0107 tych zagadnie\u0144 gramatycznych pomo\u017ce Ci skutecznie i pewnie komunikowa\u0107 si\u0119. W tym przewodniku przeprowadzimy Ci\u0119 przez najwa\u017cniejsze zagadnienia gramatyki czeskiej, zebrane w kolejno\u015bci, kt\u00f3ra u\u0142atwi Ci nauk\u0119 i zrozumienie j\u0119zyka.<\/p>\n\n\n\n<h3 class=\"wp-block-heading\" id=\"h-1-nouns\">1. Rzeczowniki:<\/h3>\n\n\n\n<p>Rozpocznij nauk\u0119 od czeskich rzeczownik\u00f3w, poniewa\u017c s\u0105 one podstaw\u0105 j\u0119zyka. Czeskie rzeczowniki maj\u0105 trzy rodzaje (m\u0119ski, \u017ce\u0144ski i nijaki) i siedem przypadk\u00f3w (mianownik, dope\u0142niacz, celownik, zbieranik, wo\u0142acz, miejscownik i narz\u0119dnik). Zrozumienie p\u0142ci i systemu przypadk\u00f3w jest kluczowe dla prawid\u0142owego formu\u0142owania zda\u0144.<\/p>\n\n\n\n<h3 class=\"wp-block-heading\" id=\"h-2-articles\">2. Artyku\u0142y:<\/h3>\n\n\n\n<p>w j\u0119zyku czeskim nie ma rodzajnik\u00f3w nieokre\u015blonych (a, an), a rodzajnik okre\u015blony (the) jest u\u017cywany tylko w niekt\u00f3rych szczeg\u00f3lnych sytuacjach. Dowiedz si\u0119, kiedy i jak u\u017cywa\u0107 rodzajnika okre\u015blonego, aby lepiej zrozumie\u0107 gramatyk\u0119 czesk\u0105.<\/p>\n\n\n\n<h3 class=\"wp-block-heading\" id=\"h-3-pronouns-determiners\">3. Zaimki\/okre\u015blniki:<\/h3>\n\n\n\n<p>Zaimki zast\u0119puj\u0105 rzeczowniki w zdaniach, podczas gdy okre\u015blniki okre\u015blaj\u0105 lub modyfikuj\u0105 rzeczowniki. Zapoznaj si\u0119 z czeskimi zaimkami osobowymi, dzier\u017cawczymi, wskazuj\u0105cymi, zwrotnymi i pytaj\u0105cymi, a tak\u017ce okre\u015blnikami, aby tworzy\u0107 bardziej z\u0142o\u017cone zdania.<\/p>\n\n\n\n<h3 class=\"wp-block-heading\" id=\"h-4-adjectives\">4. Przymiotniki:<\/h3>\n\n\n\n<p>Przymiotniki opisuj\u0105 lub modyfikuj\u0105 rzeczowniki w j\u0119zyku czeskim. Dowiedz si\u0119, jak u\u017cywa\u0107 ich we w\u0142a\u015bciwym rodzaju, liczbie i przypadku, aby zgadza\u0107 si\u0119 z rzeczownikiem, kt\u00f3ry opisuj\u0105.<\/p>\n\n\n\n<h3 class=\"wp-block-heading\" id=\"h-5-adverbs\">5. Przys\u0142\u00f3wki:<\/h3>\n\n\n\n<p>Przys\u0142\u00f3wki modyfikuj\u0105 czasowniki, przymiotniki lub inne przys\u0142\u00f3wki. Dostarczaj\u0105 one dodatkowych informacji o akcji, takich jak spos\u00f3b, czas lub miejsce. Opanowanie czeskich przys\u0142\u00f3wk\u00f3w pomo\u017ce Ci precyzyjniej przekaza\u0107 wiadomo\u015b\u0107.<\/p>\n\n\n\n<h3 class=\"wp-block-heading\" id=\"h-6-verbs\">6. Czasowniki:<\/h3>\n\n\n\n<p>Czasowniki czeskie s\u0105 niezb\u0119dne do wyra\u017cania dzia\u0142a\u0144, wydarze\u0144 lub stan\u00f3w. <a href=\"https:\/\/talkpal.ai\/pl\/naucz-sie-malajskiego\/\">Naucz si\u0119<\/a> wzorc\u00f3w koniugacji, czas\u00f3w (przesz\u0142ych, tera\u017aniejszych i przysz\u0142ych) oraz aspekt\u00f3w (dokonanych i niedokonanych), aby skutecznie si\u0119 komunikowa\u0107.<\/p>\n\n\n\n<h3 class=\"wp-block-heading\" id=\"h-7-tense-comparison\">7. Por\u00f3wnanie czasu:<\/h3>\n\n\n\n<p>Zrozumienie r\u00f3\u017cnic i u\u017cycia czeskich czas\u00f3w (przesz\u0142y, tera\u017aniejszy i przysz\u0142y) pozwoli Ci dok\u0142adnie wyrazi\u0107 swoje my\u015bli i unikn\u0105\u0107 nieporozumie\u0144.<\/p>\n\n\n\n<h3 class=\"wp-block-heading\" id=\"h-8-progressive-and-perfect-progressive\">8. Progresywny i doskona\u0142y progresywny:<\/h3>\n\n\n\n<p>J\u0119zyk czeski nie ma bezpo\u015brednich odpowiednik\u00f3w dla angielskiego czasu progresywnego i dokonanego czasu progresywnego. Zamiast tego j\u0119zyk u\u017cywa r\u00f3\u017cnych aspekt\u00f3w czasownik\u00f3w (dokonanych i niedokonanych) oraz konstrukcji, aby przekaza\u0107 podobne znaczenia. Dowiedz si\u0119, jak tworzy\u0107 i u\u017cywa\u0107 tych konstrukcji do wyra\u017cania trwaj\u0105cych lub zako\u0144czonych dzia\u0142a\u0144.<\/p>\n\n\n\n<h3 class=\"wp-block-heading\" id=\"h-9-conditionals\">9. Warunki szczeg\u00f3\u0142owe:<\/h3>\n\n\n\n<p>Instrukcje warunkowe s\u0142u\u017c\u0105 do wyra\u017cania hipotetycznych sytuacji lub warunk\u00f3w. Opanuj czeskie formy warunkowe, aby omawia\u0107 mo\u017cliwo\u015bci i przewidywa\u0107.<\/p>\n\n\n\n<h3 class=\"wp-block-heading\" id=\"h-10-prepositions\">10. Przyimki:<\/h3>\n\n\n\n<p>Przyimki s\u0142u\u017c\u0105 do wskazywania relacji mi\u0119dzy s\u0142owami, takich jak lokalizacja, kierunek, czas lub przyczyna. Prawid\u0142owa nauka i u\u017cywanie czeskich przyimk\u00f3w pomo\u017ce Ci konstruowa\u0107 jasne i sensowne zdania.<\/p>\n\n\n\n<h3 class=\"wp-block-heading\" id=\"h-11-sentences\">11. Zdania:<\/h3>\n\n\n\n<p>Na koniec po\u0107wicz tworzenie czeskich zda\u0144, \u0142\u0105cz\u0105c elementy gramatyczne, kt\u00f3rych si\u0119 nauczy\u0142e\u015b. Skoncentruj si\u0119 na tworzeniu zda\u0144 prostych, z\u0142o\u017conych, z\u0142o\u017conych i z\u0142o\u017conych, aby poprawi\u0107 p\u0142ynno\u015b\u0107 i umiej\u0119tno\u015bci komunikacyjne w j\u0119zyku czeskim.<\/p>\n<\/div><\/div>\n\r\n<section class=\"learnNavigationSection\">\r\n            \r\n        <a href=\"https:\/\/talkpal.ai\/pl\/naucz-sie-czeskiego\/\">\r\n            <div class=\"learnNavigationWrapper\">\r\n                <div class=\"learnNavigationContent\">\r\n                    <img decoding=\"async\" src=\"https:\/\/talkpal.ai\/wp-content\/uploads\/2024\/08\/Czech.jpg\" alt=\"Czech Flag\">\r\n                    <div>\r\n                        <h4>O czeskim uczeniu si\u0119<\/h4>\r\n                        <p>Dowiedz si\u0119 wszystkiego o gramatyce czeskiej .<\/p>\r\n                    <\/div>\r\n                <\/div>\r\n            <\/div>\r\n        <\/a>\r\n\r\n        \r\n        <a href=\"https:\/\/talkpal.ai\/pl\/gramatyka-czeska\/\">\r\n            <div class=\"learnNavigationWrapper\">\r\n                <div class=\"learnNavigationContent\">\r\n                    <img decoding=\"async\" src=\"https:\/\/talkpal.ai\/wp-content\/uploads\/2024\/08\/Czech.jpg\" alt=\"Czech Flag\">\r\n                    <div>\r\n                        <h4>Lekcje gramatyki j\u0119zyka czeskiego<\/h4>\r\n                        <p>\u0106wicz gramatyk\u0119 czesk\u0105 .<\/p>\r\n                    <\/div>\r\n                <\/div>\r\n            <\/div>\r\n        <\/a>\r\n\r\n        \r\n        <a href=\"https:\/\/talkpal.ai\/vocabulary_language\/czech\/\">\r\n            <div class=\"learnNavigationWrapper\">\r\n                <div class=\"learnNavigationContent\">\r\n                    <img decoding=\"async\" src=\"https:\/\/talkpal.ai\/wp-content\/uploads\/2024\/08\/Czech.jpg\" alt=\"Czech Flag\">\r\n                    <div>\r\n                        <h4>Czeskie s\u0142ownictwo<\/h4>\r\n                        <p>Poszerz swoje czeskie s\u0142ownictwo.<\/p>\r\n                    <\/div>\r\n                <\/div>\r\n            <\/div>\r\n        <\/a>\r\n\r\n            <\/section>","protected":false},"excerpt":{"rendered":"<p>Zagadnienia gramatyczne j\u0119zyka czeskiego Nauka nowego j\u0119zyka mo\u017ce by\u0107 ekscytuj\u0105cym i wzbogacaj\u0105cym do\u015bwiadczeniem, a j\u0119zyk czeski nie jest wyj\u0105tkiem. Dzi\u0119ki swojej bogatej historii i niepowtarzalnemu s\u0142owia\u0144skiemu urokowi j\u0119zyk czeski oferuje ucz\u0105cym si\u0119 bram\u0119 do serca Europy \u015arodkowej. Aby w pe\u0142ni wykorzysta\u0107 swoj\u0105 przygod\u0119 z j\u0119zykiem czeskim, niezb\u0119dne jest zrozumienie i opanowanie gramatyki, kt\u00f3ra jest podstaw\u0105 [&hellip;]<\/p>\n","protected":false},"author":6,"featured_media":111738,"parent":0,"menu_order":0,"comment_status":"closed","ping_status":"closed","template":"LearningContentPage.php","meta":{"_acf_changed":false,"footnotes":""},"class_list":["post-163819","page","type-page","status-publish","has-post-thumbnail","hentry"],"acf":[],"yoast_head":"<!-- This site is optimized with the Yoast SEO Premium plugin v27.2 (Yoast SEO v27.2) - https:\/\/yoast.com\/product\/yoast-seo-premium-wordpress\/ -->\n<title>\u0106wiczenia gramatyczne z j\u0119zyka czeskiego - Talkpal<\/title>\n<meta name=\"description\" content=\"Odkryj sekrety j\u0119zyka czeskiego dzi\u0119ki niezb\u0119dnym \u0107wiczeniom gramatycznym, kt\u00f3re pozwol\u0105 Ci na pewn\u0105 komunikacj\u0119.\" \/>\n<meta name=\"robots\" content=\"index, follow, max-snippet:-1, max-image-preview:large, max-video-preview:-1\" \/>\n<link rel=\"canonical\" href=\"https:\/\/talkpal.ai\/pl\/cwiczenia-gramatyczne-z-jezyka-czeskiego\/\" \/>\n<meta property=\"og:locale\" content=\"pl_PL\" \/>\n<meta property=\"og:type\" content=\"article\" \/>\n<meta property=\"og:title\" content=\"\u0106wiczenia gramatyczne z j\u0119zyka czeskiego\" \/>\n<meta property=\"og:description\" content=\"Zagadnienia gramatyczne j\u0119zyka czeskiego Nauka nowego j\u0119zyka mo\u017ce by\u0107 ekscytuj\u0105cym i wzbogacaj\u0105cym do\u015bwiadczeniem, a j\u0119zyk czeski nie jest wyj\u0105tkiem.\" \/>\n<meta property=\"og:url\" content=\"https:\/\/talkpal.ai\/pl\/cwiczenia-gramatyczne-z-jezyka-czeskiego\/\" \/>\n<meta property=\"og:site_name\" content=\"Talkpal\" \/>\n<meta property=\"article:publisher\" content=\"https:\/\/www.facebook.com\/profile.php?id=100090733639311\" \/>\n<meta property=\"article:modified_time\" content=\"2025-12-17T16:28:10+00:00\" \/>\n<meta property=\"og:image\" content=\"https:\/\/talkpal.ai\/wp-content\/uploads\/2023\/05\/czech-republic.png\" \/>\n\t<meta property=\"og:image:width\" content=\"512\" \/>\n\t<meta property=\"og:image:height\" content=\"512\" \/>\n\t<meta property=\"og:image:type\" content=\"image\/png\" \/>\n<meta name=\"twitter:card\" content=\"summary_large_image\" \/>\n<meta name=\"twitter:site\" content=\"@talkpalai\" \/>\n<meta name=\"twitter:label1\" content=\"Szacowany czas czytania\" \/>\n\t<meta name=\"twitter:data1\" content=\"3 minuty\" \/>\n<script type=\"application\/ld+json\" class=\"yoast-schema-graph\">{\"@context\":\"https:\/\/schema.org\",\"@graph\":[{\"@type\":\"WebPage\",\"@id\":\"https:\/\/talkpal.ai\/pl\/cwiczenia-gramatyczne-z-jezyka-czeskiego\/\",\"url\":\"https:\/\/talkpal.ai\/pl\/cwiczenia-gramatyczne-z-jezyka-czeskiego\/\",\"name\":\"\u0106wiczenia gramatyczne z j\u0119zyka czeskiego - Talkpal\",\"isPartOf\":{\"@id\":\"https:\/\/talkpal.ai\/pl\/#website\"},\"primaryImageOfPage\":{\"@id\":\"https:\/\/talkpal.ai\/pl\/cwiczenia-gramatyczne-z-jezyka-czeskiego\/#primaryimage\"},\"image\":{\"@id\":\"https:\/\/talkpal.ai\/pl\/cwiczenia-gramatyczne-z-jezyka-czeskiego\/#primaryimage\"},\"thumbnailUrl\":\"https:\/\/talkpal.ai\/wp-content\/uploads\/2023\/05\/czech-republic.png\",\"datePublished\":\"2023-06-16T13:10:39+00:00\",\"dateModified\":\"2025-12-17T16:28:10+00:00\",\"description\":\"Odkryj sekrety j\u0119zyka czeskiego dzi\u0119ki niezb\u0119dnym \u0107wiczeniom gramatycznym, kt\u00f3re pozwol\u0105 Ci na pewn\u0105 komunikacj\u0119.\",\"breadcrumb\":{\"@id\":\"https:\/\/talkpal.ai\/pl\/cwiczenia-gramatyczne-z-jezyka-czeskiego\/#breadcrumb\"},\"inLanguage\":\"pl-PL\",\"potentialAction\":[{\"@type\":\"ReadAction\",\"target\":[\"https:\/\/talkpal.ai\/pl\/cwiczenia-gramatyczne-z-jezyka-czeskiego\/\"]}]},{\"@type\":\"ImageObject\",\"inLanguage\":\"pl-PL\",\"@id\":\"https:\/\/talkpal.ai\/pl\/cwiczenia-gramatyczne-z-jezyka-czeskiego\/#primaryimage\",\"url\":\"https:\/\/talkpal.ai\/wp-content\/uploads\/2023\/05\/czech-republic.png\",\"contentUrl\":\"https:\/\/talkpal.ai\/wp-content\/uploads\/2023\/05\/czech-republic.png\",\"width\":512,\"height\":512},{\"@type\":\"BreadcrumbList\",\"@id\":\"https:\/\/talkpal.ai\/pl\/cwiczenia-gramatyczne-z-jezyka-czeskiego\/#breadcrumb\",\"itemListElement\":[{\"@type\":\"ListItem\",\"position\":1,\"name\":\"Homepage\",\"item\":\"https:\/\/talkpal.ai\/pl\/\"},{\"@type\":\"ListItem\",\"position\":2,\"name\":\"\u0106wiczenia gramatyczne z j\u0119zyka czeskiego\"}]},{\"@type\":\"WebSite\",\"@id\":\"https:\/\/talkpal.ai\/pl\/#website\",\"url\":\"https:\/\/talkpal.ai\/pl\/\",\"name\":\"Talkpal\",\"description\":\"AI Language Learning\",\"publisher\":{\"@id\":\"https:\/\/talkpal.ai\/pl\/#organization\"},\"alternateName\":\"Talkpal AI\",\"potentialAction\":[{\"@type\":\"SearchAction\",\"target\":{\"@type\":\"EntryPoint\",\"urlTemplate\":\"https:\/\/talkpal.ai\/pl\/?s={search_term_string}\"},\"query-input\":{\"@type\":\"PropertyValueSpecification\",\"valueRequired\":true,\"valueName\":\"search_term_string\"}}],\"inLanguage\":\"pl-PL\"},{\"@type\":\"Organization\",\"@id\":\"https:\/\/talkpal.ai\/pl\/#organization\",\"name\":\"Talkpal, Inc.\",\"alternateName\":\"Talkpal AI\",\"url\":\"https:\/\/talkpal.ai\/pl\/\",\"logo\":{\"@type\":\"ImageObject\",\"inLanguage\":\"pl-PL\",\"@id\":\"https:\/\/talkpal.ai\/pl\/#\/schema\/logo\/image\/\",\"url\":\"https:\/\/talkpal.ai\/wp-content\/uploads\/2024\/03\/Talkpal-Logo-Icon.png\",\"contentUrl\":\"https:\/\/talkpal.ai\/wp-content\/uploads\/2024\/03\/Talkpal-Logo-Icon.png\",\"width\":2880,\"height\":2880,\"caption\":\"Talkpal, Inc.\"},\"image\":{\"@id\":\"https:\/\/talkpal.ai\/pl\/#\/schema\/logo\/image\/\"},\"sameAs\":[\"https:\/\/www.facebook.com\/profile.php?id=100090733639311\",\"https:\/\/x.com\/talkpalai\",\"https:\/\/www.linkedin.com\/company\/talkpal\/\",\"https:\/\/www.youtube.com\/@TalkPal\/\",\"https:\/\/www.tiktok.com\/@talkpal\",\"https:\/\/www.instagram.com\/talkpal_ai\/\",\"https:\/\/www.crunchbase.com\/organization\/talkpal-9cde\",\"https:\/\/www.g2.com\/products\/talkpal-for-business\/\",\"https:\/\/www.trustpilot.com\/review\/talkpal.ai\",\"https:\/\/www.capterra.com\/p\/10006800\/TalkPal\/\"],\"description\":\"Talkpal is a language learning web and mobile education app, powered by the latest AI technologies, that provides engaging experiences to its customers in many different languages to help them improve their language skills. Users can chat about unlimited amount of topics with the app and use other modes to practice their language learning.\",\"email\":\"support@talkpal.ai\",\"legalName\":\"Talkpal, Inc.\",\"foundingDate\":\"2023-04-03\",\"duns\":\"118989042\",\"numberOfEmployees\":{\"@type\":\"QuantitativeValue\",\"minValue\":\"11\",\"maxValue\":\"50\"},\"publishingPrinciples\":\"https:\/\/talkpal.ai\/publishing-principles\/\",\"actionableFeedbackPolicy\":\"https:\/\/talkpal.ai\/actionable-feedback-policy\/\",\"correctionsPolicy\":\"https:\/\/talkpal.ai\/corrections-policy\/\",\"ethicsPolicy\":\"https:\/\/talkpal.ai\/ethics-policy\/\",\"diversityPolicy\":\"https:\/\/talkpal.ai\/diversity-policy\/\",\"diversityStaffingReport\":\"https:\/\/talkpal.ai\/diversity-policy\/\"}]}<\/script>\n<!-- \/ Yoast SEO Premium plugin. -->","yoast_head_json":{"title":"\u0106wiczenia gramatyczne z j\u0119zyka czeskiego - Talkpal","description":"Odkryj sekrety j\u0119zyka czeskiego dzi\u0119ki niezb\u0119dnym \u0107wiczeniom gramatycznym, kt\u00f3re pozwol\u0105 Ci na pewn\u0105 komunikacj\u0119.","robots":{"index":"index","follow":"follow","max-snippet":"max-snippet:-1","max-image-preview":"max-image-preview:large","max-video-preview":"max-video-preview:-1"},"canonical":"https:\/\/talkpal.ai\/pl\/cwiczenia-gramatyczne-z-jezyka-czeskiego\/","og_locale":"pl_PL","og_type":"article","og_title":"\u0106wiczenia gramatyczne z j\u0119zyka czeskiego","og_description":"Zagadnienia gramatyczne j\u0119zyka czeskiego Nauka nowego j\u0119zyka mo\u017ce by\u0107 ekscytuj\u0105cym i wzbogacaj\u0105cym do\u015bwiadczeniem, a j\u0119zyk czeski nie jest wyj\u0105tkiem.","og_url":"https:\/\/talkpal.ai\/pl\/cwiczenia-gramatyczne-z-jezyka-czeskiego\/","og_site_name":"Talkpal","article_publisher":"https:\/\/www.facebook.com\/profile.php?id=100090733639311","article_modified_time":"2025-12-17T16:28:10+00:00","og_image":[{"width":512,"height":512,"url":"https:\/\/talkpal.ai\/wp-content\/uploads\/2023\/05\/czech-republic.png","type":"image\/png"}],"twitter_card":"summary_large_image","twitter_site":"@talkpalai","twitter_misc":{"Szacowany czas czytania":"3 minuty"},"schema":{"@context":"https:\/\/schema.org","@graph":[{"@type":"WebPage","@id":"https:\/\/talkpal.ai\/pl\/cwiczenia-gramatyczne-z-jezyka-czeskiego\/","url":"https:\/\/talkpal.ai\/pl\/cwiczenia-gramatyczne-z-jezyka-czeskiego\/","name":"\u0106wiczenia gramatyczne z j\u0119zyka czeskiego - Talkpal","isPartOf":{"@id":"https:\/\/talkpal.ai\/pl\/#website"},"primaryImageOfPage":{"@id":"https:\/\/talkpal.ai\/pl\/cwiczenia-gramatyczne-z-jezyka-czeskiego\/#primaryimage"},"image":{"@id":"https:\/\/talkpal.ai\/pl\/cwiczenia-gramatyczne-z-jezyka-czeskiego\/#primaryimage"},"thumbnailUrl":"https:\/\/talkpal.ai\/wp-content\/uploads\/2023\/05\/czech-republic.png","datePublished":"2023-06-16T13:10:39+00:00","dateModified":"2025-12-17T16:28:10+00:00","description":"Odkryj sekrety j\u0119zyka czeskiego dzi\u0119ki niezb\u0119dnym \u0107wiczeniom gramatycznym, kt\u00f3re pozwol\u0105 Ci na pewn\u0105 komunikacj\u0119.","breadcrumb":{"@id":"https:\/\/talkpal.ai\/pl\/cwiczenia-gramatyczne-z-jezyka-czeskiego\/#breadcrumb"},"inLanguage":"pl-PL","potentialAction":[{"@type":"ReadAction","target":["https:\/\/talkpal.ai\/pl\/cwiczenia-gramatyczne-z-jezyka-czeskiego\/"]}]},{"@type":"ImageObject","inLanguage":"pl-PL","@id":"https:\/\/talkpal.ai\/pl\/cwiczenia-gramatyczne-z-jezyka-czeskiego\/#primaryimage","url":"https:\/\/talkpal.ai\/wp-content\/uploads\/2023\/05\/czech-republic.png","contentUrl":"https:\/\/talkpal.ai\/wp-content\/uploads\/2023\/05\/czech-republic.png","width":512,"height":512},{"@type":"BreadcrumbList","@id":"https:\/\/talkpal.ai\/pl\/cwiczenia-gramatyczne-z-jezyka-czeskiego\/#breadcrumb","itemListElement":[{"@type":"ListItem","position":1,"name":"Homepage","item":"https:\/\/talkpal.ai\/pl\/"},{"@type":"ListItem","position":2,"name":"\u0106wiczenia gramatyczne z j\u0119zyka czeskiego"}]},{"@type":"WebSite","@id":"https:\/\/talkpal.ai\/pl\/#website","url":"https:\/\/talkpal.ai\/pl\/","name":"Talkpal","description":"AI Language Learning","publisher":{"@id":"https:\/\/talkpal.ai\/pl\/#organization"},"alternateName":"Talkpal AI","potentialAction":[{"@type":"SearchAction","target":{"@type":"EntryPoint","urlTemplate":"https:\/\/talkpal.ai\/pl\/?s={search_term_string}"},"query-input":{"@type":"PropertyValueSpecification","valueRequired":true,"valueName":"search_term_string"}}],"inLanguage":"pl-PL"},{"@type":"Organization","@id":"https:\/\/talkpal.ai\/pl\/#organization","name":"Talkpal, Inc.","alternateName":"Talkpal AI","url":"https:\/\/talkpal.ai\/pl\/","logo":{"@type":"ImageObject","inLanguage":"pl-PL","@id":"https:\/\/talkpal.ai\/pl\/#\/schema\/logo\/image\/","url":"https:\/\/talkpal.ai\/wp-content\/uploads\/2024\/03\/Talkpal-Logo-Icon.png","contentUrl":"https:\/\/talkpal.ai\/wp-content\/uploads\/2024\/03\/Talkpal-Logo-Icon.png","width":2880,"height":2880,"caption":"Talkpal, Inc."},"image":{"@id":"https:\/\/talkpal.ai\/pl\/#\/schema\/logo\/image\/"},"sameAs":["https:\/\/www.facebook.com\/profile.php?id=100090733639311","https:\/\/x.com\/talkpalai","https:\/\/www.linkedin.com\/company\/talkpal\/","https:\/\/www.youtube.com\/@TalkPal\/","https:\/\/www.tiktok.com\/@talkpal","https:\/\/www.instagram.com\/talkpal_ai\/","https:\/\/www.crunchbase.com\/organization\/talkpal-9cde","https:\/\/www.g2.com\/products\/talkpal-for-business\/","https:\/\/www.trustpilot.com\/review\/talkpal.ai","https:\/\/www.capterra.com\/p\/10006800\/TalkPal\/"],"description":"Talkpal is a language learning web and mobile education app, powered by the latest AI technologies, that provides engaging experiences to its customers in many different languages to help them improve their language skills. Users can chat about unlimited amount of topics with the app and use other modes to practice their language learning.","email":"support@talkpal.ai","legalName":"Talkpal, Inc.","foundingDate":"2023-04-03","duns":"118989042","numberOfEmployees":{"@type":"QuantitativeValue","minValue":"11","maxValue":"50"},"publishingPrinciples":"https:\/\/talkpal.ai\/publishing-principles\/","actionableFeedbackPolicy":"https:\/\/talkpal.ai\/actionable-feedback-policy\/","correctionsPolicy":"https:\/\/talkpal.ai\/corrections-policy\/","ethicsPolicy":"https:\/\/talkpal.ai\/ethics-policy\/","diversityPolicy":"https:\/\/talkpal.ai\/diversity-policy\/","diversityStaffingReport":"https:\/\/talkpal.ai\/diversity-policy\/"}]}},"_links":{"self":[{"href":"https:\/\/talkpal.ai\/pl\/wp-json\/wp\/v2\/pages\/163819","targetHints":{"allow":["GET"]}}],"collection":[{"href":"https:\/\/talkpal.ai\/pl\/wp-json\/wp\/v2\/pages"}],"about":[{"href":"https:\/\/talkpal.ai\/pl\/wp-json\/wp\/v2\/types\/page"}],"author":[{"embeddable":true,"href":"https:\/\/talkpal.ai\/pl\/wp-json\/wp\/v2\/users\/6"}],"replies":[{"embeddable":true,"href":"https:\/\/talkpal.ai\/pl\/wp-json\/wp\/v2\/comments?post=163819"}],"version-history":[{"count":0,"href":"https:\/\/talkpal.ai\/pl\/wp-json\/wp\/v2\/pages\/163819\/revisions"}],"wp:featuredmedia":[{"embeddable":true,"href":"https:\/\/talkpal.ai\/pl\/wp-json\/wp\/v2\/media\/111738"}],"wp:attachment":[{"href":"https:\/\/talkpal.ai\/pl\/wp-json\/wp\/v2\/media?parent=163819"}],"curies":[{"name":"wp","href":"https:\/\/api.w.org\/{rel}","templated":true}]}}