{"id":163501,"date":"2023-06-16T13:19:10","date_gmt":"2023-06-16T13:19:10","guid":{"rendered":"http:\/\/talkpal.ai\/cwiczenia-z-gramatyki-dunskiej\/"},"modified":"2025-12-17T16:30:18","modified_gmt":"2025-12-17T16:30:18","slug":"cwiczenia-z-gramatyki-dunskiej","status":"publish","type":"page","link":"https:\/\/talkpal.ai\/pl\/cwiczenia-z-gramatyki-dunskiej\/","title":{"rendered":"\u0106wiczenia z gramatyki du\u0144skiej"},"content":{"rendered":"\r\n\r\n\r\n<section class=\"languageChallengeSection\">\r\n    <div class=\"languageInfoWrapper\">\r\n        \r\n        <h1>\u0106wiczenia z gramatyki du\u0144skiej<\/h1>\r\n        <p>Gotowy, by poprawi\u0107 sw\u00f3j <a href=\"https:\/\/talkpal.ai\/learn-danish\/\">du\u0144ski<\/a>? \u0106wiczenie gramatyki to fantastyczny spos\u00f3b na opanowanie struktury zda\u0144, koniugacji czasownik\u00f3w i specjalnych cech j\u0119zyka du\u0144skiego. Zacznij pracowa\u0107 nad du\u0144sk\u0105 gramatyk\u0105 ju\u017c dzi\u015b i obserwuj, jak twoje umiej\u0119tno\u015bci i pewno\u015b\u0107 siebie rosn\u0105 z ka\u017cdym \u0107wiczeniem!\n\n<\/p>\r\n\r\n                            <a class=\"getStartedHidden\" href=\"https:\/\/app.talkpal.ai\/pl\/signup?lng=\">Zaczynaj<\/a>\r\n        \r\n    <\/div>\r\n\r\n    <figure>\r\n    <img decoding=\"async\" width=\"768\" height=\"768\" src=\"https:\/\/talkpal.ai\/wp-content\/uploads\/2023\/06\/danish-768x768.png\" class=\"languageImage no-lazy\" alt=\"Language learning for career enhancement\" fetchpriority=\"high\" sizes=\"(max-width: 768px) 150px, 768px\" srcset=\"https:\/\/talkpal.ai\/wp-content\/uploads\/2023\/06\/danish-768x768.png 768w, https:\/\/talkpal.ai\/wp-content\/uploads\/2023\/06\/danish-300x300.png 300w\" \/>\r\n    \r\n\r\n    <\/figure>\r\n\r\n            <a class=\"getStartedVisible\" href=\"https:\/\/app.talkpal.ai\/pl\/signup?lng=\">Zaczynaj<\/a>\r\n    \r\n<\/section>\r\n\r\n\r\n<!-- <section class=\"grammarSection\">\r\n    <div class=\"grammarLinks\">\r\n            <\/div>\r\n<\/section> -->\r\n\r\n\r\n\r\n\r\n<section class=\"promotionalBanner\">\r\n    <p class=\"promotionalText\">Najbardziej efektywny spos\u00f3b nauki j\u0119zyka<\/p>\r\n    <a class=\"promotionalLink\" href=\"https:\/\/app.talkpal.ai\/pl\/signup?lng=\">Wypr\u00f3buj Talkpal za darmo<\/a>\r\n<\/section>\n<div class=\"wp-block-group pageContainerStyle\"><div class=\"wp-block-group__inner-container is-layout-constrained wp-block-group-is-layout-constrained\">\n<h2 class=\"wp-block-heading\" id=\"h-danish-grammar-topics\">Zagadnienia gramatyczne w j\u0119zyku du\u0144skim<\/h2>\n\n\n\n<p><a href=\"https:\/\/talkpal.ai\/pl\/jak-uczyc-sie-jezyka-za-posrednictwem-czatu-talkpal\/\">Nauka j\u0119zyka<\/a> du\u0144skiego mo\u017ce by\u0107 satysfakcjonuj\u0105cym i przyjemnym do\u015bwiadczeniem dla os\u00f3b zainteresowanych odkrywaniem bogatej kultury i historii Danii. Jako j\u0119zyk p\u00f3\u0142nocnogerma\u0144ski, du\u0144ski ma wiele podobie\u0144stw z innymi j\u0119zykami skandynawskimi, takimi jak <a href=\"https:\/\/talkpal.ai\/learn-swedish\/\">szwedzki<\/a> i <a href=\"https:\/\/talkpal.ai\/learn-norwegian\/\">norweski<\/a>. Opanowuj\u0105c j\u0119zyk du\u0144ski, otwierasz mo\u017cliwo\u015bci nawi\u0105zywania kontakt\u00f3w z native speakerami, cieszenia si\u0119 du\u0144sk\u0105 literatur\u0105 i pog\u0142\u0119biania zrozumienia du\u0144skiego spo\u0142ecze\u0144stwa. Aby osi\u0105gn\u0105\u0107 bieg\u0142o\u015b\u0107 w j\u0119zyku du\u0144skim, konieczne jest zapoznanie si\u0119 z r\u00f3\u017cnymi zagadnieniami gramatycznymi, kt\u00f3re s\u0105 budulcem j\u0119zyka. W tym przewodniku przyjrzymy si\u0119 kolejno\u015bci, kt\u00f3r\u0105 nale\u017cy przestrzega\u0107 w nauce gramatyki du\u0144skiej, obejmuj\u0105c takie tematy, jak czasy, czasowniki, rzeczowniki i inne.<\/p>\n\n\n\n<h3 class=\"wp-block-heading\" id=\"h-1-nouns-articles-and-pronouns-determiners\">1. Rzeczowniki, rodzajniki i zaimki\/okre\u015blniki:<\/h3>\n\n\n\n<p>Zacznij od poznania podstaw du\u0144skich rzeczownik\u00f3w, w tym ich rodzaju i liczby. Zapoznaj si\u0119 z rodzajnikami okre\u015blonymi i nieokre\u015blonymi, a tak\u017ce r\u00f3\u017cnymi typami zaimk\u00f3w i okre\u015blnikami. Pomo\u017ce Ci to zbudowa\u0107 solidn\u0105 podstaw\u0119 do tworzenia prostych zda\u0144.<\/p>\n\n\n\n<h3 class=\"wp-block-heading\" id=\"h-2-adjectives-and-adverbs\">2. Przymiotniki i przys\u0142\u00f3wki:<\/h3>\n\n\n\n<p>Po zrozumieniu podstaw rzeczownik\u00f3w i zaimk\u00f3w przejd\u017a do przymiotnik\u00f3w i przys\u0142\u00f3wk\u00f3w. Dowiedz si\u0119, jak opisywa\u0107 rzeczowniki z odpowiedni\u0105 zgodno\u015bci\u0105 przymiotnik\u00f3w i u\u017cywa\u0107 przys\u0142\u00f3wk\u00f3w do modyfikowania czasownik\u00f3w, przymiotnik\u00f3w i innych przys\u0142\u00f3wk\u00f3w.<\/p>\n\n\n\n<h3 class=\"wp-block-heading\" id=\"h-3-verbs-and-tenses\">3. Czasowniki i czasy:<\/h3>\n\n\n\n<p>Opanuj koniugacj\u0119 czasownik\u00f3w regularnych i nieregularnych w czasie tera\u017aniejszym, przesz\u0142ym i przysz\u0142ym. Zrozumienie por\u00f3wnania czas\u00f3w pomo\u017ce Ci wyrazi\u0107 dzia\u0142ania lub zdarzenia, kt\u00f3re maj\u0105 miejsce w r\u00f3\u017cnym czasie.<\/p>\n\n\n\n<h3 class=\"wp-block-heading\" id=\"h-4-progressive-and-perfect-progressive\">4. Progresywny i doskona\u0142y progresywny:<\/h3>\n\n\n\n<p>Te aspekty gramatyki du\u0144skiej pozwalaj\u0105 na opisanie trwaj\u0105cych dzia\u0142a\u0144 lub zdarze\u0144 oraz dzia\u0142a\u0144, kt\u00f3re zosta\u0142y zako\u0144czone, ale s\u0105 <a href=\"https:\/\/talkpal.ai\/talkpal-christmas-discount\/\">nadal<\/a> istotne. <a href=\"https:\/\/talkpal.ai\/pl\/naucz-sie-malajskiego\/\">Naucz si\u0119<\/a> odpowiednich form czasownik\u00f3w i czasownik\u00f3w posi\u0142kowych u\u017cywanych w czasie progresywnym i dokonanym.<\/p>\n\n\n\n<h3 class=\"wp-block-heading\" id=\"h-5-prepositions\">5. Przyimki:<\/h3>\n\n\n\n<p>Przestudiuj u\u017cycie przyimk\u00f3w do wyra\u017cania relacji mi\u0119dzy s\u0142owami, takich jak lokalizacja, kierunek, czas i przyczyna.<\/p>\n\n\n\n<h3 class=\"wp-block-heading\" id=\"h-6-sentences\">6. Zdania:<\/h3>\n\n\n\n<p>Naucz si\u0119 konstruowa\u0107 proste i z\u0142o\u017cone zdania przy u\u017cyciu prawid\u0142owego szyku wyraz\u00f3w, co jest niezb\u0119dne do jasnej i skutecznej komunikacji w j\u0119zyku du\u0144skim.<\/p>\n\n\n\n<h3 class=\"wp-block-heading\" id=\"h-7-conditionals\">7. Warunki warunkowe:<\/h3>\n\n\n\n<p>Na koniec zapoznaj si\u0119 z r\u00f3\u017cnymi rodzajami instrukcji warunkowych u\u017cywanych w j\u0119zyku du\u0144skim do wyra\u017cania hipotetycznych sytuacji i ich konsekwencji.<\/p>\n\n\n\n<p>Post\u0119puj\u0105c zgodnie z t\u0105 sekwencj\u0105, mo\u017cesz systematycznie budowa\u0107 swoj\u0105 wiedz\u0119 z zakresu gramatyki du\u0144skiej i rozwija\u0107 umiej\u0119tno\u015bci niezb\u0119dne do skutecznego komunikowania si\u0119 w tym j\u0119zyku. Pami\u0119taj, aby regularnie \u0107wiczy\u0107 i zanurza\u0107 si\u0119 w j\u0119zyku tak bardzo, jak to mo\u017cliwe, aby osi\u0105gn\u0105\u0107 najlepsze rezultaty.<\/p>\n<\/div><\/div>\n\r\n<section class=\"learnNavigationSection\">\r\n            \r\n        <a href=\"https:\/\/talkpal.ai\/pl\/naucz-sie-dunskiego\/\">\r\n            <div class=\"learnNavigationWrapper\">\r\n                <div class=\"learnNavigationContent\">\r\n                    <img decoding=\"async\" src=\"https:\/\/talkpal.ai\/wp-content\/uploads\/2024\/08\/Danish.jpg\" alt=\"Danish Flag\">\r\n                    <div>\r\n                        <h4>O du\u0144skiej nauce<\/h4>\r\n                        <p>Dowiedz si\u0119 wszystkiego o gramatyce du\u0144skiej.<\/p>\r\n                    <\/div>\r\n                <\/div>\r\n            <\/div>\r\n        <\/a>\r\n\r\n        \r\n        <a href=\"https:\/\/talkpal.ai\/pl\/gramatyka-dunska\/\">\r\n            <div class=\"learnNavigationWrapper\">\r\n                <div class=\"learnNavigationContent\">\r\n                    <img decoding=\"async\" src=\"https:\/\/talkpal.ai\/wp-content\/uploads\/2024\/08\/Danish.jpg\" alt=\"Danish Flag\">\r\n                    <div>\r\n                        <h4>Lekcje gramatyki du\u0144skiej<\/h4>\r\n                        <p>\u0106wicz gramatyk\u0119 du\u0144sk\u0105.<\/p>\r\n                    <\/div>\r\n                <\/div>\r\n            <\/div>\r\n        <\/a>\r\n\r\n        \r\n        <a href=\"https:\/\/talkpal.ai\/vocabulary_language\/danish\/\">\r\n            <div class=\"learnNavigationWrapper\">\r\n                <div class=\"learnNavigationContent\">\r\n                    <img decoding=\"async\" src=\"https:\/\/talkpal.ai\/wp-content\/uploads\/2024\/08\/Danish.jpg\" alt=\"Danish Flag\">\r\n                    <div>\r\n                        <h4>Du\u0144skie s\u0142ownictwo<\/h4>\r\n                        <p>Poszerz swoje du\u0144skie s\u0142ownictwo.<\/p>\r\n                    <\/div>\r\n                <\/div>\r\n            <\/div>\r\n        <\/a>\r\n\r\n            <\/section>","protected":false},"excerpt":{"rendered":"<p>Zagadnienia gramatyczne w j\u0119zyku du\u0144skim Nauka j\u0119zyka du\u0144skiego mo\u017ce by\u0107 satysfakcjonuj\u0105cym i przyjemnym do\u015bwiadczeniem dla os\u00f3b zainteresowanych odkrywaniem bogatej kultury i historii Danii. Jako j\u0119zyk p\u00f3\u0142nocnogerma\u0144ski, du\u0144ski ma wiele podobie\u0144stw z innymi j\u0119zykami skandynawskimi, takimi jak szwedzki i norweski. Opanowuj\u0105c j\u0119zyk du\u0144ski, otwierasz mo\u017cliwo\u015bci nawi\u0105zywania kontakt\u00f3w z native speakerami, cieszenia si\u0119 du\u0144sk\u0105 literatur\u0105 i pog\u0142\u0119biania [&hellip;]<\/p>\n","protected":false},"author":6,"featured_media":110911,"parent":0,"menu_order":0,"comment_status":"closed","ping_status":"closed","template":"LearningContentPage.php","meta":{"_acf_changed":false,"footnotes":""},"class_list":["post-163501","page","type-page","status-publish","has-post-thumbnail","hentry"],"acf":[],"yoast_head":"<!-- This site is optimized with the Yoast SEO Premium plugin v27.2 (Yoast SEO v27.2) - https:\/\/yoast.com\/product\/yoast-seo-premium-wordpress\/ -->\n<title>\u0106wiczenia z gramatyki du\u0144skiej - Talkpal<\/title>\n<meta name=\"description\" content=\"Odkryj sekrety du\u0144skich \u0107wicze\u0144 gramatycznych, aby poprawi\u0107 swoje umiej\u0119tno\u015bci j\u0119zykowe i skutecznie po\u0142\u0105czy\u0107 si\u0119 z du\u0144sk\u0105 kultur\u0105.\" \/>\n<meta name=\"robots\" content=\"index, follow, max-snippet:-1, max-image-preview:large, max-video-preview:-1\" \/>\n<link rel=\"canonical\" href=\"https:\/\/talkpal.ai\/pl\/cwiczenia-z-gramatyki-dunskiej\/\" \/>\n<meta property=\"og:locale\" content=\"pl_PL\" \/>\n<meta property=\"og:type\" content=\"article\" \/>\n<meta property=\"og:title\" content=\"\u0106wiczenia z gramatyki du\u0144skiej\" \/>\n<meta property=\"og:description\" content=\"Zagadnienia gramatyczne w j\u0119zyku du\u0144skim Nauka j\u0119zyka du\u0144skiego mo\u017ce by\u0107 satysfakcjonuj\u0105cym i przyjemnym do\u015bwiadczeniem dla os\u00f3b zainteresowanych\" \/>\n<meta property=\"og:url\" content=\"https:\/\/talkpal.ai\/pl\/cwiczenia-z-gramatyki-dunskiej\/\" \/>\n<meta property=\"og:site_name\" content=\"Talkpal\" \/>\n<meta property=\"article:publisher\" content=\"https:\/\/www.facebook.com\/profile.php?id=100090733639311\" \/>\n<meta property=\"article:modified_time\" content=\"2025-12-17T16:30:18+00:00\" \/>\n<meta property=\"og:image\" content=\"https:\/\/talkpal.ai\/wp-content\/uploads\/2023\/05\/denmark.png\" \/>\n\t<meta property=\"og:image:width\" content=\"512\" \/>\n\t<meta property=\"og:image:height\" content=\"512\" \/>\n\t<meta property=\"og:image:type\" content=\"image\/png\" \/>\n<meta name=\"twitter:card\" content=\"summary_large_image\" \/>\n<meta name=\"twitter:site\" content=\"@talkpalai\" \/>\n<meta name=\"twitter:label1\" content=\"Szacowany czas czytania\" \/>\n\t<meta name=\"twitter:data1\" content=\"2 minuty\" \/>\n<script type=\"application\/ld+json\" class=\"yoast-schema-graph\">{\"@context\":\"https:\/\/schema.org\",\"@graph\":[{\"@type\":\"WebPage\",\"@id\":\"https:\/\/talkpal.ai\/pl\/cwiczenia-z-gramatyki-dunskiej\/\",\"url\":\"https:\/\/talkpal.ai\/pl\/cwiczenia-z-gramatyki-dunskiej\/\",\"name\":\"\u0106wiczenia z gramatyki du\u0144skiej - Talkpal\",\"isPartOf\":{\"@id\":\"https:\/\/talkpal.ai\/pl\/#website\"},\"primaryImageOfPage\":{\"@id\":\"https:\/\/talkpal.ai\/pl\/cwiczenia-z-gramatyki-dunskiej\/#primaryimage\"},\"image\":{\"@id\":\"https:\/\/talkpal.ai\/pl\/cwiczenia-z-gramatyki-dunskiej\/#primaryimage\"},\"thumbnailUrl\":\"https:\/\/talkpal.ai\/wp-content\/uploads\/2023\/05\/denmark.png\",\"datePublished\":\"2023-06-16T13:19:10+00:00\",\"dateModified\":\"2025-12-17T16:30:18+00:00\",\"description\":\"Odkryj sekrety du\u0144skich \u0107wicze\u0144 gramatycznych, aby poprawi\u0107 swoje umiej\u0119tno\u015bci j\u0119zykowe i skutecznie po\u0142\u0105czy\u0107 si\u0119 z du\u0144sk\u0105 kultur\u0105.\",\"breadcrumb\":{\"@id\":\"https:\/\/talkpal.ai\/pl\/cwiczenia-z-gramatyki-dunskiej\/#breadcrumb\"},\"inLanguage\":\"pl-PL\",\"potentialAction\":[{\"@type\":\"ReadAction\",\"target\":[\"https:\/\/talkpal.ai\/pl\/cwiczenia-z-gramatyki-dunskiej\/\"]}]},{\"@type\":\"ImageObject\",\"inLanguage\":\"pl-PL\",\"@id\":\"https:\/\/talkpal.ai\/pl\/cwiczenia-z-gramatyki-dunskiej\/#primaryimage\",\"url\":\"https:\/\/talkpal.ai\/wp-content\/uploads\/2023\/05\/denmark.png\",\"contentUrl\":\"https:\/\/talkpal.ai\/wp-content\/uploads\/2023\/05\/denmark.png\",\"width\":512,\"height\":512},{\"@type\":\"BreadcrumbList\",\"@id\":\"https:\/\/talkpal.ai\/pl\/cwiczenia-z-gramatyki-dunskiej\/#breadcrumb\",\"itemListElement\":[{\"@type\":\"ListItem\",\"position\":1,\"name\":\"Homepage\",\"item\":\"https:\/\/talkpal.ai\/pl\/\"},{\"@type\":\"ListItem\",\"position\":2,\"name\":\"\u0106wiczenia z gramatyki du\u0144skiej\"}]},{\"@type\":\"WebSite\",\"@id\":\"https:\/\/talkpal.ai\/pl\/#website\",\"url\":\"https:\/\/talkpal.ai\/pl\/\",\"name\":\"Talkpal\",\"description\":\"AI Language Learning\",\"publisher\":{\"@id\":\"https:\/\/talkpal.ai\/pl\/#organization\"},\"alternateName\":\"Talkpal AI\",\"potentialAction\":[{\"@type\":\"SearchAction\",\"target\":{\"@type\":\"EntryPoint\",\"urlTemplate\":\"https:\/\/talkpal.ai\/pl\/?s={search_term_string}\"},\"query-input\":{\"@type\":\"PropertyValueSpecification\",\"valueRequired\":true,\"valueName\":\"search_term_string\"}}],\"inLanguage\":\"pl-PL\"},{\"@type\":\"Organization\",\"@id\":\"https:\/\/talkpal.ai\/pl\/#organization\",\"name\":\"Talkpal, Inc.\",\"alternateName\":\"Talkpal AI\",\"url\":\"https:\/\/talkpal.ai\/pl\/\",\"logo\":{\"@type\":\"ImageObject\",\"inLanguage\":\"pl-PL\",\"@id\":\"https:\/\/talkpal.ai\/pl\/#\/schema\/logo\/image\/\",\"url\":\"https:\/\/talkpal.ai\/wp-content\/uploads\/2024\/03\/Talkpal-Logo-Icon.png\",\"contentUrl\":\"https:\/\/talkpal.ai\/wp-content\/uploads\/2024\/03\/Talkpal-Logo-Icon.png\",\"width\":2880,\"height\":2880,\"caption\":\"Talkpal, Inc.\"},\"image\":{\"@id\":\"https:\/\/talkpal.ai\/pl\/#\/schema\/logo\/image\/\"},\"sameAs\":[\"https:\/\/www.facebook.com\/profile.php?id=100090733639311\",\"https:\/\/x.com\/talkpalai\",\"https:\/\/www.linkedin.com\/company\/talkpal\/\",\"https:\/\/www.youtube.com\/@TalkPal\/\",\"https:\/\/www.tiktok.com\/@talkpal\",\"https:\/\/www.instagram.com\/talkpal_ai\/\",\"https:\/\/www.crunchbase.com\/organization\/talkpal-9cde\",\"https:\/\/www.g2.com\/products\/talkpal-for-business\/\",\"https:\/\/www.trustpilot.com\/review\/talkpal.ai\",\"https:\/\/www.capterra.com\/p\/10006800\/TalkPal\/\"],\"description\":\"Talkpal is a language learning web and mobile education app, powered by the latest AI technologies, that provides engaging experiences to its customers in many different languages to help them improve their language skills. Users can chat about unlimited amount of topics with the app and use other modes to practice their language learning.\",\"email\":\"support@talkpal.ai\",\"legalName\":\"Talkpal, Inc.\",\"foundingDate\":\"2023-04-03\",\"duns\":\"118989042\",\"numberOfEmployees\":{\"@type\":\"QuantitativeValue\",\"minValue\":\"11\",\"maxValue\":\"50\"},\"publishingPrinciples\":\"https:\/\/talkpal.ai\/publishing-principles\/\",\"actionableFeedbackPolicy\":\"https:\/\/talkpal.ai\/actionable-feedback-policy\/\",\"correctionsPolicy\":\"https:\/\/talkpal.ai\/corrections-policy\/\",\"ethicsPolicy\":\"https:\/\/talkpal.ai\/ethics-policy\/\",\"diversityPolicy\":\"https:\/\/talkpal.ai\/diversity-policy\/\",\"diversityStaffingReport\":\"https:\/\/talkpal.ai\/diversity-policy\/\"}]}<\/script>\n<!-- \/ Yoast SEO Premium plugin. -->","yoast_head_json":{"title":"\u0106wiczenia z gramatyki du\u0144skiej - Talkpal","description":"Odkryj sekrety du\u0144skich \u0107wicze\u0144 gramatycznych, aby poprawi\u0107 swoje umiej\u0119tno\u015bci j\u0119zykowe i skutecznie po\u0142\u0105czy\u0107 si\u0119 z du\u0144sk\u0105 kultur\u0105.","robots":{"index":"index","follow":"follow","max-snippet":"max-snippet:-1","max-image-preview":"max-image-preview:large","max-video-preview":"max-video-preview:-1"},"canonical":"https:\/\/talkpal.ai\/pl\/cwiczenia-z-gramatyki-dunskiej\/","og_locale":"pl_PL","og_type":"article","og_title":"\u0106wiczenia z gramatyki du\u0144skiej","og_description":"Zagadnienia gramatyczne w j\u0119zyku du\u0144skim Nauka j\u0119zyka du\u0144skiego mo\u017ce by\u0107 satysfakcjonuj\u0105cym i przyjemnym do\u015bwiadczeniem dla os\u00f3b zainteresowanych","og_url":"https:\/\/talkpal.ai\/pl\/cwiczenia-z-gramatyki-dunskiej\/","og_site_name":"Talkpal","article_publisher":"https:\/\/www.facebook.com\/profile.php?id=100090733639311","article_modified_time":"2025-12-17T16:30:18+00:00","og_image":[{"width":512,"height":512,"url":"https:\/\/talkpal.ai\/wp-content\/uploads\/2023\/05\/denmark.png","type":"image\/png"}],"twitter_card":"summary_large_image","twitter_site":"@talkpalai","twitter_misc":{"Szacowany czas czytania":"2 minuty"},"schema":{"@context":"https:\/\/schema.org","@graph":[{"@type":"WebPage","@id":"https:\/\/talkpal.ai\/pl\/cwiczenia-z-gramatyki-dunskiej\/","url":"https:\/\/talkpal.ai\/pl\/cwiczenia-z-gramatyki-dunskiej\/","name":"\u0106wiczenia z gramatyki du\u0144skiej - Talkpal","isPartOf":{"@id":"https:\/\/talkpal.ai\/pl\/#website"},"primaryImageOfPage":{"@id":"https:\/\/talkpal.ai\/pl\/cwiczenia-z-gramatyki-dunskiej\/#primaryimage"},"image":{"@id":"https:\/\/talkpal.ai\/pl\/cwiczenia-z-gramatyki-dunskiej\/#primaryimage"},"thumbnailUrl":"https:\/\/talkpal.ai\/wp-content\/uploads\/2023\/05\/denmark.png","datePublished":"2023-06-16T13:19:10+00:00","dateModified":"2025-12-17T16:30:18+00:00","description":"Odkryj sekrety du\u0144skich \u0107wicze\u0144 gramatycznych, aby poprawi\u0107 swoje umiej\u0119tno\u015bci j\u0119zykowe i skutecznie po\u0142\u0105czy\u0107 si\u0119 z du\u0144sk\u0105 kultur\u0105.","breadcrumb":{"@id":"https:\/\/talkpal.ai\/pl\/cwiczenia-z-gramatyki-dunskiej\/#breadcrumb"},"inLanguage":"pl-PL","potentialAction":[{"@type":"ReadAction","target":["https:\/\/talkpal.ai\/pl\/cwiczenia-z-gramatyki-dunskiej\/"]}]},{"@type":"ImageObject","inLanguage":"pl-PL","@id":"https:\/\/talkpal.ai\/pl\/cwiczenia-z-gramatyki-dunskiej\/#primaryimage","url":"https:\/\/talkpal.ai\/wp-content\/uploads\/2023\/05\/denmark.png","contentUrl":"https:\/\/talkpal.ai\/wp-content\/uploads\/2023\/05\/denmark.png","width":512,"height":512},{"@type":"BreadcrumbList","@id":"https:\/\/talkpal.ai\/pl\/cwiczenia-z-gramatyki-dunskiej\/#breadcrumb","itemListElement":[{"@type":"ListItem","position":1,"name":"Homepage","item":"https:\/\/talkpal.ai\/pl\/"},{"@type":"ListItem","position":2,"name":"\u0106wiczenia z gramatyki du\u0144skiej"}]},{"@type":"WebSite","@id":"https:\/\/talkpal.ai\/pl\/#website","url":"https:\/\/talkpal.ai\/pl\/","name":"Talkpal","description":"AI Language Learning","publisher":{"@id":"https:\/\/talkpal.ai\/pl\/#organization"},"alternateName":"Talkpal AI","potentialAction":[{"@type":"SearchAction","target":{"@type":"EntryPoint","urlTemplate":"https:\/\/talkpal.ai\/pl\/?s={search_term_string}"},"query-input":{"@type":"PropertyValueSpecification","valueRequired":true,"valueName":"search_term_string"}}],"inLanguage":"pl-PL"},{"@type":"Organization","@id":"https:\/\/talkpal.ai\/pl\/#organization","name":"Talkpal, Inc.","alternateName":"Talkpal AI","url":"https:\/\/talkpal.ai\/pl\/","logo":{"@type":"ImageObject","inLanguage":"pl-PL","@id":"https:\/\/talkpal.ai\/pl\/#\/schema\/logo\/image\/","url":"https:\/\/talkpal.ai\/wp-content\/uploads\/2024\/03\/Talkpal-Logo-Icon.png","contentUrl":"https:\/\/talkpal.ai\/wp-content\/uploads\/2024\/03\/Talkpal-Logo-Icon.png","width":2880,"height":2880,"caption":"Talkpal, Inc."},"image":{"@id":"https:\/\/talkpal.ai\/pl\/#\/schema\/logo\/image\/"},"sameAs":["https:\/\/www.facebook.com\/profile.php?id=100090733639311","https:\/\/x.com\/talkpalai","https:\/\/www.linkedin.com\/company\/talkpal\/","https:\/\/www.youtube.com\/@TalkPal\/","https:\/\/www.tiktok.com\/@talkpal","https:\/\/www.instagram.com\/talkpal_ai\/","https:\/\/www.crunchbase.com\/organization\/talkpal-9cde","https:\/\/www.g2.com\/products\/talkpal-for-business\/","https:\/\/www.trustpilot.com\/review\/talkpal.ai","https:\/\/www.capterra.com\/p\/10006800\/TalkPal\/"],"description":"Talkpal is a language learning web and mobile education app, powered by the latest AI technologies, that provides engaging experiences to its customers in many different languages to help them improve their language skills. Users can chat about unlimited amount of topics with the app and use other modes to practice their language learning.","email":"support@talkpal.ai","legalName":"Talkpal, Inc.","foundingDate":"2023-04-03","duns":"118989042","numberOfEmployees":{"@type":"QuantitativeValue","minValue":"11","maxValue":"50"},"publishingPrinciples":"https:\/\/talkpal.ai\/publishing-principles\/","actionableFeedbackPolicy":"https:\/\/talkpal.ai\/actionable-feedback-policy\/","correctionsPolicy":"https:\/\/talkpal.ai\/corrections-policy\/","ethicsPolicy":"https:\/\/talkpal.ai\/ethics-policy\/","diversityPolicy":"https:\/\/talkpal.ai\/diversity-policy\/","diversityStaffingReport":"https:\/\/talkpal.ai\/diversity-policy\/"}]}},"_links":{"self":[{"href":"https:\/\/talkpal.ai\/pl\/wp-json\/wp\/v2\/pages\/163501","targetHints":{"allow":["GET"]}}],"collection":[{"href":"https:\/\/talkpal.ai\/pl\/wp-json\/wp\/v2\/pages"}],"about":[{"href":"https:\/\/talkpal.ai\/pl\/wp-json\/wp\/v2\/types\/page"}],"author":[{"embeddable":true,"href":"https:\/\/talkpal.ai\/pl\/wp-json\/wp\/v2\/users\/6"}],"replies":[{"embeddable":true,"href":"https:\/\/talkpal.ai\/pl\/wp-json\/wp\/v2\/comments?post=163501"}],"version-history":[{"count":0,"href":"https:\/\/talkpal.ai\/pl\/wp-json\/wp\/v2\/pages\/163501\/revisions"}],"wp:featuredmedia":[{"embeddable":true,"href":"https:\/\/talkpal.ai\/pl\/wp-json\/wp\/v2\/media\/110911"}],"wp:attachment":[{"href":"https:\/\/talkpal.ai\/pl\/wp-json\/wp\/v2\/media?parent=163501"}],"curies":[{"name":"wp","href":"https:\/\/api.w.org\/{rel}","templated":true}]}}