{"id":163146,"date":"2023-06-16T13:25:56","date_gmt":"2023-06-16T13:25:56","guid":{"rendered":"http:\/\/talkpal.ai\/cwiczenia-gramatyczne-z-jezyka-estonskiego\/"},"modified":"2025-12-17T15:57:35","modified_gmt":"2025-12-17T15:57:35","slug":"cwiczenia-gramatyczne-z-jezyka-estonskiego","status":"publish","type":"page","link":"https:\/\/talkpal.ai\/pl\/cwiczenia-gramatyczne-z-jezyka-estonskiego\/","title":{"rendered":"\u0106wiczenia gramatyczne z j\u0119zyka esto\u0144skiego"},"content":{"rendered":"\r\n\r\n\r\n<section class=\"languageChallengeSection\">\r\n    <div class=\"languageInfoWrapper\">\r\n        \r\n        <h1>\u0106wiczenia gramatyczne z j\u0119zyka esto\u0144skiego<\/h1>\r\n        <p>Chcesz opanowa\u0107 j\u0119zyk <a href=\"https:\/\/talkpal.ai\/learn-estonian\/\">esto\u0144ski<\/a>? Skoncentrowane \u0107wiczenia gramatyczne s\u0105 doskona\u0142ym sposobem na zrozumienie struktury zda\u0144, form czasownik\u00f3w i kluczowych wzorc\u00f3w unikalnych dla j\u0119zyka esto\u0144skiego. Zacznij \u0107wiczy\u0107 gramatyk\u0119 esto\u0144sk\u0105 ju\u017c dzi\u015b i obserwuj, jak twoje umiej\u0119tno\u015bci i pewno\u015b\u0107 siebie rosn\u0105 z ka\u017cd\u0105 sesj\u0105!<\/p>\r\n\r\n                            <a class=\"getStartedHidden\" href=\"https:\/\/app.talkpal.ai\/pl\/signup?lng=\">Zaczynaj<\/a>\r\n        \r\n    <\/div>\r\n\r\n    <figure>\r\n    <img decoding=\"async\" width=\"768\" height=\"768\" src=\"https:\/\/talkpal.ai\/wp-content\/uploads\/2023\/06\/Estonian-768x768.png\" class=\"languageImage no-lazy\" alt=\"Secret tricks of language learning\" fetchpriority=\"high\" sizes=\"(max-width: 768px) 150px, 768px\" srcset=\"https:\/\/talkpal.ai\/wp-content\/uploads\/2023\/06\/Estonian-768x768.png 768w, https:\/\/talkpal.ai\/wp-content\/uploads\/2023\/06\/Estonian-300x300.png 300w\" \/>\r\n    \r\n\r\n    <\/figure>\r\n\r\n            <a class=\"getStartedVisible\" href=\"https:\/\/app.talkpal.ai\/pl\/signup?lng=\">Zaczynaj<\/a>\r\n    \r\n<\/section>\r\n\r\n\r\n<!-- <section class=\"grammarSection\">\r\n    <div class=\"grammarLinks\">\r\n            <\/div>\r\n<\/section> -->\r\n\r\n\r\n\r\n\r\n<section class=\"promotionalBanner\">\r\n    <p class=\"promotionalText\">Najbardziej efektywny spos\u00f3b nauki j\u0119zyka<\/p>\r\n    <a class=\"promotionalLink\" href=\"https:\/\/app.talkpal.ai\/pl\/signup?lng=\">Wypr\u00f3buj Talkpal za darmo<\/a>\r\n<\/section>\n<div class=\"wp-block-group pageContainerStyle\"><div class=\"wp-block-group__inner-container is-layout-constrained wp-block-group-is-layout-constrained\">\n<h2 class=\"wp-block-heading\" id=\"h-estonian-grammar-topics\">Zagadnienia gramatyczne z j\u0119zyka esto\u0144skiego<\/h2>\n\n\n\n<p>Nauka nowego j\u0119zyka mo\u017ce by\u0107 ekscytuj\u0105c\u0105 i satysfakcjonuj\u0105c\u0105 podr\u00f3\u017c\u0105, otwieraj\u0105c\u0105 nowe mo\u017cliwo\u015bci rozwoju osobistego, eksploracji kulturowej i awansu zawodowego. <a href=\"https:\/\/talkpal.ai\/learn-estonian\/\">Esto\u0144ski<\/a>, jako j\u0119zyk uralski, oferuje wyj\u0105tkowe i fascynuj\u0105ce do\u015bwiadczenie j\u0119zykowe dla uczni\u00f3w, kt\u00f3rzy mog\u0105 by\u0107 bardziej zaznajomieni z j\u0119zykami indoeuropejskimi. Dzi\u0119ki z\u0142o\u017conemu systemowi gramatycznemu i bogatemu s\u0142owu, esto\u0144ski stanowi wyzwanie i wci\u0105gaj\u0105c\u0105 okazj\u0119 dla entuzjast\u00f3w j\u0119zyka. Aby jak najlepiej wykorzysta\u0107 nauk\u0119 j\u0119zyka esto\u0144skiego, konieczne jest ustrukturyzowane podej\u015bcie, skupiaj\u0105ce si\u0119 na zagadnieniach gramatycznych w kolejno\u015bci, kt\u00f3ra pomo\u017ce Ci zbudowa\u0107 solidne podstawy i stopniowo rozwija\u0107 swoje umiej\u0119tno\u015bci.<\/p>\n\n\n\n<h3 class=\"wp-block-heading\" id=\"h-1-nouns-and-pronouns-determiners\">1. Rzeczowniki i zaimki\/okre\u015blniki:<\/h3>\n\n\n\n<p>Zacznij od poznania podstaw esto\u0144skich rzeczownik\u00f3w, w tym ich deklinacji i przypadk\u00f3w. Zapoznaj si\u0119 z zaimkami i okre\u015blnikami, kt\u00f3re przyjmuj\u0105 te same formy co rzeczowniki, poniewa\u017c s\u0105 niezb\u0119dne do konstruowania prostych zda\u0144.<\/p>\n\n\n\n<h3 class=\"wp-block-heading\" id=\"h-2-adjectives-and-adverbs\">2. Przymiotniki i przys\u0142\u00f3wki:<\/h3>\n\n\n\n<p>Przejd\u017a do przymiotnik\u00f3w, ucz\u0105c si\u0119, jak zgadzaj\u0105 si\u0119 z rzeczownikami, kt\u00f3re modyfikuj\u0105 i jak je odmawia\u0107. Przys\u0142\u00f3wki, kt\u00f3re dostarczaj\u0105 dodatkowych informacji o czasownikach, przymiotnikach i innych przys\u0142\u00f3wkach, pomog\u0105 Ci tworzy\u0107 bardziej z\u0142o\u017cone i opisowe zdania.<\/p>\n\n\n\n<h3 class=\"wp-block-heading\" id=\"h-3-verbs\">3. Czasowniki:<\/h3>\n\n\n\n<p>Koniugacja esto\u0144skich czasownik\u00f3w mo\u017ce by\u0107 trudna, ale jest niezb\u0119dna do opanowania j\u0119zyka. Przestudiuj r\u00f3\u017cne rodzaje czasownik\u00f3w, ich wzorce koniugacji i r\u00f3\u017cne czasy, aby wyrazi\u0107 dzia\u0142ania i wydarzenia w tera\u017aniejszo\u015bci, przesz\u0142o\u015bci i przysz\u0142o\u015bci.<\/p>\n\n\n\n<h3 class=\"wp-block-heading\" id=\"h-4-tenses-and-tense-comparison\">4. Czasy i por\u00f3wnanie czas\u00f3w:<\/h3>\n\n\n\n<p>Pog\u0142\u0119b swoje zrozumienie czas\u00f3w, por\u00f3wnuj\u0105c ich u\u017cycie w r\u00f3\u017cnych kontekstach. Pomo\u017ce Ci to wybra\u0107 odpowiedni czas, aby dok\u0142adnie przekaza\u0107 zamierzone znaczenie.<\/p>\n\n\n\n<h3 class=\"wp-block-heading\" id=\"h-5-progressive-and-perfect-progressive\">5. Progresywny i doskona\u0142y progresywny:<\/h3>\n\n\n\n<p>Te aspekty esto\u0144skich czasownik\u00f3w wyra\u017caj\u0105 trwaj\u0105ce lub ci\u0105g\u0142e dzia\u0142ania. Dowiedz si\u0119, jak je tworzy\u0107 i u\u017cywa\u0107, aby doda\u0107 niuanse do swojej komunikacji.<\/p>\n\n\n\n<h3 class=\"wp-block-heading\" id=\"h-6-articles\">6. Artyku\u0142y:<\/h3>\n\n\n\n<p>Esto\u0144ski nie ma rodzajnik\u00f3w okre\u015blonych ani nieokre\u015blonych, takich jak <a href=\"https:\/\/talkpal.ai\/learn-english-with-ai\/\">angielski<\/a>, ale wa\u017cne jest, aby zrozumie\u0107, jak przekaza\u0107 to samo znaczenie za pomoc\u0105 innych narz\u0119dzi j\u0119zykowych.<\/p>\n\n\n\n<h3 class=\"wp-block-heading\" id=\"h-7-prepositions\">7. Przyimki:<\/h3>\n\n\n\n<p><a href=\"https:\/\/talkpal.ai\/pl\/naucz-sie-malajskiego\/\">Naucz si\u0119<\/a> esto\u0144skich przyimk\u00f3w, aby wyrazi\u0107 relacje mi\u0119dzy s\u0142owami w zdaniu, takie jak lokalizacja, kierunek i czas.<\/p>\n\n\n\n<h3 class=\"wp-block-heading\" id=\"h-8-conditionals\">8. Warunki szczeg\u00f3\u0142owe:<\/h3>\n\n\n\n<p>Opanuj tryb warunkowy, aby wyrazi\u0107 hipotetyczne sytuacje lub dzia\u0142ania zale\u017cne od okre\u015blonych warunk\u00f3w.<\/p>\n\n\n\n<h3 class=\"wp-block-heading\" id=\"h-9-sentences\">9. Zdania:<\/h3>\n\n\n\n<p>Na koniec prze\u0107wicz konstruowanie r\u00f3\u017cnych typ\u00f3w zda\u0144 \u2013 prostych, z\u0142o\u017conych i z\u0142o\u017conych \u2013 wykorzystuj\u0105c wszystkie pouczone zagadnienia gramatyczne. Pomo\u017ce Ci to sta\u0107 si\u0119 bardziej p\u0142ynnym i pewnym siebie w swoich esto\u0144skich umiej\u0119tno\u015bciach komunikacyjnych.<\/p>\n<\/div><\/div>\n\r\n<section class=\"learnNavigationSection\">\r\n            \r\n        <a href=\"https:\/\/talkpal.ai\/pl\/naucz-sie-estonskiego\/\">\r\n            <div class=\"learnNavigationWrapper\">\r\n                <div class=\"learnNavigationContent\">\r\n                    <img decoding=\"async\" src=\"https:\/\/talkpal.ai\/wp-content\/uploads\/2024\/08\/Estonian.jpg\" alt=\"Estonian Flag\">\r\n                    <div>\r\n                        <h4>O nauce j\u0119zyka esto\u0144skiego<\/h4>\r\n                        <p>Dowiedz si\u0119 wszystkiego o gramatyce esto\u0144skiej .<\/p>\r\n                    <\/div>\r\n                <\/div>\r\n            <\/div>\r\n        <\/a>\r\n\r\n        \r\n        <a href=\"https:\/\/talkpal.ai\/pl\/gramatyka-estonska\/\">\r\n            <div class=\"learnNavigationWrapper\">\r\n                <div class=\"learnNavigationContent\">\r\n                    <img decoding=\"async\" src=\"https:\/\/talkpal.ai\/wp-content\/uploads\/2024\/08\/Estonian.jpg\" alt=\"Estonian Flag\">\r\n                    <div>\r\n                        <h4>Lekcje gramatyki j\u0119zyka esto\u0144skiego<\/h4>\r\n                        <p>\u0106wicz gramatyk\u0119 esto\u0144sk\u0105 .<\/p>\r\n                    <\/div>\r\n                <\/div>\r\n            <\/div>\r\n        <\/a>\r\n\r\n        \r\n        <a href=\"https:\/\/talkpal.ai\/vocabulary_language\/estonian\/\">\r\n            <div class=\"learnNavigationWrapper\">\r\n                <div class=\"learnNavigationContent\">\r\n                    <img decoding=\"async\" src=\"https:\/\/talkpal.ai\/wp-content\/uploads\/2024\/08\/Estonian.jpg\" alt=\"Estonian Flag\">\r\n                    <div>\r\n                        <h4>Esto\u0144skie s\u0142ownictwo<\/h4>\r\n                        <p>Poszerz swoje esto\u0144skie s\u0142ownictwo.<\/p>\r\n                    <\/div>\r\n                <\/div>\r\n            <\/div>\r\n        <\/a>\r\n\r\n            <\/section>","protected":false},"excerpt":{"rendered":"<p>Zagadnienia gramatyczne z j\u0119zyka esto\u0144skiego Nauka nowego j\u0119zyka mo\u017ce by\u0107 ekscytuj\u0105c\u0105 i satysfakcjonuj\u0105c\u0105 podr\u00f3\u017c\u0105, otwieraj\u0105c\u0105 nowe mo\u017cliwo\u015bci rozwoju osobistego, eksploracji kulturowej i awansu zawodowego. Esto\u0144ski, jako j\u0119zyk uralski, oferuje wyj\u0105tkowe i fascynuj\u0105ce do\u015bwiadczenie j\u0119zykowe dla uczni\u00f3w, kt\u00f3rzy mog\u0105 by\u0107 bardziej zaznajomieni z j\u0119zykami indoeuropejskimi. Dzi\u0119ki z\u0142o\u017conemu systemowi gramatycznemu i bogatemu s\u0142owu, esto\u0144ski stanowi wyzwanie i [&hellip;]<\/p>\n","protected":false},"author":6,"featured_media":112432,"parent":0,"menu_order":0,"comment_status":"closed","ping_status":"closed","template":"LearningContentPage.php","meta":{"_acf_changed":false,"footnotes":""},"class_list":["post-163146","page","type-page","status-publish","has-post-thumbnail","hentry"],"acf":[],"yoast_head":"<!-- This site is optimized with the Yoast SEO Premium plugin v27.2 (Yoast SEO v27.2) - https:\/\/yoast.com\/product\/yoast-seo-premium-wordpress\/ -->\n<title>\u0106wiczenia gramatyczne z j\u0119zyka esto\u0144skiego - Talkpal<\/title>\n<meta name=\"description\" content=\"\u0106wicz gramatyk\u0119 esto\u0144sk\u0105 z interaktywnymi \u0107wiczeniami zaprojektowanymi tak, aby szybko i skutecznie poprawi\u0107 swoje umiej\u0119tno\u015bci j\u0119zykowe.\" \/>\n<meta name=\"robots\" content=\"index, follow, max-snippet:-1, max-image-preview:large, max-video-preview:-1\" \/>\n<link rel=\"canonical\" href=\"https:\/\/talkpal.ai\/pl\/cwiczenia-gramatyczne-z-jezyka-estonskiego\/\" \/>\n<meta property=\"og:locale\" content=\"pl_PL\" \/>\n<meta property=\"og:type\" content=\"article\" \/>\n<meta property=\"og:title\" content=\"\u0106wiczenia gramatyczne z j\u0119zyka esto\u0144skiego\" \/>\n<meta property=\"og:description\" content=\"Zagadnienia gramatyczne z j\u0119zyka esto\u0144skiego Nauka nowego j\u0119zyka mo\u017ce by\u0107 ekscytuj\u0105c\u0105 i satysfakcjonuj\u0105c\u0105 podr\u00f3\u017c\u0105, otwieraj\u0105c\u0105 nowe mo\u017cliwo\u015bci rozwoju\" \/>\n<meta property=\"og:url\" content=\"https:\/\/talkpal.ai\/pl\/cwiczenia-gramatyczne-z-jezyka-estonskiego\/\" \/>\n<meta property=\"og:site_name\" content=\"Talkpal\" \/>\n<meta property=\"article:publisher\" content=\"https:\/\/www.facebook.com\/profile.php?id=100090733639311\" \/>\n<meta property=\"article:modified_time\" content=\"2025-12-17T15:57:35+00:00\" \/>\n<meta property=\"og:image\" content=\"https:\/\/talkpal.ai\/wp-content\/uploads\/2023\/05\/estonia.png\" \/>\n\t<meta property=\"og:image:width\" content=\"512\" \/>\n\t<meta property=\"og:image:height\" content=\"512\" \/>\n\t<meta property=\"og:image:type\" content=\"image\/png\" \/>\n<meta name=\"twitter:card\" content=\"summary_large_image\" \/>\n<meta name=\"twitter:site\" content=\"@talkpalai\" \/>\n<meta name=\"twitter:label1\" content=\"Szacowany czas czytania\" \/>\n\t<meta name=\"twitter:data1\" content=\"2 minuty\" \/>\n<script type=\"application\/ld+json\" class=\"yoast-schema-graph\">{\"@context\":\"https:\/\/schema.org\",\"@graph\":[{\"@type\":\"WebPage\",\"@id\":\"https:\/\/talkpal.ai\/pl\/cwiczenia-gramatyczne-z-jezyka-estonskiego\/\",\"url\":\"https:\/\/talkpal.ai\/pl\/cwiczenia-gramatyczne-z-jezyka-estonskiego\/\",\"name\":\"\u0106wiczenia gramatyczne z j\u0119zyka esto\u0144skiego - Talkpal\",\"isPartOf\":{\"@id\":\"https:\/\/talkpal.ai\/pl\/#website\"},\"primaryImageOfPage\":{\"@id\":\"https:\/\/talkpal.ai\/pl\/cwiczenia-gramatyczne-z-jezyka-estonskiego\/#primaryimage\"},\"image\":{\"@id\":\"https:\/\/talkpal.ai\/pl\/cwiczenia-gramatyczne-z-jezyka-estonskiego\/#primaryimage\"},\"thumbnailUrl\":\"https:\/\/talkpal.ai\/wp-content\/uploads\/2023\/05\/estonia.png\",\"datePublished\":\"2023-06-16T13:25:56+00:00\",\"dateModified\":\"2025-12-17T15:57:35+00:00\",\"description\":\"\u0106wicz gramatyk\u0119 esto\u0144sk\u0105 z interaktywnymi \u0107wiczeniami zaprojektowanymi tak, aby szybko i skutecznie poprawi\u0107 swoje umiej\u0119tno\u015bci j\u0119zykowe.\",\"breadcrumb\":{\"@id\":\"https:\/\/talkpal.ai\/pl\/cwiczenia-gramatyczne-z-jezyka-estonskiego\/#breadcrumb\"},\"inLanguage\":\"pl-PL\",\"potentialAction\":[{\"@type\":\"ReadAction\",\"target\":[\"https:\/\/talkpal.ai\/pl\/cwiczenia-gramatyczne-z-jezyka-estonskiego\/\"]}]},{\"@type\":\"ImageObject\",\"inLanguage\":\"pl-PL\",\"@id\":\"https:\/\/talkpal.ai\/pl\/cwiczenia-gramatyczne-z-jezyka-estonskiego\/#primaryimage\",\"url\":\"https:\/\/talkpal.ai\/wp-content\/uploads\/2023\/05\/estonia.png\",\"contentUrl\":\"https:\/\/talkpal.ai\/wp-content\/uploads\/2023\/05\/estonia.png\",\"width\":512,\"height\":512},{\"@type\":\"BreadcrumbList\",\"@id\":\"https:\/\/talkpal.ai\/pl\/cwiczenia-gramatyczne-z-jezyka-estonskiego\/#breadcrumb\",\"itemListElement\":[{\"@type\":\"ListItem\",\"position\":1,\"name\":\"Homepage\",\"item\":\"https:\/\/talkpal.ai\/pl\/\"},{\"@type\":\"ListItem\",\"position\":2,\"name\":\"\u0106wiczenia gramatyczne z j\u0119zyka esto\u0144skiego\"}]},{\"@type\":\"WebSite\",\"@id\":\"https:\/\/talkpal.ai\/pl\/#website\",\"url\":\"https:\/\/talkpal.ai\/pl\/\",\"name\":\"Talkpal\",\"description\":\"AI Language Learning\",\"publisher\":{\"@id\":\"https:\/\/talkpal.ai\/pl\/#organization\"},\"alternateName\":\"Talkpal AI\",\"potentialAction\":[{\"@type\":\"SearchAction\",\"target\":{\"@type\":\"EntryPoint\",\"urlTemplate\":\"https:\/\/talkpal.ai\/pl\/?s={search_term_string}\"},\"query-input\":{\"@type\":\"PropertyValueSpecification\",\"valueRequired\":true,\"valueName\":\"search_term_string\"}}],\"inLanguage\":\"pl-PL\"},{\"@type\":\"Organization\",\"@id\":\"https:\/\/talkpal.ai\/pl\/#organization\",\"name\":\"Talkpal, Inc.\",\"alternateName\":\"Talkpal AI\",\"url\":\"https:\/\/talkpal.ai\/pl\/\",\"logo\":{\"@type\":\"ImageObject\",\"inLanguage\":\"pl-PL\",\"@id\":\"https:\/\/talkpal.ai\/pl\/#\/schema\/logo\/image\/\",\"url\":\"https:\/\/talkpal.ai\/wp-content\/uploads\/2024\/03\/Talkpal-Logo-Icon.png\",\"contentUrl\":\"https:\/\/talkpal.ai\/wp-content\/uploads\/2024\/03\/Talkpal-Logo-Icon.png\",\"width\":2880,\"height\":2880,\"caption\":\"Talkpal, Inc.\"},\"image\":{\"@id\":\"https:\/\/talkpal.ai\/pl\/#\/schema\/logo\/image\/\"},\"sameAs\":[\"https:\/\/www.facebook.com\/profile.php?id=100090733639311\",\"https:\/\/x.com\/talkpalai\",\"https:\/\/www.linkedin.com\/company\/talkpal\/\",\"https:\/\/www.youtube.com\/@TalkPal\/\",\"https:\/\/www.tiktok.com\/@talkpal\",\"https:\/\/www.instagram.com\/talkpal_ai\/\",\"https:\/\/www.crunchbase.com\/organization\/talkpal-9cde\",\"https:\/\/www.g2.com\/products\/talkpal-for-business\/\",\"https:\/\/www.trustpilot.com\/review\/talkpal.ai\",\"https:\/\/www.capterra.com\/p\/10006800\/TalkPal\/\"],\"description\":\"Talkpal is a language learning web and mobile education app, powered by the latest AI technologies, that provides engaging experiences to its customers in many different languages to help them improve their language skills. Users can chat about unlimited amount of topics with the app and use other modes to practice their language learning.\",\"email\":\"support@talkpal.ai\",\"legalName\":\"Talkpal, Inc.\",\"foundingDate\":\"2023-04-03\",\"duns\":\"118989042\",\"numberOfEmployees\":{\"@type\":\"QuantitativeValue\",\"minValue\":\"11\",\"maxValue\":\"50\"},\"publishingPrinciples\":\"https:\/\/talkpal.ai\/publishing-principles\/\",\"actionableFeedbackPolicy\":\"https:\/\/talkpal.ai\/actionable-feedback-policy\/\",\"correctionsPolicy\":\"https:\/\/talkpal.ai\/corrections-policy\/\",\"ethicsPolicy\":\"https:\/\/talkpal.ai\/ethics-policy\/\",\"diversityPolicy\":\"https:\/\/talkpal.ai\/diversity-policy\/\",\"diversityStaffingReport\":\"https:\/\/talkpal.ai\/diversity-policy\/\"}]}<\/script>\n<!-- \/ Yoast SEO Premium plugin. -->","yoast_head_json":{"title":"\u0106wiczenia gramatyczne z j\u0119zyka esto\u0144skiego - Talkpal","description":"\u0106wicz gramatyk\u0119 esto\u0144sk\u0105 z interaktywnymi \u0107wiczeniami zaprojektowanymi tak, aby szybko i skutecznie poprawi\u0107 swoje umiej\u0119tno\u015bci j\u0119zykowe.","robots":{"index":"index","follow":"follow","max-snippet":"max-snippet:-1","max-image-preview":"max-image-preview:large","max-video-preview":"max-video-preview:-1"},"canonical":"https:\/\/talkpal.ai\/pl\/cwiczenia-gramatyczne-z-jezyka-estonskiego\/","og_locale":"pl_PL","og_type":"article","og_title":"\u0106wiczenia gramatyczne z j\u0119zyka esto\u0144skiego","og_description":"Zagadnienia gramatyczne z j\u0119zyka esto\u0144skiego Nauka nowego j\u0119zyka mo\u017ce by\u0107 ekscytuj\u0105c\u0105 i satysfakcjonuj\u0105c\u0105 podr\u00f3\u017c\u0105, otwieraj\u0105c\u0105 nowe mo\u017cliwo\u015bci rozwoju","og_url":"https:\/\/talkpal.ai\/pl\/cwiczenia-gramatyczne-z-jezyka-estonskiego\/","og_site_name":"Talkpal","article_publisher":"https:\/\/www.facebook.com\/profile.php?id=100090733639311","article_modified_time":"2025-12-17T15:57:35+00:00","og_image":[{"width":512,"height":512,"url":"https:\/\/talkpal.ai\/wp-content\/uploads\/2023\/05\/estonia.png","type":"image\/png"}],"twitter_card":"summary_large_image","twitter_site":"@talkpalai","twitter_misc":{"Szacowany czas czytania":"2 minuty"},"schema":{"@context":"https:\/\/schema.org","@graph":[{"@type":"WebPage","@id":"https:\/\/talkpal.ai\/pl\/cwiczenia-gramatyczne-z-jezyka-estonskiego\/","url":"https:\/\/talkpal.ai\/pl\/cwiczenia-gramatyczne-z-jezyka-estonskiego\/","name":"\u0106wiczenia gramatyczne z j\u0119zyka esto\u0144skiego - Talkpal","isPartOf":{"@id":"https:\/\/talkpal.ai\/pl\/#website"},"primaryImageOfPage":{"@id":"https:\/\/talkpal.ai\/pl\/cwiczenia-gramatyczne-z-jezyka-estonskiego\/#primaryimage"},"image":{"@id":"https:\/\/talkpal.ai\/pl\/cwiczenia-gramatyczne-z-jezyka-estonskiego\/#primaryimage"},"thumbnailUrl":"https:\/\/talkpal.ai\/wp-content\/uploads\/2023\/05\/estonia.png","datePublished":"2023-06-16T13:25:56+00:00","dateModified":"2025-12-17T15:57:35+00:00","description":"\u0106wicz gramatyk\u0119 esto\u0144sk\u0105 z interaktywnymi \u0107wiczeniami zaprojektowanymi tak, aby szybko i skutecznie poprawi\u0107 swoje umiej\u0119tno\u015bci j\u0119zykowe.","breadcrumb":{"@id":"https:\/\/talkpal.ai\/pl\/cwiczenia-gramatyczne-z-jezyka-estonskiego\/#breadcrumb"},"inLanguage":"pl-PL","potentialAction":[{"@type":"ReadAction","target":["https:\/\/talkpal.ai\/pl\/cwiczenia-gramatyczne-z-jezyka-estonskiego\/"]}]},{"@type":"ImageObject","inLanguage":"pl-PL","@id":"https:\/\/talkpal.ai\/pl\/cwiczenia-gramatyczne-z-jezyka-estonskiego\/#primaryimage","url":"https:\/\/talkpal.ai\/wp-content\/uploads\/2023\/05\/estonia.png","contentUrl":"https:\/\/talkpal.ai\/wp-content\/uploads\/2023\/05\/estonia.png","width":512,"height":512},{"@type":"BreadcrumbList","@id":"https:\/\/talkpal.ai\/pl\/cwiczenia-gramatyczne-z-jezyka-estonskiego\/#breadcrumb","itemListElement":[{"@type":"ListItem","position":1,"name":"Homepage","item":"https:\/\/talkpal.ai\/pl\/"},{"@type":"ListItem","position":2,"name":"\u0106wiczenia gramatyczne z j\u0119zyka esto\u0144skiego"}]},{"@type":"WebSite","@id":"https:\/\/talkpal.ai\/pl\/#website","url":"https:\/\/talkpal.ai\/pl\/","name":"Talkpal","description":"AI Language Learning","publisher":{"@id":"https:\/\/talkpal.ai\/pl\/#organization"},"alternateName":"Talkpal AI","potentialAction":[{"@type":"SearchAction","target":{"@type":"EntryPoint","urlTemplate":"https:\/\/talkpal.ai\/pl\/?s={search_term_string}"},"query-input":{"@type":"PropertyValueSpecification","valueRequired":true,"valueName":"search_term_string"}}],"inLanguage":"pl-PL"},{"@type":"Organization","@id":"https:\/\/talkpal.ai\/pl\/#organization","name":"Talkpal, Inc.","alternateName":"Talkpal AI","url":"https:\/\/talkpal.ai\/pl\/","logo":{"@type":"ImageObject","inLanguage":"pl-PL","@id":"https:\/\/talkpal.ai\/pl\/#\/schema\/logo\/image\/","url":"https:\/\/talkpal.ai\/wp-content\/uploads\/2024\/03\/Talkpal-Logo-Icon.png","contentUrl":"https:\/\/talkpal.ai\/wp-content\/uploads\/2024\/03\/Talkpal-Logo-Icon.png","width":2880,"height":2880,"caption":"Talkpal, Inc."},"image":{"@id":"https:\/\/talkpal.ai\/pl\/#\/schema\/logo\/image\/"},"sameAs":["https:\/\/www.facebook.com\/profile.php?id=100090733639311","https:\/\/x.com\/talkpalai","https:\/\/www.linkedin.com\/company\/talkpal\/","https:\/\/www.youtube.com\/@TalkPal\/","https:\/\/www.tiktok.com\/@talkpal","https:\/\/www.instagram.com\/talkpal_ai\/","https:\/\/www.crunchbase.com\/organization\/talkpal-9cde","https:\/\/www.g2.com\/products\/talkpal-for-business\/","https:\/\/www.trustpilot.com\/review\/talkpal.ai","https:\/\/www.capterra.com\/p\/10006800\/TalkPal\/"],"description":"Talkpal is a language learning web and mobile education app, powered by the latest AI technologies, that provides engaging experiences to its customers in many different languages to help them improve their language skills. Users can chat about unlimited amount of topics with the app and use other modes to practice their language learning.","email":"support@talkpal.ai","legalName":"Talkpal, Inc.","foundingDate":"2023-04-03","duns":"118989042","numberOfEmployees":{"@type":"QuantitativeValue","minValue":"11","maxValue":"50"},"publishingPrinciples":"https:\/\/talkpal.ai\/publishing-principles\/","actionableFeedbackPolicy":"https:\/\/talkpal.ai\/actionable-feedback-policy\/","correctionsPolicy":"https:\/\/talkpal.ai\/corrections-policy\/","ethicsPolicy":"https:\/\/talkpal.ai\/ethics-policy\/","diversityPolicy":"https:\/\/talkpal.ai\/diversity-policy\/","diversityStaffingReport":"https:\/\/talkpal.ai\/diversity-policy\/"}]}},"_links":{"self":[{"href":"https:\/\/talkpal.ai\/pl\/wp-json\/wp\/v2\/pages\/163146","targetHints":{"allow":["GET"]}}],"collection":[{"href":"https:\/\/talkpal.ai\/pl\/wp-json\/wp\/v2\/pages"}],"about":[{"href":"https:\/\/talkpal.ai\/pl\/wp-json\/wp\/v2\/types\/page"}],"author":[{"embeddable":true,"href":"https:\/\/talkpal.ai\/pl\/wp-json\/wp\/v2\/users\/6"}],"replies":[{"embeddable":true,"href":"https:\/\/talkpal.ai\/pl\/wp-json\/wp\/v2\/comments?post=163146"}],"version-history":[{"count":0,"href":"https:\/\/talkpal.ai\/pl\/wp-json\/wp\/v2\/pages\/163146\/revisions"}],"wp:featuredmedia":[{"embeddable":true,"href":"https:\/\/talkpal.ai\/pl\/wp-json\/wp\/v2\/media\/112432"}],"wp:attachment":[{"href":"https:\/\/talkpal.ai\/pl\/wp-json\/wp\/v2\/media?parent=163146"}],"curies":[{"name":"wp","href":"https:\/\/api.w.org\/{rel}","templated":true}]}}