{"id":162927,"date":"2023-06-21T14:01:18","date_gmt":"2023-06-21T14:01:18","guid":{"rendered":"http:\/\/talkpal.ai\/cwiczenia-gramatyczne-w-jezyku-galicyjskim\/"},"modified":"2025-12-17T15:59:43","modified_gmt":"2025-12-17T15:59:43","slug":"cwiczenia-gramatyczne-w-jezyku-galicyjskim","status":"publish","type":"page","link":"https:\/\/talkpal.ai\/pl\/cwiczenia-gramatyczne-w-jezyku-galicyjskim\/","title":{"rendered":"\u0106wiczenia gramatyczne w j\u0119zyku galicyjskim"},"content":{"rendered":"\r\n\r\n\r\n<section class=\"languageChallengeSection\">\r\n    <div class=\"languageInfoWrapper\">\r\n        \r\n        <h1>\u0106wiczenia gramatyczne w j\u0119zyku galicyjskim<\/h1>\r\n        <p>Chcesz poprawi\u0107 swoj\u0105 znajomo\u015b\u0107 j\u0119zyka galicyjskiego? \u0106wiczenie gramatyki to \u015bwietny spos\u00f3b na opanowanie struktury zda\u0144, form czasownik\u00f3w i charakterystycznych cech j\u0119zyka galicyjskiego. Zacznij pracowa\u0107 nad gramatyk\u0105 galicyjsk\u0105 ju\u017c dzi\u015b i obserwuj, jak twoje zrozumienie i pewno\u015b\u0107 siebie rosn\u0105 z ka\u017cdym \u0107wiczeniem!<\/p>\r\n\r\n                            <a class=\"getStartedHidden\" href=\"https:\/\/app.talkpal.ai\/pl\/signup?lng=\">Zaczynaj<\/a>\r\n        \r\n    <\/div>\r\n\r\n    <figure>\r\n    <img decoding=\"async\" width=\"768\" height=\"768\" src=\"https:\/\/talkpal.ai\/wp-content\/uploads\/2023\/06\/galician-768x768.png\" class=\"languageImage no-lazy\" alt=\"Language immersion powerful learning method\" fetchpriority=\"high\" sizes=\"(max-width: 768px) 150px, 768px\" srcset=\"https:\/\/talkpal.ai\/wp-content\/uploads\/2023\/06\/galician-768x768.png 768w, https:\/\/talkpal.ai\/wp-content\/uploads\/2023\/06\/galician-300x300.png 300w\" \/>\r\n    \r\n\r\n    <\/figure>\r\n\r\n            <a class=\"getStartedVisible\" href=\"https:\/\/app.talkpal.ai\/pl\/signup?lng=\">Zaczynaj<\/a>\r\n    \r\n<\/section>\r\n\r\n\r\n<!-- <section class=\"grammarSection\">\r\n    <div class=\"grammarLinks\">\r\n            <\/div>\r\n<\/section> -->\r\n\r\n\r\n\r\n\r\n<section class=\"promotionalBanner\">\r\n    <p class=\"promotionalText\">Najbardziej efektywny spos\u00f3b nauki j\u0119zyka<\/p>\r\n    <a class=\"promotionalLink\" href=\"https:\/\/app.talkpal.ai\/pl\/signup?lng=\">Wypr\u00f3buj Talkpal za darmo<\/a>\r\n<\/section>\n<div class=\"wp-block-group pageContainerStyle\"><div class=\"wp-block-group__inner-container is-layout-constrained wp-block-group-is-layout-constrained\">\n<h2 class=\"wp-block-heading\" id=\"h-galician-grammar-topics\">Zagadnienia gramatyczne w j\u0119zyku galicyjskim<\/h2>\n\n\n\n<p><a href=\"https:\/\/talkpal.ai\/galician-grammar\/\">Gramatyka galicyjska<\/a> to nauka o strukturze j\u0119zykowej, regu\u0142ach i sk\u0142adnikach j\u0119zyka galicyjskiego, j\u0119zyka roma\u0144skiego u\u017cywanego we wsp\u00f3lnocie autonomicznej Galicji w p\u00f3\u0142nocno-zachodniej Hiszpanii. Maj\u0105c bliski zwi\u0105zek z portugalskim, <a href=\"https:\/\/talkpal.ai\/galician-grammar\/\">gramatyka galicyjska<\/a> sk\u0142ada si\u0119 z r\u00f3\u017cnych element\u00f3w, kt\u00f3re pomagaj\u0105 w tworzeniu i zrozumieniu j\u0119zyka, takich jak koniugacja czasownik\u00f3w, zgodno\u015b\u0107 rzeczownik\u00f3w i przymiotnik\u00f3w oraz u\u017cycie rodzajnik\u00f3w, zaimk\u00f3w, przys\u0142\u00f3wk\u00f3w i przyimk\u00f3w. Nauka gramatyki galicyjskiej w spos\u00f3b zorganizowany zapewni p\u0142ynny i wydajny proces nauki, zapewniaj\u0105c jednocze\u015bnie g\u0142\u0119bokie zrozumienie tego bogatego i \u017cywego j\u0119zyka.<\/p>\n\n\n\n<h3 class=\"wp-block-heading\" id=\"h-1-nouns\">1. Rzeczowniki:<\/h3>\n\n\n\n<p>Zacznij od zrozumienia poj\u0119cia rzeczownik\u00f3w w j\u0119zyku galicyjskim, kt\u00f3re s\u0105 podzielone na dwa rodzaje (m\u0119ski i \u017ce\u0144ski) i mog\u0105 by\u0107 w liczbie pojedynczej lub mnogiej. Dowiedz si\u0119, jak je poprawnie rozpoznawa\u0107 i u\u017cywa\u0107 w zdaniach.<\/p>\n\n\n\n<h3 class=\"wp-block-heading\" id=\"h-2-articles\">2. Artyku\u0142y:<\/h3>\n\n\n\n<p>Przestudiuj rodzajniki okre\u015blone i nieokre\u015blone w j\u0119zyku galicyjskim, kt\u00f3re zgadzaj\u0105 si\u0119 pod wzgl\u0119dem rodzaju i liczby z rzeczownikami, kt\u00f3rym towarzysz\u0105. Pomo\u017ce to w skuteczniejszym tworzeniu fraz i podstawowych zda\u0144.<\/p>\n\n\n\n<h3 class=\"wp-block-heading\" id=\"h-3-adjectives\">3. Przymiotniki:<\/h3>\n\n\n\n<p>Dowiedz si\u0119 o przymiotnikach w j\u0119zyku galicyjskim, kt\u00f3re zgadzaj\u0105 si\u0119 pod wzgl\u0119dem rodzaju i liczby z rzeczownikami, kt\u00f3re modyfikuj\u0105. Zrozumienie zasad umieszczania i uzgadniania pozwoli Ci dok\u0142adnie opisa\u0107 przedmioty i osoby.<\/p>\n\n\n\n<h3 class=\"wp-block-heading\" id=\"h-4-pronouns-determiners\">4. Zaimki\/okre\u015blniki:<\/h3>\n\n\n\n<p>Zapoznaj si\u0119 z r\u00f3\u017cnymi rodzajami zaimk\u00f3w i okre\u015blnik\u00f3w w j\u0119zyku galicyjskim, kt\u00f3re mog\u0105 zast\u0105pi\u0107 lub wskaza\u0107 rzeczowniki w zdaniu. Obejmuje to mi\u0119dzy innymi zaimki osobowe, wskazuj\u0105ce, dzier\u017cawcze i pytaj\u0105ce.<\/p>\n\n\n\n<h3 class=\"wp-block-heading\" id=\"h-5-verbs\">5. Czasowniki:<\/h3>\n\n\n\n<p>Skoncentruj si\u0119 na koniugacji czasownik\u00f3w, kt\u00f3ra jest kluczowym aspektem gramatyki galicyjskiej. <a href=\"https:\/\/talkpal.ai\/pl\/naucz-sie-malajskiego\/\">Naucz si\u0119<\/a> r\u00f3\u017cnych czas\u00f3w i nastroj\u00f3w oraz \u0107wicz odmian\u0119 czasownik\u00f3w regularnych i nieregularnych.<\/p>\n\n\n\n<h3 class=\"wp-block-heading\" id=\"h-6-tense-comparison\">6. Por\u00f3wnanie czasu pracy:<\/h3>\n\n\n\n<p>Zrozum r\u00f3\u017cnice mi\u0119dzy r\u00f3\u017cnymi czasami w j\u0119zyku galicyjskim i <a href=\"https:\/\/talkpal.ai\/pl\/naucz-sie-malajskiego\/\">naucz si\u0119<\/a> ich poprawnie u\u017cywa\u0107, aby przekaza\u0107 odpowiednie odniesienie czasowe w mowie lub pi\u015bmie.<\/p>\n\n\n\n<h3 class=\"wp-block-heading\" id=\"h-7-progressive\">7. Progresywny:<\/h3>\n\n\n\n<p>Zapoznaj si\u0119 z aspektem progresywnym w j\u0119zyku galicyjskim, kt\u00f3ry wskazuje na trwaj\u0105c\u0105 czynno\u015b\u0107, i naucz si\u0119 go tworzy\u0107 i u\u017cywa\u0107 z r\u00f3\u017cnymi czasami.<\/p>\n\n\n\n<h3 class=\"wp-block-heading\" id=\"h-8-perfect-progressive\">8. Idealny progresywny:<\/h3>\n\n\n\n<p>Dowiedz si\u0119 wi\u0119cej o doskona\u0142ym aspekcie progresywnym, kt\u00f3ry \u0142\u0105czy w sobie aspekty doskona\u0142e i progresywne, aby wyrazi\u0107 dzia\u0142anie, kt\u00f3re trwa i mo\u017ce by\u0107 kontynuowane w przysz\u0142o\u015bci.<\/p>\n\n\n\n<h3 class=\"wp-block-heading\" id=\"h-9-adverbs\">9. Przys\u0142\u00f3wki:<\/h3>\n\n\n\n<p>Zapoznaj si\u0119 z przys\u0142\u00f3wkami galicyjskimi, kt\u00f3re dostarczaj\u0105 dodatkowych informacji o czasownikach, przymiotnikach lub innych przys\u0142\u00f3wkach. Naucz si\u0119 r\u00f3\u017cnych typ\u00f3w i zasad ich umieszczania w zdaniach.<\/p>\n\n\n\n<h3 class=\"wp-block-heading\" id=\"h-10-prepositions\">10. Przyimki:<\/h3>\n\n\n\n<p>Przestudiuj r\u00f3\u017cne przyimki w j\u0119zyku galicyjskim, kt\u00f3re pokazuj\u0105 zwi\u0105zek mi\u0119dzy elementami w zdaniu, takimi jak lokalizacja, kierunek, czas lub przyczyna.<\/p>\n\n\n\n<h3 class=\"wp-block-heading\" id=\"h-11-conditionals\">11. Wyra\u017cenia warunkowe:<\/h3>\n\n\n\n<p>Dowiedz si\u0119 wi\u0119cej o zdaniach warunkowych w j\u0119zyku galicyjskim, kt\u00f3re wyra\u017caj\u0105 hipotetyczne lub nierzeczywiste sytuacje i ich konsekwencje. Przestudiuj tworzenie i u\u017cycie r\u00f3\u017cnych typ\u00f3w instrukcji warunkowych.<\/p>\n\n\n\n<h3 class=\"wp-block-heading\" id=\"h-12-sentences\">12. Zdania:<\/h3>\n\n\n\n<p>Na koniec prze\u0107wicz \u0142\u0105czenie wszystkich wcze\u015bniej poznanych element\u00f3w gramatycznych, aby tworzy\u0107 proste i z\u0142o\u017cone zdania w j\u0119zyku galicyjskim. Pomo\u017ce to wzmocni\u0107 zrozumienie j\u0119zyka i zbudowa\u0107 p\u0142ynno\u015b\u0107.<\/p>\n<\/div><\/div>\n\r\n<section class=\"learnNavigationSection\">\r\n            \r\n        <a href=\"https:\/\/talkpal.ai\/pl\/naucz-sie-galicyjskiego\/\">\r\n            <div class=\"learnNavigationWrapper\">\r\n                <div class=\"learnNavigationContent\">\r\n                    <img decoding=\"async\" src=\"https:\/\/talkpal.ai\/wp-content\/uploads\/2024\/08\/Galician.jpg\" alt=\"Galicia Flag\">\r\n                    <div>\r\n                        <h4>O Galician Learning<\/h4>\r\n                        <p>Dowiedz si\u0119 wszystkiego o gramatyce galicyjskiej .<\/p>\r\n                    <\/div>\r\n                <\/div>\r\n            <\/div>\r\n        <\/a>\r\n\r\n        \r\n        <a href=\"https:\/\/talkpal.ai\/pl\/gramatyka-galicyjska\/\">\r\n            <div class=\"learnNavigationWrapper\">\r\n                <div class=\"learnNavigationContent\">\r\n                    <img decoding=\"async\" src=\"https:\/\/talkpal.ai\/wp-content\/uploads\/2024\/08\/Galician.jpg\" alt=\"Galicia Flag\">\r\n                    <div>\r\n                        <h4>Lekcje gramatyki galicyjskiej<\/h4>\r\n                        <p>\u0106wicz gramatyk\u0119 galicyjsk\u0105 .<\/p>\r\n                    <\/div>\r\n                <\/div>\r\n            <\/div>\r\n        <\/a>\r\n\r\n        \r\n        <a href=\"https:\/\/talkpal.ai\/vocabulary_language\/galician\/\">\r\n            <div class=\"learnNavigationWrapper\">\r\n                <div class=\"learnNavigationContent\">\r\n                    <img decoding=\"async\" src=\"https:\/\/talkpal.ai\/wp-content\/uploads\/2024\/08\/Galician.jpg\" alt=\"Galicia Flag\">\r\n                    <div>\r\n                        <h4>S\u0142ownictwo galicyjskie<\/h4>\r\n                        <p>Poszerz swoje galicyjskie s\u0142ownictwo.<\/p>\r\n                    <\/div>\r\n                <\/div>\r\n            <\/div>\r\n        <\/a>\r\n\r\n            <\/section>","protected":false},"excerpt":{"rendered":"<p>Zagadnienia gramatyczne w j\u0119zyku galicyjskim Gramatyka galicyjska to nauka o strukturze j\u0119zykowej, regu\u0142ach i sk\u0142adnikach j\u0119zyka galicyjskiego, j\u0119zyka roma\u0144skiego u\u017cywanego we wsp\u00f3lnocie autonomicznej Galicji w p\u00f3\u0142nocno-zachodniej Hiszpanii. Maj\u0105c bliski zwi\u0105zek z portugalskim, gramatyka galicyjska sk\u0142ada si\u0119 z r\u00f3\u017cnych element\u00f3w, kt\u00f3re pomagaj\u0105 w tworzeniu i zrozumieniu j\u0119zyka, takich jak koniugacja czasownik\u00f3w, zgodno\u015b\u0107 rzeczownik\u00f3w i przymiotnik\u00f3w oraz [&hellip;]<\/p>\n","protected":false},"author":6,"featured_media":111944,"parent":0,"menu_order":0,"comment_status":"closed","ping_status":"closed","template":"LearningContentPage.php","meta":{"_acf_changed":false,"footnotes":""},"class_list":["post-162927","page","type-page","status-publish","has-post-thumbnail","hentry"],"acf":[],"yoast_head":"<!-- This site is optimized with the Yoast SEO Premium plugin v27.2 (Yoast SEO v27.2) - https:\/\/yoast.com\/product\/yoast-seo-premium-wordpress\/ -->\n<title>\u0106wiczenia gramatyczne w j\u0119zyku galicyjskim - Talkpal<\/title>\n<meta name=\"description\" content=\"Z \u0142atwo\u015bci\u0105 \u0107wicz gramatyk\u0119 galicyjsk\u0105 - szybko poprawiaj swoje umiej\u0119tno\u015bci, anga\u017cuj si\u0119 w przejrzyste interaktywne \u0107wiczenia i zyskaj pewno\u015b\u0107 j\u0119zykow\u0105.\" \/>\n<meta name=\"robots\" content=\"index, follow, max-snippet:-1, max-image-preview:large, max-video-preview:-1\" \/>\n<link rel=\"canonical\" href=\"https:\/\/talkpal.ai\/pl\/cwiczenia-gramatyczne-w-jezyku-galicyjskim\/\" \/>\n<meta property=\"og:locale\" content=\"pl_PL\" \/>\n<meta property=\"og:type\" content=\"article\" \/>\n<meta property=\"og:title\" content=\"\u0106wiczenia gramatyczne w j\u0119zyku galicyjskim\" \/>\n<meta property=\"og:description\" content=\"Zagadnienia gramatyczne w j\u0119zyku galicyjskim Gramatyka galicyjska to nauka o strukturze j\u0119zykowej, regu\u0142ach i sk\u0142adnikach j\u0119zyka galicyjskiego, j\u0119zyka\" \/>\n<meta property=\"og:url\" content=\"https:\/\/talkpal.ai\/pl\/cwiczenia-gramatyczne-w-jezyku-galicyjskim\/\" \/>\n<meta property=\"og:site_name\" content=\"Talkpal\" \/>\n<meta property=\"article:publisher\" content=\"https:\/\/www.facebook.com\/profile.php?id=100090733639311\" \/>\n<meta property=\"article:modified_time\" content=\"2025-12-17T15:59:43+00:00\" \/>\n<meta property=\"og:image\" content=\"https:\/\/talkpal.ai\/wp-content\/uploads\/2023\/05\/Galician-spain.png\" \/>\n\t<meta property=\"og:image:width\" content=\"512\" \/>\n\t<meta property=\"og:image:height\" content=\"512\" \/>\n\t<meta property=\"og:image:type\" content=\"image\/png\" \/>\n<meta name=\"twitter:card\" content=\"summary_large_image\" \/>\n<meta name=\"twitter:site\" content=\"@talkpalai\" \/>\n<meta name=\"twitter:label1\" content=\"Szacowany czas czytania\" \/>\n\t<meta name=\"twitter:data1\" content=\"3 minuty\" \/>\n<script type=\"application\/ld+json\" class=\"yoast-schema-graph\">{\"@context\":\"https:\/\/schema.org\",\"@graph\":[{\"@type\":\"WebPage\",\"@id\":\"https:\/\/talkpal.ai\/pl\/cwiczenia-gramatyczne-w-jezyku-galicyjskim\/\",\"url\":\"https:\/\/talkpal.ai\/pl\/cwiczenia-gramatyczne-w-jezyku-galicyjskim\/\",\"name\":\"\u0106wiczenia gramatyczne w j\u0119zyku galicyjskim - Talkpal\",\"isPartOf\":{\"@id\":\"https:\/\/talkpal.ai\/pl\/#website\"},\"primaryImageOfPage\":{\"@id\":\"https:\/\/talkpal.ai\/pl\/cwiczenia-gramatyczne-w-jezyku-galicyjskim\/#primaryimage\"},\"image\":{\"@id\":\"https:\/\/talkpal.ai\/pl\/cwiczenia-gramatyczne-w-jezyku-galicyjskim\/#primaryimage\"},\"thumbnailUrl\":\"https:\/\/talkpal.ai\/wp-content\/uploads\/2023\/05\/Galician-spain.png\",\"datePublished\":\"2023-06-21T14:01:18+00:00\",\"dateModified\":\"2025-12-17T15:59:43+00:00\",\"description\":\"Z \u0142atwo\u015bci\u0105 \u0107wicz gramatyk\u0119 galicyjsk\u0105 - szybko poprawiaj swoje umiej\u0119tno\u015bci, anga\u017cuj si\u0119 w przejrzyste interaktywne \u0107wiczenia i zyskaj pewno\u015b\u0107 j\u0119zykow\u0105.\",\"breadcrumb\":{\"@id\":\"https:\/\/talkpal.ai\/pl\/cwiczenia-gramatyczne-w-jezyku-galicyjskim\/#breadcrumb\"},\"inLanguage\":\"pl-PL\",\"potentialAction\":[{\"@type\":\"ReadAction\",\"target\":[\"https:\/\/talkpal.ai\/pl\/cwiczenia-gramatyczne-w-jezyku-galicyjskim\/\"]}]},{\"@type\":\"ImageObject\",\"inLanguage\":\"pl-PL\",\"@id\":\"https:\/\/talkpal.ai\/pl\/cwiczenia-gramatyczne-w-jezyku-galicyjskim\/#primaryimage\",\"url\":\"https:\/\/talkpal.ai\/wp-content\/uploads\/2023\/05\/Galician-spain.png\",\"contentUrl\":\"https:\/\/talkpal.ai\/wp-content\/uploads\/2023\/05\/Galician-spain.png\",\"width\":512,\"height\":512},{\"@type\":\"BreadcrumbList\",\"@id\":\"https:\/\/talkpal.ai\/pl\/cwiczenia-gramatyczne-w-jezyku-galicyjskim\/#breadcrumb\",\"itemListElement\":[{\"@type\":\"ListItem\",\"position\":1,\"name\":\"Homepage\",\"item\":\"https:\/\/talkpal.ai\/pl\/\"},{\"@type\":\"ListItem\",\"position\":2,\"name\":\"\u0106wiczenia gramatyczne w j\u0119zyku galicyjskim\"}]},{\"@type\":\"WebSite\",\"@id\":\"https:\/\/talkpal.ai\/pl\/#website\",\"url\":\"https:\/\/talkpal.ai\/pl\/\",\"name\":\"Talkpal\",\"description\":\"AI Language Learning\",\"publisher\":{\"@id\":\"https:\/\/talkpal.ai\/pl\/#organization\"},\"alternateName\":\"Talkpal AI\",\"potentialAction\":[{\"@type\":\"SearchAction\",\"target\":{\"@type\":\"EntryPoint\",\"urlTemplate\":\"https:\/\/talkpal.ai\/pl\/?s={search_term_string}\"},\"query-input\":{\"@type\":\"PropertyValueSpecification\",\"valueRequired\":true,\"valueName\":\"search_term_string\"}}],\"inLanguage\":\"pl-PL\"},{\"@type\":\"Organization\",\"@id\":\"https:\/\/talkpal.ai\/pl\/#organization\",\"name\":\"Talkpal, Inc.\",\"alternateName\":\"Talkpal AI\",\"url\":\"https:\/\/talkpal.ai\/pl\/\",\"logo\":{\"@type\":\"ImageObject\",\"inLanguage\":\"pl-PL\",\"@id\":\"https:\/\/talkpal.ai\/pl\/#\/schema\/logo\/image\/\",\"url\":\"https:\/\/talkpal.ai\/wp-content\/uploads\/2024\/03\/Talkpal-Logo-Icon.png\",\"contentUrl\":\"https:\/\/talkpal.ai\/wp-content\/uploads\/2024\/03\/Talkpal-Logo-Icon.png\",\"width\":2880,\"height\":2880,\"caption\":\"Talkpal, Inc.\"},\"image\":{\"@id\":\"https:\/\/talkpal.ai\/pl\/#\/schema\/logo\/image\/\"},\"sameAs\":[\"https:\/\/www.facebook.com\/profile.php?id=100090733639311\",\"https:\/\/x.com\/talkpalai\",\"https:\/\/www.linkedin.com\/company\/talkpal\/\",\"https:\/\/www.youtube.com\/@TalkPal\/\",\"https:\/\/www.tiktok.com\/@talkpal\",\"https:\/\/www.instagram.com\/talkpal_ai\/\",\"https:\/\/www.crunchbase.com\/organization\/talkpal-9cde\",\"https:\/\/www.g2.com\/products\/talkpal-for-business\/\",\"https:\/\/www.trustpilot.com\/review\/talkpal.ai\",\"https:\/\/www.capterra.com\/p\/10006800\/TalkPal\/\"],\"description\":\"Talkpal is a language learning web and mobile education app, powered by the latest AI technologies, that provides engaging experiences to its customers in many different languages to help them improve their language skills. Users can chat about unlimited amount of topics with the app and use other modes to practice their language learning.\",\"email\":\"support@talkpal.ai\",\"legalName\":\"Talkpal, Inc.\",\"foundingDate\":\"2023-04-03\",\"duns\":\"118989042\",\"numberOfEmployees\":{\"@type\":\"QuantitativeValue\",\"minValue\":\"11\",\"maxValue\":\"50\"},\"publishingPrinciples\":\"https:\/\/talkpal.ai\/publishing-principles\/\",\"actionableFeedbackPolicy\":\"https:\/\/talkpal.ai\/actionable-feedback-policy\/\",\"correctionsPolicy\":\"https:\/\/talkpal.ai\/corrections-policy\/\",\"ethicsPolicy\":\"https:\/\/talkpal.ai\/ethics-policy\/\",\"diversityPolicy\":\"https:\/\/talkpal.ai\/diversity-policy\/\",\"diversityStaffingReport\":\"https:\/\/talkpal.ai\/diversity-policy\/\"}]}<\/script>\n<!-- \/ Yoast SEO Premium plugin. -->","yoast_head_json":{"title":"\u0106wiczenia gramatyczne w j\u0119zyku galicyjskim - Talkpal","description":"Z \u0142atwo\u015bci\u0105 \u0107wicz gramatyk\u0119 galicyjsk\u0105 - szybko poprawiaj swoje umiej\u0119tno\u015bci, anga\u017cuj si\u0119 w przejrzyste interaktywne \u0107wiczenia i zyskaj pewno\u015b\u0107 j\u0119zykow\u0105.","robots":{"index":"index","follow":"follow","max-snippet":"max-snippet:-1","max-image-preview":"max-image-preview:large","max-video-preview":"max-video-preview:-1"},"canonical":"https:\/\/talkpal.ai\/pl\/cwiczenia-gramatyczne-w-jezyku-galicyjskim\/","og_locale":"pl_PL","og_type":"article","og_title":"\u0106wiczenia gramatyczne w j\u0119zyku galicyjskim","og_description":"Zagadnienia gramatyczne w j\u0119zyku galicyjskim Gramatyka galicyjska to nauka o strukturze j\u0119zykowej, regu\u0142ach i sk\u0142adnikach j\u0119zyka galicyjskiego, j\u0119zyka","og_url":"https:\/\/talkpal.ai\/pl\/cwiczenia-gramatyczne-w-jezyku-galicyjskim\/","og_site_name":"Talkpal","article_publisher":"https:\/\/www.facebook.com\/profile.php?id=100090733639311","article_modified_time":"2025-12-17T15:59:43+00:00","og_image":[{"width":512,"height":512,"url":"https:\/\/talkpal.ai\/wp-content\/uploads\/2023\/05\/Galician-spain.png","type":"image\/png"}],"twitter_card":"summary_large_image","twitter_site":"@talkpalai","twitter_misc":{"Szacowany czas czytania":"3 minuty"},"schema":{"@context":"https:\/\/schema.org","@graph":[{"@type":"WebPage","@id":"https:\/\/talkpal.ai\/pl\/cwiczenia-gramatyczne-w-jezyku-galicyjskim\/","url":"https:\/\/talkpal.ai\/pl\/cwiczenia-gramatyczne-w-jezyku-galicyjskim\/","name":"\u0106wiczenia gramatyczne w j\u0119zyku galicyjskim - Talkpal","isPartOf":{"@id":"https:\/\/talkpal.ai\/pl\/#website"},"primaryImageOfPage":{"@id":"https:\/\/talkpal.ai\/pl\/cwiczenia-gramatyczne-w-jezyku-galicyjskim\/#primaryimage"},"image":{"@id":"https:\/\/talkpal.ai\/pl\/cwiczenia-gramatyczne-w-jezyku-galicyjskim\/#primaryimage"},"thumbnailUrl":"https:\/\/talkpal.ai\/wp-content\/uploads\/2023\/05\/Galician-spain.png","datePublished":"2023-06-21T14:01:18+00:00","dateModified":"2025-12-17T15:59:43+00:00","description":"Z \u0142atwo\u015bci\u0105 \u0107wicz gramatyk\u0119 galicyjsk\u0105 - szybko poprawiaj swoje umiej\u0119tno\u015bci, anga\u017cuj si\u0119 w przejrzyste interaktywne \u0107wiczenia i zyskaj pewno\u015b\u0107 j\u0119zykow\u0105.","breadcrumb":{"@id":"https:\/\/talkpal.ai\/pl\/cwiczenia-gramatyczne-w-jezyku-galicyjskim\/#breadcrumb"},"inLanguage":"pl-PL","potentialAction":[{"@type":"ReadAction","target":["https:\/\/talkpal.ai\/pl\/cwiczenia-gramatyczne-w-jezyku-galicyjskim\/"]}]},{"@type":"ImageObject","inLanguage":"pl-PL","@id":"https:\/\/talkpal.ai\/pl\/cwiczenia-gramatyczne-w-jezyku-galicyjskim\/#primaryimage","url":"https:\/\/talkpal.ai\/wp-content\/uploads\/2023\/05\/Galician-spain.png","contentUrl":"https:\/\/talkpal.ai\/wp-content\/uploads\/2023\/05\/Galician-spain.png","width":512,"height":512},{"@type":"BreadcrumbList","@id":"https:\/\/talkpal.ai\/pl\/cwiczenia-gramatyczne-w-jezyku-galicyjskim\/#breadcrumb","itemListElement":[{"@type":"ListItem","position":1,"name":"Homepage","item":"https:\/\/talkpal.ai\/pl\/"},{"@type":"ListItem","position":2,"name":"\u0106wiczenia gramatyczne w j\u0119zyku galicyjskim"}]},{"@type":"WebSite","@id":"https:\/\/talkpal.ai\/pl\/#website","url":"https:\/\/talkpal.ai\/pl\/","name":"Talkpal","description":"AI Language Learning","publisher":{"@id":"https:\/\/talkpal.ai\/pl\/#organization"},"alternateName":"Talkpal AI","potentialAction":[{"@type":"SearchAction","target":{"@type":"EntryPoint","urlTemplate":"https:\/\/talkpal.ai\/pl\/?s={search_term_string}"},"query-input":{"@type":"PropertyValueSpecification","valueRequired":true,"valueName":"search_term_string"}}],"inLanguage":"pl-PL"},{"@type":"Organization","@id":"https:\/\/talkpal.ai\/pl\/#organization","name":"Talkpal, Inc.","alternateName":"Talkpal AI","url":"https:\/\/talkpal.ai\/pl\/","logo":{"@type":"ImageObject","inLanguage":"pl-PL","@id":"https:\/\/talkpal.ai\/pl\/#\/schema\/logo\/image\/","url":"https:\/\/talkpal.ai\/wp-content\/uploads\/2024\/03\/Talkpal-Logo-Icon.png","contentUrl":"https:\/\/talkpal.ai\/wp-content\/uploads\/2024\/03\/Talkpal-Logo-Icon.png","width":2880,"height":2880,"caption":"Talkpal, Inc."},"image":{"@id":"https:\/\/talkpal.ai\/pl\/#\/schema\/logo\/image\/"},"sameAs":["https:\/\/www.facebook.com\/profile.php?id=100090733639311","https:\/\/x.com\/talkpalai","https:\/\/www.linkedin.com\/company\/talkpal\/","https:\/\/www.youtube.com\/@TalkPal\/","https:\/\/www.tiktok.com\/@talkpal","https:\/\/www.instagram.com\/talkpal_ai\/","https:\/\/www.crunchbase.com\/organization\/talkpal-9cde","https:\/\/www.g2.com\/products\/talkpal-for-business\/","https:\/\/www.trustpilot.com\/review\/talkpal.ai","https:\/\/www.capterra.com\/p\/10006800\/TalkPal\/"],"description":"Talkpal is a language learning web and mobile education app, powered by the latest AI technologies, that provides engaging experiences to its customers in many different languages to help them improve their language skills. Users can chat about unlimited amount of topics with the app and use other modes to practice their language learning.","email":"support@talkpal.ai","legalName":"Talkpal, Inc.","foundingDate":"2023-04-03","duns":"118989042","numberOfEmployees":{"@type":"QuantitativeValue","minValue":"11","maxValue":"50"},"publishingPrinciples":"https:\/\/talkpal.ai\/publishing-principles\/","actionableFeedbackPolicy":"https:\/\/talkpal.ai\/actionable-feedback-policy\/","correctionsPolicy":"https:\/\/talkpal.ai\/corrections-policy\/","ethicsPolicy":"https:\/\/talkpal.ai\/ethics-policy\/","diversityPolicy":"https:\/\/talkpal.ai\/diversity-policy\/","diversityStaffingReport":"https:\/\/talkpal.ai\/diversity-policy\/"}]}},"_links":{"self":[{"href":"https:\/\/talkpal.ai\/pl\/wp-json\/wp\/v2\/pages\/162927","targetHints":{"allow":["GET"]}}],"collection":[{"href":"https:\/\/talkpal.ai\/pl\/wp-json\/wp\/v2\/pages"}],"about":[{"href":"https:\/\/talkpal.ai\/pl\/wp-json\/wp\/v2\/types\/page"}],"author":[{"embeddable":true,"href":"https:\/\/talkpal.ai\/pl\/wp-json\/wp\/v2\/users\/6"}],"replies":[{"embeddable":true,"href":"https:\/\/talkpal.ai\/pl\/wp-json\/wp\/v2\/comments?post=162927"}],"version-history":[{"count":0,"href":"https:\/\/talkpal.ai\/pl\/wp-json\/wp\/v2\/pages\/162927\/revisions"}],"wp:featuredmedia":[{"embeddable":true,"href":"https:\/\/talkpal.ai\/pl\/wp-json\/wp\/v2\/media\/111944"}],"wp:attachment":[{"href":"https:\/\/talkpal.ai\/pl\/wp-json\/wp\/v2\/media?parent=162927"}],"curies":[{"name":"wp","href":"https:\/\/api.w.org\/{rel}","templated":true}]}}