{"id":162608,"date":"2023-06-21T14:18:43","date_gmt":"2023-06-21T14:18:43","guid":{"rendered":"http:\/\/talkpal.ai\/cwiczenia-z-gramatyki-greckiej\/"},"modified":"2025-12-17T16:04:15","modified_gmt":"2025-12-17T16:04:15","slug":"cwiczenia-z-gramatyki-greckiej","status":"publish","type":"page","link":"https:\/\/talkpal.ai\/pl\/cwiczenia-z-gramatyki-greckiej\/","title":{"rendered":"\u0106wiczenia z gramatyki greckiej"},"content":{"rendered":"\r\n\r\n\r\n<section class=\"languageChallengeSection\">\r\n    <div class=\"languageInfoWrapper\">\r\n        \r\n        <h1>\u0106wiczenia z gramatyki greckiej<\/h1>\r\n        <p>Sprawmy, by <a href=\"https:\/\/talkpal.ai\/pl\/najlepsza-aplikacja-do-nauki-greckiego-szybkie-efekty-gwarantowane\/\">nauka greckiego<\/a> by\u0142a przyjemna i \u0142atwa! Wypr\u00f3buj te proste \u0107wiczenia, aby prze\u0107wiczy\u0107 podstawy gramatyki greckiej i rozpocz\u0105\u0107 swoj\u0105 przygod\u0119 z j\u0119zykiem.<\/p>\r\n\r\n                            <a class=\"getStartedHidden\" href=\"https:\/\/app.talkpal.ai\/pl\/signup?lng=\">Zaczynaj<\/a>\r\n        \r\n    <\/div>\r\n\r\n    <figure>\r\n    <img decoding=\"async\" width=\"768\" height=\"768\" src=\"https:\/\/talkpal.ai\/wp-content\/uploads\/2023\/06\/greek-768x768.png\" class=\"languageImage no-lazy\" alt=\"Language learning to boost personal capability\" fetchpriority=\"high\" sizes=\"(max-width: 768px) 150px, 768px\" srcset=\"https:\/\/talkpal.ai\/wp-content\/uploads\/2023\/06\/greek-768x768.png 768w, https:\/\/talkpal.ai\/wp-content\/uploads\/2023\/06\/greek-300x300.png 300w\" \/>\r\n    \r\n\r\n    <\/figure>\r\n\r\n            <a class=\"getStartedVisible\" href=\"https:\/\/app.talkpal.ai\/pl\/signup?lng=\">Zaczynaj<\/a>\r\n    \r\n<\/section>\r\n\r\n\r\n<!-- <section class=\"grammarSection\">\r\n    <div class=\"grammarLinks\">\r\n            <\/div>\r\n<\/section> -->\r\n\r\n\r\n\r\n\r\n<section class=\"promotionalBanner\">\r\n    <p class=\"promotionalText\">Najbardziej efektywny spos\u00f3b nauki j\u0119zyka<\/p>\r\n    <a class=\"promotionalLink\" href=\"https:\/\/app.talkpal.ai\/pl\/signup?lng=\">Wypr\u00f3buj Talkpal za darmo<\/a>\r\n<\/section>\n<div class=\"wp-block-group pageContainerStyle\"><div class=\"wp-block-group__inner-container is-layout-constrained wp-block-group-is-layout-constrained\">\n<h2 class=\"wp-block-heading\" id=\"h-greek-grammar-topics\">Zagadnienia gramatyki greckiej<\/h2>\n\n\n\n<p>Nauka greckiego mo\u017ce by\u0107 niezwykle satysfakcjonuj\u0105cym do\u015bwiadczeniem, poniewa\u017c stanowi bram\u0119 do bogatej i r\u00f3\u017cnorodnej kultury, literatury i historii. J\u0119zyk <a href=\"https:\/\/talkpal.ai\/learn-greek\/\">grecki<\/a> ma unikaln\u0105 struktur\u0119 gramatyczn\u0105, kt\u00f3rej odkrywanie mo\u017ce by\u0107 fascynuj\u0105ce. Zapoznanie si\u0119 z gramatyk\u0105 greck\u0105 jest niezb\u0119dne do opanowania j\u0119zyka, poniewa\u017c umo\u017cliwi skuteczn\u0105 i dok\u0142adn\u0105 komunikacj\u0119. Ten przewodnik zawiera przegl\u0105d niekt\u00f3rych kluczowych temat\u00f3w gramatyki greckiej, pogrupowanych w kolejno\u015bci sprzyjaj\u0105cej nauce j\u0119zyka. Od czas\u00f3w i czasownik\u00f3w po przyimki i zdania, ten przewodnik wprowadzi Ci\u0119 na \u015bcie\u017ck\u0119 do bieg\u0142o\u015bci w j\u0119zyku greckim.<\/p>\n\n\n\n<h3 class=\"wp-block-heading\" id=\"h-1-nouns\">1. Rzeczowniki:<\/h3>\n\n\n\n<p>Rzeczowniki s\u0105 budulcem ka\u017cdego j\u0119zyka, a greka nie jest wyj\u0105tkiem. S\u0142u\u017c\u0105 do reprezentowania ludzi, miejsc, rzeczy lub idei. W j\u0119zyku greckim rzeczowniki maj\u0105 rodzaj (m\u0119ski, \u017ce\u0144ski lub nijaki), liczb\u0119 (w liczbie pojedynczej lub mnogiej) i przypadek (mianownik, dope\u0142niacz, biernik lub wo\u0142acz). Zrozumienie tych w\u0142a\u015bciwo\u015bci i ich fleksji ma kluczowe znaczenie dla tworzenia zda\u0144.<\/p>\n\n\n\n<h3 class=\"wp-block-heading\" id=\"h-2-articles\">2. Artyku\u0142y:<\/h3>\n\n\n\n<p>Rodzajniki w j\u0119zyku greckim s\u0105 niezb\u0119dne do okre\u015blenia okre\u015blono\u015bci rzeczownika. Zgadzaj\u0105 si\u0119 z rzeczownikiem w rodzaju, liczbie i przypadku. Istniej\u0105 przedimki okre\u015blone (odpowiadaj\u0105ce &#8222;the&#8221;) i nieokre\u015blone (odpowiadaj\u0105ce &#8222;a&#8221; lub &#8222;an&#8221;), kt\u00f3rych nale\u017cy si\u0119 nauczy\u0107 i u\u017cywa\u0107 poprawnie.<\/p>\n\n\n\n<h3 class=\"wp-block-heading\" id=\"h-3-adjectives\">3. Przymiotniki:<\/h3>\n\n\n\n<p>Przymiotniki opisuj\u0105 lub modyfikuj\u0105 rzeczowniki, dostarczaj\u0105c dodatkowych informacji o ich cechach lub cechach. W j\u0119zyku greckim przymiotniki zgadzaj\u0105 si\u0119 z rzeczownikami, kt\u00f3re modyfikuj\u0105 pod wzgl\u0119dem rodzaju, liczby i przypadku, i maj\u0105 r\u00f3\u017cne deklinacje w zale\u017cno\u015bci od tych w\u0142a\u015bciwo\u015bci.<\/p>\n\n\n\n<h3 class=\"wp-block-heading\" id=\"h-4-pronouns-determiners\">4. Zaimki\/okre\u015blniki:<\/h3>\n\n\n\n<p>Zaimki s\u0105 u\u017cywane do zast\u0119powania rzeczownik\u00f3w, podczas gdy okre\u015blniki je okre\u015blaj\u0105 lub okre\u015blaj\u0105 ilo\u015bciowo. W j\u0119zyku greckim zar\u00f3wno zaimki, jak i okre\u015blniki odmieniaj\u0105 si\u0119 przez rodzaj, liczb\u0119 i przypadek, podobnie jak rzeczowniki i przymiotniki. Niekt\u00f3re przyk\u0142ady obejmuj\u0105 zaimki osobowe (ja, ty, on, ona itp.), zaimki wskazuj\u0105ce (to, tamto) i zaimki dzier\u017cawcze (m\u00f3j, tw\u00f3j, jego, jej itp.).<\/p>\n\n\n\n<h3 class=\"wp-block-heading\" id=\"h-5-verbs\">5. Czasowniki:<\/h3>\n\n\n\n<p>Czasowniki wyra\u017caj\u0105 czynno\u015bci, wyst\u0105pienia lub stany. Czasowniki greckie maj\u0105 r\u00f3\u017cne formy w zale\u017cno\u015bci od czasu, nastroju, g\u0142osu i osoby. Zrozumienie r\u00f3\u017cnych koniugacji i sposobu ich u\u017cycia ma kluczowe znaczenie dla konstruowania i rozumienia zda\u0144.<\/p>\n\n\n\n<h3 class=\"wp-block-heading\" id=\"h-6-tenses\">6. Czasy:<\/h3>\n\n\n\n<p>J\u0119zyk grecki ma kilka czas\u00f3w, takich jak tera\u017aniejszy, przesz\u0142y i przysz\u0142y. Ka\u017cdy czas s\u0142u\u017cy do wskazania czasu akcji, zdarzenia lub stanu. Poznanie r\u00f3\u017cnych czas\u00f3w i ich koniugacji pomo\u017ce Ci dok\u0142adnie wyrazi\u0107 siebie i zrozumie\u0107 innych.<\/p>\n\n\n\n<h3 class=\"wp-block-heading\" id=\"h-7-tense-comparison\">7. Por\u00f3wnanie czasu:<\/h3>\n\n\n\n<p>Por\u00f3wnywanie czas\u00f3w w j\u0119zyku greckim jest wa\u017cne dla zrozumienia niuans\u00f3w j\u0119zyka. Wi\u0105\u017ce si\u0119 to z nauk\u0105 wyra\u017cania dzia\u0142a\u0144 lub stan\u00f3w, kt\u00f3re wyst\u0119puj\u0105 jednocze\u015bnie, sekwencyjnie lub warunkowo.<\/p>\n\n\n\n<h3 class=\"wp-block-heading\" id=\"h-8-progressive\">8. Progresywny:<\/h3>\n\n\n\n<p>Aspekt progresywny w j\u0119zyku greckim jest u\u017cywany do wskazania trwaj\u0105cych lub ci\u0105g\u0142ych dzia\u0142a\u0144. Nauczenie si\u0119, jak tworzy\u0107 i wykorzystywa\u0107 aspekt progresywny, pomo\u017ce Ci przekaza\u0107 dzia\u0142ania, kt\u00f3re maj\u0105 miejsce w tej chwili lub mia\u0142y miejsce w przesz\u0142o\u015bci.<\/p>\n\n\n\n<h3 class=\"wp-block-heading\" id=\"h-9-perfect-progressive\">9. Idealny progresywny:<\/h3>\n\n\n\n<p>Aspekt doskona\u0142ego post\u0119pu w j\u0119zyku greckim \u0142\u0105czy w sobie koncepcje dope\u0142nienia i ci\u0105g\u0142o\u015bci. S\u0142u\u017cy do wyra\u017cania dzia\u0142a\u0144 lub stan\u00f3w, kt\u00f3re rozpocz\u0119\u0142y si\u0119 w przesz\u0142o\u015bci i trwa\u0142y do pewnego momentu w czasie.<\/p>\n\n\n\n<h3 class=\"wp-block-heading\" id=\"h-10-adverbs\">10. Przys\u0142\u00f3wki:<\/h3>\n\n\n\n<p>Przys\u0142\u00f3wki dostarczaj\u0105 dodatkowych informacji o czasownikach, przymiotnikach lub innych przys\u0142\u00f3wkach. Mog\u0105 wyra\u017ca\u0107 spos\u00f3b, cz\u0119stotliwo\u015b\u0107, stopie\u0144, czas lub miejsce. Poznanie r\u00f3\u017cnych rodzaj\u00f3w przys\u0142\u00f3wk\u00f3w i ich w\u0142a\u015bciwego rozmieszczenia w zdaniu poprawi og\u00f3ln\u0105 p\u0142ynno\u015b\u0107 w j\u0119zyku greckim.<\/p>\n\n\n\n<h3 class=\"wp-block-heading\" id=\"h-11-conditionals\">11. Wyra\u017cenia warunkowe:<\/h3>\n\n\n\n<p>Instrukcje warunkowe s\u0142u\u017c\u0105 do wyra\u017cania hipotetycznych sytuacji i ich konsekwencji. J\u0119zyk grecki ma kilka rodzaj\u00f3w instrukcji warunkowych, w tym rzeczywiste, nierzeczywiste i mieszane. Zrozumienie i u\u017cywanie instrukcji warunkowych jest niezb\u0119dne do wyra\u017cania z\u0142o\u017conych my\u015bli i idei.<\/p>\n\n\n\n<h3 class=\"wp-block-heading\" id=\"h-12-prepositions\">12. Przyimki:<\/h3>\n\n\n\n<p>Przyimki to ma\u0142e s\u0142owa, kt\u00f3re wskazuj\u0105 relacje mi\u0119dzy rzeczownikami, zaimkami lub innymi s\u0142owami w zdaniu. Mog\u0105 wyra\u017ca\u0107 lokalizacj\u0119, czas, kierunek, przyczyn\u0119 i nie tylko. Poznanie r\u00f3\u017cnych przyimk\u00f3w i ich poprawne u\u017cycie pomo\u017ce Ci tworzy\u0107 bardziej precyzyjne i sp\u00f3jne zdania.<\/p>\n\n\n\n<h3 class=\"wp-block-heading\" id=\"h-13-sentences\">13. Zdania:<\/h3>\n\n\n\n<p>Wreszcie, opanowanie struktury zda\u0144 jest niezb\u0119dne do skutecznego komunikowania si\u0119 w j\u0119zyku greckim. Wi\u0105\u017ce si\u0119 to ze zrozumieniem prawid\u0142owego szyku s\u0142\u00f3w i u\u017cyciem r\u00f3\u017cnych element\u00f3w gramatycznych, takich jak podmiot, czasownik i dope\u0142nienie. Ucz\u0105c si\u0119, jak konstruowa\u0107 r\u00f3\u017cne rodzaje zda\u0144, b\u0119dziesz na dobrej drodze do osi\u0105gni\u0119cia bieg\u0142o\u015bci w j\u0119zyku greckim.<\/p>\n<\/div><\/div>\n\r\n<section class=\"learnNavigationSection\">\r\n            \r\n        <a href=\"https:\/\/talkpal.ai\/pl\/naucz-sie-greckiego\/\">\r\n            <div class=\"learnNavigationWrapper\">\r\n                <div class=\"learnNavigationContent\">\r\n                    <img decoding=\"async\" src=\"https:\/\/talkpal.ai\/wp-content\/uploads\/2024\/08\/Greek.jpg\" alt=\"Greek Flag\">\r\n                    <div>\r\n                        <h4>O Greek Learning<\/h4>\r\n                        <p>Dowiedz si\u0119 wszystkiego o gramatyce greckiej.<\/p>\r\n                    <\/div>\r\n                <\/div>\r\n            <\/div>\r\n        <\/a>\r\n\r\n        \r\n        <a href=\"https:\/\/talkpal.ai\/pl\/gramatyka-grecka\/\">\r\n            <div class=\"learnNavigationWrapper\">\r\n                <div class=\"learnNavigationContent\">\r\n                    <img decoding=\"async\" src=\"https:\/\/talkpal.ai\/wp-content\/uploads\/2024\/08\/Greek.jpg\" alt=\"Greek Flag\">\r\n                    <div>\r\n                        <h4>Lekcje gramatyki greckiej<\/h4>\r\n                        <p>\u0106wicz gramatyk\u0119 greck\u0105.<\/p>\r\n                    <\/div>\r\n                <\/div>\r\n            <\/div>\r\n        <\/a>\r\n\r\n        \r\n        <a href=\"https:\/\/talkpal.ai\/vocabulary_language\/greek\/\">\r\n            <div class=\"learnNavigationWrapper\">\r\n                <div class=\"learnNavigationContent\">\r\n                    <img decoding=\"async\" src=\"https:\/\/talkpal.ai\/wp-content\/uploads\/2024\/08\/Greek.jpg\" alt=\"Greek Flag\">\r\n                    <div>\r\n                        <h4>S\u0142ownictwo greckie<\/h4>\r\n                        <p>Poszerz swoje greckie s\u0142ownictwo.<\/p>\r\n                    <\/div>\r\n                <\/div>\r\n            <\/div>\r\n        <\/a>\r\n\r\n            <\/section>","protected":false},"excerpt":{"rendered":"<p>Zagadnienia gramatyki greckiej Nauka greckiego mo\u017ce by\u0107 niezwykle satysfakcjonuj\u0105cym do\u015bwiadczeniem, poniewa\u017c stanowi bram\u0119 do bogatej i r\u00f3\u017cnorodnej kultury, literatury i historii. J\u0119zyk grecki ma unikaln\u0105 struktur\u0119 gramatyczn\u0105, kt\u00f3rej odkrywanie mo\u017ce by\u0107 fascynuj\u0105ce. Zapoznanie si\u0119 z gramatyk\u0105 greck\u0105 jest niezb\u0119dne do opanowania j\u0119zyka, poniewa\u017c umo\u017cliwi skuteczn\u0105 i dok\u0142adn\u0105 komunikacj\u0119. Ten przewodnik zawiera przegl\u0105d niekt\u00f3rych kluczowych temat\u00f3w [&hellip;]<\/p>\n","protected":false},"author":6,"featured_media":112674,"parent":0,"menu_order":0,"comment_status":"closed","ping_status":"closed","template":"LearningContentPage.php","meta":{"_acf_changed":false,"footnotes":""},"class_list":["post-162608","page","type-page","status-publish","has-post-thumbnail","hentry"],"acf":[],"yoast_head":"<!-- This site is optimized with the Yoast SEO Premium plugin v27.2 (Yoast SEO v27.2) - https:\/\/yoast.com\/product\/yoast-seo-premium-wordpress\/ -->\n<title>\u0106wiczenia z gramatyki greckiej - Talkpal<\/title>\n<meta name=\"description\" content=\"\u0141atwo popraw swoje umiej\u0119tno\u015bci w zakresie gramatyki greckiej - \u0107wicz interaktywne \u0107wiczenia, szybko poprawiaj swoje umiej\u0119tno\u015bci i buduj pewno\u015b\u0107 siebie dzi\u0119ki Talkpal AI.\" \/>\n<meta name=\"robots\" content=\"index, follow, max-snippet:-1, max-image-preview:large, max-video-preview:-1\" \/>\n<link rel=\"canonical\" href=\"https:\/\/talkpal.ai\/pl\/cwiczenia-z-gramatyki-greckiej\/\" \/>\n<meta property=\"og:locale\" content=\"pl_PL\" \/>\n<meta property=\"og:type\" content=\"article\" \/>\n<meta property=\"og:title\" content=\"\u0106wiczenia z gramatyki greckiej\" \/>\n<meta property=\"og:description\" content=\"Zagadnienia gramatyki greckiej Nauka greckiego mo\u017ce by\u0107 niezwykle satysfakcjonuj\u0105cym do\u015bwiadczeniem, poniewa\u017c stanowi bram\u0119 do bogatej i r\u00f3\u017cnorodnej\" \/>\n<meta property=\"og:url\" content=\"https:\/\/talkpal.ai\/pl\/cwiczenia-z-gramatyki-greckiej\/\" \/>\n<meta property=\"og:site_name\" content=\"Talkpal\" \/>\n<meta property=\"article:publisher\" content=\"https:\/\/www.facebook.com\/profile.php?id=100090733639311\" \/>\n<meta property=\"article:modified_time\" content=\"2025-12-17T16:04:15+00:00\" \/>\n<meta property=\"og:image\" content=\"https:\/\/talkpal.ai\/wp-content\/uploads\/2023\/05\/greece.png\" \/>\n\t<meta property=\"og:image:width\" content=\"512\" \/>\n\t<meta property=\"og:image:height\" content=\"512\" \/>\n\t<meta property=\"og:image:type\" content=\"image\/png\" \/>\n<meta name=\"twitter:card\" content=\"summary_large_image\" \/>\n<meta name=\"twitter:site\" content=\"@talkpalai\" \/>\n<meta name=\"twitter:label1\" content=\"Szacowany czas czytania\" \/>\n\t<meta name=\"twitter:data1\" content=\"4 minuty\" \/>\n<script type=\"application\/ld+json\" class=\"yoast-schema-graph\">{\"@context\":\"https:\/\/schema.org\",\"@graph\":[{\"@type\":\"WebPage\",\"@id\":\"https:\/\/talkpal.ai\/pl\/cwiczenia-z-gramatyki-greckiej\/\",\"url\":\"https:\/\/talkpal.ai\/pl\/cwiczenia-z-gramatyki-greckiej\/\",\"name\":\"\u0106wiczenia z gramatyki greckiej - Talkpal\",\"isPartOf\":{\"@id\":\"https:\/\/talkpal.ai\/pl\/#website\"},\"primaryImageOfPage\":{\"@id\":\"https:\/\/talkpal.ai\/pl\/cwiczenia-z-gramatyki-greckiej\/#primaryimage\"},\"image\":{\"@id\":\"https:\/\/talkpal.ai\/pl\/cwiczenia-z-gramatyki-greckiej\/#primaryimage\"},\"thumbnailUrl\":\"https:\/\/talkpal.ai\/wp-content\/uploads\/2023\/05\/greece.png\",\"datePublished\":\"2023-06-21T14:18:43+00:00\",\"dateModified\":\"2025-12-17T16:04:15+00:00\",\"description\":\"\u0141atwo popraw swoje umiej\u0119tno\u015bci w zakresie gramatyki greckiej - \u0107wicz interaktywne \u0107wiczenia, szybko poprawiaj swoje umiej\u0119tno\u015bci i buduj pewno\u015b\u0107 siebie dzi\u0119ki Talkpal AI.\",\"breadcrumb\":{\"@id\":\"https:\/\/talkpal.ai\/pl\/cwiczenia-z-gramatyki-greckiej\/#breadcrumb\"},\"inLanguage\":\"pl-PL\",\"potentialAction\":[{\"@type\":\"ReadAction\",\"target\":[\"https:\/\/talkpal.ai\/pl\/cwiczenia-z-gramatyki-greckiej\/\"]}]},{\"@type\":\"ImageObject\",\"inLanguage\":\"pl-PL\",\"@id\":\"https:\/\/talkpal.ai\/pl\/cwiczenia-z-gramatyki-greckiej\/#primaryimage\",\"url\":\"https:\/\/talkpal.ai\/wp-content\/uploads\/2023\/05\/greece.png\",\"contentUrl\":\"https:\/\/talkpal.ai\/wp-content\/uploads\/2023\/05\/greece.png\",\"width\":512,\"height\":512},{\"@type\":\"BreadcrumbList\",\"@id\":\"https:\/\/talkpal.ai\/pl\/cwiczenia-z-gramatyki-greckiej\/#breadcrumb\",\"itemListElement\":[{\"@type\":\"ListItem\",\"position\":1,\"name\":\"Homepage\",\"item\":\"https:\/\/talkpal.ai\/pl\/\"},{\"@type\":\"ListItem\",\"position\":2,\"name\":\"\u0106wiczenia z gramatyki greckiej\"}]},{\"@type\":\"WebSite\",\"@id\":\"https:\/\/talkpal.ai\/pl\/#website\",\"url\":\"https:\/\/talkpal.ai\/pl\/\",\"name\":\"Talkpal\",\"description\":\"AI Language Learning\",\"publisher\":{\"@id\":\"https:\/\/talkpal.ai\/pl\/#organization\"},\"alternateName\":\"Talkpal AI\",\"potentialAction\":[{\"@type\":\"SearchAction\",\"target\":{\"@type\":\"EntryPoint\",\"urlTemplate\":\"https:\/\/talkpal.ai\/pl\/?s={search_term_string}\"},\"query-input\":{\"@type\":\"PropertyValueSpecification\",\"valueRequired\":true,\"valueName\":\"search_term_string\"}}],\"inLanguage\":\"pl-PL\"},{\"@type\":\"Organization\",\"@id\":\"https:\/\/talkpal.ai\/pl\/#organization\",\"name\":\"Talkpal, Inc.\",\"alternateName\":\"Talkpal AI\",\"url\":\"https:\/\/talkpal.ai\/pl\/\",\"logo\":{\"@type\":\"ImageObject\",\"inLanguage\":\"pl-PL\",\"@id\":\"https:\/\/talkpal.ai\/pl\/#\/schema\/logo\/image\/\",\"url\":\"https:\/\/talkpal.ai\/wp-content\/uploads\/2024\/03\/Talkpal-Logo-Icon.png\",\"contentUrl\":\"https:\/\/talkpal.ai\/wp-content\/uploads\/2024\/03\/Talkpal-Logo-Icon.png\",\"width\":2880,\"height\":2880,\"caption\":\"Talkpal, Inc.\"},\"image\":{\"@id\":\"https:\/\/talkpal.ai\/pl\/#\/schema\/logo\/image\/\"},\"sameAs\":[\"https:\/\/www.facebook.com\/profile.php?id=100090733639311\",\"https:\/\/x.com\/talkpalai\",\"https:\/\/www.linkedin.com\/company\/talkpal\/\",\"https:\/\/www.youtube.com\/@TalkPal\/\",\"https:\/\/www.tiktok.com\/@talkpal\",\"https:\/\/www.instagram.com\/talkpal_ai\/\",\"https:\/\/www.crunchbase.com\/organization\/talkpal-9cde\",\"https:\/\/www.g2.com\/products\/talkpal-for-business\/\",\"https:\/\/www.trustpilot.com\/review\/talkpal.ai\",\"https:\/\/www.capterra.com\/p\/10006800\/TalkPal\/\"],\"description\":\"Talkpal is a language learning web and mobile education app, powered by the latest AI technologies, that provides engaging experiences to its customers in many different languages to help them improve their language skills. Users can chat about unlimited amount of topics with the app and use other modes to practice their language learning.\",\"email\":\"support@talkpal.ai\",\"legalName\":\"Talkpal, Inc.\",\"foundingDate\":\"2023-04-03\",\"duns\":\"118989042\",\"numberOfEmployees\":{\"@type\":\"QuantitativeValue\",\"minValue\":\"11\",\"maxValue\":\"50\"},\"publishingPrinciples\":\"https:\/\/talkpal.ai\/publishing-principles\/\",\"actionableFeedbackPolicy\":\"https:\/\/talkpal.ai\/actionable-feedback-policy\/\",\"correctionsPolicy\":\"https:\/\/talkpal.ai\/corrections-policy\/\",\"ethicsPolicy\":\"https:\/\/talkpal.ai\/ethics-policy\/\",\"diversityPolicy\":\"https:\/\/talkpal.ai\/diversity-policy\/\",\"diversityStaffingReport\":\"https:\/\/talkpal.ai\/diversity-policy\/\"}]}<\/script>\n<!-- \/ Yoast SEO Premium plugin. -->","yoast_head_json":{"title":"\u0106wiczenia z gramatyki greckiej - Talkpal","description":"\u0141atwo popraw swoje umiej\u0119tno\u015bci w zakresie gramatyki greckiej - \u0107wicz interaktywne \u0107wiczenia, szybko poprawiaj swoje umiej\u0119tno\u015bci i buduj pewno\u015b\u0107 siebie dzi\u0119ki Talkpal AI.","robots":{"index":"index","follow":"follow","max-snippet":"max-snippet:-1","max-image-preview":"max-image-preview:large","max-video-preview":"max-video-preview:-1"},"canonical":"https:\/\/talkpal.ai\/pl\/cwiczenia-z-gramatyki-greckiej\/","og_locale":"pl_PL","og_type":"article","og_title":"\u0106wiczenia z gramatyki greckiej","og_description":"Zagadnienia gramatyki greckiej Nauka greckiego mo\u017ce by\u0107 niezwykle satysfakcjonuj\u0105cym do\u015bwiadczeniem, poniewa\u017c stanowi bram\u0119 do bogatej i r\u00f3\u017cnorodnej","og_url":"https:\/\/talkpal.ai\/pl\/cwiczenia-z-gramatyki-greckiej\/","og_site_name":"Talkpal","article_publisher":"https:\/\/www.facebook.com\/profile.php?id=100090733639311","article_modified_time":"2025-12-17T16:04:15+00:00","og_image":[{"width":512,"height":512,"url":"https:\/\/talkpal.ai\/wp-content\/uploads\/2023\/05\/greece.png","type":"image\/png"}],"twitter_card":"summary_large_image","twitter_site":"@talkpalai","twitter_misc":{"Szacowany czas czytania":"4 minuty"},"schema":{"@context":"https:\/\/schema.org","@graph":[{"@type":"WebPage","@id":"https:\/\/talkpal.ai\/pl\/cwiczenia-z-gramatyki-greckiej\/","url":"https:\/\/talkpal.ai\/pl\/cwiczenia-z-gramatyki-greckiej\/","name":"\u0106wiczenia z gramatyki greckiej - Talkpal","isPartOf":{"@id":"https:\/\/talkpal.ai\/pl\/#website"},"primaryImageOfPage":{"@id":"https:\/\/talkpal.ai\/pl\/cwiczenia-z-gramatyki-greckiej\/#primaryimage"},"image":{"@id":"https:\/\/talkpal.ai\/pl\/cwiczenia-z-gramatyki-greckiej\/#primaryimage"},"thumbnailUrl":"https:\/\/talkpal.ai\/wp-content\/uploads\/2023\/05\/greece.png","datePublished":"2023-06-21T14:18:43+00:00","dateModified":"2025-12-17T16:04:15+00:00","description":"\u0141atwo popraw swoje umiej\u0119tno\u015bci w zakresie gramatyki greckiej - \u0107wicz interaktywne \u0107wiczenia, szybko poprawiaj swoje umiej\u0119tno\u015bci i buduj pewno\u015b\u0107 siebie dzi\u0119ki Talkpal AI.","breadcrumb":{"@id":"https:\/\/talkpal.ai\/pl\/cwiczenia-z-gramatyki-greckiej\/#breadcrumb"},"inLanguage":"pl-PL","potentialAction":[{"@type":"ReadAction","target":["https:\/\/talkpal.ai\/pl\/cwiczenia-z-gramatyki-greckiej\/"]}]},{"@type":"ImageObject","inLanguage":"pl-PL","@id":"https:\/\/talkpal.ai\/pl\/cwiczenia-z-gramatyki-greckiej\/#primaryimage","url":"https:\/\/talkpal.ai\/wp-content\/uploads\/2023\/05\/greece.png","contentUrl":"https:\/\/talkpal.ai\/wp-content\/uploads\/2023\/05\/greece.png","width":512,"height":512},{"@type":"BreadcrumbList","@id":"https:\/\/talkpal.ai\/pl\/cwiczenia-z-gramatyki-greckiej\/#breadcrumb","itemListElement":[{"@type":"ListItem","position":1,"name":"Homepage","item":"https:\/\/talkpal.ai\/pl\/"},{"@type":"ListItem","position":2,"name":"\u0106wiczenia z gramatyki greckiej"}]},{"@type":"WebSite","@id":"https:\/\/talkpal.ai\/pl\/#website","url":"https:\/\/talkpal.ai\/pl\/","name":"Talkpal","description":"AI Language Learning","publisher":{"@id":"https:\/\/talkpal.ai\/pl\/#organization"},"alternateName":"Talkpal AI","potentialAction":[{"@type":"SearchAction","target":{"@type":"EntryPoint","urlTemplate":"https:\/\/talkpal.ai\/pl\/?s={search_term_string}"},"query-input":{"@type":"PropertyValueSpecification","valueRequired":true,"valueName":"search_term_string"}}],"inLanguage":"pl-PL"},{"@type":"Organization","@id":"https:\/\/talkpal.ai\/pl\/#organization","name":"Talkpal, Inc.","alternateName":"Talkpal AI","url":"https:\/\/talkpal.ai\/pl\/","logo":{"@type":"ImageObject","inLanguage":"pl-PL","@id":"https:\/\/talkpal.ai\/pl\/#\/schema\/logo\/image\/","url":"https:\/\/talkpal.ai\/wp-content\/uploads\/2024\/03\/Talkpal-Logo-Icon.png","contentUrl":"https:\/\/talkpal.ai\/wp-content\/uploads\/2024\/03\/Talkpal-Logo-Icon.png","width":2880,"height":2880,"caption":"Talkpal, Inc."},"image":{"@id":"https:\/\/talkpal.ai\/pl\/#\/schema\/logo\/image\/"},"sameAs":["https:\/\/www.facebook.com\/profile.php?id=100090733639311","https:\/\/x.com\/talkpalai","https:\/\/www.linkedin.com\/company\/talkpal\/","https:\/\/www.youtube.com\/@TalkPal\/","https:\/\/www.tiktok.com\/@talkpal","https:\/\/www.instagram.com\/talkpal_ai\/","https:\/\/www.crunchbase.com\/organization\/talkpal-9cde","https:\/\/www.g2.com\/products\/talkpal-for-business\/","https:\/\/www.trustpilot.com\/review\/talkpal.ai","https:\/\/www.capterra.com\/p\/10006800\/TalkPal\/"],"description":"Talkpal is a language learning web and mobile education app, powered by the latest AI technologies, that provides engaging experiences to its customers in many different languages to help them improve their language skills. Users can chat about unlimited amount of topics with the app and use other modes to practice their language learning.","email":"support@talkpal.ai","legalName":"Talkpal, Inc.","foundingDate":"2023-04-03","duns":"118989042","numberOfEmployees":{"@type":"QuantitativeValue","minValue":"11","maxValue":"50"},"publishingPrinciples":"https:\/\/talkpal.ai\/publishing-principles\/","actionableFeedbackPolicy":"https:\/\/talkpal.ai\/actionable-feedback-policy\/","correctionsPolicy":"https:\/\/talkpal.ai\/corrections-policy\/","ethicsPolicy":"https:\/\/talkpal.ai\/ethics-policy\/","diversityPolicy":"https:\/\/talkpal.ai\/diversity-policy\/","diversityStaffingReport":"https:\/\/talkpal.ai\/diversity-policy\/"}]}},"_links":{"self":[{"href":"https:\/\/talkpal.ai\/pl\/wp-json\/wp\/v2\/pages\/162608","targetHints":{"allow":["GET"]}}],"collection":[{"href":"https:\/\/talkpal.ai\/pl\/wp-json\/wp\/v2\/pages"}],"about":[{"href":"https:\/\/talkpal.ai\/pl\/wp-json\/wp\/v2\/types\/page"}],"author":[{"embeddable":true,"href":"https:\/\/talkpal.ai\/pl\/wp-json\/wp\/v2\/users\/6"}],"replies":[{"embeddable":true,"href":"https:\/\/talkpal.ai\/pl\/wp-json\/wp\/v2\/comments?post=162608"}],"version-history":[{"count":0,"href":"https:\/\/talkpal.ai\/pl\/wp-json\/wp\/v2\/pages\/162608\/revisions"}],"wp:featuredmedia":[{"embeddable":true,"href":"https:\/\/talkpal.ai\/pl\/wp-json\/wp\/v2\/media\/112674"}],"wp:attachment":[{"href":"https:\/\/talkpal.ai\/pl\/wp-json\/wp\/v2\/media?parent=162608"}],"curies":[{"name":"wp","href":"https:\/\/api.w.org\/{rel}","templated":true}]}}