{"id":162347,"date":"2023-06-21T14:25:56","date_gmt":"2023-06-21T14:25:56","guid":{"rendered":"http:\/\/talkpal.ai\/cwiczenia-z-gramatyki-hebrajskiej\/"},"modified":"2025-12-17T16:05:49","modified_gmt":"2025-12-17T16:05:49","slug":"cwiczenia-z-gramatyki-hebrajskiej","status":"publish","type":"page","link":"https:\/\/talkpal.ai\/pl\/cwiczenia-z-gramatyki-hebrajskiej\/","title":{"rendered":"\u0106wiczenia z gramatyki hebrajskiej"},"content":{"rendered":"\r\n\r\n\r\n<section class=\"languageChallengeSection\">\r\n    <div class=\"languageInfoWrapper\">\r\n        \r\n        <h1>\u0106wiczenia z gramatyki hebrajskiej<\/h1>\r\n        <p>Gotowy, by zag\u0142\u0119bi\u0107 si\u0119 w gramatyk\u0119 hebrajsk\u0105? Te proste \u0107wiczenia pomog\u0105 ci oswoi\u0107 si\u0119 z podstawami i zbudowa\u0107 pewno\u015b\u0107 siebie podczas nauki tego pi\u0119knego j\u0119zyka.<\/p>\r\n\r\n                            <a class=\"getStartedHidden\" href=\"https:\/\/app.talkpal.ai\/pl\/signup?lng=\">Zaczynaj<\/a>\r\n        \r\n    <\/div>\r\n\r\n    <figure>\r\n    <img decoding=\"async\" width=\"768\" height=\"768\" src=\"https:\/\/talkpal.ai\/wp-content\/uploads\/2023\/06\/hebrew-768x768.png\" class=\"languageImage no-lazy\" alt=\"Language learning for proficient communication\" fetchpriority=\"high\" sizes=\"(max-width: 768px) 150px, 768px\" srcset=\"https:\/\/talkpal.ai\/wp-content\/uploads\/2023\/06\/hebrew-768x768.png 768w, https:\/\/talkpal.ai\/wp-content\/uploads\/2023\/06\/hebrew-300x300.png 300w\" \/>\r\n    \r\n\r\n    <\/figure>\r\n\r\n            <a class=\"getStartedVisible\" href=\"https:\/\/app.talkpal.ai\/pl\/signup?lng=\">Zaczynaj<\/a>\r\n    \r\n<\/section>\r\n\r\n\r\n<!-- <section class=\"grammarSection\">\r\n    <div class=\"grammarLinks\">\r\n            <\/div>\r\n<\/section> -->\r\n\r\n\r\n\r\n\r\n<section class=\"promotionalBanner\">\r\n    <p class=\"promotionalText\">Najbardziej efektywny spos\u00f3b nauki j\u0119zyka<\/p>\r\n    <a class=\"promotionalLink\" href=\"https:\/\/app.talkpal.ai\/pl\/signup?lng=\">Wypr\u00f3buj Talkpal za darmo<\/a>\r\n<\/section>\n<div class=\"wp-block-group pageContainerStyle\"><div class=\"wp-block-group__inner-container is-layout-constrained wp-block-group-is-layout-constrained\">\n<h2 class=\"wp-block-heading\" id=\"h-hebrew-grammar-topics\">Zagadnienia gramatyki hebrajskiej<\/h2>\n\n\n\n<p><a href=\"https:\/\/talkpal.ai\/learn-hebrew\/\">Hebrajski<\/a> jest fascynuj\u0105cym i staro\u017cytnym j\u0119zykiem, kt\u00f3ry ma ogromne znaczenie historyczne i kulturowe. Jako jeden z najstarszych j\u0119zyk\u00f3w na <a href=\"https:\/\/talkpal.ai\/locations\/language-courses-in-swiecie\/\">\u015bwiecie<\/a>, ewoluowa\u0142 i dostosowywa\u0142 si\u0119 z czasem, co czyni go zar\u00f3wno trudnym, jak i satysfakcjonuj\u0105cym j\u0119zykiem do nauki. Niezale\u017cnie od tego, czy uczysz si\u0119 hebrajskiego z powod\u00f3w religijnych, aby po\u0142\u0105czy\u0107 si\u0119 ze swoim dziedzictwem, czy po prostu dla rozwoju osobistego, zrozumienie gramatyki jest niezb\u0119dne do skutecznej komunikacji. W tym przewodniku om\u00f3wimy kluczowe zagadnienia z gramatyki hebrajskiej, kt\u00f3re musisz opanowa\u0107 w logicznej kolejno\u015bci, zapewniaj\u0105c solidn\u0105 podstaw\u0119 do nauki j\u0119zyka.<\/p>\n\n\n\n<h3 class=\"wp-block-heading\" id=\"h-1-nouns\">1. Rzeczowniki:<\/h3>\n\n\n\n<p>Jako elementy sk\u0142adowe ka\u017cdego j\u0119zyka, zrozumienie hebrajskich rzeczownik\u00f3w ma kluczowe znaczenie. Rzeczowniki w j\u0119zyku hebrajskim maj\u0105 rodzaj (m\u0119ski lub \u017ce\u0144ski) i liczb\u0119 (pojedyncz\u0105, mnog\u0105, a czasem podw\u00f3jn\u0105). Poznanie wzorc\u00f3w zgodno\u015bci p\u0142ci i liczby pomo\u017ce Ci u\u0142o\u017cy\u0107 podstawowe zdania i zrozumie\u0107 struktur\u0119 j\u0119zyka.<\/p>\n\n\n\n<h3 class=\"wp-block-heading\" id=\"h-2-articles\">2. Artyku\u0142y:<\/h3>\n\n\n\n<p>J\u0119zyk <a href=\"https:\/\/talkpal.ai\/learn-hebrew\/\">hebrajski<\/a> ma przedimek okre\u015blony &#8222;\u05d4&#8221; (ha), kt\u00f3ry jest do\u0142\u0105czany na pocz\u0105tku rzeczownika, aby wskaza\u0107, \u017ce jest on okre\u015blony lub znany. W j\u0119zyku hebrajskim nie ma rodzajnika nieokre\u015blonego, wi\u0119c nauczenie si\u0119, kiedy i jak u\u017cywa\u0107 rodzajnika okre\u015blonego, jest niezb\u0119dne do poprawnej komunikacji.<\/p>\n\n\n\n<h3 class=\"wp-block-heading\" id=\"h-3-adjectives\">3. Przymiotniki:<\/h3>\n\n\n\n<p>Przymiotniki hebrajskie, podobnie jak rzeczowniki, maj\u0105 zgodno\u015b\u0107 rodzaju i liczby. Pod\u0105\u017caj\u0105 za rzeczownikiem, kt\u00f3ry modyfikuj\u0105 i musz\u0105 zgadza\u0107 si\u0119 co do rodzaju i liczby. Zrozumienie wzorc\u00f3w i zasad zgodno\u015bci przymiotnik\u00f3w pomo\u017ce ci dok\u0142adnie opisa\u0107 przedmioty i idee w j\u0119zyku hebrajskim.<\/p>\n\n\n\n<h3 class=\"wp-block-heading\" id=\"h-4-pronouns-determiners\">4. Zaimki\/okre\u015blniki:<\/h3>\n\n\n\n<p>Zaimki zast\u0119puj\u0105 rzeczowniki w zdaniach, podczas gdy okre\u015blniki je okre\u015blaj\u0105 lub okre\u015blaj\u0105 ilo\u015bciowo. Oba odgrywaj\u0105 kluczow\u0105 rol\u0119 w uczynieniu hebrajskiego bardziej p\u0142ynnym i naturalnym. Opanowanie r\u00f3\u017cnych zaimk\u00f3w (podmiot, dope\u0142nienie, dzier\u017cawczy) i okre\u015blnik\u00f3w (wskazuj\u0105cy, pytaj\u0105cy, nieokre\u015blony) pomo\u017ce Ci tworzy\u0107 bardziej z\u0142o\u017cone zdania i skuteczniej przekazywa\u0107 swoje pomys\u0142y.<\/p>\n\n\n\n<h3 class=\"wp-block-heading\" id=\"h-5-verbs\">5. Czasowniki:<\/h3>\n\n\n\n<p>Hebrajskie czasowniki stanowi\u0105 rdze\u0144 gramatyki tego j\u0119zyka. Opieraj\u0105 si\u0119 na systemie korzeniowym sk\u0142adaj\u0105cym si\u0119 z trzech lub czterech sp\u00f3\u0142g\u0142osek i s\u0105 odmieniane zgodnie z czasem, osob\u0105, rodzajem i liczb\u0105. Zapoznanie si\u0119 z r\u00f3\u017cnymi formami i czasami czasownik\u00f3w pozwoli Ci skutecznie wyra\u017ca\u0107 czynno\u015bci i stany.<\/p>\n\n\n\n<h3 class=\"wp-block-heading\" id=\"h-6-tenses\">6. Czasy:<\/h3>\n\n\n\n<p>Hebrajski ma trzy g\u0142\u00f3wne czasy: przesz\u0142y, tera\u017aniejszy i przysz\u0142y. Ka\u017cdy czas ma okre\u015blone zasady koniugacji, kt\u00f3re zale\u017c\u0105 od rdzenia czasownika oraz rodzaju i liczby podmiotu. Zrozumienie tych zasad pozwoli Ci dok\u0142adnie przekaza\u0107 czas dzia\u0142a\u0144.<\/p>\n\n\n\n<h3 class=\"wp-block-heading\" id=\"h-7-tense-comparison\">7. Por\u00f3wnanie czasu:<\/h3>\n\n\n\n<p>Wa\u017cne jest, aby wiedzie\u0107, kiedy i jak u\u017cywa\u0107 ka\u017cdego czasu hebrajskiego, aby skutecznie si\u0119 komunikowa\u0107. Por\u00f3wnywanie i kontrastowanie r\u00f3\u017cnych czas\u00f3w pomo\u017ce Ci uchwyci\u0107 niuanse j\u0119zyka i pozwoli Ci bardziej precyzyjnie wyrazi\u0107 siebie.<\/p>\n\n\n\n<h3 class=\"wp-block-heading\" id=\"h-8-progressive-and-perfect-progressive\">8. Progresywny i doskona\u0142y progresywny:<\/h3>\n\n\n\n<p>Te formy czasownik\u00f3w s\u0105 u\u017cywane do wskazania trwaj\u0105cych lub zako\u0144czonych dzia\u0142a\u0144. Forma progresywna jest u\u017cywana dla dzia\u0142a\u0144, kt\u00f3re s\u0105 <a href=\"https:\/\/talkpal.ai\/talkpal-christmas-discount\/\">nadal<\/a> w toku, podczas gdy doskona\u0142a forma progresywna k\u0142adzie nacisk na zako\u0144czenie dzia\u0142ania. Zrozumienie tych form zwi\u0119kszy twoj\u0105 zdolno\u015b\u0107 do wyra\u017cania z\u0142o\u017conych pomys\u0142\u00f3w i dzia\u0142a\u0144.<\/p>\n\n\n\n<h3 class=\"wp-block-heading\" id=\"h-9-adverbs\">9. Przys\u0142\u00f3wki:<\/h3>\n\n\n\n<p>Przys\u0142\u00f3wki modyfikuj\u0105 czasowniki, przymiotniki lub inne przys\u0142\u00f3wki, dostarczaj\u0105c dodatkowych informacji o opisywanej czynno\u015bci lub jako\u015bci. Poznanie r\u00f3\u017cnych rodzaj\u00f3w hebrajskich przys\u0142\u00f3wk\u00f3w i ich poprawnego u\u017cycia urozmaici i pog\u0142\u0119bi Twoje umiej\u0119tno\u015bci j\u0119zykowe.<\/p>\n\n\n\n<h3 class=\"wp-block-heading\" id=\"h-10-prepositions\">10. Przyimki:<\/h3>\n\n\n\n<p>Przyimki \u0142\u0105cz\u0105 rzeczowniki, zaimki lub inne s\u0142owa, aby pokaza\u0107 relacje w czasie, miejscu lub innych kontekstach. Opanowanie hebrajskich przyimk\u00f3w pomo\u017ce Ci tworzy\u0107 bardziej z\u0142o\u017cone zdania i wyra\u017aniej wyra\u017ca\u0107 relacje mi\u0119dzy pomys\u0142ami.<\/p>\n\n\n\n<h3 class=\"wp-block-heading\" id=\"h-11-conditionals\">11. Wyra\u017cenia warunkowe:<\/h3>\n\n\n\n<p>Hebrajskie instrukcje warunkowe s\u0105 u\u017cywane do wyra\u017cania hipotetycznych sytuacji i ich konsekwencji. Poznanie r\u00f3\u017cnych struktur warunkowych (instrukcji if\/then) pozwoli Ci skutecznie komunikowa\u0107 si\u0119 w hipotetycznych lub niepewnych sytuacjach.<\/p>\n\n\n\n<h3 class=\"wp-block-heading\" id=\"h-12-sentences\">12. Zdania:<\/h3>\n\n\n\n<p>Wreszcie, po\u0142\u0105czenie wszystkich element\u00f3w gramatycznych w kompletne, sp\u00f3jne zdania jest ostatecznym celem nauki j\u0119zyka hebrajskiego. \u0106wicz \u0142\u0105czenie rzeczownik\u00f3w, czasownik\u00f3w, przymiotnik\u00f3w i innych element\u00f3w, aby tworzy\u0107 zdania, kt\u00f3re dok\u0142adnie przekazuj\u0105 Twoje my\u015bli i pomys\u0142y w j\u0119zyku hebrajskim.<\/p>\n<\/div><\/div>\n\r\n<section class=\"learnNavigationSection\">\r\n            \r\n        <a href=\"https:\/\/talkpal.ai\/pl\/naucz-sie-hebrajskiego\/\">\r\n            <div class=\"learnNavigationWrapper\">\r\n                <div class=\"learnNavigationContent\">\r\n                    <img decoding=\"async\" src=\"https:\/\/talkpal.ai\/wp-content\/uploads\/2024\/08\/Hebrew.jpg\" alt=\"Israel Flag\">\r\n                    <div>\r\n                        <h4>O nauce j\u0119zyka hebrajskiego<\/h4>\r\n                        <p>Dowiedz si\u0119 wszystkiego o gramatyce hebrajskiej.<\/p>\r\n                    <\/div>\r\n                <\/div>\r\n            <\/div>\r\n        <\/a>\r\n\r\n        \r\n        <a href=\"https:\/\/talkpal.ai\/pl\/gramatyka-hebrajska\/\">\r\n            <div class=\"learnNavigationWrapper\">\r\n                <div class=\"learnNavigationContent\">\r\n                    <img decoding=\"async\" src=\"https:\/\/talkpal.ai\/wp-content\/uploads\/2024\/08\/Hebrew.jpg\" alt=\"Israel Flag\">\r\n                    <div>\r\n                        <h4>Lekcje gramatyki j\u0119zyka hebrajskiego<\/h4>\r\n                        <p>\u0106wicz gramatyk\u0119 hebrajsk\u0105.<\/p>\r\n                    <\/div>\r\n                <\/div>\r\n            <\/div>\r\n        <\/a>\r\n\r\n        \r\n        <a href=\"https:\/\/talkpal.ai\/vocabulary_language\/hebrew\/\">\r\n            <div class=\"learnNavigationWrapper\">\r\n                <div class=\"learnNavigationContent\">\r\n                    <img decoding=\"async\" src=\"https:\/\/talkpal.ai\/wp-content\/uploads\/2024\/08\/Hebrew.jpg\" alt=\"Israel Flag\">\r\n                    <div>\r\n                        <h4>S\u0142ownictwo hebrajskie<\/h4>\r\n                        <p>Poszerz swoje hebrajskie s\u0142ownictwo.<\/p>\r\n                    <\/div>\r\n                <\/div>\r\n            <\/div>\r\n        <\/a>\r\n\r\n            <\/section>","protected":false},"excerpt":{"rendered":"<p>Zagadnienia gramatyki hebrajskiej Hebrajski jest fascynuj\u0105cym i staro\u017cytnym j\u0119zykiem, kt\u00f3ry ma ogromne znaczenie historyczne i kulturowe. Jako jeden z najstarszych j\u0119zyk\u00f3w na \u015bwiecie, ewoluowa\u0142 i dostosowywa\u0142 si\u0119 z czasem, co czyni go zar\u00f3wno trudnym, jak i satysfakcjonuj\u0105cym j\u0119zykiem do nauki. Niezale\u017cnie od tego, czy uczysz si\u0119 hebrajskiego z powod\u00f3w religijnych, aby po\u0142\u0105czy\u0107 si\u0119 ze swoim [&hellip;]<\/p>\n","protected":false},"author":6,"featured_media":112917,"parent":0,"menu_order":0,"comment_status":"closed","ping_status":"closed","template":"LearningContentPage.php","meta":{"_acf_changed":false,"footnotes":""},"class_list":["post-162347","page","type-page","status-publish","has-post-thumbnail","hentry"],"acf":[],"yoast_head":"<!-- This site is optimized with the Yoast SEO Premium plugin v27.2 (Yoast SEO v27.2) - https:\/\/yoast.com\/product\/yoast-seo-premium-wordpress\/ -->\n<title>\u0106wiczenia z gramatyki hebrajskiej - Talkpal<\/title>\n<meta name=\"description\" content=\"Popraw swoj\u0105 hebrajsk\u0105 gramatyk\u0119 - anga\u017cuj si\u0119 w jasne, praktyczne \u0107wiczenia, aby \u0142atwo wzmocni\u0107 swoje umiej\u0119tno\u015bci j\u0119zykowe dzi\u0119ki Talkpal AI.\" \/>\n<meta name=\"robots\" content=\"index, follow, max-snippet:-1, max-image-preview:large, max-video-preview:-1\" \/>\n<link rel=\"canonical\" href=\"https:\/\/talkpal.ai\/pl\/cwiczenia-z-gramatyki-hebrajskiej\/\" \/>\n<meta property=\"og:locale\" content=\"pl_PL\" \/>\n<meta property=\"og:type\" content=\"article\" \/>\n<meta property=\"og:title\" content=\"\u0106wiczenia z gramatyki hebrajskiej\" \/>\n<meta property=\"og:description\" content=\"Zagadnienia gramatyki hebrajskiej Hebrajski jest fascynuj\u0105cym i staro\u017cytnym j\u0119zykiem, kt\u00f3ry ma ogromne znaczenie historyczne i kulturowe. Jako jeden z\" \/>\n<meta property=\"og:url\" content=\"https:\/\/talkpal.ai\/pl\/cwiczenia-z-gramatyki-hebrajskiej\/\" \/>\n<meta property=\"og:site_name\" content=\"Talkpal\" \/>\n<meta property=\"article:publisher\" content=\"https:\/\/www.facebook.com\/profile.php?id=100090733639311\" \/>\n<meta property=\"article:modified_time\" content=\"2025-12-17T16:05:49+00:00\" \/>\n<meta property=\"og:image\" content=\"https:\/\/talkpal.ai\/wp-content\/uploads\/2023\/05\/israel.png\" \/>\n\t<meta property=\"og:image:width\" content=\"512\" \/>\n\t<meta property=\"og:image:height\" content=\"512\" \/>\n\t<meta property=\"og:image:type\" content=\"image\/png\" \/>\n<meta name=\"twitter:card\" content=\"summary_large_image\" \/>\n<meta name=\"twitter:site\" content=\"@talkpalai\" \/>\n<meta name=\"twitter:label1\" content=\"Szacowany czas czytania\" \/>\n\t<meta name=\"twitter:data1\" content=\"4 minuty\" \/>\n<script type=\"application\/ld+json\" class=\"yoast-schema-graph\">{\"@context\":\"https:\/\/schema.org\",\"@graph\":[{\"@type\":\"WebPage\",\"@id\":\"https:\/\/talkpal.ai\/pl\/cwiczenia-z-gramatyki-hebrajskiej\/\",\"url\":\"https:\/\/talkpal.ai\/pl\/cwiczenia-z-gramatyki-hebrajskiej\/\",\"name\":\"\u0106wiczenia z gramatyki hebrajskiej - Talkpal\",\"isPartOf\":{\"@id\":\"https:\/\/talkpal.ai\/pl\/#website\"},\"primaryImageOfPage\":{\"@id\":\"https:\/\/talkpal.ai\/pl\/cwiczenia-z-gramatyki-hebrajskiej\/#primaryimage\"},\"image\":{\"@id\":\"https:\/\/talkpal.ai\/pl\/cwiczenia-z-gramatyki-hebrajskiej\/#primaryimage\"},\"thumbnailUrl\":\"https:\/\/talkpal.ai\/wp-content\/uploads\/2023\/05\/israel.png\",\"datePublished\":\"2023-06-21T14:25:56+00:00\",\"dateModified\":\"2025-12-17T16:05:49+00:00\",\"description\":\"Popraw swoj\u0105 hebrajsk\u0105 gramatyk\u0119 - anga\u017cuj si\u0119 w jasne, praktyczne \u0107wiczenia, aby \u0142atwo wzmocni\u0107 swoje umiej\u0119tno\u015bci j\u0119zykowe dzi\u0119ki Talkpal AI.\",\"breadcrumb\":{\"@id\":\"https:\/\/talkpal.ai\/pl\/cwiczenia-z-gramatyki-hebrajskiej\/#breadcrumb\"},\"inLanguage\":\"pl-PL\",\"potentialAction\":[{\"@type\":\"ReadAction\",\"target\":[\"https:\/\/talkpal.ai\/pl\/cwiczenia-z-gramatyki-hebrajskiej\/\"]}]},{\"@type\":\"ImageObject\",\"inLanguage\":\"pl-PL\",\"@id\":\"https:\/\/talkpal.ai\/pl\/cwiczenia-z-gramatyki-hebrajskiej\/#primaryimage\",\"url\":\"https:\/\/talkpal.ai\/wp-content\/uploads\/2023\/05\/israel.png\",\"contentUrl\":\"https:\/\/talkpal.ai\/wp-content\/uploads\/2023\/05\/israel.png\",\"width\":512,\"height\":512},{\"@type\":\"BreadcrumbList\",\"@id\":\"https:\/\/talkpal.ai\/pl\/cwiczenia-z-gramatyki-hebrajskiej\/#breadcrumb\",\"itemListElement\":[{\"@type\":\"ListItem\",\"position\":1,\"name\":\"Homepage\",\"item\":\"https:\/\/talkpal.ai\/pl\/\"},{\"@type\":\"ListItem\",\"position\":2,\"name\":\"\u0106wiczenia z gramatyki hebrajskiej\"}]},{\"@type\":\"WebSite\",\"@id\":\"https:\/\/talkpal.ai\/pl\/#website\",\"url\":\"https:\/\/talkpal.ai\/pl\/\",\"name\":\"Talkpal\",\"description\":\"AI Language Learning\",\"publisher\":{\"@id\":\"https:\/\/talkpal.ai\/pl\/#organization\"},\"alternateName\":\"Talkpal AI\",\"potentialAction\":[{\"@type\":\"SearchAction\",\"target\":{\"@type\":\"EntryPoint\",\"urlTemplate\":\"https:\/\/talkpal.ai\/pl\/?s={search_term_string}\"},\"query-input\":{\"@type\":\"PropertyValueSpecification\",\"valueRequired\":true,\"valueName\":\"search_term_string\"}}],\"inLanguage\":\"pl-PL\"},{\"@type\":\"Organization\",\"@id\":\"https:\/\/talkpal.ai\/pl\/#organization\",\"name\":\"Talkpal, Inc.\",\"alternateName\":\"Talkpal AI\",\"url\":\"https:\/\/talkpal.ai\/pl\/\",\"logo\":{\"@type\":\"ImageObject\",\"inLanguage\":\"pl-PL\",\"@id\":\"https:\/\/talkpal.ai\/pl\/#\/schema\/logo\/image\/\",\"url\":\"https:\/\/talkpal.ai\/wp-content\/uploads\/2024\/03\/Talkpal-Logo-Icon.png\",\"contentUrl\":\"https:\/\/talkpal.ai\/wp-content\/uploads\/2024\/03\/Talkpal-Logo-Icon.png\",\"width\":2880,\"height\":2880,\"caption\":\"Talkpal, Inc.\"},\"image\":{\"@id\":\"https:\/\/talkpal.ai\/pl\/#\/schema\/logo\/image\/\"},\"sameAs\":[\"https:\/\/www.facebook.com\/profile.php?id=100090733639311\",\"https:\/\/x.com\/talkpalai\",\"https:\/\/www.linkedin.com\/company\/talkpal\/\",\"https:\/\/www.youtube.com\/@TalkPal\/\",\"https:\/\/www.tiktok.com\/@talkpal\",\"https:\/\/www.instagram.com\/talkpal_ai\/\",\"https:\/\/www.crunchbase.com\/organization\/talkpal-9cde\",\"https:\/\/www.g2.com\/products\/talkpal-for-business\/\",\"https:\/\/www.trustpilot.com\/review\/talkpal.ai\",\"https:\/\/www.capterra.com\/p\/10006800\/TalkPal\/\"],\"description\":\"Talkpal is a language learning web and mobile education app, powered by the latest AI technologies, that provides engaging experiences to its customers in many different languages to help them improve their language skills. Users can chat about unlimited amount of topics with the app and use other modes to practice their language learning.\",\"email\":\"support@talkpal.ai\",\"legalName\":\"Talkpal, Inc.\",\"foundingDate\":\"2023-04-03\",\"duns\":\"118989042\",\"numberOfEmployees\":{\"@type\":\"QuantitativeValue\",\"minValue\":\"11\",\"maxValue\":\"50\"},\"publishingPrinciples\":\"https:\/\/talkpal.ai\/publishing-principles\/\",\"actionableFeedbackPolicy\":\"https:\/\/talkpal.ai\/actionable-feedback-policy\/\",\"correctionsPolicy\":\"https:\/\/talkpal.ai\/corrections-policy\/\",\"ethicsPolicy\":\"https:\/\/talkpal.ai\/ethics-policy\/\",\"diversityPolicy\":\"https:\/\/talkpal.ai\/diversity-policy\/\",\"diversityStaffingReport\":\"https:\/\/talkpal.ai\/diversity-policy\/\"}]}<\/script>\n<!-- \/ Yoast SEO Premium plugin. -->","yoast_head_json":{"title":"\u0106wiczenia z gramatyki hebrajskiej - Talkpal","description":"Popraw swoj\u0105 hebrajsk\u0105 gramatyk\u0119 - anga\u017cuj si\u0119 w jasne, praktyczne \u0107wiczenia, aby \u0142atwo wzmocni\u0107 swoje umiej\u0119tno\u015bci j\u0119zykowe dzi\u0119ki Talkpal AI.","robots":{"index":"index","follow":"follow","max-snippet":"max-snippet:-1","max-image-preview":"max-image-preview:large","max-video-preview":"max-video-preview:-1"},"canonical":"https:\/\/talkpal.ai\/pl\/cwiczenia-z-gramatyki-hebrajskiej\/","og_locale":"pl_PL","og_type":"article","og_title":"\u0106wiczenia z gramatyki hebrajskiej","og_description":"Zagadnienia gramatyki hebrajskiej Hebrajski jest fascynuj\u0105cym i staro\u017cytnym j\u0119zykiem, kt\u00f3ry ma ogromne znaczenie historyczne i kulturowe. Jako jeden z","og_url":"https:\/\/talkpal.ai\/pl\/cwiczenia-z-gramatyki-hebrajskiej\/","og_site_name":"Talkpal","article_publisher":"https:\/\/www.facebook.com\/profile.php?id=100090733639311","article_modified_time":"2025-12-17T16:05:49+00:00","og_image":[{"width":512,"height":512,"url":"https:\/\/talkpal.ai\/wp-content\/uploads\/2023\/05\/israel.png","type":"image\/png"}],"twitter_card":"summary_large_image","twitter_site":"@talkpalai","twitter_misc":{"Szacowany czas czytania":"4 minuty"},"schema":{"@context":"https:\/\/schema.org","@graph":[{"@type":"WebPage","@id":"https:\/\/talkpal.ai\/pl\/cwiczenia-z-gramatyki-hebrajskiej\/","url":"https:\/\/talkpal.ai\/pl\/cwiczenia-z-gramatyki-hebrajskiej\/","name":"\u0106wiczenia z gramatyki hebrajskiej - Talkpal","isPartOf":{"@id":"https:\/\/talkpal.ai\/pl\/#website"},"primaryImageOfPage":{"@id":"https:\/\/talkpal.ai\/pl\/cwiczenia-z-gramatyki-hebrajskiej\/#primaryimage"},"image":{"@id":"https:\/\/talkpal.ai\/pl\/cwiczenia-z-gramatyki-hebrajskiej\/#primaryimage"},"thumbnailUrl":"https:\/\/talkpal.ai\/wp-content\/uploads\/2023\/05\/israel.png","datePublished":"2023-06-21T14:25:56+00:00","dateModified":"2025-12-17T16:05:49+00:00","description":"Popraw swoj\u0105 hebrajsk\u0105 gramatyk\u0119 - anga\u017cuj si\u0119 w jasne, praktyczne \u0107wiczenia, aby \u0142atwo wzmocni\u0107 swoje umiej\u0119tno\u015bci j\u0119zykowe dzi\u0119ki Talkpal AI.","breadcrumb":{"@id":"https:\/\/talkpal.ai\/pl\/cwiczenia-z-gramatyki-hebrajskiej\/#breadcrumb"},"inLanguage":"pl-PL","potentialAction":[{"@type":"ReadAction","target":["https:\/\/talkpal.ai\/pl\/cwiczenia-z-gramatyki-hebrajskiej\/"]}]},{"@type":"ImageObject","inLanguage":"pl-PL","@id":"https:\/\/talkpal.ai\/pl\/cwiczenia-z-gramatyki-hebrajskiej\/#primaryimage","url":"https:\/\/talkpal.ai\/wp-content\/uploads\/2023\/05\/israel.png","contentUrl":"https:\/\/talkpal.ai\/wp-content\/uploads\/2023\/05\/israel.png","width":512,"height":512},{"@type":"BreadcrumbList","@id":"https:\/\/talkpal.ai\/pl\/cwiczenia-z-gramatyki-hebrajskiej\/#breadcrumb","itemListElement":[{"@type":"ListItem","position":1,"name":"Homepage","item":"https:\/\/talkpal.ai\/pl\/"},{"@type":"ListItem","position":2,"name":"\u0106wiczenia z gramatyki hebrajskiej"}]},{"@type":"WebSite","@id":"https:\/\/talkpal.ai\/pl\/#website","url":"https:\/\/talkpal.ai\/pl\/","name":"Talkpal","description":"AI Language Learning","publisher":{"@id":"https:\/\/talkpal.ai\/pl\/#organization"},"alternateName":"Talkpal AI","potentialAction":[{"@type":"SearchAction","target":{"@type":"EntryPoint","urlTemplate":"https:\/\/talkpal.ai\/pl\/?s={search_term_string}"},"query-input":{"@type":"PropertyValueSpecification","valueRequired":true,"valueName":"search_term_string"}}],"inLanguage":"pl-PL"},{"@type":"Organization","@id":"https:\/\/talkpal.ai\/pl\/#organization","name":"Talkpal, Inc.","alternateName":"Talkpal AI","url":"https:\/\/talkpal.ai\/pl\/","logo":{"@type":"ImageObject","inLanguage":"pl-PL","@id":"https:\/\/talkpal.ai\/pl\/#\/schema\/logo\/image\/","url":"https:\/\/talkpal.ai\/wp-content\/uploads\/2024\/03\/Talkpal-Logo-Icon.png","contentUrl":"https:\/\/talkpal.ai\/wp-content\/uploads\/2024\/03\/Talkpal-Logo-Icon.png","width":2880,"height":2880,"caption":"Talkpal, Inc."},"image":{"@id":"https:\/\/talkpal.ai\/pl\/#\/schema\/logo\/image\/"},"sameAs":["https:\/\/www.facebook.com\/profile.php?id=100090733639311","https:\/\/x.com\/talkpalai","https:\/\/www.linkedin.com\/company\/talkpal\/","https:\/\/www.youtube.com\/@TalkPal\/","https:\/\/www.tiktok.com\/@talkpal","https:\/\/www.instagram.com\/talkpal_ai\/","https:\/\/www.crunchbase.com\/organization\/talkpal-9cde","https:\/\/www.g2.com\/products\/talkpal-for-business\/","https:\/\/www.trustpilot.com\/review\/talkpal.ai","https:\/\/www.capterra.com\/p\/10006800\/TalkPal\/"],"description":"Talkpal is a language learning web and mobile education app, powered by the latest AI technologies, that provides engaging experiences to its customers in many different languages to help them improve their language skills. Users can chat about unlimited amount of topics with the app and use other modes to practice their language learning.","email":"support@talkpal.ai","legalName":"Talkpal, Inc.","foundingDate":"2023-04-03","duns":"118989042","numberOfEmployees":{"@type":"QuantitativeValue","minValue":"11","maxValue":"50"},"publishingPrinciples":"https:\/\/talkpal.ai\/publishing-principles\/","actionableFeedbackPolicy":"https:\/\/talkpal.ai\/actionable-feedback-policy\/","correctionsPolicy":"https:\/\/talkpal.ai\/corrections-policy\/","ethicsPolicy":"https:\/\/talkpal.ai\/ethics-policy\/","diversityPolicy":"https:\/\/talkpal.ai\/diversity-policy\/","diversityStaffingReport":"https:\/\/talkpal.ai\/diversity-policy\/"}]}},"_links":{"self":[{"href":"https:\/\/talkpal.ai\/pl\/wp-json\/wp\/v2\/pages\/162347","targetHints":{"allow":["GET"]}}],"collection":[{"href":"https:\/\/talkpal.ai\/pl\/wp-json\/wp\/v2\/pages"}],"about":[{"href":"https:\/\/talkpal.ai\/pl\/wp-json\/wp\/v2\/types\/page"}],"author":[{"embeddable":true,"href":"https:\/\/talkpal.ai\/pl\/wp-json\/wp\/v2\/users\/6"}],"replies":[{"embeddable":true,"href":"https:\/\/talkpal.ai\/pl\/wp-json\/wp\/v2\/comments?post=162347"}],"version-history":[{"count":0,"href":"https:\/\/talkpal.ai\/pl\/wp-json\/wp\/v2\/pages\/162347\/revisions"}],"wp:featuredmedia":[{"embeddable":true,"href":"https:\/\/talkpal.ai\/pl\/wp-json\/wp\/v2\/media\/112917"}],"wp:attachment":[{"href":"https:\/\/talkpal.ai\/pl\/wp-json\/wp\/v2\/media?parent=162347"}],"curies":[{"name":"wp","href":"https:\/\/api.w.org\/{rel}","templated":true}]}}