{"id":161779,"date":"2023-06-21T14:50:44","date_gmt":"2023-06-21T14:50:44","guid":{"rendered":"http:\/\/talkpal.ai\/cwiczenia-gramatyczne-z-jezyka-islandzkiego\/"},"modified":"2025-12-17T16:08:56","modified_gmt":"2025-12-17T16:08:56","slug":"cwiczenia-gramatyczne-z-jezyka-islandzkiego","status":"publish","type":"page","link":"https:\/\/talkpal.ai\/pl\/cwiczenia-gramatyczne-z-jezyka-islandzkiego\/","title":{"rendered":"\u0106wiczenia gramatyczne z j\u0119zyka islandzkiego"},"content":{"rendered":"\r\n\r\n\r\n<section class=\"languageChallengeSection\">\r\n    <div class=\"languageInfoWrapper\">\r\n        \r\n        <h1>\u0106wiczenia gramatyczne z j\u0119zyka islandzkiego<\/h1>\r\n        <p>Gotowy, by wzmocni\u0107 swoje islandzkie umiej\u0119tno\u015bci? \u0106wiczenie gramatyki to \u015bwietny spos\u00f3b na opanowanie struktury zda\u0144, form czasownik\u00f3w i unikalnych cech j\u0119zyka islandzkiego. Zacznij odkrywa\u0107 islandzk\u0105 gramatyk\u0119 ju\u017c dzi\u015b i obserwuj, jak twoja pewno\u015b\u0107 siebie i p\u0142ynno\u015b\u0107 rosn\u0105 z ka\u017cdym \u0107wiczeniem!\n\n<\/p>\r\n\r\n                            <a class=\"getStartedHidden\" href=\"https:\/\/app.talkpal.ai\/pl\/signup?lng=\">Zaczynaj<\/a>\r\n        \r\n    <\/div>\r\n\r\n    <figure>\r\n    <img decoding=\"async\" width=\"768\" height=\"768\" src=\"https:\/\/talkpal.ai\/wp-content\/uploads\/2023\/06\/Icelandic-768x768.png\" class=\"languageImage no-lazy\" alt=\"Language learning for better job opportunities\" fetchpriority=\"high\" sizes=\"(max-width: 768px) 150px, 768px\" srcset=\"https:\/\/talkpal.ai\/wp-content\/uploads\/2023\/06\/Icelandic-768x768.png 768w, https:\/\/talkpal.ai\/wp-content\/uploads\/2023\/06\/Icelandic-300x300.png 300w\" \/>\r\n    \r\n\r\n    <\/figure>\r\n\r\n            <a class=\"getStartedVisible\" href=\"https:\/\/app.talkpal.ai\/pl\/signup?lng=\">Zaczynaj<\/a>\r\n    \r\n<\/section>\r\n\r\n\r\n<!-- <section class=\"grammarSection\">\r\n    <div class=\"grammarLinks\">\r\n            <\/div>\r\n<\/section> -->\r\n\r\n\r\n\r\n\r\n<section class=\"promotionalBanner\">\r\n    <p class=\"promotionalText\">Najbardziej efektywny spos\u00f3b nauki j\u0119zyka<\/p>\r\n    <a class=\"promotionalLink\" href=\"https:\/\/app.talkpal.ai\/pl\/signup?lng=\">Wypr\u00f3buj Talkpal za darmo<\/a>\r\n<\/section>\n<div class=\"wp-block-group pageContainerStyle\"><div class=\"wp-block-group__inner-container is-layout-constrained wp-block-group-is-layout-constrained\">\n<h2 class=\"wp-block-heading\" id=\"h-icelandic-grammar-topics\">Tematy gramatyczne islandzkie<\/h2>\n\n\n\n<p><a href=\"https:\/\/talkpal.ai\/learn-icelandic\/\">Islandzki<\/a>, j\u0119zyk p\u00f3\u0142nocnogerma\u0144ski, kt\u00f3rym pos\u0142uguje si\u0119 ponad 300 000 os\u00f3b, jest j\u0119zykiem urz\u0119dowym Islandii. Znany ze z\u0142o\u017conej gramatyki i bogatego s\u0142ownictwa, <a href=\"https:\/\/talkpal.ai\/learn-icelandic\/\">islandzki<\/a> ma niepowtarzalny urok, kt\u00f3ry przyci\u0105ga ucz\u0105cych si\u0119 j\u0119zyka z ca\u0142ego \u015bwiata. Islandzki, kt\u00f3rego korzenie wywodz\u0105 si\u0119 ze staronordyckiego, maj\u0105 siln\u0105 tradycj\u0119 literack\u0105 si\u0119gaj\u0105c\u0105 epoki wiking\u00f3w. W tym artykule przyjrzymy si\u0119 kluczowym tematom gramatyki islandzkiej, kt\u00f3re pomog\u0105 Ci zrozumie\u0107 i opanowa\u0107 ten fascynuj\u0105cy j\u0119zyk, od podstaw, takich jak rzeczowniki i czasowniki, po bardziej z\u0142o\u017cone struktury, takie jak instrukcje warunkowe i przyimki.<\/p>\n\n\n\n<h3 class=\"wp-block-heading\" id=\"h-1-nouns\">1. Rzeczowniki<\/h3>\n\n\n\n<p>Zacznij od poznania podstaw islandzkich rzeczownik\u00f3w, kt\u00f3re obejmuj\u0105 ludzi, miejsca i rzeczy. J\u0119zyk islandzki ma trzy rodzaje gramatyczne (m\u0119ski, \u017ce\u0144ski i nijaki) oraz cztery przypadki (mianownik, biernik, celownik i dope\u0142niacz). Zrozumienie tych aspekt\u00f3w jest niezb\u0119dne do prawid\u0142owej deklinacji i zgodno\u015bci z innymi cz\u0119\u015bciami mowy.<\/p>\n\n\n\n<h3 class=\"wp-block-heading\" id=\"h-2-articles\">2. Artyku\u0142y<\/h3>\n\n\n\n<p>Islandzki nie ma przedimk\u00f3w nieokre\u015blonych, ale ma rodzajniki okre\u015blone, kt\u00f3re s\u0105 do\u0142\u0105czone do ko\u0144ca rzeczownika. Dowiedz si\u0119, jak utworzy\u0107 rodzajnik okre\u015blony dla ka\u017cdej p\u0142ci i przypadku, poniewa\u017c pomo\u017ce to we w\u0142a\u015bciwym u\u017cyciu rzeczownik\u00f3w.<\/p>\n\n\n\n<h3 class=\"wp-block-heading\" id=\"h-3-pronouns-determiners\">3. Zaimki\/okre\u015blniki<\/h3>\n\n\n\n<p>J\u0119zyk islandzki ma zaimki osobowe, dzier\u017cawcze, zwrotne i wskazuj\u0105ce, a tak\u017ce kwantyfikatory i okre\u015blniki pytaj\u0105ce. Zapoznaj si\u0119 z tymi zaimkami i okre\u015blnikami oraz ich odpowiednimi deklinacjami, aby zapewni\u0107 w\u0142a\u015bciw\u0105 zgodno\u015b\u0107 i u\u017cycie w zdaniach.<\/p>\n\n\n\n<h3 class=\"wp-block-heading\" id=\"h-4-adjectives\">4. Przymiotniki<\/h3>\n\n\n\n<p>Przymiotniki w j\u0119zyku islandzkim musz\u0105 zgadza\u0107 si\u0119 pod wzgl\u0119dem rodzaju, liczby i wielko\u015bci liter z rzeczownikiem, kt\u00f3ry modyfikuj\u0105. Poznaj r\u00f3\u017cne wzorce deklinacji przymiotnik\u00f3w i dowiedz si\u0119, jak zmieniaj\u0105 si\u0119 one w zale\u017cno\u015bci od rodzaju i przypadku rzeczownika.<\/p>\n\n\n\n<h3 class=\"wp-block-heading\" id=\"h-5-verbs\">5. Czasowniki<\/h3>\n\n\n\n<p>Czasowniki islandzkie s\u0105 odmieniane zgodnie z czasem, nastrojem i g\u0142osem. Zacznij od poznania czasu tera\u017aniejszego, przesz\u0142ego i przysz\u0142ego, a tak\u017ce trybu oznajmuj\u0105cego, \u0142\u0105cz\u0105cego i rozkazuj\u0105cego. Zapoznaj si\u0119 r\u00f3wnie\u017c ze wzorcami koniugacji czasownik\u00f3w regularnych i nieregularnych.<\/p>\n\n\n\n<h3 class=\"wp-block-heading\" id=\"h-6-tense-comparison\">6. Por\u00f3wnanie czasu<\/h3>\n\n\n\n<p>Zrozum r\u00f3\u017cnic\u0119 mi\u0119dzy prostymi i ci\u0105g\u0142ymi formami ka\u017cdego czasu. Islandzki nie ma progresywnego aspektu jak <a href=\"https:\/\/talkpal.ai\/learn-english-with-ai\/\">angielski<\/a>, wi\u0119c <a href=\"https:\/\/talkpal.ai\/pl\/naucz-sie-malajskiego\/\">naucz si\u0119<\/a> wyra\u017ca\u0107 bie\u017c\u0105ce dzia\u0142ania za pomoc\u0105 innych struktur.<\/p>\n\n\n\n<h3 class=\"wp-block-heading\" id=\"h-7-perfect-progressive\">7. Idealny progresywny<\/h3>\n\n\n\n<p>Islandzki nie ma bezpo\u015bredniego odpowiednika angielskiego czasu dokonanego progresywnego. Mo\u017cesz jednak nauczy\u0107 si\u0119 wyra\u017ca\u0107 podobne idee za pomoc\u0105 konstrukcji peryfrazowych z czasownikami posi\u0142kowymi i imies\u0142owami.<\/p>\n\n\n\n<h3 class=\"wp-block-heading\" id=\"h-8-adverbs\">8. Przys\u0142\u00f3wki<\/h3>\n\n\n\n<p>Przys\u0142\u00f3wki modyfikuj\u0105 czasowniki, przymiotniki i inne przys\u0142\u00f3wki. <a href=\"https:\/\/talkpal.ai\/pl\/naucz-sie-malajskiego\/\">Naucz si\u0119<\/a> r\u00f3\u017cnych rodzaj\u00f3w przys\u0142\u00f3wk\u00f3w w j\u0119zyku islandzkim, a tak\u017ce ich rozmieszczenia w zdaniach.<\/p>\n\n\n\n<h3 class=\"wp-block-heading\" id=\"h-9-prepositions\">9. Przyimki<\/h3>\n\n\n\n<p>Przyimki pokazuj\u0105 zwi\u0105zek mi\u0119dzy rzeczownikiem lub zaimkiem a innym elementem w zdaniu. Zapoznaj si\u0119 z najpopularniejszymi islandzkimi przyimkami i ich przypadkami, aby u\u017cywa\u0107 ich poprawnie.<\/p>\n\n\n\n<h3 class=\"wp-block-heading\" id=\"h-10-conditionals\">10. Instrukcje warunkowe<\/h3>\n\n\n\n<p>Islandzki ma trzy rodzaje zda\u0144 warunkowych: rzeczywiste, nierzeczywiste i przesz\u0142e nierzeczywiste. Zapoznaj si\u0119 ze struktur\u0105 i zastosowaniem tych instrukcji warunkowych do wyra\u017cania hipotetycznych sytuacji i ich mo\u017cliwych wynik\u00f3w.<\/p>\n\n\n\n<h3 class=\"wp-block-heading\" id=\"h-11-sentences\">11. Zdania<\/h3>\n\n\n\n<p>Na koniec prze\u0107wicz konstruowanie r\u00f3\u017cnych typ\u00f3w zda\u0144 islandzkich, takich jak oznajmuj\u0105ce, pytaj\u0105ce, rozkazuj\u0105ce i wykrzyknikowe. Pomo\u017ce Ci to rozwin\u0105\u0107 solidne podstawy sk\u0142adni islandzkiej i og\u00f3lnej bieg\u0142o\u015bci j\u0119zykowej.<\/p>\n<\/div><\/div>\n\r\n<section class=\"learnNavigationSection\">\r\n            \r\n        <a href=\"https:\/\/talkpal.ai\/pl\/naucz-sie-islandzkiego\/\">\r\n            <div class=\"learnNavigationWrapper\">\r\n                <div class=\"learnNavigationContent\">\r\n                    <img decoding=\"async\" src=\"https:\/\/talkpal.ai\/wp-content\/uploads\/2024\/08\/Icelandic.jpg\" alt=\"Iceland Flag\">\r\n                    <div>\r\n                        <h4>O nauce islandzkiego<\/h4>\r\n                        <p>Dowiedz si\u0119 wszystkiego o gramatyce islandzkiej .<\/p>\r\n                    <\/div>\r\n                <\/div>\r\n            <\/div>\r\n        <\/a>\r\n\r\n        \r\n        <a href=\"https:\/\/talkpal.ai\/pl\/gramatyka-islandzka\/\">\r\n            <div class=\"learnNavigationWrapper\">\r\n                <div class=\"learnNavigationContent\">\r\n                    <img decoding=\"async\" src=\"https:\/\/talkpal.ai\/wp-content\/uploads\/2024\/08\/Icelandic.jpg\" alt=\"Iceland Flag\">\r\n                    <div>\r\n                        <h4>Lekcje gramatyki islandzkiej<\/h4>\r\n                        <p>\u0106wicz gramatyk\u0119 islandzk\u0105 .<\/p>\r\n                    <\/div>\r\n                <\/div>\r\n            <\/div>\r\n        <\/a>\r\n\r\n        \r\n        <a href=\"https:\/\/talkpal.ai\/vocabulary_language\/icelandic\/\">\r\n            <div class=\"learnNavigationWrapper\">\r\n                <div class=\"learnNavigationContent\">\r\n                    <img decoding=\"async\" src=\"https:\/\/talkpal.ai\/wp-content\/uploads\/2024\/08\/Icelandic.jpg\" alt=\"Iceland Flag\">\r\n                    <div>\r\n                        <h4>S\u0142ownictwo islandzkie<\/h4>\r\n                        <p>Poszerz swoje islandzkie s\u0142ownictwo.<\/p>\r\n                    <\/div>\r\n                <\/div>\r\n            <\/div>\r\n        <\/a>\r\n\r\n            <\/section>","protected":false},"excerpt":{"rendered":"<p>Tematy gramatyczne islandzkie Islandzki, j\u0119zyk p\u00f3\u0142nocnogerma\u0144ski, kt\u00f3rym pos\u0142uguje si\u0119 ponad 300 000 os\u00f3b, jest j\u0119zykiem urz\u0119dowym Islandii. Znany ze z\u0142o\u017conej gramatyki i bogatego s\u0142ownictwa, islandzki ma niepowtarzalny urok, kt\u00f3ry przyci\u0105ga ucz\u0105cych si\u0119 j\u0119zyka z ca\u0142ego \u015bwiata. Islandzki, kt\u00f3rego korzenie wywodz\u0105 si\u0119 ze staronordyckiego, maj\u0105 siln\u0105 tradycj\u0119 literack\u0105 si\u0119gaj\u0105c\u0105 epoki wiking\u00f3w. W tym artykule przyjrzymy si\u0119 [&hellip;]<\/p>\n","protected":false},"author":6,"featured_media":113388,"parent":0,"menu_order":0,"comment_status":"closed","ping_status":"closed","template":"LearningContentPage.php","meta":{"_acf_changed":false,"footnotes":""},"class_list":["post-161779","page","type-page","status-publish","has-post-thumbnail","hentry"],"acf":[],"yoast_head":"<!-- This site is optimized with the Yoast SEO Premium plugin v27.2 (Yoast SEO v27.2) - https:\/\/yoast.com\/product\/yoast-seo-premium-wordpress\/ -->\n<title>\u0106wiczenia gramatyczne z j\u0119zyka islandzkiego - Talkpal<\/title>\n<meta name=\"description\" content=\"\u0141atwo \u0107wicz gramatyk\u0119 islandzk\u0105 - wzmocnij swoje umiej\u0119tno\u015bci poprzez \u0107wiczenia, interaktywn\u0105 praktyk\u0119 i natychmiastow\u0105 informacj\u0119 zwrotn\u0105 dzi\u0119ki Talkpal AI.\" \/>\n<meta name=\"robots\" content=\"index, follow, max-snippet:-1, max-image-preview:large, max-video-preview:-1\" \/>\n<link rel=\"canonical\" href=\"https:\/\/talkpal.ai\/pl\/cwiczenia-gramatyczne-z-jezyka-islandzkiego\/\" \/>\n<meta property=\"og:locale\" content=\"pl_PL\" \/>\n<meta property=\"og:type\" content=\"article\" \/>\n<meta property=\"og:title\" content=\"\u0106wiczenia gramatyczne z j\u0119zyka islandzkiego\" \/>\n<meta property=\"og:description\" content=\"Tematy gramatyczne islandzkie Islandzki, j\u0119zyk p\u00f3\u0142nocnogerma\u0144ski, kt\u00f3rym pos\u0142uguje si\u0119 ponad 300 000 os\u00f3b, jest j\u0119zykiem urz\u0119dowym Islandii. Znany ze\" \/>\n<meta property=\"og:url\" content=\"https:\/\/talkpal.ai\/pl\/cwiczenia-gramatyczne-z-jezyka-islandzkiego\/\" \/>\n<meta property=\"og:site_name\" content=\"Talkpal\" \/>\n<meta property=\"article:publisher\" content=\"https:\/\/www.facebook.com\/profile.php?id=100090733639311\" \/>\n<meta property=\"article:modified_time\" content=\"2025-12-17T16:08:56+00:00\" \/>\n<meta property=\"og:image\" content=\"https:\/\/talkpal.ai\/wp-content\/uploads\/2023\/05\/iceland.png\" \/>\n\t<meta property=\"og:image:width\" content=\"512\" \/>\n\t<meta property=\"og:image:height\" content=\"512\" \/>\n\t<meta property=\"og:image:type\" content=\"image\/png\" \/>\n<meta name=\"twitter:card\" content=\"summary_large_image\" \/>\n<meta name=\"twitter:site\" content=\"@talkpalai\" \/>\n<meta name=\"twitter:label1\" content=\"Szacowany czas czytania\" \/>\n\t<meta name=\"twitter:data1\" content=\"3 minuty\" \/>\n<script type=\"application\/ld+json\" class=\"yoast-schema-graph\">{\"@context\":\"https:\/\/schema.org\",\"@graph\":[{\"@type\":\"WebPage\",\"@id\":\"https:\/\/talkpal.ai\/pl\/cwiczenia-gramatyczne-z-jezyka-islandzkiego\/\",\"url\":\"https:\/\/talkpal.ai\/pl\/cwiczenia-gramatyczne-z-jezyka-islandzkiego\/\",\"name\":\"\u0106wiczenia gramatyczne z j\u0119zyka islandzkiego - Talkpal\",\"isPartOf\":{\"@id\":\"https:\/\/talkpal.ai\/pl\/#website\"},\"primaryImageOfPage\":{\"@id\":\"https:\/\/talkpal.ai\/pl\/cwiczenia-gramatyczne-z-jezyka-islandzkiego\/#primaryimage\"},\"image\":{\"@id\":\"https:\/\/talkpal.ai\/pl\/cwiczenia-gramatyczne-z-jezyka-islandzkiego\/#primaryimage\"},\"thumbnailUrl\":\"https:\/\/talkpal.ai\/wp-content\/uploads\/2023\/05\/iceland.png\",\"datePublished\":\"2023-06-21T14:50:44+00:00\",\"dateModified\":\"2025-12-17T16:08:56+00:00\",\"description\":\"\u0141atwo \u0107wicz gramatyk\u0119 islandzk\u0105 - wzmocnij swoje umiej\u0119tno\u015bci poprzez \u0107wiczenia, interaktywn\u0105 praktyk\u0119 i natychmiastow\u0105 informacj\u0119 zwrotn\u0105 dzi\u0119ki Talkpal AI.\",\"breadcrumb\":{\"@id\":\"https:\/\/talkpal.ai\/pl\/cwiczenia-gramatyczne-z-jezyka-islandzkiego\/#breadcrumb\"},\"inLanguage\":\"pl-PL\",\"potentialAction\":[{\"@type\":\"ReadAction\",\"target\":[\"https:\/\/talkpal.ai\/pl\/cwiczenia-gramatyczne-z-jezyka-islandzkiego\/\"]}]},{\"@type\":\"ImageObject\",\"inLanguage\":\"pl-PL\",\"@id\":\"https:\/\/talkpal.ai\/pl\/cwiczenia-gramatyczne-z-jezyka-islandzkiego\/#primaryimage\",\"url\":\"https:\/\/talkpal.ai\/wp-content\/uploads\/2023\/05\/iceland.png\",\"contentUrl\":\"https:\/\/talkpal.ai\/wp-content\/uploads\/2023\/05\/iceland.png\",\"width\":512,\"height\":512},{\"@type\":\"BreadcrumbList\",\"@id\":\"https:\/\/talkpal.ai\/pl\/cwiczenia-gramatyczne-z-jezyka-islandzkiego\/#breadcrumb\",\"itemListElement\":[{\"@type\":\"ListItem\",\"position\":1,\"name\":\"Homepage\",\"item\":\"https:\/\/talkpal.ai\/pl\/\"},{\"@type\":\"ListItem\",\"position\":2,\"name\":\"\u0106wiczenia gramatyczne z j\u0119zyka islandzkiego\"}]},{\"@type\":\"WebSite\",\"@id\":\"https:\/\/talkpal.ai\/pl\/#website\",\"url\":\"https:\/\/talkpal.ai\/pl\/\",\"name\":\"Talkpal\",\"description\":\"AI Language Learning\",\"publisher\":{\"@id\":\"https:\/\/talkpal.ai\/pl\/#organization\"},\"alternateName\":\"Talkpal AI\",\"potentialAction\":[{\"@type\":\"SearchAction\",\"target\":{\"@type\":\"EntryPoint\",\"urlTemplate\":\"https:\/\/talkpal.ai\/pl\/?s={search_term_string}\"},\"query-input\":{\"@type\":\"PropertyValueSpecification\",\"valueRequired\":true,\"valueName\":\"search_term_string\"}}],\"inLanguage\":\"pl-PL\"},{\"@type\":\"Organization\",\"@id\":\"https:\/\/talkpal.ai\/pl\/#organization\",\"name\":\"Talkpal, Inc.\",\"alternateName\":\"Talkpal AI\",\"url\":\"https:\/\/talkpal.ai\/pl\/\",\"logo\":{\"@type\":\"ImageObject\",\"inLanguage\":\"pl-PL\",\"@id\":\"https:\/\/talkpal.ai\/pl\/#\/schema\/logo\/image\/\",\"url\":\"https:\/\/talkpal.ai\/wp-content\/uploads\/2024\/03\/Talkpal-Logo-Icon.png\",\"contentUrl\":\"https:\/\/talkpal.ai\/wp-content\/uploads\/2024\/03\/Talkpal-Logo-Icon.png\",\"width\":2880,\"height\":2880,\"caption\":\"Talkpal, Inc.\"},\"image\":{\"@id\":\"https:\/\/talkpal.ai\/pl\/#\/schema\/logo\/image\/\"},\"sameAs\":[\"https:\/\/www.facebook.com\/profile.php?id=100090733639311\",\"https:\/\/x.com\/talkpalai\",\"https:\/\/www.linkedin.com\/company\/talkpal\/\",\"https:\/\/www.youtube.com\/@TalkPal\/\",\"https:\/\/www.tiktok.com\/@talkpal\",\"https:\/\/www.instagram.com\/talkpal_ai\/\",\"https:\/\/www.crunchbase.com\/organization\/talkpal-9cde\",\"https:\/\/www.g2.com\/products\/talkpal-for-business\/\",\"https:\/\/www.trustpilot.com\/review\/talkpal.ai\",\"https:\/\/www.capterra.com\/p\/10006800\/TalkPal\/\"],\"description\":\"Talkpal is a language learning web and mobile education app, powered by the latest AI technologies, that provides engaging experiences to its customers in many different languages to help them improve their language skills. Users can chat about unlimited amount of topics with the app and use other modes to practice their language learning.\",\"email\":\"support@talkpal.ai\",\"legalName\":\"Talkpal, Inc.\",\"foundingDate\":\"2023-04-03\",\"duns\":\"118989042\",\"numberOfEmployees\":{\"@type\":\"QuantitativeValue\",\"minValue\":\"11\",\"maxValue\":\"50\"},\"publishingPrinciples\":\"https:\/\/talkpal.ai\/publishing-principles\/\",\"actionableFeedbackPolicy\":\"https:\/\/talkpal.ai\/actionable-feedback-policy\/\",\"correctionsPolicy\":\"https:\/\/talkpal.ai\/corrections-policy\/\",\"ethicsPolicy\":\"https:\/\/talkpal.ai\/ethics-policy\/\",\"diversityPolicy\":\"https:\/\/talkpal.ai\/diversity-policy\/\",\"diversityStaffingReport\":\"https:\/\/talkpal.ai\/diversity-policy\/\"}]}<\/script>\n<!-- \/ Yoast SEO Premium plugin. -->","yoast_head_json":{"title":"\u0106wiczenia gramatyczne z j\u0119zyka islandzkiego - Talkpal","description":"\u0141atwo \u0107wicz gramatyk\u0119 islandzk\u0105 - wzmocnij swoje umiej\u0119tno\u015bci poprzez \u0107wiczenia, interaktywn\u0105 praktyk\u0119 i natychmiastow\u0105 informacj\u0119 zwrotn\u0105 dzi\u0119ki Talkpal AI.","robots":{"index":"index","follow":"follow","max-snippet":"max-snippet:-1","max-image-preview":"max-image-preview:large","max-video-preview":"max-video-preview:-1"},"canonical":"https:\/\/talkpal.ai\/pl\/cwiczenia-gramatyczne-z-jezyka-islandzkiego\/","og_locale":"pl_PL","og_type":"article","og_title":"\u0106wiczenia gramatyczne z j\u0119zyka islandzkiego","og_description":"Tematy gramatyczne islandzkie Islandzki, j\u0119zyk p\u00f3\u0142nocnogerma\u0144ski, kt\u00f3rym pos\u0142uguje si\u0119 ponad 300 000 os\u00f3b, jest j\u0119zykiem urz\u0119dowym Islandii. Znany ze","og_url":"https:\/\/talkpal.ai\/pl\/cwiczenia-gramatyczne-z-jezyka-islandzkiego\/","og_site_name":"Talkpal","article_publisher":"https:\/\/www.facebook.com\/profile.php?id=100090733639311","article_modified_time":"2025-12-17T16:08:56+00:00","og_image":[{"width":512,"height":512,"url":"https:\/\/talkpal.ai\/wp-content\/uploads\/2023\/05\/iceland.png","type":"image\/png"}],"twitter_card":"summary_large_image","twitter_site":"@talkpalai","twitter_misc":{"Szacowany czas czytania":"3 minuty"},"schema":{"@context":"https:\/\/schema.org","@graph":[{"@type":"WebPage","@id":"https:\/\/talkpal.ai\/pl\/cwiczenia-gramatyczne-z-jezyka-islandzkiego\/","url":"https:\/\/talkpal.ai\/pl\/cwiczenia-gramatyczne-z-jezyka-islandzkiego\/","name":"\u0106wiczenia gramatyczne z j\u0119zyka islandzkiego - Talkpal","isPartOf":{"@id":"https:\/\/talkpal.ai\/pl\/#website"},"primaryImageOfPage":{"@id":"https:\/\/talkpal.ai\/pl\/cwiczenia-gramatyczne-z-jezyka-islandzkiego\/#primaryimage"},"image":{"@id":"https:\/\/talkpal.ai\/pl\/cwiczenia-gramatyczne-z-jezyka-islandzkiego\/#primaryimage"},"thumbnailUrl":"https:\/\/talkpal.ai\/wp-content\/uploads\/2023\/05\/iceland.png","datePublished":"2023-06-21T14:50:44+00:00","dateModified":"2025-12-17T16:08:56+00:00","description":"\u0141atwo \u0107wicz gramatyk\u0119 islandzk\u0105 - wzmocnij swoje umiej\u0119tno\u015bci poprzez \u0107wiczenia, interaktywn\u0105 praktyk\u0119 i natychmiastow\u0105 informacj\u0119 zwrotn\u0105 dzi\u0119ki Talkpal AI.","breadcrumb":{"@id":"https:\/\/talkpal.ai\/pl\/cwiczenia-gramatyczne-z-jezyka-islandzkiego\/#breadcrumb"},"inLanguage":"pl-PL","potentialAction":[{"@type":"ReadAction","target":["https:\/\/talkpal.ai\/pl\/cwiczenia-gramatyczne-z-jezyka-islandzkiego\/"]}]},{"@type":"ImageObject","inLanguage":"pl-PL","@id":"https:\/\/talkpal.ai\/pl\/cwiczenia-gramatyczne-z-jezyka-islandzkiego\/#primaryimage","url":"https:\/\/talkpal.ai\/wp-content\/uploads\/2023\/05\/iceland.png","contentUrl":"https:\/\/talkpal.ai\/wp-content\/uploads\/2023\/05\/iceland.png","width":512,"height":512},{"@type":"BreadcrumbList","@id":"https:\/\/talkpal.ai\/pl\/cwiczenia-gramatyczne-z-jezyka-islandzkiego\/#breadcrumb","itemListElement":[{"@type":"ListItem","position":1,"name":"Homepage","item":"https:\/\/talkpal.ai\/pl\/"},{"@type":"ListItem","position":2,"name":"\u0106wiczenia gramatyczne z j\u0119zyka islandzkiego"}]},{"@type":"WebSite","@id":"https:\/\/talkpal.ai\/pl\/#website","url":"https:\/\/talkpal.ai\/pl\/","name":"Talkpal","description":"AI Language Learning","publisher":{"@id":"https:\/\/talkpal.ai\/pl\/#organization"},"alternateName":"Talkpal AI","potentialAction":[{"@type":"SearchAction","target":{"@type":"EntryPoint","urlTemplate":"https:\/\/talkpal.ai\/pl\/?s={search_term_string}"},"query-input":{"@type":"PropertyValueSpecification","valueRequired":true,"valueName":"search_term_string"}}],"inLanguage":"pl-PL"},{"@type":"Organization","@id":"https:\/\/talkpal.ai\/pl\/#organization","name":"Talkpal, Inc.","alternateName":"Talkpal AI","url":"https:\/\/talkpal.ai\/pl\/","logo":{"@type":"ImageObject","inLanguage":"pl-PL","@id":"https:\/\/talkpal.ai\/pl\/#\/schema\/logo\/image\/","url":"https:\/\/talkpal.ai\/wp-content\/uploads\/2024\/03\/Talkpal-Logo-Icon.png","contentUrl":"https:\/\/talkpal.ai\/wp-content\/uploads\/2024\/03\/Talkpal-Logo-Icon.png","width":2880,"height":2880,"caption":"Talkpal, Inc."},"image":{"@id":"https:\/\/talkpal.ai\/pl\/#\/schema\/logo\/image\/"},"sameAs":["https:\/\/www.facebook.com\/profile.php?id=100090733639311","https:\/\/x.com\/talkpalai","https:\/\/www.linkedin.com\/company\/talkpal\/","https:\/\/www.youtube.com\/@TalkPal\/","https:\/\/www.tiktok.com\/@talkpal","https:\/\/www.instagram.com\/talkpal_ai\/","https:\/\/www.crunchbase.com\/organization\/talkpal-9cde","https:\/\/www.g2.com\/products\/talkpal-for-business\/","https:\/\/www.trustpilot.com\/review\/talkpal.ai","https:\/\/www.capterra.com\/p\/10006800\/TalkPal\/"],"description":"Talkpal is a language learning web and mobile education app, powered by the latest AI technologies, that provides engaging experiences to its customers in many different languages to help them improve their language skills. Users can chat about unlimited amount of topics with the app and use other modes to practice their language learning.","email":"support@talkpal.ai","legalName":"Talkpal, Inc.","foundingDate":"2023-04-03","duns":"118989042","numberOfEmployees":{"@type":"QuantitativeValue","minValue":"11","maxValue":"50"},"publishingPrinciples":"https:\/\/talkpal.ai\/publishing-principles\/","actionableFeedbackPolicy":"https:\/\/talkpal.ai\/actionable-feedback-policy\/","correctionsPolicy":"https:\/\/talkpal.ai\/corrections-policy\/","ethicsPolicy":"https:\/\/talkpal.ai\/ethics-policy\/","diversityPolicy":"https:\/\/talkpal.ai\/diversity-policy\/","diversityStaffingReport":"https:\/\/talkpal.ai\/diversity-policy\/"}]}},"_links":{"self":[{"href":"https:\/\/talkpal.ai\/pl\/wp-json\/wp\/v2\/pages\/161779","targetHints":{"allow":["GET"]}}],"collection":[{"href":"https:\/\/talkpal.ai\/pl\/wp-json\/wp\/v2\/pages"}],"about":[{"href":"https:\/\/talkpal.ai\/pl\/wp-json\/wp\/v2\/types\/page"}],"author":[{"embeddable":true,"href":"https:\/\/talkpal.ai\/pl\/wp-json\/wp\/v2\/users\/6"}],"replies":[{"embeddable":true,"href":"https:\/\/talkpal.ai\/pl\/wp-json\/wp\/v2\/comments?post=161779"}],"version-history":[{"count":0,"href":"https:\/\/talkpal.ai\/pl\/wp-json\/wp\/v2\/pages\/161779\/revisions"}],"wp:featuredmedia":[{"embeddable":true,"href":"https:\/\/talkpal.ai\/pl\/wp-json\/wp\/v2\/media\/113388"}],"wp:attachment":[{"href":"https:\/\/talkpal.ai\/pl\/wp-json\/wp\/v2\/media?parent=161779"}],"curies":[{"name":"wp","href":"https:\/\/api.w.org\/{rel}","templated":true}]}}