{"id":161490,"date":"2023-06-22T07:25:42","date_gmt":"2023-06-22T07:25:42","guid":{"rendered":"http:\/\/talkpal.ai\/cwiczenia-gramatyczne-z-jezyka-indonezyjskiego\/"},"modified":"2025-12-17T15:22:24","modified_gmt":"2025-12-17T15:22:24","slug":"cwiczenia-gramatyczne-z-jezyka-indonezyjskiego","status":"publish","type":"page","link":"https:\/\/talkpal.ai\/pl\/cwiczenia-gramatyczne-z-jezyka-indonezyjskiego\/","title":{"rendered":"\u0106wiczenia gramatyczne z j\u0119zyka indonezyjskiego"},"content":{"rendered":"\r\n\r\n\r\n<section class=\"languageChallengeSection\">\r\n    <div class=\"languageInfoWrapper\">\r\n        \r\n        <h1>\u0106wiczenia gramatyczne z j\u0119zyka indonezyjskiego<\/h1>\r\n        <p>Chcesz zwi\u0119kszy\u0107 swoj\u0105 pewno\u015b\u0107 siebie w j\u0119zyku indonezyjskim? \u0106wiczenia gramatyczne to \u015bwietny spos\u00f3b na opanowanie struktury zda\u0144, form czasownik\u00f3w i kluczowych wzorc\u00f3w, kt\u00f3re pomog\u0105 ci komunikowa\u0107 si\u0119 bardziej naturalnie. Zacznij \u0107wiczy\u0107 gramatyk\u0119 indonezyjsk\u0105 ju\u017c dzi\u015b i obserwuj, jak twoje umiej\u0119tno\u015bci i zrozumienie rosn\u0105 z ka\u017cd\u0105 sesj\u0105!<\/p>\r\n\r\n                            <a class=\"getStartedHidden\" href=\"https:\/\/app.talkpal.ai\/pl\/signup?lng=\">Zaczynaj<\/a>\r\n        \r\n    <\/div>\r\n\r\n    <figure>\r\n    <img decoding=\"async\" width=\"768\" height=\"768\" src=\"https:\/\/talkpal.ai\/wp-content\/uploads\/2023\/06\/indonesia-768x768.png\" class=\"languageImage no-lazy\" alt=\"Language learning for personal achievement\" fetchpriority=\"high\" sizes=\"(max-width: 768px) 150px, 768px\" srcset=\"https:\/\/talkpal.ai\/wp-content\/uploads\/2023\/06\/indonesia-768x768.png 768w, https:\/\/talkpal.ai\/wp-content\/uploads\/2023\/06\/indonesia-300x300.png 300w\" \/>\r\n    \r\n\r\n    <\/figure>\r\n\r\n            <a class=\"getStartedVisible\" href=\"https:\/\/app.talkpal.ai\/pl\/signup?lng=\">Zaczynaj<\/a>\r\n    \r\n<\/section>\r\n\r\n\r\n<!-- <section class=\"grammarSection\">\r\n    <div class=\"grammarLinks\">\r\n            <\/div>\r\n<\/section> -->\r\n\r\n\r\n\r\n\r\n<section class=\"promotionalBanner\">\r\n    <p class=\"promotionalText\">Najbardziej efektywny spos\u00f3b nauki j\u0119zyka<\/p>\r\n    <a class=\"promotionalLink\" href=\"https:\/\/app.talkpal.ai\/pl\/signup?lng=\">Wypr\u00f3buj Talkpal za darmo<\/a>\r\n<\/section>\n<div class=\"wp-block-group pageContainerStyle\"><div class=\"wp-block-group__inner-container is-layout-constrained wp-block-group-is-layout-constrained\">\n<h2 class=\"wp-block-heading\" id=\"h-indonesian-grammar-topics\">Tematy gramatyczne w j\u0119zyku indonezyjskim<\/h2>\n\n\n\n<p><a href=\"https:\/\/talkpal.ai\/learn-indonesian\/\">Indonezyjski<\/a> lub <a href=\"https:\/\/talkpal.ai\/id\/belajar-bahasa-indonesia\/\">Bahasa Indonesia<\/a> jest j\u0119zykiem urz\u0119dowym Indonezji i s\u0142u\u017cy jako j\u0119zyk jednocz\u0105cy w kraju z ponad 700 j\u0119zykami m\u00f3wionymi. Jako ustandaryzowany rejestr <a href=\"https:\/\/talkpal.ai\/learn-malay\/\">malajski<\/a>, jest to j\u0119zyk austronezyjski z \u0142atwym do nauczenia si\u0119 systemem gramatycznym. Podczas nauki j\u0119zyka indonezyjskiego niezb\u0119dne jest zrozumienie jego zasad gramatycznych i struktury w celu skutecznej komunikacji. W tym przewodniku skupimy si\u0119 na sekwencji uczenia si\u0119 r\u00f3\u017cnych temat\u00f3w gramatyki indonezyjskiej, takich jak czasy, czasowniki, rzeczowniki, rodzajniki, zaimki, przymiotniki, przys\u0142\u00f3wki, tryb warunkowy, przyimki i struktura zda\u0144.<\/p>\n\n\n\n<h3 class=\"wp-block-heading\" id=\"h-1-nouns\">1. Rzeczowniki<\/h3>\n\n\n\n<p>Zacznij od nauki rzeczownik\u00f3w indonezyjskich, poniewa\u017c s\u0105 one najprostszymi elementami sk\u0142adowymi j\u0119zyka. Rzeczowniki indonezyjskie nie s\u0105 rodzajnicze ani w liczbie mnogiej, dzi\u0119ki czemu s\u0105 \u0142atwe do uchwycenia. Zapoznaj si\u0119 z rzeczownikami pospolitymi i ich u\u017cyciem w kontek\u015bcie.<\/p>\n\n\n\n<h3 class=\"wp-block-heading\" id=\"h-2-pronouns-determiners\">2. Zaimki\/okre\u015blniki<\/h3>\n\n\n\n<p>Po zrozumieniu rzeczownik\u00f3w <a href=\"https:\/\/talkpal.ai\/pl\/naucz-sie-malajskiego\/\">naucz si\u0119<\/a> zaimk\u00f3w i okre\u015blnik\u00f3w. Indonezyjski ma r\u00f3\u017cne zaimki osobowe i okre\u015blniki dzier\u017cawcze, kt\u00f3re odpowiadaj\u0105 angielskim odpowiednikom. Prze\u0107wicz u\u017cywanie ich w r\u00f3\u017cnych kontekstach, aby zbudowa\u0107 podstawy w konstruowaniu zda\u0144.<\/p>\n\n\n\n<h3 class=\"wp-block-heading\" id=\"h-3-adjectives\">3. Przymiotniki<\/h3>\n\n\n\n<p>Przymiotniki s\u0105 niezb\u0119dne do opisywania i rozr\u00f3\u017cniania rzeczownik\u00f3w w j\u0119zyku indonezyjskim. Dowiedz si\u0119, jak u\u017cywa\u0107 przymiotnik\u00f3w w prostych zdaniach i zrozumie\u0107 ich rozmieszczenie w odniesieniu do rzeczownik\u00f3w.<\/p>\n\n\n\n<h3 class=\"wp-block-heading\" id=\"h-4-verbs\">4. Czasowniki<\/h3>\n\n\n\n<p>Czasowniki indonezyjskie nie s\u0105 odmieniane, co czyni je stosunkowo \u0142atwiejszymi do nauczenia si\u0119 w por\u00f3wnaniu z innymi j\u0119zykami. Przestudiuj podstawowe formy czasownik\u00f3w i ich u\u017cycie w zdaniach.<\/p>\n\n\n\n<h3 class=\"wp-block-heading\" id=\"h-5-tenses\">5. Czasy<\/h3>\n\n\n\n<p>Indonezyjski nie ma bezpo\u015bredniego odpowiednika czasu angielskiego. Zamiast tego czas jest wyra\u017cany poprzez kontekst lub za pomoc\u0105 okre\u015blonych s\u0142\u00f3w. Dowiedz si\u0119, jak przekazywa\u0107 przesz\u0142e, tera\u017aniejsze i przysz\u0142e wydarzenia w j\u0119zyku indonezyjskim za pomoc\u0105 r\u00f3\u017cnych przys\u0142\u00f3wk\u00f3w i zwrot\u00f3w.<\/p>\n\n\n\n<h3 class=\"wp-block-heading\" id=\"h-6-tense-comparison-progressive-perfect-progressive\">6. Por\u00f3wnanie napi\u0119\u0107, progresywne, doskona\u0142e progresywne<\/h3>\n\n\n\n<p>Poniewa\u017c w j\u0119zyku indonezyjskim nie ma systemu czas\u00f3w, kluczowe znaczenie ma zrozumienie poj\u0119cia por\u00f3wnania czas\u00f3w, progresywnego i doskona\u0142ego progresywnego. Dowiedz si\u0119, jak wyrazi\u0107 te aspekty za pomoc\u0105 r\u00f3\u017cnych s\u0142\u00f3w i wyra\u017ce\u0144.<\/p>\n\n\n\n<h3 class=\"wp-block-heading\" id=\"h-7-adverbs\">7. Przys\u0142\u00f3wki<\/h3>\n\n\n\n<p>W\u0142\u0105cz przys\u0142\u00f3wki do swojego indonezyjskiego s\u0142ownictwa, aby doda\u0107 wi\u0119cej szczeg\u00f3\u0142\u00f3w i g\u0142\u0119bi do swoich zda\u0144. Zapoznaj si\u0119 z zasadami dotycz\u0105cymi umieszczania i u\u017cywania przys\u0142\u00f3wk\u00f3w.<\/p>\n\n\n\n<h3 class=\"wp-block-heading\" id=\"h-8-prepositions\">8. Przyimki<\/h3>\n\n\n\n<p>Przyimki s\u0142u\u017c\u0105 do wskazywania relacji mi\u0119dzy s\u0142owami w zdaniu. <a href=\"https:\/\/talkpal.ai\/pl\/naucz-sie-malajskiego\/\">Naucz si\u0119<\/a> popularnych indonezyjskich przyimk\u00f3w i ich u\u017cycia w r\u00f3\u017cnych kontekstach.<\/p>\n\n\n\n<h3 class=\"wp-block-heading\" id=\"h-9-conditionals\">9. Instrukcje warunkowe<\/h3>\n\n\n\n<p>Zapoznaj si\u0119 ze zdaniami warunkowymi w j\u0119zyku indonezyjskim, kt\u00f3re wyra\u017caj\u0105 hipotetyczne sytuacje i ich konsekwencje. Dowiedz si\u0119, jak tworzy\u0107 i u\u017cywa\u0107 klauzul &#8222;je\u015bli&#8221; i innych struktur warunkowych.<\/p>\n\n\n\n<h3 class=\"wp-block-heading\" id=\"h-10-sentences\">10. Zdania<\/h3>\n\n\n\n<p>Na koniec prze\u0107wicz konstruowanie zda\u0144 przy u\u017cyciu regu\u0142 gramatycznych i temat\u00f3w om\u00f3wionych powy\u017cej. Zapoznaj si\u0119 z r\u00f3\u017cnymi rodzajami zda\u0144 indonezyjskich, takimi jak oznajmuj\u0105ce, pytaj\u0105ce, rozkazuj\u0105ce i wykrzyknikowe, aby poprawi\u0107 swoje og\u00f3lne umiej\u0119tno\u015bci komunikacyjne w tym j\u0119zyku.<\/p>\n<\/div><\/div>\n\r\n<section class=\"learnNavigationSection\">\r\n            \r\n        <a href=\"https:\/\/talkpal.ai\/pl\/naucz-sie-indonezyjskiego\/\">\r\n            <div class=\"learnNavigationWrapper\">\r\n                <div class=\"learnNavigationContent\">\r\n                    <img decoding=\"async\" src=\"https:\/\/talkpal.ai\/wp-content\/uploads\/2024\/08\/Indonesian.jpg\" alt=\"Indonesian Flag\">\r\n                    <div>\r\n                        <h4>O nauce j\u0119zyka indonezyjskiego<\/h4>\r\n                        <p>Dowiedz si\u0119 wszystkiego o gramatyce indonezyjskiej .<\/p>\r\n                    <\/div>\r\n                <\/div>\r\n            <\/div>\r\n        <\/a>\r\n\r\n        \r\n        <a href=\"https:\/\/talkpal.ai\/pl\/gramatyka-indonezyjska\/\">\r\n            <div class=\"learnNavigationWrapper\">\r\n                <div class=\"learnNavigationContent\">\r\n                    <img decoding=\"async\" src=\"https:\/\/talkpal.ai\/wp-content\/uploads\/2024\/08\/Indonesian.jpg\" alt=\"Indonesian Flag\">\r\n                    <div>\r\n                        <h4>Lekcje gramatyki indonezyjskiej<\/h4>\r\n                        <p>\u0106wicz gramatyk\u0119 indonezyjsk\u0105 .<\/p>\r\n                    <\/div>\r\n                <\/div>\r\n            <\/div>\r\n        <\/a>\r\n\r\n        \r\n        <a href=\"https:\/\/talkpal.ai\/vocabulary_language\/indonesian\/\">\r\n            <div class=\"learnNavigationWrapper\">\r\n                <div class=\"learnNavigationContent\">\r\n                    <img decoding=\"async\" src=\"https:\/\/talkpal.ai\/wp-content\/uploads\/2024\/08\/Indonesian.jpg\" alt=\"Indonesian Flag\">\r\n                    <div>\r\n                        <h4>S\u0142ownictwo indonezyjskie<\/h4>\r\n                        <p>Poszerz swoje indonezyjskie s\u0142ownictwo.<\/p>\r\n                    <\/div>\r\n                <\/div>\r\n            <\/div>\r\n        <\/a>\r\n\r\n            <\/section>","protected":false},"excerpt":{"rendered":"<p>Tematy gramatyczne w j\u0119zyku indonezyjskim Indonezyjski lub Bahasa Indonesia jest j\u0119zykiem urz\u0119dowym Indonezji i s\u0142u\u017cy jako j\u0119zyk jednocz\u0105cy w kraju z ponad 700 j\u0119zykami m\u00f3wionymi. Jako ustandaryzowany rejestr malajski, jest to j\u0119zyk austronezyjski z \u0142atwym do nauczenia si\u0119 systemem gramatycznym. Podczas nauki j\u0119zyka indonezyjskiego niezb\u0119dne jest zrozumienie jego zasad gramatycznych i struktury w celu skutecznej [&hellip;]<\/p>\n","protected":false},"author":6,"featured_media":113909,"parent":0,"menu_order":0,"comment_status":"closed","ping_status":"closed","template":"LearningContentPage.php","meta":{"_acf_changed":false,"footnotes":""},"class_list":["post-161490","page","type-page","status-publish","has-post-thumbnail","hentry"],"acf":[],"yoast_head":"<!-- This site is optimized with the Yoast SEO Premium plugin v27.2 (Yoast SEO v27.2) - https:\/\/yoast.com\/product\/yoast-seo-premium-wordpress\/ -->\n<title>\u0106wiczenia gramatyczne z j\u0119zyka indonezyjskiego - Talkpal<\/title>\n<meta name=\"description\" content=\"Popraw swoj\u0105 gramatyk\u0119 indonezyjsk\u0105 - \u0107wicz z prostymi \u0107wiczeniami, interaktywnymi przyk\u0142adami i jasn\u0105 informacj\u0105 zwrotn\u0105 za pomoc\u0105 Talkpal AI.\" \/>\n<meta name=\"robots\" content=\"index, follow, max-snippet:-1, max-image-preview:large, max-video-preview:-1\" \/>\n<link rel=\"canonical\" href=\"https:\/\/talkpal.ai\/pl\/cwiczenia-gramatyczne-z-jezyka-indonezyjskiego\/\" \/>\n<meta property=\"og:locale\" content=\"pl_PL\" \/>\n<meta property=\"og:type\" content=\"article\" \/>\n<meta property=\"og:title\" content=\"\u0106wiczenia gramatyczne z j\u0119zyka indonezyjskiego\" \/>\n<meta property=\"og:description\" content=\"Tematy gramatyczne w j\u0119zyku indonezyjskim Indonezyjski lub Bahasa Indonesia jest j\u0119zykiem urz\u0119dowym Indonezji i s\u0142u\u017cy jako j\u0119zyk jednocz\u0105cy w kraju z\" \/>\n<meta property=\"og:url\" content=\"https:\/\/talkpal.ai\/pl\/cwiczenia-gramatyczne-z-jezyka-indonezyjskiego\/\" \/>\n<meta property=\"og:site_name\" content=\"Talkpal\" \/>\n<meta property=\"article:publisher\" content=\"https:\/\/www.facebook.com\/profile.php?id=100090733639311\" \/>\n<meta property=\"article:modified_time\" content=\"2025-12-17T15:22:24+00:00\" \/>\n<meta property=\"og:image\" content=\"https:\/\/talkpal.ai\/wp-content\/uploads\/2023\/05\/indonesia.png\" \/>\n\t<meta property=\"og:image:width\" content=\"512\" \/>\n\t<meta property=\"og:image:height\" content=\"512\" \/>\n\t<meta property=\"og:image:type\" content=\"image\/png\" \/>\n<meta name=\"twitter:card\" content=\"summary_large_image\" \/>\n<meta name=\"twitter:site\" content=\"@talkpalai\" \/>\n<meta name=\"twitter:label1\" content=\"Szacowany czas czytania\" \/>\n\t<meta name=\"twitter:data1\" content=\"2 minuty\" \/>\n<script type=\"application\/ld+json\" class=\"yoast-schema-graph\">{\"@context\":\"https:\/\/schema.org\",\"@graph\":[{\"@type\":\"WebPage\",\"@id\":\"https:\/\/talkpal.ai\/pl\/cwiczenia-gramatyczne-z-jezyka-indonezyjskiego\/\",\"url\":\"https:\/\/talkpal.ai\/pl\/cwiczenia-gramatyczne-z-jezyka-indonezyjskiego\/\",\"name\":\"\u0106wiczenia gramatyczne z j\u0119zyka indonezyjskiego - Talkpal\",\"isPartOf\":{\"@id\":\"https:\/\/talkpal.ai\/pl\/#website\"},\"primaryImageOfPage\":{\"@id\":\"https:\/\/talkpal.ai\/pl\/cwiczenia-gramatyczne-z-jezyka-indonezyjskiego\/#primaryimage\"},\"image\":{\"@id\":\"https:\/\/talkpal.ai\/pl\/cwiczenia-gramatyczne-z-jezyka-indonezyjskiego\/#primaryimage\"},\"thumbnailUrl\":\"https:\/\/talkpal.ai\/wp-content\/uploads\/2023\/05\/indonesia.png\",\"datePublished\":\"2023-06-22T07:25:42+00:00\",\"dateModified\":\"2025-12-17T15:22:24+00:00\",\"description\":\"Popraw swoj\u0105 gramatyk\u0119 indonezyjsk\u0105 - \u0107wicz z prostymi \u0107wiczeniami, interaktywnymi przyk\u0142adami i jasn\u0105 informacj\u0105 zwrotn\u0105 za pomoc\u0105 Talkpal AI.\",\"breadcrumb\":{\"@id\":\"https:\/\/talkpal.ai\/pl\/cwiczenia-gramatyczne-z-jezyka-indonezyjskiego\/#breadcrumb\"},\"inLanguage\":\"pl-PL\",\"potentialAction\":[{\"@type\":\"ReadAction\",\"target\":[\"https:\/\/talkpal.ai\/pl\/cwiczenia-gramatyczne-z-jezyka-indonezyjskiego\/\"]}]},{\"@type\":\"ImageObject\",\"inLanguage\":\"pl-PL\",\"@id\":\"https:\/\/talkpal.ai\/pl\/cwiczenia-gramatyczne-z-jezyka-indonezyjskiego\/#primaryimage\",\"url\":\"https:\/\/talkpal.ai\/wp-content\/uploads\/2023\/05\/indonesia.png\",\"contentUrl\":\"https:\/\/talkpal.ai\/wp-content\/uploads\/2023\/05\/indonesia.png\",\"width\":512,\"height\":512},{\"@type\":\"BreadcrumbList\",\"@id\":\"https:\/\/talkpal.ai\/pl\/cwiczenia-gramatyczne-z-jezyka-indonezyjskiego\/#breadcrumb\",\"itemListElement\":[{\"@type\":\"ListItem\",\"position\":1,\"name\":\"Homepage\",\"item\":\"https:\/\/talkpal.ai\/pl\/\"},{\"@type\":\"ListItem\",\"position\":2,\"name\":\"\u0106wiczenia gramatyczne z j\u0119zyka indonezyjskiego\"}]},{\"@type\":\"WebSite\",\"@id\":\"https:\/\/talkpal.ai\/pl\/#website\",\"url\":\"https:\/\/talkpal.ai\/pl\/\",\"name\":\"Talkpal\",\"description\":\"AI Language Learning\",\"publisher\":{\"@id\":\"https:\/\/talkpal.ai\/pl\/#organization\"},\"alternateName\":\"Talkpal AI\",\"potentialAction\":[{\"@type\":\"SearchAction\",\"target\":{\"@type\":\"EntryPoint\",\"urlTemplate\":\"https:\/\/talkpal.ai\/pl\/?s={search_term_string}\"},\"query-input\":{\"@type\":\"PropertyValueSpecification\",\"valueRequired\":true,\"valueName\":\"search_term_string\"}}],\"inLanguage\":\"pl-PL\"},{\"@type\":\"Organization\",\"@id\":\"https:\/\/talkpal.ai\/pl\/#organization\",\"name\":\"Talkpal, Inc.\",\"alternateName\":\"Talkpal AI\",\"url\":\"https:\/\/talkpal.ai\/pl\/\",\"logo\":{\"@type\":\"ImageObject\",\"inLanguage\":\"pl-PL\",\"@id\":\"https:\/\/talkpal.ai\/pl\/#\/schema\/logo\/image\/\",\"url\":\"https:\/\/talkpal.ai\/wp-content\/uploads\/2024\/03\/Talkpal-Logo-Icon.png\",\"contentUrl\":\"https:\/\/talkpal.ai\/wp-content\/uploads\/2024\/03\/Talkpal-Logo-Icon.png\",\"width\":2880,\"height\":2880,\"caption\":\"Talkpal, Inc.\"},\"image\":{\"@id\":\"https:\/\/talkpal.ai\/pl\/#\/schema\/logo\/image\/\"},\"sameAs\":[\"https:\/\/www.facebook.com\/profile.php?id=100090733639311\",\"https:\/\/x.com\/talkpalai\",\"https:\/\/www.linkedin.com\/company\/talkpal\/\",\"https:\/\/www.youtube.com\/@TalkPal\/\",\"https:\/\/www.tiktok.com\/@talkpal\",\"https:\/\/www.instagram.com\/talkpal_ai\/\",\"https:\/\/www.crunchbase.com\/organization\/talkpal-9cde\",\"https:\/\/www.g2.com\/products\/talkpal-for-business\/\",\"https:\/\/www.trustpilot.com\/review\/talkpal.ai\",\"https:\/\/www.capterra.com\/p\/10006800\/TalkPal\/\"],\"description\":\"Talkpal is a language learning web and mobile education app, powered by the latest AI technologies, that provides engaging experiences to its customers in many different languages to help them improve their language skills. Users can chat about unlimited amount of topics with the app and use other modes to practice their language learning.\",\"email\":\"support@talkpal.ai\",\"legalName\":\"Talkpal, Inc.\",\"foundingDate\":\"2023-04-03\",\"duns\":\"118989042\",\"numberOfEmployees\":{\"@type\":\"QuantitativeValue\",\"minValue\":\"11\",\"maxValue\":\"50\"},\"publishingPrinciples\":\"https:\/\/talkpal.ai\/publishing-principles\/\",\"actionableFeedbackPolicy\":\"https:\/\/talkpal.ai\/actionable-feedback-policy\/\",\"correctionsPolicy\":\"https:\/\/talkpal.ai\/corrections-policy\/\",\"ethicsPolicy\":\"https:\/\/talkpal.ai\/ethics-policy\/\",\"diversityPolicy\":\"https:\/\/talkpal.ai\/diversity-policy\/\",\"diversityStaffingReport\":\"https:\/\/talkpal.ai\/diversity-policy\/\"}]}<\/script>\n<!-- \/ Yoast SEO Premium plugin. -->","yoast_head_json":{"title":"\u0106wiczenia gramatyczne z j\u0119zyka indonezyjskiego - Talkpal","description":"Popraw swoj\u0105 gramatyk\u0119 indonezyjsk\u0105 - \u0107wicz z prostymi \u0107wiczeniami, interaktywnymi przyk\u0142adami i jasn\u0105 informacj\u0105 zwrotn\u0105 za pomoc\u0105 Talkpal AI.","robots":{"index":"index","follow":"follow","max-snippet":"max-snippet:-1","max-image-preview":"max-image-preview:large","max-video-preview":"max-video-preview:-1"},"canonical":"https:\/\/talkpal.ai\/pl\/cwiczenia-gramatyczne-z-jezyka-indonezyjskiego\/","og_locale":"pl_PL","og_type":"article","og_title":"\u0106wiczenia gramatyczne z j\u0119zyka indonezyjskiego","og_description":"Tematy gramatyczne w j\u0119zyku indonezyjskim Indonezyjski lub Bahasa Indonesia jest j\u0119zykiem urz\u0119dowym Indonezji i s\u0142u\u017cy jako j\u0119zyk jednocz\u0105cy w kraju z","og_url":"https:\/\/talkpal.ai\/pl\/cwiczenia-gramatyczne-z-jezyka-indonezyjskiego\/","og_site_name":"Talkpal","article_publisher":"https:\/\/www.facebook.com\/profile.php?id=100090733639311","article_modified_time":"2025-12-17T15:22:24+00:00","og_image":[{"width":512,"height":512,"url":"https:\/\/talkpal.ai\/wp-content\/uploads\/2023\/05\/indonesia.png","type":"image\/png"}],"twitter_card":"summary_large_image","twitter_site":"@talkpalai","twitter_misc":{"Szacowany czas czytania":"2 minuty"},"schema":{"@context":"https:\/\/schema.org","@graph":[{"@type":"WebPage","@id":"https:\/\/talkpal.ai\/pl\/cwiczenia-gramatyczne-z-jezyka-indonezyjskiego\/","url":"https:\/\/talkpal.ai\/pl\/cwiczenia-gramatyczne-z-jezyka-indonezyjskiego\/","name":"\u0106wiczenia gramatyczne z j\u0119zyka indonezyjskiego - Talkpal","isPartOf":{"@id":"https:\/\/talkpal.ai\/pl\/#website"},"primaryImageOfPage":{"@id":"https:\/\/talkpal.ai\/pl\/cwiczenia-gramatyczne-z-jezyka-indonezyjskiego\/#primaryimage"},"image":{"@id":"https:\/\/talkpal.ai\/pl\/cwiczenia-gramatyczne-z-jezyka-indonezyjskiego\/#primaryimage"},"thumbnailUrl":"https:\/\/talkpal.ai\/wp-content\/uploads\/2023\/05\/indonesia.png","datePublished":"2023-06-22T07:25:42+00:00","dateModified":"2025-12-17T15:22:24+00:00","description":"Popraw swoj\u0105 gramatyk\u0119 indonezyjsk\u0105 - \u0107wicz z prostymi \u0107wiczeniami, interaktywnymi przyk\u0142adami i jasn\u0105 informacj\u0105 zwrotn\u0105 za pomoc\u0105 Talkpal AI.","breadcrumb":{"@id":"https:\/\/talkpal.ai\/pl\/cwiczenia-gramatyczne-z-jezyka-indonezyjskiego\/#breadcrumb"},"inLanguage":"pl-PL","potentialAction":[{"@type":"ReadAction","target":["https:\/\/talkpal.ai\/pl\/cwiczenia-gramatyczne-z-jezyka-indonezyjskiego\/"]}]},{"@type":"ImageObject","inLanguage":"pl-PL","@id":"https:\/\/talkpal.ai\/pl\/cwiczenia-gramatyczne-z-jezyka-indonezyjskiego\/#primaryimage","url":"https:\/\/talkpal.ai\/wp-content\/uploads\/2023\/05\/indonesia.png","contentUrl":"https:\/\/talkpal.ai\/wp-content\/uploads\/2023\/05\/indonesia.png","width":512,"height":512},{"@type":"BreadcrumbList","@id":"https:\/\/talkpal.ai\/pl\/cwiczenia-gramatyczne-z-jezyka-indonezyjskiego\/#breadcrumb","itemListElement":[{"@type":"ListItem","position":1,"name":"Homepage","item":"https:\/\/talkpal.ai\/pl\/"},{"@type":"ListItem","position":2,"name":"\u0106wiczenia gramatyczne z j\u0119zyka indonezyjskiego"}]},{"@type":"WebSite","@id":"https:\/\/talkpal.ai\/pl\/#website","url":"https:\/\/talkpal.ai\/pl\/","name":"Talkpal","description":"AI Language Learning","publisher":{"@id":"https:\/\/talkpal.ai\/pl\/#organization"},"alternateName":"Talkpal AI","potentialAction":[{"@type":"SearchAction","target":{"@type":"EntryPoint","urlTemplate":"https:\/\/talkpal.ai\/pl\/?s={search_term_string}"},"query-input":{"@type":"PropertyValueSpecification","valueRequired":true,"valueName":"search_term_string"}}],"inLanguage":"pl-PL"},{"@type":"Organization","@id":"https:\/\/talkpal.ai\/pl\/#organization","name":"Talkpal, Inc.","alternateName":"Talkpal AI","url":"https:\/\/talkpal.ai\/pl\/","logo":{"@type":"ImageObject","inLanguage":"pl-PL","@id":"https:\/\/talkpal.ai\/pl\/#\/schema\/logo\/image\/","url":"https:\/\/talkpal.ai\/wp-content\/uploads\/2024\/03\/Talkpal-Logo-Icon.png","contentUrl":"https:\/\/talkpal.ai\/wp-content\/uploads\/2024\/03\/Talkpal-Logo-Icon.png","width":2880,"height":2880,"caption":"Talkpal, Inc."},"image":{"@id":"https:\/\/talkpal.ai\/pl\/#\/schema\/logo\/image\/"},"sameAs":["https:\/\/www.facebook.com\/profile.php?id=100090733639311","https:\/\/x.com\/talkpalai","https:\/\/www.linkedin.com\/company\/talkpal\/","https:\/\/www.youtube.com\/@TalkPal\/","https:\/\/www.tiktok.com\/@talkpal","https:\/\/www.instagram.com\/talkpal_ai\/","https:\/\/www.crunchbase.com\/organization\/talkpal-9cde","https:\/\/www.g2.com\/products\/talkpal-for-business\/","https:\/\/www.trustpilot.com\/review\/talkpal.ai","https:\/\/www.capterra.com\/p\/10006800\/TalkPal\/"],"description":"Talkpal is a language learning web and mobile education app, powered by the latest AI technologies, that provides engaging experiences to its customers in many different languages to help them improve their language skills. Users can chat about unlimited amount of topics with the app and use other modes to practice their language learning.","email":"support@talkpal.ai","legalName":"Talkpal, Inc.","foundingDate":"2023-04-03","duns":"118989042","numberOfEmployees":{"@type":"QuantitativeValue","minValue":"11","maxValue":"50"},"publishingPrinciples":"https:\/\/talkpal.ai\/publishing-principles\/","actionableFeedbackPolicy":"https:\/\/talkpal.ai\/actionable-feedback-policy\/","correctionsPolicy":"https:\/\/talkpal.ai\/corrections-policy\/","ethicsPolicy":"https:\/\/talkpal.ai\/ethics-policy\/","diversityPolicy":"https:\/\/talkpal.ai\/diversity-policy\/","diversityStaffingReport":"https:\/\/talkpal.ai\/diversity-policy\/"}]}},"_links":{"self":[{"href":"https:\/\/talkpal.ai\/pl\/wp-json\/wp\/v2\/pages\/161490","targetHints":{"allow":["GET"]}}],"collection":[{"href":"https:\/\/talkpal.ai\/pl\/wp-json\/wp\/v2\/pages"}],"about":[{"href":"https:\/\/talkpal.ai\/pl\/wp-json\/wp\/v2\/types\/page"}],"author":[{"embeddable":true,"href":"https:\/\/talkpal.ai\/pl\/wp-json\/wp\/v2\/users\/6"}],"replies":[{"embeddable":true,"href":"https:\/\/talkpal.ai\/pl\/wp-json\/wp\/v2\/comments?post=161490"}],"version-history":[{"count":0,"href":"https:\/\/talkpal.ai\/pl\/wp-json\/wp\/v2\/pages\/161490\/revisions"}],"wp:featuredmedia":[{"embeddable":true,"href":"https:\/\/talkpal.ai\/pl\/wp-json\/wp\/v2\/media\/113909"}],"wp:attachment":[{"href":"https:\/\/talkpal.ai\/pl\/wp-json\/wp\/v2\/media?parent=161490"}],"curies":[{"name":"wp","href":"https:\/\/api.w.org\/{rel}","templated":true}]}}