{"id":160986,"date":"2023-06-22T07:53:19","date_gmt":"2023-06-22T07:53:19","guid":{"rendered":"http:\/\/talkpal.ai\/cwiczenia-gramatyczne-kannada\/"},"modified":"2025-12-17T15:10:06","modified_gmt":"2025-12-17T15:10:06","slug":"cwiczenia-gramatyczne-kannada","status":"publish","type":"page","link":"https:\/\/talkpal.ai\/pl\/cwiczenia-gramatyczne-kannada\/","title":{"rendered":"\u0106wiczenia gramatyczne kannada"},"content":{"rendered":"\r\n\r\n\r\n<section class=\"languageChallengeSection\">\r\n    <div class=\"languageInfoWrapper\">\r\n        \r\n        <h1>\u0106wiczenia gramatyczne kannada<\/h1>\r\n        <p>Chcesz poprawi\u0107 swoje umiej\u0119tno\u015bci <a href=\"https:\/\/talkpal.ai\/learn-kannada\/\">Kannada<\/a>? \u0106wiczenie gramatyki to \u015bwietny spos\u00f3b na nauk\u0119 struktury zda\u0144, form czasownik\u00f3w i unikalnych cech j\u0119zyka <a href=\"https:\/\/talkpal.ai\/learn-kannada\/\">kannada<\/a>. Zacznij pracowa\u0107 nad gramatyk\u0105 kannada ju\u017c dzi\u015b i zobacz, jak twoja pewno\u015b\u0107 siebie i p\u0142ynno\u015b\u0107 rosn\u0105 z ka\u017cdym nowym \u0107wiczeniem!<\/p>\r\n\r\n                            <a class=\"getStartedHidden\" href=\"https:\/\/app.talkpal.ai\/pl\/signup?lng=\">Zaczynaj<\/a>\r\n        \r\n    <\/div>\r\n\r\n    <figure>\r\n    <img decoding=\"async\" width=\"768\" height=\"768\" src=\"https:\/\/talkpal.ai\/wp-content\/uploads\/2023\/06\/Kannada-768x768.png\" class=\"languageImage no-lazy\" alt=\"Language learning for increased mental flexibility\" fetchpriority=\"high\" sizes=\"(max-width: 768px) 150px, 768px\" srcset=\"https:\/\/talkpal.ai\/wp-content\/uploads\/2023\/06\/Kannada-768x768.png 768w, https:\/\/talkpal.ai\/wp-content\/uploads\/2023\/06\/Kannada-300x300.png 300w\" \/>\r\n    \r\n\r\n    <\/figure>\r\n\r\n            <a class=\"getStartedVisible\" href=\"https:\/\/app.talkpal.ai\/pl\/signup?lng=\">Zaczynaj<\/a>\r\n    \r\n<\/section>\r\n\r\n\r\n<!-- <section class=\"grammarSection\">\r\n    <div class=\"grammarLinks\">\r\n            <\/div>\r\n<\/section> -->\r\n\r\n\r\n\r\n\r\n<section class=\"promotionalBanner\">\r\n    <p class=\"promotionalText\">Najbardziej efektywny spos\u00f3b nauki j\u0119zyka<\/p>\r\n    <a class=\"promotionalLink\" href=\"https:\/\/app.talkpal.ai\/pl\/signup?lng=\">Wypr\u00f3buj Talkpal za darmo<\/a>\r\n<\/section>\n<div class=\"wp-block-group pageContainerStyle\"><div class=\"wp-block-group__inner-container is-layout-constrained wp-block-group-is-layout-constrained\">\n<h2 class=\"wp-block-heading\" id=\"h-kannada-grammar-topics\">Tematy gramatyczne kannada<\/h2>\n\n\n\n<p>Kannada jest j\u0119zykiem drawidyjskim u\u017cywanym g\u0142\u00f3wnie w indyjskim stanie Karnataka przez oko\u0142o 44 miliony ludzi. Jest to jeden z 22 j\u0119zyk\u00f3w Indii i j\u0119zyk urz\u0119dowy stanu Karnataka. Nauka kannady jest nie tylko niezb\u0119dna do zrozumienia bogatej kultury i historii Karnataki, ale tak\u017ce pomaga w skutecznej komunikacji z lokaln\u0105 ludno\u015bci\u0105. Ten artyku\u0142 ma na celu zapewnienie ustrukturyzowanego podej\u015bcia do nauki r\u00f3\u017cnych temat\u00f3w gramatycznych Kannada, kt\u00f3re pomog\u0105 Ci zbudowa\u0107 silne podstawy w j\u0119zyku.<\/p>\n\n\n\n<h3 class=\"wp-block-heading\" id=\"h-1-nouns\">1. Rzeczowniki<\/h3>\n\n\n\n<p>Jako elementy budulcowe ka\u017cdego j\u0119zyka, rzeczowniki w kannada s\u0105 niezb\u0119dne do nauczenia si\u0119 w pierwszej kolejno\u015bci. Rzeczowniki kannada maj\u0105 r\u00f3\u017cne formy w zale\u017cno\u015bci od rodzaju, liczby i przypadku, kt\u00f3re wp\u0142ywaj\u0105 na form\u0119 rzeczownika. Zacznij od zrozumienia podstawowych poj\u0119\u0107 form rzeczownik\u00f3w i ich u\u017cycia w j\u0119zyku.<\/p>\n\n\n\n<h3 class=\"wp-block-heading\" id=\"h-2-pronouns-determiners\">2. Zaimki\/okre\u015blniki<\/h3>\n\n\n\n<p>Zaimki to s\u0142owa, kt\u00f3re zast\u0119puj\u0105 rzeczowniki w zdaniach, podczas gdy okre\u015blniki modyfikuj\u0105 rzeczowniki. Dowiedz si\u0119 o r\u00f3\u017cnych rodzajach zaimk\u00f3w i okre\u015blnik\u00f3w w kannada, ich u\u017cyciu i o tym, jak zmieniaj\u0105 si\u0119 w zale\u017cno\u015bci od p\u0142ci, liczby i przypadku.<\/p>\n\n\n\n<h3 class=\"wp-block-heading\" id=\"h-3-articles\">3. Artyku\u0142y<\/h3>\n\n\n\n<p>Kannada nie ma przedimk\u00f3w jak <a href=\"https:\/\/talkpal.ai\/learn-english-with-ai\/\">angielski<\/a>, ale ma podobne s\u0142owa, kt\u00f3re pomagaj\u0105 okre\u015bli\u0107 definicj\u0119 rzeczownika. Zapoznaj si\u0119 z tymi s\u0142owami i ich u\u017cyciem w j\u0119zyku kannada.<\/p>\n\n\n\n<h3 class=\"wp-block-heading\" id=\"h-4-adjectives\">4. Przymiotniki<\/h3>\n\n\n\n<p>Przymiotniki opisuj\u0105 rzeczowniki i podaj\u0105 wi\u0119cej informacji na ich temat. Dowiedz si\u0119, jak tworzy\u0107 i u\u017cywa\u0107 przymiotnik\u00f3w w j\u0119zyku kannada, a tak\u017ce ich zasady zgodno\u015bci z rzeczownikami.<\/p>\n\n\n\n<h3 class=\"wp-block-heading\" id=\"h-5-verbs\">5. Czasowniki<\/h3>\n\n\n\n<p>Czasowniki to s\u0142owa czynno\u015bci, kt\u00f3re wskazuj\u0105, co robi podmiot. Dowiedz si\u0119 o r\u00f3\u017cnych rodzajach czasownik\u00f3w w kannada, ich formach i regu\u0142ach koniugacji opartych na czasie, aspekcie i nastroju.<\/p>\n\n\n\n<h3 class=\"wp-block-heading\" id=\"h-6-tenses\">6. Czasy<\/h3>\n\n\n\n<p>Czasy w j\u0119zyku kannada pomagaj\u0105 wyrazi\u0107, kiedy mia\u0142a miejsce akcja. Zapoznaj si\u0119 z trzema g\u0142\u00f3wnymi czasami &#8211; przesz\u0142ym, tera\u017aniejszym i przysz\u0142ym &#8211; oraz ich r\u00f3\u017cnymi formami.<\/p>\n\n\n\n<h3 class=\"wp-block-heading\" id=\"h-7-tense-comparison\">7. Por\u00f3wnanie czasu<\/h3>\n\n\n\n<p>Dowiedz si\u0119, jak por\u00f3wnywa\u0107 dzia\u0142ania w r\u00f3\u017cnych czasach w j\u0119zyku kannada. Pomo\u017ce Ci to budowa\u0107 bardziej z\u0142o\u017cone zdania i dok\u0142adniej wyra\u017ca\u0107 swoje my\u015bli.<\/p>\n\n\n\n<h3 class=\"wp-block-heading\" id=\"h-8-progressive-and-perfect-progressive\">8. Progresywny i doskona\u0142y progresywny<\/h3>\n\n\n\n<p>Te aspekty czasownik\u00f3w kannada wskazuj\u0105 na trwaj\u0105ce dzia\u0142ania lub dzia\u0142ania, kt\u00f3re by\u0142y w toku, ale teraz s\u0105 zako\u0144czone. Dowiedz si\u0119, jak tworzy\u0107 i u\u017cywa\u0107 progresywnych i doskona\u0142ych czasownik\u00f3w progresywnych w kannada.<\/p>\n\n\n\n<h3 class=\"wp-block-heading\" id=\"h-9-adverbs\">9. Przys\u0142\u00f3wki<\/h3>\n\n\n\n<p>Przys\u0142\u00f3wki dostarczaj\u0105 dodatkowych informacji o czasownikach, przymiotnikach lub innych przys\u0142\u00f3wkach. <a href=\"https:\/\/talkpal.ai\/pl\/naucz-sie-malajskiego\/\">Naucz si\u0119<\/a> r\u00f3\u017cnych rodzaj\u00f3w przys\u0142\u00f3wk\u00f3w w j\u0119zyku kannada i ich rozmieszczenia w zdaniach.<\/p>\n\n\n\n<h3 class=\"wp-block-heading\" id=\"h-10-conditionals\">10. Instrukcje warunkowe<\/h3>\n\n\n\n<p>Instrukcje warunkowe to zdania, kt\u00f3re wyra\u017caj\u0105 warunek i jego mo\u017cliwy wynik. Naucz si\u0119 tworzy\u0107 i u\u017cywa\u0107 zda\u0144 warunkowych w j\u0119zyku kannada, u\u017cywaj\u0105c odpowiednich form czasownik\u00f3w i sp\u00f3jnik\u00f3w.<\/p>\n\n\n\n<h3 class=\"wp-block-heading\" id=\"h-11-prepositions\">11. Przyimki<\/h3>\n\n\n\n<p>Przyimki to s\u0142owa, kt\u00f3re pokazuj\u0105 relacje mi\u0119dzy rzeczownikami lub zaimkami a innymi s\u0142owami w zdaniu. Naucz si\u0119 popularnych przyimk\u00f3w kannada i ich u\u017cycia.<\/p>\n\n\n\n<h3 class=\"wp-block-heading\" id=\"h-12-sentences\">12. Zdania<\/h3>\n\n\n\n<p>Na koniec prze\u0107wicz \u0142\u0105czenie wszystkich poznanych zagadnie\u0144 gramatycznych w celu utworzenia pe\u0142nych zda\u0144 w j\u0119zyku kannada. Pomo\u017ce Ci to poprawi\u0107 og\u00f3ln\u0105 bieg\u0142o\u015b\u0107 j\u0119zykow\u0105 i umiej\u0119tno\u015bci komunikacyjne.<\/p>\n<\/div><\/div>\n\r\n<section class=\"learnNavigationSection\">\r\n            \r\n        <a href=\"https:\/\/talkpal.ai\/pl\/naucz-sie-kannada\/\">\r\n            <div class=\"learnNavigationWrapper\">\r\n                <div class=\"learnNavigationContent\">\r\n                    <img decoding=\"async\" src=\"https:\/\/talkpal.ai\/wp-content\/uploads\/2024\/08\/Kannada.jpg\" alt=\"Indian Simplified Flag\">\r\n                    <div>\r\n                        <h4>Informacje o Kannada Learning<\/h4>\r\n                        <p>Dowiedz si\u0119 wszystkiego o gramatyce kannada.<\/p>\r\n                    <\/div>\r\n                <\/div>\r\n            <\/div>\r\n        <\/a>\r\n\r\n        \r\n        <a href=\"https:\/\/talkpal.ai\/pl\/gramatyka-kannada\/\">\r\n            <div class=\"learnNavigationWrapper\">\r\n                <div class=\"learnNavigationContent\">\r\n                    <img decoding=\"async\" src=\"https:\/\/talkpal.ai\/wp-content\/uploads\/2024\/08\/Kannada.jpg\" alt=\"Indian Simplified Flag\">\r\n                    <div>\r\n                        <h4>Lekcje gramatyki j\u0119zyka kannada<\/h4>\r\n                        <p>\u0106wicz gramatyk\u0119 kannada .<\/p>\r\n                    <\/div>\r\n                <\/div>\r\n            <\/div>\r\n        <\/a>\r\n\r\n        \r\n        <a href=\"https:\/\/talkpal.ai\/vocabulary_language\/kannada\/\">\r\n            <div class=\"learnNavigationWrapper\">\r\n                <div class=\"learnNavigationContent\">\r\n                    <img decoding=\"async\" src=\"https:\/\/talkpal.ai\/wp-content\/uploads\/2024\/08\/Kannada.jpg\" alt=\"Indian Simplified Flag\">\r\n                    <div>\r\n                        <h4>S\u0142ownictwo kannada<\/h4>\r\n                        <p>Poszerz swoje s\u0142ownictwo w j\u0119zyku kannada.<\/p>\r\n                    <\/div>\r\n                <\/div>\r\n            <\/div>\r\n        <\/a>\r\n\r\n            <\/section>","protected":false},"excerpt":{"rendered":"<p>Tematy gramatyczne kannada Kannada jest j\u0119zykiem drawidyjskim u\u017cywanym g\u0142\u00f3wnie w indyjskim stanie Karnataka przez oko\u0142o 44 miliony ludzi. Jest to jeden z 22 j\u0119zyk\u00f3w Indii i j\u0119zyk urz\u0119dowy stanu Karnataka. Nauka kannady jest nie tylko niezb\u0119dna do zrozumienia bogatej kultury i historii Karnataki, ale tak\u017ce pomaga w skutecznej komunikacji z lokaln\u0105 ludno\u015bci\u0105. Ten artyku\u0142 ma [&hellip;]<\/p>\n","protected":false},"author":6,"featured_media":145433,"parent":0,"menu_order":0,"comment_status":"closed","ping_status":"closed","template":"LearningContentPage.php","meta":{"_acf_changed":false,"footnotes":""},"class_list":["post-160986","page","type-page","status-publish","has-post-thumbnail","hentry"],"acf":[],"yoast_head":"<!-- This site is optimized with the Yoast SEO Premium plugin v27.2 (Yoast SEO v27.2) - https:\/\/yoast.com\/product\/yoast-seo-premium-wordpress\/ -->\n<title>\u0106wiczenia gramatyczne kannada - Talkpal<\/title>\n<meta name=\"description\" content=\"Wzmocnij swoj\u0105 gramatyk\u0119 kannada - anga\u017cuj si\u0119 w interaktywne \u0107wiczenia, opanuj wzorce zda\u0144 i popraw p\u0142ynno\u015b\u0107 dzi\u0119ki TalkpalAI tutor.\" \/>\n<meta name=\"robots\" content=\"index, follow, max-snippet:-1, max-image-preview:large, max-video-preview:-1\" \/>\n<link rel=\"canonical\" href=\"https:\/\/talkpal.ai\/pl\/cwiczenia-gramatyczne-kannada\/\" \/>\n<meta property=\"og:locale\" content=\"pl_PL\" \/>\n<meta property=\"og:type\" content=\"article\" \/>\n<meta property=\"og:title\" content=\"\u0106wiczenia gramatyczne kannada\" \/>\n<meta property=\"og:description\" content=\"Tematy gramatyczne kannada Kannada jest j\u0119zykiem drawidyjskim u\u017cywanym g\u0142\u00f3wnie w indyjskim stanie Karnataka przez oko\u0142o 44 miliony ludzi. Jest to jeden z\" \/>\n<meta property=\"og:url\" content=\"https:\/\/talkpal.ai\/pl\/cwiczenia-gramatyczne-kannada\/\" \/>\n<meta property=\"og:site_name\" content=\"Talkpal\" \/>\n<meta property=\"article:publisher\" content=\"https:\/\/www.facebook.com\/profile.php?id=100090733639311\" \/>\n<meta property=\"article:modified_time\" content=\"2025-12-17T15:10:06+00:00\" \/>\n<meta property=\"og:image\" content=\"https:\/\/talkpal.ai\/wp-content\/uploads\/2023\/05\/Kannada-india.png\" \/>\n\t<meta property=\"og:image:width\" content=\"512\" \/>\n\t<meta property=\"og:image:height\" content=\"512\" \/>\n\t<meta property=\"og:image:type\" content=\"image\/png\" \/>\n<meta name=\"twitter:card\" content=\"summary_large_image\" \/>\n<meta name=\"twitter:site\" content=\"@talkpalai\" \/>\n<meta name=\"twitter:label1\" content=\"Szacowany czas czytania\" \/>\n\t<meta name=\"twitter:data1\" content=\"3 minuty\" \/>\n<script type=\"application\/ld+json\" class=\"yoast-schema-graph\">{\"@context\":\"https:\/\/schema.org\",\"@graph\":[{\"@type\":\"WebPage\",\"@id\":\"https:\/\/talkpal.ai\/pl\/cwiczenia-gramatyczne-kannada\/\",\"url\":\"https:\/\/talkpal.ai\/pl\/cwiczenia-gramatyczne-kannada\/\",\"name\":\"\u0106wiczenia gramatyczne kannada - Talkpal\",\"isPartOf\":{\"@id\":\"https:\/\/talkpal.ai\/pl\/#website\"},\"primaryImageOfPage\":{\"@id\":\"https:\/\/talkpal.ai\/pl\/cwiczenia-gramatyczne-kannada\/#primaryimage\"},\"image\":{\"@id\":\"https:\/\/talkpal.ai\/pl\/cwiczenia-gramatyczne-kannada\/#primaryimage\"},\"thumbnailUrl\":\"https:\/\/talkpal.ai\/wp-content\/uploads\/2023\/05\/Kannada-india.png\",\"datePublished\":\"2023-06-22T07:53:19+00:00\",\"dateModified\":\"2025-12-17T15:10:06+00:00\",\"description\":\"Wzmocnij swoj\u0105 gramatyk\u0119 kannada - anga\u017cuj si\u0119 w interaktywne \u0107wiczenia, opanuj wzorce zda\u0144 i popraw p\u0142ynno\u015b\u0107 dzi\u0119ki TalkpalAI tutor.\",\"breadcrumb\":{\"@id\":\"https:\/\/talkpal.ai\/pl\/cwiczenia-gramatyczne-kannada\/#breadcrumb\"},\"inLanguage\":\"pl-PL\",\"potentialAction\":[{\"@type\":\"ReadAction\",\"target\":[\"https:\/\/talkpal.ai\/pl\/cwiczenia-gramatyczne-kannada\/\"]}]},{\"@type\":\"ImageObject\",\"inLanguage\":\"pl-PL\",\"@id\":\"https:\/\/talkpal.ai\/pl\/cwiczenia-gramatyczne-kannada\/#primaryimage\",\"url\":\"https:\/\/talkpal.ai\/wp-content\/uploads\/2023\/05\/Kannada-india.png\",\"contentUrl\":\"https:\/\/talkpal.ai\/wp-content\/uploads\/2023\/05\/Kannada-india.png\",\"width\":512,\"height\":512},{\"@type\":\"BreadcrumbList\",\"@id\":\"https:\/\/talkpal.ai\/pl\/cwiczenia-gramatyczne-kannada\/#breadcrumb\",\"itemListElement\":[{\"@type\":\"ListItem\",\"position\":1,\"name\":\"Homepage\",\"item\":\"https:\/\/talkpal.ai\/pl\/\"},{\"@type\":\"ListItem\",\"position\":2,\"name\":\"\u0106wiczenia gramatyczne kannada\"}]},{\"@type\":\"WebSite\",\"@id\":\"https:\/\/talkpal.ai\/pl\/#website\",\"url\":\"https:\/\/talkpal.ai\/pl\/\",\"name\":\"Talkpal\",\"description\":\"AI Language Learning\",\"publisher\":{\"@id\":\"https:\/\/talkpal.ai\/pl\/#organization\"},\"alternateName\":\"Talkpal AI\",\"potentialAction\":[{\"@type\":\"SearchAction\",\"target\":{\"@type\":\"EntryPoint\",\"urlTemplate\":\"https:\/\/talkpal.ai\/pl\/?s={search_term_string}\"},\"query-input\":{\"@type\":\"PropertyValueSpecification\",\"valueRequired\":true,\"valueName\":\"search_term_string\"}}],\"inLanguage\":\"pl-PL\"},{\"@type\":\"Organization\",\"@id\":\"https:\/\/talkpal.ai\/pl\/#organization\",\"name\":\"Talkpal, Inc.\",\"alternateName\":\"Talkpal AI\",\"url\":\"https:\/\/talkpal.ai\/pl\/\",\"logo\":{\"@type\":\"ImageObject\",\"inLanguage\":\"pl-PL\",\"@id\":\"https:\/\/talkpal.ai\/pl\/#\/schema\/logo\/image\/\",\"url\":\"https:\/\/talkpal.ai\/wp-content\/uploads\/2024\/03\/Talkpal-Logo-Icon.png\",\"contentUrl\":\"https:\/\/talkpal.ai\/wp-content\/uploads\/2024\/03\/Talkpal-Logo-Icon.png\",\"width\":2880,\"height\":2880,\"caption\":\"Talkpal, Inc.\"},\"image\":{\"@id\":\"https:\/\/talkpal.ai\/pl\/#\/schema\/logo\/image\/\"},\"sameAs\":[\"https:\/\/www.facebook.com\/profile.php?id=100090733639311\",\"https:\/\/x.com\/talkpalai\",\"https:\/\/www.linkedin.com\/company\/talkpal\/\",\"https:\/\/www.youtube.com\/@TalkPal\/\",\"https:\/\/www.tiktok.com\/@talkpal\",\"https:\/\/www.instagram.com\/talkpal_ai\/\",\"https:\/\/www.crunchbase.com\/organization\/talkpal-9cde\",\"https:\/\/www.g2.com\/products\/talkpal-for-business\/\",\"https:\/\/www.trustpilot.com\/review\/talkpal.ai\",\"https:\/\/www.capterra.com\/p\/10006800\/TalkPal\/\"],\"description\":\"Talkpal is a language learning web and mobile education app, powered by the latest AI technologies, that provides engaging experiences to its customers in many different languages to help them improve their language skills. Users can chat about unlimited amount of topics with the app and use other modes to practice their language learning.\",\"email\":\"support@talkpal.ai\",\"legalName\":\"Talkpal, Inc.\",\"foundingDate\":\"2023-04-03\",\"duns\":\"118989042\",\"numberOfEmployees\":{\"@type\":\"QuantitativeValue\",\"minValue\":\"11\",\"maxValue\":\"50\"},\"publishingPrinciples\":\"https:\/\/talkpal.ai\/publishing-principles\/\",\"actionableFeedbackPolicy\":\"https:\/\/talkpal.ai\/actionable-feedback-policy\/\",\"correctionsPolicy\":\"https:\/\/talkpal.ai\/corrections-policy\/\",\"ethicsPolicy\":\"https:\/\/talkpal.ai\/ethics-policy\/\",\"diversityPolicy\":\"https:\/\/talkpal.ai\/diversity-policy\/\",\"diversityStaffingReport\":\"https:\/\/talkpal.ai\/diversity-policy\/\"}]}<\/script>\n<!-- \/ Yoast SEO Premium plugin. -->","yoast_head_json":{"title":"\u0106wiczenia gramatyczne kannada - Talkpal","description":"Wzmocnij swoj\u0105 gramatyk\u0119 kannada - anga\u017cuj si\u0119 w interaktywne \u0107wiczenia, opanuj wzorce zda\u0144 i popraw p\u0142ynno\u015b\u0107 dzi\u0119ki TalkpalAI tutor.","robots":{"index":"index","follow":"follow","max-snippet":"max-snippet:-1","max-image-preview":"max-image-preview:large","max-video-preview":"max-video-preview:-1"},"canonical":"https:\/\/talkpal.ai\/pl\/cwiczenia-gramatyczne-kannada\/","og_locale":"pl_PL","og_type":"article","og_title":"\u0106wiczenia gramatyczne kannada","og_description":"Tematy gramatyczne kannada Kannada jest j\u0119zykiem drawidyjskim u\u017cywanym g\u0142\u00f3wnie w indyjskim stanie Karnataka przez oko\u0142o 44 miliony ludzi. Jest to jeden z","og_url":"https:\/\/talkpal.ai\/pl\/cwiczenia-gramatyczne-kannada\/","og_site_name":"Talkpal","article_publisher":"https:\/\/www.facebook.com\/profile.php?id=100090733639311","article_modified_time":"2025-12-17T15:10:06+00:00","og_image":[{"width":512,"height":512,"url":"https:\/\/talkpal.ai\/wp-content\/uploads\/2023\/05\/Kannada-india.png","type":"image\/png"}],"twitter_card":"summary_large_image","twitter_site":"@talkpalai","twitter_misc":{"Szacowany czas czytania":"3 minuty"},"schema":{"@context":"https:\/\/schema.org","@graph":[{"@type":"WebPage","@id":"https:\/\/talkpal.ai\/pl\/cwiczenia-gramatyczne-kannada\/","url":"https:\/\/talkpal.ai\/pl\/cwiczenia-gramatyczne-kannada\/","name":"\u0106wiczenia gramatyczne kannada - Talkpal","isPartOf":{"@id":"https:\/\/talkpal.ai\/pl\/#website"},"primaryImageOfPage":{"@id":"https:\/\/talkpal.ai\/pl\/cwiczenia-gramatyczne-kannada\/#primaryimage"},"image":{"@id":"https:\/\/talkpal.ai\/pl\/cwiczenia-gramatyczne-kannada\/#primaryimage"},"thumbnailUrl":"https:\/\/talkpal.ai\/wp-content\/uploads\/2023\/05\/Kannada-india.png","datePublished":"2023-06-22T07:53:19+00:00","dateModified":"2025-12-17T15:10:06+00:00","description":"Wzmocnij swoj\u0105 gramatyk\u0119 kannada - anga\u017cuj si\u0119 w interaktywne \u0107wiczenia, opanuj wzorce zda\u0144 i popraw p\u0142ynno\u015b\u0107 dzi\u0119ki TalkpalAI tutor.","breadcrumb":{"@id":"https:\/\/talkpal.ai\/pl\/cwiczenia-gramatyczne-kannada\/#breadcrumb"},"inLanguage":"pl-PL","potentialAction":[{"@type":"ReadAction","target":["https:\/\/talkpal.ai\/pl\/cwiczenia-gramatyczne-kannada\/"]}]},{"@type":"ImageObject","inLanguage":"pl-PL","@id":"https:\/\/talkpal.ai\/pl\/cwiczenia-gramatyczne-kannada\/#primaryimage","url":"https:\/\/talkpal.ai\/wp-content\/uploads\/2023\/05\/Kannada-india.png","contentUrl":"https:\/\/talkpal.ai\/wp-content\/uploads\/2023\/05\/Kannada-india.png","width":512,"height":512},{"@type":"BreadcrumbList","@id":"https:\/\/talkpal.ai\/pl\/cwiczenia-gramatyczne-kannada\/#breadcrumb","itemListElement":[{"@type":"ListItem","position":1,"name":"Homepage","item":"https:\/\/talkpal.ai\/pl\/"},{"@type":"ListItem","position":2,"name":"\u0106wiczenia gramatyczne kannada"}]},{"@type":"WebSite","@id":"https:\/\/talkpal.ai\/pl\/#website","url":"https:\/\/talkpal.ai\/pl\/","name":"Talkpal","description":"AI Language Learning","publisher":{"@id":"https:\/\/talkpal.ai\/pl\/#organization"},"alternateName":"Talkpal AI","potentialAction":[{"@type":"SearchAction","target":{"@type":"EntryPoint","urlTemplate":"https:\/\/talkpal.ai\/pl\/?s={search_term_string}"},"query-input":{"@type":"PropertyValueSpecification","valueRequired":true,"valueName":"search_term_string"}}],"inLanguage":"pl-PL"},{"@type":"Organization","@id":"https:\/\/talkpal.ai\/pl\/#organization","name":"Talkpal, Inc.","alternateName":"Talkpal AI","url":"https:\/\/talkpal.ai\/pl\/","logo":{"@type":"ImageObject","inLanguage":"pl-PL","@id":"https:\/\/talkpal.ai\/pl\/#\/schema\/logo\/image\/","url":"https:\/\/talkpal.ai\/wp-content\/uploads\/2024\/03\/Talkpal-Logo-Icon.png","contentUrl":"https:\/\/talkpal.ai\/wp-content\/uploads\/2024\/03\/Talkpal-Logo-Icon.png","width":2880,"height":2880,"caption":"Talkpal, Inc."},"image":{"@id":"https:\/\/talkpal.ai\/pl\/#\/schema\/logo\/image\/"},"sameAs":["https:\/\/www.facebook.com\/profile.php?id=100090733639311","https:\/\/x.com\/talkpalai","https:\/\/www.linkedin.com\/company\/talkpal\/","https:\/\/www.youtube.com\/@TalkPal\/","https:\/\/www.tiktok.com\/@talkpal","https:\/\/www.instagram.com\/talkpal_ai\/","https:\/\/www.crunchbase.com\/organization\/talkpal-9cde","https:\/\/www.g2.com\/products\/talkpal-for-business\/","https:\/\/www.trustpilot.com\/review\/talkpal.ai","https:\/\/www.capterra.com\/p\/10006800\/TalkPal\/"],"description":"Talkpal is a language learning web and mobile education app, powered by the latest AI technologies, that provides engaging experiences to its customers in many different languages to help them improve their language skills. Users can chat about unlimited amount of topics with the app and use other modes to practice their language learning.","email":"support@talkpal.ai","legalName":"Talkpal, Inc.","foundingDate":"2023-04-03","duns":"118989042","numberOfEmployees":{"@type":"QuantitativeValue","minValue":"11","maxValue":"50"},"publishingPrinciples":"https:\/\/talkpal.ai\/publishing-principles\/","actionableFeedbackPolicy":"https:\/\/talkpal.ai\/actionable-feedback-policy\/","correctionsPolicy":"https:\/\/talkpal.ai\/corrections-policy\/","ethicsPolicy":"https:\/\/talkpal.ai\/ethics-policy\/","diversityPolicy":"https:\/\/talkpal.ai\/diversity-policy\/","diversityStaffingReport":"https:\/\/talkpal.ai\/diversity-policy\/"}]}},"_links":{"self":[{"href":"https:\/\/talkpal.ai\/pl\/wp-json\/wp\/v2\/pages\/160986","targetHints":{"allow":["GET"]}}],"collection":[{"href":"https:\/\/talkpal.ai\/pl\/wp-json\/wp\/v2\/pages"}],"about":[{"href":"https:\/\/talkpal.ai\/pl\/wp-json\/wp\/v2\/types\/page"}],"author":[{"embeddable":true,"href":"https:\/\/talkpal.ai\/pl\/wp-json\/wp\/v2\/users\/6"}],"replies":[{"embeddable":true,"href":"https:\/\/talkpal.ai\/pl\/wp-json\/wp\/v2\/comments?post=160986"}],"version-history":[{"count":0,"href":"https:\/\/talkpal.ai\/pl\/wp-json\/wp\/v2\/pages\/160986\/revisions"}],"wp:featuredmedia":[{"embeddable":true,"href":"https:\/\/talkpal.ai\/pl\/wp-json\/wp\/v2\/media\/145433"}],"wp:attachment":[{"href":"https:\/\/talkpal.ai\/pl\/wp-json\/wp\/v2\/media?parent=160986"}],"curies":[{"name":"wp","href":"https:\/\/api.w.org\/{rel}","templated":true}]}}