{"id":160656,"date":"2023-06-22T08:01:09","date_gmt":"2023-06-22T08:01:09","guid":{"rendered":"http:\/\/talkpal.ai\/cwiczenia-gramatyczne-z-jezyka-kazachskiego\/"},"modified":"2025-12-17T14:57:29","modified_gmt":"2025-12-17T14:57:29","slug":"cwiczenia-gramatyczne-z-jezyka-kazachskiego","status":"publish","type":"page","link":"https:\/\/talkpal.ai\/pl\/cwiczenia-gramatyczne-z-jezyka-kazachskiego\/","title":{"rendered":"\u0106wiczenia gramatyczne z j\u0119zyka kazachskiego"},"content":{"rendered":"\r\n\r\n\r\n<section class=\"languageChallengeSection\">\r\n    <div class=\"languageInfoWrapper\">\r\n        \r\n        <h1>\u0106wiczenia gramatyczne z j\u0119zyka kazachskiego<\/h1>\r\n        <p>Gotowy do budowania pewno\u015bci siebie w j\u0119zyku kazachskim? Skupienie si\u0119 na \u0107wiczeniach gramatycznych to \u015bwietny spos\u00f3b na opanowanie struktury zda\u0144, form czasownik\u00f3w i podstawowych wzorc\u00f3w j\u0119zykowych. Zacznij \u0107wiczy\u0107 gramatyk\u0119 kazachsk\u0105 ju\u017c dzi\u015b i zobacz prawdziwe post\u0119py, wzmacniaj\u0105c swoje zrozumienie krok po kroku!<\/p>\r\n\r\n                            <a class=\"getStartedHidden\" href=\"https:\/\/app.talkpal.ai\/pl\/signup?lng=\">Zaczynaj<\/a>\r\n        \r\n    <\/div>\r\n\r\n    <figure>\r\n    <img decoding=\"async\" width=\"768\" height=\"768\" src=\"https:\/\/talkpal.ai\/wp-content\/uploads\/2023\/06\/Khazak-768x768.png\" class=\"languageImage no-lazy\" alt=\"Language learning for increased negotiation skills\" fetchpriority=\"high\" sizes=\"(max-width: 768px) 150px, 768px\" srcset=\"https:\/\/talkpal.ai\/wp-content\/uploads\/2023\/06\/Khazak-768x768.png 768w, https:\/\/talkpal.ai\/wp-content\/uploads\/2023\/06\/Khazak-300x300.png 300w\" \/>\r\n    \r\n\r\n    <\/figure>\r\n\r\n            <a class=\"getStartedVisible\" href=\"https:\/\/app.talkpal.ai\/pl\/signup?lng=\">Zaczynaj<\/a>\r\n    \r\n<\/section>\r\n\r\n\r\n<!-- <section class=\"grammarSection\">\r\n    <div class=\"grammarLinks\">\r\n            <\/div>\r\n<\/section> -->\r\n\r\n\r\n\r\n\r\n<section class=\"promotionalBanner\">\r\n    <p class=\"promotionalText\">Najbardziej efektywny spos\u00f3b nauki j\u0119zyka<\/p>\r\n    <a class=\"promotionalLink\" href=\"https:\/\/app.talkpal.ai\/pl\/signup?lng=\">Wypr\u00f3buj Talkpal za darmo<\/a>\r\n<\/section>\n<div class=\"wp-block-group pageContainerStyle\"><div class=\"wp-block-group__inner-container is-layout-constrained wp-block-group-is-layout-constrained\">\n<h2 class=\"wp-block-heading\" id=\"h-kazakh-grammar-topics\">Kazachskie tematy gramatyczne<\/h2>\n\n\n\n<p>Nauka nowego j\u0119zyka mo\u017ce by\u0107 trudnym, ale satysfakcjonuj\u0105cym do\u015bwiadczeniem, kt\u00f3re otwiera mo\u017cliwo\u015bci rozwoju osobistego i zawodowego. Jednym z j\u0119zyk\u00f3w, kt\u00f3ry zyskuje na popularno\u015bci w\u015br\u00f3d ucz\u0105cych si\u0119 j\u0119zyk\u00f3w, jest <a href=\"https:\/\/talkpal.ai\/learn-kazakh\/\">kazachski<\/a>, j\u0119zyk <a href=\"https:\/\/talkpal.ai\/learn-turkish\/\">turecki<\/a>, kt\u00f3rym pos\u0142uguj\u0105 si\u0119 miliony ludzi w Kazachstanie i okolicznych regionach. <a href=\"https:\/\/talkpal.ai\/kazakh-grammar\/\">Gramatyka kazachska<\/a> jest wyj\u0105tkowa, z bogat\u0105 struktur\u0105 i r\u00f3\u017cnymi elementami, kt\u00f3re wymagaj\u0105 systematycznego podej\u015bcia do nauki. W tym przewodniku om\u00f3wimy kilka podstawowych temat\u00f3w gramatyki kazachskiej, w tym czasy, rzeczowniki, czasowniki, rodzajniki, zaimki, przymiotniki, przys\u0142\u00f3wki, tryb warunkowy, przyimki i struktury zda\u0144. Rozumiej\u0105c sekwencj\u0119 uczenia si\u0119 tych temat\u00f3w, mo\u017cesz skutecznie robi\u0107 post\u0119py w swojej podr\u00f3\u017cy do opanowania j\u0119zyka kazachskiego.<\/p>\n\n\n\n<h3 class=\"wp-block-heading\" id=\"h-1-nouns\">1. Rzeczowniki:<\/h3>\n\n\n\n<p>Podstaw\u0105 ka\u017cdego j\u0119zyka jest nauka jego rzeczownik\u00f3w. W j\u0119zyku kazachskim rzeczowniki nie maj\u0105 rodzaju, ale maj\u0105 przypadki. Zrozumienie r\u00f3\u017cnych przypadk\u00f3w i ich funkcji ma kluczowe znaczenie dla budowania s\u0142ownictwa i tworzenia podstawowych zda\u0144.<\/p>\n\n\n\n<h3 class=\"wp-block-heading\" id=\"h-2-articles\">2. Artyku\u0142y:<\/h3>\n\n\n\n<p>Rodzajniki nie s\u0105 obecne w j\u0119zyku kazachskim, co u\u0142atwia uczniom skupienie si\u0119 na innych aspektach gramatycznych.<\/p>\n\n\n\n<h3 class=\"wp-block-heading\" id=\"h-3-pronouns-determiners\">3. Zaimki\/okre\u015blniki:<\/h3>\n\n\n\n<p>S\u0105 one niezb\u0119dne do zast\u0105pienia rzeczownik\u00f3w i okre\u015blenia ich ilo\u015bci lub to\u017csamo\u015bci. Nauka zaimk\u00f3w i okre\u015blnik\u00f3w pomo\u017ce Ci tworzy\u0107 bardziej z\u0142o\u017cone zdania i poprawi\u0107 og\u00f3ln\u0105 p\u0142ynno\u015b\u0107.<\/p>\n\n\n\n<h3 class=\"wp-block-heading\" id=\"h-4-verbs\">4. Czasowniki:<\/h3>\n\n\n\n<p>Czasowniki s\u0105 podstaw\u0105 ka\u017cdego j\u0119zyka, a poznanie ich wzorc\u00f3w koniugacji ma kluczowe znaczenie. W j\u0119zyku kazachskim czasowniki odmieniane s\u0105 na podstawie czasu, nastroju i g\u0142osu. Zapoznanie si\u0119 z tymi koniugacjami pozwoli ci dok\u0142adnie wyrazi\u0107 dzia\u0142ania i zdarzenia.<\/p>\n\n\n\n<h3 class=\"wp-block-heading\" id=\"h-5-tenses\">5. Czasy:<\/h3>\n\n\n\n<p>J\u0119zyk kazachski ma kilka czas\u00f3w, w tym przesz\u0142y, tera\u017aniejszy i przysz\u0142y. Nauczenie si\u0119, jak poprawnie tworzy\u0107 i u\u017cywa\u0107 tych czas\u00f3w, jest niezb\u0119dne do przekazywania czasu dzia\u0142a\u0144 i wydarze\u0144.<\/p>\n\n\n\n<h3 class=\"wp-block-heading\" id=\"h-6-tense-comparison\">6. Por\u00f3wnanie czasu pracy:<\/h3>\n\n\n\n<p>Zrozumienie r\u00f3\u017cnicy mi\u0119dzy czasami i ich interakcji ze sob\u0105 pog\u0142\u0119bi zrozumienie gramatyki kazachskiej.<\/p>\n\n\n\n<h3 class=\"wp-block-heading\" id=\"h-7-progressive\">7. Progresywny:<\/h3>\n\n\n\n<p>Ten aspekt wskazuje na trwaj\u0105ce dzia\u0142ania. Nauka progresywnej formy w j\u0119zyku kazachskim pomo\u017ce Ci wyrazi\u0107 dzia\u0142ania, kt\u00f3re aktualnie si\u0119 dziej\u0105 lub mia\u0142y miejsce w okre\u015blonym momencie.<\/p>\n\n\n\n<h3 class=\"wp-block-heading\" id=\"h-8-perfect-progressive\">8. Idealny progresywny:<\/h3>\n\n\n\n<p>Doskona\u0142y progresywny \u0142\u0105czy w sobie aspekty doskona\u0142e i progresywne, aby wskaza\u0107 dzia\u0142anie, kt\u00f3re rozpocz\u0119\u0142o si\u0119 w przesz\u0142o\u015bci i <a href=\"https:\/\/talkpal.ai\/talkpal-christmas-discount\/\">nadal<\/a> trwa. Opanowanie tego aspektu zwi\u0119kszy Twoj\u0105 zdolno\u015b\u0107 do wyra\u017cania z\u0142o\u017conych idei w j\u0119zyku kazachskim.<\/p>\n\n\n\n<h3 class=\"wp-block-heading\" id=\"h-9-adjectives\">9. Przymiotniki:<\/h3>\n\n\n\n<p>Przymiotniki opisuj\u0105 cechy i cechy rzeczownik\u00f3w. Nauczenie si\u0119 poprawnego u\u017cywania przymiotnik\u00f3w w j\u0119zyku kazachskim wzbogaci Twoje s\u0142ownictwo i umo\u017cliwi bardziej szczeg\u00f3\u0142owe opisy.<\/p>\n\n\n\n<h3 class=\"wp-block-heading\" id=\"h-10-adverbs\">10. Przys\u0142\u00f3wki:<\/h3>\n\n\n\n<p>Przys\u0142\u00f3wki modyfikuj\u0105 czasowniki, przymiotniki i inne przys\u0142\u00f3wki. Zdobycie wiedzy na temat kazachskich przys\u0142\u00f3wk\u00f3w i ich u\u017cycia poprawi Twoj\u0105 zdolno\u015b\u0107 do bardziej precyzyjnego wyra\u017cania dzia\u0142a\u0144 i wydarze\u0144.<\/p>\n\n\n\n<h3 class=\"wp-block-heading\" id=\"h-11-conditionals\">11. Wyra\u017cenia warunkowe:<\/h3>\n\n\n\n<p>Instrukcje warunkowe s\u0142u\u017c\u0105 do wyra\u017cania hipotetycznych sytuacji i ich mo\u017cliwych konsekwencji. Opanowanie u\u017cycia instrukcji warunkowych w j\u0119zyku kazachskim pomo\u017ce Ci przekaza\u0107 z\u0142o\u017cone pomys\u0142y i hipotetyczne scenariusze.<\/p>\n\n\n\n<h3 class=\"wp-block-heading\" id=\"h-12-prepositions\">12. Przyimki:<\/h3>\n\n\n\n<p>Przyimki wskazuj\u0105 zwi\u0105zek mi\u0119dzy rzeczownikami w zdaniu. Nauka kazachskich przyimk\u00f3w i ich funkcji pozwoli Ci konstruowa\u0107 bardziej z\u0142o\u017cone zdania.<\/p>\n\n\n\n<h3 class=\"wp-block-heading\" id=\"h-13-sentences\">13. Zdania:<\/h3>\n\n\n\n<p>Wreszcie, zrozumienie struktur zda\u0144 i zasad \u0142\u0105czenia r\u00f3\u017cnych element\u00f3w gramatycznych jest niezb\u0119dne do opanowania j\u0119zyka kazachskiego. Wiedza ta pozwoli Ci skutecznie i trafnie komunikowa\u0107 si\u0119 w r\u00f3\u017cnych sytuacjach.<\/p>\n<\/div><\/div>\n\r\n<section class=\"learnNavigationSection\">\r\n            \r\n        <a href=\"https:\/\/talkpal.ai\/pl\/naucz-sie-kazachskiego\/\">\r\n            <div class=\"learnNavigationWrapper\">\r\n                <div class=\"learnNavigationContent\">\r\n                    <img decoding=\"async\" src=\"https:\/\/talkpal.ai\/wp-content\/uploads\/2024\/08\/Kazakh.jpg\" alt=\"Kazakh Flag\">\r\n                    <div>\r\n                        <h4>O kazachskiej nauce<\/h4>\r\n                        <p>Dowiedz si\u0119 wszystkiego o gramatyce kazachskiej.<\/p>\r\n                    <\/div>\r\n                <\/div>\r\n            <\/div>\r\n        <\/a>\r\n\r\n        \r\n        <a href=\"https:\/\/talkpal.ai\/pl\/gramatyka-kazachska\/\">\r\n            <div class=\"learnNavigationWrapper\">\r\n                <div class=\"learnNavigationContent\">\r\n                    <img decoding=\"async\" src=\"https:\/\/talkpal.ai\/wp-content\/uploads\/2024\/08\/Kazakh.jpg\" alt=\"Kazakh Flag\">\r\n                    <div>\r\n                        <h4>Lekcje gramatyki j\u0119zyka kazachskiego<\/h4>\r\n                        <p>\u0106wicz gramatyk\u0119 kazachsk\u0105.<\/p>\r\n                    <\/div>\r\n                <\/div>\r\n            <\/div>\r\n        <\/a>\r\n\r\n        \r\n        <a href=\"https:\/\/talkpal.ai\/vocabulary_language\/kazakh\/\">\r\n            <div class=\"learnNavigationWrapper\">\r\n                <div class=\"learnNavigationContent\">\r\n                    <img decoding=\"async\" src=\"https:\/\/talkpal.ai\/wp-content\/uploads\/2024\/08\/Kazakh.jpg\" alt=\"Kazakh Flag\">\r\n                    <div>\r\n                        <h4>S\u0142ownictwo kazachskie<\/h4>\r\n                        <p>Poszerz swoje kazachskie s\u0142ownictwo.<\/p>\r\n                    <\/div>\r\n                <\/div>\r\n            <\/div>\r\n        <\/a>\r\n\r\n            <\/section>","protected":false},"excerpt":{"rendered":"<p>Kazachskie tematy gramatyczne Nauka nowego j\u0119zyka mo\u017ce by\u0107 trudnym, ale satysfakcjonuj\u0105cym do\u015bwiadczeniem, kt\u00f3re otwiera mo\u017cliwo\u015bci rozwoju osobistego i zawodowego. Jednym z j\u0119zyk\u00f3w, kt\u00f3ry zyskuje na popularno\u015bci w\u015br\u00f3d ucz\u0105cych si\u0119 j\u0119zyk\u00f3w, jest kazachski, j\u0119zyk turecki, kt\u00f3rym pos\u0142uguj\u0105 si\u0119 miliony ludzi w Kazachstanie i okolicznych regionach. Gramatyka kazachska jest wyj\u0105tkowa, z bogat\u0105 struktur\u0105 i r\u00f3\u017cnymi elementami, kt\u00f3re [&hellip;]<\/p>\n","protected":false},"author":6,"featured_media":114274,"parent":0,"menu_order":0,"comment_status":"closed","ping_status":"closed","template":"LearningContentPage.php","meta":{"_acf_changed":false,"footnotes":""},"class_list":["post-160656","page","type-page","status-publish","has-post-thumbnail","hentry"],"acf":[],"yoast_head":"<!-- This site is optimized with the Yoast SEO Premium plugin v27.2 (Yoast SEO v27.2) - https:\/\/yoast.com\/product\/yoast-seo-premium-wordpress\/ -->\n<title>\u0106wiczenia gramatyczne z j\u0119zyka kazachskiego - Talkpal<\/title>\n<meta name=\"description\" content=\"Zwi\u0119ksz swoje umiej\u0119tno\u015bci gramatyczne w j\u0119zyku kazachskim - popraw dok\u0142adno\u015b\u0107, \u0107wicz interaktywne \u0107wiczenia i doskonal u\u017cycie!\" \/>\n<meta name=\"robots\" content=\"index, follow, max-snippet:-1, max-image-preview:large, max-video-preview:-1\" \/>\n<link rel=\"canonical\" href=\"https:\/\/talkpal.ai\/pl\/cwiczenia-gramatyczne-z-jezyka-kazachskiego\/\" \/>\n<meta property=\"og:locale\" content=\"pl_PL\" \/>\n<meta property=\"og:type\" content=\"article\" \/>\n<meta property=\"og:title\" content=\"\u0106wiczenia gramatyczne z j\u0119zyka kazachskiego\" \/>\n<meta property=\"og:description\" content=\"Kazachskie tematy gramatyczne Nauka nowego j\u0119zyka mo\u017ce by\u0107 trudnym, ale satysfakcjonuj\u0105cym do\u015bwiadczeniem, kt\u00f3re otwiera mo\u017cliwo\u015bci rozwoju osobistego i\" \/>\n<meta property=\"og:url\" content=\"https:\/\/talkpal.ai\/pl\/cwiczenia-gramatyczne-z-jezyka-kazachskiego\/\" \/>\n<meta property=\"og:site_name\" content=\"Talkpal\" \/>\n<meta property=\"article:publisher\" content=\"https:\/\/www.facebook.com\/profile.php?id=100090733639311\" \/>\n<meta property=\"article:modified_time\" content=\"2025-12-17T14:57:29+00:00\" \/>\n<meta property=\"og:image\" content=\"https:\/\/talkpal.ai\/wp-content\/uploads\/2023\/05\/kazakhstan.png\" \/>\n\t<meta property=\"og:image:width\" content=\"512\" \/>\n\t<meta property=\"og:image:height\" content=\"512\" \/>\n\t<meta property=\"og:image:type\" content=\"image\/png\" \/>\n<meta name=\"twitter:card\" content=\"summary_large_image\" \/>\n<meta name=\"twitter:site\" content=\"@talkpalai\" \/>\n<meta name=\"twitter:label1\" content=\"Szacowany czas czytania\" \/>\n\t<meta name=\"twitter:data1\" content=\"3 minuty\" \/>\n<script type=\"application\/ld+json\" class=\"yoast-schema-graph\">{\"@context\":\"https:\/\/schema.org\",\"@graph\":[{\"@type\":\"WebPage\",\"@id\":\"https:\/\/talkpal.ai\/pl\/cwiczenia-gramatyczne-z-jezyka-kazachskiego\/\",\"url\":\"https:\/\/talkpal.ai\/pl\/cwiczenia-gramatyczne-z-jezyka-kazachskiego\/\",\"name\":\"\u0106wiczenia gramatyczne z j\u0119zyka kazachskiego - Talkpal\",\"isPartOf\":{\"@id\":\"https:\/\/talkpal.ai\/pl\/#website\"},\"primaryImageOfPage\":{\"@id\":\"https:\/\/talkpal.ai\/pl\/cwiczenia-gramatyczne-z-jezyka-kazachskiego\/#primaryimage\"},\"image\":{\"@id\":\"https:\/\/talkpal.ai\/pl\/cwiczenia-gramatyczne-z-jezyka-kazachskiego\/#primaryimage\"},\"thumbnailUrl\":\"https:\/\/talkpal.ai\/wp-content\/uploads\/2023\/05\/kazakhstan.png\",\"datePublished\":\"2023-06-22T08:01:09+00:00\",\"dateModified\":\"2025-12-17T14:57:29+00:00\",\"description\":\"Zwi\u0119ksz swoje umiej\u0119tno\u015bci gramatyczne w j\u0119zyku kazachskim - popraw dok\u0142adno\u015b\u0107, \u0107wicz interaktywne \u0107wiczenia i doskonal u\u017cycie!\",\"breadcrumb\":{\"@id\":\"https:\/\/talkpal.ai\/pl\/cwiczenia-gramatyczne-z-jezyka-kazachskiego\/#breadcrumb\"},\"inLanguage\":\"pl-PL\",\"potentialAction\":[{\"@type\":\"ReadAction\",\"target\":[\"https:\/\/talkpal.ai\/pl\/cwiczenia-gramatyczne-z-jezyka-kazachskiego\/\"]}]},{\"@type\":\"ImageObject\",\"inLanguage\":\"pl-PL\",\"@id\":\"https:\/\/talkpal.ai\/pl\/cwiczenia-gramatyczne-z-jezyka-kazachskiego\/#primaryimage\",\"url\":\"https:\/\/talkpal.ai\/wp-content\/uploads\/2023\/05\/kazakhstan.png\",\"contentUrl\":\"https:\/\/talkpal.ai\/wp-content\/uploads\/2023\/05\/kazakhstan.png\",\"width\":512,\"height\":512},{\"@type\":\"BreadcrumbList\",\"@id\":\"https:\/\/talkpal.ai\/pl\/cwiczenia-gramatyczne-z-jezyka-kazachskiego\/#breadcrumb\",\"itemListElement\":[{\"@type\":\"ListItem\",\"position\":1,\"name\":\"Homepage\",\"item\":\"https:\/\/talkpal.ai\/pl\/\"},{\"@type\":\"ListItem\",\"position\":2,\"name\":\"\u0106wiczenia gramatyczne z j\u0119zyka kazachskiego\"}]},{\"@type\":\"WebSite\",\"@id\":\"https:\/\/talkpal.ai\/pl\/#website\",\"url\":\"https:\/\/talkpal.ai\/pl\/\",\"name\":\"Talkpal\",\"description\":\"AI Language Learning\",\"publisher\":{\"@id\":\"https:\/\/talkpal.ai\/pl\/#organization\"},\"alternateName\":\"Talkpal AI\",\"potentialAction\":[{\"@type\":\"SearchAction\",\"target\":{\"@type\":\"EntryPoint\",\"urlTemplate\":\"https:\/\/talkpal.ai\/pl\/?s={search_term_string}\"},\"query-input\":{\"@type\":\"PropertyValueSpecification\",\"valueRequired\":true,\"valueName\":\"search_term_string\"}}],\"inLanguage\":\"pl-PL\"},{\"@type\":\"Organization\",\"@id\":\"https:\/\/talkpal.ai\/pl\/#organization\",\"name\":\"Talkpal, Inc.\",\"alternateName\":\"Talkpal AI\",\"url\":\"https:\/\/talkpal.ai\/pl\/\",\"logo\":{\"@type\":\"ImageObject\",\"inLanguage\":\"pl-PL\",\"@id\":\"https:\/\/talkpal.ai\/pl\/#\/schema\/logo\/image\/\",\"url\":\"https:\/\/talkpal.ai\/wp-content\/uploads\/2024\/03\/Talkpal-Logo-Icon.png\",\"contentUrl\":\"https:\/\/talkpal.ai\/wp-content\/uploads\/2024\/03\/Talkpal-Logo-Icon.png\",\"width\":2880,\"height\":2880,\"caption\":\"Talkpal, Inc.\"},\"image\":{\"@id\":\"https:\/\/talkpal.ai\/pl\/#\/schema\/logo\/image\/\"},\"sameAs\":[\"https:\/\/www.facebook.com\/profile.php?id=100090733639311\",\"https:\/\/x.com\/talkpalai\",\"https:\/\/www.linkedin.com\/company\/talkpal\/\",\"https:\/\/www.youtube.com\/@TalkPal\/\",\"https:\/\/www.tiktok.com\/@talkpal\",\"https:\/\/www.instagram.com\/talkpal_ai\/\",\"https:\/\/www.crunchbase.com\/organization\/talkpal-9cde\",\"https:\/\/www.g2.com\/products\/talkpal-for-business\/\",\"https:\/\/www.trustpilot.com\/review\/talkpal.ai\",\"https:\/\/www.capterra.com\/p\/10006800\/TalkPal\/\"],\"description\":\"Talkpal is a language learning web and mobile education app, powered by the latest AI technologies, that provides engaging experiences to its customers in many different languages to help them improve their language skills. Users can chat about unlimited amount of topics with the app and use other modes to practice their language learning.\",\"email\":\"support@talkpal.ai\",\"legalName\":\"Talkpal, Inc.\",\"foundingDate\":\"2023-04-03\",\"duns\":\"118989042\",\"numberOfEmployees\":{\"@type\":\"QuantitativeValue\",\"minValue\":\"11\",\"maxValue\":\"50\"},\"publishingPrinciples\":\"https:\/\/talkpal.ai\/publishing-principles\/\",\"actionableFeedbackPolicy\":\"https:\/\/talkpal.ai\/actionable-feedback-policy\/\",\"correctionsPolicy\":\"https:\/\/talkpal.ai\/corrections-policy\/\",\"ethicsPolicy\":\"https:\/\/talkpal.ai\/ethics-policy\/\",\"diversityPolicy\":\"https:\/\/talkpal.ai\/diversity-policy\/\",\"diversityStaffingReport\":\"https:\/\/talkpal.ai\/diversity-policy\/\"}]}<\/script>\n<!-- \/ Yoast SEO Premium plugin. -->","yoast_head_json":{"title":"\u0106wiczenia gramatyczne z j\u0119zyka kazachskiego - Talkpal","description":"Zwi\u0119ksz swoje umiej\u0119tno\u015bci gramatyczne w j\u0119zyku kazachskim - popraw dok\u0142adno\u015b\u0107, \u0107wicz interaktywne \u0107wiczenia i doskonal u\u017cycie!","robots":{"index":"index","follow":"follow","max-snippet":"max-snippet:-1","max-image-preview":"max-image-preview:large","max-video-preview":"max-video-preview:-1"},"canonical":"https:\/\/talkpal.ai\/pl\/cwiczenia-gramatyczne-z-jezyka-kazachskiego\/","og_locale":"pl_PL","og_type":"article","og_title":"\u0106wiczenia gramatyczne z j\u0119zyka kazachskiego","og_description":"Kazachskie tematy gramatyczne Nauka nowego j\u0119zyka mo\u017ce by\u0107 trudnym, ale satysfakcjonuj\u0105cym do\u015bwiadczeniem, kt\u00f3re otwiera mo\u017cliwo\u015bci rozwoju osobistego i","og_url":"https:\/\/talkpal.ai\/pl\/cwiczenia-gramatyczne-z-jezyka-kazachskiego\/","og_site_name":"Talkpal","article_publisher":"https:\/\/www.facebook.com\/profile.php?id=100090733639311","article_modified_time":"2025-12-17T14:57:29+00:00","og_image":[{"width":512,"height":512,"url":"https:\/\/talkpal.ai\/wp-content\/uploads\/2023\/05\/kazakhstan.png","type":"image\/png"}],"twitter_card":"summary_large_image","twitter_site":"@talkpalai","twitter_misc":{"Szacowany czas czytania":"3 minuty"},"schema":{"@context":"https:\/\/schema.org","@graph":[{"@type":"WebPage","@id":"https:\/\/talkpal.ai\/pl\/cwiczenia-gramatyczne-z-jezyka-kazachskiego\/","url":"https:\/\/talkpal.ai\/pl\/cwiczenia-gramatyczne-z-jezyka-kazachskiego\/","name":"\u0106wiczenia gramatyczne z j\u0119zyka kazachskiego - Talkpal","isPartOf":{"@id":"https:\/\/talkpal.ai\/pl\/#website"},"primaryImageOfPage":{"@id":"https:\/\/talkpal.ai\/pl\/cwiczenia-gramatyczne-z-jezyka-kazachskiego\/#primaryimage"},"image":{"@id":"https:\/\/talkpal.ai\/pl\/cwiczenia-gramatyczne-z-jezyka-kazachskiego\/#primaryimage"},"thumbnailUrl":"https:\/\/talkpal.ai\/wp-content\/uploads\/2023\/05\/kazakhstan.png","datePublished":"2023-06-22T08:01:09+00:00","dateModified":"2025-12-17T14:57:29+00:00","description":"Zwi\u0119ksz swoje umiej\u0119tno\u015bci gramatyczne w j\u0119zyku kazachskim - popraw dok\u0142adno\u015b\u0107, \u0107wicz interaktywne \u0107wiczenia i doskonal u\u017cycie!","breadcrumb":{"@id":"https:\/\/talkpal.ai\/pl\/cwiczenia-gramatyczne-z-jezyka-kazachskiego\/#breadcrumb"},"inLanguage":"pl-PL","potentialAction":[{"@type":"ReadAction","target":["https:\/\/talkpal.ai\/pl\/cwiczenia-gramatyczne-z-jezyka-kazachskiego\/"]}]},{"@type":"ImageObject","inLanguage":"pl-PL","@id":"https:\/\/talkpal.ai\/pl\/cwiczenia-gramatyczne-z-jezyka-kazachskiego\/#primaryimage","url":"https:\/\/talkpal.ai\/wp-content\/uploads\/2023\/05\/kazakhstan.png","contentUrl":"https:\/\/talkpal.ai\/wp-content\/uploads\/2023\/05\/kazakhstan.png","width":512,"height":512},{"@type":"BreadcrumbList","@id":"https:\/\/talkpal.ai\/pl\/cwiczenia-gramatyczne-z-jezyka-kazachskiego\/#breadcrumb","itemListElement":[{"@type":"ListItem","position":1,"name":"Homepage","item":"https:\/\/talkpal.ai\/pl\/"},{"@type":"ListItem","position":2,"name":"\u0106wiczenia gramatyczne z j\u0119zyka kazachskiego"}]},{"@type":"WebSite","@id":"https:\/\/talkpal.ai\/pl\/#website","url":"https:\/\/talkpal.ai\/pl\/","name":"Talkpal","description":"AI Language Learning","publisher":{"@id":"https:\/\/talkpal.ai\/pl\/#organization"},"alternateName":"Talkpal AI","potentialAction":[{"@type":"SearchAction","target":{"@type":"EntryPoint","urlTemplate":"https:\/\/talkpal.ai\/pl\/?s={search_term_string}"},"query-input":{"@type":"PropertyValueSpecification","valueRequired":true,"valueName":"search_term_string"}}],"inLanguage":"pl-PL"},{"@type":"Organization","@id":"https:\/\/talkpal.ai\/pl\/#organization","name":"Talkpal, Inc.","alternateName":"Talkpal AI","url":"https:\/\/talkpal.ai\/pl\/","logo":{"@type":"ImageObject","inLanguage":"pl-PL","@id":"https:\/\/talkpal.ai\/pl\/#\/schema\/logo\/image\/","url":"https:\/\/talkpal.ai\/wp-content\/uploads\/2024\/03\/Talkpal-Logo-Icon.png","contentUrl":"https:\/\/talkpal.ai\/wp-content\/uploads\/2024\/03\/Talkpal-Logo-Icon.png","width":2880,"height":2880,"caption":"Talkpal, Inc."},"image":{"@id":"https:\/\/talkpal.ai\/pl\/#\/schema\/logo\/image\/"},"sameAs":["https:\/\/www.facebook.com\/profile.php?id=100090733639311","https:\/\/x.com\/talkpalai","https:\/\/www.linkedin.com\/company\/talkpal\/","https:\/\/www.youtube.com\/@TalkPal\/","https:\/\/www.tiktok.com\/@talkpal","https:\/\/www.instagram.com\/talkpal_ai\/","https:\/\/www.crunchbase.com\/organization\/talkpal-9cde","https:\/\/www.g2.com\/products\/talkpal-for-business\/","https:\/\/www.trustpilot.com\/review\/talkpal.ai","https:\/\/www.capterra.com\/p\/10006800\/TalkPal\/"],"description":"Talkpal is a language learning web and mobile education app, powered by the latest AI technologies, that provides engaging experiences to its customers in many different languages to help them improve their language skills. Users can chat about unlimited amount of topics with the app and use other modes to practice their language learning.","email":"support@talkpal.ai","legalName":"Talkpal, Inc.","foundingDate":"2023-04-03","duns":"118989042","numberOfEmployees":{"@type":"QuantitativeValue","minValue":"11","maxValue":"50"},"publishingPrinciples":"https:\/\/talkpal.ai\/publishing-principles\/","actionableFeedbackPolicy":"https:\/\/talkpal.ai\/actionable-feedback-policy\/","correctionsPolicy":"https:\/\/talkpal.ai\/corrections-policy\/","ethicsPolicy":"https:\/\/talkpal.ai\/ethics-policy\/","diversityPolicy":"https:\/\/talkpal.ai\/diversity-policy\/","diversityStaffingReport":"https:\/\/talkpal.ai\/diversity-policy\/"}]}},"_links":{"self":[{"href":"https:\/\/talkpal.ai\/pl\/wp-json\/wp\/v2\/pages\/160656","targetHints":{"allow":["GET"]}}],"collection":[{"href":"https:\/\/talkpal.ai\/pl\/wp-json\/wp\/v2\/pages"}],"about":[{"href":"https:\/\/talkpal.ai\/pl\/wp-json\/wp\/v2\/types\/page"}],"author":[{"embeddable":true,"href":"https:\/\/talkpal.ai\/pl\/wp-json\/wp\/v2\/users\/6"}],"replies":[{"embeddable":true,"href":"https:\/\/talkpal.ai\/pl\/wp-json\/wp\/v2\/comments?post=160656"}],"version-history":[{"count":0,"href":"https:\/\/talkpal.ai\/pl\/wp-json\/wp\/v2\/pages\/160656\/revisions"}],"wp:featuredmedia":[{"embeddable":true,"href":"https:\/\/talkpal.ai\/pl\/wp-json\/wp\/v2\/media\/114274"}],"wp:attachment":[{"href":"https:\/\/talkpal.ai\/pl\/wp-json\/wp\/v2\/media?parent=160656"}],"curies":[{"name":"wp","href":"https:\/\/api.w.org\/{rel}","templated":true}]}}