{"id":160296,"date":"2023-06-22T08:12:52","date_gmt":"2023-06-22T08:12:52","guid":{"rendered":"http:\/\/talkpal.ai\/cwiczenia-gramatyczne-z-jezyka-litewskiego\/"},"modified":"2025-12-17T15:53:12","modified_gmt":"2025-12-17T15:53:12","slug":"cwiczenia-gramatyczne-z-jezyka-litewskiego","status":"publish","type":"page","link":"https:\/\/talkpal.ai\/pl\/cwiczenia-gramatyczne-z-jezyka-litewskiego\/","title":{"rendered":"\u0106wiczenia gramatyczne z j\u0119zyka litewskiego"},"content":{"rendered":"\r\n\r\n\r\n<section class=\"languageChallengeSection\">\r\n    <div class=\"languageInfoWrapper\">\r\n        \r\n        <h1>\u0106wiczenia gramatyczne z j\u0119zyka litewskiego<\/h1>\r\n        <p>Gotowy, by przenie\u015b\u0107 sw\u00f3j <a href=\"https:\/\/talkpal.ai\/learn-lithuanian\/\">litewski<\/a> na wy\u017cszy poziom? \u0106wiczenie gramatyki to doskona\u0142y spos\u00f3b na opanowanie struktury zda\u0144, form czasownik\u00f3w i unikalnych wzorc\u00f3w j\u0119zyka litewskiego. Zacznij odkrywa\u0107 gramatyk\u0119 litewsk\u0105 ju\u017c dzi\u015b i obserwuj, jak twoje umiej\u0119tno\u015bci i pewno\u015b\u0107 siebie rosn\u0105 z ka\u017cdym \u0107wiczeniem!<\/p>\r\n\r\n                            <a class=\"getStartedHidden\" href=\"https:\/\/app.talkpal.ai\/pl\/signup?lng=\">Zaczynaj<\/a>\r\n        \r\n    <\/div>\r\n\r\n    <figure>\r\n    <img decoding=\"async\" width=\"768\" height=\"768\" src=\"https:\/\/talkpal.ai\/wp-content\/uploads\/2023\/06\/lithuenian-768x768.png\" class=\"languageImage no-lazy\" alt=\"Language learning for boosting creativity\" fetchpriority=\"high\" sizes=\"(max-width: 768px) 150px, 768px\" srcset=\"https:\/\/talkpal.ai\/wp-content\/uploads\/2023\/06\/lithuenian-768x768.png 768w, https:\/\/talkpal.ai\/wp-content\/uploads\/2023\/06\/lithuenian-300x300.png 300w\" \/>\r\n    \r\n\r\n    <\/figure>\r\n\r\n            <a class=\"getStartedVisible\" href=\"https:\/\/app.talkpal.ai\/pl\/signup?lng=\">Zaczynaj<\/a>\r\n    \r\n<\/section>\r\n\r\n\r\n<!-- <section class=\"grammarSection\">\r\n    <div class=\"grammarLinks\">\r\n            <\/div>\r\n<\/section> -->\r\n\r\n\r\n\r\n\r\n<section class=\"promotionalBanner\">\r\n    <p class=\"promotionalText\">Najbardziej efektywny spos\u00f3b nauki j\u0119zyka<\/p>\r\n    <a class=\"promotionalLink\" href=\"https:\/\/app.talkpal.ai\/pl\/signup?lng=\">Wypr\u00f3buj Talkpal za darmo<\/a>\r\n<\/section>\n<div class=\"wp-block-group pageContainerStyle\"><div class=\"wp-block-group__inner-container is-layout-constrained wp-block-group-is-layout-constrained\">\n<h2 class=\"wp-block-heading\" id=\"h-lithuanian-grammar-topics\">Zagadnienia gramatyczne j\u0119zyka litewskiego<\/h2>\n\n\n\n<p>Nauka j\u0119zyka litewskiego jest nie tylko wyj\u0105tkowym i satysfakcjonuj\u0105cym do\u015bwiadczeniem, ale tak\u017ce otwiera zupe\u0142nie <a href=\"https:\/\/talkpal.ai\/talkpal-new-years-discount\/\">nowy<\/a> \u015bwiat eksploracji kulturowej. <a href=\"https:\/\/talkpal.ai\/learn-lithuanian\/\">Litewski<\/a>, jako j\u0119zyk ba\u0142tycki, zachowa\u0142 wiele cech dawnych j\u0119zyk\u00f3w indoeuropejskich, co czyni go wa\u017cnym j\u0119zykiem dla bada\u0144 historycznych i j\u0119zykoznawczych. <a href=\"https:\/\/talkpal.ai\/grammar\/\">Gramatyka<\/a> j\u0119zyka litewskiego mo\u017ce wydawa\u0107 si\u0119 skomplikowana, ale podzielenie jej na mniejsze tematy i nauczenie si\u0119 ich w logicznej kolejno\u015bci sprawi, \u017ce Twoja podr\u00f3\u017c b\u0119dzie p\u0142ynniejsza i przyjemniejsza. W tym przewodniku przedstawimy zagadnienia gramatyczne z j\u0119zyka litewskiego w kolejno\u015bci, w jakiej nale\u017cy si\u0119 ich uczy\u0107, podaj\u0105c kr\u00f3tki przegl\u0105d ka\u017cdego tematu.<\/p>\n\n\n\n<h3 class=\"wp-block-heading\" id=\"h-1-nouns\">1. Rzeczowniki:<\/h3>\n\n\n\n<p>Rzeczowniki stanowi\u0105 podstaw\u0119 wi\u0119kszo\u015bci zda\u0144, wi\u0119c zacznij od poznania systemu deklinacji rzeczownik\u00f3w w j\u0119zyku litewskim. Istnieje pi\u0119\u0107 deklinacji rzeczownik\u00f3w, z kt\u00f3rych ka\u017cda ma w\u0142asny zestaw ko\u0144c\u00f3wek dla liczby pojedynczej i mnogiej. Zwr\u00f3\u0107 uwag\u0119 na rodzaj rzeczownik\u00f3w, poniewa\u017c wp\u0142ynie to na ko\u0144c\u00f3wki u\u017cywane w deklinacji.<\/p>\n\n\n\n<h3 class=\"wp-block-heading\" id=\"h-2-articles\">2. Artyku\u0142y:<\/h3>\n\n\n\n<p>W przeciwie\u0144stwie do j\u0119zyka angielskiego, litewski nie ma przedimk\u00f3w okre\u015blonych ani nieokre\u015blonych, wi\u0119c b\u0119dziesz mie\u0107 o jeden element gramatyczny mniej do zmartwienia!<\/p>\n\n\n\n<h3 class=\"wp-block-heading\" id=\"h-3-adjectives\">3. Przymiotniki:<\/h3>\n\n\n\n<p>Przymiotniki zgadzaj\u0105 si\u0119 z rzeczownikami w rodzaju, przypadku i liczbie. <a href=\"https:\/\/talkpal.ai\/pl\/naucz-sie-malajskiego\/\">Naucz si\u0119<\/a> r\u00f3\u017cnych ko\u0144c\u00f3wek przymiotnik\u00f3w i tego, jak zmieniaj\u0105 si\u0119 w zale\u017cno\u015bci od rzeczownika, kt\u00f3ry modyfikuj\u0105.<\/p>\n\n\n\n<h3 class=\"wp-block-heading\" id=\"h-4-pronouns-determiners\">4. Zaimki\/okre\u015blniki:<\/h3>\n\n\n\n<p>Podobnie jak w innych j\u0119zykach, zaimki i okre\u015blniki pomagaj\u0105 zapewni\u0107 jasno\u015b\u0107 i szczeg\u00f3\u0142owo\u015b\u0107 zda\u0144. Naucz si\u0119 r\u00f3\u017cnych rodzaj\u00f3w zaimk\u00f3w i okre\u015blnik\u00f3w oraz ich r\u00f3\u017cnych form i zastosowa\u0144 w j\u0119zyku litewskim.<\/p>\n\n\n\n<h3 class=\"wp-block-heading\" id=\"h-5-verbs\">5. Czasowniki:<\/h3>\n\n\n\n<p>Czasowniki s\u0105 niezb\u0119dne do przekazywania dzia\u0142a\u0144 i stan\u00f3w istnienia. Zacznij od czasu tera\u017aniejszego, a nast\u0119pnie przejd\u017a do czasu przesz\u0142ego i przysz\u0142ego. Zwr\u00f3\u0107 uwag\u0119 na wzorce koniugacji, a tak\u017ce czasowniki nieregularne.<\/p>\n\n\n\n<h3 class=\"wp-block-heading\" id=\"h-6-tense-comparison\">6. Por\u00f3wnanie czasu pracy:<\/h3>\n\n\n\n<p>Po opanowaniu podstawowych czas\u00f3w naucz si\u0119 je por\u00f3wnywa\u0107 i rozumie\u0107 niuanse ich u\u017cycia. Obejmuje to zrozumienie r\u00f3\u017cnic mi\u0119dzy czasami prostymi i z\u0142o\u017conymi, a tak\u017ce czasu dokonanego progresywnego.<\/p>\n\n\n\n<h3 class=\"wp-block-heading\" id=\"h-7-progressive-and-perfect-progressive\">7. Progresywny i doskona\u0142y progresywny:<\/h3>\n\n\n\n<p>Litewski nie ma specyficznych form progresywnych, takich jak <a href=\"https:\/\/talkpal.ai\/learn-english-with-ai\/\">angielski<\/a>, ale mo\u017cna wyra\u017ca\u0107 trwaj\u0105ce i zako\u0144czone dzia\u0142ania za pomoc\u0105 okre\u015blonych konstrukcji. Naucz si\u0119 tych konstrukcji i dowiedz si\u0119, jak efektywnie z nich korzysta\u0107.<\/p>\n\n\n\n<h3 class=\"wp-block-heading\" id=\"h-8-adverbs\">8. Przys\u0142\u00f3wki:<\/h3>\n\n\n\n<p>Przymiotniki modyfikuj\u0105 rzeczowniki, podczas gdy przys\u0142\u00f3wki modyfikuj\u0105 czasowniki, przymiotniki lub inne przys\u0142\u00f3wki. Naucz si\u0119 r\u00f3\u017cnych rodzaj\u00f3w przys\u0142\u00f3wk\u00f3w i ich rozmieszczenia w zdaniach.<\/p>\n\n\n\n<h3 class=\"wp-block-heading\" id=\"h-9-prepositions\">9. Przyimki:<\/h3>\n\n\n\n<p>Przyimki pokazuj\u0105 zwi\u0105zek mi\u0119dzy s\u0142owami w zdaniu. Naucz si\u0119 r\u00f3\u017cnych przyimk\u00f3w i ich u\u017cycia w r\u00f3\u017cnych kontekstach.<\/p>\n\n\n\n<h3 class=\"wp-block-heading\" id=\"h-10-conditionals\">10. Warunki warunkowe:<\/h3>\n\n\n\n<p>Instrukcje warunkowe wyra\u017caj\u0105 sytuacje hipotetyczne lub nierzeczywiste. Naucz si\u0119 r\u00f3\u017cnych typ\u00f3w instrukcji warunkowych i ich odpowiednich konstrukcji w j\u0119zyku litewskim.<\/p>\n\n\n\n<h3 class=\"wp-block-heading\" id=\"h-11-sentences\">11. Zdania:<\/h3>\n\n\n\n<p>Na koniec po\u0142\u0105cz wszystko razem, ucz\u0105c si\u0119 struktury zda\u0144 w j\u0119zyku litewskim. Zrozum podstawowy szyk wyraz\u00f3w i dowiedz si\u0119, jak mo\u017cna go dostosowa\u0107 do podkre\u015blenia lub jasno\u015bci. \u0106wicz tworzenie zda\u0144 z wykorzystaniem wszystkich element\u00f3w gramatycznych, kt\u00f3rych nauczy\u0142e\u015b si\u0119 do tej pory.<\/p>\n\n\n\n<p>Post\u0119puj\u0105c zgodnie z t\u0105 sekwencj\u0105 temat\u00f3w, rozwiniesz solidne zrozumienie gramatyki litewskiej i b\u0119dziesz na dobrej drodze do p\u0142ynnego pos\u0142ugiwania si\u0119 tym j\u0119zykiem.<\/p>\n<\/div><\/div>\n\r\n<section class=\"learnNavigationSection\">\r\n            \r\n        <a href=\"https:\/\/talkpal.ai\/pl\/naucz-sie-litewski\/\">\r\n            <div class=\"learnNavigationWrapper\">\r\n                <div class=\"learnNavigationContent\">\r\n                    <img decoding=\"async\" src=\"https:\/\/talkpal.ai\/wp-content\/uploads\/2024\/08\/Lithuanian.jpg\" alt=\"Lithuanian Flag\">\r\n                    <div>\r\n                        <h4>O nauce litewskiego<\/h4>\r\n                        <p>Dowiedz si\u0119 wszystkiego o gramatyce litewskiej .<\/p>\r\n                    <\/div>\r\n                <\/div>\r\n            <\/div>\r\n        <\/a>\r\n\r\n        \r\n        <a href=\"https:\/\/talkpal.ai\/pl\/gramatyka-litewska\/\">\r\n            <div class=\"learnNavigationWrapper\">\r\n                <div class=\"learnNavigationContent\">\r\n                    <img decoding=\"async\" src=\"https:\/\/talkpal.ai\/wp-content\/uploads\/2024\/08\/Lithuanian.jpg\" alt=\"Lithuanian Flag\">\r\n                    <div>\r\n                        <h4>Lekcje gramatyki j\u0119zyka litewskiego<\/h4>\r\n                        <p>\u0106wicz gramatyk\u0119 litewsk\u0105 .<\/p>\r\n                    <\/div>\r\n                <\/div>\r\n            <\/div>\r\n        <\/a>\r\n\r\n        \r\n        <a href=\"https:\/\/talkpal.ai\/vocabulary_language\/lithuanian\/\">\r\n            <div class=\"learnNavigationWrapper\">\r\n                <div class=\"learnNavigationContent\">\r\n                    <img decoding=\"async\" src=\"https:\/\/talkpal.ai\/wp-content\/uploads\/2024\/08\/Lithuanian.jpg\" alt=\"Lithuanian Flag\">\r\n                    <div>\r\n                        <h4>S\u0142ownictwo litewskie<\/h4>\r\n                        <p>Poszerz swoje litewskie s\u0142ownictwo.<\/p>\r\n                    <\/div>\r\n                <\/div>\r\n            <\/div>\r\n        <\/a>\r\n\r\n            <\/section>","protected":false},"excerpt":{"rendered":"<p>Zagadnienia gramatyczne j\u0119zyka litewskiego Nauka j\u0119zyka litewskiego jest nie tylko wyj\u0105tkowym i satysfakcjonuj\u0105cym do\u015bwiadczeniem, ale tak\u017ce otwiera zupe\u0142nie nowy \u015bwiat eksploracji kulturowej. Litewski, jako j\u0119zyk ba\u0142tycki, zachowa\u0142 wiele cech dawnych j\u0119zyk\u00f3w indoeuropejskich, co czyni go wa\u017cnym j\u0119zykiem dla bada\u0144 historycznych i j\u0119zykoznawczych. Gramatyka j\u0119zyka litewskiego mo\u017ce wydawa\u0107 si\u0119 skomplikowana, ale podzielenie jej na mniejsze tematy [&hellip;]<\/p>\n","protected":false},"author":6,"featured_media":114830,"parent":0,"menu_order":0,"comment_status":"closed","ping_status":"closed","template":"LearningContentPage.php","meta":{"_acf_changed":false,"footnotes":""},"class_list":["post-160296","page","type-page","status-publish","has-post-thumbnail","hentry"],"acf":[],"yoast_head":"<!-- This site is optimized with the Yoast SEO Premium plugin v27.2 (Yoast SEO v27.2) - https:\/\/yoast.com\/product\/yoast-seo-premium-wordpress\/ -->\n<title>\u0106wiczenia gramatyczne z j\u0119zyka litewskiego - Talkpal<\/title>\n<meta name=\"description\" content=\"Opanuj zawi\u0142o\u015bci j\u0119zyka dzi\u0119ki wci\u0105gaj\u0105cym \u0107wiczeniom gramatycznym z j\u0119zyka litewskiego, kt\u00f3re zwi\u0119ksz\u0105 Twoj\u0105 bieg\u0142o\u015b\u0107.\" \/>\n<meta name=\"robots\" content=\"index, follow, max-snippet:-1, max-image-preview:large, max-video-preview:-1\" \/>\n<link rel=\"canonical\" href=\"https:\/\/talkpal.ai\/pl\/cwiczenia-gramatyczne-z-jezyka-litewskiego\/\" \/>\n<meta property=\"og:locale\" content=\"pl_PL\" \/>\n<meta property=\"og:type\" content=\"article\" \/>\n<meta property=\"og:title\" content=\"\u0106wiczenia gramatyczne z j\u0119zyka litewskiego\" \/>\n<meta property=\"og:description\" content=\"Zagadnienia gramatyczne j\u0119zyka litewskiego Nauka j\u0119zyka litewskiego jest nie tylko wyj\u0105tkowym i satysfakcjonuj\u0105cym do\u015bwiadczeniem, ale tak\u017ce otwiera\" \/>\n<meta property=\"og:url\" content=\"https:\/\/talkpal.ai\/pl\/cwiczenia-gramatyczne-z-jezyka-litewskiego\/\" \/>\n<meta property=\"og:site_name\" content=\"Talkpal\" \/>\n<meta property=\"article:publisher\" content=\"https:\/\/www.facebook.com\/profile.php?id=100090733639311\" \/>\n<meta property=\"article:modified_time\" content=\"2025-12-17T15:53:12+00:00\" \/>\n<meta property=\"og:image\" content=\"https:\/\/talkpal.ai\/wp-content\/uploads\/2023\/05\/Lithuanian.png\" \/>\n\t<meta property=\"og:image:width\" content=\"512\" \/>\n\t<meta property=\"og:image:height\" content=\"512\" \/>\n\t<meta property=\"og:image:type\" content=\"image\/png\" \/>\n<meta name=\"twitter:card\" content=\"summary_large_image\" \/>\n<meta name=\"twitter:site\" content=\"@talkpalai\" \/>\n<meta name=\"twitter:label1\" content=\"Szacowany czas czytania\" \/>\n\t<meta name=\"twitter:data1\" content=\"3 minuty\" \/>\n<script type=\"application\/ld+json\" class=\"yoast-schema-graph\">{\"@context\":\"https:\/\/schema.org\",\"@graph\":[{\"@type\":\"WebPage\",\"@id\":\"https:\/\/talkpal.ai\/pl\/cwiczenia-gramatyczne-z-jezyka-litewskiego\/\",\"url\":\"https:\/\/talkpal.ai\/pl\/cwiczenia-gramatyczne-z-jezyka-litewskiego\/\",\"name\":\"\u0106wiczenia gramatyczne z j\u0119zyka litewskiego - Talkpal\",\"isPartOf\":{\"@id\":\"https:\/\/talkpal.ai\/pl\/#website\"},\"primaryImageOfPage\":{\"@id\":\"https:\/\/talkpal.ai\/pl\/cwiczenia-gramatyczne-z-jezyka-litewskiego\/#primaryimage\"},\"image\":{\"@id\":\"https:\/\/talkpal.ai\/pl\/cwiczenia-gramatyczne-z-jezyka-litewskiego\/#primaryimage\"},\"thumbnailUrl\":\"https:\/\/talkpal.ai\/wp-content\/uploads\/2023\/05\/Lithuanian.png\",\"datePublished\":\"2023-06-22T08:12:52+00:00\",\"dateModified\":\"2025-12-17T15:53:12+00:00\",\"description\":\"Opanuj zawi\u0142o\u015bci j\u0119zyka dzi\u0119ki wci\u0105gaj\u0105cym \u0107wiczeniom gramatycznym z j\u0119zyka litewskiego, kt\u00f3re zwi\u0119ksz\u0105 Twoj\u0105 bieg\u0142o\u015b\u0107.\",\"breadcrumb\":{\"@id\":\"https:\/\/talkpal.ai\/pl\/cwiczenia-gramatyczne-z-jezyka-litewskiego\/#breadcrumb\"},\"inLanguage\":\"pl-PL\",\"potentialAction\":[{\"@type\":\"ReadAction\",\"target\":[\"https:\/\/talkpal.ai\/pl\/cwiczenia-gramatyczne-z-jezyka-litewskiego\/\"]}]},{\"@type\":\"ImageObject\",\"inLanguage\":\"pl-PL\",\"@id\":\"https:\/\/talkpal.ai\/pl\/cwiczenia-gramatyczne-z-jezyka-litewskiego\/#primaryimage\",\"url\":\"https:\/\/talkpal.ai\/wp-content\/uploads\/2023\/05\/Lithuanian.png\",\"contentUrl\":\"https:\/\/talkpal.ai\/wp-content\/uploads\/2023\/05\/Lithuanian.png\",\"width\":512,\"height\":512},{\"@type\":\"BreadcrumbList\",\"@id\":\"https:\/\/talkpal.ai\/pl\/cwiczenia-gramatyczne-z-jezyka-litewskiego\/#breadcrumb\",\"itemListElement\":[{\"@type\":\"ListItem\",\"position\":1,\"name\":\"Homepage\",\"item\":\"https:\/\/talkpal.ai\/pl\/\"},{\"@type\":\"ListItem\",\"position\":2,\"name\":\"\u0106wiczenia gramatyczne z j\u0119zyka litewskiego\"}]},{\"@type\":\"WebSite\",\"@id\":\"https:\/\/talkpal.ai\/pl\/#website\",\"url\":\"https:\/\/talkpal.ai\/pl\/\",\"name\":\"Talkpal\",\"description\":\"AI Language Learning\",\"publisher\":{\"@id\":\"https:\/\/talkpal.ai\/pl\/#organization\"},\"alternateName\":\"Talkpal AI\",\"potentialAction\":[{\"@type\":\"SearchAction\",\"target\":{\"@type\":\"EntryPoint\",\"urlTemplate\":\"https:\/\/talkpal.ai\/pl\/?s={search_term_string}\"},\"query-input\":{\"@type\":\"PropertyValueSpecification\",\"valueRequired\":true,\"valueName\":\"search_term_string\"}}],\"inLanguage\":\"pl-PL\"},{\"@type\":\"Organization\",\"@id\":\"https:\/\/talkpal.ai\/pl\/#organization\",\"name\":\"Talkpal, Inc.\",\"alternateName\":\"Talkpal AI\",\"url\":\"https:\/\/talkpal.ai\/pl\/\",\"logo\":{\"@type\":\"ImageObject\",\"inLanguage\":\"pl-PL\",\"@id\":\"https:\/\/talkpal.ai\/pl\/#\/schema\/logo\/image\/\",\"url\":\"https:\/\/talkpal.ai\/wp-content\/uploads\/2024\/03\/Talkpal-Logo-Icon.png\",\"contentUrl\":\"https:\/\/talkpal.ai\/wp-content\/uploads\/2024\/03\/Talkpal-Logo-Icon.png\",\"width\":2880,\"height\":2880,\"caption\":\"Talkpal, Inc.\"},\"image\":{\"@id\":\"https:\/\/talkpal.ai\/pl\/#\/schema\/logo\/image\/\"},\"sameAs\":[\"https:\/\/www.facebook.com\/profile.php?id=100090733639311\",\"https:\/\/x.com\/talkpalai\",\"https:\/\/www.linkedin.com\/company\/talkpal\/\",\"https:\/\/www.youtube.com\/@TalkPal\/\",\"https:\/\/www.tiktok.com\/@talkpal\",\"https:\/\/www.instagram.com\/talkpal_ai\/\",\"https:\/\/www.crunchbase.com\/organization\/talkpal-9cde\",\"https:\/\/www.g2.com\/products\/talkpal-for-business\/\",\"https:\/\/www.trustpilot.com\/review\/talkpal.ai\",\"https:\/\/www.capterra.com\/p\/10006800\/TalkPal\/\"],\"description\":\"Talkpal is a language learning web and mobile education app, powered by the latest AI technologies, that provides engaging experiences to its customers in many different languages to help them improve their language skills. Users can chat about unlimited amount of topics with the app and use other modes to practice their language learning.\",\"email\":\"support@talkpal.ai\",\"legalName\":\"Talkpal, Inc.\",\"foundingDate\":\"2023-04-03\",\"duns\":\"118989042\",\"numberOfEmployees\":{\"@type\":\"QuantitativeValue\",\"minValue\":\"11\",\"maxValue\":\"50\"},\"publishingPrinciples\":\"https:\/\/talkpal.ai\/publishing-principles\/\",\"actionableFeedbackPolicy\":\"https:\/\/talkpal.ai\/actionable-feedback-policy\/\",\"correctionsPolicy\":\"https:\/\/talkpal.ai\/corrections-policy\/\",\"ethicsPolicy\":\"https:\/\/talkpal.ai\/ethics-policy\/\",\"diversityPolicy\":\"https:\/\/talkpal.ai\/diversity-policy\/\",\"diversityStaffingReport\":\"https:\/\/talkpal.ai\/diversity-policy\/\"}]}<\/script>\n<!-- \/ Yoast SEO Premium plugin. -->","yoast_head_json":{"title":"\u0106wiczenia gramatyczne z j\u0119zyka litewskiego - Talkpal","description":"Opanuj zawi\u0142o\u015bci j\u0119zyka dzi\u0119ki wci\u0105gaj\u0105cym \u0107wiczeniom gramatycznym z j\u0119zyka litewskiego, kt\u00f3re zwi\u0119ksz\u0105 Twoj\u0105 bieg\u0142o\u015b\u0107.","robots":{"index":"index","follow":"follow","max-snippet":"max-snippet:-1","max-image-preview":"max-image-preview:large","max-video-preview":"max-video-preview:-1"},"canonical":"https:\/\/talkpal.ai\/pl\/cwiczenia-gramatyczne-z-jezyka-litewskiego\/","og_locale":"pl_PL","og_type":"article","og_title":"\u0106wiczenia gramatyczne z j\u0119zyka litewskiego","og_description":"Zagadnienia gramatyczne j\u0119zyka litewskiego Nauka j\u0119zyka litewskiego jest nie tylko wyj\u0105tkowym i satysfakcjonuj\u0105cym do\u015bwiadczeniem, ale tak\u017ce otwiera","og_url":"https:\/\/talkpal.ai\/pl\/cwiczenia-gramatyczne-z-jezyka-litewskiego\/","og_site_name":"Talkpal","article_publisher":"https:\/\/www.facebook.com\/profile.php?id=100090733639311","article_modified_time":"2025-12-17T15:53:12+00:00","og_image":[{"width":512,"height":512,"url":"https:\/\/talkpal.ai\/wp-content\/uploads\/2023\/05\/Lithuanian.png","type":"image\/png"}],"twitter_card":"summary_large_image","twitter_site":"@talkpalai","twitter_misc":{"Szacowany czas czytania":"3 minuty"},"schema":{"@context":"https:\/\/schema.org","@graph":[{"@type":"WebPage","@id":"https:\/\/talkpal.ai\/pl\/cwiczenia-gramatyczne-z-jezyka-litewskiego\/","url":"https:\/\/talkpal.ai\/pl\/cwiczenia-gramatyczne-z-jezyka-litewskiego\/","name":"\u0106wiczenia gramatyczne z j\u0119zyka litewskiego - Talkpal","isPartOf":{"@id":"https:\/\/talkpal.ai\/pl\/#website"},"primaryImageOfPage":{"@id":"https:\/\/talkpal.ai\/pl\/cwiczenia-gramatyczne-z-jezyka-litewskiego\/#primaryimage"},"image":{"@id":"https:\/\/talkpal.ai\/pl\/cwiczenia-gramatyczne-z-jezyka-litewskiego\/#primaryimage"},"thumbnailUrl":"https:\/\/talkpal.ai\/wp-content\/uploads\/2023\/05\/Lithuanian.png","datePublished":"2023-06-22T08:12:52+00:00","dateModified":"2025-12-17T15:53:12+00:00","description":"Opanuj zawi\u0142o\u015bci j\u0119zyka dzi\u0119ki wci\u0105gaj\u0105cym \u0107wiczeniom gramatycznym z j\u0119zyka litewskiego, kt\u00f3re zwi\u0119ksz\u0105 Twoj\u0105 bieg\u0142o\u015b\u0107.","breadcrumb":{"@id":"https:\/\/talkpal.ai\/pl\/cwiczenia-gramatyczne-z-jezyka-litewskiego\/#breadcrumb"},"inLanguage":"pl-PL","potentialAction":[{"@type":"ReadAction","target":["https:\/\/talkpal.ai\/pl\/cwiczenia-gramatyczne-z-jezyka-litewskiego\/"]}]},{"@type":"ImageObject","inLanguage":"pl-PL","@id":"https:\/\/talkpal.ai\/pl\/cwiczenia-gramatyczne-z-jezyka-litewskiego\/#primaryimage","url":"https:\/\/talkpal.ai\/wp-content\/uploads\/2023\/05\/Lithuanian.png","contentUrl":"https:\/\/talkpal.ai\/wp-content\/uploads\/2023\/05\/Lithuanian.png","width":512,"height":512},{"@type":"BreadcrumbList","@id":"https:\/\/talkpal.ai\/pl\/cwiczenia-gramatyczne-z-jezyka-litewskiego\/#breadcrumb","itemListElement":[{"@type":"ListItem","position":1,"name":"Homepage","item":"https:\/\/talkpal.ai\/pl\/"},{"@type":"ListItem","position":2,"name":"\u0106wiczenia gramatyczne z j\u0119zyka litewskiego"}]},{"@type":"WebSite","@id":"https:\/\/talkpal.ai\/pl\/#website","url":"https:\/\/talkpal.ai\/pl\/","name":"Talkpal","description":"AI Language Learning","publisher":{"@id":"https:\/\/talkpal.ai\/pl\/#organization"},"alternateName":"Talkpal AI","potentialAction":[{"@type":"SearchAction","target":{"@type":"EntryPoint","urlTemplate":"https:\/\/talkpal.ai\/pl\/?s={search_term_string}"},"query-input":{"@type":"PropertyValueSpecification","valueRequired":true,"valueName":"search_term_string"}}],"inLanguage":"pl-PL"},{"@type":"Organization","@id":"https:\/\/talkpal.ai\/pl\/#organization","name":"Talkpal, Inc.","alternateName":"Talkpal AI","url":"https:\/\/talkpal.ai\/pl\/","logo":{"@type":"ImageObject","inLanguage":"pl-PL","@id":"https:\/\/talkpal.ai\/pl\/#\/schema\/logo\/image\/","url":"https:\/\/talkpal.ai\/wp-content\/uploads\/2024\/03\/Talkpal-Logo-Icon.png","contentUrl":"https:\/\/talkpal.ai\/wp-content\/uploads\/2024\/03\/Talkpal-Logo-Icon.png","width":2880,"height":2880,"caption":"Talkpal, Inc."},"image":{"@id":"https:\/\/talkpal.ai\/pl\/#\/schema\/logo\/image\/"},"sameAs":["https:\/\/www.facebook.com\/profile.php?id=100090733639311","https:\/\/x.com\/talkpalai","https:\/\/www.linkedin.com\/company\/talkpal\/","https:\/\/www.youtube.com\/@TalkPal\/","https:\/\/www.tiktok.com\/@talkpal","https:\/\/www.instagram.com\/talkpal_ai\/","https:\/\/www.crunchbase.com\/organization\/talkpal-9cde","https:\/\/www.g2.com\/products\/talkpal-for-business\/","https:\/\/www.trustpilot.com\/review\/talkpal.ai","https:\/\/www.capterra.com\/p\/10006800\/TalkPal\/"],"description":"Talkpal is a language learning web and mobile education app, powered by the latest AI technologies, that provides engaging experiences to its customers in many different languages to help them improve their language skills. Users can chat about unlimited amount of topics with the app and use other modes to practice their language learning.","email":"support@talkpal.ai","legalName":"Talkpal, Inc.","foundingDate":"2023-04-03","duns":"118989042","numberOfEmployees":{"@type":"QuantitativeValue","minValue":"11","maxValue":"50"},"publishingPrinciples":"https:\/\/talkpal.ai\/publishing-principles\/","actionableFeedbackPolicy":"https:\/\/talkpal.ai\/actionable-feedback-policy\/","correctionsPolicy":"https:\/\/talkpal.ai\/corrections-policy\/","ethicsPolicy":"https:\/\/talkpal.ai\/ethics-policy\/","diversityPolicy":"https:\/\/talkpal.ai\/diversity-policy\/","diversityStaffingReport":"https:\/\/talkpal.ai\/diversity-policy\/"}]}},"_links":{"self":[{"href":"https:\/\/talkpal.ai\/pl\/wp-json\/wp\/v2\/pages\/160296","targetHints":{"allow":["GET"]}}],"collection":[{"href":"https:\/\/talkpal.ai\/pl\/wp-json\/wp\/v2\/pages"}],"about":[{"href":"https:\/\/talkpal.ai\/pl\/wp-json\/wp\/v2\/types\/page"}],"author":[{"embeddable":true,"href":"https:\/\/talkpal.ai\/pl\/wp-json\/wp\/v2\/users\/6"}],"replies":[{"embeddable":true,"href":"https:\/\/talkpal.ai\/pl\/wp-json\/wp\/v2\/comments?post=160296"}],"version-history":[{"count":0,"href":"https:\/\/talkpal.ai\/pl\/wp-json\/wp\/v2\/pages\/160296\/revisions"}],"wp:featuredmedia":[{"embeddable":true,"href":"https:\/\/talkpal.ai\/pl\/wp-json\/wp\/v2\/media\/114830"}],"wp:attachment":[{"href":"https:\/\/talkpal.ai\/pl\/wp-json\/wp\/v2\/media?parent=160296"}],"curies":[{"name":"wp","href":"https:\/\/api.w.org\/{rel}","templated":true}]}}