{"id":159991,"date":"2023-06-22T08:24:14","date_gmt":"2023-06-22T08:24:14","guid":{"rendered":"http:\/\/talkpal.ai\/cwiczenia-gramatyczne-z-jezyka-macedonskiego\/"},"modified":"2025-12-17T16:01:32","modified_gmt":"2025-12-17T16:01:32","slug":"cwiczenia-gramatyczne-z-jezyka-macedonskiego","status":"publish","type":"page","link":"https:\/\/talkpal.ai\/pl\/cwiczenia-gramatyczne-z-jezyka-macedonskiego\/","title":{"rendered":"\u0106wiczenia gramatyczne z j\u0119zyka macedo\u0144skiego"},"content":{"rendered":"\r\n\r\n\r\n<section class=\"languageChallengeSection\">\r\n    <div class=\"languageInfoWrapper\">\r\n        \r\n        <h1>\u0106wiczenia gramatyczne z j\u0119zyka macedo\u0144skiego<\/h1>\r\n        <p>Chcesz zbudowa\u0107 pewno\u015b\u0107 siebie w j\u0119zyku macedo\u0144skim? \u0106wiczenie gramatyki to \u015bwietny spos\u00f3b na zrozumienie struktury zda\u0144, form czasownik\u00f3w i unikalnych cech j\u0119zyka macedo\u0144skiego. Zacznij odkrywa\u0107 gramatyk\u0119 macedo\u0144sk\u0105 ju\u017c dzi\u015b i zobacz, jak twoje umiej\u0119tno\u015bci i p\u0142ynno\u015b\u0107 rosn\u0105 z ka\u017cdym \u0107wiczeniem!<\/p>\r\n\r\n                            <a class=\"getStartedHidden\" href=\"https:\/\/app.talkpal.ai\/pl\/signup?lng=\">Zaczynaj<\/a>\r\n        \r\n    <\/div>\r\n\r\n    <figure>\r\n    <img decoding=\"async\" width=\"768\" height=\"768\" src=\"https:\/\/talkpal.ai\/wp-content\/uploads\/2023\/06\/macedonian-768x768.png\" class=\"languageImage no-lazy\" alt=\"Language learning through conversational practice\" fetchpriority=\"high\" sizes=\"(max-width: 768px) 150px, 768px\" srcset=\"https:\/\/talkpal.ai\/wp-content\/uploads\/2023\/06\/macedonian-768x768.png 768w, https:\/\/talkpal.ai\/wp-content\/uploads\/2023\/06\/macedonian-300x300.png 300w\" \/>\r\n    \r\n\r\n    <\/figure>\r\n\r\n            <a class=\"getStartedVisible\" href=\"https:\/\/app.talkpal.ai\/pl\/signup?lng=\">Zaczynaj<\/a>\r\n    \r\n<\/section>\r\n\r\n\r\n<!-- <section class=\"grammarSection\">\r\n    <div class=\"grammarLinks\">\r\n            <\/div>\r\n<\/section> -->\r\n\r\n\r\n\r\n\r\n<section class=\"promotionalBanner\">\r\n    <p class=\"promotionalText\">Najbardziej efektywny spos\u00f3b nauki j\u0119zyka<\/p>\r\n    <a class=\"promotionalLink\" href=\"https:\/\/app.talkpal.ai\/pl\/signup?lng=\">Wypr\u00f3buj Talkpal za darmo<\/a>\r\n<\/section>\n<div class=\"wp-block-group pageContainerStyle\"><div class=\"wp-block-group__inner-container is-layout-constrained wp-block-group-is-layout-constrained\">\n<h2 class=\"wp-block-heading\" id=\"h-macedonian-grammar-topics\">Zagadnienia gramatyczne j\u0119zyka macedo\u0144skiego<\/h2>\n\n\n\n<header id=\"main-header\" data-height-onload=\"80\" data-height-loaded=\"true\" data-fixed-height-onload=\"80\">\n<p><a href=\"https:\/\/talkpal.ai\/learn-macedonian\/\">Macedo\u0144ski<\/a>, j\u0119zyk po\u0142udniowos\u0142owia\u0144ski, jest j\u0119zykiem urz\u0119dowym Macedonii P\u00f3\u0142nocnej. Pos\u0142uguje si\u0119 nim ponad dwa miliony ludzi na ca\u0142ym <a href=\"https:\/\/talkpal.ai\/locations\/language-courses-in-swiecie\/\">\u015bwiecie<\/a> i oferuje wyj\u0105tkowe wra\u017cenia j\u0119zykowe ze wzgl\u0119du na specyficzne zasady gramatyczne i bogate s\u0142ownictwo. Ten przewodnik zawiera przegl\u0105d podstawowych zagadnie\u0144 gramatycznych j\u0119zyka macedo\u0144skiego, uporz\u0105dkowanych w kolejno\u015bci, kt\u00f3ra u\u0142atwi Ci proces uczenia si\u0119. Od czas\u00f3w po struktury zda\u0144, om\u00f3wimy wszystkie niezb\u0119dne informacje, kt\u00f3re pomog\u0105 Ci rozpocz\u0105\u0107 podr\u00f3\u017c do opanowania j\u0119zyka macedo\u0144skiego.<\/p>\n<h3>1. Rzeczowniki:<\/h3>\n<p>Podobnie jak inne j\u0119zyki s\u0142owia\u0144skie, rzeczowniki macedo\u0144skie maj\u0105 trzy rodzaje (m\u0119ski, \u017ce\u0144ski i nijaki) i odmieniaj\u0105 si\u0119 przez przypadek i liczb\u0119. Nauka rodzaju i poprawnej fleksji ma kluczowe znaczenie dla tworzenia poprawnych gramatycznie zda\u0144.<\/p>\n<h3>2. Artyku\u0142y:<\/h3>\n<p>J\u0119zyk <a href=\"https:\/\/talkpal.ai\/learn-macedonian\/\">macedo\u0144ski<\/a> ma tylko jeden rodzajnik okre\u015blony, kt\u00f3ry r\u00f3\u017cni si\u0119 w zale\u017cno\u015bci od rodzaju i przypadku. W j\u0119zyku macedo\u0144skim nie ma przedimk\u00f3w nieokre\u015blonych, ale liczebnik &#8222;jeden&#8221; mo\u017ce by\u0107 u\u017cywany podobnie.<\/p>\n<h3>3. Przymiotniki:<\/h3>\n<p>Przymiotniki w j\u0119zyku macedo\u0144skim zgadzaj\u0105 si\u0119 z rzeczownikami, kt\u00f3re modyfikuj\u0105 pod wzgl\u0119dem rodzaju, liczby i przypadku. Maj\u0105 zar\u00f3wno d\u0142ugie, jak i kr\u00f3tkie formy, kt\u00f3re s\u0105 u\u017cywane w r\u00f3\u017cnych kontekstach.<\/p>\n<h3>4. Zaimki\/okre\u015blniki:<\/h3>\n<p>Macedo\u0144ski ma wiele zaimk\u00f3w i okre\u015blnik\u00f3w, kt\u00f3re s\u0105 niezb\u0119dne w tworzeniu zda\u0144. Zast\u0119puj\u0105 lub modyfikuj\u0105 rzeczowniki i zgadzaj\u0105 si\u0119 z nimi pod wzgl\u0119dem rodzaju, liczby i przypadku.<\/p>\n<h3>5. Czasowniki:<\/h3>\n<p>Czasowniki maj\u0105 kluczowe znaczenie dla gramatyki macedo\u0144skiej. Sprz\u0119\u017caj\u0105 si\u0119 z osob\u0105 i liczb\u0105 i maj\u0105 r\u00f3\u017cne czasy, aspekty i nastroje.<\/p>\n<h3>6. Czasy:<\/h3>\n<p>Macedo\u0144ski ma trzy podstawowe czasy \u2013 przesz\u0142y, tera\u017aniejszy i przysz\u0142y. S\u0105 one tworzone przy u\u017cyciu r\u00f3\u017cnych koniugacji czasownik\u00f3w i czasownik\u00f3w posi\u0142kowych. Istotne jest, aby zrozumie\u0107 powstawanie i u\u017cycie ka\u017cdego czasu, aby dok\u0142adnie wyrazi\u0107 dzia\u0142ania i wydarzenia.<\/p>\n<h3>7. Por\u00f3wnanie czasu:<\/h3>\n<p>Por\u00f3wnywanie dzia\u0142a\u0144 i wydarze\u0144 w r\u00f3\u017cnych czasach jest niezb\u0119dne do przekazania znaczenia. W j\u0119zyku macedo\u0144skim por\u00f3wnanie to osi\u0105ga si\u0119 za pomoc\u0105 okre\u015blonych form czasownik\u00f3w i czasownik\u00f3w posi\u0142kowych.<\/p>\n<h3>8. Progresywny:<\/h3>\n<p>Aspekt progresywny w j\u0119zyku macedo\u0144skim jest u\u017cywany do wskazania trwaj\u0105cych dzia\u0142a\u0144. Jest on tworzony przy u\u017cyciu czasu tera\u017aniejszego czasownika &#8222;by\u0107&#8221; i imies\u0142owu czynnego tera\u017aniejszego czasownika g\u0142\u00f3wnego.<\/p>\n<h3>9. Idealny progresywny:<\/h3>\n<p>Ten aspekt \u0142\u0105czy w sobie aspekty progresywne i doskona\u0142e, aby opisa\u0107 dzia\u0142ania, kt\u00f3re mia\u0142y miejsce w przesz\u0142o\u015bci i maj\u0105 zwi\u0105zek z tera\u017aniejszo\u015bci\u0105. Jest on tworzony przy u\u017cyciu czasu tera\u017aniejszego czasownika &#8222;by\u0107&#8221; i imies\u0142owu biernego czasownika g\u0142\u00f3wnego.<\/p>\n<h3>10. Przys\u0142\u00f3wki:<\/h3>\n<p>Przys\u0142\u00f3wki w j\u0119zyku macedo\u0144skim s\u0142u\u017c\u0105 do modyfikowania czasownik\u00f3w, przymiotnik\u00f3w lub innych przys\u0142\u00f3wk\u00f3w. Zazwyczaj nie zmieniaj\u0105 one swojej formy i mo\u017cna je \u0142atwo rozpozna\u0107 po typowych zako\u0144czeniach.<\/p>\n<h3>11. Wyra\u017cenia warunkowe:<\/h3>\n<p>Macedo\u0144ski ma trzy rodzaje warunk\u00f3w warunkowych \u2013 rzeczywisty, nierzeczywisty i potencjalny. S\u0142u\u017c\u0105 do wyra\u017cania hipotetycznych sytuacji i ich konsekwencji.<\/p>\n<h3>12. Przyimki:<\/h3>\n<p>Przyimki w j\u0119zyku macedo\u0144skim s\u0105 niezb\u0119dne do tworzenia zwrot\u00f3w i zda\u0144. Wskazuj\u0105 r\u00f3\u017cne relacje mi\u0119dzy s\u0142owami, takie jak lokalizacja, kierunek, czas lub przyczyna.<\/p>\n<h3>13. Zdania:<\/h3>\n<p>Zrozumienie struktury zda\u0144 macedo\u0144skich jest kluczowe dla skutecznej komunikacji. Zdania macedo\u0144skie zazwyczaj maj\u0105 szyk zdania podmiot-orzeczenie-dope\u0142nienie (SVO), ale mog\u0105 wyst\u0105pi\u0107 r\u00f3\u017cnice w zale\u017cno\u015bci od akcentu i kontekstu.<\/p>\n<\/header>\n\n\n\n<footer> <\/footer>\n<\/div><\/div>\n\r\n<section class=\"learnNavigationSection\">\r\n            \r\n        <a href=\"https:\/\/talkpal.ai\/pl\/naucz-sie-macedonskiego\/\">\r\n            <div class=\"learnNavigationWrapper\">\r\n                <div class=\"learnNavigationContent\">\r\n                    <img decoding=\"async\" src=\"https:\/\/talkpal.ai\/wp-content\/uploads\/2024\/08\/Macedonian.jpg\" alt=\"Macedonian Flag\">\r\n                    <div>\r\n                        <h4>O nauce j\u0119zyka macedo\u0144skiego<\/h4>\r\n                        <p>Dowiedz si\u0119 wszystkiego o gramatyce macedo\u0144skiej .<\/p>\r\n                    <\/div>\r\n                <\/div>\r\n            <\/div>\r\n        <\/a>\r\n\r\n        \r\n        <a href=\"https:\/\/talkpal.ai\/pl\/gramatyka-macedonska\/\">\r\n            <div class=\"learnNavigationWrapper\">\r\n                <div class=\"learnNavigationContent\">\r\n                    <img decoding=\"async\" src=\"https:\/\/talkpal.ai\/wp-content\/uploads\/2024\/08\/Macedonian.jpg\" alt=\"Macedonian Flag\">\r\n                    <div>\r\n                        <h4>Lekcje gramatyki macedo\u0144skiej<\/h4>\r\n                        <p>\u0106wicz gramatyk\u0119 macedo\u0144sk\u0105 .<\/p>\r\n                    <\/div>\r\n                <\/div>\r\n            <\/div>\r\n        <\/a>\r\n\r\n        \r\n        <a href=\"https:\/\/talkpal.ai\/vocabulary_language\/macedonian\/\">\r\n            <div class=\"learnNavigationWrapper\">\r\n                <div class=\"learnNavigationContent\">\r\n                    <img decoding=\"async\" src=\"https:\/\/talkpal.ai\/wp-content\/uploads\/2024\/08\/Macedonian.jpg\" alt=\"Macedonian Flag\">\r\n                    <div>\r\n                        <h4>S\u0142ownictwo macedo\u0144skie<\/h4>\r\n                        <p>Poszerz swoje macedo\u0144skie s\u0142ownictwo.<\/p>\r\n                    <\/div>\r\n                <\/div>\r\n            <\/div>\r\n        <\/a>\r\n\r\n            <\/section>","protected":false},"excerpt":{"rendered":"<p>Zagadnienia gramatyczne j\u0119zyka macedo\u0144skiego Macedo\u0144ski, j\u0119zyk po\u0142udniowos\u0142owia\u0144ski, jest j\u0119zykiem urz\u0119dowym Macedonii P\u00f3\u0142nocnej. Pos\u0142uguje si\u0119 nim ponad dwa miliony ludzi na ca\u0142ym \u015bwiecie i oferuje wyj\u0105tkowe wra\u017cenia j\u0119zykowe ze wzgl\u0119du na specyficzne zasady gramatyczne i bogate s\u0142ownictwo. Ten przewodnik zawiera przegl\u0105d podstawowych zagadnie\u0144 gramatycznych j\u0119zyka macedo\u0144skiego, uporz\u0105dkowanych w kolejno\u015bci, kt\u00f3ra u\u0142atwi Ci proces uczenia si\u0119. Od [&hellip;]<\/p>\n","protected":false},"author":6,"featured_media":115336,"parent":0,"menu_order":0,"comment_status":"closed","ping_status":"closed","template":"LearningContentPage.php","meta":{"_acf_changed":false,"footnotes":""},"class_list":["post-159991","page","type-page","status-publish","has-post-thumbnail","hentry"],"acf":[],"yoast_head":"<!-- This site is optimized with the Yoast SEO Premium plugin v27.2 (Yoast SEO v27.2) - https:\/\/yoast.com\/product\/yoast-seo-premium-wordpress\/ -->\n<title>\u0106wiczenia gramatyczne z j\u0119zyka macedo\u0144skiego - Talkpal<\/title>\n<meta name=\"description\" content=\"Opanuj gramatyk\u0119 macedo\u0144sk\u0105 dzi\u0119ki interaktywnym \u0107wiczeniom gramatycznym z j\u0119zyka macedo\u0144skiego od TalkpalTwojego samouczka j\u0119zykowego opartego na sztucznej inteligencji.\" \/>\n<meta name=\"robots\" content=\"index, follow, max-snippet:-1, max-image-preview:large, max-video-preview:-1\" \/>\n<link rel=\"canonical\" href=\"https:\/\/talkpal.ai\/pl\/cwiczenia-gramatyczne-z-jezyka-macedonskiego\/\" \/>\n<meta property=\"og:locale\" content=\"pl_PL\" \/>\n<meta property=\"og:type\" content=\"article\" \/>\n<meta property=\"og:title\" content=\"\u0106wiczenia gramatyczne z j\u0119zyka macedo\u0144skiego\" \/>\n<meta property=\"og:description\" content=\"Zagadnienia gramatyczne j\u0119zyka macedo\u0144skiego Macedo\u0144ski, j\u0119zyk po\u0142udniowos\u0142owia\u0144ski, jest j\u0119zykiem urz\u0119dowym Macedonii P\u00f3\u0142nocnej. Pos\u0142uguje si\u0119 nim ponad\" \/>\n<meta property=\"og:url\" content=\"https:\/\/talkpal.ai\/pl\/cwiczenia-gramatyczne-z-jezyka-macedonskiego\/\" \/>\n<meta property=\"og:site_name\" content=\"Talkpal\" \/>\n<meta property=\"article:publisher\" content=\"https:\/\/www.facebook.com\/profile.php?id=100090733639311\" \/>\n<meta property=\"article:modified_time\" content=\"2025-12-17T16:01:32+00:00\" \/>\n<meta property=\"og:image\" content=\"https:\/\/talkpal.ai\/wp-content\/uploads\/2023\/05\/republic-of-macedonia.png\" \/>\n\t<meta property=\"og:image:width\" content=\"512\" \/>\n\t<meta property=\"og:image:height\" content=\"512\" \/>\n\t<meta property=\"og:image:type\" content=\"image\/png\" \/>\n<meta name=\"twitter:card\" content=\"summary_large_image\" \/>\n<meta name=\"twitter:site\" content=\"@talkpalai\" \/>\n<meta name=\"twitter:label1\" content=\"Szacowany czas czytania\" \/>\n\t<meta name=\"twitter:data1\" content=\"3 minuty\" \/>\n<script type=\"application\/ld+json\" class=\"yoast-schema-graph\">{\"@context\":\"https:\/\/schema.org\",\"@graph\":[{\"@type\":\"WebPage\",\"@id\":\"https:\/\/talkpal.ai\/pl\/cwiczenia-gramatyczne-z-jezyka-macedonskiego\/\",\"url\":\"https:\/\/talkpal.ai\/pl\/cwiczenia-gramatyczne-z-jezyka-macedonskiego\/\",\"name\":\"\u0106wiczenia gramatyczne z j\u0119zyka macedo\u0144skiego - Talkpal\",\"isPartOf\":{\"@id\":\"https:\/\/talkpal.ai\/pl\/#website\"},\"primaryImageOfPage\":{\"@id\":\"https:\/\/talkpal.ai\/pl\/cwiczenia-gramatyczne-z-jezyka-macedonskiego\/#primaryimage\"},\"image\":{\"@id\":\"https:\/\/talkpal.ai\/pl\/cwiczenia-gramatyczne-z-jezyka-macedonskiego\/#primaryimage\"},\"thumbnailUrl\":\"https:\/\/talkpal.ai\/wp-content\/uploads\/2023\/05\/republic-of-macedonia.png\",\"datePublished\":\"2023-06-22T08:24:14+00:00\",\"dateModified\":\"2025-12-17T16:01:32+00:00\",\"description\":\"Opanuj gramatyk\u0119 macedo\u0144sk\u0105 dzi\u0119ki interaktywnym \u0107wiczeniom gramatycznym z j\u0119zyka macedo\u0144skiego od TalkpalTwojego samouczka j\u0119zykowego opartego na sztucznej inteligencji.\",\"breadcrumb\":{\"@id\":\"https:\/\/talkpal.ai\/pl\/cwiczenia-gramatyczne-z-jezyka-macedonskiego\/#breadcrumb\"},\"inLanguage\":\"pl-PL\",\"potentialAction\":[{\"@type\":\"ReadAction\",\"target\":[\"https:\/\/talkpal.ai\/pl\/cwiczenia-gramatyczne-z-jezyka-macedonskiego\/\"]}]},{\"@type\":\"ImageObject\",\"inLanguage\":\"pl-PL\",\"@id\":\"https:\/\/talkpal.ai\/pl\/cwiczenia-gramatyczne-z-jezyka-macedonskiego\/#primaryimage\",\"url\":\"https:\/\/talkpal.ai\/wp-content\/uploads\/2023\/05\/republic-of-macedonia.png\",\"contentUrl\":\"https:\/\/talkpal.ai\/wp-content\/uploads\/2023\/05\/republic-of-macedonia.png\",\"width\":512,\"height\":512},{\"@type\":\"BreadcrumbList\",\"@id\":\"https:\/\/talkpal.ai\/pl\/cwiczenia-gramatyczne-z-jezyka-macedonskiego\/#breadcrumb\",\"itemListElement\":[{\"@type\":\"ListItem\",\"position\":1,\"name\":\"Homepage\",\"item\":\"https:\/\/talkpal.ai\/pl\/\"},{\"@type\":\"ListItem\",\"position\":2,\"name\":\"\u0106wiczenia gramatyczne z j\u0119zyka macedo\u0144skiego\"}]},{\"@type\":\"WebSite\",\"@id\":\"https:\/\/talkpal.ai\/pl\/#website\",\"url\":\"https:\/\/talkpal.ai\/pl\/\",\"name\":\"Talkpal\",\"description\":\"AI Language Learning\",\"publisher\":{\"@id\":\"https:\/\/talkpal.ai\/pl\/#organization\"},\"alternateName\":\"Talkpal AI\",\"potentialAction\":[{\"@type\":\"SearchAction\",\"target\":{\"@type\":\"EntryPoint\",\"urlTemplate\":\"https:\/\/talkpal.ai\/pl\/?s={search_term_string}\"},\"query-input\":{\"@type\":\"PropertyValueSpecification\",\"valueRequired\":true,\"valueName\":\"search_term_string\"}}],\"inLanguage\":\"pl-PL\"},{\"@type\":\"Organization\",\"@id\":\"https:\/\/talkpal.ai\/pl\/#organization\",\"name\":\"Talkpal, Inc.\",\"alternateName\":\"Talkpal AI\",\"url\":\"https:\/\/talkpal.ai\/pl\/\",\"logo\":{\"@type\":\"ImageObject\",\"inLanguage\":\"pl-PL\",\"@id\":\"https:\/\/talkpal.ai\/pl\/#\/schema\/logo\/image\/\",\"url\":\"https:\/\/talkpal.ai\/wp-content\/uploads\/2024\/03\/Talkpal-Logo-Icon.png\",\"contentUrl\":\"https:\/\/talkpal.ai\/wp-content\/uploads\/2024\/03\/Talkpal-Logo-Icon.png\",\"width\":2880,\"height\":2880,\"caption\":\"Talkpal, Inc.\"},\"image\":{\"@id\":\"https:\/\/talkpal.ai\/pl\/#\/schema\/logo\/image\/\"},\"sameAs\":[\"https:\/\/www.facebook.com\/profile.php?id=100090733639311\",\"https:\/\/x.com\/talkpalai\",\"https:\/\/www.linkedin.com\/company\/talkpal\/\",\"https:\/\/www.youtube.com\/@TalkPal\/\",\"https:\/\/www.tiktok.com\/@talkpal\",\"https:\/\/www.instagram.com\/talkpal_ai\/\",\"https:\/\/www.crunchbase.com\/organization\/talkpal-9cde\",\"https:\/\/www.g2.com\/products\/talkpal-for-business\/\",\"https:\/\/www.trustpilot.com\/review\/talkpal.ai\",\"https:\/\/www.capterra.com\/p\/10006800\/TalkPal\/\"],\"description\":\"Talkpal is a language learning web and mobile education app, powered by the latest AI technologies, that provides engaging experiences to its customers in many different languages to help them improve their language skills. Users can chat about unlimited amount of topics with the app and use other modes to practice their language learning.\",\"email\":\"support@talkpal.ai\",\"legalName\":\"Talkpal, Inc.\",\"foundingDate\":\"2023-04-03\",\"duns\":\"118989042\",\"numberOfEmployees\":{\"@type\":\"QuantitativeValue\",\"minValue\":\"11\",\"maxValue\":\"50\"},\"publishingPrinciples\":\"https:\/\/talkpal.ai\/publishing-principles\/\",\"actionableFeedbackPolicy\":\"https:\/\/talkpal.ai\/actionable-feedback-policy\/\",\"correctionsPolicy\":\"https:\/\/talkpal.ai\/corrections-policy\/\",\"ethicsPolicy\":\"https:\/\/talkpal.ai\/ethics-policy\/\",\"diversityPolicy\":\"https:\/\/talkpal.ai\/diversity-policy\/\",\"diversityStaffingReport\":\"https:\/\/talkpal.ai\/diversity-policy\/\"}]}<\/script>\n<!-- \/ Yoast SEO Premium plugin. -->","yoast_head_json":{"title":"\u0106wiczenia gramatyczne z j\u0119zyka macedo\u0144skiego - Talkpal","description":"Opanuj gramatyk\u0119 macedo\u0144sk\u0105 dzi\u0119ki interaktywnym \u0107wiczeniom gramatycznym z j\u0119zyka macedo\u0144skiego od TalkpalTwojego samouczka j\u0119zykowego opartego na sztucznej inteligencji.","robots":{"index":"index","follow":"follow","max-snippet":"max-snippet:-1","max-image-preview":"max-image-preview:large","max-video-preview":"max-video-preview:-1"},"canonical":"https:\/\/talkpal.ai\/pl\/cwiczenia-gramatyczne-z-jezyka-macedonskiego\/","og_locale":"pl_PL","og_type":"article","og_title":"\u0106wiczenia gramatyczne z j\u0119zyka macedo\u0144skiego","og_description":"Zagadnienia gramatyczne j\u0119zyka macedo\u0144skiego Macedo\u0144ski, j\u0119zyk po\u0142udniowos\u0142owia\u0144ski, jest j\u0119zykiem urz\u0119dowym Macedonii P\u00f3\u0142nocnej. Pos\u0142uguje si\u0119 nim ponad","og_url":"https:\/\/talkpal.ai\/pl\/cwiczenia-gramatyczne-z-jezyka-macedonskiego\/","og_site_name":"Talkpal","article_publisher":"https:\/\/www.facebook.com\/profile.php?id=100090733639311","article_modified_time":"2025-12-17T16:01:32+00:00","og_image":[{"width":512,"height":512,"url":"https:\/\/talkpal.ai\/wp-content\/uploads\/2023\/05\/republic-of-macedonia.png","type":"image\/png"}],"twitter_card":"summary_large_image","twitter_site":"@talkpalai","twitter_misc":{"Szacowany czas czytania":"3 minuty"},"schema":{"@context":"https:\/\/schema.org","@graph":[{"@type":"WebPage","@id":"https:\/\/talkpal.ai\/pl\/cwiczenia-gramatyczne-z-jezyka-macedonskiego\/","url":"https:\/\/talkpal.ai\/pl\/cwiczenia-gramatyczne-z-jezyka-macedonskiego\/","name":"\u0106wiczenia gramatyczne z j\u0119zyka macedo\u0144skiego - Talkpal","isPartOf":{"@id":"https:\/\/talkpal.ai\/pl\/#website"},"primaryImageOfPage":{"@id":"https:\/\/talkpal.ai\/pl\/cwiczenia-gramatyczne-z-jezyka-macedonskiego\/#primaryimage"},"image":{"@id":"https:\/\/talkpal.ai\/pl\/cwiczenia-gramatyczne-z-jezyka-macedonskiego\/#primaryimage"},"thumbnailUrl":"https:\/\/talkpal.ai\/wp-content\/uploads\/2023\/05\/republic-of-macedonia.png","datePublished":"2023-06-22T08:24:14+00:00","dateModified":"2025-12-17T16:01:32+00:00","description":"Opanuj gramatyk\u0119 macedo\u0144sk\u0105 dzi\u0119ki interaktywnym \u0107wiczeniom gramatycznym z j\u0119zyka macedo\u0144skiego od TalkpalTwojego samouczka j\u0119zykowego opartego na sztucznej inteligencji.","breadcrumb":{"@id":"https:\/\/talkpal.ai\/pl\/cwiczenia-gramatyczne-z-jezyka-macedonskiego\/#breadcrumb"},"inLanguage":"pl-PL","potentialAction":[{"@type":"ReadAction","target":["https:\/\/talkpal.ai\/pl\/cwiczenia-gramatyczne-z-jezyka-macedonskiego\/"]}]},{"@type":"ImageObject","inLanguage":"pl-PL","@id":"https:\/\/talkpal.ai\/pl\/cwiczenia-gramatyczne-z-jezyka-macedonskiego\/#primaryimage","url":"https:\/\/talkpal.ai\/wp-content\/uploads\/2023\/05\/republic-of-macedonia.png","contentUrl":"https:\/\/talkpal.ai\/wp-content\/uploads\/2023\/05\/republic-of-macedonia.png","width":512,"height":512},{"@type":"BreadcrumbList","@id":"https:\/\/talkpal.ai\/pl\/cwiczenia-gramatyczne-z-jezyka-macedonskiego\/#breadcrumb","itemListElement":[{"@type":"ListItem","position":1,"name":"Homepage","item":"https:\/\/talkpal.ai\/pl\/"},{"@type":"ListItem","position":2,"name":"\u0106wiczenia gramatyczne z j\u0119zyka macedo\u0144skiego"}]},{"@type":"WebSite","@id":"https:\/\/talkpal.ai\/pl\/#website","url":"https:\/\/talkpal.ai\/pl\/","name":"Talkpal","description":"AI Language Learning","publisher":{"@id":"https:\/\/talkpal.ai\/pl\/#organization"},"alternateName":"Talkpal AI","potentialAction":[{"@type":"SearchAction","target":{"@type":"EntryPoint","urlTemplate":"https:\/\/talkpal.ai\/pl\/?s={search_term_string}"},"query-input":{"@type":"PropertyValueSpecification","valueRequired":true,"valueName":"search_term_string"}}],"inLanguage":"pl-PL"},{"@type":"Organization","@id":"https:\/\/talkpal.ai\/pl\/#organization","name":"Talkpal, Inc.","alternateName":"Talkpal AI","url":"https:\/\/talkpal.ai\/pl\/","logo":{"@type":"ImageObject","inLanguage":"pl-PL","@id":"https:\/\/talkpal.ai\/pl\/#\/schema\/logo\/image\/","url":"https:\/\/talkpal.ai\/wp-content\/uploads\/2024\/03\/Talkpal-Logo-Icon.png","contentUrl":"https:\/\/talkpal.ai\/wp-content\/uploads\/2024\/03\/Talkpal-Logo-Icon.png","width":2880,"height":2880,"caption":"Talkpal, Inc."},"image":{"@id":"https:\/\/talkpal.ai\/pl\/#\/schema\/logo\/image\/"},"sameAs":["https:\/\/www.facebook.com\/profile.php?id=100090733639311","https:\/\/x.com\/talkpalai","https:\/\/www.linkedin.com\/company\/talkpal\/","https:\/\/www.youtube.com\/@TalkPal\/","https:\/\/www.tiktok.com\/@talkpal","https:\/\/www.instagram.com\/talkpal_ai\/","https:\/\/www.crunchbase.com\/organization\/talkpal-9cde","https:\/\/www.g2.com\/products\/talkpal-for-business\/","https:\/\/www.trustpilot.com\/review\/talkpal.ai","https:\/\/www.capterra.com\/p\/10006800\/TalkPal\/"],"description":"Talkpal is a language learning web and mobile education app, powered by the latest AI technologies, that provides engaging experiences to its customers in many different languages to help them improve their language skills. Users can chat about unlimited amount of topics with the app and use other modes to practice their language learning.","email":"support@talkpal.ai","legalName":"Talkpal, Inc.","foundingDate":"2023-04-03","duns":"118989042","numberOfEmployees":{"@type":"QuantitativeValue","minValue":"11","maxValue":"50"},"publishingPrinciples":"https:\/\/talkpal.ai\/publishing-principles\/","actionableFeedbackPolicy":"https:\/\/talkpal.ai\/actionable-feedback-policy\/","correctionsPolicy":"https:\/\/talkpal.ai\/corrections-policy\/","ethicsPolicy":"https:\/\/talkpal.ai\/ethics-policy\/","diversityPolicy":"https:\/\/talkpal.ai\/diversity-policy\/","diversityStaffingReport":"https:\/\/talkpal.ai\/diversity-policy\/"}]}},"_links":{"self":[{"href":"https:\/\/talkpal.ai\/pl\/wp-json\/wp\/v2\/pages\/159991","targetHints":{"allow":["GET"]}}],"collection":[{"href":"https:\/\/talkpal.ai\/pl\/wp-json\/wp\/v2\/pages"}],"about":[{"href":"https:\/\/talkpal.ai\/pl\/wp-json\/wp\/v2\/types\/page"}],"author":[{"embeddable":true,"href":"https:\/\/talkpal.ai\/pl\/wp-json\/wp\/v2\/users\/6"}],"replies":[{"embeddable":true,"href":"https:\/\/talkpal.ai\/pl\/wp-json\/wp\/v2\/comments?post=159991"}],"version-history":[{"count":0,"href":"https:\/\/talkpal.ai\/pl\/wp-json\/wp\/v2\/pages\/159991\/revisions"}],"wp:featuredmedia":[{"embeddable":true,"href":"https:\/\/talkpal.ai\/pl\/wp-json\/wp\/v2\/media\/115336"}],"wp:attachment":[{"href":"https:\/\/talkpal.ai\/pl\/wp-json\/wp\/v2\/media?parent=159991"}],"curies":[{"name":"wp","href":"https:\/\/api.w.org\/{rel}","templated":true}]}}